{"id":22011,"date":"2024-03-01T16:51:47","date_gmt":"2024-03-01T15:51:47","guid":{"rendered":"https:\/\/u15jnbdpoq.preview.infomaniak.website\/produit\/150-moldes-surtidos-para-magdalenas-tulipan-papel-sulfurizado-50-x-100-mm\/"},"modified":"2026-03-18T02:14:36","modified_gmt":"2026-03-18T01:14:36","slug":"150-moldes-surtidos-para-magdalenas-tulipan-papel-sulfurizado-50-x-100-mm","status":"publish","type":"product","link":"https:\/\/www.csj-emballages.com\/es\/produit\/150-moldes-surtidos-para-magdalenas-tulipan-papel-sulfurizado-50-x-100-mm\/","title":{"rendered":"Molde para magdalenas tulip\u00e1n papel sulfurizado 17,5 x 17,5 cm x 150"},"content":{"rendered":"<h2>Estuche para magdalenas<\/h2>\n<hr>\n<h3>Descripci\u00f3n de nuestro molde tulip\u00e1n de papel sulfurizado 50 x 100 mm, paquete de 150<\/h3>\n<p><!--more--><\/p>\n<p data-start=\"0\" data-end=\"496\">A\u00f1ada un toque de <strong data-start=\"53\" data-end=\"64\">color<\/strong> y<strong data-start=\"70\" data-end=\"82\">elegancia<\/strong> a sus creaciones con la <strong data-start=\"107\" data-end=\"179\">bandeja para magdalenas tulip\u00e1n de papel sulfurizado de 50 x 100 mm por 150<\/strong>. Ideales para realzar sus <g id=\"gid_3\">magdalenas<\/g>, <g id=\"gid_4\">muffins<\/g> u otros dulces, estas <g id=\"gid_5\">bandejas<\/g> destacan por su dise\u00f1o refinado y su calidad profesional. Gracias a su papel <strong data-start=\"360\" data-end=\"381\">antigrasa de 50 g\/m\u00b2<\/strong>, garantizan una cocci\u00f3n uniforme y una presentaci\u00f3n impecable, incluso para las recetas m\u00e1s gourmet.  <\/p>\n<p data-start=\"498\" data-end=\"981\">Dise\u00f1ados para soportar temperaturas de <strong data-start=\"523\" data-end=\"542\">-40\u00b0C a 220\u00b0C<\/strong>, pueden utilizarse en el <strong data-start=\"572\" data-end=\"587\">congelador<\/strong> o en el <strong data-start=\"591\" data-end=\"599\">horno<\/strong>, lo que le ofrece una <strong data-start=\"624\" data-end=\"639\">versatilidad<\/strong> inigualable. Su <strong data-start=\"655\" data-end=\"678\">papel antigrasa<\/strong> garantiza un f\u00e1cil desmoldado y, sobre todo, una superficie libre de manchas de aceite o mantequilla, para que sus platos luzcan lo mejor posible. Su <strong data-start=\"826\" data-end=\"842\">forma de tulip\u00e1n<\/strong> les confiere un aspecto festivo y profesional, perfecto para un buf\u00e9, un expositor de pasteler\u00eda o un evento especial.  <\/p>\n<p data-start=\"983\" data-end=\"1437\">Cada <strong>bandeja<\/strong> abierta mide <strong data-start=\"1017\" data-end=\"1035\">17,5 x 17,5 cm<\/strong>, con un di\u00e1metro en la base de <strong data-start=\"1059\" data-end=\"1067\">5 cm<\/strong> y una altura que oscila <strong data-start=\"1108\" data-end=\"1127\">entre 6,5 cm y 9,5 cm<\/strong>. Este generoso tama\u00f1o es ideal para porciones individuales, al tiempo que deja mucho espacio para preparaciones gourmet aireadas. Adem\u00e1s, el estampado de <strong data-start=\"1297\" data-end=\"1312\">lunares blancos<\/strong> sobre <strong>fondos de colores<\/strong><strong>(rosa, azul claro, kiwi y naranja<\/strong>) atrae todas las miradas y es un aut\u00e9ntico reclamo para sus creaciones dulces o saladas.  <\/p>\n<p data-start=\"1439\" data-end=\"1742\">Envasadas en paquetes de <strong data-start=\"1457\" data-end=\"1471\">150<\/strong> unidades, son perfectas para <strong data-start=\"1503\" data-end=\"1517\">pasteleros<\/strong>, <strong data-start=\"1519\" data-end=\"1532\">servicios de catering<\/strong> y aficionados a la cocina. En definitiva, con estas cajas en forma de tulip\u00e1n, cada magdalena se convierte en una peque\u00f1a obra maestra lista para seducir a los ojos antes que a las papilas gustativas. <\/p>\n<p data-start=\"1439\" data-end=\"1742\">\n<p><!--more--><\/p>\n<p><strong>Ventajas :<\/strong><\/p>\n<ul>\n<li><strong data-start=\"1958\" data-end=\"1981\">Papel sulfurizado<\/strong>: horneado limpio y desmoldado f\u00e1cil.<\/li>\n<li><strong data-start=\"2024\" data-end=\"2048\">Resistencia t\u00e9rmica<\/strong> de -40\u00b0C a 220\u00b0C.<\/li>\n<li><strong data-start=\"2073\" data-end=\"2097\">Colorido dise\u00f1o de tulipanes<\/strong> para realzar sus creaciones.<\/li>\n<li>Ideal para <strong data-start=\"2153\" data-end=\"2165\">magdalenas<\/strong> y <strong data-start=\"2169\" data-end=\"2180\">muffins<\/strong> individuales.<\/li>\n<li>Pr\u00e1ctico paquete de <strong data-start=\"2217\" data-end=\"2231\">150 piezas<\/strong> para profesionales o aficionados.<\/li>\n<\/ul>\n<p>&nbsp;<\/p>\n<p><!--more--><\/p>\n<h4>Informaci\u00f3n adicional :<\/h4>\n<ul>\n<li><strong>Envase<\/strong>: Paquete de 150<\/li>\n<li><b>Di\u00e1metro <\/b>: 5 cm<\/li>\n<li><strong>Peso<\/strong>: 50 gr \/ m\u00b2<\/li>\n<li><strong>Altura<\/strong>: 6,5 \/ 9,5 cm<\/li>\n<li><strong>Color<\/strong>: rosa \/ azul claro \/ kiwi \/ naranja<\/li>\n<li><strong>Material<\/strong>: Papel sulfurizado<\/li>\n<li><strong>Temperatura de funcionamiento<\/strong>: -40 \u00b0C \/ 220 \u00b0C<\/li>\n<\/ul>\n<p>&nbsp;<\/p>\n<p><!--more--><\/p>\n<p>Estos moldes para magdalenas tambi\u00e9n est\u00e1n disponibles en marr\u00f3n: <span style=\"color: #d12727\"><a style=\"color: #d12727\" href=\"https:\/\/www.csj-emballages.com\/produit\/200-caissettes-a-muffin-marron-ingraissable-15-x-15-cm\/\">MF150M<\/a><\/span><\/p>\n<p>&nbsp;<\/p>\n<p><!--more--><\/p>\n<p><a href=\"https:\/\/www.csj-emballages.com\/es\/categorie-produit\/envasado-de-alimentos\/panaderia-y-pasteleria\/cajas-es-3\/cajas-de-tulipanes\/\">Ver el resto de nuestra gama de estuches para magdalenas<\/a><\/p>\n","protected":false},"excerpt":{"rendered":"<p>Estuche para magdalenas Descripci\u00f3n de nuestro molde tulip\u00e1n de papel sulfurizado 50 x 100 mm, paquete de 150<\/p>\n","protected":false},"featured_media":244361,"template":"","meta":{"_acf_changed":false},"product_brand":[],"product_cat":[1145,2872],"product_tag":[],"class_list":{"0":"post-22011","1":"product","2":"type-product","3":"status-publish","4":"has-post-thumbnail","6":"product_cat-panaderia-y-pasteleria","7":"product_cat-cajas-de-tulipanes","9":"first","10":"instock","11":"sale","12":"taxable","13":"shipping-taxable","14":"purchasable","15":"product-type-simple"},"acf":[],"yoast_head":"<!-- This site is optimized with the Yoast SEO Premium plugin v26.6 (Yoast SEO v26.6) - https:\/\/yoast.com\/wordpress\/plugins\/seo\/ -->\n<title>Taza para magdalenas Tulip\u00e1n Papel sulfurizado 50 x 100 mm x 150<\/title>\n<meta name=\"description\" content=\"Molde para magdalenas Tulip\u00e1n 50 x 100 mm, paquete de 150, papel sulfurizado -40 \u00b0C a 220 \u00b0C, estilo colorido para magdalenas y cupcakes.\" \/>\n<meta name=\"robots\" content=\"index, follow, max-snippet:-1, max-image-preview:large, max-video-preview:-1\" \/>\n<link rel=\"canonical\" href=\"https:\/\/www.csj-emballages.com\/es\/produit\/150-moldes-surtidos-para-magdalenas-tulipan-papel-sulfurizado-50-x-100-mm\/\" \/>\n<meta property=\"og:locale\" content=\"es_ES\" \/>\n<meta property=\"og:type\" content=\"article\" \/>\n<meta property=\"og:title\" content=\"Molde para magdalenas tulip\u00e1n papel sulfurizado 17,5 x 17,5 cm x 150\" \/>\n<meta property=\"og:description\" content=\"Molde para magdalenas Tulip\u00e1n 50 x 100 mm, paquete de 150, papel sulfurizado -40 \u00b0C a 220 \u00b0C, estilo colorido para magdalenas y cupcakes.\" \/>\n<meta property=\"og:url\" content=\"https:\/\/www.csj-emballages.com\/es\/produit\/150-moldes-surtidos-para-magdalenas-tulipan-papel-sulfurizado-50-x-100-mm\/\" \/>\n<meta property=\"og:site_name\" content=\"CSJ Emballages\" \/>\n<meta property=\"article:publisher\" content=\"https:\/\/www.facebook.com\/csjemballages\" \/>\n<meta property=\"article:modified_time\" content=\"2026-03-18T01:14:36+00:00\" \/>\n<meta property=\"og:image\" content=\"https:\/\/www.csj-emballages.com\/wp-content\/uploads\/2024\/03\/MF175.webp\" \/>\n\t<meta property=\"og:image:width\" content=\"800\" \/>\n\t<meta property=\"og:image:height\" content=\"800\" \/>\n\t<meta property=\"og:image:type\" content=\"image\/webp\" \/>\n<meta name=\"twitter:card\" content=\"summary_large_image\" \/>\n<meta name=\"twitter:label1\" content=\"Tiempo de lectura\" \/>\n\t<meta name=\"twitter:data1\" content=\"2 minutos\" \/>\n<script type=\"application\/ld+json\" class=\"yoast-schema-graph\">{\"@context\":\"https:\/\/schema.org\",\"@graph\":[{\"@type\":\"WebPage\",\"@id\":\"https:\/\/www.csj-emballages.com\/es\/produit\/150-moldes-surtidos-para-magdalenas-tulipan-papel-sulfurizado-50-x-100-mm\/\",\"url\":\"https:\/\/www.csj-emballages.com\/es\/produit\/150-moldes-surtidos-para-magdalenas-tulipan-papel-sulfurizado-50-x-100-mm\/\",\"name\":\"Taza para magdalenas Tulip\u00e1n Papel sulfurizado 50 x 100 mm x 150\",\"isPartOf\":{\"@id\":\"https:\/\/www.csj-emballages.com\/es\/#website\"},\"primaryImageOfPage\":{\"@id\":\"https:\/\/www.csj-emballages.com\/es\/produit\/150-moldes-surtidos-para-magdalenas-tulipan-papel-sulfurizado-50-x-100-mm\/#primaryimage\"},\"image\":{\"@id\":\"https:\/\/www.csj-emballages.com\/es\/produit\/150-moldes-surtidos-para-magdalenas-tulipan-papel-sulfurizado-50-x-100-mm\/#primaryimage\"},\"thumbnailUrl\":\"https:\/\/www.csj-emballages.com\/wp-content\/uploads\/2024\/03\/MF175.webp\",\"datePublished\":\"2024-03-01T15:51:47+00:00\",\"dateModified\":\"2026-03-18T01:14:36+00:00\",\"description\":\"Molde para magdalenas Tulip\u00e1n 50 x 100 mm, paquete de 150, papel sulfurizado -40 \u00b0C a 220 \u00b0C, estilo colorido para magdalenas y cupcakes.\",\"breadcrumb\":{\"@id\":\"https:\/\/www.csj-emballages.com\/es\/produit\/150-moldes-surtidos-para-magdalenas-tulipan-papel-sulfurizado-50-x-100-mm\/#breadcrumb\"},\"inLanguage\":\"es\",\"potentialAction\":[{\"@type\":\"ReadAction\",\"target\":[\"https:\/\/www.csj-emballages.com\/es\/produit\/150-moldes-surtidos-para-magdalenas-tulipan-papel-sulfurizado-50-x-100-mm\/\"]}]},{\"@type\":\"ImageObject\",\"inLanguage\":\"es\",\"@id\":\"https:\/\/www.csj-emballages.com\/es\/produit\/150-moldes-surtidos-para-magdalenas-tulipan-papel-sulfurizado-50-x-100-mm\/#primaryimage\",\"url\":\"https:\/\/www.csj-emballages.com\/wp-content\/uploads\/2024\/03\/MF175.webp\",\"contentUrl\":\"https:\/\/www.csj-emballages.com\/wp-content\/uploads\/2024\/03\/MF175.webp\",\"width\":800,\"height\":800,\"caption\":\"Caissette \u00e0 muffin\"},{\"@type\":\"BreadcrumbList\",\"@id\":\"https:\/\/www.csj-emballages.com\/es\/produit\/150-moldes-surtidos-para-magdalenas-tulipan-papel-sulfurizado-50-x-100-mm\/#breadcrumb\",\"itemListElement\":[{\"@type\":\"ListItem\",\"position\":1,\"name\":\"Accueil\",\"item\":\"https:\/\/www.csj-emballages.com\/es\/universo-del-envasado-alimentario\/\"},{\"@type\":\"ListItem\",\"position\":2,\"name\":\"Tienda\",\"item\":\"https:\/\/www.csj-emballages.com\/tienda\/\"},{\"@type\":\"ListItem\",\"position\":3,\"name\":\"Molde para magdalenas tulip\u00e1n papel sulfurizado 17,5 x 17,5 cm x 150\"}]},{\"@type\":\"WebSite\",\"@id\":\"https:\/\/www.csj-emballages.com\/es\/#website\",\"url\":\"https:\/\/www.csj-emballages.com\/es\/\",\"name\":\"CSJ Emballages\",\"description\":\"\",\"publisher\":{\"@id\":\"https:\/\/www.csj-emballages.com\/es\/#organization\"},\"potentialAction\":[{\"@type\":\"SearchAction\",\"target\":{\"@type\":\"EntryPoint\",\"urlTemplate\":\"https:\/\/www.csj-emballages.com\/es\/?s={search_term_string}\"},\"query-input\":{\"@type\":\"PropertyValueSpecification\",\"valueRequired\":true,\"valueName\":\"search_term_string\"}}],\"inLanguage\":\"es\"},{\"@type\":\"Organization\",\"@id\":\"https:\/\/www.csj-emballages.com\/es\/#Organization\/\",\"name\":\"CSJ Emballages\",\"url\":\"https:\/\/www.csj-emballages.com\/es\/\",\"logo\":{\"@type\":\"ImageObject\",\"inLanguage\":\"es\",\"@id\":\"https:\/\/www.csj-emballages.com\/es\/#\/schema\/logo\/image\/\",\"url\":\"https:\/\/www.csj-emballages.com\/wp-content\/uploads\/2023\/10\/logo_csj.webp\",\"contentUrl\":\"https:\/\/www.csj-emballages.com\/wp-content\/uploads\/2023\/10\/logo_csj.webp\",\"width\":250,\"height\":95,\"caption\":\"CSJ Emballages\"},\"image\":{\"@id\":\"https:\/\/www.csj-emballages.com\/es\/#\/schema\/logo\/image\/\"},\"sameAs\":[\"https:\/\/www.facebook.com\/csjemballages\"],\"address\":{\"@type\":\"PostalAddress\",\"streetAddress\":\"ZI La Lechere\",\"addressLocality\":\"Patornay\",\"postalCode\":\"39130\",\"addressCountry\":\"FR\"},\"contactPoint\":[{\"@type\":\"ContactPoint\",\"contactType\":\"Service client\",\"telephone\":\"0384254272\",\"email\":\"contact@csj-emballages.com\"}]}]}<\/script>\n<!-- \/ Yoast SEO Premium plugin. -->","yoast_head_json":{"title":"Taza para magdalenas Tulip\u00e1n Papel sulfurizado 50 x 100 mm x 150","description":"Molde para magdalenas Tulip\u00e1n 50 x 100 mm, paquete de 150, papel sulfurizado -40 \u00b0C a 220 \u00b0C, estilo colorido para magdalenas y cupcakes.","robots":{"index":"index","follow":"follow","max-snippet":"max-snippet:-1","max-image-preview":"max-image-preview:large","max-video-preview":"max-video-preview:-1"},"canonical":"https:\/\/www.csj-emballages.com\/es\/produit\/150-moldes-surtidos-para-magdalenas-tulipan-papel-sulfurizado-50-x-100-mm\/","og_locale":"es_ES","og_type":"article","og_title":"Molde para magdalenas tulip\u00e1n papel sulfurizado 17,5 x 17,5 cm x 150","og_description":"Molde para magdalenas Tulip\u00e1n 50 x 100 mm, paquete de 150, papel sulfurizado -40 \u00b0C a 220 \u00b0C, estilo colorido para magdalenas y cupcakes.","og_url":"https:\/\/www.csj-emballages.com\/es\/produit\/150-moldes-surtidos-para-magdalenas-tulipan-papel-sulfurizado-50-x-100-mm\/","og_site_name":"CSJ Emballages","article_publisher":"https:\/\/www.facebook.com\/csjemballages","article_modified_time":"2026-03-18T01:14:36+00:00","og_image":[{"width":800,"height":800,"url":"https:\/\/www.csj-emballages.com\/wp-content\/uploads\/2024\/03\/MF175.webp","type":"image\/webp"}],"twitter_card":"summary_large_image","twitter_misc":{"Tiempo de lectura":"2 minutos"},"schema":{"@context":"https:\/\/schema.org","@graph":[{"@type":"WebPage","@id":"https:\/\/www.csj-emballages.com\/es\/produit\/150-moldes-surtidos-para-magdalenas-tulipan-papel-sulfurizado-50-x-100-mm\/","url":"https:\/\/www.csj-emballages.com\/es\/produit\/150-moldes-surtidos-para-magdalenas-tulipan-papel-sulfurizado-50-x-100-mm\/","name":"Taza para magdalenas Tulip\u00e1n Papel sulfurizado 50 x 100 mm x 150","isPartOf":{"@id":"https:\/\/www.csj-emballages.com\/es\/#website"},"primaryImageOfPage":{"@id":"https:\/\/www.csj-emballages.com\/es\/produit\/150-moldes-surtidos-para-magdalenas-tulipan-papel-sulfurizado-50-x-100-mm\/#primaryimage"},"image":{"@id":"https:\/\/www.csj-emballages.com\/es\/produit\/150-moldes-surtidos-para-magdalenas-tulipan-papel-sulfurizado-50-x-100-mm\/#primaryimage"},"thumbnailUrl":"https:\/\/www.csj-emballages.com\/wp-content\/uploads\/2024\/03\/MF175.webp","datePublished":"2024-03-01T15:51:47+00:00","dateModified":"2026-03-18T01:14:36+00:00","description":"Molde para magdalenas Tulip\u00e1n 50 x 100 mm, paquete de 150, papel sulfurizado -40 \u00b0C a 220 \u00b0C, estilo colorido para magdalenas y cupcakes.","breadcrumb":{"@id":"https:\/\/www.csj-emballages.com\/es\/produit\/150-moldes-surtidos-para-magdalenas-tulipan-papel-sulfurizado-50-x-100-mm\/#breadcrumb"},"inLanguage":"es","potentialAction":[{"@type":"ReadAction","target":["https:\/\/www.csj-emballages.com\/es\/produit\/150-moldes-surtidos-para-magdalenas-tulipan-papel-sulfurizado-50-x-100-mm\/"]}]},{"@type":"ImageObject","inLanguage":"es","@id":"https:\/\/www.csj-emballages.com\/es\/produit\/150-moldes-surtidos-para-magdalenas-tulipan-papel-sulfurizado-50-x-100-mm\/#primaryimage","url":"https:\/\/www.csj-emballages.com\/wp-content\/uploads\/2024\/03\/MF175.webp","contentUrl":"https:\/\/www.csj-emballages.com\/wp-content\/uploads\/2024\/03\/MF175.webp","width":800,"height":800,"caption":"Caissette \u00e0 muffin"},{"@type":"BreadcrumbList","@id":"https:\/\/www.csj-emballages.com\/es\/produit\/150-moldes-surtidos-para-magdalenas-tulipan-papel-sulfurizado-50-x-100-mm\/#breadcrumb","itemListElement":[{"@type":"ListItem","position":1,"name":"Accueil","item":"https:\/\/www.csj-emballages.com\/es\/universo-del-envasado-alimentario\/"},{"@type":"ListItem","position":2,"name":"Tienda","item":"https:\/\/www.csj-emballages.com\/tienda\/"},{"@type":"ListItem","position":3,"name":"Molde para magdalenas tulip\u00e1n papel sulfurizado 17,5 x 17,5 cm x 150"}]},{"@type":"WebSite","@id":"https:\/\/www.csj-emballages.com\/es\/#website","url":"https:\/\/www.csj-emballages.com\/es\/","name":"CSJ Emballages","description":"","publisher":{"@id":"https:\/\/www.csj-emballages.com\/es\/#organization"},"potentialAction":[{"@type":"SearchAction","target":{"@type":"EntryPoint","urlTemplate":"https:\/\/www.csj-emballages.com\/es\/?s={search_term_string}"},"query-input":{"@type":"PropertyValueSpecification","valueRequired":true,"valueName":"search_term_string"}}],"inLanguage":"es"},{"@type":"Organization","@id":"https:\/\/www.csj-emballages.com\/es\/#Organization\/","name":"CSJ Emballages","url":"https:\/\/www.csj-emballages.com\/es\/","logo":{"@type":"ImageObject","inLanguage":"es","@id":"https:\/\/www.csj-emballages.com\/es\/#\/schema\/logo\/image\/","url":"https:\/\/www.csj-emballages.com\/wp-content\/uploads\/2023\/10\/logo_csj.webp","contentUrl":"https:\/\/www.csj-emballages.com\/wp-content\/uploads\/2023\/10\/logo_csj.webp","width":250,"height":95,"caption":"CSJ Emballages"},"image":{"@id":"https:\/\/www.csj-emballages.com\/es\/#\/schema\/logo\/image\/"},"sameAs":["https:\/\/www.facebook.com\/csjemballages"],"address":{"@type":"PostalAddress","streetAddress":"ZI La Lechere","addressLocality":"Patornay","postalCode":"39130","addressCountry":"FR"},"contactPoint":[{"@type":"ContactPoint","contactType":"Service client","telephone":"0384254272","email":"contact@csj-emballages.com"}]}]}},"df_price":7.73,"df_sale_price":7.73,"df_regular_price":8.58,"df_image_link":"https:\/\/www.csj-emballages.com\/wp-content\/uploads\/2024\/03\/MF175-300x300.webp","tiered_pricing_type":"fixed","tiered_pricing_fixed_rules":[],"tiered_pricing_percentage_rules":[],"tiered_pricing_minimum":1,"tiered_pricing_roles_data":[],"_links":{"self":[{"href":"https:\/\/www.csj-emballages.com\/es\/wp-json\/wp\/v2\/product\/22011","targetHints":{"allow":["GET"]}}],"collection":[{"href":"https:\/\/www.csj-emballages.com\/es\/wp-json\/wp\/v2\/product"}],"about":[{"href":"https:\/\/www.csj-emballages.com\/es\/wp-json\/wp\/v2\/types\/product"}],"wp:featuredmedia":[{"embeddable":true,"href":"https:\/\/www.csj-emballages.com\/es\/wp-json\/wp\/v2\/media\/244361"}],"wp:attachment":[{"href":"https:\/\/www.csj-emballages.com\/es\/wp-json\/wp\/v2\/media?parent=22011"}],"wp:term":[{"taxonomy":"product_brand","embeddable":true,"href":"https:\/\/www.csj-emballages.com\/es\/wp-json\/wp\/v2\/product_brand?post=22011"},{"taxonomy":"product_cat","embeddable":true,"href":"https:\/\/www.csj-emballages.com\/es\/wp-json\/wp\/v2\/product_cat?post=22011"},{"taxonomy":"product_tag","embeddable":true,"href":"https:\/\/www.csj-emballages.com\/es\/wp-json\/wp\/v2\/product_tag?post=22011"}],"curies":[{"name":"wp","href":"https:\/\/api.w.org\/{rel}","templated":true}]}}