{"id":22004,"date":"2024-03-01T16:51:48","date_gmt":"2024-03-01T15:51:48","guid":{"rendered":"https:\/\/u15jnbdpoq.preview.infomaniak.website\/produit\/50-mascarillas-quirurgicas-azules-de-3-capas-de-alta-filtracion-con-elasticos\/"},"modified":"2026-05-01T02:13:29","modified_gmt":"2026-05-01T00:13:29","slug":"50-mascarillas-quirurgicas-azules-de-3-capas-de-alta-filtracion-con-elasticos","status":"publish","type":"product","link":"https:\/\/www.csj-emballages.com\/es\/produit\/50-mascarillas-quirurgicas-azules-de-3-capas-de-alta-filtracion-con-elasticos\/","title":{"rendered":"Mascarilla quir\u00fargica azul de 3 capas de alta filtraci\u00f3n con gomas el\u00e1sticas, pack de 50"},"content":{"rendered":"<h2 class=\"p1\">Mascarilla quir\u00fargica<\/h2>\n<hr>\n<h3>Descubra nuestra mascarilla quir\u00fargica azul de 3 capas de alta filtraci\u00f3n con gomas el\u00e1sticas, pack de 50<\/h3>\n<p><!--more--><\/p>\n<p data-start=\"216\" data-end=\"583\">Esta <strong data-start=\"219\" data-end=\"255\">mascarilla quir\u00fargica azul de 3 capas<\/strong> est\u00e1 dise\u00f1ada para ofrecer una protecci\u00f3n eficaz a la vez que resulta c\u00f3moda de llevar a diario. Gracias a su <strong data-start=\"364\" data-end=\"396\">alta capacidad de filtraci\u00f3n<\/strong>, limita la transmisi\u00f3n de part\u00edculas y permite respirar con normalidad. Es el equilibrio perfecto entre seguridad y comodidad, sobre todo si se lleva puesta durante varias horas seguidas.  <\/p>\n<p data-start=\"585\" data-end=\"965\">Su estructura de <strong data-start=\"601\" data-end=\"615\">tres capas<\/strong> permite una mejor adaptaci\u00f3n al rostro. La <strong>mascarilla quir\u00fargica<\/strong> se adapta bien a los contornos de la nariz y la boca, lo que reduce las entradas de aire por los lados. Adem\u00e1s, sus <strong data-start=\"778\" data-end=\"800\">gomas el\u00e1sticas suaves<\/strong> garantizan una sujeci\u00f3n fiable sin comprimir las orejas. Casi se olvida que se lleva puesta, lo que marca la diferencia en un entorno profesional.   <\/p>\n<p data-start=\"967\" data-end=\"1344\">Por otro lado, su <strong>cl\u00e1sico color azul<\/strong> transmite inmediatamente una imagen limpia y profesional. Es adecuada tanto para entornos m\u00e9dicos como para los sectores de la higiene, la restauraci\u00f3n, las colectividades o incluso para usos cotidianos que requieran una protecci\u00f3n reforzada. F\u00e1cil de poner y quitar, permite respetar las medidas de seguridad sin perder tiempo.  <\/p>\n<p data-start=\"1346\" data-end=\"1617\">Vendida <strong data-start=\"1352\" data-end=\"1369\">en lote de 50<\/strong>, esta mascarilla es ideal para gestionar las necesidades peri\u00f3dicas sin multiplicar los pedidos. Se almacena f\u00e1cilmente y siempre est\u00e1 lista para usar. Ya sea para un uso puntual o repetido, se integra de forma natural en los h\u00e1bitos de trabajo.  <\/p>\n<p data-start=\"1619\" data-end=\"1795\">En resumen, esta <strong>mascarilla quir\u00fargica<\/strong> combina sencillez, eficacia y comodidad. Protege sin restringir y cumple con los requisitos actuales en materia de higiene y prevenci\u00f3n. <\/p>\n<p data-start=\"1568\" data-end=\"1745\"><!--more--><\/p>\n<h4 data-start=\"1568\" data-end=\"1745\">Ventajas :<\/h4>\n<ul>\n<li data-start=\"1823\" data-end=\"1853\">Mascarilla quir\u00fargica de <strong>3 capas<\/strong>.<\/li>\n<li data-start=\"1856\" data-end=\"1875\">Alta filtraci\u00f3n.<\/li>\n<li data-start=\"1878\" data-end=\"1904\"><strong>Gomas el\u00e1sticas<\/strong> c\u00f3modas.<\/li>\n<li data-start=\"1907\" data-end=\"1935\">Buena sujeci\u00f3n en el rostro.<\/li>\n<li data-start=\"1938\" data-end=\"1972\">Adaptado a un uso profesional.<\/li>\n<li data-start=\"1975\" data-end=\"2002\">Pr\u00e1ctico lote de <strong>50 mascarillas<\/strong>.<\/li>\n<\/ul>\n<p>&nbsp;<\/p>\n<p><!--more--><\/p>\n<h4>Informaci\u00f3n adicional :<\/h4>\n<ul>\n<li><strong>Envase<\/strong>: Paquete de 50<\/li>\n<li><strong>N\u00famero de capas<\/strong>: 3<\/li>\n<li><strong>Dimensiones<\/strong>: 95 x 175 mm<\/li>\n<li><strong>Material<\/strong>: Polipropileno no tejido<\/li>\n<\/ul>\n<p>&nbsp;<\/p>\n<p><!--more--><\/p>\n<p>Encuentre aqu\u00ed nuestra semim\u00e1scara filtrante blanca con carcasa: <span style=\"color: #d12727;\"><a style=\"color: #d12727;\" href=\"https:\/\/www.csj-emballages.com\/produit\/1-masque-blanc-type-modele-kn95\/?_gl=1*1om9m9x*_up*MQ..*_ga*MTk4MDE3NTE0Ny4xNzY5NjkzMzEz*_ga_YNVJLRSSZT*czE3Njk2OTMzMTIkbzEkZzAkdDE3Njk2OTQwMzkkajYwJGwwJGgxNzc3NTg0ODg0\"><span style=\"color: #d12727;\">MASQFFP2<\/span><\/a><\/span><\/p>\n<p>&nbsp;<\/p>\n<p><!--more--><\/p>\n<p><a href=\"https:\/\/www.csj-emballages.com\/categorie-produit\/hygiene-et-entretiens\/equipements-individuels\/masques\/?_gl=1*v3bgse*_up*MQ..*_ga*MTk4MDE3NTE0Ny4xNzY5NjkzMzEz*_ga_YNVJLRSSZT*czE3Njk2OTMzMTIkbzEkZzAkdDE3Njk2OTMzNjYkajYkbDAkaDE3Nzc1ODQ4ODQ.\">Consulte el resto de nuestra gama de mascarillas<\/a><\/p>\n<p>&nbsp;<\/p>\n","protected":false},"excerpt":{"rendered":"<p>Mascarilla quir\u00fargica Descubra nuestra mascarilla quir\u00fargica azul de 3 capas de alta filtraci\u00f3n con gomas el\u00e1sticas, pack de 50<\/p>\n","protected":false},"featured_media":262789,"template":"","meta":{"_acf_changed":false},"product_brand":[],"product_cat":[1226,2325,2869],"product_tag":[],"class_list":{"0":"post-22004","1":"product","2":"type-product","3":"status-publish","4":"has-post-thumbnail","6":"product_cat-higiene-y-mantenimiento","7":"product_cat-equipamiento-individual","8":"product_cat-mascaras-es","10":"first","11":"outofstock","12":"taxable","13":"shipping-taxable","14":"purchasable","15":"product-type-simple"},"acf":[],"yoast_head":"<!-- This site is optimized with the Yoast SEO Premium plugin v26.6 (Yoast SEO v26.6) - https:\/\/yoast.com\/wordpress\/plugins\/seo\/ -->\n<title>Mascarilla Quir\u00fargica Azul de 3 Capas de Alta Filtraci\u00f3n con Gomas El\u00e1sticas, pack de 50<\/title>\n<meta name=\"description\" content=\"Mascarilla quir\u00fargica azul de 3 capas de alta filtraci\u00f3n, con gomas el\u00e1sticas c\u00f3modas. Se vende en packs de 50, ideal para la higiene y la protecci\u00f3n diaria.\" \/>\n<meta name=\"robots\" content=\"index, follow, max-snippet:-1, max-image-preview:large, max-video-preview:-1\" \/>\n<link rel=\"canonical\" href=\"https:\/\/www.csj-emballages.com\/es\/produit\/50-mascarillas-quirurgicas-azules-de-3-capas-de-alta-filtracion-con-elasticos\/\" \/>\n<meta property=\"og:locale\" content=\"es_ES\" \/>\n<meta property=\"og:type\" content=\"article\" \/>\n<meta property=\"og:title\" content=\"Mascarilla quir\u00fargica azul de 3 capas de alta filtraci\u00f3n con gomas el\u00e1sticas, pack de 50\" \/>\n<meta property=\"og:description\" content=\"Mascarilla quir\u00fargica azul de 3 capas de alta filtraci\u00f3n, con gomas el\u00e1sticas c\u00f3modas. Se vende en packs de 50, ideal para la higiene y la protecci\u00f3n diaria.\" \/>\n<meta property=\"og:url\" content=\"https:\/\/www.csj-emballages.com\/es\/produit\/50-mascarillas-quirurgicas-azules-de-3-capas-de-alta-filtracion-con-elasticos\/\" \/>\n<meta property=\"og:site_name\" content=\"CSJ Emballages\" \/>\n<meta property=\"article:publisher\" content=\"https:\/\/www.facebook.com\/csjemballages\" \/>\n<meta property=\"article:modified_time\" content=\"2026-05-01T00:13:29+00:00\" \/>\n<meta property=\"og:image\" content=\"https:\/\/www.csj-emballages.com\/wp-content\/uploads\/2024\/03\/masque-chirurgical.webp\" \/>\n\t<meta property=\"og:image:width\" content=\"800\" \/>\n\t<meta property=\"og:image:height\" content=\"800\" \/>\n\t<meta property=\"og:image:type\" content=\"image\/webp\" \/>\n<meta name=\"twitter:card\" content=\"summary_large_image\" \/>\n<meta name=\"twitter:label1\" content=\"Tiempo de lectura\" \/>\n\t<meta name=\"twitter:data1\" content=\"2 minutos\" \/>\n<script type=\"application\/ld+json\" class=\"yoast-schema-graph\">{\"@context\":\"https:\/\/schema.org\",\"@graph\":[{\"@type\":\"WebPage\",\"@id\":\"https:\/\/www.csj-emballages.com\/es\/produit\/50-mascarillas-quirurgicas-azules-de-3-capas-de-alta-filtracion-con-elasticos\/\",\"url\":\"https:\/\/www.csj-emballages.com\/es\/produit\/50-mascarillas-quirurgicas-azules-de-3-capas-de-alta-filtracion-con-elasticos\/\",\"name\":\"Mascarilla Quir\u00fargica Azul de 3 Capas de Alta Filtraci\u00f3n con Gomas El\u00e1sticas, pack de 50\",\"isPartOf\":{\"@id\":\"https:\/\/www.csj-emballages.com\/es\/#website\"},\"primaryImageOfPage\":{\"@id\":\"https:\/\/www.csj-emballages.com\/es\/produit\/50-mascarillas-quirurgicas-azules-de-3-capas-de-alta-filtracion-con-elasticos\/#primaryimage\"},\"image\":{\"@id\":\"https:\/\/www.csj-emballages.com\/es\/produit\/50-mascarillas-quirurgicas-azules-de-3-capas-de-alta-filtracion-con-elasticos\/#primaryimage\"},\"thumbnailUrl\":\"https:\/\/www.csj-emballages.com\/wp-content\/uploads\/2024\/03\/masque-chirurgical.webp\",\"datePublished\":\"2024-03-01T15:51:48+00:00\",\"dateModified\":\"2026-05-01T00:13:29+00:00\",\"description\":\"Mascarilla quir\u00fargica azul de 3 capas de alta filtraci\u00f3n, con gomas el\u00e1sticas c\u00f3modas. Se vende en packs de 50, ideal para la higiene y la protecci\u00f3n diaria.\",\"breadcrumb\":{\"@id\":\"https:\/\/www.csj-emballages.com\/es\/produit\/50-mascarillas-quirurgicas-azules-de-3-capas-de-alta-filtracion-con-elasticos\/#breadcrumb\"},\"inLanguage\":\"es\",\"potentialAction\":[{\"@type\":\"ReadAction\",\"target\":[\"https:\/\/www.csj-emballages.com\/es\/produit\/50-mascarillas-quirurgicas-azules-de-3-capas-de-alta-filtracion-con-elasticos\/\"]}]},{\"@type\":\"ImageObject\",\"inLanguage\":\"es\",\"@id\":\"https:\/\/www.csj-emballages.com\/es\/produit\/50-mascarillas-quirurgicas-azules-de-3-capas-de-alta-filtracion-con-elasticos\/#primaryimage\",\"url\":\"https:\/\/www.csj-emballages.com\/wp-content\/uploads\/2024\/03\/masque-chirurgical.webp\",\"contentUrl\":\"https:\/\/www.csj-emballages.com\/wp-content\/uploads\/2024\/03\/masque-chirurgical.webp\",\"width\":800,\"height\":800,\"caption\":\"Masque chirurgical\"},{\"@type\":\"BreadcrumbList\",\"@id\":\"https:\/\/www.csj-emballages.com\/es\/produit\/50-mascarillas-quirurgicas-azules-de-3-capas-de-alta-filtracion-con-elasticos\/#breadcrumb\",\"itemListElement\":[{\"@type\":\"ListItem\",\"position\":1,\"name\":\"Accueil\",\"item\":\"https:\/\/www.csj-emballages.com\/es\/universo-del-envasado-alimentario\/\"},{\"@type\":\"ListItem\",\"position\":2,\"name\":\"Tienda\",\"item\":\"https:\/\/www.csj-emballages.com\/tienda\/\"},{\"@type\":\"ListItem\",\"position\":3,\"name\":\"Mascarilla quir\u00fargica azul de 3 capas de alta filtraci\u00f3n con gomas el\u00e1sticas, pack de 50\"}]},{\"@type\":\"WebSite\",\"@id\":\"https:\/\/www.csj-emballages.com\/es\/#website\",\"url\":\"https:\/\/www.csj-emballages.com\/es\/\",\"name\":\"CSJ Emballages\",\"description\":\"\",\"publisher\":{\"@id\":\"https:\/\/www.csj-emballages.com\/es\/#organization\"},\"potentialAction\":[{\"@type\":\"SearchAction\",\"target\":{\"@type\":\"EntryPoint\",\"urlTemplate\":\"https:\/\/www.csj-emballages.com\/es\/?s={search_term_string}\"},\"query-input\":{\"@type\":\"PropertyValueSpecification\",\"valueRequired\":true,\"valueName\":\"search_term_string\"}}],\"inLanguage\":\"es\"},{\"@type\":\"Organization\",\"@id\":\"https:\/\/www.csj-emballages.com\/es\/#Organization\/\",\"name\":\"CSJ Emballages\",\"url\":\"https:\/\/www.csj-emballages.com\/es\/\",\"logo\":{\"@type\":\"ImageObject\",\"inLanguage\":\"es\",\"@id\":\"https:\/\/www.csj-emballages.com\/es\/#\/schema\/logo\/image\/\",\"url\":\"https:\/\/www.csj-emballages.com\/wp-content\/uploads\/2023\/10\/logo_csj.webp\",\"contentUrl\":\"https:\/\/www.csj-emballages.com\/wp-content\/uploads\/2023\/10\/logo_csj.webp\",\"width\":250,\"height\":95,\"caption\":\"CSJ Emballages\"},\"image\":{\"@id\":\"https:\/\/www.csj-emballages.com\/es\/#\/schema\/logo\/image\/\"},\"sameAs\":[\"https:\/\/www.facebook.com\/csjemballages\"],\"address\":{\"@type\":\"PostalAddress\",\"streetAddress\":\"ZI La Lechere\",\"addressLocality\":\"Patornay\",\"postalCode\":\"39130\",\"addressCountry\":\"FR\"},\"contactPoint\":[{\"@type\":\"ContactPoint\",\"contactType\":\"Service client\",\"telephone\":\"0384254272\",\"email\":\"contact@csj-emballages.com\"}]}]}<\/script>\n<!-- \/ Yoast SEO Premium plugin. -->","yoast_head_json":{"title":"Mascarilla Quir\u00fargica Azul de 3 Capas de Alta Filtraci\u00f3n con Gomas El\u00e1sticas, pack de 50","description":"Mascarilla quir\u00fargica azul de 3 capas de alta filtraci\u00f3n, con gomas el\u00e1sticas c\u00f3modas. Se vende en packs de 50, ideal para la higiene y la protecci\u00f3n diaria.","robots":{"index":"index","follow":"follow","max-snippet":"max-snippet:-1","max-image-preview":"max-image-preview:large","max-video-preview":"max-video-preview:-1"},"canonical":"https:\/\/www.csj-emballages.com\/es\/produit\/50-mascarillas-quirurgicas-azules-de-3-capas-de-alta-filtracion-con-elasticos\/","og_locale":"es_ES","og_type":"article","og_title":"Mascarilla quir\u00fargica azul de 3 capas de alta filtraci\u00f3n con gomas el\u00e1sticas, pack de 50","og_description":"Mascarilla quir\u00fargica azul de 3 capas de alta filtraci\u00f3n, con gomas el\u00e1sticas c\u00f3modas. Se vende en packs de 50, ideal para la higiene y la protecci\u00f3n diaria.","og_url":"https:\/\/www.csj-emballages.com\/es\/produit\/50-mascarillas-quirurgicas-azules-de-3-capas-de-alta-filtracion-con-elasticos\/","og_site_name":"CSJ Emballages","article_publisher":"https:\/\/www.facebook.com\/csjemballages","article_modified_time":"2026-05-01T00:13:29+00:00","og_image":[{"width":800,"height":800,"url":"https:\/\/www.csj-emballages.com\/wp-content\/uploads\/2024\/03\/masque-chirurgical.webp","type":"image\/webp"}],"twitter_card":"summary_large_image","twitter_misc":{"Tiempo de lectura":"2 minutos"},"schema":{"@context":"https:\/\/schema.org","@graph":[{"@type":"WebPage","@id":"https:\/\/www.csj-emballages.com\/es\/produit\/50-mascarillas-quirurgicas-azules-de-3-capas-de-alta-filtracion-con-elasticos\/","url":"https:\/\/www.csj-emballages.com\/es\/produit\/50-mascarillas-quirurgicas-azules-de-3-capas-de-alta-filtracion-con-elasticos\/","name":"Mascarilla Quir\u00fargica Azul de 3 Capas de Alta Filtraci\u00f3n con Gomas El\u00e1sticas, pack de 50","isPartOf":{"@id":"https:\/\/www.csj-emballages.com\/es\/#website"},"primaryImageOfPage":{"@id":"https:\/\/www.csj-emballages.com\/es\/produit\/50-mascarillas-quirurgicas-azules-de-3-capas-de-alta-filtracion-con-elasticos\/#primaryimage"},"image":{"@id":"https:\/\/www.csj-emballages.com\/es\/produit\/50-mascarillas-quirurgicas-azules-de-3-capas-de-alta-filtracion-con-elasticos\/#primaryimage"},"thumbnailUrl":"https:\/\/www.csj-emballages.com\/wp-content\/uploads\/2024\/03\/masque-chirurgical.webp","datePublished":"2024-03-01T15:51:48+00:00","dateModified":"2026-05-01T00:13:29+00:00","description":"Mascarilla quir\u00fargica azul de 3 capas de alta filtraci\u00f3n, con gomas el\u00e1sticas c\u00f3modas. Se vende en packs de 50, ideal para la higiene y la protecci\u00f3n diaria.","breadcrumb":{"@id":"https:\/\/www.csj-emballages.com\/es\/produit\/50-mascarillas-quirurgicas-azules-de-3-capas-de-alta-filtracion-con-elasticos\/#breadcrumb"},"inLanguage":"es","potentialAction":[{"@type":"ReadAction","target":["https:\/\/www.csj-emballages.com\/es\/produit\/50-mascarillas-quirurgicas-azules-de-3-capas-de-alta-filtracion-con-elasticos\/"]}]},{"@type":"ImageObject","inLanguage":"es","@id":"https:\/\/www.csj-emballages.com\/es\/produit\/50-mascarillas-quirurgicas-azules-de-3-capas-de-alta-filtracion-con-elasticos\/#primaryimage","url":"https:\/\/www.csj-emballages.com\/wp-content\/uploads\/2024\/03\/masque-chirurgical.webp","contentUrl":"https:\/\/www.csj-emballages.com\/wp-content\/uploads\/2024\/03\/masque-chirurgical.webp","width":800,"height":800,"caption":"Masque chirurgical"},{"@type":"BreadcrumbList","@id":"https:\/\/www.csj-emballages.com\/es\/produit\/50-mascarillas-quirurgicas-azules-de-3-capas-de-alta-filtracion-con-elasticos\/#breadcrumb","itemListElement":[{"@type":"ListItem","position":1,"name":"Accueil","item":"https:\/\/www.csj-emballages.com\/es\/universo-del-envasado-alimentario\/"},{"@type":"ListItem","position":2,"name":"Tienda","item":"https:\/\/www.csj-emballages.com\/tienda\/"},{"@type":"ListItem","position":3,"name":"Mascarilla quir\u00fargica azul de 3 capas de alta filtraci\u00f3n con gomas el\u00e1sticas, pack de 50"}]},{"@type":"WebSite","@id":"https:\/\/www.csj-emballages.com\/es\/#website","url":"https:\/\/www.csj-emballages.com\/es\/","name":"CSJ Emballages","description":"","publisher":{"@id":"https:\/\/www.csj-emballages.com\/es\/#organization"},"potentialAction":[{"@type":"SearchAction","target":{"@type":"EntryPoint","urlTemplate":"https:\/\/www.csj-emballages.com\/es\/?s={search_term_string}"},"query-input":{"@type":"PropertyValueSpecification","valueRequired":true,"valueName":"search_term_string"}}],"inLanguage":"es"},{"@type":"Organization","@id":"https:\/\/www.csj-emballages.com\/es\/#Organization\/","name":"CSJ Emballages","url":"https:\/\/www.csj-emballages.com\/es\/","logo":{"@type":"ImageObject","inLanguage":"es","@id":"https:\/\/www.csj-emballages.com\/es\/#\/schema\/logo\/image\/","url":"https:\/\/www.csj-emballages.com\/wp-content\/uploads\/2023\/10\/logo_csj.webp","contentUrl":"https:\/\/www.csj-emballages.com\/wp-content\/uploads\/2023\/10\/logo_csj.webp","width":250,"height":95,"caption":"CSJ Emballages"},"image":{"@id":"https:\/\/www.csj-emballages.com\/es\/#\/schema\/logo\/image\/"},"sameAs":["https:\/\/www.facebook.com\/csjemballages"],"address":{"@type":"PostalAddress","streetAddress":"ZI La Lechere","addressLocality":"Patornay","postalCode":"39130","addressCountry":"FR"},"contactPoint":[{"@type":"ContactPoint","contactType":"Service client","telephone":"0384254272","email":"contact@csj-emballages.com"}]}]}},"df_price":1.5,"df_sale_price":"","df_regular_price":1.5,"df_image_link":"https:\/\/www.csj-emballages.com\/wp-content\/uploads\/2024\/03\/masque-chirurgical-300x300.webp","tiered_pricing_type":"fixed","tiered_pricing_fixed_rules":[],"tiered_pricing_percentage_rules":[],"tiered_pricing_minimum":1,"tiered_pricing_roles_data":[],"_links":{"self":[{"href":"https:\/\/www.csj-emballages.com\/es\/wp-json\/wp\/v2\/product\/22004","targetHints":{"allow":["GET"]}}],"collection":[{"href":"https:\/\/www.csj-emballages.com\/es\/wp-json\/wp\/v2\/product"}],"about":[{"href":"https:\/\/www.csj-emballages.com\/es\/wp-json\/wp\/v2\/types\/product"}],"wp:featuredmedia":[{"embeddable":true,"href":"https:\/\/www.csj-emballages.com\/es\/wp-json\/wp\/v2\/media\/262789"}],"wp:attachment":[{"href":"https:\/\/www.csj-emballages.com\/es\/wp-json\/wp\/v2\/media?parent=22004"}],"wp:term":[{"taxonomy":"product_brand","embeddable":true,"href":"https:\/\/www.csj-emballages.com\/es\/wp-json\/wp\/v2\/product_brand?post=22004"},{"taxonomy":"product_cat","embeddable":true,"href":"https:\/\/www.csj-emballages.com\/es\/wp-json\/wp\/v2\/product_cat?post=22004"},{"taxonomy":"product_tag","embeddable":true,"href":"https:\/\/www.csj-emballages.com\/es\/wp-json\/wp\/v2\/product_tag?post=22004"}],"curies":[{"name":"wp","href":"https:\/\/api.w.org\/{rel}","templated":true}]}}