{"id":21998,"date":"2024-03-01T16:51:49","date_gmt":"2024-03-01T15:51:49","guid":{"rendered":"https:\/\/u15jnbdpoq.preview.infomaniak.website\/produit\/100-punos-azules-de-polietileno-de-alta-densidad-talla-unica\/"},"modified":"2026-03-12T16:29:13","modified_gmt":"2026-03-12T15:29:13","slug":"100-punos-azules-de-polietileno-de-alta-densidad-talla-unica","status":"publish","type":"product","link":"https:\/\/www.csj-emballages.com\/es\/produit\/100-punos-azules-de-polietileno-de-alta-densidad-talla-unica\/","title":{"rendered":"Manguito azul PE talla \u00fanica, paquete de 100"},"content":{"rendered":"<h2>Manguito azul<\/h2>\n<hr>\n<h3>Descubra nuestro manguito azul PE talla \u00fanica, paquete de 100<\/h3>\n<p><!--more--><\/p>\n<p data-start=\"252\" data-end=\"644\">En entornos donde la higiene es esencial, este <strong data-start=\"312\" data-end=\"352\">manguito azul de polietileno (PE)<\/strong> se convierte r\u00e1pidamente en un aliado diario. Protege eficazmente los antebrazos contra proyecciones, salpicaduras y suciedad, a la vez que es f\u00e1cil de poner. Una vez colocado, cubre bien el brazo y limita el contacto directo con las superficies o los productos manipulados.  <\/p>\n<p data-start=\"646\" data-end=\"1005\">Gracias a su <strong data-start=\"657\" data-end=\"674\">talla \u00fanica<\/strong>, se adapta f\u00e1cilmente a todas las morfolog\u00edas. Los el\u00e1sticos en los extremos aseguran una buena sujeci\u00f3n sin apretar, lo que permite trabajar c\u00f3modamente, incluso durante un largo per\u00edodo de tiempo. Adem\u00e1s, su material ligero ofrece una verdadera libertad de movimiento, indispensable en profesiones donde los gestos son r\u00e1pidos y repetitivos.  <\/p>\n<p data-start=\"1007\" data-end=\"1323\">Este manguito encaja perfectamente en los sectores agroalimentario, de la restauraci\u00f3n, de la limpieza, de la salud o incluso de la industria. Permite reforzar los protocolos de higiene a la vez que sigue siendo pr\u00e1ctico y r\u00e1pido de usar. En cuesti\u00f3n de segundos, estar\u00e1 protegido, sin perder tiempo.  <\/p>\n<p data-start=\"1325\" data-end=\"1560\">Vendido <strong data-start=\"1332\" data-end=\"1350\">en lote de 100<\/strong>, facilita la gesti\u00f3n de existencias y responde a las necesidades de un uso regular. Es una soluci\u00f3n sencilla, eficaz y econ\u00f3mica para mantener un entorno de trabajo limpio y seguro, d\u00eda tras d\u00eda. <\/p>\n<p data-start=\"1562\" data-end=\"1717\">En resumen, este manguito azul PE ofrece una protecci\u00f3n espec\u00edfica, sin restricciones, para trabajar con m\u00e1s tranquilidad y respetando las normas de higiene.<\/p>\n<p data-start=\"1562\" data-end=\"1717\">\n<p data-start=\"1562\" data-end=\"1717\"><!--more--><\/p>\n<h4 data-start=\"1562\" data-end=\"1717\">Ventajas :<\/h4>\n<ul>\n<li data-start=\"1745\" data-end=\"1782\">Protecci\u00f3n eficaz de los antebrazos.<\/li>\n<li data-start=\"1785\" data-end=\"1820\">Material PE ligero e impermeable.<\/li>\n<li data-start=\"1823\" data-end=\"1867\">Talla \u00fanica con el\u00e1sticos de sujeci\u00f3n.<\/li>\n<li data-start=\"1870\" data-end=\"1899\">F\u00e1cil y r\u00e1pido de poner.<\/li>\n<li data-start=\"1902\" data-end=\"1950\">Adaptado a numerosos sectores profesionales.<\/li>\n<li data-start=\"1953\" data-end=\"1996\">Lote de 100 pr\u00e1ctico para un uso intensivo.<\/li>\n<\/ul>\n<p>&nbsp;<\/p>\n<p><!--more--><\/p>\n<h4>Informaci\u00f3n adicional :<\/h4>\n<ul>\n<li><strong>Embalaje<\/strong>: Paquete de 100<\/li>\n<li><strong>Dimensiones<\/strong>: Talla \u00fanica (20 x 37 cm)<\/li>\n<li><strong>Color<\/strong>: Azul<\/li>\n<li><strong>Grosor<\/strong>: 15\u03bc<\/li>\n<li><strong>Material<\/strong>: PE<\/li>\n<\/ul>\n<p>&nbsp;<\/p>\n<p><!--more--><\/p>\n<p><a href=\"https:\/\/www.csj-emballages.com\/es\/categorie-produit\/higiene-y-mantenimiento\/equipamiento-individual\/\">Consulte el resto de nuestra gama de equipos individuales<\/a><\/p>\n","protected":false},"excerpt":{"rendered":"<p>Manguito azul Descubra nuestro manguito azul PE talla \u00fanica, paquete de 100<\/p>\n","protected":false},"featured_media":259892,"template":"","meta":{"_acf_changed":false},"product_brand":[],"product_cat":[1226,2325,2864],"product_tag":[],"class_list":{"0":"post-21998","1":"product","2":"type-product","3":"status-publish","4":"has-post-thumbnail","6":"product_cat-higiene-y-mantenimiento","7":"product_cat-equipamiento-individual","8":"product_cat-mangas-es","10":"first","11":"instock","12":"taxable","13":"shipping-taxable","14":"purchasable","15":"product-type-simple"},"acf":[],"yoast_head":"<!-- This site is optimized with the Yoast SEO Premium plugin v26.6 (Yoast SEO v26.6) - https:\/\/yoast.com\/wordpress\/plugins\/seo\/ -->\n<title>Manguito Azul PE Talla \u00danica, paquete de 100<\/title>\n<meta name=\"description\" content=\"Manguito azul PE talla \u00fanica, paquete de 100: protege eficazmente los antebrazos, f\u00e1cil de poner, ideal para la higiene en el entorno profesional.\" \/>\n<meta name=\"robots\" content=\"index, follow, max-snippet:-1, max-image-preview:large, max-video-preview:-1\" \/>\n<link rel=\"canonical\" href=\"https:\/\/www.csj-emballages.com\/es\/produit\/100-punos-azules-de-polietileno-de-alta-densidad-talla-unica\/\" \/>\n<meta property=\"og:locale\" content=\"es_ES\" \/>\n<meta property=\"og:type\" content=\"article\" \/>\n<meta property=\"og:title\" content=\"Manguito azul PE talla \u00fanica, paquete de 100\" \/>\n<meta property=\"og:description\" content=\"Manguito azul PE talla \u00fanica, paquete de 100: protege eficazmente los antebrazos, f\u00e1cil de poner, ideal para la higiene en el entorno profesional.\" \/>\n<meta property=\"og:url\" content=\"https:\/\/www.csj-emballages.com\/es\/produit\/100-punos-azules-de-polietileno-de-alta-densidad-talla-unica\/\" \/>\n<meta property=\"og:site_name\" content=\"CSJ Emballages\" \/>\n<meta property=\"article:publisher\" content=\"https:\/\/www.facebook.com\/csjemballages\" \/>\n<meta property=\"article:modified_time\" content=\"2026-03-12T15:29:13+00:00\" \/>\n<meta property=\"og:image\" content=\"https:\/\/www.csj-emballages.com\/wp-content\/uploads\/2024\/03\/0712830.webp\" \/>\n\t<meta property=\"og:image:width\" content=\"800\" \/>\n\t<meta property=\"og:image:height\" content=\"800\" \/>\n\t<meta property=\"og:image:type\" content=\"image\/webp\" \/>\n<meta name=\"twitter:card\" content=\"summary_large_image\" \/>\n<meta name=\"twitter:label1\" content=\"Tiempo de lectura\" \/>\n\t<meta name=\"twitter:data1\" content=\"2 minutos\" \/>\n<script type=\"application\/ld+json\" class=\"yoast-schema-graph\">{\"@context\":\"https:\/\/schema.org\",\"@graph\":[{\"@type\":\"WebPage\",\"@id\":\"https:\/\/www.csj-emballages.com\/es\/produit\/100-punos-azules-de-polietileno-de-alta-densidad-talla-unica\/\",\"url\":\"https:\/\/www.csj-emballages.com\/es\/produit\/100-punos-azules-de-polietileno-de-alta-densidad-talla-unica\/\",\"name\":\"Manguito Azul PE Talla \u00danica, paquete de 100\",\"isPartOf\":{\"@id\":\"https:\/\/www.csj-emballages.com\/es\/#website\"},\"primaryImageOfPage\":{\"@id\":\"https:\/\/www.csj-emballages.com\/es\/produit\/100-punos-azules-de-polietileno-de-alta-densidad-talla-unica\/#primaryimage\"},\"image\":{\"@id\":\"https:\/\/www.csj-emballages.com\/es\/produit\/100-punos-azules-de-polietileno-de-alta-densidad-talla-unica\/#primaryimage\"},\"thumbnailUrl\":\"https:\/\/www.csj-emballages.com\/wp-content\/uploads\/2024\/03\/0712830.webp\",\"datePublished\":\"2024-03-01T15:51:49+00:00\",\"dateModified\":\"2026-03-12T15:29:13+00:00\",\"description\":\"Manguito azul PE talla \u00fanica, paquete de 100: protege eficazmente los antebrazos, f\u00e1cil de poner, ideal para la higiene en el entorno profesional.\",\"breadcrumb\":{\"@id\":\"https:\/\/www.csj-emballages.com\/es\/produit\/100-punos-azules-de-polietileno-de-alta-densidad-talla-unica\/#breadcrumb\"},\"inLanguage\":\"es\",\"potentialAction\":[{\"@type\":\"ReadAction\",\"target\":[\"https:\/\/www.csj-emballages.com\/es\/produit\/100-punos-azules-de-polietileno-de-alta-densidad-talla-unica\/\"]}]},{\"@type\":\"ImageObject\",\"inLanguage\":\"es\",\"@id\":\"https:\/\/www.csj-emballages.com\/es\/produit\/100-punos-azules-de-polietileno-de-alta-densidad-talla-unica\/#primaryimage\",\"url\":\"https:\/\/www.csj-emballages.com\/wp-content\/uploads\/2024\/03\/0712830.webp\",\"contentUrl\":\"https:\/\/www.csj-emballages.com\/wp-content\/uploads\/2024\/03\/0712830.webp\",\"width\":800,\"height\":800,\"caption\":\"Manchette bleu\"},{\"@type\":\"BreadcrumbList\",\"@id\":\"https:\/\/www.csj-emballages.com\/es\/produit\/100-punos-azules-de-polietileno-de-alta-densidad-talla-unica\/#breadcrumb\",\"itemListElement\":[{\"@type\":\"ListItem\",\"position\":1,\"name\":\"Accueil\",\"item\":\"https:\/\/www.csj-emballages.com\/es\/universo-del-envasado-alimentario\/\"},{\"@type\":\"ListItem\",\"position\":2,\"name\":\"Tienda\",\"item\":\"https:\/\/www.csj-emballages.com\/tienda\/\"},{\"@type\":\"ListItem\",\"position\":3,\"name\":\"Manguito azul PE talla \u00fanica, paquete de 100\"}]},{\"@type\":\"WebSite\",\"@id\":\"https:\/\/www.csj-emballages.com\/es\/#website\",\"url\":\"https:\/\/www.csj-emballages.com\/es\/\",\"name\":\"CSJ Emballages\",\"description\":\"\",\"publisher\":{\"@id\":\"https:\/\/www.csj-emballages.com\/es\/#organization\"},\"potentialAction\":[{\"@type\":\"SearchAction\",\"target\":{\"@type\":\"EntryPoint\",\"urlTemplate\":\"https:\/\/www.csj-emballages.com\/es\/?s={search_term_string}\"},\"query-input\":{\"@type\":\"PropertyValueSpecification\",\"valueRequired\":true,\"valueName\":\"search_term_string\"}}],\"inLanguage\":\"es\"},{\"@type\":\"Organization\",\"@id\":\"https:\/\/www.csj-emballages.com\/es\/#Organization\/\",\"name\":\"CSJ Emballages\",\"url\":\"https:\/\/www.csj-emballages.com\/es\/\",\"logo\":{\"@type\":\"ImageObject\",\"inLanguage\":\"es\",\"@id\":\"https:\/\/www.csj-emballages.com\/es\/#\/schema\/logo\/image\/\",\"url\":\"https:\/\/www.csj-emballages.com\/wp-content\/uploads\/2023\/10\/logo_csj.webp\",\"contentUrl\":\"https:\/\/www.csj-emballages.com\/wp-content\/uploads\/2023\/10\/logo_csj.webp\",\"width\":250,\"height\":95,\"caption\":\"CSJ Emballages\"},\"image\":{\"@id\":\"https:\/\/www.csj-emballages.com\/es\/#\/schema\/logo\/image\/\"},\"sameAs\":[\"https:\/\/www.facebook.com\/csjemballages\"],\"address\":{\"@type\":\"PostalAddress\",\"streetAddress\":\"ZI La Lechere\",\"addressLocality\":\"Patornay\",\"postalCode\":\"39130\",\"addressCountry\":\"FR\"},\"contactPoint\":[{\"@type\":\"ContactPoint\",\"contactType\":\"Service client\",\"telephone\":\"0384254272\",\"email\":\"contact@csj-emballages.com\"}]}]}<\/script>\n<!-- \/ Yoast SEO Premium plugin. -->","yoast_head_json":{"title":"Manguito Azul PE Talla \u00danica, paquete de 100","description":"Manguito azul PE talla \u00fanica, paquete de 100: protege eficazmente los antebrazos, f\u00e1cil de poner, ideal para la higiene en el entorno profesional.","robots":{"index":"index","follow":"follow","max-snippet":"max-snippet:-1","max-image-preview":"max-image-preview:large","max-video-preview":"max-video-preview:-1"},"canonical":"https:\/\/www.csj-emballages.com\/es\/produit\/100-punos-azules-de-polietileno-de-alta-densidad-talla-unica\/","og_locale":"es_ES","og_type":"article","og_title":"Manguito azul PE talla \u00fanica, paquete de 100","og_description":"Manguito azul PE talla \u00fanica, paquete de 100: protege eficazmente los antebrazos, f\u00e1cil de poner, ideal para la higiene en el entorno profesional.","og_url":"https:\/\/www.csj-emballages.com\/es\/produit\/100-punos-azules-de-polietileno-de-alta-densidad-talla-unica\/","og_site_name":"CSJ Emballages","article_publisher":"https:\/\/www.facebook.com\/csjemballages","article_modified_time":"2026-03-12T15:29:13+00:00","og_image":[{"width":800,"height":800,"url":"https:\/\/www.csj-emballages.com\/wp-content\/uploads\/2024\/03\/0712830.webp","type":"image\/webp"}],"twitter_card":"summary_large_image","twitter_misc":{"Tiempo de lectura":"2 minutos"},"schema":{"@context":"https:\/\/schema.org","@graph":[{"@type":"WebPage","@id":"https:\/\/www.csj-emballages.com\/es\/produit\/100-punos-azules-de-polietileno-de-alta-densidad-talla-unica\/","url":"https:\/\/www.csj-emballages.com\/es\/produit\/100-punos-azules-de-polietileno-de-alta-densidad-talla-unica\/","name":"Manguito Azul PE Talla \u00danica, paquete de 100","isPartOf":{"@id":"https:\/\/www.csj-emballages.com\/es\/#website"},"primaryImageOfPage":{"@id":"https:\/\/www.csj-emballages.com\/es\/produit\/100-punos-azules-de-polietileno-de-alta-densidad-talla-unica\/#primaryimage"},"image":{"@id":"https:\/\/www.csj-emballages.com\/es\/produit\/100-punos-azules-de-polietileno-de-alta-densidad-talla-unica\/#primaryimage"},"thumbnailUrl":"https:\/\/www.csj-emballages.com\/wp-content\/uploads\/2024\/03\/0712830.webp","datePublished":"2024-03-01T15:51:49+00:00","dateModified":"2026-03-12T15:29:13+00:00","description":"Manguito azul PE talla \u00fanica, paquete de 100: protege eficazmente los antebrazos, f\u00e1cil de poner, ideal para la higiene en el entorno profesional.","breadcrumb":{"@id":"https:\/\/www.csj-emballages.com\/es\/produit\/100-punos-azules-de-polietileno-de-alta-densidad-talla-unica\/#breadcrumb"},"inLanguage":"es","potentialAction":[{"@type":"ReadAction","target":["https:\/\/www.csj-emballages.com\/es\/produit\/100-punos-azules-de-polietileno-de-alta-densidad-talla-unica\/"]}]},{"@type":"ImageObject","inLanguage":"es","@id":"https:\/\/www.csj-emballages.com\/es\/produit\/100-punos-azules-de-polietileno-de-alta-densidad-talla-unica\/#primaryimage","url":"https:\/\/www.csj-emballages.com\/wp-content\/uploads\/2024\/03\/0712830.webp","contentUrl":"https:\/\/www.csj-emballages.com\/wp-content\/uploads\/2024\/03\/0712830.webp","width":800,"height":800,"caption":"Manchette bleu"},{"@type":"BreadcrumbList","@id":"https:\/\/www.csj-emballages.com\/es\/produit\/100-punos-azules-de-polietileno-de-alta-densidad-talla-unica\/#breadcrumb","itemListElement":[{"@type":"ListItem","position":1,"name":"Accueil","item":"https:\/\/www.csj-emballages.com\/es\/universo-del-envasado-alimentario\/"},{"@type":"ListItem","position":2,"name":"Tienda","item":"https:\/\/www.csj-emballages.com\/tienda\/"},{"@type":"ListItem","position":3,"name":"Manguito azul PE talla \u00fanica, paquete de 100"}]},{"@type":"WebSite","@id":"https:\/\/www.csj-emballages.com\/es\/#website","url":"https:\/\/www.csj-emballages.com\/es\/","name":"CSJ Emballages","description":"","publisher":{"@id":"https:\/\/www.csj-emballages.com\/es\/#organization"},"potentialAction":[{"@type":"SearchAction","target":{"@type":"EntryPoint","urlTemplate":"https:\/\/www.csj-emballages.com\/es\/?s={search_term_string}"},"query-input":{"@type":"PropertyValueSpecification","valueRequired":true,"valueName":"search_term_string"}}],"inLanguage":"es"},{"@type":"Organization","@id":"https:\/\/www.csj-emballages.com\/es\/#Organization\/","name":"CSJ Emballages","url":"https:\/\/www.csj-emballages.com\/es\/","logo":{"@type":"ImageObject","inLanguage":"es","@id":"https:\/\/www.csj-emballages.com\/es\/#\/schema\/logo\/image\/","url":"https:\/\/www.csj-emballages.com\/wp-content\/uploads\/2023\/10\/logo_csj.webp","contentUrl":"https:\/\/www.csj-emballages.com\/wp-content\/uploads\/2023\/10\/logo_csj.webp","width":250,"height":95,"caption":"CSJ Emballages"},"image":{"@id":"https:\/\/www.csj-emballages.com\/es\/#\/schema\/logo\/image\/"},"sameAs":["https:\/\/www.facebook.com\/csjemballages"],"address":{"@type":"PostalAddress","streetAddress":"ZI La Lechere","addressLocality":"Patornay","postalCode":"39130","addressCountry":"FR"},"contactPoint":[{"@type":"ContactPoint","contactType":"Service client","telephone":"0384254272","email":"contact@csj-emballages.com"}]}]}},"df_price":2.5,"df_sale_price":"","df_regular_price":2.5,"df_image_link":"https:\/\/www.csj-emballages.com\/wp-content\/uploads\/2024\/03\/0712830-300x300.webp","tiered_pricing_type":"fixed","tiered_pricing_fixed_rules":[],"tiered_pricing_percentage_rules":[],"tiered_pricing_minimum":1,"tiered_pricing_roles_data":[],"_links":{"self":[{"href":"https:\/\/www.csj-emballages.com\/es\/wp-json\/wp\/v2\/product\/21998","targetHints":{"allow":["GET"]}}],"collection":[{"href":"https:\/\/www.csj-emballages.com\/es\/wp-json\/wp\/v2\/product"}],"about":[{"href":"https:\/\/www.csj-emballages.com\/es\/wp-json\/wp\/v2\/types\/product"}],"wp:featuredmedia":[{"embeddable":true,"href":"https:\/\/www.csj-emballages.com\/es\/wp-json\/wp\/v2\/media\/259892"}],"wp:attachment":[{"href":"https:\/\/www.csj-emballages.com\/es\/wp-json\/wp\/v2\/media?parent=21998"}],"wp:term":[{"taxonomy":"product_brand","embeddable":true,"href":"https:\/\/www.csj-emballages.com\/es\/wp-json\/wp\/v2\/product_brand?post=21998"},{"taxonomy":"product_cat","embeddable":true,"href":"https:\/\/www.csj-emballages.com\/es\/wp-json\/wp\/v2\/product_cat?post=21998"},{"taxonomy":"product_tag","embeddable":true,"href":"https:\/\/www.csj-emballages.com\/es\/wp-json\/wp\/v2\/product_tag?post=21998"}],"curies":[{"name":"wp","href":"https:\/\/api.w.org\/{rel}","templated":true}]}}