{"id":21988,"date":"2024-03-01T16:51:50","date_gmt":"2024-03-01T15:51:50","guid":{"rendered":"https:\/\/u15jnbdpoq.preview.infomaniak.website\/produit\/100-moldes-de-plastico-para-agujas-de-gelatina\/"},"modified":"2026-03-31T02:15:19","modified_gmt":"2026-03-31T00:15:19","slug":"100-moldes-de-plastico-para-agujas-de-gelatina","status":"publish","type":"product","link":"https:\/\/www.csj-emballages.com\/es\/produit\/100-moldes-de-plastico-para-agujas-de-gelatina\/","title":{"rendered":"Molde aspic aiguillette pl\u00e1stico por 100"},"content":{"rendered":"<h2>Molde de aspic<\/h2>\n<hr>\n<h3>Descripci\u00f3n de nuestro molde aspic aiguilette pl\u00e1stico por 100<\/h3>\n<p><!--more--><\/p>\n<div class=\"flex max-w-full flex-col flex-grow\">\n<div class=\"min-h-8 text-message flex w-full flex-col items-end gap-2 whitespace-normal break-words text-start [.text-message+&amp;]:mt-5\" dir=\"auto\" data-message-author-role=\"assistant\" data-message-id=\"266ca6f3-5e07-4948-bd20-80ac5e6da4a5\" data-message-model-slug=\"gpt-4o\">\n<div class=\"flex w-full flex-col gap-1 empty:hidden first:pt-[3px]\">\n<div class=\"markdown prose w-full break-words dark:prose-invert dark\">\n<p data-start=\"231\" data-end=\"532\">El <strong>molde para \u00e1spic de aguja<\/strong> de <strong>pl\u00e1stico<\/strong> est\u00e1 especialmente dise\u00f1ado para la elaboraci\u00f3n de <strong>entrantes fr\u00edos<\/strong> elegantes y estructurados. En primer lugar, su <strong>forma alargada tipo \u00abaguja\u00bb<\/strong> permite crear <strong>\u00e1spics refinados<\/strong>, perfectos para presentaciones de catering, vitrinas refrigeradas o <strong>buf\u00e9s de eventos<\/strong>. <\/p>\n<p data-start=\"534\" data-end=\"948\">En efecto, fabricado en <strong>pl\u00e1stico<\/strong> de calidad alimentaria, este <strong>molde<\/strong> garantiza una buena consistencia de las preparaciones durante el llenado y el enfriamiento. Es ideal para recetas a base de <strong>carne, ave, pescado o verduras en gelatina<\/strong>, ofreciendo un resultado n\u00edtido y regular despu\u00e9s del desmoldeo. Gracias a su <strong>transparencia<\/strong>, permite controlar visualmente el llenado y la disposici\u00f3n de los ingredientes para un resultado est\u00e9tico \u00f3ptimo.  <\/p>\n<p data-start=\"950\" data-end=\"1207\">Del mismo modo, la forma de <strong>aguja<\/strong> aporta una presentaci\u00f3n fina y cuidada, adaptada a las porciones individuales o a las composiciones en plato. Realza las diferentes capas y colores, a la vez que garantiza una perfecta sujeci\u00f3n de la estructura. <\/p>\n<p data-start=\"1209\" data-end=\"1533\">Muy apreciado por los caterings y profesionales de la restauraci\u00f3n, este <strong>molde para \u00e1spic<\/strong> facilita la producci\u00f3n en serie. En resumen, acondicionado en lotes de <strong>100 unidades<\/strong>, constituye una soluci\u00f3n pr\u00e1ctica para los servicios de alto rendimiento o los eventos puntuales. <\/p>\n<\/div>\n<\/div>\n<\/div>\n<\/div>\n<p><!--more--><\/p>\n<h4>Ventajas :<\/h4>\n<ul>\n<li data-start=\"1571\" data-end=\"1618\">Forma de <strong>aguja<\/strong> elegante y profesional.<\/li>\n<li data-start=\"1663\" data-end=\"1719\">Buena consistencia durante el llenado y el enfriamiento.<\/li>\n<li data-start=\"1722\" data-end=\"1750\">Desmoldeo f\u00e1cil y limpio.<\/li>\n<li data-start=\"1753\" data-end=\"1814\">Ideal para <strong>\u00e1spics, entrantes fr\u00edos y preparaciones en gelatina<\/strong>.<\/li>\n<li data-start=\"1817\" data-end=\"1863\">Transparencia para un control visual \u00f3ptimo.<\/li>\n<li data-start=\"1902\" data-end=\"1943\">Acondicionamiento pr\u00e1ctico por <strong>100 moldes<\/strong>.<\/li>\n<\/ul>\n<p>&nbsp;<\/p>\n<p><!--more--><\/p>\n<h4>Informaci\u00f3n adicional :<\/h4>\n<ul>\n<li><strong>Embalaje<\/strong>: Paquete de 100<\/li>\n<li><strong>Dimensiones<\/strong>: 155 x 49 x 33 (L x A x A en mm)<\/li>\n<li><strong>Material<\/strong>: Tereftalato de polietileno (PET)<\/li>\n<li><strong>Uso<\/strong>: Fr\u00edo<\/li>\n<li><strong>Formato<\/strong>: Aiguilette \/ Liso<\/li>\n<li><strong>Temperatura de funcionamiento<\/strong>: -40\u00b0C\/+70\u00b0C<\/li>\n<\/ul>\n<p>&nbsp;<\/p>\n<p><!--more--><\/p>\n<p>Producto disponible en distintos formatos: <span style=\"color: #d12727;\"><a style=\"color: #d12727;\" href=\"https:\/\/www.csj-emballages.com\/es\/produit\/150-moldes-ovalados-para-aspic-70-ml\/\">Oval<\/a><\/span> \/ <span style=\"color: #d12727;\"><a style=\"color: #d12727;\" href=\"https:\/\/www.csj-emballages.com\/es\/produit\/250-moldes-de-aspic-medallon-70-ml\/\">Medall\u00f3n<\/a><\/span> \/ <span style=\"color: #d12727;\"><a style=\"color: #d12727;\" href=\"https:\/\/www.csj-emballages.com\/produit\/250-moules-plastiques-cornet-a-jambon-en-gelee\/\">Corneta<\/a><\/span><\/p>\n<p>&nbsp;<\/p>\n<p><!--more--><\/p>\n<p><a href=\"https:\/\/www.csj-emballages.com\/es\/categorie-produit\/envasado-de-alimentos\/carniceria-y-charcuteria\/bandejas-latas-y-tarros\/bandejas-latas-tarros-de-comida\/moldes-de-aspic\/\">Ver el resto de nuestra gama de moldes para \u00e1spic<\/a><\/p>\n","protected":false},"excerpt":{"rendered":"<p>Molde de aspic Descripci\u00f3n de nuestro molde aspic aiguilette pl\u00e1stico por 100<\/p>\n","protected":false},"featured_media":220883,"template":"","meta":{"_acf_changed":false},"product_brand":[],"product_cat":[1150,1143,1491,2866],"product_tag":[],"class_list":{"0":"post-21988","1":"product","2":"type-product","3":"status-publish","4":"has-post-thumbnail","6":"product_cat-envasado-de-alimentos","7":"product_cat-carniceria-y-charcuteria","8":"product_cat-bandejas-latas-tarros-de-comida","9":"product_cat-moldes-de-aspic","11":"first","12":"instock","13":"taxable","14":"shipping-taxable","15":"purchasable","16":"product-type-simple"},"acf":[],"yoast_head":"<!-- This site is optimized with the Yoast SEO Premium plugin v26.6 (Yoast SEO v26.6) - https:\/\/yoast.com\/wordpress\/plugins\/seo\/ -->\n<title>Molde Aspic Aiguilette Pl\u00e1stico por 100<\/title>\n<meta name=\"description\" content=\"Molde para \u00e1spic de aguja de pl\u00e1stico por 100 \u2013 Ideal para caterings y particulares. Porciones uniformes, f\u00e1cil desmoldeo, higi\u00e9nico y pr\u00e1ctico.\" \/>\n<meta name=\"robots\" content=\"index, follow, max-snippet:-1, max-image-preview:large, max-video-preview:-1\" \/>\n<link rel=\"canonical\" href=\"https:\/\/www.csj-emballages.com\/es\/produit\/100-moldes-de-plastico-para-agujas-de-gelatina\/\" \/>\n<meta property=\"og:locale\" content=\"es_ES\" \/>\n<meta property=\"og:type\" content=\"article\" \/>\n<meta property=\"og:title\" content=\"Molde aspic aiguillette pl\u00e1stico por 100\" \/>\n<meta property=\"og:description\" content=\"Molde para \u00e1spic de aguja de pl\u00e1stico por 100 \u2013 Ideal para caterings y particulares. Porciones uniformes, f\u00e1cil desmoldeo, higi\u00e9nico y pr\u00e1ctico.\" \/>\n<meta property=\"og:url\" content=\"https:\/\/www.csj-emballages.com\/es\/produit\/100-moldes-de-plastico-para-agujas-de-gelatina\/\" \/>\n<meta property=\"og:site_name\" content=\"CSJ Emballages\" \/>\n<meta property=\"article:publisher\" content=\"https:\/\/www.facebook.com\/csjemballages\" \/>\n<meta property=\"article:modified_time\" content=\"2026-03-31T00:15:19+00:00\" \/>\n<meta property=\"og:image\" content=\"https:\/\/www.csj-emballages.com\/wp-content\/uploads\/2024\/03\/Moule-aspic-aiguillette.webp\" \/>\n\t<meta property=\"og:image:width\" content=\"800\" \/>\n\t<meta property=\"og:image:height\" content=\"800\" \/>\n\t<meta property=\"og:image:type\" content=\"image\/webp\" \/>\n<meta name=\"twitter:card\" content=\"summary_large_image\" \/>\n<meta name=\"twitter:label1\" content=\"Tiempo de lectura\" \/>\n\t<meta name=\"twitter:data1\" content=\"2 minutos\" \/>\n<script type=\"application\/ld+json\" class=\"yoast-schema-graph\">{\"@context\":\"https:\/\/schema.org\",\"@graph\":[{\"@type\":\"WebPage\",\"@id\":\"https:\/\/www.csj-emballages.com\/es\/produit\/100-moldes-de-plastico-para-agujas-de-gelatina\/\",\"url\":\"https:\/\/www.csj-emballages.com\/es\/produit\/100-moldes-de-plastico-para-agujas-de-gelatina\/\",\"name\":\"Molde Aspic Aiguilette Pl\u00e1stico por 100\",\"isPartOf\":{\"@id\":\"https:\/\/www.csj-emballages.com\/es\/#website\"},\"primaryImageOfPage\":{\"@id\":\"https:\/\/www.csj-emballages.com\/es\/produit\/100-moldes-de-plastico-para-agujas-de-gelatina\/#primaryimage\"},\"image\":{\"@id\":\"https:\/\/www.csj-emballages.com\/es\/produit\/100-moldes-de-plastico-para-agujas-de-gelatina\/#primaryimage\"},\"thumbnailUrl\":\"https:\/\/www.csj-emballages.com\/wp-content\/uploads\/2024\/03\/Moule-aspic-aiguillette.webp\",\"datePublished\":\"2024-03-01T15:51:50+00:00\",\"dateModified\":\"2026-03-31T00:15:19+00:00\",\"description\":\"Molde para \u00e1spic de aguja de pl\u00e1stico por 100 \u2013 Ideal para caterings y particulares. Porciones uniformes, f\u00e1cil desmoldeo, higi\u00e9nico y pr\u00e1ctico.\",\"breadcrumb\":{\"@id\":\"https:\/\/www.csj-emballages.com\/es\/produit\/100-moldes-de-plastico-para-agujas-de-gelatina\/#breadcrumb\"},\"inLanguage\":\"es\",\"potentialAction\":[{\"@type\":\"ReadAction\",\"target\":[\"https:\/\/www.csj-emballages.com\/es\/produit\/100-moldes-de-plastico-para-agujas-de-gelatina\/\"]}]},{\"@type\":\"ImageObject\",\"inLanguage\":\"es\",\"@id\":\"https:\/\/www.csj-emballages.com\/es\/produit\/100-moldes-de-plastico-para-agujas-de-gelatina\/#primaryimage\",\"url\":\"https:\/\/www.csj-emballages.com\/wp-content\/uploads\/2024\/03\/Moule-aspic-aiguillette.webp\",\"contentUrl\":\"https:\/\/www.csj-emballages.com\/wp-content\/uploads\/2024\/03\/Moule-aspic-aiguillette.webp\",\"width\":800,\"height\":800,\"caption\":\"Moule \u00e0 aspic\"},{\"@type\":\"BreadcrumbList\",\"@id\":\"https:\/\/www.csj-emballages.com\/es\/produit\/100-moldes-de-plastico-para-agujas-de-gelatina\/#breadcrumb\",\"itemListElement\":[{\"@type\":\"ListItem\",\"position\":1,\"name\":\"Accueil\",\"item\":\"https:\/\/www.csj-emballages.com\/es\/universo-del-envasado-alimentario\/\"},{\"@type\":\"ListItem\",\"position\":2,\"name\":\"Tienda\",\"item\":\"https:\/\/www.csj-emballages.com\/tienda\/\"},{\"@type\":\"ListItem\",\"position\":3,\"name\":\"Molde aspic aiguillette pl\u00e1stico por 100\"}]},{\"@type\":\"WebSite\",\"@id\":\"https:\/\/www.csj-emballages.com\/es\/#website\",\"url\":\"https:\/\/www.csj-emballages.com\/es\/\",\"name\":\"CSJ Emballages\",\"description\":\"\",\"publisher\":{\"@id\":\"https:\/\/www.csj-emballages.com\/es\/#organization\"},\"potentialAction\":[{\"@type\":\"SearchAction\",\"target\":{\"@type\":\"EntryPoint\",\"urlTemplate\":\"https:\/\/www.csj-emballages.com\/es\/?s={search_term_string}\"},\"query-input\":{\"@type\":\"PropertyValueSpecification\",\"valueRequired\":true,\"valueName\":\"search_term_string\"}}],\"inLanguage\":\"es\"},{\"@type\":\"Organization\",\"@id\":\"https:\/\/www.csj-emballages.com\/es\/#Organization\/\",\"name\":\"CSJ Emballages\",\"url\":\"https:\/\/www.csj-emballages.com\/es\/\",\"logo\":{\"@type\":\"ImageObject\",\"inLanguage\":\"es\",\"@id\":\"https:\/\/www.csj-emballages.com\/es\/#\/schema\/logo\/image\/\",\"url\":\"https:\/\/www.csj-emballages.com\/wp-content\/uploads\/2023\/10\/logo_csj.webp\",\"contentUrl\":\"https:\/\/www.csj-emballages.com\/wp-content\/uploads\/2023\/10\/logo_csj.webp\",\"width\":250,\"height\":95,\"caption\":\"CSJ Emballages\"},\"image\":{\"@id\":\"https:\/\/www.csj-emballages.com\/es\/#\/schema\/logo\/image\/\"},\"sameAs\":[\"https:\/\/www.facebook.com\/csjemballages\"],\"address\":{\"@type\":\"PostalAddress\",\"streetAddress\":\"ZI La Lechere\",\"addressLocality\":\"Patornay\",\"postalCode\":\"39130\",\"addressCountry\":\"FR\"},\"contactPoint\":[{\"@type\":\"ContactPoint\",\"contactType\":\"Service client\",\"telephone\":\"0384254272\",\"email\":\"contact@csj-emballages.com\"}]}]}<\/script>\n<!-- \/ Yoast SEO Premium plugin. -->","yoast_head_json":{"title":"Molde Aspic Aiguilette Pl\u00e1stico por 100","description":"Molde para \u00e1spic de aguja de pl\u00e1stico por 100 \u2013 Ideal para caterings y particulares. Porciones uniformes, f\u00e1cil desmoldeo, higi\u00e9nico y pr\u00e1ctico.","robots":{"index":"index","follow":"follow","max-snippet":"max-snippet:-1","max-image-preview":"max-image-preview:large","max-video-preview":"max-video-preview:-1"},"canonical":"https:\/\/www.csj-emballages.com\/es\/produit\/100-moldes-de-plastico-para-agujas-de-gelatina\/","og_locale":"es_ES","og_type":"article","og_title":"Molde aspic aiguillette pl\u00e1stico por 100","og_description":"Molde para \u00e1spic de aguja de pl\u00e1stico por 100 \u2013 Ideal para caterings y particulares. Porciones uniformes, f\u00e1cil desmoldeo, higi\u00e9nico y pr\u00e1ctico.","og_url":"https:\/\/www.csj-emballages.com\/es\/produit\/100-moldes-de-plastico-para-agujas-de-gelatina\/","og_site_name":"CSJ Emballages","article_publisher":"https:\/\/www.facebook.com\/csjemballages","article_modified_time":"2026-03-31T00:15:19+00:00","og_image":[{"width":800,"height":800,"url":"https:\/\/www.csj-emballages.com\/wp-content\/uploads\/2024\/03\/Moule-aspic-aiguillette.webp","type":"image\/webp"}],"twitter_card":"summary_large_image","twitter_misc":{"Tiempo de lectura":"2 minutos"},"schema":{"@context":"https:\/\/schema.org","@graph":[{"@type":"WebPage","@id":"https:\/\/www.csj-emballages.com\/es\/produit\/100-moldes-de-plastico-para-agujas-de-gelatina\/","url":"https:\/\/www.csj-emballages.com\/es\/produit\/100-moldes-de-plastico-para-agujas-de-gelatina\/","name":"Molde Aspic Aiguilette Pl\u00e1stico por 100","isPartOf":{"@id":"https:\/\/www.csj-emballages.com\/es\/#website"},"primaryImageOfPage":{"@id":"https:\/\/www.csj-emballages.com\/es\/produit\/100-moldes-de-plastico-para-agujas-de-gelatina\/#primaryimage"},"image":{"@id":"https:\/\/www.csj-emballages.com\/es\/produit\/100-moldes-de-plastico-para-agujas-de-gelatina\/#primaryimage"},"thumbnailUrl":"https:\/\/www.csj-emballages.com\/wp-content\/uploads\/2024\/03\/Moule-aspic-aiguillette.webp","datePublished":"2024-03-01T15:51:50+00:00","dateModified":"2026-03-31T00:15:19+00:00","description":"Molde para \u00e1spic de aguja de pl\u00e1stico por 100 \u2013 Ideal para caterings y particulares. Porciones uniformes, f\u00e1cil desmoldeo, higi\u00e9nico y pr\u00e1ctico.","breadcrumb":{"@id":"https:\/\/www.csj-emballages.com\/es\/produit\/100-moldes-de-plastico-para-agujas-de-gelatina\/#breadcrumb"},"inLanguage":"es","potentialAction":[{"@type":"ReadAction","target":["https:\/\/www.csj-emballages.com\/es\/produit\/100-moldes-de-plastico-para-agujas-de-gelatina\/"]}]},{"@type":"ImageObject","inLanguage":"es","@id":"https:\/\/www.csj-emballages.com\/es\/produit\/100-moldes-de-plastico-para-agujas-de-gelatina\/#primaryimage","url":"https:\/\/www.csj-emballages.com\/wp-content\/uploads\/2024\/03\/Moule-aspic-aiguillette.webp","contentUrl":"https:\/\/www.csj-emballages.com\/wp-content\/uploads\/2024\/03\/Moule-aspic-aiguillette.webp","width":800,"height":800,"caption":"Moule \u00e0 aspic"},{"@type":"BreadcrumbList","@id":"https:\/\/www.csj-emballages.com\/es\/produit\/100-moldes-de-plastico-para-agujas-de-gelatina\/#breadcrumb","itemListElement":[{"@type":"ListItem","position":1,"name":"Accueil","item":"https:\/\/www.csj-emballages.com\/es\/universo-del-envasado-alimentario\/"},{"@type":"ListItem","position":2,"name":"Tienda","item":"https:\/\/www.csj-emballages.com\/tienda\/"},{"@type":"ListItem","position":3,"name":"Molde aspic aiguillette pl\u00e1stico por 100"}]},{"@type":"WebSite","@id":"https:\/\/www.csj-emballages.com\/es\/#website","url":"https:\/\/www.csj-emballages.com\/es\/","name":"CSJ Emballages","description":"","publisher":{"@id":"https:\/\/www.csj-emballages.com\/es\/#organization"},"potentialAction":[{"@type":"SearchAction","target":{"@type":"EntryPoint","urlTemplate":"https:\/\/www.csj-emballages.com\/es\/?s={search_term_string}"},"query-input":{"@type":"PropertyValueSpecification","valueRequired":true,"valueName":"search_term_string"}}],"inLanguage":"es"},{"@type":"Organization","@id":"https:\/\/www.csj-emballages.com\/es\/#Organization\/","name":"CSJ Emballages","url":"https:\/\/www.csj-emballages.com\/es\/","logo":{"@type":"ImageObject","inLanguage":"es","@id":"https:\/\/www.csj-emballages.com\/es\/#\/schema\/logo\/image\/","url":"https:\/\/www.csj-emballages.com\/wp-content\/uploads\/2023\/10\/logo_csj.webp","contentUrl":"https:\/\/www.csj-emballages.com\/wp-content\/uploads\/2023\/10\/logo_csj.webp","width":250,"height":95,"caption":"CSJ Emballages"},"image":{"@id":"https:\/\/www.csj-emballages.com\/es\/#\/schema\/logo\/image\/"},"sameAs":["https:\/\/www.facebook.com\/csjemballages"],"address":{"@type":"PostalAddress","streetAddress":"ZI La Lechere","addressLocality":"Patornay","postalCode":"39130","addressCountry":"FR"},"contactPoint":[{"@type":"ContactPoint","contactType":"Service client","telephone":"0384254272","email":"contact@csj-emballages.com"}]}]}},"df_price":10.8,"df_sale_price":"","df_regular_price":10.8,"df_image_link":"https:\/\/www.csj-emballages.com\/wp-content\/uploads\/2024\/03\/Moule-aspic-aiguillette-300x300.webp","tiered_pricing_type":"fixed","tiered_pricing_fixed_rules":[],"tiered_pricing_percentage_rules":[],"tiered_pricing_minimum":1,"tiered_pricing_roles_data":[],"_links":{"self":[{"href":"https:\/\/www.csj-emballages.com\/es\/wp-json\/wp\/v2\/product\/21988","targetHints":{"allow":["GET"]}}],"collection":[{"href":"https:\/\/www.csj-emballages.com\/es\/wp-json\/wp\/v2\/product"}],"about":[{"href":"https:\/\/www.csj-emballages.com\/es\/wp-json\/wp\/v2\/types\/product"}],"wp:featuredmedia":[{"embeddable":true,"href":"https:\/\/www.csj-emballages.com\/es\/wp-json\/wp\/v2\/media\/220883"}],"wp:attachment":[{"href":"https:\/\/www.csj-emballages.com\/es\/wp-json\/wp\/v2\/media?parent=21988"}],"wp:term":[{"taxonomy":"product_brand","embeddable":true,"href":"https:\/\/www.csj-emballages.com\/es\/wp-json\/wp\/v2\/product_brand?post=21988"},{"taxonomy":"product_cat","embeddable":true,"href":"https:\/\/www.csj-emballages.com\/es\/wp-json\/wp\/v2\/product_cat?post=21988"},{"taxonomy":"product_tag","embeddable":true,"href":"https:\/\/www.csj-emballages.com\/es\/wp-json\/wp\/v2\/product_tag?post=21988"}],"curies":[{"name":"wp","href":"https:\/\/api.w.org\/{rel}","templated":true}]}}