{"id":21968,"date":"2024-03-01T16:51:48","date_gmt":"2024-03-01T15:51:48","guid":{"rendered":"https:\/\/u15jnbdpoq.preview.infomaniak.website\/produit\/mango-de-rosca-natural-de-130-m\/"},"modified":"2026-04-29T02:15:51","modified_gmt":"2026-04-29T00:15:51","slug":"mango-de-rosca-natural-de-130-m","status":"publish","type":"product","link":"https:\/\/www.csj-emballages.com\/es\/produit\/mango-de-rosca-natural-de-130-m\/","title":{"rendered":"Palo de escoba de madera de 1,30 m con rosca"},"content":{"rendered":"<h2>Palo de escoba de madera<\/h2>\n<hr>\n<h3>Descubra nuestro palo de escoba de madera de 1,30 m con rosca<\/h3>\n<p><!--more--><\/p>\n<p data-start=\"268\" data-end=\"633\">Cuando se busca un <strong>palo fiable<\/strong>, sobre todo se quiere que cumpla su funci\u00f3n, durante mucho tiempo y sin sorpresas. Este <strong>palo de escoba de madera<\/strong> de <strong data-start=\"405\" data-end=\"415\">1,30 m<\/strong> responde exactamente a esta expectativa. Su <strong>longitud<\/strong> ofrece un agarre c\u00f3modo, lo que permite trabajar sin agacharse innecesariamente, ya sea para la limpieza del hogar, el mantenimiento o la limpieza de grandes superficies.  <\/p>\n<p data-start=\"635\" data-end=\"1014\">Fabricado en <strong>madera natural<\/strong>, aporta una sensaci\u00f3n s\u00f3lida y agradable al uso. A diferencia de los palos demasiado ligeros o huecos, este se mantiene estable en la mano. Se nota enseguida que est\u00e1 dise\u00f1ado para durar. Adem\u00e1s, su <strong data-start=\"869\" data-end=\"892\">rosca est\u00e1ndar<\/strong> permite adaptarlo f\u00e1cilmente a muchas escobas, cepillos o rasquetas. Basta con enroscar y listo para usar.    <\/p>\n<p data-start=\"1016\" data-end=\"1270\">En el extremo, <strong>el tap\u00f3n negro protege la madera<\/strong> y mejora la durabilidad. Esto evita el desgaste prematuro, sobre todo durante un uso frecuente. Ya sea para uso profesional o dom\u00e9stico, este palo se adapta sin dificultad a su d\u00eda a d\u00eda.  <\/p>\n<p data-start=\"1272\" data-end=\"1502\">Por otra parte, su <strong>dise\u00f1o sencillo y natural<\/strong> va a lo esencial. Sin adornos innecesarios, solo un palo eficaz, pr\u00e1ctico y robusto. Encuentra f\u00e1cilmente su lugar en un local de mantenimiento, un garaje o un armario de almacenamiento.  <\/p>\n<p data-start=\"1504\" data-end=\"1678\">En resumen, este <strong>palo de escoba de madera<\/strong> combina comodidad, solidez y compatibilidad. Es un accesorio b\u00e1sico, pero indispensable, con el que se puede contar d\u00eda tras d\u00eda. <\/p>\n<p data-start=\"1504\" data-end=\"1678\">\n<p data-start=\"1504\" data-end=\"1678\"><!--more--><\/p>\n<h4 data-start=\"1504\" data-end=\"1678\">Ventajas :<\/h4>\n<ul>\n<li data-start=\"1707\" data-end=\"1739\">Longitud c\u00f3moda de <strong>1,30 m<\/strong>.<\/li>\n<li data-start=\"1742\" data-end=\"1783\"><strong>Madera natural<\/strong> s\u00f3lida y agradable en la mano.<\/li>\n<li data-start=\"1786\" data-end=\"1841\">Sistema de rosca compatible con muchos accesorios.<\/li>\n<li data-start=\"1844\" data-end=\"1896\">Tap\u00f3n de protecci\u00f3n para una mayor durabilidad.<\/li>\n<li data-start=\"1899\" data-end=\"1959\">Adecuado tanto para particulares como para profesionales.<\/li>\n<\/ul>\n<p>&nbsp;<\/p>\n<p><!--more--><\/p>\n<h4>Informaci\u00f3n adicional :<\/h4>\n<ul>\n<li><strong>Embalaje<\/strong>: Por unidad<\/li>\n<li><strong>Longitud<\/strong>: 1,30 m<\/li>\n<li><strong>Material<\/strong>: Madera \/ Pl\u00e1stico<\/li>\n<\/ul>\n<p>&nbsp;<\/p>\n<p><!--more--><\/p>\n<p><a href=\"https:\/\/www.csj-emballages.com\/es\/categorie-produit\/higiene-y-mantenimiento\/cepillos-y-escobas\/mango-de-escoba\/\">Consulte el resto de nuestra gama de mangos de escoba<\/a><\/p>\n","protected":false},"excerpt":{"rendered":"<p>Palo de escoba de madera Descubra nuestro palo de escoba de madera de 1,30 m con rosca<\/p>\n","protected":false},"featured_media":261869,"template":"","meta":{"_acf_changed":false},"product_brand":[],"product_cat":[1226,1420,2852],"product_tag":[],"class_list":{"0":"post-21968","1":"product","2":"type-product","3":"status-publish","4":"has-post-thumbnail","6":"product_cat-higiene-y-mantenimiento","7":"product_cat-cepillos-y-escobas","8":"product_cat-mango-de-escoba","9":"product_shipping_class-no-permitido-en-reles","11":"first","12":"instock","13":"taxable","14":"shipping-taxable","15":"purchasable","16":"product-type-simple"},"acf":[],"yoast_head":"<!-- This site is optimized with the Yoast SEO Premium plugin v26.6 (Yoast SEO v26.6) - https:\/\/yoast.com\/wordpress\/plugins\/seo\/ -->\n<title>Palo de Escoba de Madera de 1,30 m con Rosca<\/title>\n<meta name=\"description\" content=\"Palo de escoba de madera de 1,30 m con rosca, s\u00f3lido y c\u00f3modo. Compatible con muchas escobas, ideal para uso diario o profesional.\" \/>\n<meta name=\"robots\" content=\"index, follow, max-snippet:-1, max-image-preview:large, max-video-preview:-1\" \/>\n<link rel=\"canonical\" href=\"https:\/\/www.csj-emballages.com\/es\/produit\/mango-de-rosca-natural-de-130-m\/\" \/>\n<meta property=\"og:locale\" content=\"es_ES\" \/>\n<meta property=\"og:type\" content=\"article\" \/>\n<meta property=\"og:title\" content=\"Palo de escoba de madera de 1,30 m con rosca\" \/>\n<meta property=\"og:description\" content=\"Palo de escoba de madera de 1,30 m con rosca, s\u00f3lido y c\u00f3modo. Compatible con muchas escobas, ideal para uso diario o profesional.\" \/>\n<meta property=\"og:url\" content=\"https:\/\/www.csj-emballages.com\/es\/produit\/mango-de-rosca-natural-de-130-m\/\" \/>\n<meta property=\"og:site_name\" content=\"CSJ Emballages\" \/>\n<meta property=\"article:publisher\" content=\"https:\/\/www.facebook.com\/csjemballages\" \/>\n<meta property=\"article:modified_time\" content=\"2026-04-29T00:15:51+00:00\" \/>\n<meta property=\"og:image\" content=\"https:\/\/www.csj-emballages.com\/wp-content\/uploads\/2024\/03\/Manche-a-balai-en-bois.webp\" \/>\n\t<meta property=\"og:image:width\" content=\"799\" \/>\n\t<meta property=\"og:image:height\" content=\"800\" \/>\n\t<meta property=\"og:image:type\" content=\"image\/webp\" \/>\n<meta name=\"twitter:card\" content=\"summary_large_image\" \/>\n<meta name=\"twitter:label1\" content=\"Tiempo de lectura\" \/>\n\t<meta name=\"twitter:data1\" content=\"2 minutos\" \/>\n<script type=\"application\/ld+json\" class=\"yoast-schema-graph\">{\"@context\":\"https:\/\/schema.org\",\"@graph\":[{\"@type\":\"WebPage\",\"@id\":\"https:\/\/www.csj-emballages.com\/es\/produit\/mango-de-rosca-natural-de-130-m\/\",\"url\":\"https:\/\/www.csj-emballages.com\/es\/produit\/mango-de-rosca-natural-de-130-m\/\",\"name\":\"Palo de Escoba de Madera de 1,30 m con Rosca\",\"isPartOf\":{\"@id\":\"https:\/\/www.csj-emballages.com\/es\/#website\"},\"primaryImageOfPage\":{\"@id\":\"https:\/\/www.csj-emballages.com\/es\/produit\/mango-de-rosca-natural-de-130-m\/#primaryimage\"},\"image\":{\"@id\":\"https:\/\/www.csj-emballages.com\/es\/produit\/mango-de-rosca-natural-de-130-m\/#primaryimage\"},\"thumbnailUrl\":\"https:\/\/www.csj-emballages.com\/wp-content\/uploads\/2024\/03\/Manche-a-balai-en-bois.webp\",\"datePublished\":\"2024-03-01T15:51:48+00:00\",\"dateModified\":\"2026-04-29T00:15:51+00:00\",\"description\":\"Palo de escoba de madera de 1,30 m con rosca, s\u00f3lido y c\u00f3modo. Compatible con muchas escobas, ideal para uso diario o profesional.\",\"breadcrumb\":{\"@id\":\"https:\/\/www.csj-emballages.com\/es\/produit\/mango-de-rosca-natural-de-130-m\/#breadcrumb\"},\"inLanguage\":\"es\",\"potentialAction\":[{\"@type\":\"ReadAction\",\"target\":[\"https:\/\/www.csj-emballages.com\/es\/produit\/mango-de-rosca-natural-de-130-m\/\"]}]},{\"@type\":\"ImageObject\",\"inLanguage\":\"es\",\"@id\":\"https:\/\/www.csj-emballages.com\/es\/produit\/mango-de-rosca-natural-de-130-m\/#primaryimage\",\"url\":\"https:\/\/www.csj-emballages.com\/wp-content\/uploads\/2024\/03\/Manche-a-balai-en-bois.webp\",\"contentUrl\":\"https:\/\/www.csj-emballages.com\/wp-content\/uploads\/2024\/03\/Manche-a-balai-en-bois.webp\",\"width\":799,\"height\":800,\"caption\":\"Manche \u00e0 balai en bois\"},{\"@type\":\"BreadcrumbList\",\"@id\":\"https:\/\/www.csj-emballages.com\/es\/produit\/mango-de-rosca-natural-de-130-m\/#breadcrumb\",\"itemListElement\":[{\"@type\":\"ListItem\",\"position\":1,\"name\":\"Accueil\",\"item\":\"https:\/\/www.csj-emballages.com\/es\/universo-del-envasado-alimentario\/\"},{\"@type\":\"ListItem\",\"position\":2,\"name\":\"Tienda\",\"item\":\"https:\/\/www.csj-emballages.com\/tienda\/\"},{\"@type\":\"ListItem\",\"position\":3,\"name\":\"Palo de escoba de madera de 1,30 m con rosca\"}]},{\"@type\":\"WebSite\",\"@id\":\"https:\/\/www.csj-emballages.com\/es\/#website\",\"url\":\"https:\/\/www.csj-emballages.com\/es\/\",\"name\":\"CSJ Emballages\",\"description\":\"\",\"publisher\":{\"@id\":\"https:\/\/www.csj-emballages.com\/es\/#organization\"},\"potentialAction\":[{\"@type\":\"SearchAction\",\"target\":{\"@type\":\"EntryPoint\",\"urlTemplate\":\"https:\/\/www.csj-emballages.com\/es\/?s={search_term_string}\"},\"query-input\":{\"@type\":\"PropertyValueSpecification\",\"valueRequired\":true,\"valueName\":\"search_term_string\"}}],\"inLanguage\":\"es\"},{\"@type\":\"Organization\",\"@id\":\"https:\/\/www.csj-emballages.com\/es\/#Organization\/\",\"name\":\"CSJ Emballages\",\"url\":\"https:\/\/www.csj-emballages.com\/es\/\",\"logo\":{\"@type\":\"ImageObject\",\"inLanguage\":\"es\",\"@id\":\"https:\/\/www.csj-emballages.com\/es\/#\/schema\/logo\/image\/\",\"url\":\"https:\/\/www.csj-emballages.com\/wp-content\/uploads\/2023\/10\/logo_csj.webp\",\"contentUrl\":\"https:\/\/www.csj-emballages.com\/wp-content\/uploads\/2023\/10\/logo_csj.webp\",\"width\":250,\"height\":95,\"caption\":\"CSJ Emballages\"},\"image\":{\"@id\":\"https:\/\/www.csj-emballages.com\/es\/#\/schema\/logo\/image\/\"},\"sameAs\":[\"https:\/\/www.facebook.com\/csjemballages\"],\"address\":{\"@type\":\"PostalAddress\",\"streetAddress\":\"ZI La Lechere\",\"addressLocality\":\"Patornay\",\"postalCode\":\"39130\",\"addressCountry\":\"FR\"},\"contactPoint\":[{\"@type\":\"ContactPoint\",\"contactType\":\"Service client\",\"telephone\":\"0384254272\",\"email\":\"contact@csj-emballages.com\"}]}]}<\/script>\n<!-- \/ Yoast SEO Premium plugin. -->","yoast_head_json":{"title":"Palo de Escoba de Madera de 1,30 m con Rosca","description":"Palo de escoba de madera de 1,30 m con rosca, s\u00f3lido y c\u00f3modo. Compatible con muchas escobas, ideal para uso diario o profesional.","robots":{"index":"index","follow":"follow","max-snippet":"max-snippet:-1","max-image-preview":"max-image-preview:large","max-video-preview":"max-video-preview:-1"},"canonical":"https:\/\/www.csj-emballages.com\/es\/produit\/mango-de-rosca-natural-de-130-m\/","og_locale":"es_ES","og_type":"article","og_title":"Palo de escoba de madera de 1,30 m con rosca","og_description":"Palo de escoba de madera de 1,30 m con rosca, s\u00f3lido y c\u00f3modo. Compatible con muchas escobas, ideal para uso diario o profesional.","og_url":"https:\/\/www.csj-emballages.com\/es\/produit\/mango-de-rosca-natural-de-130-m\/","og_site_name":"CSJ Emballages","article_publisher":"https:\/\/www.facebook.com\/csjemballages","article_modified_time":"2026-04-29T00:15:51+00:00","og_image":[{"width":799,"height":800,"url":"https:\/\/www.csj-emballages.com\/wp-content\/uploads\/2024\/03\/Manche-a-balai-en-bois.webp","type":"image\/webp"}],"twitter_card":"summary_large_image","twitter_misc":{"Tiempo de lectura":"2 minutos"},"schema":{"@context":"https:\/\/schema.org","@graph":[{"@type":"WebPage","@id":"https:\/\/www.csj-emballages.com\/es\/produit\/mango-de-rosca-natural-de-130-m\/","url":"https:\/\/www.csj-emballages.com\/es\/produit\/mango-de-rosca-natural-de-130-m\/","name":"Palo de Escoba de Madera de 1,30 m con Rosca","isPartOf":{"@id":"https:\/\/www.csj-emballages.com\/es\/#website"},"primaryImageOfPage":{"@id":"https:\/\/www.csj-emballages.com\/es\/produit\/mango-de-rosca-natural-de-130-m\/#primaryimage"},"image":{"@id":"https:\/\/www.csj-emballages.com\/es\/produit\/mango-de-rosca-natural-de-130-m\/#primaryimage"},"thumbnailUrl":"https:\/\/www.csj-emballages.com\/wp-content\/uploads\/2024\/03\/Manche-a-balai-en-bois.webp","datePublished":"2024-03-01T15:51:48+00:00","dateModified":"2026-04-29T00:15:51+00:00","description":"Palo de escoba de madera de 1,30 m con rosca, s\u00f3lido y c\u00f3modo. Compatible con muchas escobas, ideal para uso diario o profesional.","breadcrumb":{"@id":"https:\/\/www.csj-emballages.com\/es\/produit\/mango-de-rosca-natural-de-130-m\/#breadcrumb"},"inLanguage":"es","potentialAction":[{"@type":"ReadAction","target":["https:\/\/www.csj-emballages.com\/es\/produit\/mango-de-rosca-natural-de-130-m\/"]}]},{"@type":"ImageObject","inLanguage":"es","@id":"https:\/\/www.csj-emballages.com\/es\/produit\/mango-de-rosca-natural-de-130-m\/#primaryimage","url":"https:\/\/www.csj-emballages.com\/wp-content\/uploads\/2024\/03\/Manche-a-balai-en-bois.webp","contentUrl":"https:\/\/www.csj-emballages.com\/wp-content\/uploads\/2024\/03\/Manche-a-balai-en-bois.webp","width":799,"height":800,"caption":"Manche \u00e0 balai en bois"},{"@type":"BreadcrumbList","@id":"https:\/\/www.csj-emballages.com\/es\/produit\/mango-de-rosca-natural-de-130-m\/#breadcrumb","itemListElement":[{"@type":"ListItem","position":1,"name":"Accueil","item":"https:\/\/www.csj-emballages.com\/es\/universo-del-envasado-alimentario\/"},{"@type":"ListItem","position":2,"name":"Tienda","item":"https:\/\/www.csj-emballages.com\/tienda\/"},{"@type":"ListItem","position":3,"name":"Palo de escoba de madera de 1,30 m con rosca"}]},{"@type":"WebSite","@id":"https:\/\/www.csj-emballages.com\/es\/#website","url":"https:\/\/www.csj-emballages.com\/es\/","name":"CSJ Emballages","description":"","publisher":{"@id":"https:\/\/www.csj-emballages.com\/es\/#organization"},"potentialAction":[{"@type":"SearchAction","target":{"@type":"EntryPoint","urlTemplate":"https:\/\/www.csj-emballages.com\/es\/?s={search_term_string}"},"query-input":{"@type":"PropertyValueSpecification","valueRequired":true,"valueName":"search_term_string"}}],"inLanguage":"es"},{"@type":"Organization","@id":"https:\/\/www.csj-emballages.com\/es\/#Organization\/","name":"CSJ Emballages","url":"https:\/\/www.csj-emballages.com\/es\/","logo":{"@type":"ImageObject","inLanguage":"es","@id":"https:\/\/www.csj-emballages.com\/es\/#\/schema\/logo\/image\/","url":"https:\/\/www.csj-emballages.com\/wp-content\/uploads\/2023\/10\/logo_csj.webp","contentUrl":"https:\/\/www.csj-emballages.com\/wp-content\/uploads\/2023\/10\/logo_csj.webp","width":250,"height":95,"caption":"CSJ Emballages"},"image":{"@id":"https:\/\/www.csj-emballages.com\/es\/#\/schema\/logo\/image\/"},"sameAs":["https:\/\/www.facebook.com\/csjemballages"],"address":{"@type":"PostalAddress","streetAddress":"ZI La Lechere","addressLocality":"Patornay","postalCode":"39130","addressCountry":"FR"},"contactPoint":[{"@type":"ContactPoint","contactType":"Service client","telephone":"0384254272","email":"contact@csj-emballages.com"}]}]}},"df_price":3.12,"df_sale_price":"","df_regular_price":3.12,"df_image_link":"https:\/\/www.csj-emballages.com\/wp-content\/uploads\/2024\/03\/Manche-a-balai-en-bois-300x300.webp","tiered_pricing_type":"fixed","tiered_pricing_fixed_rules":[],"tiered_pricing_percentage_rules":[],"tiered_pricing_minimum":1,"tiered_pricing_roles_data":[],"_links":{"self":[{"href":"https:\/\/www.csj-emballages.com\/es\/wp-json\/wp\/v2\/product\/21968","targetHints":{"allow":["GET"]}}],"collection":[{"href":"https:\/\/www.csj-emballages.com\/es\/wp-json\/wp\/v2\/product"}],"about":[{"href":"https:\/\/www.csj-emballages.com\/es\/wp-json\/wp\/v2\/types\/product"}],"wp:featuredmedia":[{"embeddable":true,"href":"https:\/\/www.csj-emballages.com\/es\/wp-json\/wp\/v2\/media\/261869"}],"wp:attachment":[{"href":"https:\/\/www.csj-emballages.com\/es\/wp-json\/wp\/v2\/media?parent=21968"}],"wp:term":[{"taxonomy":"product_brand","embeddable":true,"href":"https:\/\/www.csj-emballages.com\/es\/wp-json\/wp\/v2\/product_brand?post=21968"},{"taxonomy":"product_cat","embeddable":true,"href":"https:\/\/www.csj-emballages.com\/es\/wp-json\/wp\/v2\/product_cat?post=21968"},{"taxonomy":"product_tag","embeddable":true,"href":"https:\/\/www.csj-emballages.com\/es\/wp-json\/wp\/v2\/product_tag?post=21968"}],"curies":[{"name":"wp","href":"https:\/\/api.w.org\/{rel}","templated":true}]}}