{"id":21914,"date":"2024-03-01T16:51:53","date_gmt":"2024-03-01T15:51:53","guid":{"rendered":"https:\/\/u15jnbdpoq.preview.infomaniak.website\/produit\/130-bandejas-de-carton-kraft-27-x-27-cm\/"},"modified":"2026-04-03T02:17:39","modified_gmt":"2026-04-03T00:17:39","slug":"130-bandejas-de-carton-kraft-27-x-27-cm","status":"publish","type":"product","link":"https:\/\/www.csj-emballages.com\/es\/produit\/130-bandejas-de-carton-kraft-27-x-27-cm\/","title":{"rendered":"Bandeja de cart\u00f3n kraft 27 x 27 cm por 130"},"content":{"rendered":"<h2>Bandeja de cart\u00f3n<\/h2>\n<hr>\n<h3>Descubre nuestra bandeja de cart\u00f3n kraft 27 x 27 cm por 130<\/h3>\n<p><!--more--><\/p>\n<p>La <strong>bandeja de cart\u00f3n kraft de 27 x 27 cm<\/strong> forma parte de nuestra <strong>gama Luxipack<\/strong>, sin\u00f3nimo de practicidad y sencillez. Dise\u00f1ada para satisfacer las necesidades de los profesionales, garantiza un transporte y una presentaci\u00f3n impecables de tus productos. Ideal para pasteler\u00edas, empresas de catering y otros negocios alimentarios, esta <strong>bandeja de<\/strong> cart\u00f3n es una soluci\u00f3n fiable y atractiva.  <\/p>\n<p>Est\u00e1 fabricada con materiales <strong>kraft<\/strong> famosos por su resistencia y durabilidad. Su formato cuadrado <strong>de 27 x 27 cm<\/strong> ofrece una capacidad adecuada para una amplia gama de usos. Adem\u00e1s, es totalmente reciclable, por lo que forma parte de un enfoque respetuoso con el medio ambiente. Optar por la <strong>gama Luxipack<\/strong> significa elegir calidad superior limitando al mismo tiempo tu impacto ecol\u00f3gico.   <\/p>\n<p>Gracias a su color <strong>kraft<\/strong> natural, la <strong>bandeja Visi\u00f3n<\/strong> es perfecta para todas tus presentaciones. Realza tus creaciones culinarias sin dejar de ser discreta y refinada. Esta <strong>bandeja de cart\u00f3n<\/strong> es una opci\u00f3n ideal para realzar tus productos y reflejar al mismo tiempo una imagen profesional. La <strong>gama Luxipack<\/strong> ha sido dise\u00f1ada para satisfacer las expectativas de los clientes m\u00e1s exigentes.   <\/p>\n<p>&nbsp;<\/p>\n<p><!--more--><\/p>\n<h4>Versatilidad sin igual<\/h4>\n<p>La <strong>bandeja Vision<\/strong> es adecuada para una amplia gama de usos, desde la presentaci\u00f3n de tartas hasta bandejas para comidas. Su elegante dise\u00f1o la hace perfecta para eventos de empresa o comida para llevar. Adem\u00e1s, esta <strong>bandeja de cart\u00f3n<\/strong> es apilable, lo que facilita su almacenamiento y transporte. La <strong>gama Luxipack<\/strong> garantiza una practicidad \u00f3ptima para todas tus operaciones.   <\/p>\n<p>Vendida en paquetes de <strong>130 unidades<\/strong>, esta <strong>bandeja de cart\u00f3n<\/strong> ofrece una excelente relaci\u00f3n calidad-precio. Este embalaje a granel te permite gestionar eficazmente tus existencias y anticiparte a tus necesidades. Esta <strong>bandeja de cart\u00f3n kraft<\/strong> re\u00fane todas las ventajas de un producto profesional: resistencia, est\u00e9tica y respeto por el medio ambiente. Al optar por la <strong>gama Luxipack<\/strong>, eliges un producto fiable, econ\u00f3mico y elegante. Con la <strong>bandeja Vision<\/strong>, podr\u00e1s exponer tus creaciones al tiempo que ofreces un servicio impecable.    <\/p>\n<p>&nbsp;<\/p>\n<p><!--more--><\/p>\n<p><span style=\"color: #ff0000;\"><strong>*Ten en cuenta que estas bandejas se venden solas y no con su tapa.<\/strong><\/span><\/p>\n<p>&nbsp;<\/p>\n<p><!--more--><\/p>\n<h4>Los beneficios:<\/h4>\n<ul>\n<li><strong>Versatilidad<\/strong>: Ideal para diversos usos, como reposter\u00eda, platos de catering o bandejas de comida.<\/li>\n<li><strong>Pr\u00e1ctico formato<\/strong>: 27 x 27 cm, ideal para exponer diversos productos.<\/li>\n<li><strong>Robustez<\/strong>: Fabricada con cart\u00f3n kraft resistente, soporta manipulaciones y cargas frecuentes.<\/li>\n<li><strong>Reciclable<\/strong>: Dise\u00f1ado en un material respetuoso con el medio ambiente, forma parte de un enfoque ecorresponsable.<\/li>\n<\/ul>\n<p>&nbsp;<\/p>\n<p><!--more--><\/p>\n<h4>Informaci\u00f3n adicional :<\/h4>\n<ul>\n<li><strong>Envase<\/strong>: Paquete de 130<\/li>\n<li><strong>Material<\/strong>: Cart\u00f3n<\/li>\n<li><strong>Dimensiones<\/strong>: 270 x 270 x 22 mm<\/li>\n<\/ul>\n<p>&nbsp;<\/p>\n<p><!--more--><\/p>\n<p>Encuentra aqu\u00ed las tapas compatibles con este producto: <span style=\"color: #d12727;\"><a style=\"color: #d12727;\" href=\"https:\/\/www.csj-emballages.com\/produit\/130-cloches-cristal-270-x-270-x-65-mm\/\">270 x 270 x 65 mm<\/a><\/span> \/ <span style=\"color: #d12727;\"><a style=\"color: #d12727;\" href=\"https:\/\/www.csj-emballages.com\/produit\/130-cloches-cristal-270-x-270-x-85-mm\/\">270 x 270 x 85 mm<\/a><\/span><\/p>\n","protected":false},"excerpt":{"rendered":"<p>Bandeja de cart\u00f3n Descubre nuestra bandeja de cart\u00f3n kraft 27 x 27 cm por 130<\/p>\n","protected":false},"featured_media":200779,"template":"","meta":{"_acf_changed":false},"product_brand":[],"product_cat":[1150,1143,1288,2585,1145,1179,1302,2586],"product_tag":[],"class_list":{"0":"post-21914","1":"product","2":"type-product","3":"status-publish","4":"has-post-thumbnail","6":"product_cat-envasado-de-alimentos","7":"product_cat-carniceria-y-charcuteria","8":"product_cat-bandejas","9":"product_cat-bandejas-de-vision","10":"product_cat-panaderia-y-pasteleria","11":"product_cat-catering-es","12":"product_cat-bandejas-es","13":"product_cat-bandejas-de-vision-es","15":"first","16":"instock","17":"taxable","18":"shipping-taxable","19":"purchasable","20":"product-type-simple"},"acf":[],"yoast_head":"<!-- This site is optimized with the Yoast SEO Premium plugin v26.6 (Yoast SEO v26.6) - https:\/\/yoast.com\/wordpress\/plugins\/seo\/ -->\n<title>Bandeja de Cart\u00f3n Kraft - 27 x 27 cm<\/title>\n<meta name=\"description\" content=\"Descubre nuestra bandeja de cart\u00f3n kraft de 27 x 27 cm de la gama Luxipack: atractiva, robusta, vers\u00e1til y respetuosa con el medio ambiente.\" \/>\n<meta name=\"robots\" content=\"index, follow, max-snippet:-1, max-image-preview:large, max-video-preview:-1\" \/>\n<link rel=\"canonical\" href=\"https:\/\/www.csj-emballages.com\/es\/produit\/130-bandejas-de-carton-kraft-27-x-27-cm\/\" \/>\n<meta property=\"og:locale\" content=\"es_ES\" \/>\n<meta property=\"og:type\" content=\"article\" \/>\n<meta property=\"og:title\" content=\"Bandeja de cart\u00f3n kraft 27 x 27 cm por 130\" \/>\n<meta property=\"og:description\" content=\"Descubre nuestra bandeja de cart\u00f3n kraft de 27 x 27 cm de la gama Luxipack: atractiva, robusta, vers\u00e1til y respetuosa con el medio ambiente.\" \/>\n<meta property=\"og:url\" content=\"https:\/\/www.csj-emballages.com\/es\/produit\/130-bandejas-de-carton-kraft-27-x-27-cm\/\" \/>\n<meta property=\"og:site_name\" content=\"CSJ Emballages\" \/>\n<meta property=\"article:publisher\" content=\"https:\/\/www.facebook.com\/csjemballages\" \/>\n<meta property=\"article:modified_time\" content=\"2026-04-03T00:17:39+00:00\" \/>\n<meta property=\"og:image\" content=\"https:\/\/www.csj-emballages.com\/wp-content\/uploads\/2024\/03\/Plateau-luxipack-G.webp\" \/>\n\t<meta property=\"og:image:width\" content=\"799\" \/>\n\t<meta property=\"og:image:height\" content=\"800\" \/>\n\t<meta property=\"og:image:type\" content=\"image\/webp\" \/>\n<meta name=\"twitter:card\" content=\"summary_large_image\" \/>\n<meta name=\"twitter:label1\" content=\"Tiempo de lectura\" \/>\n\t<meta name=\"twitter:data1\" content=\"2 minutos\" \/>\n<script type=\"application\/ld+json\" class=\"yoast-schema-graph\">{\"@context\":\"https:\/\/schema.org\",\"@graph\":[{\"@type\":\"WebPage\",\"@id\":\"https:\/\/www.csj-emballages.com\/es\/produit\/130-bandejas-de-carton-kraft-27-x-27-cm\/\",\"url\":\"https:\/\/www.csj-emballages.com\/es\/produit\/130-bandejas-de-carton-kraft-27-x-27-cm\/\",\"name\":\"Bandeja de Cart\u00f3n Kraft - 27 x 27 cm\",\"isPartOf\":{\"@id\":\"https:\/\/www.csj-emballages.com\/es\/#website\"},\"primaryImageOfPage\":{\"@id\":\"https:\/\/www.csj-emballages.com\/es\/produit\/130-bandejas-de-carton-kraft-27-x-27-cm\/#primaryimage\"},\"image\":{\"@id\":\"https:\/\/www.csj-emballages.com\/es\/produit\/130-bandejas-de-carton-kraft-27-x-27-cm\/#primaryimage\"},\"thumbnailUrl\":\"https:\/\/www.csj-emballages.com\/wp-content\/uploads\/2024\/03\/Plateau-luxipack-G.webp\",\"datePublished\":\"2024-03-01T15:51:53+00:00\",\"dateModified\":\"2026-04-03T00:17:39+00:00\",\"description\":\"Descubre nuestra bandeja de cart\u00f3n kraft de 27 x 27 cm de la gama Luxipack: atractiva, robusta, vers\u00e1til y respetuosa con el medio ambiente.\",\"breadcrumb\":{\"@id\":\"https:\/\/www.csj-emballages.com\/es\/produit\/130-bandejas-de-carton-kraft-27-x-27-cm\/#breadcrumb\"},\"inLanguage\":\"es\",\"potentialAction\":[{\"@type\":\"ReadAction\",\"target\":[\"https:\/\/www.csj-emballages.com\/es\/produit\/130-bandejas-de-carton-kraft-27-x-27-cm\/\"]}]},{\"@type\":\"ImageObject\",\"inLanguage\":\"es\",\"@id\":\"https:\/\/www.csj-emballages.com\/es\/produit\/130-bandejas-de-carton-kraft-27-x-27-cm\/#primaryimage\",\"url\":\"https:\/\/www.csj-emballages.com\/wp-content\/uploads\/2024\/03\/Plateau-luxipack-G.webp\",\"contentUrl\":\"https:\/\/www.csj-emballages.com\/wp-content\/uploads\/2024\/03\/Plateau-luxipack-G.webp\",\"width\":799,\"height\":800,\"caption\":\"Plateau carton\"},{\"@type\":\"BreadcrumbList\",\"@id\":\"https:\/\/www.csj-emballages.com\/es\/produit\/130-bandejas-de-carton-kraft-27-x-27-cm\/#breadcrumb\",\"itemListElement\":[{\"@type\":\"ListItem\",\"position\":1,\"name\":\"Accueil\",\"item\":\"https:\/\/www.csj-emballages.com\/es\/universo-del-envasado-alimentario\/\"},{\"@type\":\"ListItem\",\"position\":2,\"name\":\"Tienda\",\"item\":\"https:\/\/www.csj-emballages.com\/tienda\/\"},{\"@type\":\"ListItem\",\"position\":3,\"name\":\"Bandeja de cart\u00f3n kraft 27 x 27 cm por 130\"}]},{\"@type\":\"WebSite\",\"@id\":\"https:\/\/www.csj-emballages.com\/es\/#website\",\"url\":\"https:\/\/www.csj-emballages.com\/es\/\",\"name\":\"CSJ Emballages\",\"description\":\"\",\"publisher\":{\"@id\":\"https:\/\/www.csj-emballages.com\/es\/#organization\"},\"potentialAction\":[{\"@type\":\"SearchAction\",\"target\":{\"@type\":\"EntryPoint\",\"urlTemplate\":\"https:\/\/www.csj-emballages.com\/es\/?s={search_term_string}\"},\"query-input\":{\"@type\":\"PropertyValueSpecification\",\"valueRequired\":true,\"valueName\":\"search_term_string\"}}],\"inLanguage\":\"es\"},{\"@type\":\"Organization\",\"@id\":\"https:\/\/www.csj-emballages.com\/es\/#Organization\/\",\"name\":\"CSJ Emballages\",\"url\":\"https:\/\/www.csj-emballages.com\/es\/\",\"logo\":{\"@type\":\"ImageObject\",\"inLanguage\":\"es\",\"@id\":\"https:\/\/www.csj-emballages.com\/es\/#\/schema\/logo\/image\/\",\"url\":\"https:\/\/www.csj-emballages.com\/wp-content\/uploads\/2023\/10\/logo_csj.webp\",\"contentUrl\":\"https:\/\/www.csj-emballages.com\/wp-content\/uploads\/2023\/10\/logo_csj.webp\",\"width\":250,\"height\":95,\"caption\":\"CSJ Emballages\"},\"image\":{\"@id\":\"https:\/\/www.csj-emballages.com\/es\/#\/schema\/logo\/image\/\"},\"sameAs\":[\"https:\/\/www.facebook.com\/csjemballages\"],\"address\":{\"@type\":\"PostalAddress\",\"streetAddress\":\"ZI La Lechere\",\"addressLocality\":\"Patornay\",\"postalCode\":\"39130\",\"addressCountry\":\"FR\"},\"contactPoint\":[{\"@type\":\"ContactPoint\",\"contactType\":\"Service client\",\"telephone\":\"0384254272\",\"email\":\"contact@csj-emballages.com\"}]}]}<\/script>\n<!-- \/ Yoast SEO Premium plugin. -->","yoast_head_json":{"title":"Bandeja de Cart\u00f3n Kraft - 27 x 27 cm","description":"Descubre nuestra bandeja de cart\u00f3n kraft de 27 x 27 cm de la gama Luxipack: atractiva, robusta, vers\u00e1til y respetuosa con el medio ambiente.","robots":{"index":"index","follow":"follow","max-snippet":"max-snippet:-1","max-image-preview":"max-image-preview:large","max-video-preview":"max-video-preview:-1"},"canonical":"https:\/\/www.csj-emballages.com\/es\/produit\/130-bandejas-de-carton-kraft-27-x-27-cm\/","og_locale":"es_ES","og_type":"article","og_title":"Bandeja de cart\u00f3n kraft 27 x 27 cm por 130","og_description":"Descubre nuestra bandeja de cart\u00f3n kraft de 27 x 27 cm de la gama Luxipack: atractiva, robusta, vers\u00e1til y respetuosa con el medio ambiente.","og_url":"https:\/\/www.csj-emballages.com\/es\/produit\/130-bandejas-de-carton-kraft-27-x-27-cm\/","og_site_name":"CSJ Emballages","article_publisher":"https:\/\/www.facebook.com\/csjemballages","article_modified_time":"2026-04-03T00:17:39+00:00","og_image":[{"width":799,"height":800,"url":"https:\/\/www.csj-emballages.com\/wp-content\/uploads\/2024\/03\/Plateau-luxipack-G.webp","type":"image\/webp"}],"twitter_card":"summary_large_image","twitter_misc":{"Tiempo de lectura":"2 minutos"},"schema":{"@context":"https:\/\/schema.org","@graph":[{"@type":"WebPage","@id":"https:\/\/www.csj-emballages.com\/es\/produit\/130-bandejas-de-carton-kraft-27-x-27-cm\/","url":"https:\/\/www.csj-emballages.com\/es\/produit\/130-bandejas-de-carton-kraft-27-x-27-cm\/","name":"Bandeja de Cart\u00f3n Kraft - 27 x 27 cm","isPartOf":{"@id":"https:\/\/www.csj-emballages.com\/es\/#website"},"primaryImageOfPage":{"@id":"https:\/\/www.csj-emballages.com\/es\/produit\/130-bandejas-de-carton-kraft-27-x-27-cm\/#primaryimage"},"image":{"@id":"https:\/\/www.csj-emballages.com\/es\/produit\/130-bandejas-de-carton-kraft-27-x-27-cm\/#primaryimage"},"thumbnailUrl":"https:\/\/www.csj-emballages.com\/wp-content\/uploads\/2024\/03\/Plateau-luxipack-G.webp","datePublished":"2024-03-01T15:51:53+00:00","dateModified":"2026-04-03T00:17:39+00:00","description":"Descubre nuestra bandeja de cart\u00f3n kraft de 27 x 27 cm de la gama Luxipack: atractiva, robusta, vers\u00e1til y respetuosa con el medio ambiente.","breadcrumb":{"@id":"https:\/\/www.csj-emballages.com\/es\/produit\/130-bandejas-de-carton-kraft-27-x-27-cm\/#breadcrumb"},"inLanguage":"es","potentialAction":[{"@type":"ReadAction","target":["https:\/\/www.csj-emballages.com\/es\/produit\/130-bandejas-de-carton-kraft-27-x-27-cm\/"]}]},{"@type":"ImageObject","inLanguage":"es","@id":"https:\/\/www.csj-emballages.com\/es\/produit\/130-bandejas-de-carton-kraft-27-x-27-cm\/#primaryimage","url":"https:\/\/www.csj-emballages.com\/wp-content\/uploads\/2024\/03\/Plateau-luxipack-G.webp","contentUrl":"https:\/\/www.csj-emballages.com\/wp-content\/uploads\/2024\/03\/Plateau-luxipack-G.webp","width":799,"height":800,"caption":"Plateau carton"},{"@type":"BreadcrumbList","@id":"https:\/\/www.csj-emballages.com\/es\/produit\/130-bandejas-de-carton-kraft-27-x-27-cm\/#breadcrumb","itemListElement":[{"@type":"ListItem","position":1,"name":"Accueil","item":"https:\/\/www.csj-emballages.com\/es\/universo-del-envasado-alimentario\/"},{"@type":"ListItem","position":2,"name":"Tienda","item":"https:\/\/www.csj-emballages.com\/tienda\/"},{"@type":"ListItem","position":3,"name":"Bandeja de cart\u00f3n kraft 27 x 27 cm por 130"}]},{"@type":"WebSite","@id":"https:\/\/www.csj-emballages.com\/es\/#website","url":"https:\/\/www.csj-emballages.com\/es\/","name":"CSJ Emballages","description":"","publisher":{"@id":"https:\/\/www.csj-emballages.com\/es\/#organization"},"potentialAction":[{"@type":"SearchAction","target":{"@type":"EntryPoint","urlTemplate":"https:\/\/www.csj-emballages.com\/es\/?s={search_term_string}"},"query-input":{"@type":"PropertyValueSpecification","valueRequired":true,"valueName":"search_term_string"}}],"inLanguage":"es"},{"@type":"Organization","@id":"https:\/\/www.csj-emballages.com\/es\/#Organization\/","name":"CSJ Emballages","url":"https:\/\/www.csj-emballages.com\/es\/","logo":{"@type":"ImageObject","inLanguage":"es","@id":"https:\/\/www.csj-emballages.com\/es\/#\/schema\/logo\/image\/","url":"https:\/\/www.csj-emballages.com\/wp-content\/uploads\/2023\/10\/logo_csj.webp","contentUrl":"https:\/\/www.csj-emballages.com\/wp-content\/uploads\/2023\/10\/logo_csj.webp","width":250,"height":95,"caption":"CSJ Emballages"},"image":{"@id":"https:\/\/www.csj-emballages.com\/es\/#\/schema\/logo\/image\/"},"sameAs":["https:\/\/www.facebook.com\/csjemballages"],"address":{"@type":"PostalAddress","streetAddress":"ZI La Lechere","addressLocality":"Patornay","postalCode":"39130","addressCountry":"FR"},"contactPoint":[{"@type":"ContactPoint","contactType":"Service client","telephone":"0384254272","email":"contact@csj-emballages.com"}]}]}},"df_price":59.17,"df_sale_price":"","df_regular_price":59.17,"df_image_link":"https:\/\/www.csj-emballages.com\/wp-content\/uploads\/2024\/03\/Plateau-luxipack-G-300x300.webp","tiered_pricing_type":"fixed","tiered_pricing_fixed_rules":[],"tiered_pricing_percentage_rules":[],"tiered_pricing_minimum":1,"tiered_pricing_roles_data":[],"_links":{"self":[{"href":"https:\/\/www.csj-emballages.com\/es\/wp-json\/wp\/v2\/product\/21914","targetHints":{"allow":["GET"]}}],"collection":[{"href":"https:\/\/www.csj-emballages.com\/es\/wp-json\/wp\/v2\/product"}],"about":[{"href":"https:\/\/www.csj-emballages.com\/es\/wp-json\/wp\/v2\/types\/product"}],"wp:featuredmedia":[{"embeddable":true,"href":"https:\/\/www.csj-emballages.com\/es\/wp-json\/wp\/v2\/media\/200779"}],"wp:attachment":[{"href":"https:\/\/www.csj-emballages.com\/es\/wp-json\/wp\/v2\/media?parent=21914"}],"wp:term":[{"taxonomy":"product_brand","embeddable":true,"href":"https:\/\/www.csj-emballages.com\/es\/wp-json\/wp\/v2\/product_brand?post=21914"},{"taxonomy":"product_cat","embeddable":true,"href":"https:\/\/www.csj-emballages.com\/es\/wp-json\/wp\/v2\/product_cat?post=21914"},{"taxonomy":"product_tag","embeddable":true,"href":"https:\/\/www.csj-emballages.com\/es\/wp-json\/wp\/v2\/product_tag?post=21914"}],"curies":[{"name":"wp","href":"https:\/\/api.w.org\/{rel}","templated":true}]}}