{"id":21900,"date":"2024-03-01T16:51:54","date_gmt":"2024-03-01T15:51:54","guid":{"rendered":"https:\/\/u15jnbdpoq.preview.infomaniak.website\/produit\/limpiacristales-en-spray-750-ml\/"},"modified":"2026-04-18T02:15:12","modified_gmt":"2026-04-18T00:15:12","slug":"limpiacristales-en-spray-750-ml","status":"publish","type":"product","link":"https:\/\/www.csj-emballages.com\/es\/produit\/limpiacristales-en-spray-750-ml\/","title":{"rendered":"Spray limpiacristales 750 ml"},"content":{"rendered":"<div style=\"color: #000000\">\n<div style=\"color: #000000\">\n<div style=\"color: #000000\">\n<div style=\"color: #000000\">\n<div style=\"color: #000000\">\n<div style=\"color: #000000\">\n<h2 class=\"p1 ai-optimize-26 ai-optimize-introduction\">L\u00edquido limpiacristales<\/h2>\n<hr>\n<h3 class=\"ai-optimize-27\">Descripci\u00f3n de nuestro l\u00edquido limpiacristales en pistola 750 ml<\/h3>\n<p><!--more--><\/p>\n<p class=\"ai-optimize-44 ai-optimize-introduction\" data-start=\"272\" data-end=\"709\">Dise\u00f1ado tanto para profesionales como para propietarios exigentes, este <strong>l\u00edquido limpiacristales en spray de 750 ml<\/strong> es su mejor aliado para una limpieza r\u00e1pida, eficaz y sin esfuerzo de las superficies acristaladas. Ya sea para ventanas, espejos, parabrisas o cualquier otra superficie no porosa, su f\u00f3rmula especial act\u00faa de inmediato para disolver la suciedad, las huellas, el polvo y los residuos grasos. <\/p>\n<p class=\"ai-optimize-45\" data-start=\"711\" data-end=\"1039\">Gracias a su <strong data-start=\"722\" data-end=\"749\">composici\u00f3n antimanchas<\/strong>, deja las superficies perfectamente limpias, <strong data-start=\"796\" data-end=\"820\">sin rayas ni residuos<\/strong>. Conseguir\u00e1 un brillo limpio y duradero, sin tener que fregar durante horas. El formato de <strong>pistola<\/strong> garantiza una <strong data-start=\"938\" data-end=\"972\">pulverizaci\u00f3n fina y uniforme<\/strong>, facilitando la aplicaci\u00f3n del producto y reduciendo los residuos.  <\/p>\n<p class=\"ai-optimize-46\" data-start=\"1041\" data-end=\"1304\">Pr\u00e1ctico y listo para usar, este producto es ideal para el uso diario en el lugar de trabajo (restaurantes, escaparates, oficinas, hoteles, etc.) o en casa. Se seca r\u00e1pidamente y no necesita aclarado, lo que le permite ahorrar un tiempo precioso. <\/p>\n<p class=\"ai-optimize-47\" data-start=\"1306\" data-end=\"1481\">\u00bfTiene <strong>ventanas<\/strong> que necesitan brillo? Este producto es una apuesta segura, ya sea para un simple mantenimiento o para una limpieza a fondo antes de un evento o una inspecci\u00f3n. <\/p>\n<p><!--more--><\/p>\n<h4 class=\"ai-optimize-33\">Ventajas:<\/h4>\n<ul>\n<li class=\"ai-optimize-34\">Limpia sin dejar rayas ni residuos.<\/li>\n<li class=\"ai-optimize-35\">Formato de pistola pr\u00e1ctico y econ\u00f3mico.<\/li>\n<li class=\"ai-optimize-37\">Apto para todo tipo de vidrio y superficies no porosas.<\/li>\n<li class=\"ai-optimize-31\">Se seca r\u00e1pidamente, sin necesidad de aclarado.<\/li>\n<\/ul>\n<p>&nbsp;<\/p>\n<p><!--more--><\/p>\n<h4 class=\"ai-optimize-40\">Informaci\u00f3n adicional :<\/h4>\n<\/div>\n<ul>\n<li class=\"ai-optimize-41\"><strong>Embalaje<\/strong>: Por unidad<\/li>\n<li class=\"ai-optimize-45\"><strong>Uso<\/strong>: Limpiacristales<\/li>\n<li class=\"ai-optimize-44\"><strong>Volumen<\/strong>: 750 ml<\/li>\n<\/ul>\n<p>&nbsp;<\/p>\n<\/div>\n<\/div>\n<\/div>\n<\/div>\n<\/div>\n<p><!--more--><\/p>\n<p class=\"ai-optimize-42\">Tambi\u00e9n puede encontrar nuestro l\u00edquido limpiacristales en 5 L: <span style=\"color: #d12727\"><a style=\"color: #d12727\" href=\"https:\/\/www.csj-emballages.com\/produit\/liquide-nettoyant-vitre-5-l\/\">LVIT<\/a><\/span><\/p>\n<p>&nbsp;<\/p>\n<p><!--more--><\/p>\n<p class=\"ai-optimize-43\"><a href=\"https:\/\/www.csj-emballages.com\/es\/categorie-produit\/higiene-y-mantenimiento\/productos-de-limpieza\/mantenimiento-de-cristales-paredes\/cuidado-de-las-ventanas\/\">Ver el resto de nuestra gama de productos para el cuidado de las ventanas<\/a><\/p>\n","protected":false},"excerpt":{"rendered":"<p>L\u00edquido limpiacristales Descripci\u00f3n de nuestro l\u00edquido limpiacristales en pistola 750 ml<\/p>\n","protected":false},"featured_media":235603,"template":"","meta":{"_acf_changed":false},"product_brand":[],"product_cat":[1226,1227,1905,2842],"product_tag":[],"class_list":{"0":"post-21900","1":"product","2":"type-product","3":"status-publish","4":"has-post-thumbnail","6":"product_cat-higiene-y-mantenimiento","7":"product_cat-productos-de-limpieza","8":"product_cat-mantenimiento-de-cristales-paredes","9":"product_cat-cuidado-de-las-ventanas","11":"first","12":"instock","13":"taxable","14":"shipping-taxable","15":"purchasable","16":"product-type-simple"},"acf":[],"yoast_head":"<!-- This site is optimized with the Yoast SEO Premium plugin v26.6 (Yoast SEO v26.6) - https:\/\/yoast.com\/wordpress\/plugins\/seo\/ -->\n<title>L\u00edquido limpiacristales con pistola 750 ml<\/title>\n<meta name=\"description\" content=\"Limpiacristales en spray 750 ml: limpia cristales y superficies no porosas sin dejar rayas. Ideal para uso profesional o dom\u00e9stico.\" \/>\n<meta name=\"robots\" content=\"index, follow, max-snippet:-1, max-image-preview:large, max-video-preview:-1\" \/>\n<link rel=\"canonical\" href=\"https:\/\/www.csj-emballages.com\/es\/produit\/limpiacristales-en-spray-750-ml\/\" \/>\n<meta property=\"og:locale\" content=\"es_ES\" \/>\n<meta property=\"og:type\" content=\"article\" \/>\n<meta property=\"og:title\" content=\"Spray limpiacristales 750 ml\" \/>\n<meta property=\"og:description\" content=\"Limpiacristales en spray 750 ml: limpia cristales y superficies no porosas sin dejar rayas. Ideal para uso profesional o dom\u00e9stico.\" \/>\n<meta property=\"og:url\" content=\"https:\/\/www.csj-emballages.com\/es\/produit\/limpiacristales-en-spray-750-ml\/\" \/>\n<meta property=\"og:site_name\" content=\"CSJ Emballages\" \/>\n<meta property=\"article:publisher\" content=\"https:\/\/www.facebook.com\/csjemballages\" \/>\n<meta property=\"article:modified_time\" content=\"2026-04-18T00:15:12+00:00\" \/>\n<meta property=\"og:image\" content=\"https:\/\/www.csj-emballages.com\/wp-content\/uploads\/2024\/03\/LVITP.webp\" \/>\n\t<meta property=\"og:image:width\" content=\"800\" \/>\n\t<meta property=\"og:image:height\" content=\"800\" \/>\n\t<meta property=\"og:image:type\" content=\"image\/webp\" \/>\n<meta name=\"twitter:card\" content=\"summary_large_image\" \/>\n<meta name=\"twitter:label1\" content=\"Tiempo de lectura\" \/>\n\t<meta name=\"twitter:data1\" content=\"1 minuto\" \/>\n<script type=\"application\/ld+json\" class=\"yoast-schema-graph\">{\"@context\":\"https:\/\/schema.org\",\"@graph\":[{\"@type\":\"WebPage\",\"@id\":\"https:\/\/www.csj-emballages.com\/es\/produit\/limpiacristales-en-spray-750-ml\/\",\"url\":\"https:\/\/www.csj-emballages.com\/es\/produit\/limpiacristales-en-spray-750-ml\/\",\"name\":\"L\u00edquido limpiacristales con pistola 750 ml\",\"isPartOf\":{\"@id\":\"https:\/\/www.csj-emballages.com\/es\/#website\"},\"primaryImageOfPage\":{\"@id\":\"https:\/\/www.csj-emballages.com\/es\/produit\/limpiacristales-en-spray-750-ml\/#primaryimage\"},\"image\":{\"@id\":\"https:\/\/www.csj-emballages.com\/es\/produit\/limpiacristales-en-spray-750-ml\/#primaryimage\"},\"thumbnailUrl\":\"https:\/\/www.csj-emballages.com\/wp-content\/uploads\/2024\/03\/LVITP.webp\",\"datePublished\":\"2024-03-01T15:51:54+00:00\",\"dateModified\":\"2026-04-18T00:15:12+00:00\",\"description\":\"Limpiacristales en spray 750 ml: limpia cristales y superficies no porosas sin dejar rayas. Ideal para uso profesional o dom\u00e9stico.\",\"breadcrumb\":{\"@id\":\"https:\/\/www.csj-emballages.com\/es\/produit\/limpiacristales-en-spray-750-ml\/#breadcrumb\"},\"inLanguage\":\"es\",\"potentialAction\":[{\"@type\":\"ReadAction\",\"target\":[\"https:\/\/www.csj-emballages.com\/es\/produit\/limpiacristales-en-spray-750-ml\/\"]}]},{\"@type\":\"ImageObject\",\"inLanguage\":\"es\",\"@id\":\"https:\/\/www.csj-emballages.com\/es\/produit\/limpiacristales-en-spray-750-ml\/#primaryimage\",\"url\":\"https:\/\/www.csj-emballages.com\/wp-content\/uploads\/2024\/03\/LVITP.webp\",\"contentUrl\":\"https:\/\/www.csj-emballages.com\/wp-content\/uploads\/2024\/03\/LVITP.webp\",\"width\":800,\"height\":800,\"caption\":\"Liquide lave vitre\"},{\"@type\":\"BreadcrumbList\",\"@id\":\"https:\/\/www.csj-emballages.com\/es\/produit\/limpiacristales-en-spray-750-ml\/#breadcrumb\",\"itemListElement\":[{\"@type\":\"ListItem\",\"position\":1,\"name\":\"Accueil\",\"item\":\"https:\/\/www.csj-emballages.com\/es\/universo-del-envasado-alimentario\/\"},{\"@type\":\"ListItem\",\"position\":2,\"name\":\"Tienda\",\"item\":\"https:\/\/www.csj-emballages.com\/tienda\/\"},{\"@type\":\"ListItem\",\"position\":3,\"name\":\"Spray limpiacristales 750 ml\"}]},{\"@type\":\"WebSite\",\"@id\":\"https:\/\/www.csj-emballages.com\/es\/#website\",\"url\":\"https:\/\/www.csj-emballages.com\/es\/\",\"name\":\"CSJ Emballages\",\"description\":\"\",\"publisher\":{\"@id\":\"https:\/\/www.csj-emballages.com\/es\/#organization\"},\"potentialAction\":[{\"@type\":\"SearchAction\",\"target\":{\"@type\":\"EntryPoint\",\"urlTemplate\":\"https:\/\/www.csj-emballages.com\/es\/?s={search_term_string}\"},\"query-input\":{\"@type\":\"PropertyValueSpecification\",\"valueRequired\":true,\"valueName\":\"search_term_string\"}}],\"inLanguage\":\"es\"},{\"@type\":\"Organization\",\"@id\":\"https:\/\/www.csj-emballages.com\/es\/#Organization\/\",\"name\":\"CSJ Emballages\",\"url\":\"https:\/\/www.csj-emballages.com\/es\/\",\"logo\":{\"@type\":\"ImageObject\",\"inLanguage\":\"es\",\"@id\":\"https:\/\/www.csj-emballages.com\/es\/#\/schema\/logo\/image\/\",\"url\":\"https:\/\/www.csj-emballages.com\/wp-content\/uploads\/2023\/10\/logo_csj.webp\",\"contentUrl\":\"https:\/\/www.csj-emballages.com\/wp-content\/uploads\/2023\/10\/logo_csj.webp\",\"width\":250,\"height\":95,\"caption\":\"CSJ Emballages\"},\"image\":{\"@id\":\"https:\/\/www.csj-emballages.com\/es\/#\/schema\/logo\/image\/\"},\"sameAs\":[\"https:\/\/www.facebook.com\/csjemballages\"],\"address\":{\"@type\":\"PostalAddress\",\"streetAddress\":\"ZI La Lechere\",\"addressLocality\":\"Patornay\",\"postalCode\":\"39130\",\"addressCountry\":\"FR\"},\"contactPoint\":[{\"@type\":\"ContactPoint\",\"contactType\":\"Service client\",\"telephone\":\"0384254272\",\"email\":\"contact@csj-emballages.com\"}]}]}<\/script>\n<!-- \/ Yoast SEO Premium plugin. -->","yoast_head_json":{"title":"L\u00edquido limpiacristales con pistola 750 ml","description":"Limpiacristales en spray 750 ml: limpia cristales y superficies no porosas sin dejar rayas. Ideal para uso profesional o dom\u00e9stico.","robots":{"index":"index","follow":"follow","max-snippet":"max-snippet:-1","max-image-preview":"max-image-preview:large","max-video-preview":"max-video-preview:-1"},"canonical":"https:\/\/www.csj-emballages.com\/es\/produit\/limpiacristales-en-spray-750-ml\/","og_locale":"es_ES","og_type":"article","og_title":"Spray limpiacristales 750 ml","og_description":"Limpiacristales en spray 750 ml: limpia cristales y superficies no porosas sin dejar rayas. Ideal para uso profesional o dom\u00e9stico.","og_url":"https:\/\/www.csj-emballages.com\/es\/produit\/limpiacristales-en-spray-750-ml\/","og_site_name":"CSJ Emballages","article_publisher":"https:\/\/www.facebook.com\/csjemballages","article_modified_time":"2026-04-18T00:15:12+00:00","og_image":[{"width":800,"height":800,"url":"https:\/\/www.csj-emballages.com\/wp-content\/uploads\/2024\/03\/LVITP.webp","type":"image\/webp"}],"twitter_card":"summary_large_image","twitter_misc":{"Tiempo de lectura":"1 minuto"},"schema":{"@context":"https:\/\/schema.org","@graph":[{"@type":"WebPage","@id":"https:\/\/www.csj-emballages.com\/es\/produit\/limpiacristales-en-spray-750-ml\/","url":"https:\/\/www.csj-emballages.com\/es\/produit\/limpiacristales-en-spray-750-ml\/","name":"L\u00edquido limpiacristales con pistola 750 ml","isPartOf":{"@id":"https:\/\/www.csj-emballages.com\/es\/#website"},"primaryImageOfPage":{"@id":"https:\/\/www.csj-emballages.com\/es\/produit\/limpiacristales-en-spray-750-ml\/#primaryimage"},"image":{"@id":"https:\/\/www.csj-emballages.com\/es\/produit\/limpiacristales-en-spray-750-ml\/#primaryimage"},"thumbnailUrl":"https:\/\/www.csj-emballages.com\/wp-content\/uploads\/2024\/03\/LVITP.webp","datePublished":"2024-03-01T15:51:54+00:00","dateModified":"2026-04-18T00:15:12+00:00","description":"Limpiacristales en spray 750 ml: limpia cristales y superficies no porosas sin dejar rayas. Ideal para uso profesional o dom\u00e9stico.","breadcrumb":{"@id":"https:\/\/www.csj-emballages.com\/es\/produit\/limpiacristales-en-spray-750-ml\/#breadcrumb"},"inLanguage":"es","potentialAction":[{"@type":"ReadAction","target":["https:\/\/www.csj-emballages.com\/es\/produit\/limpiacristales-en-spray-750-ml\/"]}]},{"@type":"ImageObject","inLanguage":"es","@id":"https:\/\/www.csj-emballages.com\/es\/produit\/limpiacristales-en-spray-750-ml\/#primaryimage","url":"https:\/\/www.csj-emballages.com\/wp-content\/uploads\/2024\/03\/LVITP.webp","contentUrl":"https:\/\/www.csj-emballages.com\/wp-content\/uploads\/2024\/03\/LVITP.webp","width":800,"height":800,"caption":"Liquide lave vitre"},{"@type":"BreadcrumbList","@id":"https:\/\/www.csj-emballages.com\/es\/produit\/limpiacristales-en-spray-750-ml\/#breadcrumb","itemListElement":[{"@type":"ListItem","position":1,"name":"Accueil","item":"https:\/\/www.csj-emballages.com\/es\/universo-del-envasado-alimentario\/"},{"@type":"ListItem","position":2,"name":"Tienda","item":"https:\/\/www.csj-emballages.com\/tienda\/"},{"@type":"ListItem","position":3,"name":"Spray limpiacristales 750 ml"}]},{"@type":"WebSite","@id":"https:\/\/www.csj-emballages.com\/es\/#website","url":"https:\/\/www.csj-emballages.com\/es\/","name":"CSJ Emballages","description":"","publisher":{"@id":"https:\/\/www.csj-emballages.com\/es\/#organization"},"potentialAction":[{"@type":"SearchAction","target":{"@type":"EntryPoint","urlTemplate":"https:\/\/www.csj-emballages.com\/es\/?s={search_term_string}"},"query-input":{"@type":"PropertyValueSpecification","valueRequired":true,"valueName":"search_term_string"}}],"inLanguage":"es"},{"@type":"Organization","@id":"https:\/\/www.csj-emballages.com\/es\/#Organization\/","name":"CSJ Emballages","url":"https:\/\/www.csj-emballages.com\/es\/","logo":{"@type":"ImageObject","inLanguage":"es","@id":"https:\/\/www.csj-emballages.com\/es\/#\/schema\/logo\/image\/","url":"https:\/\/www.csj-emballages.com\/wp-content\/uploads\/2023\/10\/logo_csj.webp","contentUrl":"https:\/\/www.csj-emballages.com\/wp-content\/uploads\/2023\/10\/logo_csj.webp","width":250,"height":95,"caption":"CSJ Emballages"},"image":{"@id":"https:\/\/www.csj-emballages.com\/es\/#\/schema\/logo\/image\/"},"sameAs":["https:\/\/www.facebook.com\/csjemballages"],"address":{"@type":"PostalAddress","streetAddress":"ZI La Lechere","addressLocality":"Patornay","postalCode":"39130","addressCountry":"FR"},"contactPoint":[{"@type":"ContactPoint","contactType":"Service client","telephone":"0384254272","email":"contact@csj-emballages.com"}]}]}},"df_price":2.22,"df_sale_price":"","df_regular_price":2.22,"df_image_link":"https:\/\/www.csj-emballages.com\/wp-content\/uploads\/2024\/03\/LVITP-300x300.webp","tiered_pricing_type":"fixed","tiered_pricing_fixed_rules":[],"tiered_pricing_percentage_rules":[],"tiered_pricing_minimum":1,"tiered_pricing_roles_data":[],"_links":{"self":[{"href":"https:\/\/www.csj-emballages.com\/es\/wp-json\/wp\/v2\/product\/21900","targetHints":{"allow":["GET"]}}],"collection":[{"href":"https:\/\/www.csj-emballages.com\/es\/wp-json\/wp\/v2\/product"}],"about":[{"href":"https:\/\/www.csj-emballages.com\/es\/wp-json\/wp\/v2\/types\/product"}],"wp:featuredmedia":[{"embeddable":true,"href":"https:\/\/www.csj-emballages.com\/es\/wp-json\/wp\/v2\/media\/235603"}],"wp:attachment":[{"href":"https:\/\/www.csj-emballages.com\/es\/wp-json\/wp\/v2\/media?parent=21900"}],"wp:term":[{"taxonomy":"product_brand","embeddable":true,"href":"https:\/\/www.csj-emballages.com\/es\/wp-json\/wp\/v2\/product_brand?post=21900"},{"taxonomy":"product_cat","embeddable":true,"href":"https:\/\/www.csj-emballages.com\/es\/wp-json\/wp\/v2\/product_cat?post=21900"},{"taxonomy":"product_tag","embeddable":true,"href":"https:\/\/www.csj-emballages.com\/es\/wp-json\/wp\/v2\/product_tag?post=21900"}],"curies":[{"name":"wp","href":"https:\/\/api.w.org\/{rel}","templated":true}]}}