{"id":21871,"date":"2024-03-01T16:51:54","date_gmt":"2024-03-01T15:51:54","guid":{"rendered":"https:\/\/u15jnbdpoq.preview.infomaniak.website\/produit\/liquido-de-enjuague-para-maquinas-todo-agua-5-l\/"},"modified":"2026-04-24T02:14:39","modified_gmt":"2026-04-24T00:14:39","slug":"liquido-de-enjuague-para-maquinas-todo-agua-5-l","status":"publish","type":"product","link":"https:\/\/www.csj-emballages.com\/es\/produit\/liquido-de-enjuague-para-maquinas-todo-agua-5-l\/","title":{"rendered":"L\u00edquido de enjuague para m\u00e1quinas todo agua 5 L"},"content":{"rendered":"<h2>Abrillantador lavavajillas autom\u00e1tico 5L<\/h2>\n<div style=\"font-family: Roboto, sans-serif;\">\n<div style=\"font-family: Roboto, sans-serif;\">\n<div style=\"font-family: Roboto, sans-serif;\">\n<div style=\"font-family: Roboto, sans-serif;\">\n<div style=\"font-family: Roboto, sans-serif;\">\n<div style=\"font-family: Roboto, sans-serif;\">\n<hr>\n<h3>Descripci\u00f3n del producto<\/h3>\n<p><!--more--><\/p>\n<p>El l\u00edquido de aclarado para lavavajillas autom\u00e1ticos es un producto especialmente formulado para optimizar el proceso de aclarado de la m\u00e1quina. Su principal acci\u00f3n es neutralizar los residuos de detergente y ayudar a eliminar los restos de cal o minerales. A diferencia de los productos tradicionales, este l\u00edquido no produce espuma excesiva, lo que es esencial para garantizar el buen funcionamiento de los lavavajillas profesionales y dom\u00e9sticos.  <\/p>\n<p>Gracias a su composici\u00f3n \u00e1cida, act\u00faa deshaciendo los residuos dejados por el agua y el detergente, a la vez que seca r\u00e1pidamente. Seca uniformemente, reduciendo el riesgo de rayas en su vajilla. <\/p>\n<p>&nbsp;<\/p>\n<\/div>\n<\/div>\n<\/div>\n<\/div>\n<\/div>\n<\/div>\n<p><!--more--><\/p>\n<h4>Instrucciones de uso :<\/h4>\n<p>Aplicar a m\u00e1quina a una dosis de 0,2 a 0,6 gr\/l. de agua de aclarado. Su composici\u00f3n no contiene elementos que puedan alterar el sistema de inyecci\u00f3n, la m\u00e1quina o las superficies tratadas.<\/p>\n<h3><\/h3>\n<p><!--more--><\/p>\n<div style=\"font-family: Roboto, sans-serif;\">\n<div style=\"font-family: Roboto, sans-serif;\">\n<div style=\"font-family: Roboto, sans-serif;\">\n<div style=\"font-family: Roboto, sans-serif;\">\n<div style=\"font-family: Roboto, sans-serif;\">\n<div style=\"font-family: Roboto, sans-serif;\">\n<h4><strong>Ventajas:<\/strong><\/h4>\n<ul>\n<li><strong>Secado r\u00e1pido<\/strong>: Su composici\u00f3n permite un secado acelerado, reduciendo el tiempo de espera despu\u00e9s de cada ciclo de lavado.<\/li>\n<li><strong>Resultados sin estr\u00edas<\/strong>: Elimina eficazmente los restos de cal.<\/li>\n<li><strong>Sin<\/strong> espuma: A diferencia de otros productos, no produce espuma, lo que garantiza un rendimiento \u00f3ptimo.<\/li>\n<\/ul>\n<p>&nbsp;<\/p>\n<\/div>\n<\/div>\n<\/div>\n<\/div>\n<\/div>\n<\/div>\n<p><!--more--><\/p>\n<p><a href=\"\/?product_cat=lave-vaiselle\">Consulta aqu\u00ed el resto de nuestra gama de lavavajillas<\/a><\/p>\n","protected":false},"excerpt":{"rendered":"<p>Abrillantador lavavajillas autom\u00e1tico 5L Descripci\u00f3n del producto<\/p>\n","protected":false},"featured_media":99644,"template":"","meta":{"_acf_changed":false},"product_brand":[],"product_cat":[1226,1227,1228,1385],"product_tag":[],"class_list":{"0":"post-21871","1":"product","2":"type-product","3":"status-publish","4":"has-post-thumbnail","6":"product_cat-higiene-y-mantenimiento","7":"product_cat-productos-de-limpieza","8":"product_cat-cuidado-de-los-platos","9":"product_cat-lavavajillas","10":"product_shipping_class-no-permitido-en-reles","12":"first","13":"instock","14":"taxable","15":"shipping-taxable","16":"purchasable","17":"product-type-simple"},"acf":[],"yoast_head":"<!-- This site is optimized with the Yoast SEO Premium plugin v26.6 (Yoast SEO v26.6) - https:\/\/yoast.com\/wordpress\/plugins\/seo\/ -->\n<title>Abrillantador lavavajillas autom\u00e1tico - Todo tipo de agua 5L<\/title>\n<meta name=\"description\" content=\"Abrillantador autom\u00e1tico para lavavajillas. Secado r\u00e1pido, sin espuma y sin manchas. Compatible con todo tipo de aguas.\" \/>\n<meta name=\"robots\" content=\"index, follow, max-snippet:-1, max-image-preview:large, max-video-preview:-1\" \/>\n<link rel=\"canonical\" href=\"https:\/\/www.csj-emballages.com\/es\/produit\/liquido-de-enjuague-para-maquinas-todo-agua-5-l\/\" \/>\n<meta property=\"og:locale\" content=\"es_ES\" \/>\n<meta property=\"og:type\" content=\"article\" \/>\n<meta property=\"og:title\" content=\"L\u00edquido de enjuague para m\u00e1quinas todo agua 5 L\" \/>\n<meta property=\"og:description\" content=\"Abrillantador autom\u00e1tico para lavavajillas. Secado r\u00e1pido, sin espuma y sin manchas. Compatible con todo tipo de aguas.\" \/>\n<meta property=\"og:url\" content=\"https:\/\/www.csj-emballages.com\/es\/produit\/liquido-de-enjuague-para-maquinas-todo-agua-5-l\/\" \/>\n<meta property=\"og:site_name\" content=\"CSJ Emballages\" \/>\n<meta property=\"article:publisher\" content=\"https:\/\/www.facebook.com\/csjemballages\" \/>\n<meta property=\"article:modified_time\" content=\"2026-04-24T00:14:39+00:00\" \/>\n<meta property=\"og:image\" content=\"https:\/\/www.csj-emballages.com\/wp-content\/uploads\/2024\/03\/3ddd233e-16aa-41a1-a2fa-e8886be5dd36-removebg-preview.png\" \/>\n\t<meta property=\"og:image:width\" content=\"500\" \/>\n\t<meta property=\"og:image:height\" content=\"500\" \/>\n\t<meta property=\"og:image:type\" content=\"image\/png\" \/>\n<meta name=\"twitter:card\" content=\"summary_large_image\" \/>\n<meta name=\"twitter:label1\" content=\"Tiempo de lectura\" \/>\n\t<meta name=\"twitter:data1\" content=\"1 minuto\" \/>\n<script type=\"application\/ld+json\" class=\"yoast-schema-graph\">{\"@context\":\"https:\/\/schema.org\",\"@graph\":[{\"@type\":\"WebPage\",\"@id\":\"https:\/\/www.csj-emballages.com\/es\/produit\/liquido-de-enjuague-para-maquinas-todo-agua-5-l\/\",\"url\":\"https:\/\/www.csj-emballages.com\/es\/produit\/liquido-de-enjuague-para-maquinas-todo-agua-5-l\/\",\"name\":\"Abrillantador lavavajillas autom\u00e1tico - Todo tipo de agua 5L\",\"isPartOf\":{\"@id\":\"https:\/\/www.csj-emballages.com\/es\/#website\"},\"primaryImageOfPage\":{\"@id\":\"https:\/\/www.csj-emballages.com\/es\/produit\/liquido-de-enjuague-para-maquinas-todo-agua-5-l\/#primaryimage\"},\"image\":{\"@id\":\"https:\/\/www.csj-emballages.com\/es\/produit\/liquido-de-enjuague-para-maquinas-todo-agua-5-l\/#primaryimage\"},\"thumbnailUrl\":\"https:\/\/www.csj-emballages.com\/wp-content\/uploads\/2024\/03\/3ddd233e-16aa-41a1-a2fa-e8886be5dd36-removebg-preview.png\",\"datePublished\":\"2024-03-01T15:51:54+00:00\",\"dateModified\":\"2026-04-24T00:14:39+00:00\",\"description\":\"Abrillantador autom\u00e1tico para lavavajillas. Secado r\u00e1pido, sin espuma y sin manchas. Compatible con todo tipo de aguas.\",\"breadcrumb\":{\"@id\":\"https:\/\/www.csj-emballages.com\/es\/produit\/liquido-de-enjuague-para-maquinas-todo-agua-5-l\/#breadcrumb\"},\"inLanguage\":\"es\",\"potentialAction\":[{\"@type\":\"ReadAction\",\"target\":[\"https:\/\/www.csj-emballages.com\/es\/produit\/liquido-de-enjuague-para-maquinas-todo-agua-5-l\/\"]}]},{\"@type\":\"ImageObject\",\"inLanguage\":\"es\",\"@id\":\"https:\/\/www.csj-emballages.com\/es\/produit\/liquido-de-enjuague-para-maquinas-todo-agua-5-l\/#primaryimage\",\"url\":\"https:\/\/www.csj-emballages.com\/wp-content\/uploads\/2024\/03\/3ddd233e-16aa-41a1-a2fa-e8886be5dd36-removebg-preview.png\",\"contentUrl\":\"https:\/\/www.csj-emballages.com\/wp-content\/uploads\/2024\/03\/3ddd233e-16aa-41a1-a2fa-e8886be5dd36-removebg-preview.png\",\"width\":500,\"height\":500,\"caption\":\"Liquide rin\u00e7age lave-vaisselle automatique\"},{\"@type\":\"BreadcrumbList\",\"@id\":\"https:\/\/www.csj-emballages.com\/es\/produit\/liquido-de-enjuague-para-maquinas-todo-agua-5-l\/#breadcrumb\",\"itemListElement\":[{\"@type\":\"ListItem\",\"position\":1,\"name\":\"Accueil\",\"item\":\"https:\/\/www.csj-emballages.com\/es\/universo-del-envasado-alimentario\/\"},{\"@type\":\"ListItem\",\"position\":2,\"name\":\"Tienda\",\"item\":\"https:\/\/www.csj-emballages.com\/tienda\/\"},{\"@type\":\"ListItem\",\"position\":3,\"name\":\"L\u00edquido de enjuague para m\u00e1quinas todo agua 5 L\"}]},{\"@type\":\"WebSite\",\"@id\":\"https:\/\/www.csj-emballages.com\/es\/#website\",\"url\":\"https:\/\/www.csj-emballages.com\/es\/\",\"name\":\"CSJ Emballages\",\"description\":\"\",\"publisher\":{\"@id\":\"https:\/\/www.csj-emballages.com\/es\/#organization\"},\"potentialAction\":[{\"@type\":\"SearchAction\",\"target\":{\"@type\":\"EntryPoint\",\"urlTemplate\":\"https:\/\/www.csj-emballages.com\/es\/?s={search_term_string}\"},\"query-input\":{\"@type\":\"PropertyValueSpecification\",\"valueRequired\":true,\"valueName\":\"search_term_string\"}}],\"inLanguage\":\"es\"},{\"@type\":\"Organization\",\"@id\":\"https:\/\/www.csj-emballages.com\/es\/#Organization\/\",\"name\":\"CSJ Emballages\",\"url\":\"https:\/\/www.csj-emballages.com\/es\/\",\"logo\":{\"@type\":\"ImageObject\",\"inLanguage\":\"es\",\"@id\":\"https:\/\/www.csj-emballages.com\/es\/#\/schema\/logo\/image\/\",\"url\":\"https:\/\/www.csj-emballages.com\/wp-content\/uploads\/2023\/10\/logo_csj.webp\",\"contentUrl\":\"https:\/\/www.csj-emballages.com\/wp-content\/uploads\/2023\/10\/logo_csj.webp\",\"width\":250,\"height\":95,\"caption\":\"CSJ Emballages\"},\"image\":{\"@id\":\"https:\/\/www.csj-emballages.com\/es\/#\/schema\/logo\/image\/\"},\"sameAs\":[\"https:\/\/www.facebook.com\/csjemballages\"],\"address\":{\"@type\":\"PostalAddress\",\"streetAddress\":\"ZI La Lechere\",\"addressLocality\":\"Patornay\",\"postalCode\":\"39130\",\"addressCountry\":\"FR\"},\"contactPoint\":[{\"@type\":\"ContactPoint\",\"contactType\":\"Service client\",\"telephone\":\"0384254272\",\"email\":\"contact@csj-emballages.com\"}]}]}<\/script>\n<!-- \/ Yoast SEO Premium plugin. -->","yoast_head_json":{"title":"Abrillantador lavavajillas autom\u00e1tico - Todo tipo de agua 5L","description":"Abrillantador autom\u00e1tico para lavavajillas. Secado r\u00e1pido, sin espuma y sin manchas. Compatible con todo tipo de aguas.","robots":{"index":"index","follow":"follow","max-snippet":"max-snippet:-1","max-image-preview":"max-image-preview:large","max-video-preview":"max-video-preview:-1"},"canonical":"https:\/\/www.csj-emballages.com\/es\/produit\/liquido-de-enjuague-para-maquinas-todo-agua-5-l\/","og_locale":"es_ES","og_type":"article","og_title":"L\u00edquido de enjuague para m\u00e1quinas todo agua 5 L","og_description":"Abrillantador autom\u00e1tico para lavavajillas. Secado r\u00e1pido, sin espuma y sin manchas. Compatible con todo tipo de aguas.","og_url":"https:\/\/www.csj-emballages.com\/es\/produit\/liquido-de-enjuague-para-maquinas-todo-agua-5-l\/","og_site_name":"CSJ Emballages","article_publisher":"https:\/\/www.facebook.com\/csjemballages","article_modified_time":"2026-04-24T00:14:39+00:00","og_image":[{"width":500,"height":500,"url":"https:\/\/www.csj-emballages.com\/wp-content\/uploads\/2024\/03\/3ddd233e-16aa-41a1-a2fa-e8886be5dd36-removebg-preview.png","type":"image\/png"}],"twitter_card":"summary_large_image","twitter_misc":{"Tiempo de lectura":"1 minuto"},"schema":{"@context":"https:\/\/schema.org","@graph":[{"@type":"WebPage","@id":"https:\/\/www.csj-emballages.com\/es\/produit\/liquido-de-enjuague-para-maquinas-todo-agua-5-l\/","url":"https:\/\/www.csj-emballages.com\/es\/produit\/liquido-de-enjuague-para-maquinas-todo-agua-5-l\/","name":"Abrillantador lavavajillas autom\u00e1tico - Todo tipo de agua 5L","isPartOf":{"@id":"https:\/\/www.csj-emballages.com\/es\/#website"},"primaryImageOfPage":{"@id":"https:\/\/www.csj-emballages.com\/es\/produit\/liquido-de-enjuague-para-maquinas-todo-agua-5-l\/#primaryimage"},"image":{"@id":"https:\/\/www.csj-emballages.com\/es\/produit\/liquido-de-enjuague-para-maquinas-todo-agua-5-l\/#primaryimage"},"thumbnailUrl":"https:\/\/www.csj-emballages.com\/wp-content\/uploads\/2024\/03\/3ddd233e-16aa-41a1-a2fa-e8886be5dd36-removebg-preview.png","datePublished":"2024-03-01T15:51:54+00:00","dateModified":"2026-04-24T00:14:39+00:00","description":"Abrillantador autom\u00e1tico para lavavajillas. Secado r\u00e1pido, sin espuma y sin manchas. Compatible con todo tipo de aguas.","breadcrumb":{"@id":"https:\/\/www.csj-emballages.com\/es\/produit\/liquido-de-enjuague-para-maquinas-todo-agua-5-l\/#breadcrumb"},"inLanguage":"es","potentialAction":[{"@type":"ReadAction","target":["https:\/\/www.csj-emballages.com\/es\/produit\/liquido-de-enjuague-para-maquinas-todo-agua-5-l\/"]}]},{"@type":"ImageObject","inLanguage":"es","@id":"https:\/\/www.csj-emballages.com\/es\/produit\/liquido-de-enjuague-para-maquinas-todo-agua-5-l\/#primaryimage","url":"https:\/\/www.csj-emballages.com\/wp-content\/uploads\/2024\/03\/3ddd233e-16aa-41a1-a2fa-e8886be5dd36-removebg-preview.png","contentUrl":"https:\/\/www.csj-emballages.com\/wp-content\/uploads\/2024\/03\/3ddd233e-16aa-41a1-a2fa-e8886be5dd36-removebg-preview.png","width":500,"height":500,"caption":"Liquide rin\u00e7age lave-vaisselle automatique"},{"@type":"BreadcrumbList","@id":"https:\/\/www.csj-emballages.com\/es\/produit\/liquido-de-enjuague-para-maquinas-todo-agua-5-l\/#breadcrumb","itemListElement":[{"@type":"ListItem","position":1,"name":"Accueil","item":"https:\/\/www.csj-emballages.com\/es\/universo-del-envasado-alimentario\/"},{"@type":"ListItem","position":2,"name":"Tienda","item":"https:\/\/www.csj-emballages.com\/tienda\/"},{"@type":"ListItem","position":3,"name":"L\u00edquido de enjuague para m\u00e1quinas todo agua 5 L"}]},{"@type":"WebSite","@id":"https:\/\/www.csj-emballages.com\/es\/#website","url":"https:\/\/www.csj-emballages.com\/es\/","name":"CSJ Emballages","description":"","publisher":{"@id":"https:\/\/www.csj-emballages.com\/es\/#organization"},"potentialAction":[{"@type":"SearchAction","target":{"@type":"EntryPoint","urlTemplate":"https:\/\/www.csj-emballages.com\/es\/?s={search_term_string}"},"query-input":{"@type":"PropertyValueSpecification","valueRequired":true,"valueName":"search_term_string"}}],"inLanguage":"es"},{"@type":"Organization","@id":"https:\/\/www.csj-emballages.com\/es\/#Organization\/","name":"CSJ Emballages","url":"https:\/\/www.csj-emballages.com\/es\/","logo":{"@type":"ImageObject","inLanguage":"es","@id":"https:\/\/www.csj-emballages.com\/es\/#\/schema\/logo\/image\/","url":"https:\/\/www.csj-emballages.com\/wp-content\/uploads\/2023\/10\/logo_csj.webp","contentUrl":"https:\/\/www.csj-emballages.com\/wp-content\/uploads\/2023\/10\/logo_csj.webp","width":250,"height":95,"caption":"CSJ Emballages"},"image":{"@id":"https:\/\/www.csj-emballages.com\/es\/#\/schema\/logo\/image\/"},"sameAs":["https:\/\/www.facebook.com\/csjemballages"],"address":{"@type":"PostalAddress","streetAddress":"ZI La Lechere","addressLocality":"Patornay","postalCode":"39130","addressCountry":"FR"},"contactPoint":[{"@type":"ContactPoint","contactType":"Service client","telephone":"0384254272","email":"contact@csj-emballages.com"}]}]}},"df_price":15.95,"df_sale_price":"","df_regular_price":15.95,"df_image_link":"https:\/\/www.csj-emballages.com\/wp-content\/uploads\/2024\/03\/3ddd233e-16aa-41a1-a2fa-e8886be5dd36-removebg-preview-300x300.png","tiered_pricing_type":"fixed","tiered_pricing_fixed_rules":[],"tiered_pricing_percentage_rules":[],"tiered_pricing_minimum":1,"tiered_pricing_roles_data":[],"_links":{"self":[{"href":"https:\/\/www.csj-emballages.com\/es\/wp-json\/wp\/v2\/product\/21871","targetHints":{"allow":["GET"]}}],"collection":[{"href":"https:\/\/www.csj-emballages.com\/es\/wp-json\/wp\/v2\/product"}],"about":[{"href":"https:\/\/www.csj-emballages.com\/es\/wp-json\/wp\/v2\/types\/product"}],"wp:featuredmedia":[{"embeddable":true,"href":"https:\/\/www.csj-emballages.com\/es\/wp-json\/wp\/v2\/media\/99644"}],"wp:attachment":[{"href":"https:\/\/www.csj-emballages.com\/es\/wp-json\/wp\/v2\/media?parent=21871"}],"wp:term":[{"taxonomy":"product_brand","embeddable":true,"href":"https:\/\/www.csj-emballages.com\/es\/wp-json\/wp\/v2\/product_brand?post=21871"},{"taxonomy":"product_cat","embeddable":true,"href":"https:\/\/www.csj-emballages.com\/es\/wp-json\/wp\/v2\/product_cat?post=21871"},{"taxonomy":"product_tag","embeddable":true,"href":"https:\/\/www.csj-emballages.com\/es\/wp-json\/wp\/v2\/product_tag?post=21871"}],"curies":[{"name":"wp","href":"https:\/\/api.w.org\/{rel}","templated":true}]}}