{"id":21869,"date":"2024-03-01T16:51:56","date_gmt":"2024-03-01T15:51:56","guid":{"rendered":"https:\/\/u15jnbdpoq.preview.infomaniak.website\/produit\/50-tapas-de-microondas-para-kp816-a-kp825\/"},"modified":"2026-04-28T02:16:15","modified_gmt":"2026-04-28T00:16:15","slug":"50-tapas-de-microondas-para-kp816-a-kp825","status":"publish","type":"product","link":"https:\/\/www.csj-emballages.com\/es\/produit\/50-tapas-de-microondas-para-kp816-a-kp825\/","title":{"rendered":"Tapa apta para microondas para KP818 a KP822 por 50"},"content":{"rendered":"<h2>Tapa apta para microondas<\/h2>\n<hr>\n<h3>Descripci\u00f3n de nuestra tapa microondable para KP820 a KP822, paquete de 50<\/h3>\n<p><!--more--><\/p>\n<p>La <strong>tapa microondable<\/strong> para <strong>KP820 a KP822<\/strong> es un accesorio esencial para garantizar la seguridad y comodidad de tus recipientes de comida. Dise\u00f1ada para adaptarse perfectamente a <strong>las bandejas<\/strong> <span style=\"color: #d12727\"><a style=\"color: #d12727\" href=\"https:\/\/www.csj-emballages.com\/produit\/50-barquettes-micro-ondes-couvercle-separe-jetables-en-plastique-1000-ml\/\">KP820<\/a><\/span> \u00e0 <span style=\"color: #d12727\"><a style=\"color: #d12727\" href=\"https:\/\/www.csj-emballages.com\/produit\/50-barquettes-micro-ondes-sans-couvercles-en-plastique-1500-ml\/\">KP822<\/a><\/span>este producto es ideal para transportar, almacenar y recalentar tus comidas con facilidad. Fabricada en PP, esta <strong>tapa de pl\u00e1stico<\/strong> est\u00e1 especialmente dise\u00f1ada para soportar las altas temperaturas del <strong>microondas<\/strong>. Puedes recalentar tus platos sin miedo a que se deformen, lo que la convierte en un producto esencial para los profesionales de la restauraci\u00f3n y los consumidores exigentes.   <\/p>\n<p>Gracias a su dise\u00f1o transparente, la <strong>tapa apta para microondas<\/strong> te permite lucir al m\u00e1ximo tus platos, al tiempo que proporciona una excelente visibilidad del contenido. Tambi\u00e9n garantiza un sellado perfecto, preservando el sabor y la frescura de tus platos y evitando las fugas. <\/p>\n<h3><\/h3>\n<p><!--more--><\/p>\n<h4><strong>Envases adaptados a tus necesidades<\/strong><\/h4>\n<p>En paquetes de <strong>50<\/strong> unidades, estas <strong>tapas aptas para microondas<\/strong> son ideales para restaurantes, empresas de catering y uso dom\u00e9stico. Son perfectas para platos calientes, ya sean sopas o platos preparados. Duraderas y pr\u00e1cticas, encajan perfectamente en un planteamiento responsable a la vez que simplifican tu organizaci\u00f3n diaria.  <\/p>\n<p>En resumen, la <strong>tapa microondable<\/strong> para <span style=\"color: #d12727\"><a style=\"color: #d12727\" href=\"https:\/\/www.csj-emballages.com\/produit\/50-barquettes-micro-ondes-couvercle-separe-jetables-en-plastique-1000-ml\/\">KP820<\/a><\/span> \u00e0 <span style=\"color: #d12727\"><a style=\"color: #d12727\" href=\"https:\/\/www.csj-emballages.com\/produit\/50-barquettes-micro-ondes-sans-couvercles-en-plastique-1500-ml\/\">KP822<\/a><\/span> es una soluci\u00f3n fiable, robusta y vers\u00e1til. Tanto si eres un profesional como un usuario particular, este producto cumplir\u00e1 tus expectativas ofreciendo una protecci\u00f3n \u00f3ptima para tus comidas. Convi\u00e9rtelo en tu aliado para tener recipientes siempre bien protegidos.  <\/p>\n<p>&nbsp;<\/p>\n<p><!--more--><\/p>\n<p><strong><span style=\"color: #ff0000\">*Apta para microondas<\/span><\/strong><\/p>\n<p>&nbsp;<\/p>\n<p><!--more--><\/p>\n<h4>Informaci\u00f3n adicional :<\/h4>\n<ul>\n<li><strong>Dimensiones<\/strong>: 186 x 140 x 5 (L x A x A en mm)<\/li>\n<li><strong>Envase<\/strong>: Bolsa de 50<\/li>\n<li><strong>Material<\/strong>: <span style=\"text-indent: 0pt\">PP<\/span><\/li>\n<li><strong>Temperatura de funcionamiento<\/strong>: -20\u00b0C \/ +120\u00b0C<\/li>\n<\/ul>\n<p>&nbsp;<\/p>\n<p><!--more--><\/p>\n<p>Encuentra aqu\u00ed las bandejas que se venden por separado y que son compatibles con esta tapa: <span style=\"color: #d12727\"><a style=\"color: #d12727\" href=\"https:\/\/www.csj-emballages.com\/produit\/50-barquettes-micro-ondes-couvercle-separe-jetables-en-plastique-1000-ml\/\">KP820<\/a> <span style=\"color: #000000\">\/<\/span> <a style=\"color: #d12727\" href=\"https:\/\/www.csj-emballages.com\/produit\/50-barquettes-micro-ondes-sans-couvercles-en-plastique-1500-ml\/\">KP822<\/a><\/span><\/p>\n<p>&nbsp;<\/p>\n<p><!--more--><\/p>\n<p><a href=\"https:\/\/www.csj-emballages.com\/es\/categorie-produit\/envasado-de-alimentos\/carniceria-y-charcuteria\/bandejas-latas-y-tarros\/bandejas-latas-tarros-de-comida\/bandejas-para-microondas-con-tapa\/\"><em>Consulte el resto de nuestra gama de barquetas para microondas con tapa<\/em><\/a><\/p>\n","protected":false},"excerpt":{"rendered":"<p>Tapa apta para microondas Descripci\u00f3n de nuestra tapa microondable para KP820 a KP822, paquete de 50<\/p>\n","protected":false},"featured_media":219617,"template":"","meta":{"_acf_changed":false},"product_brand":[],"product_cat":[1143,1491,2172],"product_tag":[],"class_list":{"0":"post-21869","1":"product","2":"type-product","3":"status-publish","4":"has-post-thumbnail","6":"product_cat-carniceria-y-charcuteria","7":"product_cat-bandejas-latas-tarros-de-comida","8":"product_cat-bandejas-para-microondas-con-tapa","10":"first","11":"instock","12":"taxable","13":"shipping-taxable","14":"purchasable","15":"product-type-simple"},"acf":[],"yoast_head":"<!-- This site is optimized with the Yoast SEO Premium plugin v26.6 (Yoast SEO v26.6) - https:\/\/yoast.com\/wordpress\/plugins\/seo\/ -->\n<title>Tapa apta para microondas para KP820 a KP822<\/title>\n<meta name=\"description\" content=\"Descubre la tapa microondable para KP820 a KP822: pr\u00e1ctica, resistente y compatible con el microondas. Ideal para conservar y transportar tus platos.\" \/>\n<meta name=\"robots\" content=\"index, follow, max-snippet:-1, max-image-preview:large, max-video-preview:-1\" \/>\n<link rel=\"canonical\" href=\"https:\/\/www.csj-emballages.com\/es\/produit\/50-tapas-de-microondas-para-kp816-a-kp825\/\" \/>\n<meta property=\"og:locale\" content=\"es_ES\" \/>\n<meta property=\"og:type\" content=\"article\" \/>\n<meta property=\"og:title\" content=\"Tapa apta para microondas para KP818 a KP822 por 50\" \/>\n<meta property=\"og:description\" content=\"Descubre la tapa microondable para KP820 a KP822: pr\u00e1ctica, resistente y compatible con el microondas. Ideal para conservar y transportar tus platos.\" \/>\n<meta property=\"og:url\" content=\"https:\/\/www.csj-emballages.com\/es\/produit\/50-tapas-de-microondas-para-kp816-a-kp825\/\" \/>\n<meta property=\"og:site_name\" content=\"CSJ Emballages\" \/>\n<meta property=\"article:publisher\" content=\"https:\/\/www.facebook.com\/csjemballages\" \/>\n<meta property=\"article:modified_time\" content=\"2026-04-28T00:16:15+00:00\" \/>\n<meta property=\"og:image\" content=\"https:\/\/www.csj-emballages.com\/wp-content\/uploads\/2024\/03\/COUV-ECO-GM.webp\" \/>\n\t<meta property=\"og:image:width\" content=\"800\" \/>\n\t<meta property=\"og:image:height\" content=\"800\" \/>\n\t<meta property=\"og:image:type\" content=\"image\/webp\" \/>\n<meta name=\"twitter:card\" content=\"summary_large_image\" \/>\n<meta name=\"twitter:label1\" content=\"Tiempo de lectura\" \/>\n\t<meta name=\"twitter:data1\" content=\"2 minutos\" \/>\n<script type=\"application\/ld+json\" class=\"yoast-schema-graph\">{\"@context\":\"https:\/\/schema.org\",\"@graph\":[{\"@type\":\"WebPage\",\"@id\":\"https:\/\/www.csj-emballages.com\/es\/produit\/50-tapas-de-microondas-para-kp816-a-kp825\/\",\"url\":\"https:\/\/www.csj-emballages.com\/es\/produit\/50-tapas-de-microondas-para-kp816-a-kp825\/\",\"name\":\"Tapa apta para microondas para KP820 a KP822\",\"isPartOf\":{\"@id\":\"https:\/\/www.csj-emballages.com\/es\/#website\"},\"primaryImageOfPage\":{\"@id\":\"https:\/\/www.csj-emballages.com\/es\/produit\/50-tapas-de-microondas-para-kp816-a-kp825\/#primaryimage\"},\"image\":{\"@id\":\"https:\/\/www.csj-emballages.com\/es\/produit\/50-tapas-de-microondas-para-kp816-a-kp825\/#primaryimage\"},\"thumbnailUrl\":\"https:\/\/www.csj-emballages.com\/wp-content\/uploads\/2024\/03\/COUV-ECO-GM.webp\",\"datePublished\":\"2024-03-01T15:51:56+00:00\",\"dateModified\":\"2026-04-28T00:16:15+00:00\",\"description\":\"Descubre la tapa microondable para KP820 a KP822: pr\u00e1ctica, resistente y compatible con el microondas. Ideal para conservar y transportar tus platos.\",\"breadcrumb\":{\"@id\":\"https:\/\/www.csj-emballages.com\/es\/produit\/50-tapas-de-microondas-para-kp816-a-kp825\/#breadcrumb\"},\"inLanguage\":\"es\",\"potentialAction\":[{\"@type\":\"ReadAction\",\"target\":[\"https:\/\/www.csj-emballages.com\/es\/produit\/50-tapas-de-microondas-para-kp816-a-kp825\/\"]}]},{\"@type\":\"ImageObject\",\"inLanguage\":\"es\",\"@id\":\"https:\/\/www.csj-emballages.com\/es\/produit\/50-tapas-de-microondas-para-kp816-a-kp825\/#primaryimage\",\"url\":\"https:\/\/www.csj-emballages.com\/wp-content\/uploads\/2024\/03\/COUV-ECO-GM.webp\",\"contentUrl\":\"https:\/\/www.csj-emballages.com\/wp-content\/uploads\/2024\/03\/COUV-ECO-GM.webp\",\"width\":800,\"height\":800,\"caption\":\"Couvercle micro-ondable\"},{\"@type\":\"BreadcrumbList\",\"@id\":\"https:\/\/www.csj-emballages.com\/es\/produit\/50-tapas-de-microondas-para-kp816-a-kp825\/#breadcrumb\",\"itemListElement\":[{\"@type\":\"ListItem\",\"position\":1,\"name\":\"Accueil\",\"item\":\"https:\/\/www.csj-emballages.com\/es\/universo-del-envasado-alimentario\/\"},{\"@type\":\"ListItem\",\"position\":2,\"name\":\"Tienda\",\"item\":\"https:\/\/www.csj-emballages.com\/tienda\/\"},{\"@type\":\"ListItem\",\"position\":3,\"name\":\"Tapa apta para microondas para KP818 a KP822 por 50\"}]},{\"@type\":\"WebSite\",\"@id\":\"https:\/\/www.csj-emballages.com\/es\/#website\",\"url\":\"https:\/\/www.csj-emballages.com\/es\/\",\"name\":\"CSJ Emballages\",\"description\":\"\",\"publisher\":{\"@id\":\"https:\/\/www.csj-emballages.com\/es\/#organization\"},\"potentialAction\":[{\"@type\":\"SearchAction\",\"target\":{\"@type\":\"EntryPoint\",\"urlTemplate\":\"https:\/\/www.csj-emballages.com\/es\/?s={search_term_string}\"},\"query-input\":{\"@type\":\"PropertyValueSpecification\",\"valueRequired\":true,\"valueName\":\"search_term_string\"}}],\"inLanguage\":\"es\"},{\"@type\":\"Organization\",\"@id\":\"https:\/\/www.csj-emballages.com\/es\/#Organization\/\",\"name\":\"CSJ Emballages\",\"url\":\"https:\/\/www.csj-emballages.com\/es\/\",\"logo\":{\"@type\":\"ImageObject\",\"inLanguage\":\"es\",\"@id\":\"https:\/\/www.csj-emballages.com\/es\/#\/schema\/logo\/image\/\",\"url\":\"https:\/\/www.csj-emballages.com\/wp-content\/uploads\/2023\/10\/logo_csj.webp\",\"contentUrl\":\"https:\/\/www.csj-emballages.com\/wp-content\/uploads\/2023\/10\/logo_csj.webp\",\"width\":250,\"height\":95,\"caption\":\"CSJ Emballages\"},\"image\":{\"@id\":\"https:\/\/www.csj-emballages.com\/es\/#\/schema\/logo\/image\/\"},\"sameAs\":[\"https:\/\/www.facebook.com\/csjemballages\"],\"address\":{\"@type\":\"PostalAddress\",\"streetAddress\":\"ZI La Lechere\",\"addressLocality\":\"Patornay\",\"postalCode\":\"39130\",\"addressCountry\":\"FR\"},\"contactPoint\":[{\"@type\":\"ContactPoint\",\"contactType\":\"Service client\",\"telephone\":\"0384254272\",\"email\":\"contact@csj-emballages.com\"}]}]}<\/script>\n<!-- \/ Yoast SEO Premium plugin. -->","yoast_head_json":{"title":"Tapa apta para microondas para KP820 a KP822","description":"Descubre la tapa microondable para KP820 a KP822: pr\u00e1ctica, resistente y compatible con el microondas. Ideal para conservar y transportar tus platos.","robots":{"index":"index","follow":"follow","max-snippet":"max-snippet:-1","max-image-preview":"max-image-preview:large","max-video-preview":"max-video-preview:-1"},"canonical":"https:\/\/www.csj-emballages.com\/es\/produit\/50-tapas-de-microondas-para-kp816-a-kp825\/","og_locale":"es_ES","og_type":"article","og_title":"Tapa apta para microondas para KP818 a KP822 por 50","og_description":"Descubre la tapa microondable para KP820 a KP822: pr\u00e1ctica, resistente y compatible con el microondas. Ideal para conservar y transportar tus platos.","og_url":"https:\/\/www.csj-emballages.com\/es\/produit\/50-tapas-de-microondas-para-kp816-a-kp825\/","og_site_name":"CSJ Emballages","article_publisher":"https:\/\/www.facebook.com\/csjemballages","article_modified_time":"2026-04-28T00:16:15+00:00","og_image":[{"width":800,"height":800,"url":"https:\/\/www.csj-emballages.com\/wp-content\/uploads\/2024\/03\/COUV-ECO-GM.webp","type":"image\/webp"}],"twitter_card":"summary_large_image","twitter_misc":{"Tiempo de lectura":"2 minutos"},"schema":{"@context":"https:\/\/schema.org","@graph":[{"@type":"WebPage","@id":"https:\/\/www.csj-emballages.com\/es\/produit\/50-tapas-de-microondas-para-kp816-a-kp825\/","url":"https:\/\/www.csj-emballages.com\/es\/produit\/50-tapas-de-microondas-para-kp816-a-kp825\/","name":"Tapa apta para microondas para KP820 a KP822","isPartOf":{"@id":"https:\/\/www.csj-emballages.com\/es\/#website"},"primaryImageOfPage":{"@id":"https:\/\/www.csj-emballages.com\/es\/produit\/50-tapas-de-microondas-para-kp816-a-kp825\/#primaryimage"},"image":{"@id":"https:\/\/www.csj-emballages.com\/es\/produit\/50-tapas-de-microondas-para-kp816-a-kp825\/#primaryimage"},"thumbnailUrl":"https:\/\/www.csj-emballages.com\/wp-content\/uploads\/2024\/03\/COUV-ECO-GM.webp","datePublished":"2024-03-01T15:51:56+00:00","dateModified":"2026-04-28T00:16:15+00:00","description":"Descubre la tapa microondable para KP820 a KP822: pr\u00e1ctica, resistente y compatible con el microondas. Ideal para conservar y transportar tus platos.","breadcrumb":{"@id":"https:\/\/www.csj-emballages.com\/es\/produit\/50-tapas-de-microondas-para-kp816-a-kp825\/#breadcrumb"},"inLanguage":"es","potentialAction":[{"@type":"ReadAction","target":["https:\/\/www.csj-emballages.com\/es\/produit\/50-tapas-de-microondas-para-kp816-a-kp825\/"]}]},{"@type":"ImageObject","inLanguage":"es","@id":"https:\/\/www.csj-emballages.com\/es\/produit\/50-tapas-de-microondas-para-kp816-a-kp825\/#primaryimage","url":"https:\/\/www.csj-emballages.com\/wp-content\/uploads\/2024\/03\/COUV-ECO-GM.webp","contentUrl":"https:\/\/www.csj-emballages.com\/wp-content\/uploads\/2024\/03\/COUV-ECO-GM.webp","width":800,"height":800,"caption":"Couvercle micro-ondable"},{"@type":"BreadcrumbList","@id":"https:\/\/www.csj-emballages.com\/es\/produit\/50-tapas-de-microondas-para-kp816-a-kp825\/#breadcrumb","itemListElement":[{"@type":"ListItem","position":1,"name":"Accueil","item":"https:\/\/www.csj-emballages.com\/es\/universo-del-envasado-alimentario\/"},{"@type":"ListItem","position":2,"name":"Tienda","item":"https:\/\/www.csj-emballages.com\/tienda\/"},{"@type":"ListItem","position":3,"name":"Tapa apta para microondas para KP818 a KP822 por 50"}]},{"@type":"WebSite","@id":"https:\/\/www.csj-emballages.com\/es\/#website","url":"https:\/\/www.csj-emballages.com\/es\/","name":"CSJ Emballages","description":"","publisher":{"@id":"https:\/\/www.csj-emballages.com\/es\/#organization"},"potentialAction":[{"@type":"SearchAction","target":{"@type":"EntryPoint","urlTemplate":"https:\/\/www.csj-emballages.com\/es\/?s={search_term_string}"},"query-input":{"@type":"PropertyValueSpecification","valueRequired":true,"valueName":"search_term_string"}}],"inLanguage":"es"},{"@type":"Organization","@id":"https:\/\/www.csj-emballages.com\/es\/#Organization\/","name":"CSJ Emballages","url":"https:\/\/www.csj-emballages.com\/es\/","logo":{"@type":"ImageObject","inLanguage":"es","@id":"https:\/\/www.csj-emballages.com\/es\/#\/schema\/logo\/image\/","url":"https:\/\/www.csj-emballages.com\/wp-content\/uploads\/2023\/10\/logo_csj.webp","contentUrl":"https:\/\/www.csj-emballages.com\/wp-content\/uploads\/2023\/10\/logo_csj.webp","width":250,"height":95,"caption":"CSJ Emballages"},"image":{"@id":"https:\/\/www.csj-emballages.com\/es\/#\/schema\/logo\/image\/"},"sameAs":["https:\/\/www.facebook.com\/csjemballages"],"address":{"@type":"PostalAddress","streetAddress":"ZI La Lechere","addressLocality":"Patornay","postalCode":"39130","addressCountry":"FR"},"contactPoint":[{"@type":"ContactPoint","contactType":"Service client","telephone":"0384254272","email":"contact@csj-emballages.com"}]}]}},"df_price":5.41,"df_sale_price":"","df_regular_price":5.41,"df_image_link":"https:\/\/www.csj-emballages.com\/wp-content\/uploads\/2024\/03\/COUV-ECO-GM-300x300.webp","tiered_pricing_type":"fixed","tiered_pricing_fixed_rules":[],"tiered_pricing_percentage_rules":[],"tiered_pricing_minimum":1,"tiered_pricing_roles_data":[],"_links":{"self":[{"href":"https:\/\/www.csj-emballages.com\/es\/wp-json\/wp\/v2\/product\/21869","targetHints":{"allow":["GET"]}}],"collection":[{"href":"https:\/\/www.csj-emballages.com\/es\/wp-json\/wp\/v2\/product"}],"about":[{"href":"https:\/\/www.csj-emballages.com\/es\/wp-json\/wp\/v2\/types\/product"}],"wp:featuredmedia":[{"embeddable":true,"href":"https:\/\/www.csj-emballages.com\/es\/wp-json\/wp\/v2\/media\/219617"}],"wp:attachment":[{"href":"https:\/\/www.csj-emballages.com\/es\/wp-json\/wp\/v2\/media?parent=21869"}],"wp:term":[{"taxonomy":"product_brand","embeddable":true,"href":"https:\/\/www.csj-emballages.com\/es\/wp-json\/wp\/v2\/product_brand?post=21869"},{"taxonomy":"product_cat","embeddable":true,"href":"https:\/\/www.csj-emballages.com\/es\/wp-json\/wp\/v2\/product_cat?post=21869"},{"taxonomy":"product_tag","embeddable":true,"href":"https:\/\/www.csj-emballages.com\/es\/wp-json\/wp\/v2\/product_tag?post=21869"}],"curies":[{"name":"wp","href":"https:\/\/api.w.org\/{rel}","templated":true}]}}