{"id":21859,"date":"2024-03-01T16:51:54","date_gmt":"2024-03-01T15:51:54","guid":{"rendered":"https:\/\/u15jnbdpoq.preview.infomaniak.website\/produit\/liquido-de-enjuague-para-maquinas-totalmente-de-agua-20-l\/"},"modified":"2026-04-10T02:14:06","modified_gmt":"2026-04-10T00:14:06","slug":"liquido-de-enjuague-para-maquinas-totalmente-de-agua-20-l","status":"publish","type":"product","link":"https:\/\/www.csj-emballages.com\/es\/produit\/liquido-de-enjuague-para-maquinas-totalmente-de-agua-20-l\/","title":{"rendered":"L\u00edquido de enjuague para m\u00e1quinas totalmente de agua 20 L"},"content":{"rendered":"<h2 class=\"ai-optimize-35\">L\u00edquido de aclarado<\/h2>\n<hr>\n<h3 class=\"ai-optimize-36\">Descripci\u00f3n de nuestro l\u00edquido de enjuague para m\u00e1quinas <span class=\"s1\">totalmente de agua 20<\/span><span class=\"s2\"> L<\/span><\/h3>\n<p><!--more--><\/p>\n<p class=\"ai-optimize-29 ai-optimize-introduction\" data-start=\"249\" data-end=\"649\">Este <strong>abrillantador profesional de 20 litros<\/strong> est\u00e1 especialmente formulado para <strong data-start=\"350\" data-end=\"381\">lavavajillas autom\u00e1ticos<\/strong>, ya se utilicen en cocinas de restaurantes, establecimientos de catering o incluso en entornos dom\u00e9sticos exigentes. Gracias a su <strong data-start=\"506\" data-end=\"541\">f\u00f3rmula neutra y no espumosa <\/strong>, garantiza un aclarado impecable y un <strong data-start=\"579\" data-end=\"622\">secado r\u00e1pido, uniforme y sin manchas<\/strong>, incluso con aguas duras. <\/p>\n<p class=\"ai-optimize-30\" data-start=\"651\" data-end=\"1031\">Asimismo, cuando se utiliza al final del ciclo de lavado, este producto reduce considerablemente la formaci\u00f3n de gotas de agua residuales, evitando las antiest\u00e9ticas marcas en la vajilla, los vasos o los utensilios de acero inoxidable. Funciona eficazmente con todo tipo de aguas, ya sean duras o blandas, por lo que es <strong data-start=\"963\" data-end=\"1030\">compatible con todas las m\u00e1quinas e instalaciones<\/strong>. Su composici\u00f3n ha sido dise\u00f1ada para <strong data-start=\"1067\" data-end=\"1093\">preservar el brillo de<\/strong> su vajilla sin da\u00f1ar los materiales ni dejar residuos qu\u00edmicos. Y como es f\u00e1cil de dosificar, se adapta perfectamente a los programas autom\u00e1ticos de las lavadoras profesionales.   <\/p>\n<p class=\"ai-optimize-32\" data-start=\"1280\" data-end=\"1539\">Tanto si es propietario de un restaurante como si se dedica al catering o incluso si es un cliente particular, este <strong>l\u00edquido de aclarado<\/strong> le proporcionar\u00e1 <strong data-start=\"1424\" data-end=\"1462\">unos resultados profesionales constantes<\/strong>. En resumen, es esencial para un lavado impecable y sin esfuerzo. <\/p>\n<p data-start=\"1280\" data-end=\"1539\">\n<p><!--more--><\/p>\n<h4 class=\"ai-optimize-42\"><strong>Sus ventajas:<\/strong><\/h4>\n<ul>\n<li class=\"ai-optimize-43\">F\u00f3rmula neutra, no espumosa.<\/li>\n<li class=\"ai-optimize-44\">Compatible con todos los tipos de agua (de blanda a muy dura).<\/li>\n<li class=\"ai-optimize-45\">Ideal para lavavajillas profesionales y dom\u00e9sticos.<\/li>\n<li class=\"ai-optimize-46\">Bid\u00f3n econ\u00f3mico de 20 litros.<\/li>\n<\/ul>\n<p>&nbsp;<\/p>\n<p><!--more--><\/p>\n<h4 class=\"ai-optimize-47\">Informaci\u00f3n adicional :<\/h4>\n<ul>\n<li class=\"ai-optimize-48\"><strong>Embalaje<\/strong>: Por unidad<\/li>\n<li class=\"ai-optimize-49\"><b>Volumen<\/b>: 20 litros<\/li>\n<li class=\"ai-optimize-50\"><strong>Uso<\/strong>: Enjuague l\u00edquido<\/li>\n<\/ul>\n<p>&nbsp;<\/p>\n<p><!--more--><br \/>\nTambi\u00e9n encontrar\u00e1 nuestro l\u00edquido de enjuague para m\u00e1quinas de 5 L totalmente acuoso: <span style=\"color: #d12727;\"><a style=\"color: #d12727;\" href=\"https:\/\/www.csj-emballages.com\/es\/produit\/liquido-de-enjuague-para-maquinas-todo-agua-5-l\/\">LR<\/a><\/span><\/p>\n<p>&nbsp;<\/p>\n<p><!--more--><\/p>\n<p class=\"ai-optimize-51\"><a href=\"\/?product_cat=lave-vaiselle\">Ver el resto de nuestra gama de productos para el cuidado del lavavajillas<\/a><\/p>\n","protected":false},"excerpt":{"rendered":"<p>L\u00edquido de aclarado Descripci\u00f3n de nuestro l\u00edquido de enjuague para m\u00e1quinas totalmente de agua 20 L<\/p>\n","protected":false},"featured_media":235505,"template":"","meta":{"_acf_changed":false},"product_brand":[],"product_cat":[1226,1227,1228,1385],"product_tag":[],"class_list":{"0":"post-21859","1":"product","2":"type-product","3":"status-publish","4":"has-post-thumbnail","6":"product_cat-higiene-y-mantenimiento","7":"product_cat-productos-de-limpieza","8":"product_cat-cuidado-de-los-platos","9":"product_cat-lavavajillas","10":"product_shipping_class-no-permitido-en-reles","12":"first","13":"instock","14":"taxable","15":"shipping-taxable","16":"purchasable","17":"product-type-simple"},"acf":[],"yoast_head":"<!-- This site is optimized with the Yoast SEO Premium plugin v26.6 (Yoast SEO v26.6) - https:\/\/yoast.com\/wordpress\/plugins\/seo\/ -->\n<title>Enjuague a m\u00e1quina para toda el agua 20 L<\/title>\n<meta name=\"description\" content=\"Abrillantador neutro de 20 litros para lavavajillas de todo tipo de agua. Seca r\u00e1pidamente, no deja manchas y es compatible con lavavajillas profesionales.\" \/>\n<meta name=\"robots\" content=\"index, follow, max-snippet:-1, max-image-preview:large, max-video-preview:-1\" \/>\n<link rel=\"canonical\" href=\"https:\/\/www.csj-emballages.com\/es\/produit\/liquido-de-enjuague-para-maquinas-totalmente-de-agua-20-l\/\" \/>\n<meta property=\"og:locale\" content=\"es_ES\" \/>\n<meta property=\"og:type\" content=\"article\" \/>\n<meta property=\"og:title\" content=\"L\u00edquido de enjuague para m\u00e1quinas totalmente de agua 20 L\" \/>\n<meta property=\"og:description\" content=\"Abrillantador neutro de 20 litros para lavavajillas de todo tipo de agua. Seca r\u00e1pidamente, no deja manchas y es compatible con lavavajillas profesionales.\" \/>\n<meta property=\"og:url\" content=\"https:\/\/www.csj-emballages.com\/es\/produit\/liquido-de-enjuague-para-maquinas-totalmente-de-agua-20-l\/\" \/>\n<meta property=\"og:site_name\" content=\"CSJ Emballages\" \/>\n<meta property=\"article:publisher\" content=\"https:\/\/www.facebook.com\/csjemballages\" \/>\n<meta property=\"article:modified_time\" content=\"2026-04-10T00:14:06+00:00\" \/>\n<meta property=\"og:image\" content=\"https:\/\/www.csj-emballages.com\/wp-content\/uploads\/2024\/03\/LR20.webp\" \/>\n\t<meta property=\"og:image:width\" content=\"800\" \/>\n\t<meta property=\"og:image:height\" content=\"800\" \/>\n\t<meta property=\"og:image:type\" content=\"image\/webp\" \/>\n<meta name=\"twitter:card\" content=\"summary_large_image\" \/>\n<meta name=\"twitter:label1\" content=\"Tiempo de lectura\" \/>\n\t<meta name=\"twitter:data1\" content=\"1 minuto\" \/>\n<script type=\"application\/ld+json\" class=\"yoast-schema-graph\">{\"@context\":\"https:\/\/schema.org\",\"@graph\":[{\"@type\":\"WebPage\",\"@id\":\"https:\/\/www.csj-emballages.com\/es\/produit\/liquido-de-enjuague-para-maquinas-totalmente-de-agua-20-l\/\",\"url\":\"https:\/\/www.csj-emballages.com\/es\/produit\/liquido-de-enjuague-para-maquinas-totalmente-de-agua-20-l\/\",\"name\":\"Enjuague a m\u00e1quina para toda el agua 20 L\",\"isPartOf\":{\"@id\":\"https:\/\/www.csj-emballages.com\/es\/#website\"},\"primaryImageOfPage\":{\"@id\":\"https:\/\/www.csj-emballages.com\/es\/produit\/liquido-de-enjuague-para-maquinas-totalmente-de-agua-20-l\/#primaryimage\"},\"image\":{\"@id\":\"https:\/\/www.csj-emballages.com\/es\/produit\/liquido-de-enjuague-para-maquinas-totalmente-de-agua-20-l\/#primaryimage\"},\"thumbnailUrl\":\"https:\/\/www.csj-emballages.com\/wp-content\/uploads\/2024\/03\/LR20.webp\",\"datePublished\":\"2024-03-01T15:51:54+00:00\",\"dateModified\":\"2026-04-10T00:14:06+00:00\",\"description\":\"Abrillantador neutro de 20 litros para lavavajillas de todo tipo de agua. Seca r\u00e1pidamente, no deja manchas y es compatible con lavavajillas profesionales.\",\"breadcrumb\":{\"@id\":\"https:\/\/www.csj-emballages.com\/es\/produit\/liquido-de-enjuague-para-maquinas-totalmente-de-agua-20-l\/#breadcrumb\"},\"inLanguage\":\"es\",\"potentialAction\":[{\"@type\":\"ReadAction\",\"target\":[\"https:\/\/www.csj-emballages.com\/es\/produit\/liquido-de-enjuague-para-maquinas-totalmente-de-agua-20-l\/\"]}]},{\"@type\":\"ImageObject\",\"inLanguage\":\"es\",\"@id\":\"https:\/\/www.csj-emballages.com\/es\/produit\/liquido-de-enjuague-para-maquinas-totalmente-de-agua-20-l\/#primaryimage\",\"url\":\"https:\/\/www.csj-emballages.com\/wp-content\/uploads\/2024\/03\/LR20.webp\",\"contentUrl\":\"https:\/\/www.csj-emballages.com\/wp-content\/uploads\/2024\/03\/LR20.webp\",\"width\":800,\"height\":800,\"caption\":\"Liquide rin\u00e7age\"},{\"@type\":\"BreadcrumbList\",\"@id\":\"https:\/\/www.csj-emballages.com\/es\/produit\/liquido-de-enjuague-para-maquinas-totalmente-de-agua-20-l\/#breadcrumb\",\"itemListElement\":[{\"@type\":\"ListItem\",\"position\":1,\"name\":\"Accueil\",\"item\":\"https:\/\/www.csj-emballages.com\/es\/universo-del-envasado-alimentario\/\"},{\"@type\":\"ListItem\",\"position\":2,\"name\":\"Tienda\",\"item\":\"https:\/\/www.csj-emballages.com\/tienda\/\"},{\"@type\":\"ListItem\",\"position\":3,\"name\":\"L\u00edquido de enjuague para m\u00e1quinas totalmente de agua 20 L\"}]},{\"@type\":\"WebSite\",\"@id\":\"https:\/\/www.csj-emballages.com\/es\/#website\",\"url\":\"https:\/\/www.csj-emballages.com\/es\/\",\"name\":\"CSJ Emballages\",\"description\":\"\",\"publisher\":{\"@id\":\"https:\/\/www.csj-emballages.com\/es\/#organization\"},\"potentialAction\":[{\"@type\":\"SearchAction\",\"target\":{\"@type\":\"EntryPoint\",\"urlTemplate\":\"https:\/\/www.csj-emballages.com\/es\/?s={search_term_string}\"},\"query-input\":{\"@type\":\"PropertyValueSpecification\",\"valueRequired\":true,\"valueName\":\"search_term_string\"}}],\"inLanguage\":\"es\"},{\"@type\":\"Organization\",\"@id\":\"https:\/\/www.csj-emballages.com\/es\/#Organization\/\",\"name\":\"CSJ Emballages\",\"url\":\"https:\/\/www.csj-emballages.com\/es\/\",\"logo\":{\"@type\":\"ImageObject\",\"inLanguage\":\"es\",\"@id\":\"https:\/\/www.csj-emballages.com\/es\/#\/schema\/logo\/image\/\",\"url\":\"https:\/\/www.csj-emballages.com\/wp-content\/uploads\/2023\/10\/logo_csj.webp\",\"contentUrl\":\"https:\/\/www.csj-emballages.com\/wp-content\/uploads\/2023\/10\/logo_csj.webp\",\"width\":250,\"height\":95,\"caption\":\"CSJ Emballages\"},\"image\":{\"@id\":\"https:\/\/www.csj-emballages.com\/es\/#\/schema\/logo\/image\/\"},\"sameAs\":[\"https:\/\/www.facebook.com\/csjemballages\"],\"address\":{\"@type\":\"PostalAddress\",\"streetAddress\":\"ZI La Lechere\",\"addressLocality\":\"Patornay\",\"postalCode\":\"39130\",\"addressCountry\":\"FR\"},\"contactPoint\":[{\"@type\":\"ContactPoint\",\"contactType\":\"Service client\",\"telephone\":\"0384254272\",\"email\":\"contact@csj-emballages.com\"}]}]}<\/script>\n<!-- \/ Yoast SEO Premium plugin. -->","yoast_head_json":{"title":"Enjuague a m\u00e1quina para toda el agua 20 L","description":"Abrillantador neutro de 20 litros para lavavajillas de todo tipo de agua. Seca r\u00e1pidamente, no deja manchas y es compatible con lavavajillas profesionales.","robots":{"index":"index","follow":"follow","max-snippet":"max-snippet:-1","max-image-preview":"max-image-preview:large","max-video-preview":"max-video-preview:-1"},"canonical":"https:\/\/www.csj-emballages.com\/es\/produit\/liquido-de-enjuague-para-maquinas-totalmente-de-agua-20-l\/","og_locale":"es_ES","og_type":"article","og_title":"L\u00edquido de enjuague para m\u00e1quinas totalmente de agua 20 L","og_description":"Abrillantador neutro de 20 litros para lavavajillas de todo tipo de agua. Seca r\u00e1pidamente, no deja manchas y es compatible con lavavajillas profesionales.","og_url":"https:\/\/www.csj-emballages.com\/es\/produit\/liquido-de-enjuague-para-maquinas-totalmente-de-agua-20-l\/","og_site_name":"CSJ Emballages","article_publisher":"https:\/\/www.facebook.com\/csjemballages","article_modified_time":"2026-04-10T00:14:06+00:00","og_image":[{"width":800,"height":800,"url":"https:\/\/www.csj-emballages.com\/wp-content\/uploads\/2024\/03\/LR20.webp","type":"image\/webp"}],"twitter_card":"summary_large_image","twitter_misc":{"Tiempo de lectura":"1 minuto"},"schema":{"@context":"https:\/\/schema.org","@graph":[{"@type":"WebPage","@id":"https:\/\/www.csj-emballages.com\/es\/produit\/liquido-de-enjuague-para-maquinas-totalmente-de-agua-20-l\/","url":"https:\/\/www.csj-emballages.com\/es\/produit\/liquido-de-enjuague-para-maquinas-totalmente-de-agua-20-l\/","name":"Enjuague a m\u00e1quina para toda el agua 20 L","isPartOf":{"@id":"https:\/\/www.csj-emballages.com\/es\/#website"},"primaryImageOfPage":{"@id":"https:\/\/www.csj-emballages.com\/es\/produit\/liquido-de-enjuague-para-maquinas-totalmente-de-agua-20-l\/#primaryimage"},"image":{"@id":"https:\/\/www.csj-emballages.com\/es\/produit\/liquido-de-enjuague-para-maquinas-totalmente-de-agua-20-l\/#primaryimage"},"thumbnailUrl":"https:\/\/www.csj-emballages.com\/wp-content\/uploads\/2024\/03\/LR20.webp","datePublished":"2024-03-01T15:51:54+00:00","dateModified":"2026-04-10T00:14:06+00:00","description":"Abrillantador neutro de 20 litros para lavavajillas de todo tipo de agua. Seca r\u00e1pidamente, no deja manchas y es compatible con lavavajillas profesionales.","breadcrumb":{"@id":"https:\/\/www.csj-emballages.com\/es\/produit\/liquido-de-enjuague-para-maquinas-totalmente-de-agua-20-l\/#breadcrumb"},"inLanguage":"es","potentialAction":[{"@type":"ReadAction","target":["https:\/\/www.csj-emballages.com\/es\/produit\/liquido-de-enjuague-para-maquinas-totalmente-de-agua-20-l\/"]}]},{"@type":"ImageObject","inLanguage":"es","@id":"https:\/\/www.csj-emballages.com\/es\/produit\/liquido-de-enjuague-para-maquinas-totalmente-de-agua-20-l\/#primaryimage","url":"https:\/\/www.csj-emballages.com\/wp-content\/uploads\/2024\/03\/LR20.webp","contentUrl":"https:\/\/www.csj-emballages.com\/wp-content\/uploads\/2024\/03\/LR20.webp","width":800,"height":800,"caption":"Liquide rin\u00e7age"},{"@type":"BreadcrumbList","@id":"https:\/\/www.csj-emballages.com\/es\/produit\/liquido-de-enjuague-para-maquinas-totalmente-de-agua-20-l\/#breadcrumb","itemListElement":[{"@type":"ListItem","position":1,"name":"Accueil","item":"https:\/\/www.csj-emballages.com\/es\/universo-del-envasado-alimentario\/"},{"@type":"ListItem","position":2,"name":"Tienda","item":"https:\/\/www.csj-emballages.com\/tienda\/"},{"@type":"ListItem","position":3,"name":"L\u00edquido de enjuague para m\u00e1quinas totalmente de agua 20 L"}]},{"@type":"WebSite","@id":"https:\/\/www.csj-emballages.com\/es\/#website","url":"https:\/\/www.csj-emballages.com\/es\/","name":"CSJ Emballages","description":"","publisher":{"@id":"https:\/\/www.csj-emballages.com\/es\/#organization"},"potentialAction":[{"@type":"SearchAction","target":{"@type":"EntryPoint","urlTemplate":"https:\/\/www.csj-emballages.com\/es\/?s={search_term_string}"},"query-input":{"@type":"PropertyValueSpecification","valueRequired":true,"valueName":"search_term_string"}}],"inLanguage":"es"},{"@type":"Organization","@id":"https:\/\/www.csj-emballages.com\/es\/#Organization\/","name":"CSJ Emballages","url":"https:\/\/www.csj-emballages.com\/es\/","logo":{"@type":"ImageObject","inLanguage":"es","@id":"https:\/\/www.csj-emballages.com\/es\/#\/schema\/logo\/image\/","url":"https:\/\/www.csj-emballages.com\/wp-content\/uploads\/2023\/10\/logo_csj.webp","contentUrl":"https:\/\/www.csj-emballages.com\/wp-content\/uploads\/2023\/10\/logo_csj.webp","width":250,"height":95,"caption":"CSJ Emballages"},"image":{"@id":"https:\/\/www.csj-emballages.com\/es\/#\/schema\/logo\/image\/"},"sameAs":["https:\/\/www.facebook.com\/csjemballages"],"address":{"@type":"PostalAddress","streetAddress":"ZI La Lechere","addressLocality":"Patornay","postalCode":"39130","addressCountry":"FR"},"contactPoint":[{"@type":"ContactPoint","contactType":"Service client","telephone":"0384254272","email":"contact@csj-emballages.com"}]}]}},"df_price":59.83,"df_sale_price":"","df_regular_price":59.83,"df_image_link":"https:\/\/www.csj-emballages.com\/wp-content\/uploads\/2024\/03\/LR20-300x300.webp","tiered_pricing_type":"fixed","tiered_pricing_fixed_rules":[],"tiered_pricing_percentage_rules":[],"tiered_pricing_minimum":1,"tiered_pricing_roles_data":[],"_links":{"self":[{"href":"https:\/\/www.csj-emballages.com\/es\/wp-json\/wp\/v2\/product\/21859","targetHints":{"allow":["GET"]}}],"collection":[{"href":"https:\/\/www.csj-emballages.com\/es\/wp-json\/wp\/v2\/product"}],"about":[{"href":"https:\/\/www.csj-emballages.com\/es\/wp-json\/wp\/v2\/types\/product"}],"wp:featuredmedia":[{"embeddable":true,"href":"https:\/\/www.csj-emballages.com\/es\/wp-json\/wp\/v2\/media\/235505"}],"wp:attachment":[{"href":"https:\/\/www.csj-emballages.com\/es\/wp-json\/wp\/v2\/media?parent=21859"}],"wp:term":[{"taxonomy":"product_brand","embeddable":true,"href":"https:\/\/www.csj-emballages.com\/es\/wp-json\/wp\/v2\/product_brand?post=21859"},{"taxonomy":"product_cat","embeddable":true,"href":"https:\/\/www.csj-emballages.com\/es\/wp-json\/wp\/v2\/product_cat?post=21859"},{"taxonomy":"product_tag","embeddable":true,"href":"https:\/\/www.csj-emballages.com\/es\/wp-json\/wp\/v2\/product_tag?post=21859"}],"curies":[{"name":"wp","href":"https:\/\/api.w.org\/{rel}","templated":true}]}}