{"id":21857,"date":"2024-03-01T16:51:55","date_gmt":"2024-03-01T15:51:55","guid":{"rendered":"https:\/\/u15jnbdpoq.preview.infomaniak.website\/produit\/100-eslabones-metalicos-dorados-95-mm\/"},"modified":"2026-04-28T02:16:22","modified_gmt":"2026-04-28T00:16:22","slug":"100-eslabones-metalicos-dorados-95-mm","status":"publish","type":"product","link":"https:\/\/www.csj-emballages.com\/es\/produit\/100-eslabones-metalicos-dorados-95-mm\/","title":{"rendered":"Abrazadera met\u00e1lica dorada 95 mm por 100"},"content":{"rendered":"<h2 class=\"p1\">Eslab\u00f3n de sujeci\u00f3n<\/h2>\n<hr>\n<h3>Descripci\u00f3n de nuestras bridas met\u00e1licas doradas de 95 mm, paquete de 100<\/h3>\n<p><!--more--><\/p>\n<p data-start=\"0\" data-end=\"540\">A\u00f1ada un toque de elegancia y practicidad a sus envases con nuestras <strong data-start=\"113\" data-end=\"154\">bridas met\u00e1licas doradas de 95 mm<\/strong>. Perfectas para cerrar sus <span style=\"color: #d12727;\"><a style=\"color: #d12727;\" href=\"https:\/\/www.csj-emballages.com\/es\/categorie-produit\/envasado-de-alimentos\/panaderia-y-pasteleria\/bolsas-sobres-y-papel\/bolsas-para-golosinas\/\">bolsas de confiter\u00eda<\/a><\/span> o envases de regalo, estas bridas <strong>met\u00e1licas<\/strong> son la soluci\u00f3n ideal para combinar <strong data-start=\"275\" data-end=\"289\">est\u00e9tica<\/strong> y <strong data-start=\"293\" data-end=\"311\">funcionalidad<\/strong>. Su color <strong data-start=\"336\" data-end=\"345\">dorado<\/strong> atrae inmediatamente las miradas, a\u00f1adiendo un acabado refinado a sus presentaciones, ya sean de <strong data-start=\"451\" data-end=\"466\">confiter\u00eda<\/strong>, <strong data-start=\"472\" data-end=\"487\">pasteler\u00eda<\/strong> o bolsas de <strong data-start=\"514\" data-end=\"537\" data-is-only-node=\"\">productos artesanales<\/strong>.  <\/p>\n<p data-start=\"542\" data-end=\"951\">Fabricadas en <strong data-start=\"555\" data-end=\"571\">metal macizo<\/strong> recubierto de <strong>una pel\u00edcula de pl\u00e1stico de color<\/strong>, ofrecen <strong data-start=\"626\" data-end=\"649\">una resistencia \u00f3ptima<\/strong>, garantizando un cierre seguro incluso para los paquetes m\u00e1s pesados. Adem\u00e1s, sus <strong data-start=\"752\" data-end=\"761\">95 mm de<\/strong> longitud garantizan una sujeci\u00f3n perfecta, sin dejar de ser f\u00e1ciles de manejar. Gracias a su <strong data-start=\"836\" data-end=\"849\">flexibilidad<\/strong>, podr\u00e1 girarlas y ajustarlas sin esfuerzo, al tiempo que consigue un acabado limpio y profesional.  <\/p>\n<p data-start=\"953\" data-end=\"1365\">Al elegir estas <strong>bridas<\/strong>, no s\u00f3lo estar\u00e1 optando por un accesorio <strong data-start=\"1023\" data-end=\"1037\">vers\u00e1til<\/strong>, sino tambi\u00e9n por una soluci\u00f3n <strong data-start=\"1068\" data-end=\"1082\">econ\u00f3mica<\/strong>: cada paquete contiene <strong data-start=\"1105\" data-end=\"1119\">100 unidades<\/strong>, ideales para profesionales de <strong data-start=\"1157\" data-end=\"1173\">la restauraci\u00f3n<\/strong>, <strong data-start=\"1223\" data-end=\"1242\">charcuter\u00edas<\/strong>, <strong data-start=\"1198\" data-end=\"1214\">panader\u00edas<\/strong> o <strong data-start=\"1223\" data-end=\"1242\">tiendas de delicatessen<\/strong>. Adem\u00e1s, su acabado brillante combina f\u00e1cilmente con cualquier tipo de envase, ya sea transparente, kraft o de color. <\/p>\n<p data-start=\"1367\" data-end=\"1669\">En resumen, nuestras <strong>bridas met\u00e1licas doradas de 95 mm<\/strong> son perfectas para a\u00f1adir un toque de <strong data-start=\"1460\" data-end=\"1475\">refinamiento<\/strong> al tiempo que garantizan <strong data-start=\"1497\" data-end=\"1517\">un cierre fiable<\/strong>. Pr\u00e1cticas, elegantes y resistentes, se convertir\u00e1n r\u00e1pidamente en indispensables para realzar sus creaciones y hacer que sus productos destaquen a los ojos de sus clientes. <\/p>\n<p data-start=\"1367\" data-end=\"1669\"><!--more--><\/p>\n<h4 data-start=\"1367\" data-end=\"1669\">Ventajas :<\/h4>\n<ul>\n<li data-start=\"1367\" data-end=\"1669\"><strong data-start=\"1885\" data-end=\"1897\">Elegancia<\/strong>: acabado dorado para una presentaci\u00f3n de alta gama.<\/li>\n<li data-start=\"1367\" data-end=\"1669\"><strong data-start=\"1956\" data-end=\"1970\">Resistencia<\/strong>: metal s\u00f3lido para un cierre fiable.<\/li>\n<li data-start=\"1367\" data-end=\"1669\"><strong data-start=\"2017\" data-end=\"2030\">Pr\u00e1ctico<\/strong>: 95 mm de largo, f\u00e1cil de manejar.<\/li>\n<li data-start=\"1367\" data-end=\"1669\"><strong data-start=\"2073\" data-end=\"2088\">Versatilidad<\/strong>: ideal para envasar alimentos, regalos o manualidades.<\/li>\n<\/ul>\n<p>&nbsp;<\/p>\n<p><!--more--><\/p>\n<h4>Informaci\u00f3n adicional :<\/h4>\n<ul>\n<li><strong>Embalaje<\/strong>: Paquete de 100<\/li>\n<li><strong>Longitud<\/strong>: 9,5 cm<\/li>\n<li><strong>Color<\/strong>: dorado<\/li>\n<li><strong>Material<\/strong>: Metal<\/li>\n<\/ul>\n<p>&nbsp;<\/p>\n<p><!--more--><\/p>\n<p>Este enlace tambi\u00e9n est\u00e1 disponible en el envase 2000: <span style=\"color: #d12727;\"><a style=\"color: #d12727;\" href=\"https:\/\/www.csj-emballages.com\/produit\/2000-liens-de-serrage-or\/\">LIENSOR<\/a><\/span><\/p>\n<p>&nbsp;<\/p>\n<p><!--more--><\/p>\n<p>Tambi\u00e9n puede encontrarlo en transparente : <span style=\"color: #d12727;\"><a style=\"color: #d12727;\" href=\"https:\/\/www.csj-emballages.com\/produit\/2000-liens-de-serrage-transparents\/\">LIENSTRAN<\/a><\/span><\/p>\n<p>&nbsp;<\/p>\n<p><!--more--><\/p>\n<p><a href=\"https:\/\/www.csj-emballages.com\/es\/categorie-produit\/envasado-de-alimentos\/panaderia-y-pasteleria\/bolsas-sobres-y-papel\/bolsas-para-golosinas\/eslabones-de-sujecion-es\/\">Ver el resto de nuestra gama de bridas  <\/a><\/p>\n","protected":false},"excerpt":{"rendered":"<p>Eslab\u00f3n de sujeci\u00f3n Descripci\u00f3n de nuestras bridas met\u00e1licas doradas de 95 mm, paquete de 100<\/p>\n","protected":false},"featured_media":243410,"template":"","meta":{"_acf_changed":false},"product_brand":[],"product_cat":[1150,1145,1791,2830,1660,2833,1488,1799,2835],"product_tag":[],"class_list":{"0":"post-21857","1":"product","2":"type-product","3":"status-publish","4":"has-post-thumbnail","6":"product_cat-envasado-de-alimentos","7":"product_cat-panaderia-y-pasteleria","8":"product_cat-accesorios-decorativos","9":"product_cat-eslabones-de-sujecion","10":"product_cat-bolsas-para-golosinas","11":"product_cat-eslabones-de-sujecion-es","12":"product_cat-tienda-y-almacen","13":"product_cat-accesorios-decorativos-es","14":"product_cat-eslabones-de-sujecion-es-2","16":"first","17":"instock","18":"taxable","19":"shipping-taxable","20":"purchasable","21":"product-type-simple"},"acf":[],"yoast_head":"<!-- This site is optimized with the Yoast SEO Premium plugin v26.6 (Yoast SEO v26.6) - https:\/\/yoast.com\/wordpress\/plugins\/seo\/ -->\n<title>Abrazadera met\u00e1lica dorada 95 mm por 100<\/title>\n<meta name=\"description\" content=\"Bridas de metal dorado 95 mm - 100 unid. Cierre pr\u00e1ctico y elegante para sus envases de alimentos y regalos.\" \/>\n<meta name=\"robots\" content=\"index, follow, max-snippet:-1, max-image-preview:large, max-video-preview:-1\" \/>\n<link rel=\"canonical\" href=\"https:\/\/www.csj-emballages.com\/es\/produit\/100-eslabones-metalicos-dorados-95-mm\/\" \/>\n<meta property=\"og:locale\" content=\"es_ES\" \/>\n<meta property=\"og:type\" content=\"article\" \/>\n<meta property=\"og:title\" content=\"Abrazadera met\u00e1lica dorada 95 mm por 100\" \/>\n<meta property=\"og:description\" content=\"Bridas de metal dorado 95 mm - 100 unid. Cierre pr\u00e1ctico y elegante para sus envases de alimentos y regalos.\" \/>\n<meta property=\"og:url\" content=\"https:\/\/www.csj-emballages.com\/es\/produit\/100-eslabones-metalicos-dorados-95-mm\/\" \/>\n<meta property=\"og:site_name\" content=\"CSJ Emballages\" \/>\n<meta property=\"article:publisher\" content=\"https:\/\/www.facebook.com\/csjemballages\" \/>\n<meta property=\"article:modified_time\" content=\"2026-04-28T00:16:22+00:00\" \/>\n<meta property=\"og:image\" content=\"https:\/\/www.csj-emballages.com\/wp-content\/uploads\/2024\/03\/LIENSMET.webp\" \/>\n\t<meta property=\"og:image:width\" content=\"800\" \/>\n\t<meta property=\"og:image:height\" content=\"800\" \/>\n\t<meta property=\"og:image:type\" content=\"image\/webp\" \/>\n<meta name=\"twitter:card\" content=\"summary_large_image\" \/>\n<meta name=\"twitter:label1\" content=\"Tiempo de lectura\" \/>\n\t<meta name=\"twitter:data1\" content=\"2 minutos\" \/>\n<script type=\"application\/ld+json\" class=\"yoast-schema-graph\">{\"@context\":\"https:\/\/schema.org\",\"@graph\":[{\"@type\":\"WebPage\",\"@id\":\"https:\/\/www.csj-emballages.com\/es\/produit\/100-eslabones-metalicos-dorados-95-mm\/\",\"url\":\"https:\/\/www.csj-emballages.com\/es\/produit\/100-eslabones-metalicos-dorados-95-mm\/\",\"name\":\"Abrazadera met\u00e1lica dorada 95 mm por 100\",\"isPartOf\":{\"@id\":\"https:\/\/www.csj-emballages.com\/es\/#website\"},\"primaryImageOfPage\":{\"@id\":\"https:\/\/www.csj-emballages.com\/es\/produit\/100-eslabones-metalicos-dorados-95-mm\/#primaryimage\"},\"image\":{\"@id\":\"https:\/\/www.csj-emballages.com\/es\/produit\/100-eslabones-metalicos-dorados-95-mm\/#primaryimage\"},\"thumbnailUrl\":\"https:\/\/www.csj-emballages.com\/wp-content\/uploads\/2024\/03\/LIENSMET.webp\",\"datePublished\":\"2024-03-01T15:51:55+00:00\",\"dateModified\":\"2026-04-28T00:16:22+00:00\",\"description\":\"Bridas de metal dorado 95 mm - 100 unid. Cierre pr\u00e1ctico y elegante para sus envases de alimentos y regalos.\",\"breadcrumb\":{\"@id\":\"https:\/\/www.csj-emballages.com\/es\/produit\/100-eslabones-metalicos-dorados-95-mm\/#breadcrumb\"},\"inLanguage\":\"es\",\"potentialAction\":[{\"@type\":\"ReadAction\",\"target\":[\"https:\/\/www.csj-emballages.com\/es\/produit\/100-eslabones-metalicos-dorados-95-mm\/\"]}]},{\"@type\":\"ImageObject\",\"inLanguage\":\"es\",\"@id\":\"https:\/\/www.csj-emballages.com\/es\/produit\/100-eslabones-metalicos-dorados-95-mm\/#primaryimage\",\"url\":\"https:\/\/www.csj-emballages.com\/wp-content\/uploads\/2024\/03\/LIENSMET.webp\",\"contentUrl\":\"https:\/\/www.csj-emballages.com\/wp-content\/uploads\/2024\/03\/LIENSMET.webp\",\"width\":800,\"height\":800,\"caption\":\"Lien de serrage m\u00e9tallique or 95 mm par 100\"},{\"@type\":\"BreadcrumbList\",\"@id\":\"https:\/\/www.csj-emballages.com\/es\/produit\/100-eslabones-metalicos-dorados-95-mm\/#breadcrumb\",\"itemListElement\":[{\"@type\":\"ListItem\",\"position\":1,\"name\":\"Accueil\",\"item\":\"https:\/\/www.csj-emballages.com\/es\/universo-del-envasado-alimentario\/\"},{\"@type\":\"ListItem\",\"position\":2,\"name\":\"Tienda\",\"item\":\"https:\/\/www.csj-emballages.com\/tienda\/\"},{\"@type\":\"ListItem\",\"position\":3,\"name\":\"Abrazadera met\u00e1lica dorada 95 mm por 100\"}]},{\"@type\":\"WebSite\",\"@id\":\"https:\/\/www.csj-emballages.com\/es\/#website\",\"url\":\"https:\/\/www.csj-emballages.com\/es\/\",\"name\":\"CSJ Emballages\",\"description\":\"\",\"publisher\":{\"@id\":\"https:\/\/www.csj-emballages.com\/es\/#organization\"},\"potentialAction\":[{\"@type\":\"SearchAction\",\"target\":{\"@type\":\"EntryPoint\",\"urlTemplate\":\"https:\/\/www.csj-emballages.com\/es\/?s={search_term_string}\"},\"query-input\":{\"@type\":\"PropertyValueSpecification\",\"valueRequired\":true,\"valueName\":\"search_term_string\"}}],\"inLanguage\":\"es\"},{\"@type\":\"Organization\",\"@id\":\"https:\/\/www.csj-emballages.com\/es\/#Organization\/\",\"name\":\"CSJ Emballages\",\"url\":\"https:\/\/www.csj-emballages.com\/es\/\",\"logo\":{\"@type\":\"ImageObject\",\"inLanguage\":\"es\",\"@id\":\"https:\/\/www.csj-emballages.com\/es\/#\/schema\/logo\/image\/\",\"url\":\"https:\/\/www.csj-emballages.com\/wp-content\/uploads\/2023\/10\/logo_csj.webp\",\"contentUrl\":\"https:\/\/www.csj-emballages.com\/wp-content\/uploads\/2023\/10\/logo_csj.webp\",\"width\":250,\"height\":95,\"caption\":\"CSJ Emballages\"},\"image\":{\"@id\":\"https:\/\/www.csj-emballages.com\/es\/#\/schema\/logo\/image\/\"},\"sameAs\":[\"https:\/\/www.facebook.com\/csjemballages\"],\"address\":{\"@type\":\"PostalAddress\",\"streetAddress\":\"ZI La Lechere\",\"addressLocality\":\"Patornay\",\"postalCode\":\"39130\",\"addressCountry\":\"FR\"},\"contactPoint\":[{\"@type\":\"ContactPoint\",\"contactType\":\"Service client\",\"telephone\":\"0384254272\",\"email\":\"contact@csj-emballages.com\"}]}]}<\/script>\n<!-- \/ Yoast SEO Premium plugin. -->","yoast_head_json":{"title":"Abrazadera met\u00e1lica dorada 95 mm por 100","description":"Bridas de metal dorado 95 mm - 100 unid. Cierre pr\u00e1ctico y elegante para sus envases de alimentos y regalos.","robots":{"index":"index","follow":"follow","max-snippet":"max-snippet:-1","max-image-preview":"max-image-preview:large","max-video-preview":"max-video-preview:-1"},"canonical":"https:\/\/www.csj-emballages.com\/es\/produit\/100-eslabones-metalicos-dorados-95-mm\/","og_locale":"es_ES","og_type":"article","og_title":"Abrazadera met\u00e1lica dorada 95 mm por 100","og_description":"Bridas de metal dorado 95 mm - 100 unid. Cierre pr\u00e1ctico y elegante para sus envases de alimentos y regalos.","og_url":"https:\/\/www.csj-emballages.com\/es\/produit\/100-eslabones-metalicos-dorados-95-mm\/","og_site_name":"CSJ Emballages","article_publisher":"https:\/\/www.facebook.com\/csjemballages","article_modified_time":"2026-04-28T00:16:22+00:00","og_image":[{"width":800,"height":800,"url":"https:\/\/www.csj-emballages.com\/wp-content\/uploads\/2024\/03\/LIENSMET.webp","type":"image\/webp"}],"twitter_card":"summary_large_image","twitter_misc":{"Tiempo de lectura":"2 minutos"},"schema":{"@context":"https:\/\/schema.org","@graph":[{"@type":"WebPage","@id":"https:\/\/www.csj-emballages.com\/es\/produit\/100-eslabones-metalicos-dorados-95-mm\/","url":"https:\/\/www.csj-emballages.com\/es\/produit\/100-eslabones-metalicos-dorados-95-mm\/","name":"Abrazadera met\u00e1lica dorada 95 mm por 100","isPartOf":{"@id":"https:\/\/www.csj-emballages.com\/es\/#website"},"primaryImageOfPage":{"@id":"https:\/\/www.csj-emballages.com\/es\/produit\/100-eslabones-metalicos-dorados-95-mm\/#primaryimage"},"image":{"@id":"https:\/\/www.csj-emballages.com\/es\/produit\/100-eslabones-metalicos-dorados-95-mm\/#primaryimage"},"thumbnailUrl":"https:\/\/www.csj-emballages.com\/wp-content\/uploads\/2024\/03\/LIENSMET.webp","datePublished":"2024-03-01T15:51:55+00:00","dateModified":"2026-04-28T00:16:22+00:00","description":"Bridas de metal dorado 95 mm - 100 unid. Cierre pr\u00e1ctico y elegante para sus envases de alimentos y regalos.","breadcrumb":{"@id":"https:\/\/www.csj-emballages.com\/es\/produit\/100-eslabones-metalicos-dorados-95-mm\/#breadcrumb"},"inLanguage":"es","potentialAction":[{"@type":"ReadAction","target":["https:\/\/www.csj-emballages.com\/es\/produit\/100-eslabones-metalicos-dorados-95-mm\/"]}]},{"@type":"ImageObject","inLanguage":"es","@id":"https:\/\/www.csj-emballages.com\/es\/produit\/100-eslabones-metalicos-dorados-95-mm\/#primaryimage","url":"https:\/\/www.csj-emballages.com\/wp-content\/uploads\/2024\/03\/LIENSMET.webp","contentUrl":"https:\/\/www.csj-emballages.com\/wp-content\/uploads\/2024\/03\/LIENSMET.webp","width":800,"height":800,"caption":"Lien de serrage m\u00e9tallique or 95 mm par 100"},{"@type":"BreadcrumbList","@id":"https:\/\/www.csj-emballages.com\/es\/produit\/100-eslabones-metalicos-dorados-95-mm\/#breadcrumb","itemListElement":[{"@type":"ListItem","position":1,"name":"Accueil","item":"https:\/\/www.csj-emballages.com\/es\/universo-del-envasado-alimentario\/"},{"@type":"ListItem","position":2,"name":"Tienda","item":"https:\/\/www.csj-emballages.com\/tienda\/"},{"@type":"ListItem","position":3,"name":"Abrazadera met\u00e1lica dorada 95 mm por 100"}]},{"@type":"WebSite","@id":"https:\/\/www.csj-emballages.com\/es\/#website","url":"https:\/\/www.csj-emballages.com\/es\/","name":"CSJ Emballages","description":"","publisher":{"@id":"https:\/\/www.csj-emballages.com\/es\/#organization"},"potentialAction":[{"@type":"SearchAction","target":{"@type":"EntryPoint","urlTemplate":"https:\/\/www.csj-emballages.com\/es\/?s={search_term_string}"},"query-input":{"@type":"PropertyValueSpecification","valueRequired":true,"valueName":"search_term_string"}}],"inLanguage":"es"},{"@type":"Organization","@id":"https:\/\/www.csj-emballages.com\/es\/#Organization\/","name":"CSJ Emballages","url":"https:\/\/www.csj-emballages.com\/es\/","logo":{"@type":"ImageObject","inLanguage":"es","@id":"https:\/\/www.csj-emballages.com\/es\/#\/schema\/logo\/image\/","url":"https:\/\/www.csj-emballages.com\/wp-content\/uploads\/2023\/10\/logo_csj.webp","contentUrl":"https:\/\/www.csj-emballages.com\/wp-content\/uploads\/2023\/10\/logo_csj.webp","width":250,"height":95,"caption":"CSJ Emballages"},"image":{"@id":"https:\/\/www.csj-emballages.com\/es\/#\/schema\/logo\/image\/"},"sameAs":["https:\/\/www.facebook.com\/csjemballages"],"address":{"@type":"PostalAddress","streetAddress":"ZI La Lechere","addressLocality":"Patornay","postalCode":"39130","addressCountry":"FR"},"contactPoint":[{"@type":"ContactPoint","contactType":"Service client","telephone":"0384254272","email":"contact@csj-emballages.com"}]}]}},"df_price":0.86,"df_sale_price":"","df_regular_price":0.86,"df_image_link":"https:\/\/www.csj-emballages.com\/wp-content\/uploads\/2024\/03\/LIENSMET-300x300.webp","tiered_pricing_type":"fixed","tiered_pricing_fixed_rules":[],"tiered_pricing_percentage_rules":[],"tiered_pricing_minimum":1,"tiered_pricing_roles_data":[],"_links":{"self":[{"href":"https:\/\/www.csj-emballages.com\/es\/wp-json\/wp\/v2\/product\/21857","targetHints":{"allow":["GET"]}}],"collection":[{"href":"https:\/\/www.csj-emballages.com\/es\/wp-json\/wp\/v2\/product"}],"about":[{"href":"https:\/\/www.csj-emballages.com\/es\/wp-json\/wp\/v2\/types\/product"}],"wp:featuredmedia":[{"embeddable":true,"href":"https:\/\/www.csj-emballages.com\/es\/wp-json\/wp\/v2\/media\/243410"}],"wp:attachment":[{"href":"https:\/\/www.csj-emballages.com\/es\/wp-json\/wp\/v2\/media?parent=21857"}],"wp:term":[{"taxonomy":"product_brand","embeddable":true,"href":"https:\/\/www.csj-emballages.com\/es\/wp-json\/wp\/v2\/product_brand?post=21857"},{"taxonomy":"product_cat","embeddable":true,"href":"https:\/\/www.csj-emballages.com\/es\/wp-json\/wp\/v2\/product_cat?post=21857"},{"taxonomy":"product_tag","embeddable":true,"href":"https:\/\/www.csj-emballages.com\/es\/wp-json\/wp\/v2\/product_tag?post=21857"}],"curies":[{"name":"wp","href":"https:\/\/api.w.org\/{rel}","templated":true}]}}