{"id":21851,"date":"2024-03-01T16:51:57","date_gmt":"2024-03-01T15:51:57","guid":{"rendered":"https:\/\/u15jnbdpoq.preview.infomaniak.website\/produit\/50-bandejas-biodegradables-con-tapas-separadas-850-ml\/"},"modified":"2026-04-16T02:14:12","modified_gmt":"2026-04-16T00:14:12","slug":"50-bandejas-biodegradables-con-tapas-separadas-850-ml","status":"publish","type":"product","link":"https:\/\/www.csj-emballages.com\/es\/produit\/50-bandejas-biodegradables-con-tapas-separadas-850-ml\/","title":{"rendered":"Bandeja biodegradable 850 ml x 50"},"content":{"rendered":"<h2 style=\"text-align: left;\">Bandeja biodegradable<\/h2>\n<hr>\n<div style=\"text-align: left;\">\n<h3>Descripci\u00f3n de nuestra bandeja biodegradable 850 ml por 50<\/h3>\n<p><!--more--><\/p>\n<p data-start=\"243\" data-end=\"664\"><strong data-start=\"243\" data-end=\"283\">Pr\u00e1ctica, responsable y vers\u00e1til<\/strong>, esta <strong>bandeja biodegradable de 850 ml<\/strong> est\u00e1 dise\u00f1ada para satisfacer las necesidades tanto de los profesionales de la restauraci\u00f3n como de los consumidores concienciados con el medio ambiente. Fabricadas con <strong>materiales vegetales compostables<\/strong> (a menudo fibra de ca\u00f1a o papel kraft, seg\u00fan el modelo), son una excelente alternativa a los envases de pl\u00e1stico tradicionales. <\/p>\n<p data-start=\"666\" data-end=\"1053\">Con sus <strong data-start=\"688\" data-end=\"698\">850 ml de<\/strong> capacidad, es ideal para porciones generosas: platos calientes, ensaladas mixtas, comidas para llevar o incluso postres para compartir. Es lo suficientemente <strong data-start=\"838\" data-end=\"850\">resistente<\/strong> como para soportar alimentos h\u00famedos y grasientos sin deformarse ni gotear. <strong>Compatible con el microondas<\/strong>, esta <strong>bandeja biodegradable<\/strong> tambi\u00e9n es f\u00e1cil de recalentar, sin transferencia de sabor ni olor. <\/p>\n<p data-start=\"1055\" data-end=\"1354\">Este pack de <strong>50 bandejas<\/strong> es perfecto para <strong data-start=\"1100\" data-end=\"1151\">caterings, restaurantes, food trucks y comedores<\/strong>, as\u00ed como para eventos privados (cumplea\u00f1os, comidas con amigos, batch cooking).<br data-start=\"1253\" data-end=\"1256\">Es una elecci\u00f3n responsable, sencilla y eficaz que combina <strong data-start=\"1315\" data-end=\"1353\">practicidad y compromiso con el medio ambiente<\/strong>.<\/p>\n<\/div>\n<p>&nbsp;<\/p>\n<p><!--more--><\/p>\n<h4>Ventajas :<\/h4>\n<ul>\n<li>Bandeja biodegradable ecorresponsable de un solo uso.<\/li>\n<li>Capacidad ideal de 850 ml para platos fr\u00edos o calientes.<\/li>\n<li>Resistente a la humedad, la grasa y el microondas.<\/li>\n<li>Se venden en paquetes de 50 unidades, pr\u00e1cticos tanto para uso profesional como privado.<\/li>\n<li>Alternativa natural al pl\u00e1stico, compostable industrialmente.<\/li>\n<\/ul>\n<p>&nbsp;<\/p>\n<div style=\"text-align: left;\">\n<div style=\"text-align: left;\">\n<div style=\"text-align: left;\">\n<div style=\"text-align: left;\">\n<p><!--more--><\/p>\n<h4>Informaci\u00f3n adicional :<\/h4>\n<div style=\"text-align: left;\">\n<ul>\n<li><strong>Envase<\/strong>: Paquete de 50<\/li>\n<li><strong>Dimensiones<\/strong>: 235 x 131 x 46 (L x A x A en mm)<\/li>\n<li><strong>Volumen<\/strong>: 850 ml<\/li>\n<li><strong>Material<\/strong>: Pulpa de ca\u00f1a de az\u00facar (bagazo)<\/li>\n<li><strong>Color<\/strong>: arena<\/li>\n<li><strong>Temperatura de funcionamiento<\/strong>: -\u00b018C\/+150\u00b0C<\/li>\n<\/ul>\n<p>&nbsp;<\/p>\n<\/div>\n<\/div>\n<\/div>\n<\/div>\n<\/div>\n<p><!--more--><\/p>\n<p>Encuentre aqu\u00ed la tapa compatible con esta bandeja: <span style=\"color: #d12727;\"><a style=\"color: #d12727;\" href=\"https:\/\/www.csj-emballages.com\/es\/produit\/50-tapas-bajas-de-plastico-para-bandejas-biodegradables-850-ml\/\">COUVKP710BIO<\/a><\/span><\/p>\n<p>&nbsp;<\/p>\n<p><!--more--><\/p>\n<p><a href=\"https:\/\/www.csj-emballages.com\/es\/categorie-produit\/envasado-de-alimentos\/gama-ecologica\/platos-bandejas-cajas\/bandejas-ecologicas-es\/\">Ver el resto de nuestra gama de bandejas ecol\u00f3gicas<\/a><\/p>\n","protected":false},"excerpt":{"rendered":"<p>Bandeja biodegradable Descripci\u00f3n de nuestra bandeja biodegradable 850 ml por 50<\/p>\n","protected":false},"featured_media":239751,"template":"","meta":{"_acf_changed":false},"product_brand":[],"product_cat":[1143,1491,2477,1163,2478],"product_tag":[],"class_list":{"0":"post-21851","1":"product","2":"type-product","3":"status-publish","4":"has-post-thumbnail","6":"product_cat-carniceria-y-charcuteria","7":"product_cat-bandejas-latas-tarros-de-comida","8":"product_cat-bandejas-biodegradables","9":"product_cat-gama-ecologica","10":"product_cat-bandejas-ecologicas-es","12":"first","13":"instock","14":"taxable","15":"shipping-taxable","16":"purchasable","17":"product-type-simple"},"acf":[],"yoast_head":"<!-- This site is optimized with the Yoast SEO Premium plugin v26.6 (Yoast SEO v26.6) - https:\/\/yoast.com\/wordpress\/plugins\/seo\/ -->\n<title>Bandeja biodegradable - 850 ml<\/title>\n<meta name=\"description\" content=\"Elija la bandeja de bagazo biodegradable, ecol\u00f3gica y pr\u00e1ctica, ideal para empresas de catering y restaurantes. Duradera y compostable.\" \/>\n<meta name=\"robots\" content=\"index, follow, max-snippet:-1, max-image-preview:large, max-video-preview:-1\" \/>\n<link rel=\"canonical\" href=\"https:\/\/www.csj-emballages.com\/es\/produit\/50-bandejas-biodegradables-con-tapas-separadas-850-ml\/\" \/>\n<meta property=\"og:locale\" content=\"es_ES\" \/>\n<meta property=\"og:type\" content=\"article\" \/>\n<meta property=\"og:title\" content=\"Bandeja biodegradable 850 ml x 50\" \/>\n<meta property=\"og:description\" content=\"Elija la bandeja de bagazo biodegradable, ecol\u00f3gica y pr\u00e1ctica, ideal para empresas de catering y restaurantes. Duradera y compostable.\" \/>\n<meta property=\"og:url\" content=\"https:\/\/www.csj-emballages.com\/es\/produit\/50-bandejas-biodegradables-con-tapas-separadas-850-ml\/\" \/>\n<meta property=\"og:site_name\" content=\"CSJ Emballages\" \/>\n<meta property=\"article:publisher\" content=\"https:\/\/www.facebook.com\/csjemballages\" \/>\n<meta property=\"article:modified_time\" content=\"2026-04-16T00:14:12+00:00\" \/>\n<meta property=\"og:image\" content=\"https:\/\/www.csj-emballages.com\/wp-content\/uploads\/2024\/03\/MENU-1.webp\" \/>\n\t<meta property=\"og:image:width\" content=\"800\" \/>\n\t<meta property=\"og:image:height\" content=\"800\" \/>\n\t<meta property=\"og:image:type\" content=\"image\/webp\" \/>\n<meta name=\"twitter:card\" content=\"summary_large_image\" \/>\n<meta name=\"twitter:label1\" content=\"Tiempo de lectura\" \/>\n\t<meta name=\"twitter:data1\" content=\"1 minuto\" \/>\n<script type=\"application\/ld+json\" class=\"yoast-schema-graph\">{\"@context\":\"https:\/\/schema.org\",\"@graph\":[{\"@type\":\"WebPage\",\"@id\":\"https:\/\/www.csj-emballages.com\/es\/produit\/50-bandejas-biodegradables-con-tapas-separadas-850-ml\/\",\"url\":\"https:\/\/www.csj-emballages.com\/es\/produit\/50-bandejas-biodegradables-con-tapas-separadas-850-ml\/\",\"name\":\"Bandeja biodegradable - 850 ml\",\"isPartOf\":{\"@id\":\"https:\/\/www.csj-emballages.com\/es\/#website\"},\"primaryImageOfPage\":{\"@id\":\"https:\/\/www.csj-emballages.com\/es\/produit\/50-bandejas-biodegradables-con-tapas-separadas-850-ml\/#primaryimage\"},\"image\":{\"@id\":\"https:\/\/www.csj-emballages.com\/es\/produit\/50-bandejas-biodegradables-con-tapas-separadas-850-ml\/#primaryimage\"},\"thumbnailUrl\":\"https:\/\/www.csj-emballages.com\/wp-content\/uploads\/2024\/03\/KP710BIO-1.webp\",\"datePublished\":\"2024-03-01T15:51:57+00:00\",\"dateModified\":\"2026-04-16T00:14:12+00:00\",\"description\":\"Elija la bandeja de bagazo biodegradable, ecol\u00f3gica y pr\u00e1ctica, ideal para empresas de catering y restaurantes. Duradera y compostable.\",\"breadcrumb\":{\"@id\":\"https:\/\/www.csj-emballages.com\/es\/produit\/50-bandejas-biodegradables-con-tapas-separadas-850-ml\/#breadcrumb\"},\"inLanguage\":\"es\",\"potentialAction\":[{\"@type\":\"ReadAction\",\"target\":[\"https:\/\/www.csj-emballages.com\/es\/produit\/50-bandejas-biodegradables-con-tapas-separadas-850-ml\/\"]}]},{\"@type\":\"ImageObject\",\"inLanguage\":\"es\",\"@id\":\"https:\/\/www.csj-emballages.com\/es\/produit\/50-bandejas-biodegradables-con-tapas-separadas-850-ml\/#primaryimage\",\"url\":\"https:\/\/www.csj-emballages.com\/wp-content\/uploads\/2024\/03\/KP710BIO-1.webp\",\"contentUrl\":\"https:\/\/www.csj-emballages.com\/wp-content\/uploads\/2024\/03\/KP710BIO-1.webp\",\"width\":800,\"height\":800,\"caption\":\"barquette bio\"},{\"@type\":\"BreadcrumbList\",\"@id\":\"https:\/\/www.csj-emballages.com\/es\/produit\/50-bandejas-biodegradables-con-tapas-separadas-850-ml\/#breadcrumb\",\"itemListElement\":[{\"@type\":\"ListItem\",\"position\":1,\"name\":\"Accueil\",\"item\":\"https:\/\/www.csj-emballages.com\/es\/universo-del-envasado-alimentario\/\"},{\"@type\":\"ListItem\",\"position\":2,\"name\":\"Tienda\",\"item\":\"https:\/\/www.csj-emballages.com\/tienda\/\"},{\"@type\":\"ListItem\",\"position\":3,\"name\":\"Bandeja biodegradable 850 ml x 50\"}]},{\"@type\":\"WebSite\",\"@id\":\"https:\/\/www.csj-emballages.com\/es\/#website\",\"url\":\"https:\/\/www.csj-emballages.com\/es\/\",\"name\":\"CSJ Emballages\",\"description\":\"\",\"publisher\":{\"@id\":\"https:\/\/www.csj-emballages.com\/es\/#organization\"},\"potentialAction\":[{\"@type\":\"SearchAction\",\"target\":{\"@type\":\"EntryPoint\",\"urlTemplate\":\"https:\/\/www.csj-emballages.com\/es\/?s={search_term_string}\"},\"query-input\":{\"@type\":\"PropertyValueSpecification\",\"valueRequired\":true,\"valueName\":\"search_term_string\"}}],\"inLanguage\":\"es\"},{\"@type\":\"Organization\",\"@id\":\"https:\/\/www.csj-emballages.com\/es\/#Organization\/\",\"name\":\"CSJ Emballages\",\"url\":\"https:\/\/www.csj-emballages.com\/es\/\",\"logo\":{\"@type\":\"ImageObject\",\"inLanguage\":\"es\",\"@id\":\"https:\/\/www.csj-emballages.com\/es\/#\/schema\/logo\/image\/\",\"url\":\"https:\/\/www.csj-emballages.com\/wp-content\/uploads\/2023\/10\/logo_csj.webp\",\"contentUrl\":\"https:\/\/www.csj-emballages.com\/wp-content\/uploads\/2023\/10\/logo_csj.webp\",\"width\":250,\"height\":95,\"caption\":\"CSJ Emballages\"},\"image\":{\"@id\":\"https:\/\/www.csj-emballages.com\/es\/#\/schema\/logo\/image\/\"},\"sameAs\":[\"https:\/\/www.facebook.com\/csjemballages\"],\"address\":{\"@type\":\"PostalAddress\",\"streetAddress\":\"ZI La Lechere\",\"addressLocality\":\"Patornay\",\"postalCode\":\"39130\",\"addressCountry\":\"FR\"},\"contactPoint\":[{\"@type\":\"ContactPoint\",\"contactType\":\"Service client\",\"telephone\":\"0384254272\",\"email\":\"contact@csj-emballages.com\"}]}]}<\/script>\n<!-- \/ Yoast SEO Premium plugin. -->","yoast_head_json":{"title":"Bandeja biodegradable - 850 ml","description":"Elija la bandeja de bagazo biodegradable, ecol\u00f3gica y pr\u00e1ctica, ideal para empresas de catering y restaurantes. Duradera y compostable.","robots":{"index":"index","follow":"follow","max-snippet":"max-snippet:-1","max-image-preview":"max-image-preview:large","max-video-preview":"max-video-preview:-1"},"canonical":"https:\/\/www.csj-emballages.com\/es\/produit\/50-bandejas-biodegradables-con-tapas-separadas-850-ml\/","og_locale":"es_ES","og_type":"article","og_title":"Bandeja biodegradable 850 ml x 50","og_description":"Elija la bandeja de bagazo biodegradable, ecol\u00f3gica y pr\u00e1ctica, ideal para empresas de catering y restaurantes. Duradera y compostable.","og_url":"https:\/\/www.csj-emballages.com\/es\/produit\/50-bandejas-biodegradables-con-tapas-separadas-850-ml\/","og_site_name":"CSJ Emballages","article_publisher":"https:\/\/www.facebook.com\/csjemballages","article_modified_time":"2026-04-16T00:14:12+00:00","og_image":[{"width":800,"height":800,"url":"https:\/\/www.csj-emballages.com\/wp-content\/uploads\/2024\/03\/MENU-1.webp","type":"image\/webp"}],"twitter_card":"summary_large_image","twitter_misc":{"Tiempo de lectura":"1 minuto"},"schema":{"@context":"https:\/\/schema.org","@graph":[{"@type":"WebPage","@id":"https:\/\/www.csj-emballages.com\/es\/produit\/50-bandejas-biodegradables-con-tapas-separadas-850-ml\/","url":"https:\/\/www.csj-emballages.com\/es\/produit\/50-bandejas-biodegradables-con-tapas-separadas-850-ml\/","name":"Bandeja biodegradable - 850 ml","isPartOf":{"@id":"https:\/\/www.csj-emballages.com\/es\/#website"},"primaryImageOfPage":{"@id":"https:\/\/www.csj-emballages.com\/es\/produit\/50-bandejas-biodegradables-con-tapas-separadas-850-ml\/#primaryimage"},"image":{"@id":"https:\/\/www.csj-emballages.com\/es\/produit\/50-bandejas-biodegradables-con-tapas-separadas-850-ml\/#primaryimage"},"thumbnailUrl":"https:\/\/www.csj-emballages.com\/wp-content\/uploads\/2024\/03\/KP710BIO-1.webp","datePublished":"2024-03-01T15:51:57+00:00","dateModified":"2026-04-16T00:14:12+00:00","description":"Elija la bandeja de bagazo biodegradable, ecol\u00f3gica y pr\u00e1ctica, ideal para empresas de catering y restaurantes. Duradera y compostable.","breadcrumb":{"@id":"https:\/\/www.csj-emballages.com\/es\/produit\/50-bandejas-biodegradables-con-tapas-separadas-850-ml\/#breadcrumb"},"inLanguage":"es","potentialAction":[{"@type":"ReadAction","target":["https:\/\/www.csj-emballages.com\/es\/produit\/50-bandejas-biodegradables-con-tapas-separadas-850-ml\/"]}]},{"@type":"ImageObject","inLanguage":"es","@id":"https:\/\/www.csj-emballages.com\/es\/produit\/50-bandejas-biodegradables-con-tapas-separadas-850-ml\/#primaryimage","url":"https:\/\/www.csj-emballages.com\/wp-content\/uploads\/2024\/03\/KP710BIO-1.webp","contentUrl":"https:\/\/www.csj-emballages.com\/wp-content\/uploads\/2024\/03\/KP710BIO-1.webp","width":800,"height":800,"caption":"barquette bio"},{"@type":"BreadcrumbList","@id":"https:\/\/www.csj-emballages.com\/es\/produit\/50-bandejas-biodegradables-con-tapas-separadas-850-ml\/#breadcrumb","itemListElement":[{"@type":"ListItem","position":1,"name":"Accueil","item":"https:\/\/www.csj-emballages.com\/es\/universo-del-envasado-alimentario\/"},{"@type":"ListItem","position":2,"name":"Tienda","item":"https:\/\/www.csj-emballages.com\/tienda\/"},{"@type":"ListItem","position":3,"name":"Bandeja biodegradable 850 ml x 50"}]},{"@type":"WebSite","@id":"https:\/\/www.csj-emballages.com\/es\/#website","url":"https:\/\/www.csj-emballages.com\/es\/","name":"CSJ Emballages","description":"","publisher":{"@id":"https:\/\/www.csj-emballages.com\/es\/#organization"},"potentialAction":[{"@type":"SearchAction","target":{"@type":"EntryPoint","urlTemplate":"https:\/\/www.csj-emballages.com\/es\/?s={search_term_string}"},"query-input":{"@type":"PropertyValueSpecification","valueRequired":true,"valueName":"search_term_string"}}],"inLanguage":"es"},{"@type":"Organization","@id":"https:\/\/www.csj-emballages.com\/es\/#Organization\/","name":"CSJ Emballages","url":"https:\/\/www.csj-emballages.com\/es\/","logo":{"@type":"ImageObject","inLanguage":"es","@id":"https:\/\/www.csj-emballages.com\/es\/#\/schema\/logo\/image\/","url":"https:\/\/www.csj-emballages.com\/wp-content\/uploads\/2023\/10\/logo_csj.webp","contentUrl":"https:\/\/www.csj-emballages.com\/wp-content\/uploads\/2023\/10\/logo_csj.webp","width":250,"height":95,"caption":"CSJ Emballages"},"image":{"@id":"https:\/\/www.csj-emballages.com\/es\/#\/schema\/logo\/image\/"},"sameAs":["https:\/\/www.facebook.com\/csjemballages"],"address":{"@type":"PostalAddress","streetAddress":"ZI La Lechere","addressLocality":"Patornay","postalCode":"39130","addressCountry":"FR"},"contactPoint":[{"@type":"ContactPoint","contactType":"Service client","telephone":"0384254272","email":"contact@csj-emballages.com"}]}]}},"df_price":10.92,"df_sale_price":"","df_regular_price":10.92,"df_image_link":"https:\/\/www.csj-emballages.com\/wp-content\/uploads\/2024\/03\/KP710BIO-1-300x300.webp","tiered_pricing_type":"fixed","tiered_pricing_fixed_rules":[],"tiered_pricing_percentage_rules":[],"tiered_pricing_minimum":1,"tiered_pricing_roles_data":[],"_links":{"self":[{"href":"https:\/\/www.csj-emballages.com\/es\/wp-json\/wp\/v2\/product\/21851","targetHints":{"allow":["GET"]}}],"collection":[{"href":"https:\/\/www.csj-emballages.com\/es\/wp-json\/wp\/v2\/product"}],"about":[{"href":"https:\/\/www.csj-emballages.com\/es\/wp-json\/wp\/v2\/types\/product"}],"wp:featuredmedia":[{"embeddable":true,"href":"https:\/\/www.csj-emballages.com\/es\/wp-json\/wp\/v2\/media\/239751"}],"wp:attachment":[{"href":"https:\/\/www.csj-emballages.com\/es\/wp-json\/wp\/v2\/media?parent=21851"}],"wp:term":[{"taxonomy":"product_brand","embeddable":true,"href":"https:\/\/www.csj-emballages.com\/es\/wp-json\/wp\/v2\/product_brand?post=21851"},{"taxonomy":"product_cat","embeddable":true,"href":"https:\/\/www.csj-emballages.com\/es\/wp-json\/wp\/v2\/product_cat?post=21851"},{"taxonomy":"product_tag","embeddable":true,"href":"https:\/\/www.csj-emballages.com\/es\/wp-json\/wp\/v2\/product_tag?post=21851"}],"curies":[{"name":"wp","href":"https:\/\/api.w.org\/{rel}","templated":true}]}}