{"id":21835,"date":"2024-03-01T16:51:59","date_gmt":"2024-03-01T15:51:59","guid":{"rendered":"https:\/\/u15jnbdpoq.preview.infomaniak.website\/produit\/250-cubiertos-de-madera-cuchillos-tenedores-servilletas-de-1-capa\/"},"modified":"2026-04-18T02:15:07","modified_gmt":"2026-04-18T00:15:07","slug":"250-cubiertos-de-madera-cuchillos-tenedores-servilletas-de-1-capa","status":"publish","type":"product","link":"https:\/\/www.csj-emballages.com\/es\/produit\/250-cubiertos-de-madera-cuchillos-tenedores-servilletas-de-1-capa\/","title":{"rendered":"Cuberter\u00eda de madera cuchillos + tenedores + servilletas 1 hoja por 250"},"content":{"rendered":"<h2>Juego de cubiertos de madera<\/h2>\n<hr>\n<h3>Descubra nuestra cuberter\u00eda de madera cuchillos + tenedores + servilletas 1 pliegue por 250<\/h3>\n<p><!--more--><\/p>\n<p data-start=\"235\" data-end=\"704\">Si buscas una alternativa sencilla, elegante y realmente pr\u00e1ctica a los cubiertos de pl\u00e1stico, este <strong>juego de<\/strong> <strong>cuchillo + tenedor + servilleta de madera de 1 hoja<\/strong> se convertir\u00e1 r\u00e1pidamente en un art\u00edculo imprescindible. Cada pieza est\u00e1 fabricada con madera lisa y resistente, que se siente muy natural en la mano. De hecho, en cuanto los utilice, notar\u00e1 inmediatamente la diferencia: no se doblan ni se rompen, y aportan un toque mucho m\u00e1s c\u00e1lido a la presentaci\u00f3n de sus platos.  <\/p>\n<p data-start=\"706\" data-end=\"1099\">Este kit <strong data-start=\"717\" data-end=\"731\">de 250 unidades<\/strong> es ideal para servicios r\u00e1pidos, food-trucks, eventos, comida para llevar o incluso buffets al aire libre. Gracias a su esmerado acabado, estos cubiertos caben tanto en envases premium como en una simple bolsa kraft. Pueden utilizarse tanto para platos del d\u00eda como para postres gourmet, lo que los convierte en una opci\u00f3n vers\u00e1til y econ\u00f3mica.  <\/p>\n<p data-start=\"1101\" data-end=\"1482\">Adem\u00e1s, su aspecto de <strong>madera<\/strong> aporta inmediatamente un estilo m\u00e1s aut\u00e9ntico. Es perfecto si desea transmitir una imagen m\u00e1s moderna, natural o ecorresponsable, sin tener que cambiar toda su gama de envases. Y como esta <strong>cuberter\u00eda<\/strong> no contiene barnices ni tratamientos qu\u00edmicos, responde f\u00e1cilmente a las expectativas de los clientes que quieren consumir de forma diferente.  <\/p>\n<p data-start=\"1484\" data-end=\"1741\">El <strong>kit de 1 capa de cuchillos + tenedores + servilletas<\/strong> le ahorra tiempo: un solo producto, dos esenciales y existencias m\u00e1s que suficientes para sus servicios m\u00e1s concurridos. Podr\u00e1 servir de forma r\u00e1pida, limpia y con un equipo f\u00e1cil de sujetar. <\/p>\n<p data-start=\"1743\" data-end=\"1945\">En resumen, este <strong>kit de madera<\/strong> combina sencillez, robustez y est\u00e9tica natural, exactamente lo que buscan hoy en d\u00eda los profesionales que desean ofrecer una soluci\u00f3n pr\u00e1ctica y responsable.<\/p>\n<p data-start=\"1743\" data-end=\"1945\">\n<p data-start=\"1743\" data-end=\"1945\"><!--more--><\/p>\n<h4>Ventajas :<\/h4>\n<ul>\n<li data-start=\"1973\" data-end=\"2015\">Tacto natural y agradable en la mano.<\/li>\n<li data-start=\"2018\" data-end=\"2058\">Madera maciza, lisa y sin tratar.<\/li>\n<li data-start=\"2061\" data-end=\"2100\"><strong>Kit completo<\/strong>: cuchillos + tenedores + servilletas<\/li>\n<li data-start=\"2103\" data-end=\"2134\">Paquete econ\u00f3mico de <strong>250<\/strong> unidades.<\/li>\n<li data-start=\"2137\" data-end=\"2199\">Perfecto para comida para llevar, eventos y food-trucks.<\/li>\n<li data-start=\"2202\" data-end=\"2240\">Una imagen m\u00e1s aut\u00e9ntica y responsable.<\/li>\n<\/ul>\n<p>&nbsp;<\/p>\n<p><!--more--><\/p>\n<h4>Informaci\u00f3n adicional :<\/h4>\n<ul>\n<li><strong>Envase<\/strong>: Paquete de 250 kits<\/li>\n<li><b>Contenido <\/b>: Cuchillos + tenedores + servilletas<\/li>\n<li><strong>Material<\/strong>: Madera<\/li>\n<\/ul>\n<p>&nbsp;<\/p>\n<p><!--more--><\/p>\n<p><a href=\"https:\/\/www.csj-emballages.com\/es\/categorie-produit\/envasado-de-alimentos\/catering-es\/platos-cubiertos-desechables-pajitas\/juegos-de-cubiertos\/kits-de-cubiertos-ecologicos\/\">Ver el resto de nuestra gama de juegos de cubiertos de madera<\/a><\/p>\n","protected":false},"excerpt":{"rendered":"<p>Juego de cubiertos de madera Descubra nuestra cuberter\u00eda de madera cuchillos + tenedores + servilletas 1 pliegue por 250<\/p>\n","protected":false},"featured_media":256866,"template":"","meta":{"_acf_changed":false},"product_brand":[],"product_cat":[1150,1179,2816,2817,1163,2598],"product_tag":[],"class_list":{"0":"post-21835","1":"product","2":"type-product","3":"status-publish","4":"has-post-thumbnail","6":"product_cat-envasado-de-alimentos","7":"product_cat-catering-es","8":"product_cat-juegos-de-cubiertos","9":"product_cat-kits-de-cubiertos-ecologicos","10":"product_cat-gama-ecologica","11":"product_cat-cubiertos-ecologicos","13":"first","14":"instock","15":"taxable","16":"shipping-taxable","17":"purchasable","18":"product-type-simple"},"acf":[],"yoast_head":"<!-- This site is optimized with the Yoast SEO Premium plugin v26.6 (Yoast SEO v26.6) - https:\/\/yoast.com\/wordpress\/plugins\/seo\/ -->\n<title>Cuberter\u00eda de madera de 3 piezas: Tenedores \/ Cuchillos \/ Servilletas<\/title>\n<meta name=\"description\" content=\"Descubra nuestro juego de cubiertos de madera de 3 piezas: \u00a1tenedores, cuchillos y servilletas! Elija una caja de 250 cubiertos ecol\u00f3gicos de alta calidad a precios DESCUENTO.\" \/>\n<meta name=\"robots\" content=\"index, follow, max-snippet:-1, max-image-preview:large, max-video-preview:-1\" \/>\n<link rel=\"canonical\" href=\"https:\/\/www.csj-emballages.com\/es\/produit\/250-cubiertos-de-madera-cuchillos-tenedores-servilletas-de-1-capa\/\" \/>\n<meta property=\"og:locale\" content=\"es_ES\" \/>\n<meta property=\"og:type\" content=\"article\" \/>\n<meta property=\"og:title\" content=\"Cuberter\u00eda de madera cuchillos + tenedores + servilletas 1 hoja por 250\" \/>\n<meta property=\"og:description\" content=\"Descubra nuestro juego de cubiertos de madera de 3 piezas: \u00a1tenedores, cuchillos y servilletas! Elija una caja de 250 cubiertos ecol\u00f3gicos de alta calidad a precios DESCUENTO.\" \/>\n<meta property=\"og:url\" content=\"https:\/\/www.csj-emballages.com\/es\/produit\/250-cubiertos-de-madera-cuchillos-tenedores-servilletas-de-1-capa\/\" \/>\n<meta property=\"og:site_name\" content=\"CSJ Emballages\" \/>\n<meta property=\"article:publisher\" content=\"https:\/\/www.facebook.com\/csjemballages\" \/>\n<meta property=\"article:modified_time\" content=\"2026-04-18T00:15:07+00:00\" \/>\n<meta property=\"og:image\" content=\"https:\/\/www.csj-emballages.com\/wp-content\/uploads\/2024\/03\/KIT31BOIS.webp\" \/>\n\t<meta property=\"og:image:width\" content=\"800\" \/>\n\t<meta property=\"og:image:height\" content=\"800\" \/>\n\t<meta property=\"og:image:type\" content=\"image\/webp\" \/>\n<meta name=\"twitter:card\" content=\"summary_large_image\" \/>\n<meta name=\"twitter:label1\" content=\"Tiempo de lectura\" \/>\n\t<meta name=\"twitter:data1\" content=\"2 minutos\" \/>\n<script type=\"application\/ld+json\" class=\"yoast-schema-graph\">{\"@context\":\"https:\/\/schema.org\",\"@graph\":[{\"@type\":\"WebPage\",\"@id\":\"https:\/\/www.csj-emballages.com\/es\/produit\/250-cubiertos-de-madera-cuchillos-tenedores-servilletas-de-1-capa\/\",\"url\":\"https:\/\/www.csj-emballages.com\/es\/produit\/250-cubiertos-de-madera-cuchillos-tenedores-servilletas-de-1-capa\/\",\"name\":\"Cuberter\u00eda de madera de 3 piezas: Tenedores \/ Cuchillos \/ Servilletas\",\"isPartOf\":{\"@id\":\"https:\/\/www.csj-emballages.com\/es\/#website\"},\"primaryImageOfPage\":{\"@id\":\"https:\/\/www.csj-emballages.com\/es\/produit\/250-cubiertos-de-madera-cuchillos-tenedores-servilletas-de-1-capa\/#primaryimage\"},\"image\":{\"@id\":\"https:\/\/www.csj-emballages.com\/es\/produit\/250-cubiertos-de-madera-cuchillos-tenedores-servilletas-de-1-capa\/#primaryimage\"},\"thumbnailUrl\":\"https:\/\/www.csj-emballages.com\/wp-content\/uploads\/2024\/03\/KIT31BOIS.webp\",\"datePublished\":\"2024-03-01T15:51:59+00:00\",\"dateModified\":\"2026-04-18T00:15:07+00:00\",\"description\":\"Descubra nuestro juego de cubiertos de madera de 3 piezas: \u00a1tenedores, cuchillos y servilletas! Elija una caja de 250 cubiertos ecol\u00f3gicos de alta calidad a precios DESCUENTO.\",\"breadcrumb\":{\"@id\":\"https:\/\/www.csj-emballages.com\/es\/produit\/250-cubiertos-de-madera-cuchillos-tenedores-servilletas-de-1-capa\/#breadcrumb\"},\"inLanguage\":\"es\",\"potentialAction\":[{\"@type\":\"ReadAction\",\"target\":[\"https:\/\/www.csj-emballages.com\/es\/produit\/250-cubiertos-de-madera-cuchillos-tenedores-servilletas-de-1-capa\/\"]}]},{\"@type\":\"ImageObject\",\"inLanguage\":\"es\",\"@id\":\"https:\/\/www.csj-emballages.com\/es\/produit\/250-cubiertos-de-madera-cuchillos-tenedores-servilletas-de-1-capa\/#primaryimage\",\"url\":\"https:\/\/www.csj-emballages.com\/wp-content\/uploads\/2024\/03\/KIT31BOIS.webp\",\"contentUrl\":\"https:\/\/www.csj-emballages.com\/wp-content\/uploads\/2024\/03\/KIT31BOIS.webp\",\"width\":800,\"height\":800,\"caption\":\"Kit couverts bois\"},{\"@type\":\"BreadcrumbList\",\"@id\":\"https:\/\/www.csj-emballages.com\/es\/produit\/250-cubiertos-de-madera-cuchillos-tenedores-servilletas-de-1-capa\/#breadcrumb\",\"itemListElement\":[{\"@type\":\"ListItem\",\"position\":1,\"name\":\"Accueil\",\"item\":\"https:\/\/www.csj-emballages.com\/es\/universo-del-envasado-alimentario\/\"},{\"@type\":\"ListItem\",\"position\":2,\"name\":\"Tienda\",\"item\":\"https:\/\/www.csj-emballages.com\/tienda\/\"},{\"@type\":\"ListItem\",\"position\":3,\"name\":\"Cuberter\u00eda de madera cuchillos + tenedores + servilletas 1 hoja por 250\"}]},{\"@type\":\"WebSite\",\"@id\":\"https:\/\/www.csj-emballages.com\/es\/#website\",\"url\":\"https:\/\/www.csj-emballages.com\/es\/\",\"name\":\"CSJ Emballages\",\"description\":\"\",\"publisher\":{\"@id\":\"https:\/\/www.csj-emballages.com\/es\/#organization\"},\"potentialAction\":[{\"@type\":\"SearchAction\",\"target\":{\"@type\":\"EntryPoint\",\"urlTemplate\":\"https:\/\/www.csj-emballages.com\/es\/?s={search_term_string}\"},\"query-input\":{\"@type\":\"PropertyValueSpecification\",\"valueRequired\":true,\"valueName\":\"search_term_string\"}}],\"inLanguage\":\"es\"},{\"@type\":\"Organization\",\"@id\":\"https:\/\/www.csj-emballages.com\/es\/#Organization\/\",\"name\":\"CSJ Emballages\",\"url\":\"https:\/\/www.csj-emballages.com\/es\/\",\"logo\":{\"@type\":\"ImageObject\",\"inLanguage\":\"es\",\"@id\":\"https:\/\/www.csj-emballages.com\/es\/#\/schema\/logo\/image\/\",\"url\":\"https:\/\/www.csj-emballages.com\/wp-content\/uploads\/2023\/10\/logo_csj.webp\",\"contentUrl\":\"https:\/\/www.csj-emballages.com\/wp-content\/uploads\/2023\/10\/logo_csj.webp\",\"width\":250,\"height\":95,\"caption\":\"CSJ Emballages\"},\"image\":{\"@id\":\"https:\/\/www.csj-emballages.com\/es\/#\/schema\/logo\/image\/\"},\"sameAs\":[\"https:\/\/www.facebook.com\/csjemballages\"],\"address\":{\"@type\":\"PostalAddress\",\"streetAddress\":\"ZI La Lechere\",\"addressLocality\":\"Patornay\",\"postalCode\":\"39130\",\"addressCountry\":\"FR\"},\"contactPoint\":[{\"@type\":\"ContactPoint\",\"contactType\":\"Service client\",\"telephone\":\"0384254272\",\"email\":\"contact@csj-emballages.com\"}]}]}<\/script>\n<!-- \/ Yoast SEO Premium plugin. -->","yoast_head_json":{"title":"Cuberter\u00eda de madera de 3 piezas: Tenedores \/ Cuchillos \/ Servilletas","description":"Descubra nuestro juego de cubiertos de madera de 3 piezas: \u00a1tenedores, cuchillos y servilletas! Elija una caja de 250 cubiertos ecol\u00f3gicos de alta calidad a precios DESCUENTO.","robots":{"index":"index","follow":"follow","max-snippet":"max-snippet:-1","max-image-preview":"max-image-preview:large","max-video-preview":"max-video-preview:-1"},"canonical":"https:\/\/www.csj-emballages.com\/es\/produit\/250-cubiertos-de-madera-cuchillos-tenedores-servilletas-de-1-capa\/","og_locale":"es_ES","og_type":"article","og_title":"Cuberter\u00eda de madera cuchillos + tenedores + servilletas 1 hoja por 250","og_description":"Descubra nuestro juego de cubiertos de madera de 3 piezas: \u00a1tenedores, cuchillos y servilletas! Elija una caja de 250 cubiertos ecol\u00f3gicos de alta calidad a precios DESCUENTO.","og_url":"https:\/\/www.csj-emballages.com\/es\/produit\/250-cubiertos-de-madera-cuchillos-tenedores-servilletas-de-1-capa\/","og_site_name":"CSJ Emballages","article_publisher":"https:\/\/www.facebook.com\/csjemballages","article_modified_time":"2026-04-18T00:15:07+00:00","og_image":[{"width":800,"height":800,"url":"https:\/\/www.csj-emballages.com\/wp-content\/uploads\/2024\/03\/KIT31BOIS.webp","type":"image\/webp"}],"twitter_card":"summary_large_image","twitter_misc":{"Tiempo de lectura":"2 minutos"},"schema":{"@context":"https:\/\/schema.org","@graph":[{"@type":"WebPage","@id":"https:\/\/www.csj-emballages.com\/es\/produit\/250-cubiertos-de-madera-cuchillos-tenedores-servilletas-de-1-capa\/","url":"https:\/\/www.csj-emballages.com\/es\/produit\/250-cubiertos-de-madera-cuchillos-tenedores-servilletas-de-1-capa\/","name":"Cuberter\u00eda de madera de 3 piezas: Tenedores \/ Cuchillos \/ Servilletas","isPartOf":{"@id":"https:\/\/www.csj-emballages.com\/es\/#website"},"primaryImageOfPage":{"@id":"https:\/\/www.csj-emballages.com\/es\/produit\/250-cubiertos-de-madera-cuchillos-tenedores-servilletas-de-1-capa\/#primaryimage"},"image":{"@id":"https:\/\/www.csj-emballages.com\/es\/produit\/250-cubiertos-de-madera-cuchillos-tenedores-servilletas-de-1-capa\/#primaryimage"},"thumbnailUrl":"https:\/\/www.csj-emballages.com\/wp-content\/uploads\/2024\/03\/KIT31BOIS.webp","datePublished":"2024-03-01T15:51:59+00:00","dateModified":"2026-04-18T00:15:07+00:00","description":"Descubra nuestro juego de cubiertos de madera de 3 piezas: \u00a1tenedores, cuchillos y servilletas! Elija una caja de 250 cubiertos ecol\u00f3gicos de alta calidad a precios DESCUENTO.","breadcrumb":{"@id":"https:\/\/www.csj-emballages.com\/es\/produit\/250-cubiertos-de-madera-cuchillos-tenedores-servilletas-de-1-capa\/#breadcrumb"},"inLanguage":"es","potentialAction":[{"@type":"ReadAction","target":["https:\/\/www.csj-emballages.com\/es\/produit\/250-cubiertos-de-madera-cuchillos-tenedores-servilletas-de-1-capa\/"]}]},{"@type":"ImageObject","inLanguage":"es","@id":"https:\/\/www.csj-emballages.com\/es\/produit\/250-cubiertos-de-madera-cuchillos-tenedores-servilletas-de-1-capa\/#primaryimage","url":"https:\/\/www.csj-emballages.com\/wp-content\/uploads\/2024\/03\/KIT31BOIS.webp","contentUrl":"https:\/\/www.csj-emballages.com\/wp-content\/uploads\/2024\/03\/KIT31BOIS.webp","width":800,"height":800,"caption":"Kit couverts bois"},{"@type":"BreadcrumbList","@id":"https:\/\/www.csj-emballages.com\/es\/produit\/250-cubiertos-de-madera-cuchillos-tenedores-servilletas-de-1-capa\/#breadcrumb","itemListElement":[{"@type":"ListItem","position":1,"name":"Accueil","item":"https:\/\/www.csj-emballages.com\/es\/universo-del-envasado-alimentario\/"},{"@type":"ListItem","position":2,"name":"Tienda","item":"https:\/\/www.csj-emballages.com\/tienda\/"},{"@type":"ListItem","position":3,"name":"Cuberter\u00eda de madera cuchillos + tenedores + servilletas 1 hoja por 250"}]},{"@type":"WebSite","@id":"https:\/\/www.csj-emballages.com\/es\/#website","url":"https:\/\/www.csj-emballages.com\/es\/","name":"CSJ Emballages","description":"","publisher":{"@id":"https:\/\/www.csj-emballages.com\/es\/#organization"},"potentialAction":[{"@type":"SearchAction","target":{"@type":"EntryPoint","urlTemplate":"https:\/\/www.csj-emballages.com\/es\/?s={search_term_string}"},"query-input":{"@type":"PropertyValueSpecification","valueRequired":true,"valueName":"search_term_string"}}],"inLanguage":"es"},{"@type":"Organization","@id":"https:\/\/www.csj-emballages.com\/es\/#Organization\/","name":"CSJ Emballages","url":"https:\/\/www.csj-emballages.com\/es\/","logo":{"@type":"ImageObject","inLanguage":"es","@id":"https:\/\/www.csj-emballages.com\/es\/#\/schema\/logo\/image\/","url":"https:\/\/www.csj-emballages.com\/wp-content\/uploads\/2023\/10\/logo_csj.webp","contentUrl":"https:\/\/www.csj-emballages.com\/wp-content\/uploads\/2023\/10\/logo_csj.webp","width":250,"height":95,"caption":"CSJ Emballages"},"image":{"@id":"https:\/\/www.csj-emballages.com\/es\/#\/schema\/logo\/image\/"},"sameAs":["https:\/\/www.facebook.com\/csjemballages"],"address":{"@type":"PostalAddress","streetAddress":"ZI La Lechere","addressLocality":"Patornay","postalCode":"39130","addressCountry":"FR"},"contactPoint":[{"@type":"ContactPoint","contactType":"Service client","telephone":"0384254272","email":"contact@csj-emballages.com"}]}]}},"df_price":19.49,"df_sale_price":"","df_regular_price":19.49,"df_image_link":"https:\/\/www.csj-emballages.com\/wp-content\/uploads\/2024\/03\/KIT31BOIS-300x300.webp","tiered_pricing_type":"fixed","tiered_pricing_fixed_rules":[],"tiered_pricing_percentage_rules":[],"tiered_pricing_minimum":1,"tiered_pricing_roles_data":[],"_links":{"self":[{"href":"https:\/\/www.csj-emballages.com\/es\/wp-json\/wp\/v2\/product\/21835","targetHints":{"allow":["GET"]}}],"collection":[{"href":"https:\/\/www.csj-emballages.com\/es\/wp-json\/wp\/v2\/product"}],"about":[{"href":"https:\/\/www.csj-emballages.com\/es\/wp-json\/wp\/v2\/types\/product"}],"wp:featuredmedia":[{"embeddable":true,"href":"https:\/\/www.csj-emballages.com\/es\/wp-json\/wp\/v2\/media\/256866"}],"wp:attachment":[{"href":"https:\/\/www.csj-emballages.com\/es\/wp-json\/wp\/v2\/media?parent=21835"}],"wp:term":[{"taxonomy":"product_brand","embeddable":true,"href":"https:\/\/www.csj-emballages.com\/es\/wp-json\/wp\/v2\/product_brand?post=21835"},{"taxonomy":"product_cat","embeddable":true,"href":"https:\/\/www.csj-emballages.com\/es\/wp-json\/wp\/v2\/product_cat?post=21835"},{"taxonomy":"product_tag","embeddable":true,"href":"https:\/\/www.csj-emballages.com\/es\/wp-json\/wp\/v2\/product_tag?post=21835"}],"curies":[{"name":"wp","href":"https:\/\/api.w.org\/{rel}","templated":true}]}}