{"id":21827,"date":"2024-03-01T16:51:57","date_gmt":"2024-03-01T15:51:57","guid":{"rendered":"https:\/\/u15jnbdpoq.preview.infomaniak.website\/produit\/kit-de-bomba-dosificadora-de-20-ml-para-recipiente-de-5-l\/"},"modified":"2026-04-17T02:14:17","modified_gmt":"2026-04-17T00:14:17","slug":"kit-de-bomba-dosificadora-de-20-ml-para-recipiente-de-5-l","status":"publish","type":"product","link":"https:\/\/www.csj-emballages.com\/es\/produit\/kit-de-bomba-dosificadora-de-20-ml-para-recipiente-de-5-l\/","title":{"rendered":"Bomba dosificadora manual 5L 20 ml"},"content":{"rendered":"<h2 class=\"p1\">Bomba de bid\u00f3n de 5L<\/h2>\n<hr>\n<h3>Descripci\u00f3n de nuestra bomba dosificadora manual 5L 20 ml<span class=\"Apple-converted-space\"> <\/span><\/h3>\n<h3><!--more--><\/h3>\n<div class=\"flex max-w-full flex-col flex-grow\">\n<div class=\"min-h-8 text-message flex w-full flex-col items-end gap-2 whitespace-normal break-words text-start [.text-message+&amp;]:mt-5\" dir=\"auto\" data-message-author-role=\"assistant\" data-message-id=\"266ca6f3-5e07-4948-bd20-80ac5e6da4a5\" data-message-model-slug=\"gpt-4o\">\n<div class=\"flex w-full flex-col gap-1 empty:hidden first:pt-[3px]\">\n<div class=\"markdown prose w-full break-words dark:prose-invert dark\">\n<p data-start=\"245\" data-end=\"586\">Facilite su trabajo diario con esta <strong>bomba manual de 20 ml para latas<\/strong> <strong>de 5 litros<\/strong>, especialmente dise\u00f1ada para <strong>latas de 5 litros<\/strong>. Pr\u00e1ctica, sencilla y eficaz, suministra exactamente <strong>20 ml<\/strong> de producto <strong>cada vez que se pulsa<\/strong>, para que no tenga que levantar o volcar sus latas, que a menudo son pesadas e inc\u00f3modas de manejar. <\/p>\n<p data-start=\"588\" data-end=\"937\">Compatible con <strong>botes de 42 mm de cuello<\/strong>, esta <strong>bomba manual<\/strong> se adapta f\u00e1cilmente y sin esfuerzo y se mantiene en su sitio, incluso con un uso frecuente. Es ideal para dispensar con precisi\u00f3n productos como jab\u00f3n l\u00edquido, crema, detergentes diluibles, soluciones de limpieza y determinados productos alimenticios no viscosos. <\/p>\n<p data-start=\"939\" data-end=\"1260\">Ya sea en el lugar de trabajo -cocina, laboratorio, taller, centro comunitario, peluquer\u00eda o sal\u00f3n de belleza- o en casa, esta <strong>bomba<\/strong> ahorra tiempo y desorden, y evita el despilfarro. Tambi\u00e9n facilita el cumplimiento de las dosis recomendadas, especialmente en el caso de productos concentrados que deban diluirse. <\/p>\n<p data-start=\"1262\" data-end=\"1466\">Su dise\u00f1o robusto y resistente garantiza un uso duradero, incluso en entornos exigentes. Basta con apretar una vez para obtener la dosis correcta, sin esfuerzo, sin ensuciarse y sin ensuciar. <\/p>\n<p data-start=\"1468\" data-end=\"1580\">Se acabaron los botes con fugas y el tener que manipularlos con las dos manos: esta <strong>bomba manual para bidones de 5L<\/strong> le hace la vida m\u00e1s f\u00e1cil cada d\u00eda.<\/p>\n<h3><\/h3>\n<\/div>\n<\/div>\n<\/div>\n<\/div>\n<p><!--more--><\/p>\n<h4>Ventajas:<\/h4>\n<ul>\n<li>Dosificaci\u00f3n precisa de 20 ml por pulsaci\u00f3n.<\/li>\n<li>Compatible con latas de 5 L &#8211; Anillo de 42 mm.<\/li>\n<li>Evita la manipulaci\u00f3n pesada o sucia.<\/li>\n<li>Reduce las p\u00e9rdidas y los residuos.<\/li>\n<li>Ideal para productos de higiene y limpieza.<\/li>\n<\/ul>\n<p>&nbsp;<\/p>\n<p><!--more--><\/p>\n<h4>Informaci\u00f3n adicional :<\/h4>\n<ul>\n<li><strong>Embalaje<\/strong>: Se vende individualmente<\/li>\n<li><strong>Di\u00e1metro del anillo<\/strong>: 42 mm<\/li>\n<li><b>Color: <\/b>Blanco<\/li>\n<li><strong>Material<\/strong>: Polipropileno<\/li>\n<li><strong>Compatibilidad<\/strong>: bid\u00f3n de 5L<\/li>\n<\/ul>\n<p>&nbsp;<\/p>\n<p><!--more--><\/p>\n<p><a href=\"https:\/\/www.csj-emballages.com\/es\/categorie-produit\/higiene-y-mantenimiento\/accesorios\/\">Ver el resto de nuestra gama de accesorios de higiene<\/a><\/p>\n","protected":false},"excerpt":{"rendered":"<p>Bomba de bid\u00f3n de 5L Descripci\u00f3n de nuestra bomba dosificadora manual 5L 20 ml<\/p>\n","protected":false},"featured_media":238647,"template":"","meta":{"_acf_changed":false},"product_brand":[],"product_cat":[1226,1716],"product_tag":[],"class_list":{"0":"post-21827","1":"product","2":"type-product","3":"status-publish","4":"has-post-thumbnail","6":"product_cat-higiene-y-mantenimiento","7":"product_cat-accesorios","9":"first","10":"instock","11":"taxable","12":"shipping-taxable","13":"purchasable","14":"product-type-simple"},"acf":[],"yoast_head":"<!-- This site is optimized with the Yoast SEO Premium plugin v26.6 (Yoast SEO v26.6) - https:\/\/yoast.com\/wordpress\/plugins\/seo\/ -->\n<title>Bomba dosificadora manual de 20 ml para bid\u00f3n de 5L<\/title>\n<meta name=\"description\" content=\"Bomba dosificadora manual de 20 ml para bid\u00f3n de 5L - Pr\u00e1ctica y precisa, permite una dosificaci\u00f3n controlada sin desperdicios. Ideal para productos de limpieza.\" \/>\n<meta name=\"robots\" content=\"index, follow, max-snippet:-1, max-image-preview:large, max-video-preview:-1\" \/>\n<link rel=\"canonical\" href=\"https:\/\/www.csj-emballages.com\/es\/produit\/kit-de-bomba-dosificadora-de-20-ml-para-recipiente-de-5-l\/\" \/>\n<meta property=\"og:locale\" content=\"es_ES\" \/>\n<meta property=\"og:type\" content=\"article\" \/>\n<meta property=\"og:title\" content=\"Bomba dosificadora manual 5L 20 ml\" \/>\n<meta property=\"og:description\" content=\"Bomba dosificadora manual de 20 ml para bid\u00f3n de 5L - Pr\u00e1ctica y precisa, permite una dosificaci\u00f3n controlada sin desperdicios. Ideal para productos de limpieza.\" \/>\n<meta property=\"og:url\" content=\"https:\/\/www.csj-emballages.com\/es\/produit\/kit-de-bomba-dosificadora-de-20-ml-para-recipiente-de-5-l\/\" \/>\n<meta property=\"og:site_name\" content=\"CSJ Emballages\" \/>\n<meta property=\"article:publisher\" content=\"https:\/\/www.facebook.com\/csjemballages\" \/>\n<meta property=\"article:modified_time\" content=\"2026-04-17T00:14:17+00:00\" \/>\n<meta property=\"og:image\" content=\"https:\/\/www.csj-emballages.com\/wp-content\/uploads\/2024\/03\/KIT5L.webp\" \/>\n\t<meta property=\"og:image:width\" content=\"800\" \/>\n\t<meta property=\"og:image:height\" content=\"800\" \/>\n\t<meta property=\"og:image:type\" content=\"image\/webp\" \/>\n<meta name=\"twitter:card\" content=\"summary_large_image\" \/>\n<meta name=\"twitter:label1\" content=\"Tiempo de lectura\" \/>\n\t<meta name=\"twitter:data1\" content=\"2 minutos\" \/>\n<script type=\"application\/ld+json\" class=\"yoast-schema-graph\">{\"@context\":\"https:\/\/schema.org\",\"@graph\":[{\"@type\":\"WebPage\",\"@id\":\"https:\/\/www.csj-emballages.com\/es\/produit\/kit-de-bomba-dosificadora-de-20-ml-para-recipiente-de-5-l\/\",\"url\":\"https:\/\/www.csj-emballages.com\/es\/produit\/kit-de-bomba-dosificadora-de-20-ml-para-recipiente-de-5-l\/\",\"name\":\"Bomba dosificadora manual de 20 ml para bid\u00f3n de 5L\",\"isPartOf\":{\"@id\":\"https:\/\/www.csj-emballages.com\/es\/#website\"},\"primaryImageOfPage\":{\"@id\":\"https:\/\/www.csj-emballages.com\/es\/produit\/kit-de-bomba-dosificadora-de-20-ml-para-recipiente-de-5-l\/#primaryimage\"},\"image\":{\"@id\":\"https:\/\/www.csj-emballages.com\/es\/produit\/kit-de-bomba-dosificadora-de-20-ml-para-recipiente-de-5-l\/#primaryimage\"},\"thumbnailUrl\":\"https:\/\/www.csj-emballages.com\/wp-content\/uploads\/2024\/03\/KIT5L.webp\",\"datePublished\":\"2024-03-01T15:51:57+00:00\",\"dateModified\":\"2026-04-17T00:14:17+00:00\",\"description\":\"Bomba dosificadora manual de 20 ml para bid\u00f3n de 5L - Pr\u00e1ctica y precisa, permite una dosificaci\u00f3n controlada sin desperdicios. Ideal para productos de limpieza.\",\"breadcrumb\":{\"@id\":\"https:\/\/www.csj-emballages.com\/es\/produit\/kit-de-bomba-dosificadora-de-20-ml-para-recipiente-de-5-l\/#breadcrumb\"},\"inLanguage\":\"es\",\"potentialAction\":[{\"@type\":\"ReadAction\",\"target\":[\"https:\/\/www.csj-emballages.com\/es\/produit\/kit-de-bomba-dosificadora-de-20-ml-para-recipiente-de-5-l\/\"]}]},{\"@type\":\"ImageObject\",\"inLanguage\":\"es\",\"@id\":\"https:\/\/www.csj-emballages.com\/es\/produit\/kit-de-bomba-dosificadora-de-20-ml-para-recipiente-de-5-l\/#primaryimage\",\"url\":\"https:\/\/www.csj-emballages.com\/wp-content\/uploads\/2024\/03\/KIT5L.webp\",\"contentUrl\":\"https:\/\/www.csj-emballages.com\/wp-content\/uploads\/2024\/03\/KIT5L.webp\",\"width\":800,\"height\":800,\"caption\":\"Pompe bidon 5L\u00a0\"},{\"@type\":\"BreadcrumbList\",\"@id\":\"https:\/\/www.csj-emballages.com\/es\/produit\/kit-de-bomba-dosificadora-de-20-ml-para-recipiente-de-5-l\/#breadcrumb\",\"itemListElement\":[{\"@type\":\"ListItem\",\"position\":1,\"name\":\"Accueil\",\"item\":\"https:\/\/www.csj-emballages.com\/es\/universo-del-envasado-alimentario\/\"},{\"@type\":\"ListItem\",\"position\":2,\"name\":\"Tienda\",\"item\":\"https:\/\/www.csj-emballages.com\/tienda\/\"},{\"@type\":\"ListItem\",\"position\":3,\"name\":\"Bomba dosificadora manual 5L 20 ml\"}]},{\"@type\":\"WebSite\",\"@id\":\"https:\/\/www.csj-emballages.com\/es\/#website\",\"url\":\"https:\/\/www.csj-emballages.com\/es\/\",\"name\":\"CSJ Emballages\",\"description\":\"\",\"publisher\":{\"@id\":\"https:\/\/www.csj-emballages.com\/es\/#organization\"},\"potentialAction\":[{\"@type\":\"SearchAction\",\"target\":{\"@type\":\"EntryPoint\",\"urlTemplate\":\"https:\/\/www.csj-emballages.com\/es\/?s={search_term_string}\"},\"query-input\":{\"@type\":\"PropertyValueSpecification\",\"valueRequired\":true,\"valueName\":\"search_term_string\"}}],\"inLanguage\":\"es\"},{\"@type\":\"Organization\",\"@id\":\"https:\/\/www.csj-emballages.com\/es\/#Organization\/\",\"name\":\"CSJ Emballages\",\"url\":\"https:\/\/www.csj-emballages.com\/es\/\",\"logo\":{\"@type\":\"ImageObject\",\"inLanguage\":\"es\",\"@id\":\"https:\/\/www.csj-emballages.com\/es\/#\/schema\/logo\/image\/\",\"url\":\"https:\/\/www.csj-emballages.com\/wp-content\/uploads\/2023\/10\/logo_csj.webp\",\"contentUrl\":\"https:\/\/www.csj-emballages.com\/wp-content\/uploads\/2023\/10\/logo_csj.webp\",\"width\":250,\"height\":95,\"caption\":\"CSJ Emballages\"},\"image\":{\"@id\":\"https:\/\/www.csj-emballages.com\/es\/#\/schema\/logo\/image\/\"},\"sameAs\":[\"https:\/\/www.facebook.com\/csjemballages\"],\"address\":{\"@type\":\"PostalAddress\",\"streetAddress\":\"ZI La Lechere\",\"addressLocality\":\"Patornay\",\"postalCode\":\"39130\",\"addressCountry\":\"FR\"},\"contactPoint\":[{\"@type\":\"ContactPoint\",\"contactType\":\"Service client\",\"telephone\":\"0384254272\",\"email\":\"contact@csj-emballages.com\"}]}]}<\/script>\n<!-- \/ Yoast SEO Premium plugin. -->","yoast_head_json":{"title":"Bomba dosificadora manual de 20 ml para bid\u00f3n de 5L","description":"Bomba dosificadora manual de 20 ml para bid\u00f3n de 5L - Pr\u00e1ctica y precisa, permite una dosificaci\u00f3n controlada sin desperdicios. Ideal para productos de limpieza.","robots":{"index":"index","follow":"follow","max-snippet":"max-snippet:-1","max-image-preview":"max-image-preview:large","max-video-preview":"max-video-preview:-1"},"canonical":"https:\/\/www.csj-emballages.com\/es\/produit\/kit-de-bomba-dosificadora-de-20-ml-para-recipiente-de-5-l\/","og_locale":"es_ES","og_type":"article","og_title":"Bomba dosificadora manual 5L 20 ml","og_description":"Bomba dosificadora manual de 20 ml para bid\u00f3n de 5L - Pr\u00e1ctica y precisa, permite una dosificaci\u00f3n controlada sin desperdicios. Ideal para productos de limpieza.","og_url":"https:\/\/www.csj-emballages.com\/es\/produit\/kit-de-bomba-dosificadora-de-20-ml-para-recipiente-de-5-l\/","og_site_name":"CSJ Emballages","article_publisher":"https:\/\/www.facebook.com\/csjemballages","article_modified_time":"2026-04-17T00:14:17+00:00","og_image":[{"width":800,"height":800,"url":"https:\/\/www.csj-emballages.com\/wp-content\/uploads\/2024\/03\/KIT5L.webp","type":"image\/webp"}],"twitter_card":"summary_large_image","twitter_misc":{"Tiempo de lectura":"2 minutos"},"schema":{"@context":"https:\/\/schema.org","@graph":[{"@type":"WebPage","@id":"https:\/\/www.csj-emballages.com\/es\/produit\/kit-de-bomba-dosificadora-de-20-ml-para-recipiente-de-5-l\/","url":"https:\/\/www.csj-emballages.com\/es\/produit\/kit-de-bomba-dosificadora-de-20-ml-para-recipiente-de-5-l\/","name":"Bomba dosificadora manual de 20 ml para bid\u00f3n de 5L","isPartOf":{"@id":"https:\/\/www.csj-emballages.com\/es\/#website"},"primaryImageOfPage":{"@id":"https:\/\/www.csj-emballages.com\/es\/produit\/kit-de-bomba-dosificadora-de-20-ml-para-recipiente-de-5-l\/#primaryimage"},"image":{"@id":"https:\/\/www.csj-emballages.com\/es\/produit\/kit-de-bomba-dosificadora-de-20-ml-para-recipiente-de-5-l\/#primaryimage"},"thumbnailUrl":"https:\/\/www.csj-emballages.com\/wp-content\/uploads\/2024\/03\/KIT5L.webp","datePublished":"2024-03-01T15:51:57+00:00","dateModified":"2026-04-17T00:14:17+00:00","description":"Bomba dosificadora manual de 20 ml para bid\u00f3n de 5L - Pr\u00e1ctica y precisa, permite una dosificaci\u00f3n controlada sin desperdicios. Ideal para productos de limpieza.","breadcrumb":{"@id":"https:\/\/www.csj-emballages.com\/es\/produit\/kit-de-bomba-dosificadora-de-20-ml-para-recipiente-de-5-l\/#breadcrumb"},"inLanguage":"es","potentialAction":[{"@type":"ReadAction","target":["https:\/\/www.csj-emballages.com\/es\/produit\/kit-de-bomba-dosificadora-de-20-ml-para-recipiente-de-5-l\/"]}]},{"@type":"ImageObject","inLanguage":"es","@id":"https:\/\/www.csj-emballages.com\/es\/produit\/kit-de-bomba-dosificadora-de-20-ml-para-recipiente-de-5-l\/#primaryimage","url":"https:\/\/www.csj-emballages.com\/wp-content\/uploads\/2024\/03\/KIT5L.webp","contentUrl":"https:\/\/www.csj-emballages.com\/wp-content\/uploads\/2024\/03\/KIT5L.webp","width":800,"height":800,"caption":"Pompe bidon 5L\u00a0"},{"@type":"BreadcrumbList","@id":"https:\/\/www.csj-emballages.com\/es\/produit\/kit-de-bomba-dosificadora-de-20-ml-para-recipiente-de-5-l\/#breadcrumb","itemListElement":[{"@type":"ListItem","position":1,"name":"Accueil","item":"https:\/\/www.csj-emballages.com\/es\/universo-del-envasado-alimentario\/"},{"@type":"ListItem","position":2,"name":"Tienda","item":"https:\/\/www.csj-emballages.com\/tienda\/"},{"@type":"ListItem","position":3,"name":"Bomba dosificadora manual 5L 20 ml"}]},{"@type":"WebSite","@id":"https:\/\/www.csj-emballages.com\/es\/#website","url":"https:\/\/www.csj-emballages.com\/es\/","name":"CSJ Emballages","description":"","publisher":{"@id":"https:\/\/www.csj-emballages.com\/es\/#organization"},"potentialAction":[{"@type":"SearchAction","target":{"@type":"EntryPoint","urlTemplate":"https:\/\/www.csj-emballages.com\/es\/?s={search_term_string}"},"query-input":{"@type":"PropertyValueSpecification","valueRequired":true,"valueName":"search_term_string"}}],"inLanguage":"es"},{"@type":"Organization","@id":"https:\/\/www.csj-emballages.com\/es\/#Organization\/","name":"CSJ Emballages","url":"https:\/\/www.csj-emballages.com\/es\/","logo":{"@type":"ImageObject","inLanguage":"es","@id":"https:\/\/www.csj-emballages.com\/es\/#\/schema\/logo\/image\/","url":"https:\/\/www.csj-emballages.com\/wp-content\/uploads\/2023\/10\/logo_csj.webp","contentUrl":"https:\/\/www.csj-emballages.com\/wp-content\/uploads\/2023\/10\/logo_csj.webp","width":250,"height":95,"caption":"CSJ Emballages"},"image":{"@id":"https:\/\/www.csj-emballages.com\/es\/#\/schema\/logo\/image\/"},"sameAs":["https:\/\/www.facebook.com\/csjemballages"],"address":{"@type":"PostalAddress","streetAddress":"ZI La Lechere","addressLocality":"Patornay","postalCode":"39130","addressCountry":"FR"},"contactPoint":[{"@type":"ContactPoint","contactType":"Service client","telephone":"0384254272","email":"contact@csj-emballages.com"}]}]}},"df_price":5.89,"df_sale_price":"","df_regular_price":5.89,"df_image_link":"https:\/\/www.csj-emballages.com\/wp-content\/uploads\/2024\/03\/KIT5L-300x300.webp","tiered_pricing_type":"fixed","tiered_pricing_fixed_rules":[],"tiered_pricing_percentage_rules":[],"tiered_pricing_minimum":1,"tiered_pricing_roles_data":[],"_links":{"self":[{"href":"https:\/\/www.csj-emballages.com\/es\/wp-json\/wp\/v2\/product\/21827","targetHints":{"allow":["GET"]}}],"collection":[{"href":"https:\/\/www.csj-emballages.com\/es\/wp-json\/wp\/v2\/product"}],"about":[{"href":"https:\/\/www.csj-emballages.com\/es\/wp-json\/wp\/v2\/types\/product"}],"wp:featuredmedia":[{"embeddable":true,"href":"https:\/\/www.csj-emballages.com\/es\/wp-json\/wp\/v2\/media\/238647"}],"wp:attachment":[{"href":"https:\/\/www.csj-emballages.com\/es\/wp-json\/wp\/v2\/media?parent=21827"}],"wp:term":[{"taxonomy":"product_brand","embeddable":true,"href":"https:\/\/www.csj-emballages.com\/es\/wp-json\/wp\/v2\/product_brand?post=21827"},{"taxonomy":"product_cat","embeddable":true,"href":"https:\/\/www.csj-emballages.com\/es\/wp-json\/wp\/v2\/product_cat?post=21827"},{"taxonomy":"product_tag","embeddable":true,"href":"https:\/\/www.csj-emballages.com\/es\/wp-json\/wp\/v2\/product_tag?post=21827"}],"curies":[{"name":"wp","href":"https:\/\/api.w.org\/{rel}","templated":true}]}}