{"id":21819,"date":"2024-03-01T16:51:57","date_gmt":"2024-03-01T15:51:57","guid":{"rendered":"https:\/\/u15jnbdpoq.preview.infomaniak.website\/produit\/250-cubiertos-de-madera-cuchillos-tenedores-servilletas-cucharas-sal-poi\/"},"modified":"2026-04-30T02:14:13","modified_gmt":"2026-04-30T00:14:13","slug":"250-cubiertos-de-madera-cuchillos-tenedores-servilletas-cucharas-sal-poi","status":"publish","type":"product","link":"https:\/\/www.csj-emballages.com\/es\/produit\/250-cubiertos-de-madera-cuchillos-tenedores-servilletas-cucharas-sal-poi\/","title":{"rendered":"Cuberter\u00eda de madera cuchillos + tenedores + servilletas + cucharas + sal + pimienta"},"content":{"rendered":"<h2>Juego de cubiertos de madera<\/h2>\n<hr>\n<h3>Descubra nuestro kit de cubiertos de madera cuchillos + tenedores + servilletas + cucharas + sal + pimienta por 250<\/h3>\n<p><!--more--><\/p>\n<p data-start=\"229\" data-end=\"621\">Si buscas una soluci\u00f3n sencilla, limpia y totalmente lista para usar en tus comidas para llevar, este <strong>juego de cubiertos de<\/strong> madera se convertir\u00e1 r\u00e1pidamente en tu mejor aliado. Cada juego incluye <strong data-start=\"427\" data-end=\"471\">un cuchillo, un tenedor, una cuchara, una servilleta<\/strong> y un poco de <strong data-start=\"501\" data-end=\"521\">sal y pimienta<\/strong>. De hecho, todo est\u00e1 ya montado, empaquetado y dise\u00f1ado para facilitarle el servicio a usted y a sus clientes.  <\/p>\n<p data-start=\"623\" data-end=\"897\">Gracias a este <strong>completo formato<\/strong>, ya no tendr\u00e1 que elegir entre varias papeleras ni recomponer kits manualmente: ahorrar\u00e1 tiempo con cada pedido. Es el tipo de peque\u00f1o detalle que cambia la vida durante las prisas o los eventos en los que todo tiene que moverse con rapidez. <\/p>\n<p data-start=\"899\" data-end=\"1306\">Adem\u00e1s, los <strong>cubiertos<\/strong> son de <strong>madera lisa<\/strong>, agradable al tacto y suficientemente resistente para acompa\u00f1ar una ensalada fresca o un plato caliente m\u00e1s sustancioso. Ofrecen una alternativa natural y mucho m\u00e1s gratificante que los cubiertos desechables tradicionales. Acompa\u00f1ados de una <strong>servilleta suave<\/strong> y condimentos individuales, crean un conjunto limpio, completo y tranquilizador para el cliente.  <\/p>\n<p data-start=\"1308\" data-end=\"1634\">Como el <strong>kit<\/strong> se vende <strong data-start=\"1331\" data-end=\"1342\">por 250<\/strong>, dispone de un stock c\u00f3modo para aguantar varios d\u00edas sin reabastecimiento. Este formato es ideal para restaurantes, food trucks, empresas de catering, comedores, eventos y todas las estructuras que quieran proponer una soluci\u00f3n pr\u00e1ctica a la vez que cuidan su imagen eco-responsable.<\/p>\n<p data-start=\"1636\" data-end=\"1834\">En resumen, este <strong>juego de cubiertos de madera<\/strong> combina todo lo que necesita en un solo gesto: ahorro de tiempo para usted, comodidad real para sus clientes y una presentaci\u00f3n cuidada que mejora la experiencia en torno a sus platos.<\/p>\n<p data-start=\"1636\" data-end=\"1834\"><!--more--><\/p>\n<h4>Ventajas :<\/h4>\n<ul>\n<li data-start=\"1862\" data-end=\"1897\"><strong>Juego completo<\/strong> listo para usar.<\/li>\n<li data-start=\"1900\" data-end=\"1940\">Cubiertos de madera resistentes y atractivos.<\/li>\n<li data-start=\"1943\" data-end=\"1977\">Incluye <strong>cuchillos, tenedores, cucharas<\/strong>, <strong>servilletas<\/strong> <strong>, sal y pimienta<\/strong>.<\/li>\n<li data-start=\"1980\" data-end=\"2007\">Ahorra tiempo en el servicio.<\/li>\n<li data-start=\"2010\" data-end=\"2054\"><strong>Lote de 250<\/strong> ideal para catering profesional.<\/li>\n<li data-start=\"2057\" data-end=\"2084\">Una imagen natural y moderna.<\/li>\n<\/ul>\n<p>&nbsp;<\/p>\n<p><!--more--><\/p>\n<h4>Informaci\u00f3n adicional :<\/h4>\n<ul>\n<li><strong>Envase<\/strong>: Paquete de 250 kits<\/li>\n<li><b>Contenido <\/b>: Cuchillos + tenedores + cucharas + servilletas + sal + pimienta<\/li>\n<li><strong>Material<\/strong>: Madera<\/li>\n<\/ul>\n<p>&nbsp;<\/p>\n<p><!--more--><\/p>\n<p><a href=\"https:\/\/www.csj-emballages.com\/es\/categorie-produit\/envasado-de-alimentos\/catering-es\/platos-cubiertos-desechables-pajitas\/juegos-de-cubiertos\/kits-de-cubiertos-ecologicos\/\">Ver el resto de nuestra gama de juegos de cubiertos de madera<\/a><\/p>\n","protected":false},"excerpt":{"rendered":"<p>Juego de cubiertos de madera Descubra nuestro kit de cubiertos de madera cuchillos + tenedores + servilletas + cucharas + sal + pimienta por 250<\/p>\n","protected":false},"featured_media":256943,"template":"","meta":{"_acf_changed":false},"product_brand":[],"product_cat":[1150,1179,2816,2817,1163,2598],"product_tag":[],"class_list":{"0":"post-21819","1":"product","2":"type-product","3":"status-publish","4":"has-post-thumbnail","6":"product_cat-envasado-de-alimentos","7":"product_cat-catering-es","8":"product_cat-juegos-de-cubiertos","9":"product_cat-kits-de-cubiertos-ecologicos","10":"product_cat-gama-ecologica","11":"product_cat-cubiertos-ecologicos","13":"first","14":"instock","15":"taxable","16":"shipping-taxable","17":"purchasable","18":"product-type-simple"},"acf":[],"yoast_head":"<!-- This site is optimized with the Yoast SEO Premium plugin v26.6 (Yoast SEO v26.6) - https:\/\/yoast.com\/wordpress\/plugins\/seo\/ -->\n<title>Cubiertos de madera - 6 piezas<\/title>\n<meta name=\"description\" content=\"Cuberter\u00eda de madera 250 juegos: cuchillo, tenedor, cuchara, servilleta, sal y pimienta. Listos para usar, pr\u00e1cticos, s\u00f3lidos y perfectos para la venta para llevar.\" \/>\n<meta name=\"robots\" content=\"index, follow, max-snippet:-1, max-image-preview:large, max-video-preview:-1\" \/>\n<link rel=\"canonical\" href=\"https:\/\/www.csj-emballages.com\/es\/produit\/250-cubiertos-de-madera-cuchillos-tenedores-servilletas-cucharas-sal-poi\/\" \/>\n<meta property=\"og:locale\" content=\"es_ES\" \/>\n<meta property=\"og:type\" content=\"article\" \/>\n<meta property=\"og:title\" content=\"Cuberter\u00eda de madera cuchillos + tenedores + servilletas + cucharas + sal + pimienta\" \/>\n<meta property=\"og:description\" content=\"Cuberter\u00eda de madera 250 juegos: cuchillo, tenedor, cuchara, servilleta, sal y pimienta. Listos para usar, pr\u00e1cticos, s\u00f3lidos y perfectos para la venta para llevar.\" \/>\n<meta property=\"og:url\" content=\"https:\/\/www.csj-emballages.com\/es\/produit\/250-cubiertos-de-madera-cuchillos-tenedores-servilletas-cucharas-sal-poi\/\" \/>\n<meta property=\"og:site_name\" content=\"CSJ Emballages\" \/>\n<meta property=\"article:publisher\" content=\"https:\/\/www.facebook.com\/csjemballages\" \/>\n<meta property=\"article:modified_time\" content=\"2026-04-30T00:14:13+00:00\" \/>\n<meta property=\"og:image\" content=\"https:\/\/www.csj-emballages.com\/wp-content\/uploads\/2024\/03\/KIT61BOIS.webp\" \/>\n\t<meta property=\"og:image:width\" content=\"800\" \/>\n\t<meta property=\"og:image:height\" content=\"799\" \/>\n\t<meta property=\"og:image:type\" content=\"image\/webp\" \/>\n<meta name=\"twitter:card\" content=\"summary_large_image\" \/>\n<meta name=\"twitter:label1\" content=\"Tiempo de lectura\" \/>\n\t<meta name=\"twitter:data1\" content=\"2 minutos\" \/>\n<script type=\"application\/ld+json\" class=\"yoast-schema-graph\">{\"@context\":\"https:\/\/schema.org\",\"@graph\":[{\"@type\":\"WebPage\",\"@id\":\"https:\/\/www.csj-emballages.com\/es\/produit\/250-cubiertos-de-madera-cuchillos-tenedores-servilletas-cucharas-sal-poi\/\",\"url\":\"https:\/\/www.csj-emballages.com\/es\/produit\/250-cubiertos-de-madera-cuchillos-tenedores-servilletas-cucharas-sal-poi\/\",\"name\":\"Cubiertos de madera - 6 piezas\",\"isPartOf\":{\"@id\":\"https:\/\/www.csj-emballages.com\/es\/#website\"},\"primaryImageOfPage\":{\"@id\":\"https:\/\/www.csj-emballages.com\/es\/produit\/250-cubiertos-de-madera-cuchillos-tenedores-servilletas-cucharas-sal-poi\/#primaryimage\"},\"image\":{\"@id\":\"https:\/\/www.csj-emballages.com\/es\/produit\/250-cubiertos-de-madera-cuchillos-tenedores-servilletas-cucharas-sal-poi\/#primaryimage\"},\"thumbnailUrl\":\"https:\/\/www.csj-emballages.com\/wp-content\/uploads\/2024\/03\/KIT61BOIS.webp\",\"datePublished\":\"2024-03-01T15:51:57+00:00\",\"dateModified\":\"2026-04-30T00:14:13+00:00\",\"description\":\"Cuberter\u00eda de madera 250 juegos: cuchillo, tenedor, cuchara, servilleta, sal y pimienta. Listos para usar, pr\u00e1cticos, s\u00f3lidos y perfectos para la venta para llevar.\",\"breadcrumb\":{\"@id\":\"https:\/\/www.csj-emballages.com\/es\/produit\/250-cubiertos-de-madera-cuchillos-tenedores-servilletas-cucharas-sal-poi\/#breadcrumb\"},\"inLanguage\":\"es\",\"potentialAction\":[{\"@type\":\"ReadAction\",\"target\":[\"https:\/\/www.csj-emballages.com\/es\/produit\/250-cubiertos-de-madera-cuchillos-tenedores-servilletas-cucharas-sal-poi\/\"]}]},{\"@type\":\"ImageObject\",\"inLanguage\":\"es\",\"@id\":\"https:\/\/www.csj-emballages.com\/es\/produit\/250-cubiertos-de-madera-cuchillos-tenedores-servilletas-cucharas-sal-poi\/#primaryimage\",\"url\":\"https:\/\/www.csj-emballages.com\/wp-content\/uploads\/2024\/03\/KIT61BOIS.webp\",\"contentUrl\":\"https:\/\/www.csj-emballages.com\/wp-content\/uploads\/2024\/03\/KIT61BOIS.webp\",\"width\":800,\"height\":799,\"caption\":\"Kit couverts bois\"},{\"@type\":\"BreadcrumbList\",\"@id\":\"https:\/\/www.csj-emballages.com\/es\/produit\/250-cubiertos-de-madera-cuchillos-tenedores-servilletas-cucharas-sal-poi\/#breadcrumb\",\"itemListElement\":[{\"@type\":\"ListItem\",\"position\":1,\"name\":\"Accueil\",\"item\":\"https:\/\/www.csj-emballages.com\/es\/universo-del-envasado-alimentario\/\"},{\"@type\":\"ListItem\",\"position\":2,\"name\":\"Tienda\",\"item\":\"https:\/\/www.csj-emballages.com\/tienda\/\"},{\"@type\":\"ListItem\",\"position\":3,\"name\":\"Cuberter\u00eda de madera cuchillos + tenedores + servilletas + cucharas + sal + pimienta\"}]},{\"@type\":\"WebSite\",\"@id\":\"https:\/\/www.csj-emballages.com\/es\/#website\",\"url\":\"https:\/\/www.csj-emballages.com\/es\/\",\"name\":\"CSJ Emballages\",\"description\":\"\",\"publisher\":{\"@id\":\"https:\/\/www.csj-emballages.com\/es\/#organization\"},\"potentialAction\":[{\"@type\":\"SearchAction\",\"target\":{\"@type\":\"EntryPoint\",\"urlTemplate\":\"https:\/\/www.csj-emballages.com\/es\/?s={search_term_string}\"},\"query-input\":{\"@type\":\"PropertyValueSpecification\",\"valueRequired\":true,\"valueName\":\"search_term_string\"}}],\"inLanguage\":\"es\"},{\"@type\":\"Organization\",\"@id\":\"https:\/\/www.csj-emballages.com\/es\/#Organization\/\",\"name\":\"CSJ Emballages\",\"url\":\"https:\/\/www.csj-emballages.com\/es\/\",\"logo\":{\"@type\":\"ImageObject\",\"inLanguage\":\"es\",\"@id\":\"https:\/\/www.csj-emballages.com\/es\/#\/schema\/logo\/image\/\",\"url\":\"https:\/\/www.csj-emballages.com\/wp-content\/uploads\/2023\/10\/logo_csj.webp\",\"contentUrl\":\"https:\/\/www.csj-emballages.com\/wp-content\/uploads\/2023\/10\/logo_csj.webp\",\"width\":250,\"height\":95,\"caption\":\"CSJ Emballages\"},\"image\":{\"@id\":\"https:\/\/www.csj-emballages.com\/es\/#\/schema\/logo\/image\/\"},\"sameAs\":[\"https:\/\/www.facebook.com\/csjemballages\"],\"address\":{\"@type\":\"PostalAddress\",\"streetAddress\":\"ZI La Lechere\",\"addressLocality\":\"Patornay\",\"postalCode\":\"39130\",\"addressCountry\":\"FR\"},\"contactPoint\":[{\"@type\":\"ContactPoint\",\"contactType\":\"Service client\",\"telephone\":\"0384254272\",\"email\":\"contact@csj-emballages.com\"}]}]}<\/script>\n<!-- \/ Yoast SEO Premium plugin. -->","yoast_head_json":{"title":"Cubiertos de madera - 6 piezas","description":"Cuberter\u00eda de madera 250 juegos: cuchillo, tenedor, cuchara, servilleta, sal y pimienta. Listos para usar, pr\u00e1cticos, s\u00f3lidos y perfectos para la venta para llevar.","robots":{"index":"index","follow":"follow","max-snippet":"max-snippet:-1","max-image-preview":"max-image-preview:large","max-video-preview":"max-video-preview:-1"},"canonical":"https:\/\/www.csj-emballages.com\/es\/produit\/250-cubiertos-de-madera-cuchillos-tenedores-servilletas-cucharas-sal-poi\/","og_locale":"es_ES","og_type":"article","og_title":"Cuberter\u00eda de madera cuchillos + tenedores + servilletas + cucharas + sal + pimienta","og_description":"Cuberter\u00eda de madera 250 juegos: cuchillo, tenedor, cuchara, servilleta, sal y pimienta. Listos para usar, pr\u00e1cticos, s\u00f3lidos y perfectos para la venta para llevar.","og_url":"https:\/\/www.csj-emballages.com\/es\/produit\/250-cubiertos-de-madera-cuchillos-tenedores-servilletas-cucharas-sal-poi\/","og_site_name":"CSJ Emballages","article_publisher":"https:\/\/www.facebook.com\/csjemballages","article_modified_time":"2026-04-30T00:14:13+00:00","og_image":[{"width":800,"height":799,"url":"https:\/\/www.csj-emballages.com\/wp-content\/uploads\/2024\/03\/KIT61BOIS.webp","type":"image\/webp"}],"twitter_card":"summary_large_image","twitter_misc":{"Tiempo de lectura":"2 minutos"},"schema":{"@context":"https:\/\/schema.org","@graph":[{"@type":"WebPage","@id":"https:\/\/www.csj-emballages.com\/es\/produit\/250-cubiertos-de-madera-cuchillos-tenedores-servilletas-cucharas-sal-poi\/","url":"https:\/\/www.csj-emballages.com\/es\/produit\/250-cubiertos-de-madera-cuchillos-tenedores-servilletas-cucharas-sal-poi\/","name":"Cubiertos de madera - 6 piezas","isPartOf":{"@id":"https:\/\/www.csj-emballages.com\/es\/#website"},"primaryImageOfPage":{"@id":"https:\/\/www.csj-emballages.com\/es\/produit\/250-cubiertos-de-madera-cuchillos-tenedores-servilletas-cucharas-sal-poi\/#primaryimage"},"image":{"@id":"https:\/\/www.csj-emballages.com\/es\/produit\/250-cubiertos-de-madera-cuchillos-tenedores-servilletas-cucharas-sal-poi\/#primaryimage"},"thumbnailUrl":"https:\/\/www.csj-emballages.com\/wp-content\/uploads\/2024\/03\/KIT61BOIS.webp","datePublished":"2024-03-01T15:51:57+00:00","dateModified":"2026-04-30T00:14:13+00:00","description":"Cuberter\u00eda de madera 250 juegos: cuchillo, tenedor, cuchara, servilleta, sal y pimienta. Listos para usar, pr\u00e1cticos, s\u00f3lidos y perfectos para la venta para llevar.","breadcrumb":{"@id":"https:\/\/www.csj-emballages.com\/es\/produit\/250-cubiertos-de-madera-cuchillos-tenedores-servilletas-cucharas-sal-poi\/#breadcrumb"},"inLanguage":"es","potentialAction":[{"@type":"ReadAction","target":["https:\/\/www.csj-emballages.com\/es\/produit\/250-cubiertos-de-madera-cuchillos-tenedores-servilletas-cucharas-sal-poi\/"]}]},{"@type":"ImageObject","inLanguage":"es","@id":"https:\/\/www.csj-emballages.com\/es\/produit\/250-cubiertos-de-madera-cuchillos-tenedores-servilletas-cucharas-sal-poi\/#primaryimage","url":"https:\/\/www.csj-emballages.com\/wp-content\/uploads\/2024\/03\/KIT61BOIS.webp","contentUrl":"https:\/\/www.csj-emballages.com\/wp-content\/uploads\/2024\/03\/KIT61BOIS.webp","width":800,"height":799,"caption":"Kit couverts bois"},{"@type":"BreadcrumbList","@id":"https:\/\/www.csj-emballages.com\/es\/produit\/250-cubiertos-de-madera-cuchillos-tenedores-servilletas-cucharas-sal-poi\/#breadcrumb","itemListElement":[{"@type":"ListItem","position":1,"name":"Accueil","item":"https:\/\/www.csj-emballages.com\/es\/universo-del-envasado-alimentario\/"},{"@type":"ListItem","position":2,"name":"Tienda","item":"https:\/\/www.csj-emballages.com\/tienda\/"},{"@type":"ListItem","position":3,"name":"Cuberter\u00eda de madera cuchillos + tenedores + servilletas + cucharas + sal + pimienta"}]},{"@type":"WebSite","@id":"https:\/\/www.csj-emballages.com\/es\/#website","url":"https:\/\/www.csj-emballages.com\/es\/","name":"CSJ Emballages","description":"","publisher":{"@id":"https:\/\/www.csj-emballages.com\/es\/#organization"},"potentialAction":[{"@type":"SearchAction","target":{"@type":"EntryPoint","urlTemplate":"https:\/\/www.csj-emballages.com\/es\/?s={search_term_string}"},"query-input":{"@type":"PropertyValueSpecification","valueRequired":true,"valueName":"search_term_string"}}],"inLanguage":"es"},{"@type":"Organization","@id":"https:\/\/www.csj-emballages.com\/es\/#Organization\/","name":"CSJ Emballages","url":"https:\/\/www.csj-emballages.com\/es\/","logo":{"@type":"ImageObject","inLanguage":"es","@id":"https:\/\/www.csj-emballages.com\/es\/#\/schema\/logo\/image\/","url":"https:\/\/www.csj-emballages.com\/wp-content\/uploads\/2023\/10\/logo_csj.webp","contentUrl":"https:\/\/www.csj-emballages.com\/wp-content\/uploads\/2023\/10\/logo_csj.webp","width":250,"height":95,"caption":"CSJ Emballages"},"image":{"@id":"https:\/\/www.csj-emballages.com\/es\/#\/schema\/logo\/image\/"},"sameAs":["https:\/\/www.facebook.com\/csjemballages"],"address":{"@type":"PostalAddress","streetAddress":"ZI La Lechere","addressLocality":"Patornay","postalCode":"39130","addressCountry":"FR"},"contactPoint":[{"@type":"ContactPoint","contactType":"Service client","telephone":"0384254272","email":"contact@csj-emballages.com"}]}]}},"df_price":29.22,"df_sale_price":"","df_regular_price":29.22,"df_image_link":"https:\/\/www.csj-emballages.com\/wp-content\/uploads\/2024\/03\/KIT61BOIS-300x300.webp","tiered_pricing_type":"fixed","tiered_pricing_fixed_rules":[],"tiered_pricing_percentage_rules":[],"tiered_pricing_minimum":1,"tiered_pricing_roles_data":[],"_links":{"self":[{"href":"https:\/\/www.csj-emballages.com\/es\/wp-json\/wp\/v2\/product\/21819","targetHints":{"allow":["GET"]}}],"collection":[{"href":"https:\/\/www.csj-emballages.com\/es\/wp-json\/wp\/v2\/product"}],"about":[{"href":"https:\/\/www.csj-emballages.com\/es\/wp-json\/wp\/v2\/types\/product"}],"wp:featuredmedia":[{"embeddable":true,"href":"https:\/\/www.csj-emballages.com\/es\/wp-json\/wp\/v2\/media\/256943"}],"wp:attachment":[{"href":"https:\/\/www.csj-emballages.com\/es\/wp-json\/wp\/v2\/media?parent=21819"}],"wp:term":[{"taxonomy":"product_brand","embeddable":true,"href":"https:\/\/www.csj-emballages.com\/es\/wp-json\/wp\/v2\/product_brand?post=21819"},{"taxonomy":"product_cat","embeddable":true,"href":"https:\/\/www.csj-emballages.com\/es\/wp-json\/wp\/v2\/product_cat?post=21819"},{"taxonomy":"product_tag","embeddable":true,"href":"https:\/\/www.csj-emballages.com\/es\/wp-json\/wp\/v2\/product_tag?post=21819"}],"curies":[{"name":"wp","href":"https:\/\/api.w.org\/{rel}","templated":true}]}}