{"id":21811,"date":"2024-03-01T16:51:57","date_gmt":"2024-03-01T15:51:57","guid":{"rendered":"https:\/\/u15jnbdpoq.preview.infomaniak.website\/produit\/20-kits-de-caja-plancha-455-x-19-x-5-cm\/"},"modified":"2026-03-18T02:14:31","modified_gmt":"2026-03-18T01:14:31","slug":"20-kits-de-caja-plancha-455-x-19-x-5-cm","status":"publish","type":"product","link":"https:\/\/www.csj-emballages.com\/es\/produit\/20-kits-de-caja-plancha-455-x-19-x-5-cm\/","title":{"rendered":"Kit plancha caja 45,5 x 19 x 5 cm por 20"},"content":{"rendered":"<div style=\"text-align: center;\">\n<h2 style=\"text-align: left;\">Kit de plancha<\/h2>\n<div style=\"text-align: center;\">\n<div style=\"text-align: left;\">\n<hr>\n<h3>Descripci\u00f3n de nuestro kit de caja de plancha 45,5 x 19 x 5 cm por 20<!--more--><\/h3>\n<p>El Kit Caja Plancha es una soluci\u00f3n de envasado innovadora y original, dise\u00f1ada para mostrar sus surtidos con elegancia y practicidad. Este kit consta de un tablero de cart\u00f3n r\u00edgido y una caja de cart\u00f3n ingeniosamente moldeada para adaptarse al tablero con su ventana de PE (polietileno). Todo el paquete tiene una presentaci\u00f3n atractiva que permite una visibilidad \u00f3ptima de su contenido.<\/p>\n<p>El tablero de cart\u00f3n resistente y duradero tambi\u00e9n sirve como base s\u00f3lida para organizar sus surtidos. Es ideal para exponer diversos productos gourmet, como embutidos, quesos e incluso fruta.<\/p>\n<p>La caja de cart\u00f3n, por su parte, est\u00e1 ingeniosamente dise\u00f1ada con un sistema de cierre sencillo pero eficaz para el transporte. Gracias a unos recortes estrat\u00e9gicos, la caja deja entrever lo que hay dentro, animando a descubrirlo y probarlo.<\/p>\n<p>El Kit Caja Plancha es perfecto para ocasiones especiales, regalos gourmet o simplemente para mejorar tus presentaciones cotidianas. Da a tus productos un escaparate digno de su calidad con este envase \u00fanico, que combina practicidad, est\u00e9tica e innovaci\u00f3n.<\/p>\n<h4>Sus ventajas:<\/h4>\n<ul>\n<li><strong>Visibilidad<\/strong>: los recortes estrat\u00e9gicos de la caja dejan entrever el contenido, lo que favorece su degustaci\u00f3n. Esto atrae la atenci\u00f3n y resalta los productos presentados en el interior.<\/li>\n<li><strong>Solidez<\/strong>: El resistente cart\u00f3n proporciona una base s\u00f3lida para los surtidos.<\/li>\n<li><strong>Versatilidad<\/strong>: El Plancha Box Kit es ideal para una gran variedad de productos gourmet como embutidos, queso y fruta.<\/li>\n<li><strong>Innovaci\u00f3n<\/strong>: El Plancha Box Kit es una soluci\u00f3n de envasado innovadora que se distingue de los envases tradicionales.<\/li>\n<\/ul>\n<p>&nbsp;<\/p>\n<p><span style=\"font-style: italic; text-decoration: underline;\">Cart\u00f3n :<\/span><\/p>\n<ul>\n<li><span style=\"font-weight: bold; text-decoration: underline;\">Anchura<\/span>: 18 cm<\/li>\n<li><span style=\"font-weight: bold; text-decoration: underline;\">Longitud<\/span>: 28,5 cm + 17 cm (45,5 cm)<\/li>\n<li><span style=\"font-weight: bold; text-decoration: underline;\">Grosor<\/span>: 4 mm<\/li>\n<li><span style=\"font-weight: bold; text-decoration: underline;\">Material<\/span>: cart\u00f3n con pel\u00edcula de polietileno<\/li>\n<\/ul>\n<p>&nbsp;<\/p>\n<p><!--more--><\/p>\n<p><a href=\"https:\/\/u15jnbdpoq.preview.infomaniak.website\/categorie-produit\/emballages\/boucherie-traiteur-primeur\/barquettes-boites-et-pots\/boites-traiteurs-lunchs\/\">Ver el resto de nuestra gama de cajas \/ almuerzos de catering<\/a><\/p>\n<\/div>\n<\/div>\n<\/div>\n<p>&nbsp;<\/p>\n","protected":false},"excerpt":{"rendered":"<p>Kit de plancha Descripci\u00f3n de nuestro kit de caja de plancha 45,5 x 19 x 5 cm por 20<\/p>\n","protected":false},"featured_media":177235,"template":"","meta":{"_acf_changed":false},"product_brand":[],"product_cat":[1150,1143,1142,1288,2820,1179,1302,2821],"product_tag":[],"class_list":{"0":"post-21811","1":"product","2":"type-product","3":"status-publish","4":"has-post-thumbnail","6":"product_cat-envasado-de-alimentos","7":"product_cat-carniceria-y-charcuteria","8":"product_cat-cajas-almuerzos-para-catering","9":"product_cat-bandejas","10":"product_cat-bandejas-de-catering","11":"product_cat-catering-es","12":"product_cat-bandejas-es","13":"product_cat-bandejas-de-catering-es","15":"first","16":"instock","17":"taxable","18":"shipping-taxable","19":"purchasable","20":"product-type-simple"},"acf":[],"yoast_head":"<!-- This site is optimized with the Yoast SEO Premium plugin v26.6 (Yoast SEO v26.6) - https:\/\/yoast.com\/wordpress\/plugins\/seo\/ -->\n<title>Kit Plancha Box - 45,5 x 19 x 5 cm<\/title>\n<meta name=\"description\" content=\"Descubra nuestro kit de caja plancha para aperitivos con embutidos o quesos. Dimensiones: 455 x 190 x 50 mm. Opte por un pack de caja + kit de plancha.\" \/>\n<meta name=\"robots\" content=\"index, follow, max-snippet:-1, max-image-preview:large, max-video-preview:-1\" \/>\n<link rel=\"canonical\" href=\"https:\/\/www.csj-emballages.com\/es\/produit\/20-kits-de-caja-plancha-455-x-19-x-5-cm\/\" \/>\n<meta property=\"og:locale\" content=\"es_ES\" \/>\n<meta property=\"og:type\" content=\"article\" \/>\n<meta property=\"og:title\" content=\"Kit plancha caja 45,5 x 19 x 5 cm por 20\" \/>\n<meta property=\"og:description\" content=\"Descubra nuestro kit de caja plancha para aperitivos con embutidos o quesos. Dimensiones: 455 x 190 x 50 mm. Opte por un pack de caja + kit de plancha.\" \/>\n<meta property=\"og:url\" content=\"https:\/\/www.csj-emballages.com\/es\/produit\/20-kits-de-caja-plancha-455-x-19-x-5-cm\/\" \/>\n<meta property=\"og:site_name\" content=\"CSJ Emballages\" \/>\n<meta property=\"article:publisher\" content=\"https:\/\/www.facebook.com\/csjemballages\" \/>\n<meta property=\"article:modified_time\" content=\"2026-03-18T01:14:31+00:00\" \/>\n<meta property=\"og:image\" content=\"https:\/\/www.csj-emballages.com\/wp-content\/uploads\/2024\/03\/kitplancha.webp\" \/>\n\t<meta property=\"og:image:width\" content=\"809\" \/>\n\t<meta property=\"og:image:height\" content=\"809\" \/>\n\t<meta property=\"og:image:type\" content=\"image\/webp\" \/>\n<meta name=\"twitter:card\" content=\"summary_large_image\" \/>\n<meta name=\"twitter:label1\" content=\"Tiempo de lectura\" \/>\n\t<meta name=\"twitter:data1\" content=\"2 minutos\" \/>\n<script type=\"application\/ld+json\" class=\"yoast-schema-graph\">{\"@context\":\"https:\/\/schema.org\",\"@graph\":[{\"@type\":\"WebPage\",\"@id\":\"https:\/\/www.csj-emballages.com\/es\/produit\/20-kits-de-caja-plancha-455-x-19-x-5-cm\/\",\"url\":\"https:\/\/www.csj-emballages.com\/es\/produit\/20-kits-de-caja-plancha-455-x-19-x-5-cm\/\",\"name\":\"Kit Plancha Box - 45,5 x 19 x 5 cm\",\"isPartOf\":{\"@id\":\"https:\/\/www.csj-emballages.com\/es\/#website\"},\"primaryImageOfPage\":{\"@id\":\"https:\/\/www.csj-emballages.com\/es\/produit\/20-kits-de-caja-plancha-455-x-19-x-5-cm\/#primaryimage\"},\"image\":{\"@id\":\"https:\/\/www.csj-emballages.com\/es\/produit\/20-kits-de-caja-plancha-455-x-19-x-5-cm\/#primaryimage\"},\"thumbnailUrl\":\"https:\/\/www.csj-emballages.com\/wp-content\/uploads\/2024\/03\/kitplancha.webp\",\"datePublished\":\"2024-03-01T15:51:57+00:00\",\"dateModified\":\"2026-03-18T01:14:31+00:00\",\"description\":\"Descubra nuestro kit de caja plancha para aperitivos con embutidos o quesos. Dimensiones: 455 x 190 x 50 mm. Opte por un pack de caja + kit de plancha.\",\"breadcrumb\":{\"@id\":\"https:\/\/www.csj-emballages.com\/es\/produit\/20-kits-de-caja-plancha-455-x-19-x-5-cm\/#breadcrumb\"},\"inLanguage\":\"es\",\"potentialAction\":[{\"@type\":\"ReadAction\",\"target\":[\"https:\/\/www.csj-emballages.com\/es\/produit\/20-kits-de-caja-plancha-455-x-19-x-5-cm\/\"]}]},{\"@type\":\"ImageObject\",\"inLanguage\":\"es\",\"@id\":\"https:\/\/www.csj-emballages.com\/es\/produit\/20-kits-de-caja-plancha-455-x-19-x-5-cm\/#primaryimage\",\"url\":\"https:\/\/www.csj-emballages.com\/wp-content\/uploads\/2024\/03\/kitplancha.webp\",\"contentUrl\":\"https:\/\/www.csj-emballages.com\/wp-content\/uploads\/2024\/03\/kitplancha.webp\",\"width\":809,\"height\":809,\"caption\":\"box 45.5 x 19 x 5 cm par 20\"},{\"@type\":\"BreadcrumbList\",\"@id\":\"https:\/\/www.csj-emballages.com\/es\/produit\/20-kits-de-caja-plancha-455-x-19-x-5-cm\/#breadcrumb\",\"itemListElement\":[{\"@type\":\"ListItem\",\"position\":1,\"name\":\"Accueil\",\"item\":\"https:\/\/www.csj-emballages.com\/es\/universo-del-envasado-alimentario\/\"},{\"@type\":\"ListItem\",\"position\":2,\"name\":\"Tienda\",\"item\":\"https:\/\/www.csj-emballages.com\/tienda\/\"},{\"@type\":\"ListItem\",\"position\":3,\"name\":\"Kit plancha caja 45,5 x 19 x 5 cm por 20\"}]},{\"@type\":\"WebSite\",\"@id\":\"https:\/\/www.csj-emballages.com\/es\/#website\",\"url\":\"https:\/\/www.csj-emballages.com\/es\/\",\"name\":\"CSJ Emballages\",\"description\":\"\",\"publisher\":{\"@id\":\"https:\/\/www.csj-emballages.com\/es\/#organization\"},\"potentialAction\":[{\"@type\":\"SearchAction\",\"target\":{\"@type\":\"EntryPoint\",\"urlTemplate\":\"https:\/\/www.csj-emballages.com\/es\/?s={search_term_string}\"},\"query-input\":{\"@type\":\"PropertyValueSpecification\",\"valueRequired\":true,\"valueName\":\"search_term_string\"}}],\"inLanguage\":\"es\"},{\"@type\":\"Organization\",\"@id\":\"https:\/\/www.csj-emballages.com\/es\/#Organization\/\",\"name\":\"CSJ Emballages\",\"url\":\"https:\/\/www.csj-emballages.com\/es\/\",\"logo\":{\"@type\":\"ImageObject\",\"inLanguage\":\"es\",\"@id\":\"https:\/\/www.csj-emballages.com\/es\/#\/schema\/logo\/image\/\",\"url\":\"https:\/\/www.csj-emballages.com\/wp-content\/uploads\/2023\/10\/logo_csj.webp\",\"contentUrl\":\"https:\/\/www.csj-emballages.com\/wp-content\/uploads\/2023\/10\/logo_csj.webp\",\"width\":250,\"height\":95,\"caption\":\"CSJ Emballages\"},\"image\":{\"@id\":\"https:\/\/www.csj-emballages.com\/es\/#\/schema\/logo\/image\/\"},\"sameAs\":[\"https:\/\/www.facebook.com\/csjemballages\"],\"address\":{\"@type\":\"PostalAddress\",\"streetAddress\":\"ZI La Lechere\",\"addressLocality\":\"Patornay\",\"postalCode\":\"39130\",\"addressCountry\":\"FR\"},\"contactPoint\":[{\"@type\":\"ContactPoint\",\"contactType\":\"Service client\",\"telephone\":\"0384254272\",\"email\":\"contact@csj-emballages.com\"}]}]}<\/script>\n<!-- \/ Yoast SEO Premium plugin. -->","yoast_head_json":{"title":"Kit Plancha Box - 45,5 x 19 x 5 cm","description":"Descubra nuestro kit de caja plancha para aperitivos con embutidos o quesos. Dimensiones: 455 x 190 x 50 mm. Opte por un pack de caja + kit de plancha.","robots":{"index":"index","follow":"follow","max-snippet":"max-snippet:-1","max-image-preview":"max-image-preview:large","max-video-preview":"max-video-preview:-1"},"canonical":"https:\/\/www.csj-emballages.com\/es\/produit\/20-kits-de-caja-plancha-455-x-19-x-5-cm\/","og_locale":"es_ES","og_type":"article","og_title":"Kit plancha caja 45,5 x 19 x 5 cm por 20","og_description":"Descubra nuestro kit de caja plancha para aperitivos con embutidos o quesos. Dimensiones: 455 x 190 x 50 mm. Opte por un pack de caja + kit de plancha.","og_url":"https:\/\/www.csj-emballages.com\/es\/produit\/20-kits-de-caja-plancha-455-x-19-x-5-cm\/","og_site_name":"CSJ Emballages","article_publisher":"https:\/\/www.facebook.com\/csjemballages","article_modified_time":"2026-03-18T01:14:31+00:00","og_image":[{"width":809,"height":809,"url":"https:\/\/www.csj-emballages.com\/wp-content\/uploads\/2024\/03\/kitplancha.webp","type":"image\/webp"}],"twitter_card":"summary_large_image","twitter_misc":{"Tiempo de lectura":"2 minutos"},"schema":{"@context":"https:\/\/schema.org","@graph":[{"@type":"WebPage","@id":"https:\/\/www.csj-emballages.com\/es\/produit\/20-kits-de-caja-plancha-455-x-19-x-5-cm\/","url":"https:\/\/www.csj-emballages.com\/es\/produit\/20-kits-de-caja-plancha-455-x-19-x-5-cm\/","name":"Kit Plancha Box - 45,5 x 19 x 5 cm","isPartOf":{"@id":"https:\/\/www.csj-emballages.com\/es\/#website"},"primaryImageOfPage":{"@id":"https:\/\/www.csj-emballages.com\/es\/produit\/20-kits-de-caja-plancha-455-x-19-x-5-cm\/#primaryimage"},"image":{"@id":"https:\/\/www.csj-emballages.com\/es\/produit\/20-kits-de-caja-plancha-455-x-19-x-5-cm\/#primaryimage"},"thumbnailUrl":"https:\/\/www.csj-emballages.com\/wp-content\/uploads\/2024\/03\/kitplancha.webp","datePublished":"2024-03-01T15:51:57+00:00","dateModified":"2026-03-18T01:14:31+00:00","description":"Descubra nuestro kit de caja plancha para aperitivos con embutidos o quesos. Dimensiones: 455 x 190 x 50 mm. Opte por un pack de caja + kit de plancha.","breadcrumb":{"@id":"https:\/\/www.csj-emballages.com\/es\/produit\/20-kits-de-caja-plancha-455-x-19-x-5-cm\/#breadcrumb"},"inLanguage":"es","potentialAction":[{"@type":"ReadAction","target":["https:\/\/www.csj-emballages.com\/es\/produit\/20-kits-de-caja-plancha-455-x-19-x-5-cm\/"]}]},{"@type":"ImageObject","inLanguage":"es","@id":"https:\/\/www.csj-emballages.com\/es\/produit\/20-kits-de-caja-plancha-455-x-19-x-5-cm\/#primaryimage","url":"https:\/\/www.csj-emballages.com\/wp-content\/uploads\/2024\/03\/kitplancha.webp","contentUrl":"https:\/\/www.csj-emballages.com\/wp-content\/uploads\/2024\/03\/kitplancha.webp","width":809,"height":809,"caption":"box 45.5 x 19 x 5 cm par 20"},{"@type":"BreadcrumbList","@id":"https:\/\/www.csj-emballages.com\/es\/produit\/20-kits-de-caja-plancha-455-x-19-x-5-cm\/#breadcrumb","itemListElement":[{"@type":"ListItem","position":1,"name":"Accueil","item":"https:\/\/www.csj-emballages.com\/es\/universo-del-envasado-alimentario\/"},{"@type":"ListItem","position":2,"name":"Tienda","item":"https:\/\/www.csj-emballages.com\/tienda\/"},{"@type":"ListItem","position":3,"name":"Kit plancha caja 45,5 x 19 x 5 cm por 20"}]},{"@type":"WebSite","@id":"https:\/\/www.csj-emballages.com\/es\/#website","url":"https:\/\/www.csj-emballages.com\/es\/","name":"CSJ Emballages","description":"","publisher":{"@id":"https:\/\/www.csj-emballages.com\/es\/#organization"},"potentialAction":[{"@type":"SearchAction","target":{"@type":"EntryPoint","urlTemplate":"https:\/\/www.csj-emballages.com\/es\/?s={search_term_string}"},"query-input":{"@type":"PropertyValueSpecification","valueRequired":true,"valueName":"search_term_string"}}],"inLanguage":"es"},{"@type":"Organization","@id":"https:\/\/www.csj-emballages.com\/es\/#Organization\/","name":"CSJ Emballages","url":"https:\/\/www.csj-emballages.com\/es\/","logo":{"@type":"ImageObject","inLanguage":"es","@id":"https:\/\/www.csj-emballages.com\/es\/#\/schema\/logo\/image\/","url":"https:\/\/www.csj-emballages.com\/wp-content\/uploads\/2023\/10\/logo_csj.webp","contentUrl":"https:\/\/www.csj-emballages.com\/wp-content\/uploads\/2023\/10\/logo_csj.webp","width":250,"height":95,"caption":"CSJ Emballages"},"image":{"@id":"https:\/\/www.csj-emballages.com\/es\/#\/schema\/logo\/image\/"},"sameAs":["https:\/\/www.facebook.com\/csjemballages"],"address":{"@type":"PostalAddress","streetAddress":"ZI La Lechere","addressLocality":"Patornay","postalCode":"39130","addressCountry":"FR"},"contactPoint":[{"@type":"ContactPoint","contactType":"Service client","telephone":"0384254272","email":"contact@csj-emballages.com"}]}]}},"df_price":54,"df_sale_price":"","df_regular_price":54,"df_image_link":"https:\/\/www.csj-emballages.com\/wp-content\/uploads\/2024\/03\/kitplancha-300x300.webp","tiered_pricing_type":"fixed","tiered_pricing_fixed_rules":[],"tiered_pricing_percentage_rules":[],"tiered_pricing_minimum":1,"tiered_pricing_roles_data":[],"_links":{"self":[{"href":"https:\/\/www.csj-emballages.com\/es\/wp-json\/wp\/v2\/product\/21811","targetHints":{"allow":["GET"]}}],"collection":[{"href":"https:\/\/www.csj-emballages.com\/es\/wp-json\/wp\/v2\/product"}],"about":[{"href":"https:\/\/www.csj-emballages.com\/es\/wp-json\/wp\/v2\/types\/product"}],"wp:featuredmedia":[{"embeddable":true,"href":"https:\/\/www.csj-emballages.com\/es\/wp-json\/wp\/v2\/media\/177235"}],"wp:attachment":[{"href":"https:\/\/www.csj-emballages.com\/es\/wp-json\/wp\/v2\/media?parent=21811"}],"wp:term":[{"taxonomy":"product_brand","embeddable":true,"href":"https:\/\/www.csj-emballages.com\/es\/wp-json\/wp\/v2\/product_brand?post=21811"},{"taxonomy":"product_cat","embeddable":true,"href":"https:\/\/www.csj-emballages.com\/es\/wp-json\/wp\/v2\/product_cat?post=21811"},{"taxonomy":"product_tag","embeddable":true,"href":"https:\/\/www.csj-emballages.com\/es\/wp-json\/wp\/v2\/product_tag?post=21811"}],"curies":[{"name":"wp","href":"https:\/\/api.w.org\/{rel}","templated":true}]}}