{"id":21809,"date":"2024-03-01T16:51:58","date_gmt":"2024-03-01T15:51:58","guid":{"rendered":"https:\/\/u15jnbdpoq.preview.infomaniak.website\/produit\/250-cubiertos-de-madera-cuchillos-tenedores-servilletas-cucharas\/"},"modified":"2026-04-28T02:16:11","modified_gmt":"2026-04-28T00:16:11","slug":"250-cubiertos-de-madera-cuchillos-tenedores-servilletas-cucharas","status":"publish","type":"product","link":"https:\/\/www.csj-emballages.com\/es\/produit\/250-cubiertos-de-madera-cuchillos-tenedores-servilletas-cucharas\/","title":{"rendered":"Cuberter\u00eda de madera cuchillos + tenedores + servilletas + cucharas 250 uds."},"content":{"rendered":"<h2>Juego de cubiertos de madera<\/h2>\n<hr>\n<h3>Descubra nuestra cuberter\u00eda de madera cuchillos + tenedores + servilletas + cucharas por 250<\/h3>\n<p><!--more--><\/p>\n<p data-start=\"267\" data-end=\"710\">He aqu\u00ed una soluci\u00f3n sencilla y eficaz para ofrecer una alternativa realmente limpia y agradable a sus comidas para llevar: el <strong>juego de cubiertos de madera<\/strong> con su <strong>servilleta<\/strong>. Cada juego contiene todo lo esencial <g id=\"gid_2\">-cuchillo, tenedor, cuchara y servilleta- <\/g>en un formato compacto dise\u00f1ado para ir directamente al grano. Es el tipo de <strong>cuberter\u00eda<\/strong> que nos gusta porque ahorra embalaje y cabe sin esfuerzo en cualquier sitio.  <\/p>\n<p data-start=\"712\" data-end=\"1153\">La <strong>madera<\/strong> utilizada le da un toque c\u00e1lido y natural que el pl\u00e1stico nunca podr\u00e1 igualar. Nos encanta el tacto ligeramente texturizado, la ligereza y la robustez de los cubiertos, tan adecuados para un plato fr\u00edo como para una receta m\u00e1s sustanciosa. Ya sea para un food-truck, un catering, una bocadiller\u00eda o un evento asociativo, este kit simplifica claramente su organizaci\u00f3n al tiempo que ofrece una presentaci\u00f3n cuidada.  <\/p>\n<p data-start=\"1155\" data-end=\"1444\">Gracias a los <strong data-start=\"1164\" data-end=\"1191\">envases de 250 unidades<\/strong>, dispondr\u00e1 de existencias listas para los departamentos o periodos de mayor actividad. Ya no es necesario preparar los juegos uno por uno: todo est\u00e1 agrupado, limpio y f\u00e1cil de dispensar. Es un aut\u00e9ntico ahorro de tiempo, especialmente cuando los pedidos llegan uno tras otro.  <\/p>\n<p data-start=\"1446\" data-end=\"1739\">Adem\u00e1s de ser funcional, este kit transmite una imagen m\u00e1s responsable. La madera es una opci\u00f3n que se dirige a los clientes sensibles a las soluciones sostenibles y a los esfuerzos por reducir los residuos. Usted gana en practicidad, y ellos disfrutan de una comida agradable con cubiertos f\u00e1ciles de usar.  <\/p>\n<p data-start=\"1741\" data-end=\"1872\">En resumen, este <strong>kit de cubiertos de madera<\/strong> es un peque\u00f1o detalle que marca una gran diferencia: pr\u00e1ctico, natural y listo para usar.<\/p>\n<p data-start=\"1741\" data-end=\"1872\">\n<p data-start=\"1741\" data-end=\"1872\"><!--more--><\/p>\n<h4>Ventajas :<\/h4>\n<ul>\n<li data-start=\"1973\" data-end=\"2015\">Tacto natural y agradable en la mano.<\/li>\n<li data-start=\"2018\" data-end=\"2058\">Madera maciza, lisa y sin tratar.<\/li>\n<li data-start=\"2061\" data-end=\"2100\"><strong>Kit completo<\/strong>: cuchillos + tenedores + cucharas + servilletas.<\/li>\n<li data-start=\"2103\" data-end=\"2134\">Paquete econ\u00f3mico de <strong>250<\/strong> unidades.<\/li>\n<li data-start=\"2137\" data-end=\"2199\">Perfecto para comida para llevar, eventos y food-trucks.<\/li>\n<li data-start=\"2202\" data-end=\"2240\">Una imagen m\u00e1s aut\u00e9ntica y responsable.<\/li>\n<\/ul>\n<p>&nbsp;<\/p>\n<p><!--more--><\/p>\n<h4>Informaci\u00f3n adicional :<\/h4>\n<ul>\n<li><strong>Envase<\/strong>: Paquete de 250 kits<\/li>\n<li><b>Contenido <\/b>: Cuchillos + tenedores + cucharas + servilletas<\/li>\n<li><strong>Material<\/strong>: Madera<\/li>\n<\/ul>\n<p>&nbsp;<\/p>\n<p><!--more--><\/p>\n<p><a href=\"https:\/\/www.csj-emballages.com\/es\/categorie-produit\/envasado-de-alimentos\/catering-es\/platos-cubiertos-desechables-pajitas\/juegos-de-cubiertos\/kits-de-cubiertos-ecologicos\/\">Ver el resto de nuestra gama de juegos de cubiertos de madera<\/a><\/p>\n","protected":false},"excerpt":{"rendered":"<p>Juego de cubiertos de madera Descubra nuestra cuberter\u00eda de madera cuchillos + tenedores + servilletas + cucharas por 250<\/p>\n","protected":false},"featured_media":256873,"template":"","meta":{"_acf_changed":false},"product_brand":[],"product_cat":[1150,1179,2816,2817,1163,2598],"product_tag":[],"class_list":{"0":"post-21809","1":"product","2":"type-product","3":"status-publish","4":"has-post-thumbnail","6":"product_cat-envasado-de-alimentos","7":"product_cat-catering-es","8":"product_cat-juegos-de-cubiertos","9":"product_cat-kits-de-cubiertos-ecologicos","10":"product_cat-gama-ecologica","11":"product_cat-cubiertos-ecologicos","13":"first","14":"instock","15":"taxable","16":"shipping-taxable","17":"purchasable","18":"product-type-simple"},"acf":[],"yoast_head":"<!-- This site is optimized with the Yoast SEO Premium plugin v26.6 (Yoast SEO v26.6) - https:\/\/yoast.com\/wordpress\/plugins\/seo\/ -->\n<title>Juego de cubiertos de madera - Tenedores \/ Cuchillos \/ Cucharas \/ Servilletas<\/title>\n<meta name=\"description\" content=\"Descubra nuestra cuberter\u00eda de madera de 4 piezas: tenedores, cuchillos, cucharas y servilletas. Elija una caja de 250 cubiertos ecol\u00f3gicos de calidad.\" \/>\n<meta name=\"robots\" content=\"index, follow, max-snippet:-1, max-image-preview:large, max-video-preview:-1\" \/>\n<link rel=\"canonical\" href=\"https:\/\/www.csj-emballages.com\/es\/produit\/250-cubiertos-de-madera-cuchillos-tenedores-servilletas-cucharas\/\" \/>\n<meta property=\"og:locale\" content=\"es_ES\" \/>\n<meta property=\"og:type\" content=\"article\" \/>\n<meta property=\"og:title\" content=\"Cuberter\u00eda de madera cuchillos + tenedores + servilletas + cucharas 250 uds.\" \/>\n<meta property=\"og:description\" content=\"Descubra nuestra cuberter\u00eda de madera de 4 piezas: tenedores, cuchillos, cucharas y servilletas. Elija una caja de 250 cubiertos ecol\u00f3gicos de calidad.\" \/>\n<meta property=\"og:url\" content=\"https:\/\/www.csj-emballages.com\/es\/produit\/250-cubiertos-de-madera-cuchillos-tenedores-servilletas-cucharas\/\" \/>\n<meta property=\"og:site_name\" content=\"CSJ Emballages\" \/>\n<meta property=\"article:publisher\" content=\"https:\/\/www.facebook.com\/csjemballages\" \/>\n<meta property=\"article:modified_time\" content=\"2026-04-28T00:16:11+00:00\" \/>\n<meta property=\"og:image\" content=\"https:\/\/www.csj-emballages.com\/wp-content\/uploads\/2024\/03\/KIT41BOIS.webp\" \/>\n\t<meta property=\"og:image:width\" content=\"800\" \/>\n\t<meta property=\"og:image:height\" content=\"800\" \/>\n\t<meta property=\"og:image:type\" content=\"image\/webp\" \/>\n<meta name=\"twitter:card\" content=\"summary_large_image\" \/>\n<meta name=\"twitter:label1\" content=\"Tiempo de lectura\" \/>\n\t<meta name=\"twitter:data1\" content=\"2 minutos\" \/>\n<script type=\"application\/ld+json\" class=\"yoast-schema-graph\">{\"@context\":\"https:\/\/schema.org\",\"@graph\":[{\"@type\":\"WebPage\",\"@id\":\"https:\/\/www.csj-emballages.com\/es\/produit\/250-cubiertos-de-madera-cuchillos-tenedores-servilletas-cucharas\/\",\"url\":\"https:\/\/www.csj-emballages.com\/es\/produit\/250-cubiertos-de-madera-cuchillos-tenedores-servilletas-cucharas\/\",\"name\":\"Juego de cubiertos de madera - Tenedores \/ Cuchillos \/ Cucharas \/ Servilletas\",\"isPartOf\":{\"@id\":\"https:\/\/www.csj-emballages.com\/es\/#website\"},\"primaryImageOfPage\":{\"@id\":\"https:\/\/www.csj-emballages.com\/es\/produit\/250-cubiertos-de-madera-cuchillos-tenedores-servilletas-cucharas\/#primaryimage\"},\"image\":{\"@id\":\"https:\/\/www.csj-emballages.com\/es\/produit\/250-cubiertos-de-madera-cuchillos-tenedores-servilletas-cucharas\/#primaryimage\"},\"thumbnailUrl\":\"https:\/\/www.csj-emballages.com\/wp-content\/uploads\/2024\/03\/KIT41BOIS.webp\",\"datePublished\":\"2024-03-01T15:51:58+00:00\",\"dateModified\":\"2026-04-28T00:16:11+00:00\",\"description\":\"Descubra nuestra cuberter\u00eda de madera de 4 piezas: tenedores, cuchillos, cucharas y servilletas. Elija una caja de 250 cubiertos ecol\u00f3gicos de calidad.\",\"breadcrumb\":{\"@id\":\"https:\/\/www.csj-emballages.com\/es\/produit\/250-cubiertos-de-madera-cuchillos-tenedores-servilletas-cucharas\/#breadcrumb\"},\"inLanguage\":\"es\",\"potentialAction\":[{\"@type\":\"ReadAction\",\"target\":[\"https:\/\/www.csj-emballages.com\/es\/produit\/250-cubiertos-de-madera-cuchillos-tenedores-servilletas-cucharas\/\"]}]},{\"@type\":\"ImageObject\",\"inLanguage\":\"es\",\"@id\":\"https:\/\/www.csj-emballages.com\/es\/produit\/250-cubiertos-de-madera-cuchillos-tenedores-servilletas-cucharas\/#primaryimage\",\"url\":\"https:\/\/www.csj-emballages.com\/wp-content\/uploads\/2024\/03\/KIT41BOIS.webp\",\"contentUrl\":\"https:\/\/www.csj-emballages.com\/wp-content\/uploads\/2024\/03\/KIT41BOIS.webp\",\"width\":800,\"height\":800,\"caption\":\"Kit couverts bois\"},{\"@type\":\"BreadcrumbList\",\"@id\":\"https:\/\/www.csj-emballages.com\/es\/produit\/250-cubiertos-de-madera-cuchillos-tenedores-servilletas-cucharas\/#breadcrumb\",\"itemListElement\":[{\"@type\":\"ListItem\",\"position\":1,\"name\":\"Accueil\",\"item\":\"https:\/\/www.csj-emballages.com\/es\/universo-del-envasado-alimentario\/\"},{\"@type\":\"ListItem\",\"position\":2,\"name\":\"Tienda\",\"item\":\"https:\/\/www.csj-emballages.com\/tienda\/\"},{\"@type\":\"ListItem\",\"position\":3,\"name\":\"Cuberter\u00eda de madera cuchillos + tenedores + servilletas + cucharas 250 uds.\"}]},{\"@type\":\"WebSite\",\"@id\":\"https:\/\/www.csj-emballages.com\/es\/#website\",\"url\":\"https:\/\/www.csj-emballages.com\/es\/\",\"name\":\"CSJ Emballages\",\"description\":\"\",\"publisher\":{\"@id\":\"https:\/\/www.csj-emballages.com\/es\/#organization\"},\"potentialAction\":[{\"@type\":\"SearchAction\",\"target\":{\"@type\":\"EntryPoint\",\"urlTemplate\":\"https:\/\/www.csj-emballages.com\/es\/?s={search_term_string}\"},\"query-input\":{\"@type\":\"PropertyValueSpecification\",\"valueRequired\":true,\"valueName\":\"search_term_string\"}}],\"inLanguage\":\"es\"},{\"@type\":\"Organization\",\"@id\":\"https:\/\/www.csj-emballages.com\/es\/#Organization\/\",\"name\":\"CSJ Emballages\",\"url\":\"https:\/\/www.csj-emballages.com\/es\/\",\"logo\":{\"@type\":\"ImageObject\",\"inLanguage\":\"es\",\"@id\":\"https:\/\/www.csj-emballages.com\/es\/#\/schema\/logo\/image\/\",\"url\":\"https:\/\/www.csj-emballages.com\/wp-content\/uploads\/2023\/10\/logo_csj.webp\",\"contentUrl\":\"https:\/\/www.csj-emballages.com\/wp-content\/uploads\/2023\/10\/logo_csj.webp\",\"width\":250,\"height\":95,\"caption\":\"CSJ Emballages\"},\"image\":{\"@id\":\"https:\/\/www.csj-emballages.com\/es\/#\/schema\/logo\/image\/\"},\"sameAs\":[\"https:\/\/www.facebook.com\/csjemballages\"],\"address\":{\"@type\":\"PostalAddress\",\"streetAddress\":\"ZI La Lechere\",\"addressLocality\":\"Patornay\",\"postalCode\":\"39130\",\"addressCountry\":\"FR\"},\"contactPoint\":[{\"@type\":\"ContactPoint\",\"contactType\":\"Service client\",\"telephone\":\"0384254272\",\"email\":\"contact@csj-emballages.com\"}]}]}<\/script>\n<!-- \/ Yoast SEO Premium plugin. -->","yoast_head_json":{"title":"Juego de cubiertos de madera - Tenedores \/ Cuchillos \/ Cucharas \/ Servilletas","description":"Descubra nuestra cuberter\u00eda de madera de 4 piezas: tenedores, cuchillos, cucharas y servilletas. Elija una caja de 250 cubiertos ecol\u00f3gicos de calidad.","robots":{"index":"index","follow":"follow","max-snippet":"max-snippet:-1","max-image-preview":"max-image-preview:large","max-video-preview":"max-video-preview:-1"},"canonical":"https:\/\/www.csj-emballages.com\/es\/produit\/250-cubiertos-de-madera-cuchillos-tenedores-servilletas-cucharas\/","og_locale":"es_ES","og_type":"article","og_title":"Cuberter\u00eda de madera cuchillos + tenedores + servilletas + cucharas 250 uds.","og_description":"Descubra nuestra cuberter\u00eda de madera de 4 piezas: tenedores, cuchillos, cucharas y servilletas. Elija una caja de 250 cubiertos ecol\u00f3gicos de calidad.","og_url":"https:\/\/www.csj-emballages.com\/es\/produit\/250-cubiertos-de-madera-cuchillos-tenedores-servilletas-cucharas\/","og_site_name":"CSJ Emballages","article_publisher":"https:\/\/www.facebook.com\/csjemballages","article_modified_time":"2026-04-28T00:16:11+00:00","og_image":[{"width":800,"height":800,"url":"https:\/\/www.csj-emballages.com\/wp-content\/uploads\/2024\/03\/KIT41BOIS.webp","type":"image\/webp"}],"twitter_card":"summary_large_image","twitter_misc":{"Tiempo de lectura":"2 minutos"},"schema":{"@context":"https:\/\/schema.org","@graph":[{"@type":"WebPage","@id":"https:\/\/www.csj-emballages.com\/es\/produit\/250-cubiertos-de-madera-cuchillos-tenedores-servilletas-cucharas\/","url":"https:\/\/www.csj-emballages.com\/es\/produit\/250-cubiertos-de-madera-cuchillos-tenedores-servilletas-cucharas\/","name":"Juego de cubiertos de madera - Tenedores \/ Cuchillos \/ Cucharas \/ Servilletas","isPartOf":{"@id":"https:\/\/www.csj-emballages.com\/es\/#website"},"primaryImageOfPage":{"@id":"https:\/\/www.csj-emballages.com\/es\/produit\/250-cubiertos-de-madera-cuchillos-tenedores-servilletas-cucharas\/#primaryimage"},"image":{"@id":"https:\/\/www.csj-emballages.com\/es\/produit\/250-cubiertos-de-madera-cuchillos-tenedores-servilletas-cucharas\/#primaryimage"},"thumbnailUrl":"https:\/\/www.csj-emballages.com\/wp-content\/uploads\/2024\/03\/KIT41BOIS.webp","datePublished":"2024-03-01T15:51:58+00:00","dateModified":"2026-04-28T00:16:11+00:00","description":"Descubra nuestra cuberter\u00eda de madera de 4 piezas: tenedores, cuchillos, cucharas y servilletas. Elija una caja de 250 cubiertos ecol\u00f3gicos de calidad.","breadcrumb":{"@id":"https:\/\/www.csj-emballages.com\/es\/produit\/250-cubiertos-de-madera-cuchillos-tenedores-servilletas-cucharas\/#breadcrumb"},"inLanguage":"es","potentialAction":[{"@type":"ReadAction","target":["https:\/\/www.csj-emballages.com\/es\/produit\/250-cubiertos-de-madera-cuchillos-tenedores-servilletas-cucharas\/"]}]},{"@type":"ImageObject","inLanguage":"es","@id":"https:\/\/www.csj-emballages.com\/es\/produit\/250-cubiertos-de-madera-cuchillos-tenedores-servilletas-cucharas\/#primaryimage","url":"https:\/\/www.csj-emballages.com\/wp-content\/uploads\/2024\/03\/KIT41BOIS.webp","contentUrl":"https:\/\/www.csj-emballages.com\/wp-content\/uploads\/2024\/03\/KIT41BOIS.webp","width":800,"height":800,"caption":"Kit couverts bois"},{"@type":"BreadcrumbList","@id":"https:\/\/www.csj-emballages.com\/es\/produit\/250-cubiertos-de-madera-cuchillos-tenedores-servilletas-cucharas\/#breadcrumb","itemListElement":[{"@type":"ListItem","position":1,"name":"Accueil","item":"https:\/\/www.csj-emballages.com\/es\/universo-del-envasado-alimentario\/"},{"@type":"ListItem","position":2,"name":"Tienda","item":"https:\/\/www.csj-emballages.com\/tienda\/"},{"@type":"ListItem","position":3,"name":"Cuberter\u00eda de madera cuchillos + tenedores + servilletas + cucharas 250 uds."}]},{"@type":"WebSite","@id":"https:\/\/www.csj-emballages.com\/es\/#website","url":"https:\/\/www.csj-emballages.com\/es\/","name":"CSJ Emballages","description":"","publisher":{"@id":"https:\/\/www.csj-emballages.com\/es\/#organization"},"potentialAction":[{"@type":"SearchAction","target":{"@type":"EntryPoint","urlTemplate":"https:\/\/www.csj-emballages.com\/es\/?s={search_term_string}"},"query-input":{"@type":"PropertyValueSpecification","valueRequired":true,"valueName":"search_term_string"}}],"inLanguage":"es"},{"@type":"Organization","@id":"https:\/\/www.csj-emballages.com\/es\/#Organization\/","name":"CSJ Emballages","url":"https:\/\/www.csj-emballages.com\/es\/","logo":{"@type":"ImageObject","inLanguage":"es","@id":"https:\/\/www.csj-emballages.com\/es\/#\/schema\/logo\/image\/","url":"https:\/\/www.csj-emballages.com\/wp-content\/uploads\/2023\/10\/logo_csj.webp","contentUrl":"https:\/\/www.csj-emballages.com\/wp-content\/uploads\/2023\/10\/logo_csj.webp","width":250,"height":95,"caption":"CSJ Emballages"},"image":{"@id":"https:\/\/www.csj-emballages.com\/es\/#\/schema\/logo\/image\/"},"sameAs":["https:\/\/www.facebook.com\/csjemballages"],"address":{"@type":"PostalAddress","streetAddress":"ZI La Lechere","addressLocality":"Patornay","postalCode":"39130","addressCountry":"FR"},"contactPoint":[{"@type":"ContactPoint","contactType":"Service client","telephone":"0384254272","email":"contact@csj-emballages.com"}]}]}},"df_price":23.52,"df_sale_price":"","df_regular_price":23.52,"df_image_link":"https:\/\/www.csj-emballages.com\/wp-content\/uploads\/2024\/03\/KIT41BOIS-300x300.webp","tiered_pricing_type":"fixed","tiered_pricing_fixed_rules":[],"tiered_pricing_percentage_rules":[],"tiered_pricing_minimum":1,"tiered_pricing_roles_data":[],"_links":{"self":[{"href":"https:\/\/www.csj-emballages.com\/es\/wp-json\/wp\/v2\/product\/21809","targetHints":{"allow":["GET"]}}],"collection":[{"href":"https:\/\/www.csj-emballages.com\/es\/wp-json\/wp\/v2\/product"}],"about":[{"href":"https:\/\/www.csj-emballages.com\/es\/wp-json\/wp\/v2\/types\/product"}],"wp:featuredmedia":[{"embeddable":true,"href":"https:\/\/www.csj-emballages.com\/es\/wp-json\/wp\/v2\/media\/256873"}],"wp:attachment":[{"href":"https:\/\/www.csj-emballages.com\/es\/wp-json\/wp\/v2\/media?parent=21809"}],"wp:term":[{"taxonomy":"product_brand","embeddable":true,"href":"https:\/\/www.csj-emballages.com\/es\/wp-json\/wp\/v2\/product_brand?post=21809"},{"taxonomy":"product_cat","embeddable":true,"href":"https:\/\/www.csj-emballages.com\/es\/wp-json\/wp\/v2\/product_cat?post=21809"},{"taxonomy":"product_tag","embeddable":true,"href":"https:\/\/www.csj-emballages.com\/es\/wp-json\/wp\/v2\/product_tag?post=21809"}],"curies":[{"name":"wp","href":"https:\/\/api.w.org\/{rel}","templated":true}]}}