{"id":21790,"date":"2024-03-01T16:52:02","date_gmt":"2024-03-01T15:52:02","guid":{"rendered":"https:\/\/u15jnbdpoq.preview.infomaniak.website\/produit\/250-bolsas-de-la-compra-krafts-marrones-con-asas-planas-26-x-20-x-28-cm\/"},"modified":"2026-04-13T02:12:09","modified_gmt":"2026-04-13T00:12:09","slug":"250-bolsas-de-la-compra-krafts-marrones-con-asas-planas-26-x-20-x-28-cm","status":"publish","type":"product","link":"https:\/\/www.csj-emballages.com\/es\/produit\/250-bolsas-de-la-compra-krafts-marrones-con-asas-planas-26-x-20-x-28-cm\/","title":{"rendered":"Bolsa de papel marr\u00f3n con asas planas 26 x 20 x 28 cm por 250"},"content":{"rendered":"<h2 class=\"p1\">Bolsa de papel<\/h2>\n<hr>\n<h3>Descripci\u00f3n de nuestra bolsa de la compra de papel marr\u00f3n con asas planas 26 x 20 x 28 cm por 250<\/h3>\n<p><!--more--><\/p>\n<p data-start=\"343\" data-end=\"743\">Descubra nuestra <strong data-start=\"356\" data-end=\"415\">bolsa de la compra de papel marr\u00f3n con asas planas, de 26 x 20 x 28 cm<\/strong>, imprescindible para profesionales de la restauraci\u00f3n, tiendas de conveniencia y artesanos. Fabricada en <strong data-start=\"599\" data-end=\"621\">papel kraft<\/strong>, esta <strong>bolsa<\/strong> es <strong data-start=\"636\" data-end=\"650\">resistente<\/strong>, al tiempo que afirma su compromiso con un enfoque <strong data-start=\"723\" data-end=\"742\">ecorresponsable<\/strong>.<\/p>\n<p data-start=\"745\" data-end=\"1159\">Gracias a sus <strong data-start=\"757\" data-end=\"787\">asas planas<\/strong>, resulta c\u00f3moda y segura de sujetar, incluso cuando la bolsa est\u00e1 llena. Su <strong data-start=\"882\" data-end=\"903\">gran capacidad<\/strong> permite introducir f\u00e1cilmente <strong data-start=\"936\" data-end=\"952\">cajas de comida<\/strong>, <strong data-start=\"958\" data-end=\"972\">bandejas<\/strong> o incluso <strong data-start=\"988\" data-end=\"1011\">objetos voluminosos<\/strong>, sin riesgo de que se rompan. Es la bolsa ideal para <strong data-start=\"1066\" data-end=\"1099\">llevar comida para llevar<\/strong>, <strong data-start=\"1104\" data-end=\"1131\">productos de panader\u00eda<\/strong> y mucho m\u00e1s.<\/p>\n<p data-start=\"1161\" data-end=\"1472\">Su <strong data-start=\"1165\" data-end=\"1189\">color marr\u00f3n natural<\/strong> aporta un toque c\u00e1lido y aut\u00e9ntico, perfecto para los comercios que desean promover una imagen artesanal y respetuosa con el medio ambiente. Adem\u00e1s, esta <strong>bolsa de papel<\/strong> es <strong data-start=\"1363\" data-end=\"1383\">100% reciclable<\/strong> y biodegradable, lo que la convierte en una soluci\u00f3n de envasado pr\u00e1ctica y sostenible.<\/p>\n<p data-start=\"1474\" data-end=\"1683\">Adem\u00e1s, al suministrarse en <strong data-start=\"1484\" data-end=\"1508\">cajas de 250<\/strong> unidades, garantiza una excelente <strong data-start=\"1535\" data-end=\"1559\">relaci\u00f3n calidad-precio<\/strong> y <strong data-start=\"1567\" data-end=\"1600\">practicidad en el uso diario<\/strong>. F\u00e1cil de guardar y r\u00e1pida de desplegar, puede utilizarse para todo tipo de fines profesionales.<\/p>\n<p data-start=\"1685\" data-end=\"1924\">En resumen, la <strong data-start=\"1698\" data-end=\"1722\">bolsa de papel kraft marr\u00f3n<\/strong> es mucho m\u00e1s que un simple envase: es un <strong data-start=\"1771\" data-end=\"1787\">aliado fiable<\/strong> para sus ventas de comida para llevar y un envase respetuoso con el medio ambiente.<\/p>\n<p data-start=\"1685\" data-end=\"1924\">\n<p data-start=\"1378\" data-end=\"1605\"><!--more--><\/p>\n<h4 data-start=\"1378\" data-end=\"1605\">Ventajas :<\/h4>\n<ul>\n<li data-start=\"2179\" data-end=\"2226\"><strong data-start=\"2179\" data-end=\"2192\">Resistente<\/strong> gracias a su grueso papel kraft.<\/li>\n<li data-start=\"2229\" data-end=\"2286\"><strong data-start=\"2229\" data-end=\"2256\">Asas fuertes y planas<\/strong> para un transporte seguro.<\/li>\n<li data-start=\"2289\" data-end=\"2362\"><strong data-start=\"2289\" data-end=\"2310\">Gran capacidad<\/strong> para platos, cajas y productos voluminosos.<\/li>\n<li data-start=\"2365\" data-end=\"2412\"><strong data-start=\"2365\" data-end=\"2379\">Ecol\u00f3gica<\/strong>: esta bolsa de papel es reciclable y biodegradable.<\/li>\n<li data-start=\"2415\" data-end=\"2472\"><strong data-start=\"2415\" data-end=\"2439\">Est\u00e9tica natural<\/strong> para una presentaci\u00f3n atractiva.<\/li>\n<li data-start=\"2475\" data-end=\"2541\"><strong data-start=\"2475\" data-end=\"2499\">Se suministra en paquetes de 250 unidades<\/strong>: econ\u00f3mico y pr\u00e1ctico para los profesionales.<\/li>\n<\/ul>\n<p>&nbsp;<\/p>\n<p><!--more--><\/p>\n<h4>Informaci\u00f3n adicional :<\/h4>\n<ul>\n<li><strong>Embalaje<\/strong>: Caja de 250<\/li>\n<li><strong>Dimensiones<\/strong>: 26 x 20 x 28 (L x A x A en cm)<\/li>\n<li><strong>Material<\/strong>: Papel<\/li>\n<li><strong>Capacidad<\/strong>: 14 L<\/li>\n<li><strong>Gramaje<\/strong>: 80 g\/m\u00b2.<\/li>\n<li><strong>Color<\/strong>: Kraft<\/li>\n<\/ul>\n<p>&nbsp;<\/p>\n<p><!--more--><\/p>\n<p>Esta bolsa de la compra de papel est\u00e1 disponible en diferentes tama\u00f1os: <span style=\"color: #d12727;\"><a style=\"color: #d12727;\" href=\"https:\/\/www.csj-emballages.com\/es\/produit\/250-bolsas-de-la-compra-krafts-marrones-con-asas-planas-18-x-8-x-22-cm\/\">18 x 8 x 22 cm<\/a> <\/span>\/ <span style=\"color: #d12727;\"><a style=\"color: #d12727;\" href=\"https:\/\/www.csj-emballages.com\/es\/produit\/250-bolsas-de-la-compra-krafts-marrones-con-asas-planas-22-x-10-x-29-cm\/\">22 x 10 x 29 cm<\/a><\/span> \/ <span style=\"color: #d12727;\"><a style=\"color: #d12727;\" href=\"https:\/\/www.csj-emballages.com\/es\/produit\/250-bolsas-de-la-compra-krafts-marrones-con-asas-planas-26-x-14-x-30-cm\/\">26 x 14 x 30 cm<\/a><\/span> \/ <span style=\"color: #d12727;\"><a style=\"color: #d12727;\" href=\"https:\/\/www.csj-emballages.com\/es\/produit\/250-bolsas-kraft-con-asas-planas-32-x-21-x-26-cm\/\">32 x 22 x 24 cm<\/a> <\/span>\/ <span style=\"color: #d12727;\"><a style=\"color: #d12727;\" href=\"https:\/\/www.csj-emballages.com\/es\/produit\/250-bolsas-de-la-compra-krafts-marrones-con-asas-planas-32-x-17-x-38-cm\/\">32 x 16 x 35 cm<\/a> <\/span>\/ <span style=\"color: #d12727;\"><a style=\"color: #d12727;\" href=\"https:\/\/www.csj-emballages.com\/es\/produit\/bolsa-de-papel-marron-con-asas-planas-32-x-14-x-44-cm-por-250\/\">32 x 14 x 44 cm<\/a><\/span> \/ <span style=\"color: #d12727;\"><a style=\"color: #d12727;\" href=\"https:\/\/www.csj-emballages.com\/es\/produit\/bolsa-de-papel-marron-con-asas-planas-32-x-21-x-37-cm-250\/\">32 x 21 x 37 cm<\/a><\/span><\/p>\n<p>&nbsp;<\/p>\n<p><!--more--><\/p>\n<p><a href=\"https:\/\/www.csj-emballages.com\/es\/categorie-produit\/envasado-de-alimentos\/tienda-y-almacen\/bolsas-sobres\/bolsos-bandolera-artesania\/bolsas-de-la-compra-krafts\/\">Ver el resto de nuestra gama de bolsas kraft<\/a><\/p>\n","protected":false},"excerpt":{"rendered":"<p>Bolsa de papel Descripci\u00f3n de nuestra bolsa de la compra de papel marr\u00f3n con asas planas 26 x 20 x 28 cm por 250<\/p>\n","protected":false},"featured_media":205875,"template":"","meta":{"_acf_changed":false},"product_brand":[],"product_cat":[1150,1179,3880,2804,9199,1488,1881,2803],"product_tag":[],"class_list":{"0":"post-21790","1":"product","2":"type-product","3":"status-publish","4":"has-post-thumbnail","6":"product_cat-envasado-de-alimentos","7":"product_cat-catering-es","8":"product_cat-bolsas-y-papel","9":"product_cat-bolsos-bandolera-artesania-es","10":"product_cat-bolsas-kraft","11":"product_cat-tienda-y-almacen","12":"product_cat-bolsos-bandolera-artesania","13":"product_cat-bolsas-de-la-compra-krafts","15":"first","16":"instock","17":"taxable","18":"shipping-taxable","19":"purchasable","20":"product-type-simple"},"acf":[],"yoast_head":"<!-- This site is optimized with the Yoast SEO Premium plugin v26.6 (Yoast SEO v26.6) - https:\/\/yoast.com\/wordpress\/plugins\/seo\/ -->\n<title>Sac-cabas-papier-brun-a-poignees-plates-26-x-20-x-28-cm-par-250<\/title>\n<meta name=\"description\" content=\"Bolsa de papel marr\u00f3n de 26 x 20 x 28 cm con asas planas, duradera y reciclable. Paquete de 250 unidades, ideal para tiendas y comercios ecorresponsables\" \/>\n<meta name=\"robots\" content=\"index, follow, max-snippet:-1, max-image-preview:large, max-video-preview:-1\" \/>\n<link rel=\"canonical\" href=\"https:\/\/www.csj-emballages.com\/es\/produit\/250-bolsas-de-la-compra-krafts-marrones-con-asas-planas-26-x-20-x-28-cm\/\" \/>\n<meta property=\"og:locale\" content=\"es_ES\" \/>\n<meta property=\"og:type\" content=\"article\" \/>\n<meta property=\"og:title\" content=\"Bolsa de papel marr\u00f3n con asas planas 26 x 20 x 28 cm por 250\" \/>\n<meta property=\"og:description\" content=\"Bolsa de papel marr\u00f3n de 26 x 20 x 28 cm con asas planas, duradera y reciclable. Paquete de 250 unidades, ideal para tiendas y comercios ecorresponsables\" \/>\n<meta property=\"og:url\" content=\"https:\/\/www.csj-emballages.com\/es\/produit\/250-bolsas-de-la-compra-krafts-marrones-con-asas-planas-26-x-20-x-28-cm\/\" \/>\n<meta property=\"og:site_name\" content=\"CSJ Emballages\" \/>\n<meta property=\"article:publisher\" content=\"https:\/\/www.facebook.com\/csjemballages\" \/>\n<meta property=\"article:modified_time\" content=\"2026-04-13T00:12:09+00:00\" \/>\n<meta property=\"og:image\" content=\"https:\/\/www.csj-emballages.com\/wp-content\/uploads\/2024\/03\/KB262028.webp\" \/>\n\t<meta property=\"og:image:width\" content=\"800\" \/>\n\t<meta property=\"og:image:height\" content=\"800\" \/>\n\t<meta property=\"og:image:type\" content=\"image\/webp\" \/>\n<meta name=\"twitter:card\" content=\"summary_large_image\" \/>\n<meta name=\"twitter:label1\" content=\"Tiempo de lectura\" \/>\n\t<meta name=\"twitter:data1\" content=\"2 minutos\" \/>\n<script type=\"application\/ld+json\" class=\"yoast-schema-graph\">{\"@context\":\"https:\/\/schema.org\",\"@graph\":[{\"@type\":\"WebPage\",\"@id\":\"https:\/\/www.csj-emballages.com\/es\/produit\/250-bolsas-de-la-compra-krafts-marrones-con-asas-planas-26-x-20-x-28-cm\/\",\"url\":\"https:\/\/www.csj-emballages.com\/es\/produit\/250-bolsas-de-la-compra-krafts-marrones-con-asas-planas-26-x-20-x-28-cm\/\",\"name\":\"Sac-cabas-papier-brun-a-poignees-plates-26-x-20-x-28-cm-par-250\",\"isPartOf\":{\"@id\":\"https:\/\/www.csj-emballages.com\/es\/#website\"},\"primaryImageOfPage\":{\"@id\":\"https:\/\/www.csj-emballages.com\/es\/produit\/250-bolsas-de-la-compra-krafts-marrones-con-asas-planas-26-x-20-x-28-cm\/#primaryimage\"},\"image\":{\"@id\":\"https:\/\/www.csj-emballages.com\/es\/produit\/250-bolsas-de-la-compra-krafts-marrones-con-asas-planas-26-x-20-x-28-cm\/#primaryimage\"},\"thumbnailUrl\":\"https:\/\/www.csj-emballages.com\/wp-content\/uploads\/2024\/03\/KB262028.webp\",\"datePublished\":\"2024-03-01T15:52:02+00:00\",\"dateModified\":\"2026-04-13T00:12:09+00:00\",\"description\":\"Bolsa de papel marr\u00f3n de 26 x 20 x 28 cm con asas planas, duradera y reciclable. Paquete de 250 unidades, ideal para tiendas y comercios ecorresponsables\",\"breadcrumb\":{\"@id\":\"https:\/\/www.csj-emballages.com\/es\/produit\/250-bolsas-de-la-compra-krafts-marrones-con-asas-planas-26-x-20-x-28-cm\/#breadcrumb\"},\"inLanguage\":\"es\",\"potentialAction\":[{\"@type\":\"ReadAction\",\"target\":[\"https:\/\/www.csj-emballages.com\/es\/produit\/250-bolsas-de-la-compra-krafts-marrones-con-asas-planas-26-x-20-x-28-cm\/\"]}]},{\"@type\":\"ImageObject\",\"inLanguage\":\"es\",\"@id\":\"https:\/\/www.csj-emballages.com\/es\/produit\/250-bolsas-de-la-compra-krafts-marrones-con-asas-planas-26-x-20-x-28-cm\/#primaryimage\",\"url\":\"https:\/\/www.csj-emballages.com\/wp-content\/uploads\/2024\/03\/KB262028.webp\",\"contentUrl\":\"https:\/\/www.csj-emballages.com\/wp-content\/uploads\/2024\/03\/KB262028.webp\",\"width\":800,\"height\":800,\"caption\":\"sac cabas papier\"},{\"@type\":\"BreadcrumbList\",\"@id\":\"https:\/\/www.csj-emballages.com\/es\/produit\/250-bolsas-de-la-compra-krafts-marrones-con-asas-planas-26-x-20-x-28-cm\/#breadcrumb\",\"itemListElement\":[{\"@type\":\"ListItem\",\"position\":1,\"name\":\"Accueil\",\"item\":\"https:\/\/www.csj-emballages.com\/es\/universo-del-envasado-alimentario\/\"},{\"@type\":\"ListItem\",\"position\":2,\"name\":\"Tienda\",\"item\":\"https:\/\/www.csj-emballages.com\/tienda\/\"},{\"@type\":\"ListItem\",\"position\":3,\"name\":\"Bolsa de papel marr\u00f3n con asas planas 26 x 20 x 28 cm por 250\"}]},{\"@type\":\"WebSite\",\"@id\":\"https:\/\/www.csj-emballages.com\/es\/#website\",\"url\":\"https:\/\/www.csj-emballages.com\/es\/\",\"name\":\"CSJ Emballages\",\"description\":\"\",\"publisher\":{\"@id\":\"https:\/\/www.csj-emballages.com\/es\/#organization\"},\"potentialAction\":[{\"@type\":\"SearchAction\",\"target\":{\"@type\":\"EntryPoint\",\"urlTemplate\":\"https:\/\/www.csj-emballages.com\/es\/?s={search_term_string}\"},\"query-input\":{\"@type\":\"PropertyValueSpecification\",\"valueRequired\":true,\"valueName\":\"search_term_string\"}}],\"inLanguage\":\"es\"},{\"@type\":\"Organization\",\"@id\":\"https:\/\/www.csj-emballages.com\/es\/#Organization\/\",\"name\":\"CSJ Emballages\",\"url\":\"https:\/\/www.csj-emballages.com\/es\/\",\"logo\":{\"@type\":\"ImageObject\",\"inLanguage\":\"es\",\"@id\":\"https:\/\/www.csj-emballages.com\/es\/#\/schema\/logo\/image\/\",\"url\":\"https:\/\/www.csj-emballages.com\/wp-content\/uploads\/2023\/10\/logo_csj.webp\",\"contentUrl\":\"https:\/\/www.csj-emballages.com\/wp-content\/uploads\/2023\/10\/logo_csj.webp\",\"width\":250,\"height\":95,\"caption\":\"CSJ Emballages\"},\"image\":{\"@id\":\"https:\/\/www.csj-emballages.com\/es\/#\/schema\/logo\/image\/\"},\"sameAs\":[\"https:\/\/www.facebook.com\/csjemballages\"],\"address\":{\"@type\":\"PostalAddress\",\"streetAddress\":\"ZI La Lechere\",\"addressLocality\":\"Patornay\",\"postalCode\":\"39130\",\"addressCountry\":\"FR\"},\"contactPoint\":[{\"@type\":\"ContactPoint\",\"contactType\":\"Service client\",\"telephone\":\"0384254272\",\"email\":\"contact@csj-emballages.com\"}]}]}<\/script>\n<!-- \/ Yoast SEO Premium plugin. -->","yoast_head_json":{"title":"Sac-cabas-papier-brun-a-poignees-plates-26-x-20-x-28-cm-par-250","description":"Bolsa de papel marr\u00f3n de 26 x 20 x 28 cm con asas planas, duradera y reciclable. Paquete de 250 unidades, ideal para tiendas y comercios ecorresponsables","robots":{"index":"index","follow":"follow","max-snippet":"max-snippet:-1","max-image-preview":"max-image-preview:large","max-video-preview":"max-video-preview:-1"},"canonical":"https:\/\/www.csj-emballages.com\/es\/produit\/250-bolsas-de-la-compra-krafts-marrones-con-asas-planas-26-x-20-x-28-cm\/","og_locale":"es_ES","og_type":"article","og_title":"Bolsa de papel marr\u00f3n con asas planas 26 x 20 x 28 cm por 250","og_description":"Bolsa de papel marr\u00f3n de 26 x 20 x 28 cm con asas planas, duradera y reciclable. Paquete de 250 unidades, ideal para tiendas y comercios ecorresponsables","og_url":"https:\/\/www.csj-emballages.com\/es\/produit\/250-bolsas-de-la-compra-krafts-marrones-con-asas-planas-26-x-20-x-28-cm\/","og_site_name":"CSJ Emballages","article_publisher":"https:\/\/www.facebook.com\/csjemballages","article_modified_time":"2026-04-13T00:12:09+00:00","og_image":[{"width":800,"height":800,"url":"https:\/\/www.csj-emballages.com\/wp-content\/uploads\/2024\/03\/KB262028.webp","type":"image\/webp"}],"twitter_card":"summary_large_image","twitter_misc":{"Tiempo de lectura":"2 minutos"},"schema":{"@context":"https:\/\/schema.org","@graph":[{"@type":"WebPage","@id":"https:\/\/www.csj-emballages.com\/es\/produit\/250-bolsas-de-la-compra-krafts-marrones-con-asas-planas-26-x-20-x-28-cm\/","url":"https:\/\/www.csj-emballages.com\/es\/produit\/250-bolsas-de-la-compra-krafts-marrones-con-asas-planas-26-x-20-x-28-cm\/","name":"Sac-cabas-papier-brun-a-poignees-plates-26-x-20-x-28-cm-par-250","isPartOf":{"@id":"https:\/\/www.csj-emballages.com\/es\/#website"},"primaryImageOfPage":{"@id":"https:\/\/www.csj-emballages.com\/es\/produit\/250-bolsas-de-la-compra-krafts-marrones-con-asas-planas-26-x-20-x-28-cm\/#primaryimage"},"image":{"@id":"https:\/\/www.csj-emballages.com\/es\/produit\/250-bolsas-de-la-compra-krafts-marrones-con-asas-planas-26-x-20-x-28-cm\/#primaryimage"},"thumbnailUrl":"https:\/\/www.csj-emballages.com\/wp-content\/uploads\/2024\/03\/KB262028.webp","datePublished":"2024-03-01T15:52:02+00:00","dateModified":"2026-04-13T00:12:09+00:00","description":"Bolsa de papel marr\u00f3n de 26 x 20 x 28 cm con asas planas, duradera y reciclable. Paquete de 250 unidades, ideal para tiendas y comercios ecorresponsables","breadcrumb":{"@id":"https:\/\/www.csj-emballages.com\/es\/produit\/250-bolsas-de-la-compra-krafts-marrones-con-asas-planas-26-x-20-x-28-cm\/#breadcrumb"},"inLanguage":"es","potentialAction":[{"@type":"ReadAction","target":["https:\/\/www.csj-emballages.com\/es\/produit\/250-bolsas-de-la-compra-krafts-marrones-con-asas-planas-26-x-20-x-28-cm\/"]}]},{"@type":"ImageObject","inLanguage":"es","@id":"https:\/\/www.csj-emballages.com\/es\/produit\/250-bolsas-de-la-compra-krafts-marrones-con-asas-planas-26-x-20-x-28-cm\/#primaryimage","url":"https:\/\/www.csj-emballages.com\/wp-content\/uploads\/2024\/03\/KB262028.webp","contentUrl":"https:\/\/www.csj-emballages.com\/wp-content\/uploads\/2024\/03\/KB262028.webp","width":800,"height":800,"caption":"sac cabas papier"},{"@type":"BreadcrumbList","@id":"https:\/\/www.csj-emballages.com\/es\/produit\/250-bolsas-de-la-compra-krafts-marrones-con-asas-planas-26-x-20-x-28-cm\/#breadcrumb","itemListElement":[{"@type":"ListItem","position":1,"name":"Accueil","item":"https:\/\/www.csj-emballages.com\/es\/universo-del-envasado-alimentario\/"},{"@type":"ListItem","position":2,"name":"Tienda","item":"https:\/\/www.csj-emballages.com\/tienda\/"},{"@type":"ListItem","position":3,"name":"Bolsa de papel marr\u00f3n con asas planas 26 x 20 x 28 cm por 250"}]},{"@type":"WebSite","@id":"https:\/\/www.csj-emballages.com\/es\/#website","url":"https:\/\/www.csj-emballages.com\/es\/","name":"CSJ Emballages","description":"","publisher":{"@id":"https:\/\/www.csj-emballages.com\/es\/#organization"},"potentialAction":[{"@type":"SearchAction","target":{"@type":"EntryPoint","urlTemplate":"https:\/\/www.csj-emballages.com\/es\/?s={search_term_string}"},"query-input":{"@type":"PropertyValueSpecification","valueRequired":true,"valueName":"search_term_string"}}],"inLanguage":"es"},{"@type":"Organization","@id":"https:\/\/www.csj-emballages.com\/es\/#Organization\/","name":"CSJ Emballages","url":"https:\/\/www.csj-emballages.com\/es\/","logo":{"@type":"ImageObject","inLanguage":"es","@id":"https:\/\/www.csj-emballages.com\/es\/#\/schema\/logo\/image\/","url":"https:\/\/www.csj-emballages.com\/wp-content\/uploads\/2023\/10\/logo_csj.webp","contentUrl":"https:\/\/www.csj-emballages.com\/wp-content\/uploads\/2023\/10\/logo_csj.webp","width":250,"height":95,"caption":"CSJ Emballages"},"image":{"@id":"https:\/\/www.csj-emballages.com\/es\/#\/schema\/logo\/image\/"},"sameAs":["https:\/\/www.facebook.com\/csjemballages"],"address":{"@type":"PostalAddress","streetAddress":"ZI La Lechere","addressLocality":"Patornay","postalCode":"39130","addressCountry":"FR"},"contactPoint":[{"@type":"ContactPoint","contactType":"Service client","telephone":"0384254272","email":"contact@csj-emballages.com"}]}]}},"df_price":36.62,"df_sale_price":"","df_regular_price":36.62,"df_image_link":"https:\/\/www.csj-emballages.com\/wp-content\/uploads\/2024\/03\/KB262028-300x300.webp","tiered_pricing_type":"fixed","tiered_pricing_fixed_rules":[],"tiered_pricing_percentage_rules":[],"tiered_pricing_minimum":1,"tiered_pricing_roles_data":[],"_links":{"self":[{"href":"https:\/\/www.csj-emballages.com\/es\/wp-json\/wp\/v2\/product\/21790","targetHints":{"allow":["GET"]}}],"collection":[{"href":"https:\/\/www.csj-emballages.com\/es\/wp-json\/wp\/v2\/product"}],"about":[{"href":"https:\/\/www.csj-emballages.com\/es\/wp-json\/wp\/v2\/types\/product"}],"wp:featuredmedia":[{"embeddable":true,"href":"https:\/\/www.csj-emballages.com\/es\/wp-json\/wp\/v2\/media\/205875"}],"wp:attachment":[{"href":"https:\/\/www.csj-emballages.com\/es\/wp-json\/wp\/v2\/media?parent=21790"}],"wp:term":[{"taxonomy":"product_brand","embeddable":true,"href":"https:\/\/www.csj-emballages.com\/es\/wp-json\/wp\/v2\/product_brand?post=21790"},{"taxonomy":"product_cat","embeddable":true,"href":"https:\/\/www.csj-emballages.com\/es\/wp-json\/wp\/v2\/product_cat?post=21790"},{"taxonomy":"product_tag","embeddable":true,"href":"https:\/\/www.csj-emballages.com\/es\/wp-json\/wp\/v2\/product_tag?post=21790"}],"curies":[{"name":"wp","href":"https:\/\/api.w.org\/{rel}","templated":true}]}}