{"id":21774,"date":"2024-03-01T16:52:00","date_gmt":"2024-03-01T15:52:00","guid":{"rendered":"https:\/\/u15jnbdpoq.preview.infomaniak.website\/produit\/250-bolsas-de-la-compra-kraft-con-asas-retorcidas-20-x-10-x-29-cm\/"},"modified":"2026-04-03T02:17:24","modified_gmt":"2026-04-03T00:17:24","slug":"250-bolsas-de-la-compra-kraft-con-asas-retorcidas-20-x-10-x-29-cm","status":"publish","type":"product","link":"https:\/\/www.csj-emballages.com\/es\/produit\/250-bolsas-de-la-compra-kraft-con-asas-retorcidas-20-x-10-x-29-cm\/","title":{"rendered":"Bolsa de cart\u00f3n kraft con asas retorcidas 20 x 10 x 29 cm, paquete de 250"},"content":{"rendered":"<h2>Bolsa de cart\u00f3n kraft<\/h2>\n<hr>\n<h3><span style=\"box-sizing: inherit;\">  Descripci\u00f3n de nuestra bolsa de cart\u00f3n kraft con asas retorcidas 20 x 10 x 29 cm por 250<\/span><\/h3>\n<p><!--more--><\/p>\n<div style=\"box-sizing: inherit; font-family: Roboto, sans-serif;\">\n<div style=\"box-sizing: inherit; font-family: Roboto, sans-serif;\">\n<div style=\"box-sizing: inherit; font-family: Roboto, sans-serif;\">\n<div style=\"box-sizing: inherit; font-family: Roboto, sans-serif;\">\n<div style=\"box-sizing: inherit; font-family: Roboto, sans-serif;\">\n<p data-start=\"295\" data-end=\"697\">Sencilla, eficaz y siempre \u00fatil, esta <strong>bolsa de cart\u00f3n kraft<\/strong> con <strong>asas retorcidas<\/strong> es un verdadero imprescindible para los profesionales. Con su formato de <strong data-start=\"443\" data-end=\"462\">20 x 10 x 29 cm<\/strong>, se adapta f\u00e1cilmente a muchos usos: venta para llevar, tienda, evento, comercio alimentario o no alimentario. Permite transportar los productos con total seguridad, manteniendo una presentaci\u00f3n limpia y cuidada.  <\/p>\n<p data-start=\"699\" data-end=\"1076\">Su <strong>color kraft<\/strong> aporta un toque sobrio y natural. Es ideal tanto para los comercios que prefieren lo esencial como para aquellos que desean personalizar sus embalajes. Un <strong>logotipo<\/strong>, un <strong>sello<\/strong> o una <strong>pegatina<\/strong> son suficientes para transformar esta bolsa en un verdadero soporte de comunicaci\u00f3n. As\u00ed, cada cliente se va con un embalaje pr\u00e1ctico\u2026 y su imagen en las manos.   <\/p>\n<p data-start=\"1078\" data-end=\"1417\">Las <strong>asas retorcidas<\/strong> ofrecen un buen agarre y soportan f\u00e1cilmente el peso del contenido. Se puede llevar c\u00f3modamente, sin temor, incluso cuando la bolsa est\u00e1 bien llena. Asimismo, el cart\u00f3n r\u00edgido asegura una buena sujeci\u00f3n: la bolsa permanece estable, no se deforma f\u00e1cilmente y protege eficazmente los productos del interior.  <\/p>\n<p data-start=\"1419\" data-end=\"1639\">Se vende <strong data-start=\"1425\" data-end=\"1443\">en lote de 250<\/strong>, esta <strong>bolsa kraft de cart\u00f3n<\/strong> es ideal para gestionar el flujo diario sin preocuparse por la reposici\u00f3n. Es perfecta para los comercios con alta rotaci\u00f3n que buscan una soluci\u00f3n fiable, econ\u00f3mica y polivalente. <\/p>\n<p data-start=\"1641\" data-end=\"1800\">En resumen, esta <strong>bolsa de cart\u00f3n kraft<\/strong> es una apuesta segura. Cumple su funci\u00f3n, tiene buena presentaci\u00f3n y se adapta a todas las situaciones del d\u00eda a d\u00eda, sin lujos innecesarios. <\/p>\n<\/div>\n<p data-start=\"1641\" data-end=\"1800\"><!--more--><\/p>\n<\/div>\n<h4 data-start=\"1641\" data-end=\"1800\">Ventajas :<\/h4>\n<ul>\n<li data-start=\"1828\" data-end=\"1859\">Formato pr\u00e1ctico y polivalente.<\/li>\n<li data-start=\"1862\" data-end=\"1899\"><strong>Dise\u00f1o kraft<\/strong> sobrio y natural.<\/li>\n<li data-start=\"1902\" data-end=\"1946\">Asas retorcidas s\u00f3lidas y c\u00f3modas.<\/li>\n<li data-start=\"1949\" data-end=\"1985\">Buena sujeci\u00f3n gracias al cart\u00f3n r\u00edgido.<\/li>\n<li data-start=\"1988\" data-end=\"2029\">Lote de <strong>250<\/strong> ideal para un uso intensivo.<\/li>\n<\/ul>\n<div style=\"box-sizing: inherit; font-family: Roboto, sans-serif;\">\n<div style=\"box-sizing: inherit; font-family: Roboto, sans-serif;\">\n<div style=\"box-sizing: inherit; font-family: Roboto, sans-serif;\">\n<div style=\"box-sizing: inherit; font-family: Roboto, sans-serif;\">\n<div style=\"box-sizing: inherit; font-family: Roboto, sans-serif;\">\n<div style=\"box-sizing: inherit; font-family: Roboto, sans-serif;\">\n<div style=\"box-sizing: inherit; font-family: Roboto, sans-serif;\">\n<div style=\"box-sizing: inherit; font-family: Roboto, sans-serif;\">\n<div style=\"box-sizing: inherit; font-family: Roboto, sans-serif;\">\n<p>&nbsp;<\/p>\n<h3 style=\"font-family: Roboto, sans-serif; box-sizing: inherit;\"><!--more--><\/h3>\n<h4>Informaci\u00f3n adicional :<\/h4>\n<div style=\"box-sizing: inherit; font-family: Roboto, sans-serif;\">\n<div style=\"box-sizing: inherit; font-family: Roboto, sans-serif;\">\n<ul style=\"box-sizing: inherit; font-family: Roboto, sans-serif;\">\n<li style=\"box-sizing: inherit;\"><strong>Dimensiones<\/strong><span style=\"box-sizing: inherit;\"> 200 x 100 x 290 (L x A x A en mm)<\/span><\/li>\n<li style=\"box-sizing: inherit;\"><strong>Embalaje<\/strong><span style=\"box-sizing: inherit;\"> Caja de 250 bolsas<\/span><\/li>\n<li><strong>Gramaje<\/strong>: 80 g \/ m\u00b2<\/li>\n<li style=\"box-sizing: inherit;\"><strong>Material<\/strong><span style=\"box-sizing: inherit;\"> Papel Kraft<\/span><\/li>\n<li style=\"box-sizing: inherit;\"><strong>Color<\/strong><span style=\"box-sizing: inherit;\"> Kraft<\/span><\/li>\n<\/ul>\n<\/div>\n<\/div>\n<p>&nbsp;<\/p>\n<\/div>\n<\/div>\n<\/div>\n<\/div>\n<\/div>\n<\/div>\n<\/div>\n<\/div>\n<\/div>\n<\/div>\n<\/div>\n<\/div>\n<p><!--more--><\/p>\n<p>Este producto est\u00e1 disponible en varios colores: <span style=\"color: #d12727;\"><a style=\"color: #d12727;\" href=\"https:\/\/www.csj-emballages.com\/produit\/250-sacs-cabas-kraft-noirs-a-poignees-torsadees-20-x-10-x-29-cm\/\">Negro<\/a><\/span> \/ <span style=\"color: #d12727;\"><a style=\"color: #d12727;\" href=\"https:\/\/www.csj-emballages.com\/produit\/250-sacs-cabas-kraft-rouges-a-poignees-torsadees-20-x-10-x-29-cm\/\">Rojo<\/a><\/span> \/ <span style=\"color: #d12727;\"><a style=\"color: #d12727;\" href=\"https:\/\/www.csj-emballages.com\/es\/produit\/250-bolsas-kraft-blancas-con-asas-retorcidas-20-x-10-x-29-cm\/\">Blanco<\/a><\/span><\/p>\n<p>&nbsp;<\/p>\n<p><!--more--><\/p>\n<p><a href=\"https:\/\/www.csj-emballages.com\/es\/categorie-produit\/envasado-de-alimentos\/catering-es\/bolsas-y-papel\/bolsos-bandolera-artesania-es\/bolsas-kraft\/\">Consulte el resto de nuestra gama de bolsas kraft<\/a><\/p>\n","protected":false},"excerpt":{"rendered":"<p>Bolsa de cart\u00f3n kraft Descripci\u00f3n de nuestra bolsa de cart\u00f3n kraft con asas retorcidas 20 x 10 x 29 cm por 250<\/p>\n","protected":false},"featured_media":205816,"template":"","meta":{"_acf_changed":false},"product_brand":[],"product_cat":[1150,1179,3880,2804,9199,1488,1881,2809],"product_tag":[],"class_list":{"0":"post-21774","1":"product","2":"type-product","3":"status-publish","4":"has-post-thumbnail","6":"product_cat-envasado-de-alimentos","7":"product_cat-catering-es","8":"product_cat-bolsas-y-papel","9":"product_cat-bolsos-bandolera-artesania-es","10":"product_cat-bolsas-kraft","11":"product_cat-tienda-y-almacen","12":"product_cat-bolsos-bandolera-artesania","13":"product_cat-bolsas-de-cuerda-kraft","15":"first","16":"instock","17":"taxable","18":"shipping-taxable","19":"purchasable","20":"product-type-simple"},"acf":[],"yoast_head":"<!-- This site is optimized with the Yoast SEO Premium plugin v26.6 (Yoast SEO v26.6) - https:\/\/yoast.com\/wordpress\/plugins\/seo\/ -->\n<title>Bolsa de Papel Kraft con Asas Retorcidas de 20 x 10 x 29 cm en paquetes de 250<\/title>\n<meta name=\"description\" content=\"Bolsa de papel kraft de 20x10x29 cm con asas retorcidas, se vende en paquetes de 250. Pr\u00e1ctica, resistente e ideal para tiendas y comida para llevar.\" \/>\n<meta name=\"robots\" content=\"index, follow, max-snippet:-1, max-image-preview:large, max-video-preview:-1\" \/>\n<link rel=\"canonical\" href=\"https:\/\/www.csj-emballages.com\/es\/produit\/250-bolsas-de-la-compra-kraft-con-asas-retorcidas-20-x-10-x-29-cm\/\" \/>\n<meta property=\"og:locale\" content=\"es_ES\" \/>\n<meta property=\"og:type\" content=\"article\" \/>\n<meta property=\"og:title\" content=\"Bolsa de cart\u00f3n kraft con asas retorcidas 20 x 10 x 29 cm, paquete de 250\" \/>\n<meta property=\"og:description\" content=\"Bolsa de papel kraft de 20x10x29 cm con asas retorcidas, se vende en paquetes de 250. Pr\u00e1ctica, resistente e ideal para tiendas y comida para llevar.\" \/>\n<meta property=\"og:url\" content=\"https:\/\/www.csj-emballages.com\/es\/produit\/250-bolsas-de-la-compra-kraft-con-asas-retorcidas-20-x-10-x-29-cm\/\" \/>\n<meta property=\"og:site_name\" content=\"CSJ Emballages\" \/>\n<meta property=\"article:publisher\" content=\"https:\/\/www.facebook.com\/csjemballages\" \/>\n<meta property=\"article:modified_time\" content=\"2026-04-03T00:17:24+00:00\" \/>\n<meta property=\"og:image\" content=\"https:\/\/www.csj-emballages.com\/wp-content\/uploads\/2024\/03\/KFF2029K-png.webp\" \/>\n\t<meta property=\"og:image:width\" content=\"800\" \/>\n\t<meta property=\"og:image:height\" content=\"800\" \/>\n\t<meta property=\"og:image:type\" content=\"image\/png\" \/>\n<meta name=\"twitter:card\" content=\"summary_large_image\" \/>\n<meta name=\"twitter:label1\" content=\"Tiempo de lectura\" \/>\n\t<meta name=\"twitter:data1\" content=\"2 minutos\" \/>\n<script type=\"application\/ld+json\" class=\"yoast-schema-graph\">{\"@context\":\"https:\/\/schema.org\",\"@graph\":[{\"@type\":\"WebPage\",\"@id\":\"https:\/\/www.csj-emballages.com\/es\/produit\/250-bolsas-de-la-compra-kraft-con-asas-retorcidas-20-x-10-x-29-cm\/\",\"url\":\"https:\/\/www.csj-emballages.com\/es\/produit\/250-bolsas-de-la-compra-kraft-con-asas-retorcidas-20-x-10-x-29-cm\/\",\"name\":\"Bolsa de Papel Kraft con Asas Retorcidas de 20 x 10 x 29 cm en paquetes de 250\",\"isPartOf\":{\"@id\":\"https:\/\/www.csj-emballages.com\/es\/#website\"},\"primaryImageOfPage\":{\"@id\":\"https:\/\/www.csj-emballages.com\/es\/produit\/250-bolsas-de-la-compra-kraft-con-asas-retorcidas-20-x-10-x-29-cm\/#primaryimage\"},\"image\":{\"@id\":\"https:\/\/www.csj-emballages.com\/es\/produit\/250-bolsas-de-la-compra-kraft-con-asas-retorcidas-20-x-10-x-29-cm\/#primaryimage\"},\"thumbnailUrl\":\"https:\/\/www.csj-emballages.com\/wp-content\/uploads\/2024\/03\/KFF2029K-png.webp\",\"datePublished\":\"2024-03-01T15:52:00+00:00\",\"dateModified\":\"2026-04-03T00:17:24+00:00\",\"description\":\"Bolsa de papel kraft de 20x10x29 cm con asas retorcidas, se vende en paquetes de 250. Pr\u00e1ctica, resistente e ideal para tiendas y comida para llevar.\",\"breadcrumb\":{\"@id\":\"https:\/\/www.csj-emballages.com\/es\/produit\/250-bolsas-de-la-compra-kraft-con-asas-retorcidas-20-x-10-x-29-cm\/#breadcrumb\"},\"inLanguage\":\"es\",\"potentialAction\":[{\"@type\":\"ReadAction\",\"target\":[\"https:\/\/www.csj-emballages.com\/es\/produit\/250-bolsas-de-la-compra-kraft-con-asas-retorcidas-20-x-10-x-29-cm\/\"]}]},{\"@type\":\"ImageObject\",\"inLanguage\":\"es\",\"@id\":\"https:\/\/www.csj-emballages.com\/es\/produit\/250-bolsas-de-la-compra-kraft-con-asas-retorcidas-20-x-10-x-29-cm\/#primaryimage\",\"url\":\"https:\/\/www.csj-emballages.com\/wp-content\/uploads\/2024\/03\/KFF2029K-png.webp\",\"contentUrl\":\"https:\/\/www.csj-emballages.com\/wp-content\/uploads\/2024\/03\/KFF2029K-png.webp\",\"width\":800,\"height\":800,\"caption\":\"Sac en carton\"},{\"@type\":\"BreadcrumbList\",\"@id\":\"https:\/\/www.csj-emballages.com\/es\/produit\/250-bolsas-de-la-compra-kraft-con-asas-retorcidas-20-x-10-x-29-cm\/#breadcrumb\",\"itemListElement\":[{\"@type\":\"ListItem\",\"position\":1,\"name\":\"Accueil\",\"item\":\"https:\/\/www.csj-emballages.com\/es\/universo-del-envasado-alimentario\/\"},{\"@type\":\"ListItem\",\"position\":2,\"name\":\"Tienda\",\"item\":\"https:\/\/www.csj-emballages.com\/tienda\/\"},{\"@type\":\"ListItem\",\"position\":3,\"name\":\"Bolsa de cart\u00f3n kraft con asas retorcidas 20 x 10 x 29 cm, paquete de 250\"}]},{\"@type\":\"WebSite\",\"@id\":\"https:\/\/www.csj-emballages.com\/es\/#website\",\"url\":\"https:\/\/www.csj-emballages.com\/es\/\",\"name\":\"CSJ Emballages\",\"description\":\"\",\"publisher\":{\"@id\":\"https:\/\/www.csj-emballages.com\/es\/#organization\"},\"potentialAction\":[{\"@type\":\"SearchAction\",\"target\":{\"@type\":\"EntryPoint\",\"urlTemplate\":\"https:\/\/www.csj-emballages.com\/es\/?s={search_term_string}\"},\"query-input\":{\"@type\":\"PropertyValueSpecification\",\"valueRequired\":true,\"valueName\":\"search_term_string\"}}],\"inLanguage\":\"es\"},{\"@type\":\"Organization\",\"@id\":\"https:\/\/www.csj-emballages.com\/es\/#Organization\/\",\"name\":\"CSJ Emballages\",\"url\":\"https:\/\/www.csj-emballages.com\/es\/\",\"logo\":{\"@type\":\"ImageObject\",\"inLanguage\":\"es\",\"@id\":\"https:\/\/www.csj-emballages.com\/es\/#\/schema\/logo\/image\/\",\"url\":\"https:\/\/www.csj-emballages.com\/wp-content\/uploads\/2023\/10\/logo_csj.webp\",\"contentUrl\":\"https:\/\/www.csj-emballages.com\/wp-content\/uploads\/2023\/10\/logo_csj.webp\",\"width\":250,\"height\":95,\"caption\":\"CSJ Emballages\"},\"image\":{\"@id\":\"https:\/\/www.csj-emballages.com\/es\/#\/schema\/logo\/image\/\"},\"sameAs\":[\"https:\/\/www.facebook.com\/csjemballages\"],\"address\":{\"@type\":\"PostalAddress\",\"streetAddress\":\"ZI La Lechere\",\"addressLocality\":\"Patornay\",\"postalCode\":\"39130\",\"addressCountry\":\"FR\"},\"contactPoint\":[{\"@type\":\"ContactPoint\",\"contactType\":\"Service client\",\"telephone\":\"0384254272\",\"email\":\"contact@csj-emballages.com\"}]}]}<\/script>\n<!-- \/ Yoast SEO Premium plugin. -->","yoast_head_json":{"title":"Bolsa de Papel Kraft con Asas Retorcidas de 20 x 10 x 29 cm en paquetes de 250","description":"Bolsa de papel kraft de 20x10x29 cm con asas retorcidas, se vende en paquetes de 250. Pr\u00e1ctica, resistente e ideal para tiendas y comida para llevar.","robots":{"index":"index","follow":"follow","max-snippet":"max-snippet:-1","max-image-preview":"max-image-preview:large","max-video-preview":"max-video-preview:-1"},"canonical":"https:\/\/www.csj-emballages.com\/es\/produit\/250-bolsas-de-la-compra-kraft-con-asas-retorcidas-20-x-10-x-29-cm\/","og_locale":"es_ES","og_type":"article","og_title":"Bolsa de cart\u00f3n kraft con asas retorcidas 20 x 10 x 29 cm, paquete de 250","og_description":"Bolsa de papel kraft de 20x10x29 cm con asas retorcidas, se vende en paquetes de 250. Pr\u00e1ctica, resistente e ideal para tiendas y comida para llevar.","og_url":"https:\/\/www.csj-emballages.com\/es\/produit\/250-bolsas-de-la-compra-kraft-con-asas-retorcidas-20-x-10-x-29-cm\/","og_site_name":"CSJ Emballages","article_publisher":"https:\/\/www.facebook.com\/csjemballages","article_modified_time":"2026-04-03T00:17:24+00:00","og_image":[{"width":800,"height":800,"url":"https:\/\/www.csj-emballages.com\/wp-content\/uploads\/2024\/03\/KFF2029K-png.webp","type":"image\/png"}],"twitter_card":"summary_large_image","twitter_misc":{"Tiempo de lectura":"2 minutos"},"schema":{"@context":"https:\/\/schema.org","@graph":[{"@type":"WebPage","@id":"https:\/\/www.csj-emballages.com\/es\/produit\/250-bolsas-de-la-compra-kraft-con-asas-retorcidas-20-x-10-x-29-cm\/","url":"https:\/\/www.csj-emballages.com\/es\/produit\/250-bolsas-de-la-compra-kraft-con-asas-retorcidas-20-x-10-x-29-cm\/","name":"Bolsa de Papel Kraft con Asas Retorcidas de 20 x 10 x 29 cm en paquetes de 250","isPartOf":{"@id":"https:\/\/www.csj-emballages.com\/es\/#website"},"primaryImageOfPage":{"@id":"https:\/\/www.csj-emballages.com\/es\/produit\/250-bolsas-de-la-compra-kraft-con-asas-retorcidas-20-x-10-x-29-cm\/#primaryimage"},"image":{"@id":"https:\/\/www.csj-emballages.com\/es\/produit\/250-bolsas-de-la-compra-kraft-con-asas-retorcidas-20-x-10-x-29-cm\/#primaryimage"},"thumbnailUrl":"https:\/\/www.csj-emballages.com\/wp-content\/uploads\/2024\/03\/KFF2029K-png.webp","datePublished":"2024-03-01T15:52:00+00:00","dateModified":"2026-04-03T00:17:24+00:00","description":"Bolsa de papel kraft de 20x10x29 cm con asas retorcidas, se vende en paquetes de 250. Pr\u00e1ctica, resistente e ideal para tiendas y comida para llevar.","breadcrumb":{"@id":"https:\/\/www.csj-emballages.com\/es\/produit\/250-bolsas-de-la-compra-kraft-con-asas-retorcidas-20-x-10-x-29-cm\/#breadcrumb"},"inLanguage":"es","potentialAction":[{"@type":"ReadAction","target":["https:\/\/www.csj-emballages.com\/es\/produit\/250-bolsas-de-la-compra-kraft-con-asas-retorcidas-20-x-10-x-29-cm\/"]}]},{"@type":"ImageObject","inLanguage":"es","@id":"https:\/\/www.csj-emballages.com\/es\/produit\/250-bolsas-de-la-compra-kraft-con-asas-retorcidas-20-x-10-x-29-cm\/#primaryimage","url":"https:\/\/www.csj-emballages.com\/wp-content\/uploads\/2024\/03\/KFF2029K-png.webp","contentUrl":"https:\/\/www.csj-emballages.com\/wp-content\/uploads\/2024\/03\/KFF2029K-png.webp","width":800,"height":800,"caption":"Sac en carton"},{"@type":"BreadcrumbList","@id":"https:\/\/www.csj-emballages.com\/es\/produit\/250-bolsas-de-la-compra-kraft-con-asas-retorcidas-20-x-10-x-29-cm\/#breadcrumb","itemListElement":[{"@type":"ListItem","position":1,"name":"Accueil","item":"https:\/\/www.csj-emballages.com\/es\/universo-del-envasado-alimentario\/"},{"@type":"ListItem","position":2,"name":"Tienda","item":"https:\/\/www.csj-emballages.com\/tienda\/"},{"@type":"ListItem","position":3,"name":"Bolsa de cart\u00f3n kraft con asas retorcidas 20 x 10 x 29 cm, paquete de 250"}]},{"@type":"WebSite","@id":"https:\/\/www.csj-emballages.com\/es\/#website","url":"https:\/\/www.csj-emballages.com\/es\/","name":"CSJ Emballages","description":"","publisher":{"@id":"https:\/\/www.csj-emballages.com\/es\/#organization"},"potentialAction":[{"@type":"SearchAction","target":{"@type":"EntryPoint","urlTemplate":"https:\/\/www.csj-emballages.com\/es\/?s={search_term_string}"},"query-input":{"@type":"PropertyValueSpecification","valueRequired":true,"valueName":"search_term_string"}}],"inLanguage":"es"},{"@type":"Organization","@id":"https:\/\/www.csj-emballages.com\/es\/#Organization\/","name":"CSJ Emballages","url":"https:\/\/www.csj-emballages.com\/es\/","logo":{"@type":"ImageObject","inLanguage":"es","@id":"https:\/\/www.csj-emballages.com\/es\/#\/schema\/logo\/image\/","url":"https:\/\/www.csj-emballages.com\/wp-content\/uploads\/2023\/10\/logo_csj.webp","contentUrl":"https:\/\/www.csj-emballages.com\/wp-content\/uploads\/2023\/10\/logo_csj.webp","width":250,"height":95,"caption":"CSJ Emballages"},"image":{"@id":"https:\/\/www.csj-emballages.com\/es\/#\/schema\/logo\/image\/"},"sameAs":["https:\/\/www.facebook.com\/csjemballages"],"address":{"@type":"PostalAddress","streetAddress":"ZI La Lechere","addressLocality":"Patornay","postalCode":"39130","addressCountry":"FR"},"contactPoint":[{"@type":"ContactPoint","contactType":"Service client","telephone":"0384254272","email":"contact@csj-emballages.com"}]}]}},"df_price":39.32,"df_sale_price":"","df_regular_price":39.32,"df_image_link":"https:\/\/www.csj-emballages.com\/wp-content\/uploads\/2024\/03\/KFF2029K-300x300.webp","tiered_pricing_type":"fixed","tiered_pricing_fixed_rules":[],"tiered_pricing_percentage_rules":[],"tiered_pricing_minimum":1,"tiered_pricing_roles_data":[],"_links":{"self":[{"href":"https:\/\/www.csj-emballages.com\/es\/wp-json\/wp\/v2\/product\/21774","targetHints":{"allow":["GET"]}}],"collection":[{"href":"https:\/\/www.csj-emballages.com\/es\/wp-json\/wp\/v2\/product"}],"about":[{"href":"https:\/\/www.csj-emballages.com\/es\/wp-json\/wp\/v2\/types\/product"}],"wp:featuredmedia":[{"embeddable":true,"href":"https:\/\/www.csj-emballages.com\/es\/wp-json\/wp\/v2\/media\/205816"}],"wp:attachment":[{"href":"https:\/\/www.csj-emballages.com\/es\/wp-json\/wp\/v2\/media?parent=21774"}],"wp:term":[{"taxonomy":"product_brand","embeddable":true,"href":"https:\/\/www.csj-emballages.com\/es\/wp-json\/wp\/v2\/product_brand?post=21774"},{"taxonomy":"product_cat","embeddable":true,"href":"https:\/\/www.csj-emballages.com\/es\/wp-json\/wp\/v2\/product_cat?post=21774"},{"taxonomy":"product_tag","embeddable":true,"href":"https:\/\/www.csj-emballages.com\/es\/wp-json\/wp\/v2\/product_tag?post=21774"}],"curies":[{"name":"wp","href":"https:\/\/api.w.org\/{rel}","templated":true}]}}