{"id":21766,"date":"2024-03-01T16:52:03","date_gmt":"2024-03-01T15:52:03","guid":{"rendered":"https:\/\/u15jnbdpoq.preview.infomaniak.website\/produit\/500-bolsas-sos-krafts-marrones-20-x-15-x-40-cm\/"},"modified":"2026-03-13T02:13:00","modified_gmt":"2026-03-13T01:13:00","slug":"500-bolsas-sos-krafts-marrones-20-x-15-x-40-cm","status":"publish","type":"product","link":"https:\/\/www.csj-emballages.com\/es\/produit\/500-bolsas-sos-krafts-marrones-20-x-15-x-40-cm\/","title":{"rendered":"Bolsa de papel marr\u00f3n 20 x 15 x 40 cm, paquete de 500"},"content":{"rendered":"<h2 class=\"p1\">Bolsa de papel<\/h2>\n<hr>\n<h3>Descripci\u00f3n de nuestra bolsa de papel kraft marr\u00f3n 20 x 15 x 40 cm por 500<\/h3>\n<p><!--more--><\/p>\n<p data-start=\"155\" data-end=\"524\">Descubra nuestra <strong data-start=\"171\" data-end=\"199\">bolsa de papel marr\u00f3n<\/strong> <strong data-start=\"210\" data-end=\"229\">de 20 x 15 x 40 cm<\/strong>, indispensable para los profesionales de la <strong data-start=\"278\" data-end=\"294\">restauraci\u00f3n<\/strong>, la <strong data-start=\"300\" data-end=\"316\">panader\u00eda<\/strong>, los <strong data-start=\"322\" data-end=\"335\">snacks<\/strong> y el <strong data-start=\"342\" data-end=\"366\">comercio alimentario<\/strong>. Esta bolsa <strong data-start=\"381\" data-end=\"394\">pr\u00e1ctica<\/strong> <strong data-start=\"396\" data-end=\"410\">y resistente<\/strong> satisfar\u00e1 sus necesidades cotidianas al tiempo que realzar\u00e1 su imagen ecol\u00f3gica. <\/p>\n<p data-start=\"526\" data-end=\"1033\">Fabricada en <strong data-start=\"538\" data-end=\"571\">papel kraft<\/strong>, es <strong data-start=\"586\" data-end=\"609\">extremadamente resistente<\/strong>, ideal para transportar comidas, bocadillos, boller\u00eda o fruta sin miedo a que se rompa. Gracias a su <strong data-start=\"721\" data-end=\"741\">fuelle lateral<\/strong> y su <strong data-start=\"749\" data-end=\"762\">fondo plano<\/strong>, la bolsa se mantiene perfectamente erguida, lo que facilita el llenado y la presentaci\u00f3n de sus productos. Adem\u00e1s, su <strong data-start=\"879\" data-end=\"902\">color marr\u00f3n natural<\/strong> transmite una imagen aut\u00e9ntica y ecol\u00f3gica, acorde con las expectativas de los consumidores actuales, preocupados por el medio ambiente.  <\/p>\n<p data-start=\"1035\" data-end=\"1431\">Esta bolsa kraft es <strong data-start=\"1052\" data-end=\"1089\">100% reciclable y biodegradable<\/strong>, lo que la convierte en una soluci\u00f3n de envasado respetuosa con el medio ambiente. Se presenta <strong data-start=\"1178\" data-end=\"1203\">en lotes de 500<\/strong> unidades, ideal para los profesionales que buscan un stock duradero y rentable. Adem\u00e1s, su formato vers\u00e1til la hace tan adecuada para la venta para llevar como para envasar productos artesanales o peque\u00f1as compras de boutique.  <\/p>\n<p data-start=\"1433\" data-end=\"1635\">En resumen, esta <strong data-start=\"1446\" data-end=\"1464\">bolsa de papel marr\u00f3n<\/strong> combina <strong data-start=\"1473\" data-end=\"1487\">robustez<\/strong>, <strong data-start=\"1489\" data-end=\"1501\">ecolog\u00eda<\/strong> y <strong data-start=\"1505\" data-end=\"1518\">practicidad<\/strong>. Refleja la imagen de una empresa responsable, preocupada por la calidad de sus envases y la experiencia del cliente. <\/p>\n<p data-start=\"1433\" data-end=\"1635\">\n<p data-start=\"1378\" data-end=\"1605\"><!--more--><\/p>\n<h4 data-start=\"1378\" data-end=\"1605\">Ventajas :<\/h4>\n<ul>\n<li data-start=\"1864\" data-end=\"1933\"><strong data-start=\"1867\" data-end=\"1895\">Ecol\u00f3gico y reciclable<\/strong>: fabricado con papel kraft natural.<\/li>\n<li data-start=\"1936\" data-end=\"2016\"><strong data-start=\"1939\" data-end=\"1964\">Duradera y pr\u00e1ctica<\/strong>: perfecta para platos, panes o comida para llevar.<\/li>\n<li data-start=\"2019\" data-end=\"2095\"><strong data-start=\"2022\" data-end=\"2050\">Formato grande y funcional<\/strong> con base plana para facilitar el llenado.<\/li>\n<li data-start=\"2098\" data-end=\"2173\"><strong data-start=\"2101\" data-end=\"2131\">Envasado econ\u00f3mico<\/strong>: se vende en paquetes <strong data-start=\"2144\" data-end=\"2156\">de 500 bolsas<\/strong> para profesionales.<\/li>\n<li data-start=\"2176\" data-end=\"2240\"><strong data-start=\"2178\" data-end=\"2202\">Est\u00e9tica natural<\/strong> para realzar su imagen responsable.<\/li>\n<\/ul>\n<p>&nbsp;<\/p>\n<p><!--more--><\/p>\n<h4>Informaci\u00f3n adicional :<\/h4>\n<ul>\n<li><strong>Embalaje<\/strong>: Caja de 250<\/li>\n<li><strong>Dimensiones<\/strong>: 20 x 15 x 40 cm (largo x ancho x alto en cm)<\/li>\n<li><strong>Material<\/strong>: Papel<\/li>\n<li><strong>Color<\/strong>: Kraft<\/li>\n<\/ul>\n<p>&nbsp;<\/p>\n<p><!--more--><\/p>\n<p>Esta bolsa de papel tambi\u00e9n est\u00e1 disponible en blanco: <span style=\"color: #d12727;\"><a style=\"color: #d12727;\" href=\"https:\/\/www.csj-emballages.com\/es\/produit\/500-bolsas-kraft-blancas-sos-18-x-11-x-35-cm-2\/\">KF1835SOSBL<\/a><\/span> (18 x 11 x 35 cm)<\/p>\n<p>&nbsp;<\/p>\n<p><!--more--><\/p>\n<p><a href=\"https:\/\/www.csj-emballages.com\/es\/categorie-produit\/envasado-de-alimentos\/tienda-y-almacen\/bolsas-sobres\/bolsos-bandolera-artesania\/bolsas-de-la-compra-krafts\/\">Ver el resto de nuestra gama de bolsas kraft<\/a><\/p>\n","protected":false},"excerpt":{"rendered":"<p>Bolsa de papel Descripci\u00f3n de nuestra bolsa de papel kraft marr\u00f3n 20 x 15 x 40 cm por 500<\/p>\n","protected":false},"featured_media":207177,"template":"","meta":{"_acf_changed":false},"product_brand":[],"product_cat":[1150,1179,3880,2804,9199,1488,1881,2803],"product_tag":[],"class_list":{"0":"post-21766","1":"product","2":"type-product","3":"status-publish","4":"has-post-thumbnail","6":"product_cat-envasado-de-alimentos","7":"product_cat-catering-es","8":"product_cat-bolsas-y-papel","9":"product_cat-bolsos-bandolera-artesania-es","10":"product_cat-bolsas-kraft","11":"product_cat-tienda-y-almacen","12":"product_cat-bolsos-bandolera-artesania","13":"product_cat-bolsas-de-la-compra-krafts","15":"first","16":"instock","17":"taxable","18":"shipping-taxable","19":"purchasable","20":"product-type-simple"},"acf":[],"yoast_head":"<!-- This site is optimized with the Yoast SEO Premium plugin v26.6 (Yoast SEO v26.6) - https:\/\/yoast.com\/wordpress\/plugins\/seo\/ -->\n<title>Bolsa de papel marr\u00f3n 20 x 15 x 40 cm, paquete de 500<\/title>\n<meta name=\"description\" content=\"Descubra nuestras bolsas de papel marr\u00f3n de 20 x 15 x 40 cm (paquete de 500). Resistentes, pr\u00e1cticas y reciclables, son perfectas para tiendas y charcuter\u00edas.\" \/>\n<meta name=\"robots\" content=\"index, follow, max-snippet:-1, max-image-preview:large, max-video-preview:-1\" \/>\n<link rel=\"canonical\" href=\"https:\/\/www.csj-emballages.com\/es\/produit\/500-bolsas-sos-krafts-marrones-20-x-15-x-40-cm\/\" \/>\n<meta property=\"og:locale\" content=\"es_ES\" \/>\n<meta property=\"og:type\" content=\"article\" \/>\n<meta property=\"og:title\" content=\"Bolsa de papel marr\u00f3n 20 x 15 x 40 cm, paquete de 500\" \/>\n<meta property=\"og:description\" content=\"Descubra nuestras bolsas de papel marr\u00f3n de 20 x 15 x 40 cm (paquete de 500). Resistentes, pr\u00e1cticas y reciclables, son perfectas para tiendas y charcuter\u00edas.\" \/>\n<meta property=\"og:url\" content=\"https:\/\/www.csj-emballages.com\/es\/produit\/500-bolsas-sos-krafts-marrones-20-x-15-x-40-cm\/\" \/>\n<meta property=\"og:site_name\" content=\"CSJ Emballages\" \/>\n<meta property=\"article:publisher\" content=\"https:\/\/www.facebook.com\/csjemballages\" \/>\n<meta property=\"article:modified_time\" content=\"2026-03-13T01:13:00+00:00\" \/>\n<meta property=\"og:image\" content=\"https:\/\/www.csj-emballages.com\/wp-content\/uploads\/2024\/03\/KB201640.webp\" \/>\n\t<meta property=\"og:image:width\" content=\"800\" \/>\n\t<meta property=\"og:image:height\" content=\"800\" \/>\n\t<meta property=\"og:image:type\" content=\"image\/webp\" \/>\n<meta name=\"twitter:card\" content=\"summary_large_image\" \/>\n<meta name=\"twitter:label1\" content=\"Tiempo de lectura\" \/>\n\t<meta name=\"twitter:data1\" content=\"2 minutos\" \/>\n<script type=\"application\/ld+json\" class=\"yoast-schema-graph\">{\"@context\":\"https:\/\/schema.org\",\"@graph\":[{\"@type\":\"WebPage\",\"@id\":\"https:\/\/www.csj-emballages.com\/es\/produit\/500-bolsas-sos-krafts-marrones-20-x-15-x-40-cm\/\",\"url\":\"https:\/\/www.csj-emballages.com\/es\/produit\/500-bolsas-sos-krafts-marrones-20-x-15-x-40-cm\/\",\"name\":\"Bolsa de papel marr\u00f3n 20 x 15 x 40 cm, paquete de 500\",\"isPartOf\":{\"@id\":\"https:\/\/www.csj-emballages.com\/es\/#website\"},\"primaryImageOfPage\":{\"@id\":\"https:\/\/www.csj-emballages.com\/es\/produit\/500-bolsas-sos-krafts-marrones-20-x-15-x-40-cm\/#primaryimage\"},\"image\":{\"@id\":\"https:\/\/www.csj-emballages.com\/es\/produit\/500-bolsas-sos-krafts-marrones-20-x-15-x-40-cm\/#primaryimage\"},\"thumbnailUrl\":\"https:\/\/www.csj-emballages.com\/wp-content\/uploads\/2024\/03\/KB201640.webp\",\"datePublished\":\"2024-03-01T15:52:03+00:00\",\"dateModified\":\"2026-03-13T01:13:00+00:00\",\"description\":\"Descubra nuestras bolsas de papel marr\u00f3n de 20 x 15 x 40 cm (paquete de 500). Resistentes, pr\u00e1cticas y reciclables, son perfectas para tiendas y charcuter\u00edas.\",\"breadcrumb\":{\"@id\":\"https:\/\/www.csj-emballages.com\/es\/produit\/500-bolsas-sos-krafts-marrones-20-x-15-x-40-cm\/#breadcrumb\"},\"inLanguage\":\"es\",\"potentialAction\":[{\"@type\":\"ReadAction\",\"target\":[\"https:\/\/www.csj-emballages.com\/es\/produit\/500-bolsas-sos-krafts-marrones-20-x-15-x-40-cm\/\"]}]},{\"@type\":\"ImageObject\",\"inLanguage\":\"es\",\"@id\":\"https:\/\/www.csj-emballages.com\/es\/produit\/500-bolsas-sos-krafts-marrones-20-x-15-x-40-cm\/#primaryimage\",\"url\":\"https:\/\/www.csj-emballages.com\/wp-content\/uploads\/2024\/03\/KB201640.webp\",\"contentUrl\":\"https:\/\/www.csj-emballages.com\/wp-content\/uploads\/2024\/03\/KB201640.webp\",\"width\":800,\"height\":800,\"caption\":\"sac kraft\"},{\"@type\":\"BreadcrumbList\",\"@id\":\"https:\/\/www.csj-emballages.com\/es\/produit\/500-bolsas-sos-krafts-marrones-20-x-15-x-40-cm\/#breadcrumb\",\"itemListElement\":[{\"@type\":\"ListItem\",\"position\":1,\"name\":\"Accueil\",\"item\":\"https:\/\/www.csj-emballages.com\/es\/universo-del-envasado-alimentario\/\"},{\"@type\":\"ListItem\",\"position\":2,\"name\":\"Tienda\",\"item\":\"https:\/\/www.csj-emballages.com\/tienda\/\"},{\"@type\":\"ListItem\",\"position\":3,\"name\":\"Bolsa de papel marr\u00f3n 20 x 15 x 40 cm, paquete de 500\"}]},{\"@type\":\"WebSite\",\"@id\":\"https:\/\/www.csj-emballages.com\/es\/#website\",\"url\":\"https:\/\/www.csj-emballages.com\/es\/\",\"name\":\"CSJ Emballages\",\"description\":\"\",\"publisher\":{\"@id\":\"https:\/\/www.csj-emballages.com\/es\/#organization\"},\"potentialAction\":[{\"@type\":\"SearchAction\",\"target\":{\"@type\":\"EntryPoint\",\"urlTemplate\":\"https:\/\/www.csj-emballages.com\/es\/?s={search_term_string}\"},\"query-input\":{\"@type\":\"PropertyValueSpecification\",\"valueRequired\":true,\"valueName\":\"search_term_string\"}}],\"inLanguage\":\"es\"},{\"@type\":\"Organization\",\"@id\":\"https:\/\/www.csj-emballages.com\/es\/#Organization\/\",\"name\":\"CSJ Emballages\",\"url\":\"https:\/\/www.csj-emballages.com\/es\/\",\"logo\":{\"@type\":\"ImageObject\",\"inLanguage\":\"es\",\"@id\":\"https:\/\/www.csj-emballages.com\/es\/#\/schema\/logo\/image\/\",\"url\":\"https:\/\/www.csj-emballages.com\/wp-content\/uploads\/2023\/10\/logo_csj.webp\",\"contentUrl\":\"https:\/\/www.csj-emballages.com\/wp-content\/uploads\/2023\/10\/logo_csj.webp\",\"width\":250,\"height\":95,\"caption\":\"CSJ Emballages\"},\"image\":{\"@id\":\"https:\/\/www.csj-emballages.com\/es\/#\/schema\/logo\/image\/\"},\"sameAs\":[\"https:\/\/www.facebook.com\/csjemballages\"],\"address\":{\"@type\":\"PostalAddress\",\"streetAddress\":\"ZI La Lechere\",\"addressLocality\":\"Patornay\",\"postalCode\":\"39130\",\"addressCountry\":\"FR\"},\"contactPoint\":[{\"@type\":\"ContactPoint\",\"contactType\":\"Service client\",\"telephone\":\"0384254272\",\"email\":\"contact@csj-emballages.com\"}]}]}<\/script>\n<!-- \/ Yoast SEO Premium plugin. -->","yoast_head_json":{"title":"Bolsa de papel marr\u00f3n 20 x 15 x 40 cm, paquete de 500","description":"Descubra nuestras bolsas de papel marr\u00f3n de 20 x 15 x 40 cm (paquete de 500). Resistentes, pr\u00e1cticas y reciclables, son perfectas para tiendas y charcuter\u00edas.","robots":{"index":"index","follow":"follow","max-snippet":"max-snippet:-1","max-image-preview":"max-image-preview:large","max-video-preview":"max-video-preview:-1"},"canonical":"https:\/\/www.csj-emballages.com\/es\/produit\/500-bolsas-sos-krafts-marrones-20-x-15-x-40-cm\/","og_locale":"es_ES","og_type":"article","og_title":"Bolsa de papel marr\u00f3n 20 x 15 x 40 cm, paquete de 500","og_description":"Descubra nuestras bolsas de papel marr\u00f3n de 20 x 15 x 40 cm (paquete de 500). Resistentes, pr\u00e1cticas y reciclables, son perfectas para tiendas y charcuter\u00edas.","og_url":"https:\/\/www.csj-emballages.com\/es\/produit\/500-bolsas-sos-krafts-marrones-20-x-15-x-40-cm\/","og_site_name":"CSJ Emballages","article_publisher":"https:\/\/www.facebook.com\/csjemballages","article_modified_time":"2026-03-13T01:13:00+00:00","og_image":[{"width":800,"height":800,"url":"https:\/\/www.csj-emballages.com\/wp-content\/uploads\/2024\/03\/KB201640.webp","type":"image\/webp"}],"twitter_card":"summary_large_image","twitter_misc":{"Tiempo de lectura":"2 minutos"},"schema":{"@context":"https:\/\/schema.org","@graph":[{"@type":"WebPage","@id":"https:\/\/www.csj-emballages.com\/es\/produit\/500-bolsas-sos-krafts-marrones-20-x-15-x-40-cm\/","url":"https:\/\/www.csj-emballages.com\/es\/produit\/500-bolsas-sos-krafts-marrones-20-x-15-x-40-cm\/","name":"Bolsa de papel marr\u00f3n 20 x 15 x 40 cm, paquete de 500","isPartOf":{"@id":"https:\/\/www.csj-emballages.com\/es\/#website"},"primaryImageOfPage":{"@id":"https:\/\/www.csj-emballages.com\/es\/produit\/500-bolsas-sos-krafts-marrones-20-x-15-x-40-cm\/#primaryimage"},"image":{"@id":"https:\/\/www.csj-emballages.com\/es\/produit\/500-bolsas-sos-krafts-marrones-20-x-15-x-40-cm\/#primaryimage"},"thumbnailUrl":"https:\/\/www.csj-emballages.com\/wp-content\/uploads\/2024\/03\/KB201640.webp","datePublished":"2024-03-01T15:52:03+00:00","dateModified":"2026-03-13T01:13:00+00:00","description":"Descubra nuestras bolsas de papel marr\u00f3n de 20 x 15 x 40 cm (paquete de 500). Resistentes, pr\u00e1cticas y reciclables, son perfectas para tiendas y charcuter\u00edas.","breadcrumb":{"@id":"https:\/\/www.csj-emballages.com\/es\/produit\/500-bolsas-sos-krafts-marrones-20-x-15-x-40-cm\/#breadcrumb"},"inLanguage":"es","potentialAction":[{"@type":"ReadAction","target":["https:\/\/www.csj-emballages.com\/es\/produit\/500-bolsas-sos-krafts-marrones-20-x-15-x-40-cm\/"]}]},{"@type":"ImageObject","inLanguage":"es","@id":"https:\/\/www.csj-emballages.com\/es\/produit\/500-bolsas-sos-krafts-marrones-20-x-15-x-40-cm\/#primaryimage","url":"https:\/\/www.csj-emballages.com\/wp-content\/uploads\/2024\/03\/KB201640.webp","contentUrl":"https:\/\/www.csj-emballages.com\/wp-content\/uploads\/2024\/03\/KB201640.webp","width":800,"height":800,"caption":"sac kraft"},{"@type":"BreadcrumbList","@id":"https:\/\/www.csj-emballages.com\/es\/produit\/500-bolsas-sos-krafts-marrones-20-x-15-x-40-cm\/#breadcrumb","itemListElement":[{"@type":"ListItem","position":1,"name":"Accueil","item":"https:\/\/www.csj-emballages.com\/es\/universo-del-envasado-alimentario\/"},{"@type":"ListItem","position":2,"name":"Tienda","item":"https:\/\/www.csj-emballages.com\/tienda\/"},{"@type":"ListItem","position":3,"name":"Bolsa de papel marr\u00f3n 20 x 15 x 40 cm, paquete de 500"}]},{"@type":"WebSite","@id":"https:\/\/www.csj-emballages.com\/es\/#website","url":"https:\/\/www.csj-emballages.com\/es\/","name":"CSJ Emballages","description":"","publisher":{"@id":"https:\/\/www.csj-emballages.com\/es\/#organization"},"potentialAction":[{"@type":"SearchAction","target":{"@type":"EntryPoint","urlTemplate":"https:\/\/www.csj-emballages.com\/es\/?s={search_term_string}"},"query-input":{"@type":"PropertyValueSpecification","valueRequired":true,"valueName":"search_term_string"}}],"inLanguage":"es"},{"@type":"Organization","@id":"https:\/\/www.csj-emballages.com\/es\/#Organization\/","name":"CSJ Emballages","url":"https:\/\/www.csj-emballages.com\/es\/","logo":{"@type":"ImageObject","inLanguage":"es","@id":"https:\/\/www.csj-emballages.com\/es\/#\/schema\/logo\/image\/","url":"https:\/\/www.csj-emballages.com\/wp-content\/uploads\/2023\/10\/logo_csj.webp","contentUrl":"https:\/\/www.csj-emballages.com\/wp-content\/uploads\/2023\/10\/logo_csj.webp","width":250,"height":95,"caption":"CSJ Emballages"},"image":{"@id":"https:\/\/www.csj-emballages.com\/es\/#\/schema\/logo\/image\/"},"sameAs":["https:\/\/www.facebook.com\/csjemballages"],"address":{"@type":"PostalAddress","streetAddress":"ZI La Lechere","addressLocality":"Patornay","postalCode":"39130","addressCountry":"FR"},"contactPoint":[{"@type":"ContactPoint","contactType":"Service client","telephone":"0384254272","email":"contact@csj-emballages.com"}]}]}},"df_price":65.8,"df_sale_price":"","df_regular_price":65.8,"df_image_link":"https:\/\/www.csj-emballages.com\/wp-content\/uploads\/2024\/03\/KB201640-300x300.webp","tiered_pricing_type":"fixed","tiered_pricing_fixed_rules":[],"tiered_pricing_percentage_rules":[],"tiered_pricing_minimum":1,"tiered_pricing_roles_data":[],"_links":{"self":[{"href":"https:\/\/www.csj-emballages.com\/es\/wp-json\/wp\/v2\/product\/21766","targetHints":{"allow":["GET"]}}],"collection":[{"href":"https:\/\/www.csj-emballages.com\/es\/wp-json\/wp\/v2\/product"}],"about":[{"href":"https:\/\/www.csj-emballages.com\/es\/wp-json\/wp\/v2\/types\/product"}],"wp:featuredmedia":[{"embeddable":true,"href":"https:\/\/www.csj-emballages.com\/es\/wp-json\/wp\/v2\/media\/207177"}],"wp:attachment":[{"href":"https:\/\/www.csj-emballages.com\/es\/wp-json\/wp\/v2\/media?parent=21766"}],"wp:term":[{"taxonomy":"product_brand","embeddable":true,"href":"https:\/\/www.csj-emballages.com\/es\/wp-json\/wp\/v2\/product_brand?post=21766"},{"taxonomy":"product_cat","embeddable":true,"href":"https:\/\/www.csj-emballages.com\/es\/wp-json\/wp\/v2\/product_cat?post=21766"},{"taxonomy":"product_tag","embeddable":true,"href":"https:\/\/www.csj-emballages.com\/es\/wp-json\/wp\/v2\/product_tag?post=21766"}],"curies":[{"name":"wp","href":"https:\/\/api.w.org\/{rel}","templated":true}]}}