{"id":21721,"date":"2024-03-01T16:52:05","date_gmt":"2024-03-01T15:52:05","guid":{"rendered":"https:\/\/u15jnbdpoq.preview.infomaniak.website\/produit\/100-cajas-dobles-desechables-para-hamburguesas-150-x-150-x-70-mm\/"},"modified":"2026-04-04T02:13:06","modified_gmt":"2026-04-04T00:13:06","slug":"100-cajas-dobles-desechables-para-hamburguesas-150-x-150-x-70-mm","status":"publish","type":"product","link":"https:\/\/www.csj-emballages.com\/es\/produit\/100-cajas-dobles-desechables-para-hamburguesas-150-x-150-x-70-mm\/","title":{"rendered":"Caja de cart\u00f3n para hamburguesas 150 x 150 x 70 mm por 100"},"content":{"rendered":"<h2>Caja de hamburguesas<\/h2>\n<div style=\"text-align: center;\">\n<hr>\n<h3 style=\"text-align: left;\">Descripci\u00f3n de la caja de cart\u00f3n para hamburguesas 150 x 150 x 70 mm por 100<\/h3>\n<p style=\"text-align: left;\"><!--more--><\/p>\n<p style=\"text-align: left;\" data-start=\"228\" data-end=\"609\">La <strong data-start=\"231\" data-end=\"275\">caja de cart\u00f3n para hamburguesas de 150 x 150 x 70 mm<\/strong> es el envase ideal si busca algo pr\u00e1ctico, s\u00f3lido y agradable de usar a diario. Gracias a su formato bien pensado, cabe f\u00e1cilmente una <strong>hamburguesa cl\u00e1sica, una hamburguesa generosa o incluso un s\u00e1ndwich bien relleno<\/strong>. Ahorrar\u00e1 tiempo a la hora de servir y obtendr\u00e1 una presentaci\u00f3n limpia y ordenada.  <\/p>\n<p style=\"text-align: left;\" data-start=\"611\" data-end=\"1069\">Fabricada en <strong data-start=\"624\" data-end=\"641\">cart\u00f3n r\u00edgido<\/strong>, es estable, no se deforma y protege muy bien los alimentos. Se cierra con un solo movimiento y permanece perfectamente cerrada, sin sorpresas desagradables durante el transporte. Adem\u00e1s, gracias a su estructura, se ventila de forma natural, por lo que la condensaci\u00f3n se reduce al m\u00ednimo. Resultado: el pan se mantiene blando, el relleno se mantiene en su sitio y su cliente recibe una hamburguesa con un aspecto estupendo.   <\/p>\n<p style=\"text-align: left;\" data-start=\"1071\" data-end=\"1309\">Adem\u00e1s, esta <strong data-start=\"231\" data-end=\"275\">caja para hamburguesas<\/strong> es <strong data-start=\"1096\" data-end=\"1136\">m\u00e1s respetuosa con el medio ambiente<\/strong> que los envases de pl\u00e1stico. Es un gesto peque\u00f1o y sencillo que demuestra a sus clientes que presta atenci\u00f3n a su impacto. Y hoy en d\u00eda, este enfoque realmente cuenta.  <\/p>\n<p style=\"text-align: left;\" data-start=\"1311\" data-end=\"1622\">Adem\u00e1s, se entrega <strong data-start=\"1341\" data-end=\"1359\">en lotes de 100<\/strong> unidades, para que pueda gestionar f\u00e1cilmente sus existencias. Siempre tendr\u00e1 suficiente para anticiparse a los periodos punta o a los pedidos inesperados. Ya sea un food truck, un restaurante, una bocater\u00eda o un snack bar, esta caja se adapta perfectamente a su ritmo.  <\/p>\n<p style=\"text-align: left;\" data-start=\"1624\" data-end=\"1764\">En resumen, esta <strong data-start=\"231\" data-end=\"275\">caja para hamburguesas<\/strong> le ayuda a ofrecer un servicio r\u00e1pido, limpio y de alta calidad, a la vez que simplifica la organizaci\u00f3n de su cocina.<\/p>\n<p style=\"text-align: left;\" data-start=\"1624\" data-end=\"1764\">\n<p style=\"text-align: left;\"><!--more--><\/p>\n<p style=\"text-align: left;\"><strong>Ventajas :<\/strong><\/p>\n<ul>\n<li style=\"text-align: left;\" data-start=\"1797\" data-end=\"1841\">Tama\u00f1o perfecto para la mayor\u00eda de las <strong>hamburguesas<\/strong>.<\/li>\n<li style=\"text-align: left;\" data-start=\"1844\" data-end=\"1877\">Cart\u00f3n r\u00edgido, s\u00f3lido y estable.<\/li>\n<li style=\"text-align: left;\" data-start=\"1880\" data-end=\"1930\"><strong>Limita la condensaci\u00f3n<\/strong> para preservar la calidad.<\/li>\n<li style=\"text-align: left;\" data-start=\"1933\" data-end=\"1964\">Cierre sencillo y seguro.<\/li>\n<li style=\"text-align: left;\" data-start=\"1967\" data-end=\"2001\">M\u00e1s respetuoso con el medio ambiente que el pl\u00e1stico.<\/li>\n<li style=\"text-align: left;\" data-start=\"2004\" data-end=\"2041\"><strong>Paquete de 100<\/strong>: pr\u00e1ctico para profesionales.<\/li>\n<\/ul>\n<\/div>\n<p>&nbsp;<\/p>\n<p><!--more--><\/p>\n<h4>Informaci\u00f3n adicional :<\/h4>\n<ul>\n<li><strong>Embalaje<\/strong>: Paquete de 100<\/li>\n<li><strong>Dimensiones<\/strong>: 150 x 150 x 70 mm<\/li>\n<li><strong>Material<\/strong>: Cart\u00f3n<\/li>\n<li><strong>Tipo de tapa<\/strong>: Tapa abatible<\/li>\n<\/ul>\n<p>&nbsp;<\/p>\n<p><!--more--><\/p>\n<p>Producto disponible en varios tama\u00f1os:  <span style=\"color: #d12727;\"><a style=\"color: #d12727;\" href=\"https:\/\/www.csj-emballages.com\/es\/produit\/100-cajas-dobles-desechables-para-hamburguesas-120-x-130-x-70-mm\/\">HP1K<\/a><\/span> \/ <g id=\"gid_2\"><g id=\"gid_3\">HP2K<\/g><\/g> \/ <g id=\"gid_4\"><g id=\"gid_5\">HP3K<\/g><\/g> \/ <span style=\"color: #d12727;\"><a style=\"color: #d12727;\" href=\"https:\/\/www.csj-emballages.com\/es\/produit\/50-cajas-de-carton-225-x-180-x-90-mm\/\">HP4K<\/a><\/span> \/ <g id=\"gid_8\"><g id=\"gid_9\">HP5K<\/g><\/g> \/ <span style=\"color: #d12727;\"><a style=\"color: #d12727;\" href=\"https:\/\/www.csj-emballages.com\/es\/produit\/caja-de-carton-para-hamburguesas-165-x-150-x-110-mm-por-100\/\">HP6KH<\/a><\/span> \/ <span style=\"color: #d12727;\"><a style=\"color: #d12727;\" href=\"https:\/\/www.csj-emballages.com\/produit\/50-boite-carton-burgers-jetables-carton-150-x-150-x-70-mm\/\">HP6KGE<\/a><\/span> \/        <span style=\"color: #d12727;\"><a style=\"color: #d12727;\" href=\"https:\/\/www.csj-emballages.com\/produit\/50-boites-doubles-burgers-xl-jetables-carton-170-x-170-x-80-mm\/\">HP6KXL<\/a> <span style=\"color: #000000;\">\/<\/span> <a style=\"color: #d12727;\" href=\"https:\/\/www.csj-emballages.com\/produit\/50-boite-carton-hot-dog-carton-kraft-23-2-x-9-x-6-3-cm-restauration-snack-emporter\/\">HP8K<\/a><\/span><\/p>\n<p>&nbsp;<\/p>\n<p><!--more--><\/p>\n<p><a href=\"https:\/\/www.csj-emballages.com\/es\/categorie-produit\/envasado-de-alimentos\/catering-es\/cajas-bandejas-bolsas-conos\/bandejas-cajas-de-carton\/fiambreras\/\">Ver el resto de nuestra gama de cajas para hamburguesas<\/a><\/p>\n","protected":false},"excerpt":{"rendered":"<p>Caja de hamburguesas Descripci\u00f3n de la caja de cart\u00f3n para hamburguesas 150 x 150 x 70 mm por 100<\/p>\n","protected":false},"featured_media":223867,"template":"","meta":{"_acf_changed":false},"product_brand":[],"product_cat":[1150,1179,2796],"product_tag":[],"class_list":{"0":"post-21721","1":"product","2":"type-product","3":"status-publish","4":"has-post-thumbnail","6":"product_cat-envasado-de-alimentos","7":"product_cat-catering-es","8":"product_cat-fiambreras","10":"first","11":"instock","12":"taxable","13":"shipping-taxable","14":"purchasable","15":"product-type-simple"},"acf":[],"yoast_head":"<!-- This site is optimized with the Yoast SEO Premium plugin v26.6 (Yoast SEO v26.6) - https:\/\/yoast.com\/wordpress\/plugins\/seo\/ -->\n<title>Caja para hamburguesas 150 x 150 x 70 mm por 100<\/title>\n<meta name=\"description\" content=\"Descubre nuestra caja para hamburguesas de cart\u00f3n de 150 x 150 x 70 mm: resistente, pr\u00e1ctica y ecol\u00f3gica, perfecta para transportar tus hamburguesas y aperitivos.\" \/>\n<meta name=\"robots\" content=\"index, follow, max-snippet:-1, max-image-preview:large, max-video-preview:-1\" \/>\n<link rel=\"canonical\" href=\"https:\/\/www.csj-emballages.com\/es\/produit\/100-cajas-dobles-desechables-para-hamburguesas-150-x-150-x-70-mm\/\" \/>\n<meta property=\"og:locale\" content=\"es_ES\" \/>\n<meta property=\"og:type\" content=\"article\" \/>\n<meta property=\"og:title\" content=\"Caja de cart\u00f3n para hamburguesas 150 x 150 x 70 mm por 100\" \/>\n<meta property=\"og:description\" content=\"Descubre nuestra caja para hamburguesas de cart\u00f3n de 150 x 150 x 70 mm: resistente, pr\u00e1ctica y ecol\u00f3gica, perfecta para transportar tus hamburguesas y aperitivos.\" \/>\n<meta property=\"og:url\" content=\"https:\/\/www.csj-emballages.com\/es\/produit\/100-cajas-dobles-desechables-para-hamburguesas-150-x-150-x-70-mm\/\" \/>\n<meta property=\"og:site_name\" content=\"CSJ Emballages\" \/>\n<meta property=\"article:publisher\" content=\"https:\/\/www.facebook.com\/csjemballages\" \/>\n<meta property=\"article:modified_time\" content=\"2026-04-04T00:13:06+00:00\" \/>\n<meta property=\"og:image\" content=\"https:\/\/www.csj-emballages.com\/wp-content\/uploads\/2025\/02\/BBK130.webp\" \/>\n\t<meta property=\"og:image:width\" content=\"800\" \/>\n\t<meta property=\"og:image:height\" content=\"800\" \/>\n\t<meta property=\"og:image:type\" content=\"image\/webp\" \/>\n<meta name=\"twitter:card\" content=\"summary_large_image\" \/>\n<meta name=\"twitter:label1\" content=\"Tiempo de lectura\" \/>\n\t<meta name=\"twitter:data1\" content=\"2 minutos\" \/>\n<script type=\"application\/ld+json\" class=\"yoast-schema-graph\">{\"@context\":\"https:\/\/schema.org\",\"@graph\":[{\"@type\":\"WebPage\",\"@id\":\"https:\/\/www.csj-emballages.com\/es\/produit\/100-cajas-dobles-desechables-para-hamburguesas-150-x-150-x-70-mm\/\",\"url\":\"https:\/\/www.csj-emballages.com\/es\/produit\/100-cajas-dobles-desechables-para-hamburguesas-150-x-150-x-70-mm\/\",\"name\":\"Caja para hamburguesas 150 x 150 x 70 mm por 100\",\"isPartOf\":{\"@id\":\"https:\/\/www.csj-emballages.com\/es\/#website\"},\"primaryImageOfPage\":{\"@id\":\"https:\/\/www.csj-emballages.com\/es\/produit\/100-cajas-dobles-desechables-para-hamburguesas-150-x-150-x-70-mm\/#primaryimage\"},\"image\":{\"@id\":\"https:\/\/www.csj-emballages.com\/es\/produit\/100-cajas-dobles-desechables-para-hamburguesas-150-x-150-x-70-mm\/#primaryimage\"},\"thumbnailUrl\":\"https:\/\/www.csj-emballages.com\/wp-content\/uploads\/2025\/02\/BBK130.webp\",\"datePublished\":\"2024-03-01T15:52:05+00:00\",\"dateModified\":\"2026-04-04T00:13:06+00:00\",\"description\":\"Descubre nuestra caja para hamburguesas de cart\u00f3n de 150 x 150 x 70 mm: resistente, pr\u00e1ctica y ecol\u00f3gica, perfecta para transportar tus hamburguesas y aperitivos.\",\"breadcrumb\":{\"@id\":\"https:\/\/www.csj-emballages.com\/es\/produit\/100-cajas-dobles-desechables-para-hamburguesas-150-x-150-x-70-mm\/#breadcrumb\"},\"inLanguage\":\"es\",\"potentialAction\":[{\"@type\":\"ReadAction\",\"target\":[\"https:\/\/www.csj-emballages.com\/es\/produit\/100-cajas-dobles-desechables-para-hamburguesas-150-x-150-x-70-mm\/\"]}]},{\"@type\":\"ImageObject\",\"inLanguage\":\"es\",\"@id\":\"https:\/\/www.csj-emballages.com\/es\/produit\/100-cajas-dobles-desechables-para-hamburguesas-150-x-150-x-70-mm\/#primaryimage\",\"url\":\"https:\/\/www.csj-emballages.com\/wp-content\/uploads\/2025\/02\/BBK130.webp\",\"contentUrl\":\"https:\/\/www.csj-emballages.com\/wp-content\/uploads\/2025\/02\/BBK130.webp\",\"width\":800,\"height\":800,\"caption\":\"Boite burger\"},{\"@type\":\"BreadcrumbList\",\"@id\":\"https:\/\/www.csj-emballages.com\/es\/produit\/100-cajas-dobles-desechables-para-hamburguesas-150-x-150-x-70-mm\/#breadcrumb\",\"itemListElement\":[{\"@type\":\"ListItem\",\"position\":1,\"name\":\"Accueil\",\"item\":\"https:\/\/www.csj-emballages.com\/es\/universo-del-envasado-alimentario\/\"},{\"@type\":\"ListItem\",\"position\":2,\"name\":\"Tienda\",\"item\":\"https:\/\/www.csj-emballages.com\/tienda\/\"},{\"@type\":\"ListItem\",\"position\":3,\"name\":\"Caja de cart\u00f3n para hamburguesas 150 x 150 x 70 mm por 100\"}]},{\"@type\":\"WebSite\",\"@id\":\"https:\/\/www.csj-emballages.com\/es\/#website\",\"url\":\"https:\/\/www.csj-emballages.com\/es\/\",\"name\":\"CSJ Emballages\",\"description\":\"\",\"publisher\":{\"@id\":\"https:\/\/www.csj-emballages.com\/es\/#organization\"},\"potentialAction\":[{\"@type\":\"SearchAction\",\"target\":{\"@type\":\"EntryPoint\",\"urlTemplate\":\"https:\/\/www.csj-emballages.com\/es\/?s={search_term_string}\"},\"query-input\":{\"@type\":\"PropertyValueSpecification\",\"valueRequired\":true,\"valueName\":\"search_term_string\"}}],\"inLanguage\":\"es\"},{\"@type\":\"Organization\",\"@id\":\"https:\/\/www.csj-emballages.com\/es\/#Organization\/\",\"name\":\"CSJ Emballages\",\"url\":\"https:\/\/www.csj-emballages.com\/es\/\",\"logo\":{\"@type\":\"ImageObject\",\"inLanguage\":\"es\",\"@id\":\"https:\/\/www.csj-emballages.com\/es\/#\/schema\/logo\/image\/\",\"url\":\"https:\/\/www.csj-emballages.com\/wp-content\/uploads\/2023\/10\/logo_csj.webp\",\"contentUrl\":\"https:\/\/www.csj-emballages.com\/wp-content\/uploads\/2023\/10\/logo_csj.webp\",\"width\":250,\"height\":95,\"caption\":\"CSJ Emballages\"},\"image\":{\"@id\":\"https:\/\/www.csj-emballages.com\/es\/#\/schema\/logo\/image\/\"},\"sameAs\":[\"https:\/\/www.facebook.com\/csjemballages\"],\"address\":{\"@type\":\"PostalAddress\",\"streetAddress\":\"ZI La Lechere\",\"addressLocality\":\"Patornay\",\"postalCode\":\"39130\",\"addressCountry\":\"FR\"},\"contactPoint\":[{\"@type\":\"ContactPoint\",\"contactType\":\"Service client\",\"telephone\":\"0384254272\",\"email\":\"contact@csj-emballages.com\"}]}]}<\/script>\n<!-- \/ Yoast SEO Premium plugin. -->","yoast_head_json":{"title":"Caja para hamburguesas 150 x 150 x 70 mm por 100","description":"Descubre nuestra caja para hamburguesas de cart\u00f3n de 150 x 150 x 70 mm: resistente, pr\u00e1ctica y ecol\u00f3gica, perfecta para transportar tus hamburguesas y aperitivos.","robots":{"index":"index","follow":"follow","max-snippet":"max-snippet:-1","max-image-preview":"max-image-preview:large","max-video-preview":"max-video-preview:-1"},"canonical":"https:\/\/www.csj-emballages.com\/es\/produit\/100-cajas-dobles-desechables-para-hamburguesas-150-x-150-x-70-mm\/","og_locale":"es_ES","og_type":"article","og_title":"Caja de cart\u00f3n para hamburguesas 150 x 150 x 70 mm por 100","og_description":"Descubre nuestra caja para hamburguesas de cart\u00f3n de 150 x 150 x 70 mm: resistente, pr\u00e1ctica y ecol\u00f3gica, perfecta para transportar tus hamburguesas y aperitivos.","og_url":"https:\/\/www.csj-emballages.com\/es\/produit\/100-cajas-dobles-desechables-para-hamburguesas-150-x-150-x-70-mm\/","og_site_name":"CSJ Emballages","article_publisher":"https:\/\/www.facebook.com\/csjemballages","article_modified_time":"2026-04-04T00:13:06+00:00","og_image":[{"width":800,"height":800,"url":"https:\/\/www.csj-emballages.com\/wp-content\/uploads\/2025\/02\/BBK130.webp","type":"image\/webp"}],"twitter_card":"summary_large_image","twitter_misc":{"Tiempo de lectura":"2 minutos"},"schema":{"@context":"https:\/\/schema.org","@graph":[{"@type":"WebPage","@id":"https:\/\/www.csj-emballages.com\/es\/produit\/100-cajas-dobles-desechables-para-hamburguesas-150-x-150-x-70-mm\/","url":"https:\/\/www.csj-emballages.com\/es\/produit\/100-cajas-dobles-desechables-para-hamburguesas-150-x-150-x-70-mm\/","name":"Caja para hamburguesas 150 x 150 x 70 mm por 100","isPartOf":{"@id":"https:\/\/www.csj-emballages.com\/es\/#website"},"primaryImageOfPage":{"@id":"https:\/\/www.csj-emballages.com\/es\/produit\/100-cajas-dobles-desechables-para-hamburguesas-150-x-150-x-70-mm\/#primaryimage"},"image":{"@id":"https:\/\/www.csj-emballages.com\/es\/produit\/100-cajas-dobles-desechables-para-hamburguesas-150-x-150-x-70-mm\/#primaryimage"},"thumbnailUrl":"https:\/\/www.csj-emballages.com\/wp-content\/uploads\/2025\/02\/BBK130.webp","datePublished":"2024-03-01T15:52:05+00:00","dateModified":"2026-04-04T00:13:06+00:00","description":"Descubre nuestra caja para hamburguesas de cart\u00f3n de 150 x 150 x 70 mm: resistente, pr\u00e1ctica y ecol\u00f3gica, perfecta para transportar tus hamburguesas y aperitivos.","breadcrumb":{"@id":"https:\/\/www.csj-emballages.com\/es\/produit\/100-cajas-dobles-desechables-para-hamburguesas-150-x-150-x-70-mm\/#breadcrumb"},"inLanguage":"es","potentialAction":[{"@type":"ReadAction","target":["https:\/\/www.csj-emballages.com\/es\/produit\/100-cajas-dobles-desechables-para-hamburguesas-150-x-150-x-70-mm\/"]}]},{"@type":"ImageObject","inLanguage":"es","@id":"https:\/\/www.csj-emballages.com\/es\/produit\/100-cajas-dobles-desechables-para-hamburguesas-150-x-150-x-70-mm\/#primaryimage","url":"https:\/\/www.csj-emballages.com\/wp-content\/uploads\/2025\/02\/BBK130.webp","contentUrl":"https:\/\/www.csj-emballages.com\/wp-content\/uploads\/2025\/02\/BBK130.webp","width":800,"height":800,"caption":"Boite burger"},{"@type":"BreadcrumbList","@id":"https:\/\/www.csj-emballages.com\/es\/produit\/100-cajas-dobles-desechables-para-hamburguesas-150-x-150-x-70-mm\/#breadcrumb","itemListElement":[{"@type":"ListItem","position":1,"name":"Accueil","item":"https:\/\/www.csj-emballages.com\/es\/universo-del-envasado-alimentario\/"},{"@type":"ListItem","position":2,"name":"Tienda","item":"https:\/\/www.csj-emballages.com\/tienda\/"},{"@type":"ListItem","position":3,"name":"Caja de cart\u00f3n para hamburguesas 150 x 150 x 70 mm por 100"}]},{"@type":"WebSite","@id":"https:\/\/www.csj-emballages.com\/es\/#website","url":"https:\/\/www.csj-emballages.com\/es\/","name":"CSJ Emballages","description":"","publisher":{"@id":"https:\/\/www.csj-emballages.com\/es\/#organization"},"potentialAction":[{"@type":"SearchAction","target":{"@type":"EntryPoint","urlTemplate":"https:\/\/www.csj-emballages.com\/es\/?s={search_term_string}"},"query-input":{"@type":"PropertyValueSpecification","valueRequired":true,"valueName":"search_term_string"}}],"inLanguage":"es"},{"@type":"Organization","@id":"https:\/\/www.csj-emballages.com\/es\/#Organization\/","name":"CSJ Emballages","url":"https:\/\/www.csj-emballages.com\/es\/","logo":{"@type":"ImageObject","inLanguage":"es","@id":"https:\/\/www.csj-emballages.com\/es\/#\/schema\/logo\/image\/","url":"https:\/\/www.csj-emballages.com\/wp-content\/uploads\/2023\/10\/logo_csj.webp","contentUrl":"https:\/\/www.csj-emballages.com\/wp-content\/uploads\/2023\/10\/logo_csj.webp","width":250,"height":95,"caption":"CSJ Emballages"},"image":{"@id":"https:\/\/www.csj-emballages.com\/es\/#\/schema\/logo\/image\/"},"sameAs":["https:\/\/www.facebook.com\/csjemballages"],"address":{"@type":"PostalAddress","streetAddress":"ZI La Lechere","addressLocality":"Patornay","postalCode":"39130","addressCountry":"FR"},"contactPoint":[{"@type":"ContactPoint","contactType":"Service client","telephone":"0384254272","email":"contact@csj-emballages.com"}]}]}},"df_price":17.45,"df_sale_price":"","df_regular_price":17.45,"df_image_link":"https:\/\/www.csj-emballages.com\/wp-content\/uploads\/2025\/02\/BBK130-300x300.webp","tiered_pricing_type":"fixed","tiered_pricing_fixed_rules":[],"tiered_pricing_percentage_rules":[],"tiered_pricing_minimum":1,"tiered_pricing_roles_data":[],"_links":{"self":[{"href":"https:\/\/www.csj-emballages.com\/es\/wp-json\/wp\/v2\/product\/21721","targetHints":{"allow":["GET"]}}],"collection":[{"href":"https:\/\/www.csj-emballages.com\/es\/wp-json\/wp\/v2\/product"}],"about":[{"href":"https:\/\/www.csj-emballages.com\/es\/wp-json\/wp\/v2\/types\/product"}],"wp:featuredmedia":[{"embeddable":true,"href":"https:\/\/www.csj-emballages.com\/es\/wp-json\/wp\/v2\/media\/223867"}],"wp:attachment":[{"href":"https:\/\/www.csj-emballages.com\/es\/wp-json\/wp\/v2\/media?parent=21721"}],"wp:term":[{"taxonomy":"product_brand","embeddable":true,"href":"https:\/\/www.csj-emballages.com\/es\/wp-json\/wp\/v2\/product_brand?post=21721"},{"taxonomy":"product_cat","embeddable":true,"href":"https:\/\/www.csj-emballages.com\/es\/wp-json\/wp\/v2\/product_cat?post=21721"},{"taxonomy":"product_tag","embeddable":true,"href":"https:\/\/www.csj-emballages.com\/es\/wp-json\/wp\/v2\/product_tag?post=21721"}],"curies":[{"name":"wp","href":"https:\/\/api.w.org\/{rel}","templated":true}]}}