{"id":21711,"date":"2024-03-01T16:52:05","date_gmt":"2024-03-01T15:52:05","guid":{"rendered":"https:\/\/u15jnbdpoq.preview.infomaniak.website\/produit\/50-cajas-dobles-desechables-para-hamburguesas-150-x-150-x-70-mm\/"},"modified":"2026-04-23T02:13:46","modified_gmt":"2026-04-23T00:13:46","slug":"50-cajas-dobles-desechables-para-hamburguesas-150-x-150-x-70-mm","status":"publish","type":"product","link":"https:\/\/www.csj-emballages.com\/es\/produit\/50-cajas-dobles-desechables-para-hamburguesas-150-x-150-x-70-mm\/","title":{"rendered":"Caja de cart\u00f3n para hamburguesas 150 x 150 x 70 mm, paquete de 50"},"content":{"rendered":"<h2>Caja de hamburguesas<\/h2>\n<div style=\"text-align: center;\">\n<hr>\n<h3 style=\"text-align: left;\">Descripci\u00f3n de la caja de cart\u00f3n para hamburguesas 150 x 150 x 70 mm por 100<\/h3>\n<p style=\"text-align: left;\"><!--more--><\/p>\n<p style=\"text-align: left;\" data-start=\"175\" data-end=\"635\">La <strong data-start=\"178\" data-end=\"225\">caja para hamburguesas de cart\u00f3n de 150 x 150 x 70 mm<\/strong> es el envase perfecto para servir <strong>hamburguesas generosas<\/strong> garantizando una excelente presentaci\u00f3n. Dise\u00f1ada para restauradores que desean aumentar la eficiencia manteniendo una imagen pulida, ofrece un equilibrio ideal entre practicidad, robustez y est\u00e9tica. Gracias a su <strong>gran<\/strong> <strong data-start=\"518\" data-end=\"531\">formato<\/strong>, puede acomodar f\u00e1cilmente hamburguesas gourmet, filetes dobles o creaciones propias de mayor tama\u00f1o.  <\/p>\n<p style=\"text-align: left;\" data-start=\"637\" data-end=\"1017\">En primer lugar, su <strong data-start=\"650\" data-end=\"679\">cart\u00f3n grueso y resistente<\/strong> protege eficazmente la comida, incluso cuando est\u00e1 bien llena. El material tambi\u00e9n resiste muy bien <strong>el calor<\/strong>, por lo que podr\u00e1 mantener caliente una hamburguesa durante el transporte. En segundo lugar, el <strong>cierre integrado<\/strong> garantiza una sujeci\u00f3n segura, evitando que se abra accidentalmente durante la entrega o la comida para llevar.  <\/p>\n<p style=\"text-align: left;\" data-start=\"1019\" data-end=\"1402\">La <strong data-start=\"178\" data-end=\"225\">caja para hamburguesas<\/strong> tambi\u00e9n est\u00e1 <strong data-start=\"1043\" data-end=\"1077\">fabricada con cart\u00f3n reciclable<\/strong>, lo que la convierte en una soluci\u00f3n m\u00e1s respetuosa con el medio ambiente. Esto significa que los restauradores pueden promover un enfoque responsable entre sus clientes. Adem\u00e1s, su dise\u00f1o sencillo y natural encaja perfectamente en cualquier entorno: street-food, food-trucks, restaurantes tradicionales o establecimientos tradicionales de comida r\u00e1pida.  <\/p>\n<p style=\"text-align: left;\" data-start=\"1404\" data-end=\"1612\">Por \u00faltimo, gracias al <strong data-start=\"1420\" data-end=\"1446\">paquete de 50 unidades<\/strong>, ahorrar\u00e1 tiempo y simplificar\u00e1 la gesti\u00f3n de sus existencias. Esta cantidad es ideal para los establecimientos que desean combinar a diario econom\u00eda y practicidad. <\/p>\n<p style=\"text-align: left;\" data-start=\"1614\" data-end=\"1763\">En resumen, esta <strong data-start=\"178\" data-end=\"225\">caja para hamburguesas<\/strong> cumple todos los requisitos: s\u00f3lida, pr\u00e1ctica, respetuosa con el medio ambiente y perfectamente adaptada a los profesionales de la restauraci\u00f3n.<\/p>\n<p style=\"text-align: left;\">\n<p style=\"text-align: left;\"><!--more--><\/p>\n<p style=\"text-align: left;\"><strong>Ventajas :<\/strong><\/p>\n<ul>\n<li style=\"text-align: left;\" data-start=\"1793\" data-end=\"1836\"><strong>Formato generoso<\/strong> ideal para hamburguesas generosas.<\/li>\n<li style=\"text-align: left;\" data-start=\"1839\" data-end=\"1887\"><strong>Cart\u00f3n<\/strong> resistente que retiene bien el calor.<\/li>\n<li style=\"text-align: left;\" data-start=\"1890\" data-end=\"1929\">S\u00f3lido y pr\u00e1ctico <strong>cierre integrado<\/strong>.<\/li>\n<li style=\"text-align: left;\" data-start=\"1932\" data-end=\"1985\">Apto para entrega a domicilio y comida para llevar.<\/li>\n<li style=\"text-align: left;\" data-start=\"1988\" data-end=\"2017\">Dise\u00f1o natural y adaptable.<\/li>\n<li style=\"text-align: left;\" data-start=\"2020\" data-end=\"2073\"><strong>Material reciclable<\/strong> y respetuoso con el medio ambiente.<\/li>\n<li style=\"text-align: left;\" data-start=\"2076\" data-end=\"2123\">Envasados en pr\u00e1cticos y econ\u00f3micos paquetes de <strong>50 unidades<\/strong>.<\/li>\n<\/ul>\n<\/div>\n<p>&nbsp;<\/p>\n<p><!--more--><\/p>\n<h4>Informaci\u00f3n adicional :<\/h4>\n<ul>\n<li><strong>Envase<\/strong>: Paquete de 50<\/li>\n<li><strong>Dimensiones<\/strong>: 150 x 150 x 70 mm<\/li>\n<li><strong>Material<\/strong>: Cart\u00f3n<\/li>\n<li><strong>Tipo de tapa<\/strong>: Tapa abatible<\/li>\n<\/ul>\n<p>&nbsp;<\/p>\n<p><!--more--><\/p>\n<p>Producto disponible en varios tama\u00f1os:  <span style=\"color: #d12727;\"><a style=\"color: #d12727;\" href=\"https:\/\/www.csj-emballages.com\/es\/produit\/100-cajas-dobles-desechables-para-hamburguesas-120-x-130-x-70-mm\/\">HP1K<\/a><\/span> \/ <span style=\"color: #d12727;\"><a style=\"color: #d12727;\" href=\"https:\/\/www.csj-emballages.com\/es\/produit\/100-cajas-de-chips-desechables-175-x-120-x-70-mm\/\">HP2K<\/a><\/span> \/ <g id=\"gid_4\"><g id=\"gid_5\">HP3K<\/g><\/g> \/ <g id=\"gid_6\"><g id=\"gid_7\">HP4K<\/g><\/g> \/ <span style=\"color: #d12727;\"><a style=\"color: #d12727;\" href=\"https:\/\/www.csj-emballages.com\/es\/produit\/100-cajas-de-carton-desechables-para-panini-208-x-70-x-75-mm\/\">HP5K<\/a><\/span> \/ <g id=\"gid_10\"><g id=\"gid_11\">HP6KH<\/g><\/g> \/ <span style=\"color: #d12727;\"><a style=\"color: #d12727;\" href=\"https:\/\/www.csj-emballages.com\/es\/produit\/100-cajas-dobles-desechables-para-hamburguesas-150-x-150-x-70-mm\/\">HP6K<\/a><\/span> \/        <span style=\"color: #d12727;\"><a style=\"color: #d12727;\" href=\"https:\/\/www.csj-emballages.com\/produit\/50-boites-doubles-burgers-xl-jetables-carton-170-x-170-x-80-mm\/\">HP6KXL<\/a> <span style=\"color: #000000;\">\/<\/span> <a style=\"color: #d12727;\" href=\"https:\/\/www.csj-emballages.com\/produit\/50-boite-carton-hot-dog-carton-kraft-23-2-x-9-x-6-3-cm-restauration-snack-emporter\/\">HP8K<\/a><\/span><\/p>\n<p>&nbsp;<\/p>\n<p><!--more--><\/p>\n<p><a href=\"https:\/\/www.csj-emballages.com\/es\/categorie-produit\/envasado-de-alimentos\/catering-es\/cajas-bandejas-bolsas-conos\/bandejas-cajas-de-carton\/fiambreras\/\">Ver el resto de nuestra gama de cajas para hamburguesas<\/a><\/p>\n","protected":false},"excerpt":{"rendered":"<p>Caja de hamburguesas Descripci\u00f3n de la caja de cart\u00f3n para hamburguesas 150 x 150 x 70 mm por 100<\/p>\n","protected":false},"featured_media":223878,"template":"","meta":{"_acf_changed":false},"product_brand":[],"product_cat":[1150,1179,2796,1270],"product_tag":[],"class_list":{"0":"post-21711","1":"product","2":"type-product","3":"status-publish","4":"has-post-thumbnail","6":"product_cat-envasado-de-alimentos","7":"product_cat-catering-es","8":"product_cat-fiambreras","9":"product_cat-descuentos","11":"first","12":"instock","13":"sale","14":"taxable","15":"shipping-taxable","16":"purchasable","17":"product-type-simple"},"acf":[],"yoast_head":"<!-- This site is optimized with the Yoast SEO Premium plugin v26.6 (Yoast SEO v26.6) - https:\/\/yoast.com\/wordpress\/plugins\/seo\/ -->\n<title>Caja para hamburguesas 150 x 150 x 70 mm por 50<\/title>\n<meta name=\"description\" content=\"Descubre nuestra caja para hamburguesas de cart\u00f3n de 150 x 150 x 70 mm: resistente, pr\u00e1ctica y ecol\u00f3gica, perfecta para transportar tus hamburguesas y aperitivos.\" \/>\n<meta name=\"robots\" content=\"index, follow, max-snippet:-1, max-image-preview:large, max-video-preview:-1\" \/>\n<link rel=\"canonical\" href=\"https:\/\/www.csj-emballages.com\/es\/produit\/50-cajas-dobles-desechables-para-hamburguesas-150-x-150-x-70-mm\/\" \/>\n<meta property=\"og:locale\" content=\"es_ES\" \/>\n<meta property=\"og:type\" content=\"article\" \/>\n<meta property=\"og:title\" content=\"Caja de cart\u00f3n para hamburguesas 150 x 150 x 70 mm, paquete de 50\" \/>\n<meta property=\"og:description\" content=\"Descubre nuestra caja para hamburguesas de cart\u00f3n de 150 x 150 x 70 mm: resistente, pr\u00e1ctica y ecol\u00f3gica, perfecta para transportar tus hamburguesas y aperitivos.\" \/>\n<meta property=\"og:url\" content=\"https:\/\/www.csj-emballages.com\/es\/produit\/50-cajas-dobles-desechables-para-hamburguesas-150-x-150-x-70-mm\/\" \/>\n<meta property=\"og:site_name\" content=\"CSJ Emballages\" \/>\n<meta property=\"article:publisher\" content=\"https:\/\/www.facebook.com\/csjemballages\" \/>\n<meta property=\"article:modified_time\" content=\"2026-04-23T00:13:46+00:00\" \/>\n<meta property=\"og:image\" content=\"https:\/\/www.csj-emballages.com\/wp-content\/uploads\/2024\/03\/HP6KGEXL.webp\" \/>\n\t<meta property=\"og:image:width\" content=\"800\" \/>\n\t<meta property=\"og:image:height\" content=\"800\" \/>\n\t<meta property=\"og:image:type\" content=\"image\/webp\" \/>\n<meta name=\"twitter:card\" content=\"summary_large_image\" \/>\n<meta name=\"twitter:label1\" content=\"Tiempo de lectura\" \/>\n\t<meta name=\"twitter:data1\" content=\"2 minutos\" \/>\n<script type=\"application\/ld+json\" class=\"yoast-schema-graph\">{\"@context\":\"https:\/\/schema.org\",\"@graph\":[{\"@type\":\"WebPage\",\"@id\":\"https:\/\/www.csj-emballages.com\/es\/produit\/50-cajas-dobles-desechables-para-hamburguesas-150-x-150-x-70-mm\/\",\"url\":\"https:\/\/www.csj-emballages.com\/es\/produit\/50-cajas-dobles-desechables-para-hamburguesas-150-x-150-x-70-mm\/\",\"name\":\"Caja para hamburguesas 150 x 150 x 70 mm por 50\",\"isPartOf\":{\"@id\":\"https:\/\/www.csj-emballages.com\/es\/#website\"},\"primaryImageOfPage\":{\"@id\":\"https:\/\/www.csj-emballages.com\/es\/produit\/50-cajas-dobles-desechables-para-hamburguesas-150-x-150-x-70-mm\/#primaryimage\"},\"image\":{\"@id\":\"https:\/\/www.csj-emballages.com\/es\/produit\/50-cajas-dobles-desechables-para-hamburguesas-150-x-150-x-70-mm\/#primaryimage\"},\"thumbnailUrl\":\"https:\/\/www.csj-emballages.com\/wp-content\/uploads\/2024\/03\/HP6KGEXL.webp\",\"datePublished\":\"2024-03-01T15:52:05+00:00\",\"dateModified\":\"2026-04-23T00:13:46+00:00\",\"description\":\"Descubre nuestra caja para hamburguesas de cart\u00f3n de 150 x 150 x 70 mm: resistente, pr\u00e1ctica y ecol\u00f3gica, perfecta para transportar tus hamburguesas y aperitivos.\",\"breadcrumb\":{\"@id\":\"https:\/\/www.csj-emballages.com\/es\/produit\/50-cajas-dobles-desechables-para-hamburguesas-150-x-150-x-70-mm\/#breadcrumb\"},\"inLanguage\":\"es\",\"potentialAction\":[{\"@type\":\"ReadAction\",\"target\":[\"https:\/\/www.csj-emballages.com\/es\/produit\/50-cajas-dobles-desechables-para-hamburguesas-150-x-150-x-70-mm\/\"]}]},{\"@type\":\"ImageObject\",\"inLanguage\":\"es\",\"@id\":\"https:\/\/www.csj-emballages.com\/es\/produit\/50-cajas-dobles-desechables-para-hamburguesas-150-x-150-x-70-mm\/#primaryimage\",\"url\":\"https:\/\/www.csj-emballages.com\/wp-content\/uploads\/2024\/03\/HP6KGEXL.webp\",\"contentUrl\":\"https:\/\/www.csj-emballages.com\/wp-content\/uploads\/2024\/03\/HP6KGEXL.webp\",\"width\":800,\"height\":800,\"caption\":\"Boite burger\"},{\"@type\":\"BreadcrumbList\",\"@id\":\"https:\/\/www.csj-emballages.com\/es\/produit\/50-cajas-dobles-desechables-para-hamburguesas-150-x-150-x-70-mm\/#breadcrumb\",\"itemListElement\":[{\"@type\":\"ListItem\",\"position\":1,\"name\":\"Accueil\",\"item\":\"https:\/\/www.csj-emballages.com\/es\/universo-del-envasado-alimentario\/\"},{\"@type\":\"ListItem\",\"position\":2,\"name\":\"Tienda\",\"item\":\"https:\/\/www.csj-emballages.com\/tienda\/\"},{\"@type\":\"ListItem\",\"position\":3,\"name\":\"Caja de cart\u00f3n para hamburguesas 150 x 150 x 70 mm, paquete de 50\"}]},{\"@type\":\"WebSite\",\"@id\":\"https:\/\/www.csj-emballages.com\/es\/#website\",\"url\":\"https:\/\/www.csj-emballages.com\/es\/\",\"name\":\"CSJ Emballages\",\"description\":\"\",\"publisher\":{\"@id\":\"https:\/\/www.csj-emballages.com\/es\/#organization\"},\"potentialAction\":[{\"@type\":\"SearchAction\",\"target\":{\"@type\":\"EntryPoint\",\"urlTemplate\":\"https:\/\/www.csj-emballages.com\/es\/?s={search_term_string}\"},\"query-input\":{\"@type\":\"PropertyValueSpecification\",\"valueRequired\":true,\"valueName\":\"search_term_string\"}}],\"inLanguage\":\"es\"},{\"@type\":\"Organization\",\"@id\":\"https:\/\/www.csj-emballages.com\/es\/#Organization\/\",\"name\":\"CSJ Emballages\",\"url\":\"https:\/\/www.csj-emballages.com\/es\/\",\"logo\":{\"@type\":\"ImageObject\",\"inLanguage\":\"es\",\"@id\":\"https:\/\/www.csj-emballages.com\/es\/#\/schema\/logo\/image\/\",\"url\":\"https:\/\/www.csj-emballages.com\/wp-content\/uploads\/2023\/10\/logo_csj.webp\",\"contentUrl\":\"https:\/\/www.csj-emballages.com\/wp-content\/uploads\/2023\/10\/logo_csj.webp\",\"width\":250,\"height\":95,\"caption\":\"CSJ Emballages\"},\"image\":{\"@id\":\"https:\/\/www.csj-emballages.com\/es\/#\/schema\/logo\/image\/\"},\"sameAs\":[\"https:\/\/www.facebook.com\/csjemballages\"],\"address\":{\"@type\":\"PostalAddress\",\"streetAddress\":\"ZI La Lechere\",\"addressLocality\":\"Patornay\",\"postalCode\":\"39130\",\"addressCountry\":\"FR\"},\"contactPoint\":[{\"@type\":\"ContactPoint\",\"contactType\":\"Service client\",\"telephone\":\"0384254272\",\"email\":\"contact@csj-emballages.com\"}]}]}<\/script>\n<!-- \/ Yoast SEO Premium plugin. -->","yoast_head_json":{"title":"Caja para hamburguesas 150 x 150 x 70 mm por 50","description":"Descubre nuestra caja para hamburguesas de cart\u00f3n de 150 x 150 x 70 mm: resistente, pr\u00e1ctica y ecol\u00f3gica, perfecta para transportar tus hamburguesas y aperitivos.","robots":{"index":"index","follow":"follow","max-snippet":"max-snippet:-1","max-image-preview":"max-image-preview:large","max-video-preview":"max-video-preview:-1"},"canonical":"https:\/\/www.csj-emballages.com\/es\/produit\/50-cajas-dobles-desechables-para-hamburguesas-150-x-150-x-70-mm\/","og_locale":"es_ES","og_type":"article","og_title":"Caja de cart\u00f3n para hamburguesas 150 x 150 x 70 mm, paquete de 50","og_description":"Descubre nuestra caja para hamburguesas de cart\u00f3n de 150 x 150 x 70 mm: resistente, pr\u00e1ctica y ecol\u00f3gica, perfecta para transportar tus hamburguesas y aperitivos.","og_url":"https:\/\/www.csj-emballages.com\/es\/produit\/50-cajas-dobles-desechables-para-hamburguesas-150-x-150-x-70-mm\/","og_site_name":"CSJ Emballages","article_publisher":"https:\/\/www.facebook.com\/csjemballages","article_modified_time":"2026-04-23T00:13:46+00:00","og_image":[{"width":800,"height":800,"url":"https:\/\/www.csj-emballages.com\/wp-content\/uploads\/2024\/03\/HP6KGEXL.webp","type":"image\/webp"}],"twitter_card":"summary_large_image","twitter_misc":{"Tiempo de lectura":"2 minutos"},"schema":{"@context":"https:\/\/schema.org","@graph":[{"@type":"WebPage","@id":"https:\/\/www.csj-emballages.com\/es\/produit\/50-cajas-dobles-desechables-para-hamburguesas-150-x-150-x-70-mm\/","url":"https:\/\/www.csj-emballages.com\/es\/produit\/50-cajas-dobles-desechables-para-hamburguesas-150-x-150-x-70-mm\/","name":"Caja para hamburguesas 150 x 150 x 70 mm por 50","isPartOf":{"@id":"https:\/\/www.csj-emballages.com\/es\/#website"},"primaryImageOfPage":{"@id":"https:\/\/www.csj-emballages.com\/es\/produit\/50-cajas-dobles-desechables-para-hamburguesas-150-x-150-x-70-mm\/#primaryimage"},"image":{"@id":"https:\/\/www.csj-emballages.com\/es\/produit\/50-cajas-dobles-desechables-para-hamburguesas-150-x-150-x-70-mm\/#primaryimage"},"thumbnailUrl":"https:\/\/www.csj-emballages.com\/wp-content\/uploads\/2024\/03\/HP6KGEXL.webp","datePublished":"2024-03-01T15:52:05+00:00","dateModified":"2026-04-23T00:13:46+00:00","description":"Descubre nuestra caja para hamburguesas de cart\u00f3n de 150 x 150 x 70 mm: resistente, pr\u00e1ctica y ecol\u00f3gica, perfecta para transportar tus hamburguesas y aperitivos.","breadcrumb":{"@id":"https:\/\/www.csj-emballages.com\/es\/produit\/50-cajas-dobles-desechables-para-hamburguesas-150-x-150-x-70-mm\/#breadcrumb"},"inLanguage":"es","potentialAction":[{"@type":"ReadAction","target":["https:\/\/www.csj-emballages.com\/es\/produit\/50-cajas-dobles-desechables-para-hamburguesas-150-x-150-x-70-mm\/"]}]},{"@type":"ImageObject","inLanguage":"es","@id":"https:\/\/www.csj-emballages.com\/es\/produit\/50-cajas-dobles-desechables-para-hamburguesas-150-x-150-x-70-mm\/#primaryimage","url":"https:\/\/www.csj-emballages.com\/wp-content\/uploads\/2024\/03\/HP6KGEXL.webp","contentUrl":"https:\/\/www.csj-emballages.com\/wp-content\/uploads\/2024\/03\/HP6KGEXL.webp","width":800,"height":800,"caption":"Boite burger"},{"@type":"BreadcrumbList","@id":"https:\/\/www.csj-emballages.com\/es\/produit\/50-cajas-dobles-desechables-para-hamburguesas-150-x-150-x-70-mm\/#breadcrumb","itemListElement":[{"@type":"ListItem","position":1,"name":"Accueil","item":"https:\/\/www.csj-emballages.com\/es\/universo-del-envasado-alimentario\/"},{"@type":"ListItem","position":2,"name":"Tienda","item":"https:\/\/www.csj-emballages.com\/tienda\/"},{"@type":"ListItem","position":3,"name":"Caja de cart\u00f3n para hamburguesas 150 x 150 x 70 mm, paquete de 50"}]},{"@type":"WebSite","@id":"https:\/\/www.csj-emballages.com\/es\/#website","url":"https:\/\/www.csj-emballages.com\/es\/","name":"CSJ Emballages","description":"","publisher":{"@id":"https:\/\/www.csj-emballages.com\/es\/#organization"},"potentialAction":[{"@type":"SearchAction","target":{"@type":"EntryPoint","urlTemplate":"https:\/\/www.csj-emballages.com\/es\/?s={search_term_string}"},"query-input":{"@type":"PropertyValueSpecification","valueRequired":true,"valueName":"search_term_string"}}],"inLanguage":"es"},{"@type":"Organization","@id":"https:\/\/www.csj-emballages.com\/es\/#Organization\/","name":"CSJ Emballages","url":"https:\/\/www.csj-emballages.com\/es\/","logo":{"@type":"ImageObject","inLanguage":"es","@id":"https:\/\/www.csj-emballages.com\/es\/#\/schema\/logo\/image\/","url":"https:\/\/www.csj-emballages.com\/wp-content\/uploads\/2023\/10\/logo_csj.webp","contentUrl":"https:\/\/www.csj-emballages.com\/wp-content\/uploads\/2023\/10\/logo_csj.webp","width":250,"height":95,"caption":"CSJ Emballages"},"image":{"@id":"https:\/\/www.csj-emballages.com\/es\/#\/schema\/logo\/image\/"},"sameAs":["https:\/\/www.facebook.com\/csjemballages"],"address":{"@type":"PostalAddress","streetAddress":"ZI La Lechere","addressLocality":"Patornay","postalCode":"39130","addressCountry":"FR"},"contactPoint":[{"@type":"ContactPoint","contactType":"Service client","telephone":"0384254272","email":"contact@csj-emballages.com"}]}]}},"df_price":7.21,"df_sale_price":7.21,"df_regular_price":8.48,"df_image_link":"https:\/\/www.csj-emballages.com\/wp-content\/uploads\/2024\/03\/HP6KGEXL-300x300.webp","tiered_pricing_type":"fixed","tiered_pricing_fixed_rules":[],"tiered_pricing_percentage_rules":[],"tiered_pricing_minimum":1,"tiered_pricing_roles_data":[],"_links":{"self":[{"href":"https:\/\/www.csj-emballages.com\/es\/wp-json\/wp\/v2\/product\/21711","targetHints":{"allow":["GET"]}}],"collection":[{"href":"https:\/\/www.csj-emballages.com\/es\/wp-json\/wp\/v2\/product"}],"about":[{"href":"https:\/\/www.csj-emballages.com\/es\/wp-json\/wp\/v2\/types\/product"}],"wp:featuredmedia":[{"embeddable":true,"href":"https:\/\/www.csj-emballages.com\/es\/wp-json\/wp\/v2\/media\/223878"}],"wp:attachment":[{"href":"https:\/\/www.csj-emballages.com\/es\/wp-json\/wp\/v2\/media?parent=21711"}],"wp:term":[{"taxonomy":"product_brand","embeddable":true,"href":"https:\/\/www.csj-emballages.com\/es\/wp-json\/wp\/v2\/product_brand?post=21711"},{"taxonomy":"product_cat","embeddable":true,"href":"https:\/\/www.csj-emballages.com\/es\/wp-json\/wp\/v2\/product_cat?post=21711"},{"taxonomy":"product_tag","embeddable":true,"href":"https:\/\/www.csj-emballages.com\/es\/wp-json\/wp\/v2\/product_tag?post=21711"}],"curies":[{"name":"wp","href":"https:\/\/api.w.org\/{rel}","templated":true}]}}