{"id":21702,"date":"2024-03-01T16:52:07","date_gmt":"2024-03-01T15:52:07","guid":{"rendered":"https:\/\/u15jnbdpoq.preview.infomaniak.website\/produit\/50-cajas-de-tacos-biodegradables-desechables-de-bagazo-220-x-153-x-77-mm\/"},"modified":"2026-04-24T02:14:22","modified_gmt":"2026-04-24T00:14:22","slug":"50-cajas-de-tacos-biodegradables-desechables-de-bagazo-220-x-153-x-77-mm","status":"publish","type":"product","link":"https:\/\/www.csj-emballages.com\/es\/produit\/50-cajas-de-tacos-biodegradables-desechables-de-bagazo-220-x-153-x-77-mm\/","title":{"rendered":"Caja de tacos abatible de bagazo biodegradable 220 x 153 x 77 mm por 50"},"content":{"rendered":"<h2>Caja para kebab<\/h2>\n<hr>\n<h3>Descripci\u00f3n de nuestra caja de tacos abatible de bagazo biodegradable 220 x 153 x 77 mm por 50<\/h3>\n<p><!--more--><\/p>\n<p data-start=\"279\" data-end=\"741\">Dise\u00f1ada para satisfacer las necesidades de los profesionales de la comida r\u00e1pida, <strong data-start=\"358\" data-end=\"404\">esta lata de tacos de bagazo con bisagras<\/strong> es una soluci\u00f3n pr\u00e1ctica, ecol\u00f3gica y robusta. Con unas generosas dimensiones <strong data-start=\"493\" data-end=\"514\">de 220 x 153 x 77 mm<\/strong>, es perfecto para uno o dos tacos, pero tambi\u00e9n puede utilizarse para otros platos calientes como paninis, kebabs, patatas fritas, hamburguesas gourmet o porciones generosas de comida para llevar. <\/p>\n<p data-start=\"743\" data-end=\"1092\">Fabricada con <strong data-start=\"765\" data-end=\"776\">bagazo<\/strong>, un material natural derivado de los residuos de la ca\u00f1a de az\u00facar, esta caja es <strong data-start=\"848\" data-end=\"886\">100% biodegradable y compostable<\/strong>, lo que la convierte en una alternativa ideal a los envases de pl\u00e1stico o poliestireno. Tambi\u00e9n es muy resistente al calor y la humedad, por lo que puedes servir en ella comida caliente sin que se deforme ni gotee. <\/p>\n<p data-start=\"1094\" data-end=\"1381\">Su <strong data-start=\"1097\" data-end=\"1117\">s\u00f3lida bisagra<\/strong> garantiza un cierre seguro a la vez que facilita su apertura, incluso en pleno servicio. Gracias a su dise\u00f1o sobrio y natural, se integra perfectamente en un enfoque eco-responsable, al tiempo que realza la imagen de su establecimiento a los ojos de sus clientes. <\/p>\n<p data-start=\"1383\" data-end=\"1568\">Es ideal para <strong data-start=\"1408\" data-end=\"1423\">camiones de comida<\/strong>, <strong data-start=\"1429\" data-end=\"1457\">comida para llevar<\/strong>, <strong data-start=\"1463\" data-end=\"1490\">servicios de catering para eventos<\/strong> e incluso <strong data-start=\"1503\" data-end=\"1567\">particulares deseosos de reducir su impacto ambiental<\/strong>.<\/p>\n<p data-start=\"1570\" data-end=\"1697\"><strong>Envasada en paquetes de 50 unidades<\/strong>, esta caja es un elemento esencial para el d\u00eda a d\u00eda que combina funcionalidad, est\u00e9tica y ecolog\u00eda.<\/p>\n<p data-start=\"1570\" data-end=\"1697\">\n<p data-start=\"1246\" data-end=\"1456\"><!--more--><\/p>\n<h4 data-start=\"1246\" data-end=\"1456\">Ventajas :<\/h4>\n<ul>\n<li>100% biodegradable, compostable y reciclable.<\/li>\n<li>Resistente al calor, la grasa y la humedad.<\/li>\n<li>Adecuado para tacos, paninis, hamburguesas o patatas fritas.<\/li>\n<li>Cierre seguro con bisagra.<\/li>\n<li>Esta caja para hamburguesas ecol\u00f3gicas es una soluci\u00f3n eco-responsable para la comida para llevar.<\/li>\n<li>Mejora de la imagen entre los clientes concienciados con el medio ambiente.<\/li>\n<\/ul>\n<p>&nbsp;<\/p>\n<p><!--more--><\/p>\n<h4>Informaci\u00f3n adicional :<\/h4>\n<ul>\n<li><strong>Envase<\/strong>: Paquete de 50<\/li>\n<li><strong>Dimensiones<\/strong>: 220 x 153 x 77 mm<\/li>\n<li><strong>Material<\/strong>: Bagazo (pulpa de ca\u00f1a de az\u00facar)<\/li>\n<li><strong>Color <\/strong>: blanco<\/li>\n<\/ul>\n<p>&nbsp;<\/p>\n<p><!--more--><\/p>\n<p>Encuentre aqu\u00ed nuestra caja para hamburguesas de 230 x 230 x 80 mm: <span style=\"color: #d12727;\"><a style=\"color: #d12727;\" href=\"https:\/\/www.csj-emballages.com\/es\/produit\/50-cajas-biodegradables-230-x-230-x-80-mm\/\">HP41BIOXL<\/a><\/span><\/p>\n<p>&nbsp;<\/p>\n<p><!--more--><\/p>\n<p><a href=\"https:\/\/www.csj-emballages.com\/es\/categorie-produit\/envasado-de-alimentos\/gama-ecologica\/platos-bandejas-cajas\/cajas-articuladas-bio\/\">Ver el resto de nuestra gama de cajas org\u00e1nicas con bisagras<\/a><\/p>\n","protected":false},"excerpt":{"rendered":"<p>Caja para kebab Descripci\u00f3n de nuestra caja de tacos abatible de bagazo biodegradable 220 x 153 x 77 mm por 50<\/p>\n","protected":false},"featured_media":239910,"template":"","meta":{"_acf_changed":false},"product_brand":[],"product_cat":[1179,1163,2791],"product_tag":[],"class_list":{"0":"post-21702","1":"product","2":"type-product","3":"status-publish","4":"has-post-thumbnail","6":"product_cat-catering-es","7":"product_cat-gama-ecologica","8":"product_cat-cajas-articuladas-bio","10":"first","11":"instock","12":"taxable","13":"shipping-taxable","14":"purchasable","15":"product-type-simple"},"acf":[],"yoast_head":"<!-- This site is optimized with the Yoast SEO Premium plugin v26.6 (Yoast SEO v26.6) - https:\/\/yoast.com\/wordpress\/plugins\/seo\/ -->\n<title>Caja de tacos abatible biodegradable 220 x 153 x 77 mm<\/title>\n<meta name=\"description\" content=\"Lata de tacos abatible de bagazo biodegradable 220 x 153 x 77 mm - ideal para comida para llevar, duradera y compostable. Paquete de 50 unidades.\" \/>\n<meta name=\"robots\" content=\"index, follow, max-snippet:-1, max-image-preview:large, max-video-preview:-1\" \/>\n<link rel=\"canonical\" href=\"https:\/\/www.csj-emballages.com\/es\/produit\/50-cajas-de-tacos-biodegradables-desechables-de-bagazo-220-x-153-x-77-mm\/\" \/>\n<meta property=\"og:locale\" content=\"es_ES\" \/>\n<meta property=\"og:type\" content=\"article\" \/>\n<meta property=\"og:title\" content=\"Caja de tacos abatible de bagazo biodegradable 220 x 153 x 77 mm por 50\" \/>\n<meta property=\"og:description\" content=\"Lata de tacos abatible de bagazo biodegradable 220 x 153 x 77 mm - ideal para comida para llevar, duradera y compostable. Paquete de 50 unidades.\" \/>\n<meta property=\"og:url\" content=\"https:\/\/www.csj-emballages.com\/es\/produit\/50-cajas-de-tacos-biodegradables-desechables-de-bagazo-220-x-153-x-77-mm\/\" \/>\n<meta property=\"og:site_name\" content=\"CSJ Emballages\" \/>\n<meta property=\"article:publisher\" content=\"https:\/\/www.facebook.com\/csjemballages\" \/>\n<meta property=\"article:modified_time\" content=\"2026-04-24T00:14:22+00:00\" \/>\n<meta property=\"og:image\" content=\"https:\/\/www.csj-emballages.com\/wp-content\/uploads\/2024\/03\/HP3BIO.webp\" \/>\n\t<meta property=\"og:image:width\" content=\"800\" \/>\n\t<meta property=\"og:image:height\" content=\"800\" \/>\n\t<meta property=\"og:image:type\" content=\"image\/webp\" \/>\n<meta name=\"twitter:card\" content=\"summary_large_image\" \/>\n<meta name=\"twitter:label1\" content=\"Tiempo de lectura\" \/>\n\t<meta name=\"twitter:data1\" content=\"2 minutos\" \/>\n<script type=\"application\/ld+json\" class=\"yoast-schema-graph\">{\"@context\":\"https:\/\/schema.org\",\"@graph\":[{\"@type\":\"WebPage\",\"@id\":\"https:\/\/www.csj-emballages.com\/es\/produit\/50-cajas-de-tacos-biodegradables-desechables-de-bagazo-220-x-153-x-77-mm\/\",\"url\":\"https:\/\/www.csj-emballages.com\/es\/produit\/50-cajas-de-tacos-biodegradables-desechables-de-bagazo-220-x-153-x-77-mm\/\",\"name\":\"Caja de tacos abatible biodegradable 220 x 153 x 77 mm\",\"isPartOf\":{\"@id\":\"https:\/\/www.csj-emballages.com\/es\/#website\"},\"primaryImageOfPage\":{\"@id\":\"https:\/\/www.csj-emballages.com\/es\/produit\/50-cajas-de-tacos-biodegradables-desechables-de-bagazo-220-x-153-x-77-mm\/#primaryimage\"},\"image\":{\"@id\":\"https:\/\/www.csj-emballages.com\/es\/produit\/50-cajas-de-tacos-biodegradables-desechables-de-bagazo-220-x-153-x-77-mm\/#primaryimage\"},\"thumbnailUrl\":\"https:\/\/www.csj-emballages.com\/wp-content\/uploads\/2024\/03\/HP3BIO.webp\",\"datePublished\":\"2024-03-01T15:52:07+00:00\",\"dateModified\":\"2026-04-24T00:14:22+00:00\",\"description\":\"Lata de tacos abatible de bagazo biodegradable 220 x 153 x 77 mm - ideal para comida para llevar, duradera y compostable. Paquete de 50 unidades.\",\"breadcrumb\":{\"@id\":\"https:\/\/www.csj-emballages.com\/es\/produit\/50-cajas-de-tacos-biodegradables-desechables-de-bagazo-220-x-153-x-77-mm\/#breadcrumb\"},\"inLanguage\":\"es\",\"potentialAction\":[{\"@type\":\"ReadAction\",\"target\":[\"https:\/\/www.csj-emballages.com\/es\/produit\/50-cajas-de-tacos-biodegradables-desechables-de-bagazo-220-x-153-x-77-mm\/\"]}]},{\"@type\":\"ImageObject\",\"inLanguage\":\"es\",\"@id\":\"https:\/\/www.csj-emballages.com\/es\/produit\/50-cajas-de-tacos-biodegradables-desechables-de-bagazo-220-x-153-x-77-mm\/#primaryimage\",\"url\":\"https:\/\/www.csj-emballages.com\/wp-content\/uploads\/2024\/03\/HP3BIO.webp\",\"contentUrl\":\"https:\/\/www.csj-emballages.com\/wp-content\/uploads\/2024\/03\/HP3BIO.webp\",\"width\":800,\"height\":800,\"caption\":\"Boite tacos\"},{\"@type\":\"BreadcrumbList\",\"@id\":\"https:\/\/www.csj-emballages.com\/es\/produit\/50-cajas-de-tacos-biodegradables-desechables-de-bagazo-220-x-153-x-77-mm\/#breadcrumb\",\"itemListElement\":[{\"@type\":\"ListItem\",\"position\":1,\"name\":\"Accueil\",\"item\":\"https:\/\/www.csj-emballages.com\/es\/universo-del-envasado-alimentario\/\"},{\"@type\":\"ListItem\",\"position\":2,\"name\":\"Tienda\",\"item\":\"https:\/\/www.csj-emballages.com\/tienda\/\"},{\"@type\":\"ListItem\",\"position\":3,\"name\":\"Caja de tacos abatible de bagazo biodegradable 220 x 153 x 77 mm por 50\"}]},{\"@type\":\"WebSite\",\"@id\":\"https:\/\/www.csj-emballages.com\/es\/#website\",\"url\":\"https:\/\/www.csj-emballages.com\/es\/\",\"name\":\"CSJ Emballages\",\"description\":\"\",\"publisher\":{\"@id\":\"https:\/\/www.csj-emballages.com\/es\/#organization\"},\"potentialAction\":[{\"@type\":\"SearchAction\",\"target\":{\"@type\":\"EntryPoint\",\"urlTemplate\":\"https:\/\/www.csj-emballages.com\/es\/?s={search_term_string}\"},\"query-input\":{\"@type\":\"PropertyValueSpecification\",\"valueRequired\":true,\"valueName\":\"search_term_string\"}}],\"inLanguage\":\"es\"},{\"@type\":\"Organization\",\"@id\":\"https:\/\/www.csj-emballages.com\/es\/#Organization\/\",\"name\":\"CSJ Emballages\",\"url\":\"https:\/\/www.csj-emballages.com\/es\/\",\"logo\":{\"@type\":\"ImageObject\",\"inLanguage\":\"es\",\"@id\":\"https:\/\/www.csj-emballages.com\/es\/#\/schema\/logo\/image\/\",\"url\":\"https:\/\/www.csj-emballages.com\/wp-content\/uploads\/2023\/10\/logo_csj.webp\",\"contentUrl\":\"https:\/\/www.csj-emballages.com\/wp-content\/uploads\/2023\/10\/logo_csj.webp\",\"width\":250,\"height\":95,\"caption\":\"CSJ Emballages\"},\"image\":{\"@id\":\"https:\/\/www.csj-emballages.com\/es\/#\/schema\/logo\/image\/\"},\"sameAs\":[\"https:\/\/www.facebook.com\/csjemballages\"],\"address\":{\"@type\":\"PostalAddress\",\"streetAddress\":\"ZI La Lechere\",\"addressLocality\":\"Patornay\",\"postalCode\":\"39130\",\"addressCountry\":\"FR\"},\"contactPoint\":[{\"@type\":\"ContactPoint\",\"contactType\":\"Service client\",\"telephone\":\"0384254272\",\"email\":\"contact@csj-emballages.com\"}]}]}<\/script>\n<!-- \/ Yoast SEO Premium plugin. -->","yoast_head_json":{"title":"Caja de tacos abatible biodegradable 220 x 153 x 77 mm","description":"Lata de tacos abatible de bagazo biodegradable 220 x 153 x 77 mm - ideal para comida para llevar, duradera y compostable. Paquete de 50 unidades.","robots":{"index":"index","follow":"follow","max-snippet":"max-snippet:-1","max-image-preview":"max-image-preview:large","max-video-preview":"max-video-preview:-1"},"canonical":"https:\/\/www.csj-emballages.com\/es\/produit\/50-cajas-de-tacos-biodegradables-desechables-de-bagazo-220-x-153-x-77-mm\/","og_locale":"es_ES","og_type":"article","og_title":"Caja de tacos abatible de bagazo biodegradable 220 x 153 x 77 mm por 50","og_description":"Lata de tacos abatible de bagazo biodegradable 220 x 153 x 77 mm - ideal para comida para llevar, duradera y compostable. Paquete de 50 unidades.","og_url":"https:\/\/www.csj-emballages.com\/es\/produit\/50-cajas-de-tacos-biodegradables-desechables-de-bagazo-220-x-153-x-77-mm\/","og_site_name":"CSJ Emballages","article_publisher":"https:\/\/www.facebook.com\/csjemballages","article_modified_time":"2026-04-24T00:14:22+00:00","og_image":[{"width":800,"height":800,"url":"https:\/\/www.csj-emballages.com\/wp-content\/uploads\/2024\/03\/HP3BIO.webp","type":"image\/webp"}],"twitter_card":"summary_large_image","twitter_misc":{"Tiempo de lectura":"2 minutos"},"schema":{"@context":"https:\/\/schema.org","@graph":[{"@type":"WebPage","@id":"https:\/\/www.csj-emballages.com\/es\/produit\/50-cajas-de-tacos-biodegradables-desechables-de-bagazo-220-x-153-x-77-mm\/","url":"https:\/\/www.csj-emballages.com\/es\/produit\/50-cajas-de-tacos-biodegradables-desechables-de-bagazo-220-x-153-x-77-mm\/","name":"Caja de tacos abatible biodegradable 220 x 153 x 77 mm","isPartOf":{"@id":"https:\/\/www.csj-emballages.com\/es\/#website"},"primaryImageOfPage":{"@id":"https:\/\/www.csj-emballages.com\/es\/produit\/50-cajas-de-tacos-biodegradables-desechables-de-bagazo-220-x-153-x-77-mm\/#primaryimage"},"image":{"@id":"https:\/\/www.csj-emballages.com\/es\/produit\/50-cajas-de-tacos-biodegradables-desechables-de-bagazo-220-x-153-x-77-mm\/#primaryimage"},"thumbnailUrl":"https:\/\/www.csj-emballages.com\/wp-content\/uploads\/2024\/03\/HP3BIO.webp","datePublished":"2024-03-01T15:52:07+00:00","dateModified":"2026-04-24T00:14:22+00:00","description":"Lata de tacos abatible de bagazo biodegradable 220 x 153 x 77 mm - ideal para comida para llevar, duradera y compostable. Paquete de 50 unidades.","breadcrumb":{"@id":"https:\/\/www.csj-emballages.com\/es\/produit\/50-cajas-de-tacos-biodegradables-desechables-de-bagazo-220-x-153-x-77-mm\/#breadcrumb"},"inLanguage":"es","potentialAction":[{"@type":"ReadAction","target":["https:\/\/www.csj-emballages.com\/es\/produit\/50-cajas-de-tacos-biodegradables-desechables-de-bagazo-220-x-153-x-77-mm\/"]}]},{"@type":"ImageObject","inLanguage":"es","@id":"https:\/\/www.csj-emballages.com\/es\/produit\/50-cajas-de-tacos-biodegradables-desechables-de-bagazo-220-x-153-x-77-mm\/#primaryimage","url":"https:\/\/www.csj-emballages.com\/wp-content\/uploads\/2024\/03\/HP3BIO.webp","contentUrl":"https:\/\/www.csj-emballages.com\/wp-content\/uploads\/2024\/03\/HP3BIO.webp","width":800,"height":800,"caption":"Boite tacos"},{"@type":"BreadcrumbList","@id":"https:\/\/www.csj-emballages.com\/es\/produit\/50-cajas-de-tacos-biodegradables-desechables-de-bagazo-220-x-153-x-77-mm\/#breadcrumb","itemListElement":[{"@type":"ListItem","position":1,"name":"Accueil","item":"https:\/\/www.csj-emballages.com\/es\/universo-del-envasado-alimentario\/"},{"@type":"ListItem","position":2,"name":"Tienda","item":"https:\/\/www.csj-emballages.com\/tienda\/"},{"@type":"ListItem","position":3,"name":"Caja de tacos abatible de bagazo biodegradable 220 x 153 x 77 mm por 50"}]},{"@type":"WebSite","@id":"https:\/\/www.csj-emballages.com\/es\/#website","url":"https:\/\/www.csj-emballages.com\/es\/","name":"CSJ Emballages","description":"","publisher":{"@id":"https:\/\/www.csj-emballages.com\/es\/#organization"},"potentialAction":[{"@type":"SearchAction","target":{"@type":"EntryPoint","urlTemplate":"https:\/\/www.csj-emballages.com\/es\/?s={search_term_string}"},"query-input":{"@type":"PropertyValueSpecification","valueRequired":true,"valueName":"search_term_string"}}],"inLanguage":"es"},{"@type":"Organization","@id":"https:\/\/www.csj-emballages.com\/es\/#Organization\/","name":"CSJ Emballages","url":"https:\/\/www.csj-emballages.com\/es\/","logo":{"@type":"ImageObject","inLanguage":"es","@id":"https:\/\/www.csj-emballages.com\/es\/#\/schema\/logo\/image\/","url":"https:\/\/www.csj-emballages.com\/wp-content\/uploads\/2023\/10\/logo_csj.webp","contentUrl":"https:\/\/www.csj-emballages.com\/wp-content\/uploads\/2023\/10\/logo_csj.webp","width":250,"height":95,"caption":"CSJ Emballages"},"image":{"@id":"https:\/\/www.csj-emballages.com\/es\/#\/schema\/logo\/image\/"},"sameAs":["https:\/\/www.facebook.com\/csjemballages"],"address":{"@type":"PostalAddress","streetAddress":"ZI La Lechere","addressLocality":"Patornay","postalCode":"39130","addressCountry":"FR"},"contactPoint":[{"@type":"ContactPoint","contactType":"Service client","telephone":"0384254272","email":"contact@csj-emballages.com"}]}]}},"df_price":8.7,"df_sale_price":"","df_regular_price":8.7,"df_image_link":"https:\/\/www.csj-emballages.com\/wp-content\/uploads\/2024\/03\/HP3BIO-300x300.webp","tiered_pricing_type":"fixed","tiered_pricing_fixed_rules":[],"tiered_pricing_percentage_rules":[],"tiered_pricing_minimum":1,"tiered_pricing_roles_data":[],"_links":{"self":[{"href":"https:\/\/www.csj-emballages.com\/es\/wp-json\/wp\/v2\/product\/21702","targetHints":{"allow":["GET"]}}],"collection":[{"href":"https:\/\/www.csj-emballages.com\/es\/wp-json\/wp\/v2\/product"}],"about":[{"href":"https:\/\/www.csj-emballages.com\/es\/wp-json\/wp\/v2\/types\/product"}],"wp:featuredmedia":[{"embeddable":true,"href":"https:\/\/www.csj-emballages.com\/es\/wp-json\/wp\/v2\/media\/239910"}],"wp:attachment":[{"href":"https:\/\/www.csj-emballages.com\/es\/wp-json\/wp\/v2\/media?parent=21702"}],"wp:term":[{"taxonomy":"product_brand","embeddable":true,"href":"https:\/\/www.csj-emballages.com\/es\/wp-json\/wp\/v2\/product_brand?post=21702"},{"taxonomy":"product_cat","embeddable":true,"href":"https:\/\/www.csj-emballages.com\/es\/wp-json\/wp\/v2\/product_cat?post=21702"},{"taxonomy":"product_tag","embeddable":true,"href":"https:\/\/www.csj-emballages.com\/es\/wp-json\/wp\/v2\/product_tag?post=21702"}],"curies":[{"name":"wp","href":"https:\/\/api.w.org\/{rel}","templated":true}]}}