{"id":21699,"date":"2024-03-01T16:52:06","date_gmt":"2024-03-01T15:52:06","guid":{"rendered":"https:\/\/u15jnbdpoq.preview.infomaniak.website\/produit\/100-cajas-de-carton-desechables-para-panini-208-x-70-x-75-mm\/"},"modified":"2026-04-18T02:15:00","modified_gmt":"2026-04-18T00:15:00","slug":"100-cajas-de-carton-desechables-para-panini-208-x-70-x-75-mm","status":"publish","type":"product","link":"https:\/\/www.csj-emballages.com\/es\/produit\/100-cajas-de-carton-desechables-para-panini-208-x-70-x-75-mm\/","title":{"rendered":"Cart\u00f3n para perritos calientes 208 x 70 x 75 mm por 100"},"content":{"rendered":"<h2>Caja para perritos calientes<\/h2>\n<div style=\"text-align: center;\">\n<hr>\n<h3 style=\"text-align: left;\">Descripci\u00f3n del cart\u00f3n para perritos calientes 208 x 70 x 75 mm por 100<\/h3>\n<p style=\"text-align: left;\"><!--more--><\/p>\n<p style=\"text-align: left;\" data-start=\"236\" data-end=\"657\">Si busca un envase sencillo y pr\u00e1ctico que se adapte perfectamente a sus perritos calientes, esta <strong data-start=\"328\" data-end=\"372\">caja de cart\u00f3n para perritos calientes de 208 x 70 x 75 mm<\/strong> satisfar\u00e1 claramente sus necesidades. En cuanto la tenga en la mano, notar\u00e1 que est\u00e1 dise\u00f1ada para ofrecer una sujeci\u00f3n impecable. Gracias a su forma alargada, el <strong>perrito caliente<\/strong> se mantiene en su sitio, sin resbalar ni aplastarse, garantizando una presentaci\u00f3n limpia y apetitosa. Adem\u00e1s, su estructura <g id=\"gid_2\">r\u00edgida de cart\u00f3n<\/g> le confiere una gran estabilidad. Tanto si sirve sus <g id=\"gid_3\">perritos<\/g> calientes in situ, en un cami\u00f3n de comida o para reparto, puede contar con un envase fiable y resistente. Adem\u00e1s, es f\u00e1cil de abrir, para que sus clientes puedan disfrutar de su perrito caliente sin ensuciarse ni tener dificultades para sujetar la caja.     <\/p>\n<p style=\"text-align: left;\" data-start=\"1010\" data-end=\"1289\">Adem\u00e1s, sus dimensiones de <strong data-start=\"1042\" data-end=\"1062\">208 x 70 x 75 mm<\/strong> son ideales para la mayor\u00eda de tama\u00f1os de <strong>perritos<\/strong> calientes, incluso los m\u00e1s generosos. Podr\u00e1 ofrecer una gran variedad de recetas, con abundante relleno, manteniendo un agarre agradable y seguro. <\/p>\n<p style=\"text-align: left;\" data-start=\"1291\" data-end=\"1586\">Adem\u00e1s, la <strong data-start=\"328\" data-end=\"372\">caja de<\/strong> <strong>cart\u00f3n<\/strong> <strong data-start=\"328\" data-end=\"372\">para perritos<\/strong> calientes a\u00f1ade un toque profesional a su servicio. Refuerza la imagen de su establecimiento mostrando que utiliza un envase limpio, moderno y apto para aperitivos. Esto tranquiliza a sus clientes y hace que pedir sea a\u00fan m\u00e1s agradable.  <\/p>\n<p style=\"text-align: left;\" data-start=\"1588\" data-end=\"1967\">Por \u00faltimo, al venderse <strong data-start=\"1602\" data-end=\"1620\">en paquetes de 100<\/strong> unidades, le permite gestionar grandes vol\u00famenes optimizando sus existencias. Ahorrar\u00e1 tiempo, ser\u00e1 m\u00e1s eficaz y evitar\u00e1 que se agoten las existencias en periodos de gran demanda. En resumen, esta <strong data-start=\"328\" data-end=\"372\">caja para per<\/strong> ritos calientes es una elecci\u00f3n pr\u00e1ctica, fiable e indispensable para todos los profesionales que desean servir perritos calientes de forma limpia y ordenada.  <\/p>\n<p style=\"text-align: left;\" data-start=\"1588\" data-end=\"1967\">\n<p style=\"text-align: left;\"><!--more--><\/p>\n<p style=\"text-align: left;\"><strong>Ventajas :<\/strong><\/p>\n<ul>\n<li style=\"text-align: left;\" data-start=\"1996\" data-end=\"2038\">Formato ideal para todo tipo de <strong>perritos<\/strong> calientes.<\/li>\n<li style=\"text-align: left;\" data-start=\"2041\" data-end=\"2075\"><strong>Cart\u00f3n r\u00edgido<\/strong>: sujeci\u00f3n perfecta.<\/li>\n<li style=\"text-align: left;\" data-start=\"2078\" data-end=\"2110\">F\u00e1cil de abrir y manejar.<\/li>\n<li style=\"text-align: left;\" data-start=\"2113\" data-end=\"2160\">Adecuado para venta in situ, comida para llevar o reparto.<\/li>\n<li style=\"text-align: left;\" data-start=\"2163\" data-end=\"2193\">Aspecto limpio y profesional.<\/li>\n<li style=\"text-align: left;\" data-start=\"2196\" data-end=\"2233\"><strong>Paquete de 100<\/strong>: econ\u00f3mico y pr\u00e1ctico.<\/li>\n<\/ul>\n<\/div>\n<p>&nbsp;<\/p>\n<p><!--more--><\/p>\n<h4>Informaci\u00f3n adicional :<\/h4>\n<ul>\n<li><strong>Embalaje<\/strong>: Paquete de 100<\/li>\n<li><strong>Dimensiones<\/strong>: 208 x 70 x 75 mm<\/li>\n<li><strong>Material<\/strong>: Cart\u00f3n<\/li>\n<li><strong>Tipo de tapa<\/strong>: Tapa abatible<\/li>\n<\/ul>\n<p>&nbsp;<\/p>\n<p><!--more--><\/p>\n<p>Producto disponible en varios tama\u00f1os:  <span style=\"color: #d12727;\"><a style=\"color: #d12727;\" href=\"https:\/\/www.csj-emballages.com\/es\/produit\/100-cajas-dobles-desechables-para-hamburguesas-120-x-130-x-70-mm\/\">HP1K<\/a><\/span> \/ <span style=\"color: #d12727;\"><a style=\"color: #d12727;\" href=\"https:\/\/www.csj-emballages.com\/es\/produit\/100-cajas-de-chips-desechables-175-x-120-x-70-mm\/\">HP2K<\/a><\/span> \/ <g id=\"gid_4\"><g id=\"gid_5\">HP3K<\/g><\/g> \/ <g id=\"gid_6\"><g id=\"gid_7\">HP4K<\/g><\/g> \/ <g id=\"gid_8\"><g id=\"gid_9\">HP6K<\/g><\/g> \/ <span style=\"color: #d12727;\"><a style=\"color: #d12727;\" href=\"https:\/\/www.csj-emballages.com\/es\/produit\/caja-de-carton-para-hamburguesas-165-x-150-x-110-mm-por-100\/\">HP6KH<\/a><\/span> \/ <span style=\"color: #d12727;\"><a style=\"color: #d12727;\" href=\"https:\/\/www.csj-emballages.com\/produit\/50-boite-carton-burgers-jetables-carton-150-x-150-x-70-mm\/\">HP6KGE<\/a><\/span> \/        <span style=\"color: #d12727;\"><a style=\"color: #d12727;\" href=\"https:\/\/www.csj-emballages.com\/produit\/50-boites-doubles-burgers-xl-jetables-carton-170-x-170-x-80-mm\/\">HP6KXL<\/a> <span style=\"color: #000000;\">\/<\/span> <a style=\"color: #d12727;\" href=\"https:\/\/www.csj-emballages.com\/produit\/50-boite-carton-hot-dog-carton-kraft-23-2-x-9-x-6-3-cm-restauration-snack-emporter\/\">HP8K<\/a><\/span><\/p>\n<p>&nbsp;<\/p>\n<p><!--more--><\/p>\n<p><a href=\"https:\/\/www.csj-emballages.com\/es\/categorie-produit\/envasado-de-alimentos\/catering-es\/cajas-bandejas-bolsas-conos\/bandejas-cajas-de-carton\/fiambreras\/\">Ver el resto de nuestra gama de cajas para hamburguesas<\/a><\/p>\n","protected":false},"excerpt":{"rendered":"<p>Caja para perritos calientes Descripci\u00f3n del cart\u00f3n para perritos calientes 208 x 70 x 75 mm por 100<\/p>\n","protected":false},"featured_media":224584,"template":"","meta":{"_acf_changed":false},"product_brand":[],"product_cat":[1150,1179,2796],"product_tag":[],"class_list":{"0":"post-21699","1":"product","2":"type-product","3":"status-publish","4":"has-post-thumbnail","6":"product_cat-envasado-de-alimentos","7":"product_cat-catering-es","8":"product_cat-fiambreras","10":"first","11":"instock","12":"taxable","13":"shipping-taxable","14":"purchasable","15":"product-type-simple"},"acf":[],"yoast_head":"<!-- This site is optimized with the Yoast SEO Premium plugin v26.6 (Yoast SEO v26.6) - https:\/\/yoast.com\/wordpress\/plugins\/seo\/ -->\n<title>Caja para perritos calientes 208 x 70 x 75 mm por 100<\/title>\n<meta name=\"description\" content=\"Opta por nuestro envase de cart\u00f3n para perritos calientes, pr\u00e1ctico y respetuoso con el medio ambiente, que garantiza una buena conservaci\u00f3n y presentaci\u00f3n de tus comidas para llevar.\" \/>\n<meta name=\"robots\" content=\"index, follow, max-snippet:-1, max-image-preview:large, max-video-preview:-1\" \/>\n<link rel=\"canonical\" href=\"https:\/\/www.csj-emballages.com\/es\/produit\/100-cajas-de-carton-desechables-para-panini-208-x-70-x-75-mm\/\" \/>\n<meta property=\"og:locale\" content=\"es_ES\" \/>\n<meta property=\"og:type\" content=\"article\" \/>\n<meta property=\"og:title\" content=\"Cart\u00f3n para perritos calientes 208 x 70 x 75 mm por 100\" \/>\n<meta property=\"og:description\" content=\"Opta por nuestro envase de cart\u00f3n para perritos calientes, pr\u00e1ctico y respetuoso con el medio ambiente, que garantiza una buena conservaci\u00f3n y presentaci\u00f3n de tus comidas para llevar.\" \/>\n<meta property=\"og:url\" content=\"https:\/\/www.csj-emballages.com\/es\/produit\/100-cajas-de-carton-desechables-para-panini-208-x-70-x-75-mm\/\" \/>\n<meta property=\"og:site_name\" content=\"CSJ Emballages\" \/>\n<meta property=\"article:publisher\" content=\"https:\/\/www.facebook.com\/csjemballages\" \/>\n<meta property=\"article:modified_time\" content=\"2026-04-18T00:15:00+00:00\" \/>\n<meta property=\"og:image\" content=\"https:\/\/www.csj-emballages.com\/wp-content\/uploads\/2024\/03\/HP5K-1-png.webp\" \/>\n\t<meta property=\"og:image:width\" content=\"800\" \/>\n\t<meta property=\"og:image:height\" content=\"800\" \/>\n\t<meta property=\"og:image:type\" content=\"image\/png\" \/>\n<meta name=\"twitter:card\" content=\"summary_large_image\" \/>\n<meta name=\"twitter:label1\" content=\"Tiempo de lectura\" \/>\n\t<meta name=\"twitter:data1\" content=\"2 minutos\" \/>\n<script type=\"application\/ld+json\" class=\"yoast-schema-graph\">{\"@context\":\"https:\/\/schema.org\",\"@graph\":[{\"@type\":\"WebPage\",\"@id\":\"https:\/\/www.csj-emballages.com\/es\/produit\/100-cajas-de-carton-desechables-para-panini-208-x-70-x-75-mm\/\",\"url\":\"https:\/\/www.csj-emballages.com\/es\/produit\/100-cajas-de-carton-desechables-para-panini-208-x-70-x-75-mm\/\",\"name\":\"Caja para perritos calientes 208 x 70 x 75 mm por 100\",\"isPartOf\":{\"@id\":\"https:\/\/www.csj-emballages.com\/es\/#website\"},\"primaryImageOfPage\":{\"@id\":\"https:\/\/www.csj-emballages.com\/es\/produit\/100-cajas-de-carton-desechables-para-panini-208-x-70-x-75-mm\/#primaryimage\"},\"image\":{\"@id\":\"https:\/\/www.csj-emballages.com\/es\/produit\/100-cajas-de-carton-desechables-para-panini-208-x-70-x-75-mm\/#primaryimage\"},\"thumbnailUrl\":\"https:\/\/www.csj-emballages.com\/wp-content\/uploads\/2024\/03\/HP5K-1-png.webp\",\"datePublished\":\"2024-03-01T15:52:06+00:00\",\"dateModified\":\"2026-04-18T00:15:00+00:00\",\"description\":\"Opta por nuestro envase de cart\u00f3n para perritos calientes, pr\u00e1ctico y respetuoso con el medio ambiente, que garantiza una buena conservaci\u00f3n y presentaci\u00f3n de tus comidas para llevar.\",\"breadcrumb\":{\"@id\":\"https:\/\/www.csj-emballages.com\/es\/produit\/100-cajas-de-carton-desechables-para-panini-208-x-70-x-75-mm\/#breadcrumb\"},\"inLanguage\":\"es\",\"potentialAction\":[{\"@type\":\"ReadAction\",\"target\":[\"https:\/\/www.csj-emballages.com\/es\/produit\/100-cajas-de-carton-desechables-para-panini-208-x-70-x-75-mm\/\"]}]},{\"@type\":\"ImageObject\",\"inLanguage\":\"es\",\"@id\":\"https:\/\/www.csj-emballages.com\/es\/produit\/100-cajas-de-carton-desechables-para-panini-208-x-70-x-75-mm\/#primaryimage\",\"url\":\"https:\/\/www.csj-emballages.com\/wp-content\/uploads\/2024\/03\/HP5K-1-png.webp\",\"contentUrl\":\"https:\/\/www.csj-emballages.com\/wp-content\/uploads\/2024\/03\/HP5K-1-png.webp\",\"width\":800,\"height\":800,\"caption\":\"Boite hot dog\"},{\"@type\":\"BreadcrumbList\",\"@id\":\"https:\/\/www.csj-emballages.com\/es\/produit\/100-cajas-de-carton-desechables-para-panini-208-x-70-x-75-mm\/#breadcrumb\",\"itemListElement\":[{\"@type\":\"ListItem\",\"position\":1,\"name\":\"Accueil\",\"item\":\"https:\/\/www.csj-emballages.com\/es\/universo-del-envasado-alimentario\/\"},{\"@type\":\"ListItem\",\"position\":2,\"name\":\"Tienda\",\"item\":\"https:\/\/www.csj-emballages.com\/tienda\/\"},{\"@type\":\"ListItem\",\"position\":3,\"name\":\"Cart\u00f3n para perritos calientes 208 x 70 x 75 mm por 100\"}]},{\"@type\":\"WebSite\",\"@id\":\"https:\/\/www.csj-emballages.com\/es\/#website\",\"url\":\"https:\/\/www.csj-emballages.com\/es\/\",\"name\":\"CSJ Emballages\",\"description\":\"\",\"publisher\":{\"@id\":\"https:\/\/www.csj-emballages.com\/es\/#organization\"},\"potentialAction\":[{\"@type\":\"SearchAction\",\"target\":{\"@type\":\"EntryPoint\",\"urlTemplate\":\"https:\/\/www.csj-emballages.com\/es\/?s={search_term_string}\"},\"query-input\":{\"@type\":\"PropertyValueSpecification\",\"valueRequired\":true,\"valueName\":\"search_term_string\"}}],\"inLanguage\":\"es\"},{\"@type\":\"Organization\",\"@id\":\"https:\/\/www.csj-emballages.com\/es\/#Organization\/\",\"name\":\"CSJ Emballages\",\"url\":\"https:\/\/www.csj-emballages.com\/es\/\",\"logo\":{\"@type\":\"ImageObject\",\"inLanguage\":\"es\",\"@id\":\"https:\/\/www.csj-emballages.com\/es\/#\/schema\/logo\/image\/\",\"url\":\"https:\/\/www.csj-emballages.com\/wp-content\/uploads\/2023\/10\/logo_csj.webp\",\"contentUrl\":\"https:\/\/www.csj-emballages.com\/wp-content\/uploads\/2023\/10\/logo_csj.webp\",\"width\":250,\"height\":95,\"caption\":\"CSJ Emballages\"},\"image\":{\"@id\":\"https:\/\/www.csj-emballages.com\/es\/#\/schema\/logo\/image\/\"},\"sameAs\":[\"https:\/\/www.facebook.com\/csjemballages\"],\"address\":{\"@type\":\"PostalAddress\",\"streetAddress\":\"ZI La Lechere\",\"addressLocality\":\"Patornay\",\"postalCode\":\"39130\",\"addressCountry\":\"FR\"},\"contactPoint\":[{\"@type\":\"ContactPoint\",\"contactType\":\"Service client\",\"telephone\":\"0384254272\",\"email\":\"contact@csj-emballages.com\"}]}]}<\/script>\n<!-- \/ Yoast SEO Premium plugin. -->","yoast_head_json":{"title":"Caja para perritos calientes 208 x 70 x 75 mm por 100","description":"Opta por nuestro envase de cart\u00f3n para perritos calientes, pr\u00e1ctico y respetuoso con el medio ambiente, que garantiza una buena conservaci\u00f3n y presentaci\u00f3n de tus comidas para llevar.","robots":{"index":"index","follow":"follow","max-snippet":"max-snippet:-1","max-image-preview":"max-image-preview:large","max-video-preview":"max-video-preview:-1"},"canonical":"https:\/\/www.csj-emballages.com\/es\/produit\/100-cajas-de-carton-desechables-para-panini-208-x-70-x-75-mm\/","og_locale":"es_ES","og_type":"article","og_title":"Cart\u00f3n para perritos calientes 208 x 70 x 75 mm por 100","og_description":"Opta por nuestro envase de cart\u00f3n para perritos calientes, pr\u00e1ctico y respetuoso con el medio ambiente, que garantiza una buena conservaci\u00f3n y presentaci\u00f3n de tus comidas para llevar.","og_url":"https:\/\/www.csj-emballages.com\/es\/produit\/100-cajas-de-carton-desechables-para-panini-208-x-70-x-75-mm\/","og_site_name":"CSJ Emballages","article_publisher":"https:\/\/www.facebook.com\/csjemballages","article_modified_time":"2026-04-18T00:15:00+00:00","og_image":[{"width":800,"height":800,"url":"https:\/\/www.csj-emballages.com\/wp-content\/uploads\/2024\/03\/HP5K-1-png.webp","type":"image\/png"}],"twitter_card":"summary_large_image","twitter_misc":{"Tiempo de lectura":"2 minutos"},"schema":{"@context":"https:\/\/schema.org","@graph":[{"@type":"WebPage","@id":"https:\/\/www.csj-emballages.com\/es\/produit\/100-cajas-de-carton-desechables-para-panini-208-x-70-x-75-mm\/","url":"https:\/\/www.csj-emballages.com\/es\/produit\/100-cajas-de-carton-desechables-para-panini-208-x-70-x-75-mm\/","name":"Caja para perritos calientes 208 x 70 x 75 mm por 100","isPartOf":{"@id":"https:\/\/www.csj-emballages.com\/es\/#website"},"primaryImageOfPage":{"@id":"https:\/\/www.csj-emballages.com\/es\/produit\/100-cajas-de-carton-desechables-para-panini-208-x-70-x-75-mm\/#primaryimage"},"image":{"@id":"https:\/\/www.csj-emballages.com\/es\/produit\/100-cajas-de-carton-desechables-para-panini-208-x-70-x-75-mm\/#primaryimage"},"thumbnailUrl":"https:\/\/www.csj-emballages.com\/wp-content\/uploads\/2024\/03\/HP5K-1-png.webp","datePublished":"2024-03-01T15:52:06+00:00","dateModified":"2026-04-18T00:15:00+00:00","description":"Opta por nuestro envase de cart\u00f3n para perritos calientes, pr\u00e1ctico y respetuoso con el medio ambiente, que garantiza una buena conservaci\u00f3n y presentaci\u00f3n de tus comidas para llevar.","breadcrumb":{"@id":"https:\/\/www.csj-emballages.com\/es\/produit\/100-cajas-de-carton-desechables-para-panini-208-x-70-x-75-mm\/#breadcrumb"},"inLanguage":"es","potentialAction":[{"@type":"ReadAction","target":["https:\/\/www.csj-emballages.com\/es\/produit\/100-cajas-de-carton-desechables-para-panini-208-x-70-x-75-mm\/"]}]},{"@type":"ImageObject","inLanguage":"es","@id":"https:\/\/www.csj-emballages.com\/es\/produit\/100-cajas-de-carton-desechables-para-panini-208-x-70-x-75-mm\/#primaryimage","url":"https:\/\/www.csj-emballages.com\/wp-content\/uploads\/2024\/03\/HP5K-1-png.webp","contentUrl":"https:\/\/www.csj-emballages.com\/wp-content\/uploads\/2024\/03\/HP5K-1-png.webp","width":800,"height":800,"caption":"Boite hot dog"},{"@type":"BreadcrumbList","@id":"https:\/\/www.csj-emballages.com\/es\/produit\/100-cajas-de-carton-desechables-para-panini-208-x-70-x-75-mm\/#breadcrumb","itemListElement":[{"@type":"ListItem","position":1,"name":"Accueil","item":"https:\/\/www.csj-emballages.com\/es\/universo-del-envasado-alimentario\/"},{"@type":"ListItem","position":2,"name":"Tienda","item":"https:\/\/www.csj-emballages.com\/tienda\/"},{"@type":"ListItem","position":3,"name":"Cart\u00f3n para perritos calientes 208 x 70 x 75 mm por 100"}]},{"@type":"WebSite","@id":"https:\/\/www.csj-emballages.com\/es\/#website","url":"https:\/\/www.csj-emballages.com\/es\/","name":"CSJ Emballages","description":"","publisher":{"@id":"https:\/\/www.csj-emballages.com\/es\/#organization"},"potentialAction":[{"@type":"SearchAction","target":{"@type":"EntryPoint","urlTemplate":"https:\/\/www.csj-emballages.com\/es\/?s={search_term_string}"},"query-input":{"@type":"PropertyValueSpecification","valueRequired":true,"valueName":"search_term_string"}}],"inLanguage":"es"},{"@type":"Organization","@id":"https:\/\/www.csj-emballages.com\/es\/#Organization\/","name":"CSJ Emballages","url":"https:\/\/www.csj-emballages.com\/es\/","logo":{"@type":"ImageObject","inLanguage":"es","@id":"https:\/\/www.csj-emballages.com\/es\/#\/schema\/logo\/image\/","url":"https:\/\/www.csj-emballages.com\/wp-content\/uploads\/2023\/10\/logo_csj.webp","contentUrl":"https:\/\/www.csj-emballages.com\/wp-content\/uploads\/2023\/10\/logo_csj.webp","width":250,"height":95,"caption":"CSJ Emballages"},"image":{"@id":"https:\/\/www.csj-emballages.com\/es\/#\/schema\/logo\/image\/"},"sameAs":["https:\/\/www.facebook.com\/csjemballages"],"address":{"@type":"PostalAddress","streetAddress":"ZI La Lechere","addressLocality":"Patornay","postalCode":"39130","addressCountry":"FR"},"contactPoint":[{"@type":"ContactPoint","contactType":"Service client","telephone":"0384254272","email":"contact@csj-emballages.com"}]}]}},"df_price":19.14,"df_sale_price":"","df_regular_price":19.14,"df_image_link":"https:\/\/www.csj-emballages.com\/wp-content\/uploads\/2024\/03\/HP5K-1-300x300.webp","tiered_pricing_type":"fixed","tiered_pricing_fixed_rules":[],"tiered_pricing_percentage_rules":[],"tiered_pricing_minimum":1,"tiered_pricing_roles_data":[],"_links":{"self":[{"href":"https:\/\/www.csj-emballages.com\/es\/wp-json\/wp\/v2\/product\/21699","targetHints":{"allow":["GET"]}}],"collection":[{"href":"https:\/\/www.csj-emballages.com\/es\/wp-json\/wp\/v2\/product"}],"about":[{"href":"https:\/\/www.csj-emballages.com\/es\/wp-json\/wp\/v2\/types\/product"}],"wp:featuredmedia":[{"embeddable":true,"href":"https:\/\/www.csj-emballages.com\/es\/wp-json\/wp\/v2\/media\/224584"}],"wp:attachment":[{"href":"https:\/\/www.csj-emballages.com\/es\/wp-json\/wp\/v2\/media?parent=21699"}],"wp:term":[{"taxonomy":"product_brand","embeddable":true,"href":"https:\/\/www.csj-emballages.com\/es\/wp-json\/wp\/v2\/product_brand?post=21699"},{"taxonomy":"product_cat","embeddable":true,"href":"https:\/\/www.csj-emballages.com\/es\/wp-json\/wp\/v2\/product_cat?post=21699"},{"taxonomy":"product_tag","embeddable":true,"href":"https:\/\/www.csj-emballages.com\/es\/wp-json\/wp\/v2\/product_tag?post=21699"}],"curies":[{"name":"wp","href":"https:\/\/api.w.org\/{rel}","templated":true}]}}