{"id":21673,"date":"2024-03-01T16:52:07","date_gmt":"2024-03-01T15:52:07","guid":{"rendered":"https:\/\/u15jnbdpoq.preview.infomaniak.website\/produit\/100-cajas-de-chips-desechables-175-x-120-x-70-mm\/"},"modified":"2026-03-31T02:14:51","modified_gmt":"2026-03-31T00:14:51","slug":"100-cajas-de-chips-desechables-175-x-120-x-70-mm","status":"publish","type":"product","link":"https:\/\/www.csj-emballages.com\/es\/produit\/100-cajas-de-chips-desechables-175-x-120-x-70-mm\/","title":{"rendered":"Caja de cart\u00f3n para hamburguesas 175 x 120 x 70 mm por 100"},"content":{"rendered":"<h2>Caja de hamburguesas<\/h2>\n<div style=\"text-align: center;\">\n<hr>\n<h3 style=\"text-align: left;\">Descripci\u00f3n de la caja de cart\u00f3n para hamburguesas 175 x 120 x 70 mm por 100<\/h3>\n<p style=\"text-align: left;\"><!--more--><\/p>\n<p style=\"text-align: left;\" data-start=\"228\" data-end=\"606\">Si busca una caja para <strong>hamburguesas<\/strong> sencilla, fiable y f\u00e1cil de usar, esta <strong data-start=\"317\" data-end=\"361\">caja de cart\u00f3n para hamburguesas de 175 x 120 x 70 mm<\/strong> es justo lo que necesita. Nada m\u00e1s cogerla, notar\u00e1 de inmediato que est\u00e1 dise\u00f1ada para resistir los rigores del uso: su <strong>grueso cart\u00f3n<\/strong> mantiene el calor, conserva la forma de la hamburguesa y evita que se aplaste durante el transporte. <\/p>\n<p style=\"text-align: left;\" data-start=\"608\" data-end=\"1035\">Gracias a sus bien pensadas dimensiones, puede acomodar tanto hamburguesas cl\u00e1sicas como recetas m\u00e1s generosas. Tambi\u00e9n puedes utilizarla para bocadillos, bagels o incluso porciones de patatas fritas, lo que la hace especialmente vers\u00e1til. Adem\u00e1s, se cierra de forma r\u00e1pida y segura, lo que le ahorrar\u00e1 tiempo cuando tenga prisa. S\u00f3lo tiene que plegarla, engancharla y ya est\u00e1 lista.   <\/p>\n<p style=\"text-align: left;\" data-start=\"1037\" data-end=\"1466\">Adem\u00e1s, esta <strong data-start=\"317\" data-end=\"361\">caja para hamburguesas<\/strong> es ideal para la comida para llevar, el reparto o el servicio in situ. Mantiene sus preparaciones bien en su sitio a la vez que permite que circule una cantidad m\u00ednima de aire para evitar que el pan se empape. Esto garantiza que sus clientes disfruten a\u00fan m\u00e1s de su pan. Y como est\u00e1 hecho de <strong>cart\u00f3n<\/strong>, ofrece un aspecto natural y profesional que siempre es apreciado en el sector de la restauraci\u00f3n.   <\/p>\n<p style=\"text-align: left;\" data-start=\"1468\" data-end=\"1795\">Adem\u00e1s, se vende <strong data-start=\"1494\" data-end=\"1512\">en paquetes de 100 unidades<\/strong>, por lo que dispondr\u00e1 de existencias suficientes para trabajar con tranquilidad. Podr\u00e1 gestionar un gran volumen sin tener que recomendar con demasiada frecuencia. Este formato econ\u00f3mico es perfecto para restaurantes, bares de aperitivos, food trucks o cualquier negocio que sirva hamburguesas con regularidad.  <\/p>\n<p style=\"text-align: left;\" data-start=\"1797\" data-end=\"1931\">En resumen, esta <strong data-start=\"317\" data-end=\"361\">hamburguesera<\/strong> combina practicidad, robustez y facilidad de uso para ayudarle a realizar su trabajo diario.<\/p>\n<p style=\"text-align: left;\"><!--more--><\/p>\n<p style=\"text-align: left;\"><strong>Ventajas :<\/strong><\/p>\n<ul>\n<li style=\"text-align: left;\" data-start=\"1960\" data-end=\"2007\"><strong>Cart\u00f3n<\/strong> s\u00f3lido que protege y retiene el calor.<\/li>\n<li style=\"text-align: left;\" data-start=\"2010\" data-end=\"2067\">Tama\u00f1o ideal para hamburguesas cl\u00e1sicas y gourmet.<\/li>\n<li style=\"text-align: left;\" data-start=\"2070\" data-end=\"2101\">Cierre r\u00e1pido y seguro.<\/li>\n<li style=\"text-align: left;\" data-start=\"2104\" data-end=\"2146\"><strong>Polivalente<\/strong>: hamburguesas, s\u00e1ndwiches, patatas fritas.<\/li>\n<li style=\"text-align: left;\" data-start=\"2149\" data-end=\"2182\">Aspecto natural y profesional.<\/li>\n<li style=\"text-align: left;\" data-start=\"2185\" data-end=\"2222\"><strong>Paquete de 100<\/strong>: pr\u00e1ctico y econ\u00f3mico.<\/li>\n<\/ul>\n<\/div>\n<p>&nbsp;<\/p>\n<p><!--more--><\/p>\n<h4>Informaci\u00f3n adicional :<\/h4>\n<ul>\n<li><strong>Embalaje<\/strong>: Paquete de 100<\/li>\n<li><strong>Dimensiones<\/strong>: 175 x 120 x 70 mm<\/li>\n<li><strong>Material<\/strong>: Cart\u00f3n<\/li>\n<li><strong>Tipo de tapa<\/strong>: Tapa abatible<\/li>\n<\/ul>\n<p>&nbsp;<\/p>\n<p><!--more--><\/p>\n<p>Producto disponible en varios tama\u00f1os:  <span style=\"color: #d12727;\"><a style=\"color: #d12727;\" href=\"https:\/\/www.csj-emballages.com\/es\/produit\/100-cajas-dobles-desechables-para-hamburguesas-120-x-130-x-70-mm\/\">HP1K<\/a><\/span> \/ <g id=\"gid_2\"><g id=\"gid_3\">HP3K<\/g><\/g> \/ <g id=\"gid_4\"><g id=\"gid_5\">HP4K<\/g><\/g> \/ <span style=\"color: #d12727;\"><a style=\"color: #d12727;\" href=\"https:\/\/www.csj-emballages.com\/produit\/100-boite-carton-a-panini-208-x-70-x-75-mm-restauration-snack-hot-dog-emporter\/\">HP5K<\/a><\/span> \/ <g id=\"gid_8\"><g id=\"gid_9\">HP6K<\/g><\/g> \/ <span style=\"color: #d12727;\"><a style=\"color: #d12727;\" href=\"https:\/\/www.csj-emballages.com\/es\/produit\/caja-de-carton-para-hamburguesas-165-x-150-x-110-mm-por-100\/\">HP6KH<\/a><\/span> \/ <span style=\"color: #d12727;\"><a style=\"color: #d12727;\" href=\"https:\/\/www.csj-emballages.com\/produit\/50-boite-carton-burgers-jetables-carton-150-x-150-x-70-mm\/\">HP6KGE<\/a><\/span> \/        <span style=\"color: #d12727;\"><a style=\"color: #d12727;\" href=\"https:\/\/www.csj-emballages.com\/produit\/50-boites-doubles-burgers-xl-jetables-carton-170-x-170-x-80-mm\/\">HP6KXL<\/a><\/span><\/p>\n<p>&nbsp;<\/p>\n<p><!--more--><\/p>\n<p><a href=\"https:\/\/www.csj-emballages.com\/es\/categorie-produit\/envasado-de-alimentos\/catering-es\/cajas-bandejas-bolsas-conos\/bandejas-cajas-de-carton\/fiambreras\/\">Ver el resto de nuestra gama de cajas para hamburguesas<\/a><\/p>\n","protected":false},"excerpt":{"rendered":"<p>Caja de hamburguesas Descripci\u00f3n de la caja de cart\u00f3n para hamburguesas 175 x 120 x 70 mm por 100<\/p>\n","protected":false},"featured_media":224559,"template":"","meta":{"_acf_changed":false},"product_brand":[],"product_cat":[1150,1179,2796],"product_tag":[],"class_list":{"0":"post-21673","1":"product","2":"type-product","3":"status-publish","4":"has-post-thumbnail","6":"product_cat-envasado-de-alimentos","7":"product_cat-catering-es","8":"product_cat-fiambreras","10":"first","11":"instock","12":"taxable","13":"shipping-taxable","14":"purchasable","15":"product-type-simple"},"acf":[],"yoast_head":"<!-- This site is optimized with the Yoast SEO Premium plugin v26.6 (Yoast SEO v26.6) - https:\/\/yoast.com\/wordpress\/plugins\/seo\/ -->\n<title>Caja de cart\u00f3n para hamburguesas 175 x 120 x 70 mm por 100<\/title>\n<meta name=\"description\" content=\"Opta por nuestra caja para hamburguesas, pr\u00e1ctica y respetuosa con el medio ambiente, que garantiza una buena conservaci\u00f3n y presentaci\u00f3n de tus comidas para llevar.\" \/>\n<meta name=\"robots\" content=\"index, follow, max-snippet:-1, max-image-preview:large, max-video-preview:-1\" \/>\n<link rel=\"canonical\" href=\"https:\/\/www.csj-emballages.com\/es\/produit\/100-cajas-de-chips-desechables-175-x-120-x-70-mm\/\" \/>\n<meta property=\"og:locale\" content=\"es_ES\" \/>\n<meta property=\"og:type\" content=\"article\" \/>\n<meta property=\"og:title\" content=\"Caja de cart\u00f3n para hamburguesas 175 x 120 x 70 mm por 100\" \/>\n<meta property=\"og:description\" content=\"Opta por nuestra caja para hamburguesas, pr\u00e1ctica y respetuosa con el medio ambiente, que garantiza una buena conservaci\u00f3n y presentaci\u00f3n de tus comidas para llevar.\" \/>\n<meta property=\"og:url\" content=\"https:\/\/www.csj-emballages.com\/es\/produit\/100-cajas-de-chips-desechables-175-x-120-x-70-mm\/\" \/>\n<meta property=\"og:site_name\" content=\"CSJ Emballages\" \/>\n<meta property=\"article:publisher\" content=\"https:\/\/www.facebook.com\/csjemballages\" \/>\n<meta property=\"article:modified_time\" content=\"2026-03-31T00:14:51+00:00\" \/>\n<meta property=\"og:image\" content=\"https:\/\/www.csj-emballages.com\/wp-content\/uploads\/2024\/03\/HP2K.webp\" \/>\n\t<meta property=\"og:image:width\" content=\"800\" \/>\n\t<meta property=\"og:image:height\" content=\"800\" \/>\n\t<meta property=\"og:image:type\" content=\"image\/webp\" \/>\n<meta name=\"twitter:card\" content=\"summary_large_image\" \/>\n<meta name=\"twitter:label1\" content=\"Tiempo de lectura\" \/>\n\t<meta name=\"twitter:data1\" content=\"2 minutos\" \/>\n<script type=\"application\/ld+json\" class=\"yoast-schema-graph\">{\"@context\":\"https:\/\/schema.org\",\"@graph\":[{\"@type\":\"WebPage\",\"@id\":\"https:\/\/www.csj-emballages.com\/es\/produit\/100-cajas-de-chips-desechables-175-x-120-x-70-mm\/\",\"url\":\"https:\/\/www.csj-emballages.com\/es\/produit\/100-cajas-de-chips-desechables-175-x-120-x-70-mm\/\",\"name\":\"Caja de cart\u00f3n para hamburguesas 175 x 120 x 70 mm por 100\",\"isPartOf\":{\"@id\":\"https:\/\/www.csj-emballages.com\/es\/#website\"},\"primaryImageOfPage\":{\"@id\":\"https:\/\/www.csj-emballages.com\/es\/produit\/100-cajas-de-chips-desechables-175-x-120-x-70-mm\/#primaryimage\"},\"image\":{\"@id\":\"https:\/\/www.csj-emballages.com\/es\/produit\/100-cajas-de-chips-desechables-175-x-120-x-70-mm\/#primaryimage\"},\"thumbnailUrl\":\"https:\/\/www.csj-emballages.com\/wp-content\/uploads\/2024\/03\/HP2K.webp\",\"datePublished\":\"2024-03-01T15:52:07+00:00\",\"dateModified\":\"2026-03-31T00:14:51+00:00\",\"description\":\"Opta por nuestra caja para hamburguesas, pr\u00e1ctica y respetuosa con el medio ambiente, que garantiza una buena conservaci\u00f3n y presentaci\u00f3n de tus comidas para llevar.\",\"breadcrumb\":{\"@id\":\"https:\/\/www.csj-emballages.com\/es\/produit\/100-cajas-de-chips-desechables-175-x-120-x-70-mm\/#breadcrumb\"},\"inLanguage\":\"es\",\"potentialAction\":[{\"@type\":\"ReadAction\",\"target\":[\"https:\/\/www.csj-emballages.com\/es\/produit\/100-cajas-de-chips-desechables-175-x-120-x-70-mm\/\"]}]},{\"@type\":\"ImageObject\",\"inLanguage\":\"es\",\"@id\":\"https:\/\/www.csj-emballages.com\/es\/produit\/100-cajas-de-chips-desechables-175-x-120-x-70-mm\/#primaryimage\",\"url\":\"https:\/\/www.csj-emballages.com\/wp-content\/uploads\/2024\/03\/HP2K.webp\",\"contentUrl\":\"https:\/\/www.csj-emballages.com\/wp-content\/uploads\/2024\/03\/HP2K.webp\",\"width\":800,\"height\":800,\"caption\":\"Boite burger\"},{\"@type\":\"BreadcrumbList\",\"@id\":\"https:\/\/www.csj-emballages.com\/es\/produit\/100-cajas-de-chips-desechables-175-x-120-x-70-mm\/#breadcrumb\",\"itemListElement\":[{\"@type\":\"ListItem\",\"position\":1,\"name\":\"Accueil\",\"item\":\"https:\/\/www.csj-emballages.com\/es\/universo-del-envasado-alimentario\/\"},{\"@type\":\"ListItem\",\"position\":2,\"name\":\"Tienda\",\"item\":\"https:\/\/www.csj-emballages.com\/tienda\/\"},{\"@type\":\"ListItem\",\"position\":3,\"name\":\"Caja de cart\u00f3n para hamburguesas 175 x 120 x 70 mm por 100\"}]},{\"@type\":\"WebSite\",\"@id\":\"https:\/\/www.csj-emballages.com\/es\/#website\",\"url\":\"https:\/\/www.csj-emballages.com\/es\/\",\"name\":\"CSJ Emballages\",\"description\":\"\",\"publisher\":{\"@id\":\"https:\/\/www.csj-emballages.com\/es\/#organization\"},\"potentialAction\":[{\"@type\":\"SearchAction\",\"target\":{\"@type\":\"EntryPoint\",\"urlTemplate\":\"https:\/\/www.csj-emballages.com\/es\/?s={search_term_string}\"},\"query-input\":{\"@type\":\"PropertyValueSpecification\",\"valueRequired\":true,\"valueName\":\"search_term_string\"}}],\"inLanguage\":\"es\"},{\"@type\":\"Organization\",\"@id\":\"https:\/\/www.csj-emballages.com\/es\/#Organization\/\",\"name\":\"CSJ Emballages\",\"url\":\"https:\/\/www.csj-emballages.com\/es\/\",\"logo\":{\"@type\":\"ImageObject\",\"inLanguage\":\"es\",\"@id\":\"https:\/\/www.csj-emballages.com\/es\/#\/schema\/logo\/image\/\",\"url\":\"https:\/\/www.csj-emballages.com\/wp-content\/uploads\/2023\/10\/logo_csj.webp\",\"contentUrl\":\"https:\/\/www.csj-emballages.com\/wp-content\/uploads\/2023\/10\/logo_csj.webp\",\"width\":250,\"height\":95,\"caption\":\"CSJ Emballages\"},\"image\":{\"@id\":\"https:\/\/www.csj-emballages.com\/es\/#\/schema\/logo\/image\/\"},\"sameAs\":[\"https:\/\/www.facebook.com\/csjemballages\"],\"address\":{\"@type\":\"PostalAddress\",\"streetAddress\":\"ZI La Lechere\",\"addressLocality\":\"Patornay\",\"postalCode\":\"39130\",\"addressCountry\":\"FR\"},\"contactPoint\":[{\"@type\":\"ContactPoint\",\"contactType\":\"Service client\",\"telephone\":\"0384254272\",\"email\":\"contact@csj-emballages.com\"}]}]}<\/script>\n<!-- \/ Yoast SEO Premium plugin. -->","yoast_head_json":{"title":"Caja de cart\u00f3n para hamburguesas 175 x 120 x 70 mm por 100","description":"Opta por nuestra caja para hamburguesas, pr\u00e1ctica y respetuosa con el medio ambiente, que garantiza una buena conservaci\u00f3n y presentaci\u00f3n de tus comidas para llevar.","robots":{"index":"index","follow":"follow","max-snippet":"max-snippet:-1","max-image-preview":"max-image-preview:large","max-video-preview":"max-video-preview:-1"},"canonical":"https:\/\/www.csj-emballages.com\/es\/produit\/100-cajas-de-chips-desechables-175-x-120-x-70-mm\/","og_locale":"es_ES","og_type":"article","og_title":"Caja de cart\u00f3n para hamburguesas 175 x 120 x 70 mm por 100","og_description":"Opta por nuestra caja para hamburguesas, pr\u00e1ctica y respetuosa con el medio ambiente, que garantiza una buena conservaci\u00f3n y presentaci\u00f3n de tus comidas para llevar.","og_url":"https:\/\/www.csj-emballages.com\/es\/produit\/100-cajas-de-chips-desechables-175-x-120-x-70-mm\/","og_site_name":"CSJ Emballages","article_publisher":"https:\/\/www.facebook.com\/csjemballages","article_modified_time":"2026-03-31T00:14:51+00:00","og_image":[{"width":800,"height":800,"url":"https:\/\/www.csj-emballages.com\/wp-content\/uploads\/2024\/03\/HP2K.webp","type":"image\/webp"}],"twitter_card":"summary_large_image","twitter_misc":{"Tiempo de lectura":"2 minutos"},"schema":{"@context":"https:\/\/schema.org","@graph":[{"@type":"WebPage","@id":"https:\/\/www.csj-emballages.com\/es\/produit\/100-cajas-de-chips-desechables-175-x-120-x-70-mm\/","url":"https:\/\/www.csj-emballages.com\/es\/produit\/100-cajas-de-chips-desechables-175-x-120-x-70-mm\/","name":"Caja de cart\u00f3n para hamburguesas 175 x 120 x 70 mm por 100","isPartOf":{"@id":"https:\/\/www.csj-emballages.com\/es\/#website"},"primaryImageOfPage":{"@id":"https:\/\/www.csj-emballages.com\/es\/produit\/100-cajas-de-chips-desechables-175-x-120-x-70-mm\/#primaryimage"},"image":{"@id":"https:\/\/www.csj-emballages.com\/es\/produit\/100-cajas-de-chips-desechables-175-x-120-x-70-mm\/#primaryimage"},"thumbnailUrl":"https:\/\/www.csj-emballages.com\/wp-content\/uploads\/2024\/03\/HP2K.webp","datePublished":"2024-03-01T15:52:07+00:00","dateModified":"2026-03-31T00:14:51+00:00","description":"Opta por nuestra caja para hamburguesas, pr\u00e1ctica y respetuosa con el medio ambiente, que garantiza una buena conservaci\u00f3n y presentaci\u00f3n de tus comidas para llevar.","breadcrumb":{"@id":"https:\/\/www.csj-emballages.com\/es\/produit\/100-cajas-de-chips-desechables-175-x-120-x-70-mm\/#breadcrumb"},"inLanguage":"es","potentialAction":[{"@type":"ReadAction","target":["https:\/\/www.csj-emballages.com\/es\/produit\/100-cajas-de-chips-desechables-175-x-120-x-70-mm\/"]}]},{"@type":"ImageObject","inLanguage":"es","@id":"https:\/\/www.csj-emballages.com\/es\/produit\/100-cajas-de-chips-desechables-175-x-120-x-70-mm\/#primaryimage","url":"https:\/\/www.csj-emballages.com\/wp-content\/uploads\/2024\/03\/HP2K.webp","contentUrl":"https:\/\/www.csj-emballages.com\/wp-content\/uploads\/2024\/03\/HP2K.webp","width":800,"height":800,"caption":"Boite burger"},{"@type":"BreadcrumbList","@id":"https:\/\/www.csj-emballages.com\/es\/produit\/100-cajas-de-chips-desechables-175-x-120-x-70-mm\/#breadcrumb","itemListElement":[{"@type":"ListItem","position":1,"name":"Accueil","item":"https:\/\/www.csj-emballages.com\/es\/universo-del-envasado-alimentario\/"},{"@type":"ListItem","position":2,"name":"Tienda","item":"https:\/\/www.csj-emballages.com\/tienda\/"},{"@type":"ListItem","position":3,"name":"Caja de cart\u00f3n para hamburguesas 175 x 120 x 70 mm por 100"}]},{"@type":"WebSite","@id":"https:\/\/www.csj-emballages.com\/es\/#website","url":"https:\/\/www.csj-emballages.com\/es\/","name":"CSJ Emballages","description":"","publisher":{"@id":"https:\/\/www.csj-emballages.com\/es\/#organization"},"potentialAction":[{"@type":"SearchAction","target":{"@type":"EntryPoint","urlTemplate":"https:\/\/www.csj-emballages.com\/es\/?s={search_term_string}"},"query-input":{"@type":"PropertyValueSpecification","valueRequired":true,"valueName":"search_term_string"}}],"inLanguage":"es"},{"@type":"Organization","@id":"https:\/\/www.csj-emballages.com\/es\/#Organization\/","name":"CSJ Emballages","url":"https:\/\/www.csj-emballages.com\/es\/","logo":{"@type":"ImageObject","inLanguage":"es","@id":"https:\/\/www.csj-emballages.com\/es\/#\/schema\/logo\/image\/","url":"https:\/\/www.csj-emballages.com\/wp-content\/uploads\/2023\/10\/logo_csj.webp","contentUrl":"https:\/\/www.csj-emballages.com\/wp-content\/uploads\/2023\/10\/logo_csj.webp","width":250,"height":95,"caption":"CSJ Emballages"},"image":{"@id":"https:\/\/www.csj-emballages.com\/es\/#\/schema\/logo\/image\/"},"sameAs":["https:\/\/www.facebook.com\/csjemballages"],"address":{"@type":"PostalAddress","streetAddress":"ZI La Lechere","addressLocality":"Patornay","postalCode":"39130","addressCountry":"FR"},"contactPoint":[{"@type":"ContactPoint","contactType":"Service client","telephone":"0384254272","email":"contact@csj-emballages.com"}]}]}},"df_price":19.69,"df_sale_price":"","df_regular_price":19.69,"df_image_link":"https:\/\/www.csj-emballages.com\/wp-content\/uploads\/2024\/03\/HP2K-300x300.webp","tiered_pricing_type":"fixed","tiered_pricing_fixed_rules":[],"tiered_pricing_percentage_rules":[],"tiered_pricing_minimum":1,"tiered_pricing_roles_data":[],"_links":{"self":[{"href":"https:\/\/www.csj-emballages.com\/es\/wp-json\/wp\/v2\/product\/21673","targetHints":{"allow":["GET"]}}],"collection":[{"href":"https:\/\/www.csj-emballages.com\/es\/wp-json\/wp\/v2\/product"}],"about":[{"href":"https:\/\/www.csj-emballages.com\/es\/wp-json\/wp\/v2\/types\/product"}],"wp:featuredmedia":[{"embeddable":true,"href":"https:\/\/www.csj-emballages.com\/es\/wp-json\/wp\/v2\/media\/224559"}],"wp:attachment":[{"href":"https:\/\/www.csj-emballages.com\/es\/wp-json\/wp\/v2\/media?parent=21673"}],"wp:term":[{"taxonomy":"product_brand","embeddable":true,"href":"https:\/\/www.csj-emballages.com\/es\/wp-json\/wp\/v2\/product_brand?post=21673"},{"taxonomy":"product_cat","embeddable":true,"href":"https:\/\/www.csj-emballages.com\/es\/wp-json\/wp\/v2\/product_cat?post=21673"},{"taxonomy":"product_tag","embeddable":true,"href":"https:\/\/www.csj-emballages.com\/es\/wp-json\/wp\/v2\/product_tag?post=21673"}],"curies":[{"name":"wp","href":"https:\/\/api.w.org\/{rel}","templated":true}]}}