{"id":21614,"date":"2024-03-01T16:53:03","date_gmt":"2024-03-01T15:53:03","guid":{"rendered":"https:\/\/u15jnbdpoq.preview.infomaniak.website\/produit\/100-guantes-desechables-de-vinilo-empolvados-grandes-9\/"},"modified":"2026-04-01T02:15:45","modified_gmt":"2026-04-01T00:15:45","slug":"100-guantes-desechables-de-vinilo-empolvados-grandes-9","status":"publish","type":"product","link":"https:\/\/www.csj-emballages.com\/es\/produit\/100-guantes-desechables-de-vinilo-empolvados-grandes-9\/","title":{"rendered":"Guante de vinilo desechable con polvo \/ Grande 9 por 100"},"content":{"rendered":"<h2 data-start=\"233\" data-end=\"653\">Guante de vinilo<\/h2>\n<hr>\n<h3 data-start=\"233\" data-end=\"653\">Descubra nuestro guante de vinilo desechable con polvo \/ grande 9 por 100<\/h3>\n<p data-start=\"233\" data-end=\"653\"><!--more--><\/p>\n<p data-start=\"234\" data-end=\"688\">Estos <strong data-start=\"238\" data-end=\"277\">guantes de vinilo desechables con polvo<\/strong>, en talla <strong>9 (L)<\/strong>, est\u00e1n pensados para ofrecer una protecci\u00f3n eficaz, siendo a la vez sencillos y agradables de usar a diario. Fabricados en <strong data-start=\"421\" data-end=\"447\">cloruro de polivinilo<\/strong>, aseguran una buena sujeci\u00f3n en la mano y son perfectos tanto para gestos precisos como para manipulaciones r\u00e1pidas. Su <strong data-start=\"574\" data-end=\"591\">tono neutro<\/strong> permite un uso discreto, tanto en el \u00e1mbito m\u00e9dico como en entornos profesionales.  <\/p>\n<p data-start=\"690\" data-end=\"1028\">Gracias a su <strong data-start=\"703\" data-end=\"739\">polvo a base de almid\u00f3n de ma\u00edz<\/strong>, la colocaci\u00f3n se realiza sin esfuerzo. Incluso cuando las manos est\u00e1n ligeramente h\u00famedas, el guante se desliza f\u00e1cilmente, lo que permite ahorrar un tiempo valioso durante los cambios frecuentes. Adem\u00e1s, su dise\u00f1o <strong data-start=\"942\" data-end=\"956\">ambidiestro<\/strong> evita cualquier p\u00e9rdida de tiempo: un solo modelo es suficiente para ambas manos.  <\/p>\n<p data-start=\"1030\" data-end=\"1421\">El <strong data-start=\"1033\" data-end=\"1047\">borde enrollado<\/strong> aporta una verdadera comodidad al uso. Refuerza la solidez del guante y facilita la retirada, a la vez que limita los riesgos de desgarro. Este detalle marca la diferencia durante un uso intensivo. Por otra parte, su <strong data-start=\"1262\" data-end=\"1282\">calidad m\u00e9dica<\/strong> garantiza un nivel de fiabilidad adaptado a las exigencias de los profesionales de la salud, de la higiene, de la restauraci\u00f3n o de los laboratorios.   <\/p>\n<p data-start=\"1423\" data-end=\"1673\">Vendidos <strong data-start=\"1430\" data-end=\"1448\">por lote de 100<\/strong>, estos <strong>guantes<\/strong> representan una soluci\u00f3n pr\u00e1ctica y econ\u00f3mica para asegurar una protecci\u00f3n constante sin sobrecargar las existencias. Se integran f\u00e1cilmente en el d\u00eda a d\u00eda, ya sea para un uso profesional o puntual. <\/p>\n<p data-start=\"1675\" data-end=\"1860\">En resumen, estos <strong>guantes de vinilo con polvo<\/strong> combinan comodidad, facilidad de uso y fiabilidad, a la vez que siguen siendo sencillos y eficaces para todas las situaciones en las que la higiene es esencial.<\/p>\n<p data-start=\"1405\" data-end=\"1623\"><!--more--><\/p>\n<h4 data-start=\"1405\" data-end=\"1623\">Ventajas :<\/h4>\n<ul>\n<li data-start=\"1888\" data-end=\"1922\">Guantes de <strong>cloruro de polivinilo<\/strong>.<\/li>\n<li data-start=\"1925\" data-end=\"1978\"><strong>Con polvo<\/strong> de almid\u00f3n de ma\u00edz para una colocaci\u00f3n r\u00e1pida.<\/li>\n<li data-start=\"1981\" data-end=\"2017\"><strong>Ambidiestros<\/strong> y f\u00e1ciles de usar.<\/li>\n<li data-start=\"2020\" data-end=\"2071\">Borde enrollado para mayor comodidad y resistencia.<\/li>\n<li data-start=\"2074\" data-end=\"2093\">Calidad m\u00e9dica.<\/li>\n<li data-start=\"2096\" data-end=\"2123\">Pr\u00e1ctico envase de <strong>100 unidades<\/strong>.<\/li>\n<\/ul>\n<p>&nbsp;<\/p>\n<p><!--more--><\/p>\n<h4>Informaci\u00f3n adicional :<\/h4>\n<ul>\n<li><strong>Embalaje<\/strong>: Paquete de 100<\/li>\n<li><strong>Talla<\/strong>: L<\/li>\n<li><strong>Longitud<\/strong>: 240 mm<\/li>\n<li><strong>Ancho de la palma<\/strong>: 105 mm<\/li>\n<li><strong>Peso<\/strong>: 5,5 g<\/li>\n<li><strong>Material<\/strong>: Vinilo (con polvo)<\/li>\n<\/ul>\n<p>&nbsp;<\/p>\n<p><!--more--><\/p>\n<p>Estos guantes de politeno de talla L est\u00e1n disponibles en diferentes tallas: <span style=\"color: #d12727;\"><a style=\"color: #d12727;\" href=\"https:\/\/www.csj-emballages.com\/produit\/100-gants-vinyles-a-usage-unique-poudre-petit-6-5\/?_gl=1*12v5qh6*_up*MQ..*_ga*MTYxMDc4OTg4MC4xNzY5NjkwODYz*_ga_YNVJLRSSZT*czE3Njk2OTA4NjIkbzEkZzAkdDE3Njk2OTA4NjIkajYwJGwwJGgxOTU5OTU1MjU0\">Peque\u00f1a<\/a><\/span> \/ <span style=\"color: #d12727;\"><a style=\"color: #d12727;\" href=\"https:\/\/www.csj-emballages.com\/produit\/100-gants-vinyles-a-usage-unique-poudre-medium-7-5\/?_gl=1*ilngec*_up*MQ..*_ga*MTYxMDc4OTg4MC4xNzY5NjkwODYz*_ga_YNVJLRSSZT*czE3Njk2OTA4NjIkbzEkZzAkdDE3Njk2OTA4NjIkajYwJGwwJGgxOTU5OTU1MjU0\">Mediana<\/a><\/span> \/ <span style=\"color: #d12727;\"><a style=\"color: #d12727;\" href=\"https:\/\/www.csj-emballages.com\/produit\/200-gants-polytene-non-poudres-extra-large-9-10\/?_gl=1*2j3y2f*_up*MQ..*_ga*MTA1OTA4NzE4Ny4xNzY5NjczNDM5*_ga_YNVJLRSSZT*czE3Njk2NzY1MjgkbzIkZzAkdDE3Njk2NzY1NDUkajQzJGwwJGgxMTI0MDk1Mjg4\">Extragrande<\/a><\/span><\/p>\n<p>&nbsp;<\/p>\n<p><!--more--><\/p>\n<p><a href=\"https:\/\/www.csj-emballages.com\/categorie-produit\/hygiene-et-entretiens\/equipements-individuels\/gants\/gants-vinyle\/?_gl=1*1wjzl6g*_up*MQ..*_ga*Nzk5OTQzODkwLjE3Njk2Nzk2MzQ.*_ga_YNVJLRSSZT*czE3Njk2Nzk2MzMkbzEkZzAkdDE3Njk2Nzk2MzYkajU3JGwwJGg2OTE4MjA1NjQ.\">Ver el resto de nuestra gama de guantes de vinilo<\/a><\/p>\n","protected":false},"excerpt":{"rendered":"<p>Guante de vinilo Descubra nuestro guante de vinilo desechable con polvo \/ grande 9 por 100<\/p>\n","protected":false},"featured_media":262744,"template":"","meta":{"_acf_changed":false},"product_brand":[],"product_cat":[1226,2325,2700,2755],"product_tag":[],"class_list":{"0":"post-21614","1":"product","2":"type-product","3":"status-publish","4":"has-post-thumbnail","6":"product_cat-higiene-y-mantenimiento","7":"product_cat-equipamiento-individual","8":"product_cat-guantes","9":"product_cat-guantes-de-vinilo","11":"first","12":"instock","13":"taxable","14":"shipping-taxable","15":"purchasable","16":"product-type-simple"},"acf":[],"yoast_head":"<!-- This site is optimized with the Yoast SEO Premium plugin v26.6 (Yoast SEO v26.6) - https:\/\/yoast.com\/wordpress\/plugins\/seo\/ -->\n<title>Guante de vinilo desechable con polvo \/ Grande 9 por 100<\/title>\n<meta name=\"description\" content=\"Guantes de vinilo con polvo talla 9, vendidos por 100. Ambidiestros, con borde enrollado y calidad m\u00e9dica para un uso profesional sencillo y eficaz.\" \/>\n<meta name=\"robots\" content=\"index, follow, max-snippet:-1, max-image-preview:large, max-video-preview:-1\" \/>\n<link rel=\"canonical\" href=\"https:\/\/www.csj-emballages.com\/es\/produit\/100-guantes-desechables-de-vinilo-empolvados-grandes-9\/\" \/>\n<meta property=\"og:locale\" content=\"es_ES\" \/>\n<meta property=\"og:type\" content=\"article\" \/>\n<meta property=\"og:title\" content=\"Guante de vinilo desechable con polvo \/ Grande 9 por 100\" \/>\n<meta property=\"og:description\" content=\"Guantes de vinilo con polvo talla 9, vendidos por 100. Ambidiestros, con borde enrollado y calidad m\u00e9dica para un uso profesional sencillo y eficaz.\" \/>\n<meta property=\"og:url\" content=\"https:\/\/www.csj-emballages.com\/es\/produit\/100-guantes-desechables-de-vinilo-empolvados-grandes-9\/\" \/>\n<meta property=\"og:site_name\" content=\"CSJ Emballages\" \/>\n<meta property=\"article:publisher\" content=\"https:\/\/www.facebook.com\/csjemballages\" \/>\n<meta property=\"article:modified_time\" content=\"2026-04-01T00:15:45+00:00\" \/>\n<meta property=\"og:image\" content=\"https:\/\/www.csj-emballages.com\/wp-content\/uploads\/2024\/03\/Gant-vinyle.webp\" \/>\n\t<meta property=\"og:image:width\" content=\"800\" \/>\n\t<meta property=\"og:image:height\" content=\"800\" \/>\n\t<meta property=\"og:image:type\" content=\"image\/webp\" \/>\n<meta name=\"twitter:card\" content=\"summary_large_image\" \/>\n<meta name=\"twitter:label1\" content=\"Tiempo de lectura\" \/>\n\t<meta name=\"twitter:data1\" content=\"2 minutos\" \/>\n<script type=\"application\/ld+json\" class=\"yoast-schema-graph\">{\"@context\":\"https:\/\/schema.org\",\"@graph\":[{\"@type\":\"WebPage\",\"@id\":\"https:\/\/www.csj-emballages.com\/es\/produit\/100-guantes-desechables-de-vinilo-empolvados-grandes-9\/\",\"url\":\"https:\/\/www.csj-emballages.com\/es\/produit\/100-guantes-desechables-de-vinilo-empolvados-grandes-9\/\",\"name\":\"Guante de vinilo desechable con polvo \/ Grande 9 por 100\",\"isPartOf\":{\"@id\":\"https:\/\/www.csj-emballages.com\/es\/#website\"},\"primaryImageOfPage\":{\"@id\":\"https:\/\/www.csj-emballages.com\/es\/produit\/100-guantes-desechables-de-vinilo-empolvados-grandes-9\/#primaryimage\"},\"image\":{\"@id\":\"https:\/\/www.csj-emballages.com\/es\/produit\/100-guantes-desechables-de-vinilo-empolvados-grandes-9\/#primaryimage\"},\"thumbnailUrl\":\"https:\/\/www.csj-emballages.com\/wp-content\/uploads\/2024\/03\/Gant-vinyle.webp\",\"datePublished\":\"2024-03-01T15:53:03+00:00\",\"dateModified\":\"2026-04-01T00:15:45+00:00\",\"description\":\"Guantes de vinilo con polvo talla 9, vendidos por 100. Ambidiestros, con borde enrollado y calidad m\u00e9dica para un uso profesional sencillo y eficaz.\",\"breadcrumb\":{\"@id\":\"https:\/\/www.csj-emballages.com\/es\/produit\/100-guantes-desechables-de-vinilo-empolvados-grandes-9\/#breadcrumb\"},\"inLanguage\":\"es\",\"potentialAction\":[{\"@type\":\"ReadAction\",\"target\":[\"https:\/\/www.csj-emballages.com\/es\/produit\/100-guantes-desechables-de-vinilo-empolvados-grandes-9\/\"]}]},{\"@type\":\"ImageObject\",\"inLanguage\":\"es\",\"@id\":\"https:\/\/www.csj-emballages.com\/es\/produit\/100-guantes-desechables-de-vinilo-empolvados-grandes-9\/#primaryimage\",\"url\":\"https:\/\/www.csj-emballages.com\/wp-content\/uploads\/2024\/03\/Gant-vinyle.webp\",\"contentUrl\":\"https:\/\/www.csj-emballages.com\/wp-content\/uploads\/2024\/03\/Gant-vinyle.webp\",\"width\":800,\"height\":800,\"caption\":\"Gant vinyle\"},{\"@type\":\"BreadcrumbList\",\"@id\":\"https:\/\/www.csj-emballages.com\/es\/produit\/100-guantes-desechables-de-vinilo-empolvados-grandes-9\/#breadcrumb\",\"itemListElement\":[{\"@type\":\"ListItem\",\"position\":1,\"name\":\"Accueil\",\"item\":\"https:\/\/www.csj-emballages.com\/es\/universo-del-envasado-alimentario\/\"},{\"@type\":\"ListItem\",\"position\":2,\"name\":\"Tienda\",\"item\":\"https:\/\/www.csj-emballages.com\/tienda\/\"},{\"@type\":\"ListItem\",\"position\":3,\"name\":\"Guante de vinilo desechable con polvo \/ Grande 9 por 100\"}]},{\"@type\":\"WebSite\",\"@id\":\"https:\/\/www.csj-emballages.com\/es\/#website\",\"url\":\"https:\/\/www.csj-emballages.com\/es\/\",\"name\":\"CSJ Emballages\",\"description\":\"\",\"publisher\":{\"@id\":\"https:\/\/www.csj-emballages.com\/es\/#organization\"},\"potentialAction\":[{\"@type\":\"SearchAction\",\"target\":{\"@type\":\"EntryPoint\",\"urlTemplate\":\"https:\/\/www.csj-emballages.com\/es\/?s={search_term_string}\"},\"query-input\":{\"@type\":\"PropertyValueSpecification\",\"valueRequired\":true,\"valueName\":\"search_term_string\"}}],\"inLanguage\":\"es\"},{\"@type\":\"Organization\",\"@id\":\"https:\/\/www.csj-emballages.com\/es\/#Organization\/\",\"name\":\"CSJ Emballages\",\"url\":\"https:\/\/www.csj-emballages.com\/es\/\",\"logo\":{\"@type\":\"ImageObject\",\"inLanguage\":\"es\",\"@id\":\"https:\/\/www.csj-emballages.com\/es\/#\/schema\/logo\/image\/\",\"url\":\"https:\/\/www.csj-emballages.com\/wp-content\/uploads\/2023\/10\/logo_csj.webp\",\"contentUrl\":\"https:\/\/www.csj-emballages.com\/wp-content\/uploads\/2023\/10\/logo_csj.webp\",\"width\":250,\"height\":95,\"caption\":\"CSJ Emballages\"},\"image\":{\"@id\":\"https:\/\/www.csj-emballages.com\/es\/#\/schema\/logo\/image\/\"},\"sameAs\":[\"https:\/\/www.facebook.com\/csjemballages\"],\"address\":{\"@type\":\"PostalAddress\",\"streetAddress\":\"ZI La Lechere\",\"addressLocality\":\"Patornay\",\"postalCode\":\"39130\",\"addressCountry\":\"FR\"},\"contactPoint\":[{\"@type\":\"ContactPoint\",\"contactType\":\"Service client\",\"telephone\":\"0384254272\",\"email\":\"contact@csj-emballages.com\"}]}]}<\/script>\n<!-- \/ Yoast SEO Premium plugin. -->","yoast_head_json":{"title":"Guante de vinilo desechable con polvo \/ Grande 9 por 100","description":"Guantes de vinilo con polvo talla 9, vendidos por 100. Ambidiestros, con borde enrollado y calidad m\u00e9dica para un uso profesional sencillo y eficaz.","robots":{"index":"index","follow":"follow","max-snippet":"max-snippet:-1","max-image-preview":"max-image-preview:large","max-video-preview":"max-video-preview:-1"},"canonical":"https:\/\/www.csj-emballages.com\/es\/produit\/100-guantes-desechables-de-vinilo-empolvados-grandes-9\/","og_locale":"es_ES","og_type":"article","og_title":"Guante de vinilo desechable con polvo \/ Grande 9 por 100","og_description":"Guantes de vinilo con polvo talla 9, vendidos por 100. Ambidiestros, con borde enrollado y calidad m\u00e9dica para un uso profesional sencillo y eficaz.","og_url":"https:\/\/www.csj-emballages.com\/es\/produit\/100-guantes-desechables-de-vinilo-empolvados-grandes-9\/","og_site_name":"CSJ Emballages","article_publisher":"https:\/\/www.facebook.com\/csjemballages","article_modified_time":"2026-04-01T00:15:45+00:00","og_image":[{"width":800,"height":800,"url":"https:\/\/www.csj-emballages.com\/wp-content\/uploads\/2024\/03\/Gant-vinyle.webp","type":"image\/webp"}],"twitter_card":"summary_large_image","twitter_misc":{"Tiempo de lectura":"2 minutos"},"schema":{"@context":"https:\/\/schema.org","@graph":[{"@type":"WebPage","@id":"https:\/\/www.csj-emballages.com\/es\/produit\/100-guantes-desechables-de-vinilo-empolvados-grandes-9\/","url":"https:\/\/www.csj-emballages.com\/es\/produit\/100-guantes-desechables-de-vinilo-empolvados-grandes-9\/","name":"Guante de vinilo desechable con polvo \/ Grande 9 por 100","isPartOf":{"@id":"https:\/\/www.csj-emballages.com\/es\/#website"},"primaryImageOfPage":{"@id":"https:\/\/www.csj-emballages.com\/es\/produit\/100-guantes-desechables-de-vinilo-empolvados-grandes-9\/#primaryimage"},"image":{"@id":"https:\/\/www.csj-emballages.com\/es\/produit\/100-guantes-desechables-de-vinilo-empolvados-grandes-9\/#primaryimage"},"thumbnailUrl":"https:\/\/www.csj-emballages.com\/wp-content\/uploads\/2024\/03\/Gant-vinyle.webp","datePublished":"2024-03-01T15:53:03+00:00","dateModified":"2026-04-01T00:15:45+00:00","description":"Guantes de vinilo con polvo talla 9, vendidos por 100. Ambidiestros, con borde enrollado y calidad m\u00e9dica para un uso profesional sencillo y eficaz.","breadcrumb":{"@id":"https:\/\/www.csj-emballages.com\/es\/produit\/100-guantes-desechables-de-vinilo-empolvados-grandes-9\/#breadcrumb"},"inLanguage":"es","potentialAction":[{"@type":"ReadAction","target":["https:\/\/www.csj-emballages.com\/es\/produit\/100-guantes-desechables-de-vinilo-empolvados-grandes-9\/"]}]},{"@type":"ImageObject","inLanguage":"es","@id":"https:\/\/www.csj-emballages.com\/es\/produit\/100-guantes-desechables-de-vinilo-empolvados-grandes-9\/#primaryimage","url":"https:\/\/www.csj-emballages.com\/wp-content\/uploads\/2024\/03\/Gant-vinyle.webp","contentUrl":"https:\/\/www.csj-emballages.com\/wp-content\/uploads\/2024\/03\/Gant-vinyle.webp","width":800,"height":800,"caption":"Gant vinyle"},{"@type":"BreadcrumbList","@id":"https:\/\/www.csj-emballages.com\/es\/produit\/100-guantes-desechables-de-vinilo-empolvados-grandes-9\/#breadcrumb","itemListElement":[{"@type":"ListItem","position":1,"name":"Accueil","item":"https:\/\/www.csj-emballages.com\/es\/universo-del-envasado-alimentario\/"},{"@type":"ListItem","position":2,"name":"Tienda","item":"https:\/\/www.csj-emballages.com\/tienda\/"},{"@type":"ListItem","position":3,"name":"Guante de vinilo desechable con polvo \/ Grande 9 por 100"}]},{"@type":"WebSite","@id":"https:\/\/www.csj-emballages.com\/es\/#website","url":"https:\/\/www.csj-emballages.com\/es\/","name":"CSJ Emballages","description":"","publisher":{"@id":"https:\/\/www.csj-emballages.com\/es\/#organization"},"potentialAction":[{"@type":"SearchAction","target":{"@type":"EntryPoint","urlTemplate":"https:\/\/www.csj-emballages.com\/es\/?s={search_term_string}"},"query-input":{"@type":"PropertyValueSpecification","valueRequired":true,"valueName":"search_term_string"}}],"inLanguage":"es"},{"@type":"Organization","@id":"https:\/\/www.csj-emballages.com\/es\/#Organization\/","name":"CSJ Emballages","url":"https:\/\/www.csj-emballages.com\/es\/","logo":{"@type":"ImageObject","inLanguage":"es","@id":"https:\/\/www.csj-emballages.com\/es\/#\/schema\/logo\/image\/","url":"https:\/\/www.csj-emballages.com\/wp-content\/uploads\/2023\/10\/logo_csj.webp","contentUrl":"https:\/\/www.csj-emballages.com\/wp-content\/uploads\/2023\/10\/logo_csj.webp","width":250,"height":95,"caption":"CSJ Emballages"},"image":{"@id":"https:\/\/www.csj-emballages.com\/es\/#\/schema\/logo\/image\/"},"sameAs":["https:\/\/www.facebook.com\/csjemballages"],"address":{"@type":"PostalAddress","streetAddress":"ZI La Lechere","addressLocality":"Patornay","postalCode":"39130","addressCountry":"FR"},"contactPoint":[{"@type":"ContactPoint","contactType":"Service client","telephone":"0384254272","email":"contact@csj-emballages.com"}]}]}},"df_price":2.77,"df_sale_price":"","df_regular_price":2.77,"df_image_link":"https:\/\/www.csj-emballages.com\/wp-content\/uploads\/2024\/03\/Gant-vinyle-300x300.webp","tiered_pricing_type":"fixed","tiered_pricing_fixed_rules":[],"tiered_pricing_percentage_rules":[],"tiered_pricing_minimum":1,"tiered_pricing_roles_data":[],"_links":{"self":[{"href":"https:\/\/www.csj-emballages.com\/es\/wp-json\/wp\/v2\/product\/21614","targetHints":{"allow":["GET"]}}],"collection":[{"href":"https:\/\/www.csj-emballages.com\/es\/wp-json\/wp\/v2\/product"}],"about":[{"href":"https:\/\/www.csj-emballages.com\/es\/wp-json\/wp\/v2\/types\/product"}],"wp:featuredmedia":[{"embeddable":true,"href":"https:\/\/www.csj-emballages.com\/es\/wp-json\/wp\/v2\/media\/262744"}],"wp:attachment":[{"href":"https:\/\/www.csj-emballages.com\/es\/wp-json\/wp\/v2\/media?parent=21614"}],"wp:term":[{"taxonomy":"product_brand","embeddable":true,"href":"https:\/\/www.csj-emballages.com\/es\/wp-json\/wp\/v2\/product_brand?post=21614"},{"taxonomy":"product_cat","embeddable":true,"href":"https:\/\/www.csj-emballages.com\/es\/wp-json\/wp\/v2\/product_cat?post=21614"},{"taxonomy":"product_tag","embeddable":true,"href":"https:\/\/www.csj-emballages.com\/es\/wp-json\/wp\/v2\/product_tag?post=21614"}],"curies":[{"name":"wp","href":"https:\/\/api.w.org\/{rel}","templated":true}]}}