{"id":21588,"date":"2024-03-01T16:53:04","date_gmt":"2024-03-01T15:53:04","guid":{"rendered":"https:\/\/u15jnbdpoq.preview.infomaniak.website\/produit\/100-vasos-de-aluminio-desechables-150-ml\/"},"modified":"2026-04-25T02:13:30","modified_gmt":"2026-04-25T00:13:30","slug":"100-vasos-de-aluminio-desechables-150-ml","status":"publish","type":"product","link":"https:\/\/www.csj-emballages.com\/es\/produit\/100-vasos-de-aluminio-desechables-150-ml\/","title":{"rendered":"Godet de aluminio 135 ml, pack de 100"},"content":{"rendered":"<h2>Cubo de aluminio<\/h2>\n<hr>\n<h3>Descripci\u00f3n de nuestro vaso de aluminio de 150 ml, paquete de 100<\/h3>\n<p><!--more--><\/p>\n<p data-start=\"46\" data-end=\"697\">Ideal para cocinar, almacenar y transportar sus platos, el <strong data-start=\"125\" data-end=\"153\">vaso de aluminio de 150 ml<\/strong> es indispensable para <strong data-start=\"184\" data-end=\"212\">hosteleros, restauradores<\/strong> e incluso <strong data-start=\"225\" data-end=\"241\">particulares<\/strong>. Gracias a su resistencia a <strong>las altas temperaturas<\/strong>, garantiza una cocci\u00f3n uniforme en el horno y una distribuci\u00f3n \u00f3ptima del calor. Su material ligero y resistente facilita su manejo, al tiempo que ofrece una excelente protecci\u00f3n contra la humedad y las fugas. Perfecta para <strong data-start=\"530\" data-end=\"598\">mousses, salsas, cremas, postres individuales o porciones saladas<\/strong>, esta <strong>olla de aluminio<\/strong> tambi\u00e9n es reciclable, lo que la convierte en parte de un enfoque eco-responsable.   <\/p>\n<p><!--more--><\/p>\n<p><strong>Sus ventajas:<\/strong><\/p>\n<ul>\n<li data-start=\"918\" data-end=\"1004\"><strong data-start=\"699\" data-end=\"730\">Uso vers\u00e1til:<\/strong> Cocinar, congelar y transportar.<\/li>\n<li data-start=\"918\" data-end=\"1004\"><strong data-start=\"768\" data-end=\"796\">Resistencia t\u00e9rmica:<\/strong> Soporta temperaturas altas y bajas.<\/li>\n<li data-start=\"918\" data-end=\"1004\"><strong data-start=\"843\" data-end=\"871\" data-is-only-node=\"\">Seguridad alimentaria:<\/strong> aluminio de calidad para preservar la frescura y el sabor.<\/li>\n<li data-start=\"918\" data-end=\"1004\"><strong data-start=\"935\" data-end=\"960\">Pr\u00e1ctico y ligero:<\/strong> f\u00e1cil de guardar y manejar.<\/li>\n<li data-start=\"918\" data-end=\"1004\"><strong data-start=\"996\" data-end=\"1021\">Formato econ\u00f3mico:<\/strong> paquete de 100 para uso profesional o dom\u00e9stico.<\/li>\n<\/ul>\n<p>&nbsp;<\/p>\n<p><!--more--><\/p>\n<h4>Informaci\u00f3n adicional :<\/h4>\n<ul>\n<li><strong>Embalaje<\/strong>: Paquete de 100<\/li>\n<li><strong>Dimensiones<\/strong>: \u00d880 x 40 mm (\u00d8 x h)<\/li>\n<li><strong>Volumen<\/strong>: 150 ml<\/li>\n<li><strong>Material<\/strong>: Aluminio<\/li>\n<li><b>Temperatura de funcionamiento <\/b>: -20\u00b0C \/ +350\u00b0C<\/li>\n<\/ul>\n<p>&nbsp;<\/p>\n<p><!--more--><\/p>\n<p>Encuentre aqu\u00ed la tapa compatible con este cubo: <span style=\"color: #d12727\"><a style=\"color: #d12727\" href=\"https:\/\/www.csj-emballages.com\/produit\/50-couvercles-pour-godets-jetables-aluminium-150-ml\/\">COUVGO125<\/a><\/span><\/p>\n<p>&nbsp;<\/p>\n<p><!--more--><\/p>\n<p>Este producto est\u00e1 disponible en varios tama\u00f1os: <span style=\"color: #d12727\"><a style=\"color: #d12727\" href=\"https:\/\/www.csj-emballages.com\/produit\/250-godet-aluminium-14-ml\/\">14 ml<\/a> <span style=\"color: #000000\">\/<\/span> <a style=\"color: #d12727\" href=\"https:\/\/www.csj-emballages.com\/produit\/100-godet-aluminium-90-ml\/\">90 ml<\/a> <span style=\"color: #000000\">\/<\/span> <a style=\"color: #d12727\" href=\"https:\/\/www.csj-emballages.com\/produit\/100-godets-jetables-aluminium-109-ml\/\">105 ml<\/a><\/span><\/p>\n<p>&nbsp;<\/p>\n<p><!--more--><\/p>\n<p><a href=\"https:\/\/www.csj-emballages.com\/categorie-produit\/emballages\/boucherie-traiteur-primeur\/barquettes-boites-et-pots\/emballages-aluminium\/godets\/\">Ver el resto de nuestra gama de cazos de aluminio<\/a><\/p>\n","protected":false},"excerpt":{"rendered":"<p>Cubo de aluminio Descripci\u00f3n de nuestro vaso de aluminio de 150 ml, paquete de 100<\/p>\n","protected":false},"featured_media":228012,"template":"","meta":{"_acf_changed":false},"product_brand":[],"product_cat":[1143,2006,2434],"product_tag":[],"class_list":{"0":"post-21588","1":"product","2":"type-product","3":"status-publish","4":"has-post-thumbnail","6":"product_cat-carniceria-y-charcuteria","7":"product_cat-bandejas-platos-moldes-bandejas-de-comida-tazas-ramequines-pasteles-de-carne-de-aluminio","8":"product_cat-cubos-es","10":"first","11":"instock","12":"taxable","13":"shipping-taxable","14":"purchasable","15":"product-type-simple"},"acf":[],"yoast_head":"<!-- This site is optimized with the Yoast SEO Premium plugin v26.6 (Yoast SEO v26.6) - https:\/\/yoast.com\/wordpress\/plugins\/seo\/ -->\n<title>Vaso de aluminio 150 ml por 100<\/title>\n<meta name=\"description\" content=\"Vaso de aluminio de 150 ml - paquete de 100 Ideal para salsas o postres. Resistentes, reciclables y pr\u00e1cticos para restaurantes y comida para llevar.\" \/>\n<meta name=\"robots\" content=\"index, follow, max-snippet:-1, max-image-preview:large, max-video-preview:-1\" \/>\n<link rel=\"canonical\" href=\"https:\/\/www.csj-emballages.com\/es\/produit\/100-vasos-de-aluminio-desechables-150-ml\/\" \/>\n<meta property=\"og:locale\" content=\"es_ES\" \/>\n<meta property=\"og:type\" content=\"article\" \/>\n<meta property=\"og:title\" content=\"Godet de aluminio 135 ml, pack de 100\" \/>\n<meta property=\"og:description\" content=\"Vaso de aluminio de 150 ml - paquete de 100 Ideal para salsas o postres. Resistentes, reciclables y pr\u00e1cticos para restaurantes y comida para llevar.\" \/>\n<meta property=\"og:url\" content=\"https:\/\/www.csj-emballages.com\/es\/produit\/100-vasos-de-aluminio-desechables-150-ml\/\" \/>\n<meta property=\"og:site_name\" content=\"CSJ Emballages\" \/>\n<meta property=\"article:publisher\" content=\"https:\/\/www.facebook.com\/csjemballages\" \/>\n<meta property=\"article:modified_time\" content=\"2026-04-25T00:13:30+00:00\" \/>\n<meta property=\"og:image\" content=\"https:\/\/www.csj-emballages.com\/wp-content\/uploads\/2024\/03\/GO125.webp\" \/>\n\t<meta property=\"og:image:width\" content=\"799\" \/>\n\t<meta property=\"og:image:height\" content=\"800\" \/>\n\t<meta property=\"og:image:type\" content=\"image\/webp\" \/>\n<meta name=\"twitter:card\" content=\"summary_large_image\" \/>\n<meta name=\"twitter:label1\" content=\"Tiempo de lectura\" \/>\n\t<meta name=\"twitter:data1\" content=\"1 minuto\" \/>\n<script type=\"application\/ld+json\" class=\"yoast-schema-graph\">{\"@context\":\"https:\/\/schema.org\",\"@graph\":[{\"@type\":\"WebPage\",\"@id\":\"https:\/\/www.csj-emballages.com\/es\/produit\/100-vasos-de-aluminio-desechables-150-ml\/\",\"url\":\"https:\/\/www.csj-emballages.com\/es\/produit\/100-vasos-de-aluminio-desechables-150-ml\/\",\"name\":\"Vaso de aluminio 150 ml por 100\",\"isPartOf\":{\"@id\":\"https:\/\/www.csj-emballages.com\/es\/#website\"},\"primaryImageOfPage\":{\"@id\":\"https:\/\/www.csj-emballages.com\/es\/produit\/100-vasos-de-aluminio-desechables-150-ml\/#primaryimage\"},\"image\":{\"@id\":\"https:\/\/www.csj-emballages.com\/es\/produit\/100-vasos-de-aluminio-desechables-150-ml\/#primaryimage\"},\"thumbnailUrl\":\"https:\/\/www.csj-emballages.com\/wp-content\/uploads\/2024\/03\/GO125.webp\",\"datePublished\":\"2024-03-01T15:53:04+00:00\",\"dateModified\":\"2026-04-25T00:13:30+00:00\",\"description\":\"Vaso de aluminio de 150 ml - paquete de 100 Ideal para salsas o postres. Resistentes, reciclables y pr\u00e1cticos para restaurantes y comida para llevar.\",\"breadcrumb\":{\"@id\":\"https:\/\/www.csj-emballages.com\/es\/produit\/100-vasos-de-aluminio-desechables-150-ml\/#breadcrumb\"},\"inLanguage\":\"es\",\"potentialAction\":[{\"@type\":\"ReadAction\",\"target\":[\"https:\/\/www.csj-emballages.com\/es\/produit\/100-vasos-de-aluminio-desechables-150-ml\/\"]}]},{\"@type\":\"ImageObject\",\"inLanguage\":\"es\",\"@id\":\"https:\/\/www.csj-emballages.com\/es\/produit\/100-vasos-de-aluminio-desechables-150-ml\/#primaryimage\",\"url\":\"https:\/\/www.csj-emballages.com\/wp-content\/uploads\/2024\/03\/GO125.webp\",\"contentUrl\":\"https:\/\/www.csj-emballages.com\/wp-content\/uploads\/2024\/03\/GO125.webp\",\"width\":799,\"height\":800,\"caption\":\"Godet aluminium\"},{\"@type\":\"BreadcrumbList\",\"@id\":\"https:\/\/www.csj-emballages.com\/es\/produit\/100-vasos-de-aluminio-desechables-150-ml\/#breadcrumb\",\"itemListElement\":[{\"@type\":\"ListItem\",\"position\":1,\"name\":\"Accueil\",\"item\":\"https:\/\/www.csj-emballages.com\/es\/universo-del-envasado-alimentario\/\"},{\"@type\":\"ListItem\",\"position\":2,\"name\":\"Tienda\",\"item\":\"https:\/\/www.csj-emballages.com\/tienda\/\"},{\"@type\":\"ListItem\",\"position\":3,\"name\":\"Godet de aluminio 135 ml, pack de 100\"}]},{\"@type\":\"WebSite\",\"@id\":\"https:\/\/www.csj-emballages.com\/es\/#website\",\"url\":\"https:\/\/www.csj-emballages.com\/es\/\",\"name\":\"CSJ Emballages\",\"description\":\"\",\"publisher\":{\"@id\":\"https:\/\/www.csj-emballages.com\/es\/#organization\"},\"potentialAction\":[{\"@type\":\"SearchAction\",\"target\":{\"@type\":\"EntryPoint\",\"urlTemplate\":\"https:\/\/www.csj-emballages.com\/es\/?s={search_term_string}\"},\"query-input\":{\"@type\":\"PropertyValueSpecification\",\"valueRequired\":true,\"valueName\":\"search_term_string\"}}],\"inLanguage\":\"es\"},{\"@type\":\"Organization\",\"@id\":\"https:\/\/www.csj-emballages.com\/es\/#Organization\/\",\"name\":\"CSJ Emballages\",\"url\":\"https:\/\/www.csj-emballages.com\/es\/\",\"logo\":{\"@type\":\"ImageObject\",\"inLanguage\":\"es\",\"@id\":\"https:\/\/www.csj-emballages.com\/es\/#\/schema\/logo\/image\/\",\"url\":\"https:\/\/www.csj-emballages.com\/wp-content\/uploads\/2023\/10\/logo_csj.webp\",\"contentUrl\":\"https:\/\/www.csj-emballages.com\/wp-content\/uploads\/2023\/10\/logo_csj.webp\",\"width\":250,\"height\":95,\"caption\":\"CSJ Emballages\"},\"image\":{\"@id\":\"https:\/\/www.csj-emballages.com\/es\/#\/schema\/logo\/image\/\"},\"sameAs\":[\"https:\/\/www.facebook.com\/csjemballages\"],\"address\":{\"@type\":\"PostalAddress\",\"streetAddress\":\"ZI La Lechere\",\"addressLocality\":\"Patornay\",\"postalCode\":\"39130\",\"addressCountry\":\"FR\"},\"contactPoint\":[{\"@type\":\"ContactPoint\",\"contactType\":\"Service client\",\"telephone\":\"0384254272\",\"email\":\"contact@csj-emballages.com\"}]}]}<\/script>\n<!-- \/ Yoast SEO Premium plugin. -->","yoast_head_json":{"title":"Vaso de aluminio 150 ml por 100","description":"Vaso de aluminio de 150 ml - paquete de 100 Ideal para salsas o postres. Resistentes, reciclables y pr\u00e1cticos para restaurantes y comida para llevar.","robots":{"index":"index","follow":"follow","max-snippet":"max-snippet:-1","max-image-preview":"max-image-preview:large","max-video-preview":"max-video-preview:-1"},"canonical":"https:\/\/www.csj-emballages.com\/es\/produit\/100-vasos-de-aluminio-desechables-150-ml\/","og_locale":"es_ES","og_type":"article","og_title":"Godet de aluminio 135 ml, pack de 100","og_description":"Vaso de aluminio de 150 ml - paquete de 100 Ideal para salsas o postres. Resistentes, reciclables y pr\u00e1cticos para restaurantes y comida para llevar.","og_url":"https:\/\/www.csj-emballages.com\/es\/produit\/100-vasos-de-aluminio-desechables-150-ml\/","og_site_name":"CSJ Emballages","article_publisher":"https:\/\/www.facebook.com\/csjemballages","article_modified_time":"2026-04-25T00:13:30+00:00","og_image":[{"width":799,"height":800,"url":"https:\/\/www.csj-emballages.com\/wp-content\/uploads\/2024\/03\/GO125.webp","type":"image\/webp"}],"twitter_card":"summary_large_image","twitter_misc":{"Tiempo de lectura":"1 minuto"},"schema":{"@context":"https:\/\/schema.org","@graph":[{"@type":"WebPage","@id":"https:\/\/www.csj-emballages.com\/es\/produit\/100-vasos-de-aluminio-desechables-150-ml\/","url":"https:\/\/www.csj-emballages.com\/es\/produit\/100-vasos-de-aluminio-desechables-150-ml\/","name":"Vaso de aluminio 150 ml por 100","isPartOf":{"@id":"https:\/\/www.csj-emballages.com\/es\/#website"},"primaryImageOfPage":{"@id":"https:\/\/www.csj-emballages.com\/es\/produit\/100-vasos-de-aluminio-desechables-150-ml\/#primaryimage"},"image":{"@id":"https:\/\/www.csj-emballages.com\/es\/produit\/100-vasos-de-aluminio-desechables-150-ml\/#primaryimage"},"thumbnailUrl":"https:\/\/www.csj-emballages.com\/wp-content\/uploads\/2024\/03\/GO125.webp","datePublished":"2024-03-01T15:53:04+00:00","dateModified":"2026-04-25T00:13:30+00:00","description":"Vaso de aluminio de 150 ml - paquete de 100 Ideal para salsas o postres. Resistentes, reciclables y pr\u00e1cticos para restaurantes y comida para llevar.","breadcrumb":{"@id":"https:\/\/www.csj-emballages.com\/es\/produit\/100-vasos-de-aluminio-desechables-150-ml\/#breadcrumb"},"inLanguage":"es","potentialAction":[{"@type":"ReadAction","target":["https:\/\/www.csj-emballages.com\/es\/produit\/100-vasos-de-aluminio-desechables-150-ml\/"]}]},{"@type":"ImageObject","inLanguage":"es","@id":"https:\/\/www.csj-emballages.com\/es\/produit\/100-vasos-de-aluminio-desechables-150-ml\/#primaryimage","url":"https:\/\/www.csj-emballages.com\/wp-content\/uploads\/2024\/03\/GO125.webp","contentUrl":"https:\/\/www.csj-emballages.com\/wp-content\/uploads\/2024\/03\/GO125.webp","width":799,"height":800,"caption":"Godet aluminium"},{"@type":"BreadcrumbList","@id":"https:\/\/www.csj-emballages.com\/es\/produit\/100-vasos-de-aluminio-desechables-150-ml\/#breadcrumb","itemListElement":[{"@type":"ListItem","position":1,"name":"Accueil","item":"https:\/\/www.csj-emballages.com\/es\/universo-del-envasado-alimentario\/"},{"@type":"ListItem","position":2,"name":"Tienda","item":"https:\/\/www.csj-emballages.com\/tienda\/"},{"@type":"ListItem","position":3,"name":"Godet de aluminio 135 ml, pack de 100"}]},{"@type":"WebSite","@id":"https:\/\/www.csj-emballages.com\/es\/#website","url":"https:\/\/www.csj-emballages.com\/es\/","name":"CSJ Emballages","description":"","publisher":{"@id":"https:\/\/www.csj-emballages.com\/es\/#organization"},"potentialAction":[{"@type":"SearchAction","target":{"@type":"EntryPoint","urlTemplate":"https:\/\/www.csj-emballages.com\/es\/?s={search_term_string}"},"query-input":{"@type":"PropertyValueSpecification","valueRequired":true,"valueName":"search_term_string"}}],"inLanguage":"es"},{"@type":"Organization","@id":"https:\/\/www.csj-emballages.com\/es\/#Organization\/","name":"CSJ Emballages","url":"https:\/\/www.csj-emballages.com\/es\/","logo":{"@type":"ImageObject","inLanguage":"es","@id":"https:\/\/www.csj-emballages.com\/es\/#\/schema\/logo\/image\/","url":"https:\/\/www.csj-emballages.com\/wp-content\/uploads\/2023\/10\/logo_csj.webp","contentUrl":"https:\/\/www.csj-emballages.com\/wp-content\/uploads\/2023\/10\/logo_csj.webp","width":250,"height":95,"caption":"CSJ Emballages"},"image":{"@id":"https:\/\/www.csj-emballages.com\/es\/#\/schema\/logo\/image\/"},"sameAs":["https:\/\/www.facebook.com\/csjemballages"],"address":{"@type":"PostalAddress","streetAddress":"ZI La Lechere","addressLocality":"Patornay","postalCode":"39130","addressCountry":"FR"},"contactPoint":[{"@type":"ContactPoint","contactType":"Service client","telephone":"0384254272","email":"contact@csj-emballages.com"}]}]}},"df_price":4.9,"df_sale_price":"","df_regular_price":4.9,"df_image_link":"https:\/\/www.csj-emballages.com\/wp-content\/uploads\/2024\/03\/GO125-300x300.webp","tiered_pricing_type":"fixed","tiered_pricing_fixed_rules":[],"tiered_pricing_percentage_rules":[],"tiered_pricing_minimum":1,"tiered_pricing_roles_data":[],"_links":{"self":[{"href":"https:\/\/www.csj-emballages.com\/es\/wp-json\/wp\/v2\/product\/21588","targetHints":{"allow":["GET"]}}],"collection":[{"href":"https:\/\/www.csj-emballages.com\/es\/wp-json\/wp\/v2\/product"}],"about":[{"href":"https:\/\/www.csj-emballages.com\/es\/wp-json\/wp\/v2\/types\/product"}],"wp:featuredmedia":[{"embeddable":true,"href":"https:\/\/www.csj-emballages.com\/es\/wp-json\/wp\/v2\/media\/228012"}],"wp:attachment":[{"href":"https:\/\/www.csj-emballages.com\/es\/wp-json\/wp\/v2\/media?parent=21588"}],"wp:term":[{"taxonomy":"product_brand","embeddable":true,"href":"https:\/\/www.csj-emballages.com\/es\/wp-json\/wp\/v2\/product_brand?post=21588"},{"taxonomy":"product_cat","embeddable":true,"href":"https:\/\/www.csj-emballages.com\/es\/wp-json\/wp\/v2\/product_cat?post=21588"},{"taxonomy":"product_tag","embeddable":true,"href":"https:\/\/www.csj-emballages.com\/es\/wp-json\/wp\/v2\/product_tag?post=21588"}],"curies":[{"name":"wp","href":"https:\/\/api.w.org\/{rel}","templated":true}]}}