{"id":21573,"date":"2024-03-01T16:53:04","date_gmt":"2024-03-01T15:53:04","guid":{"rendered":"https:\/\/u15jnbdpoq.preview.infomaniak.website\/produit\/200-guantes-de-polietileno-sin-polvo-grande-8-9\/"},"modified":"2026-04-17T02:13:51","modified_gmt":"2026-04-17T00:13:51","slug":"200-guantes-de-polietileno-sin-polvo-grande-8-9","status":"publish","type":"product","link":"https:\/\/www.csj-emballages.com\/es\/produit\/200-guantes-de-polietileno-sin-polvo-grande-8-9\/","title":{"rendered":"Guante de politeno sin polvo grande 8-9 por 200"},"content":{"rendered":"<h2 data-start=\"233\" data-end=\"653\">Guante de politeno<\/h2>\n<hr>\n<h3 data-start=\"233\" data-end=\"653\">Descubra nuestro guante de politeno sin polvo grande 8-9 por 200<\/h3>\n<p data-start=\"233\" data-end=\"653\"><!--more--><\/p>\n<p data-start=\"233\" data-end=\"653\">Estos <strong data-start=\"237\" data-end=\"274\">guantes de polietileno sin polvo<\/strong>, talla <strong>grande 8-9<\/strong>, est\u00e1n pensados para todas las situaciones en las que la higiene debe ser r\u00e1pida y sencilla. Fabricados a partir de un <strong data-start=\"408\" data-end=\"463\">compuesto de materiales sint\u00e9ticos y polietileno<\/strong>, ofrecen una barrera eficaz a la vez que siguen siendo ligeros y agradables de llevar. Se ponen f\u00e1cilmente, <strong>sin polvo<\/strong>, lo que evita residuos en las manos, los alimentos o las superficies.  <\/p>\n<p data-start=\"655\" data-end=\"1036\">Gracias a su dise\u00f1o <strong data-start=\"679\" data-end=\"693\">ambidiestro<\/strong>, no es necesario buscar el lado correcto: un guante sirve tanto para la mano derecha como para la izquierda. Esto permite ahorrar tiempo, sobre todo en entornos donde los gestos deben ser r\u00e1pidos y repetitivos. Su finura garantiza una buena libertad de movimiento, ideal para tareas cortas, precisas o en contacto directo con los productos.  <\/p>\n<p data-start=\"1038\" data-end=\"1403\">Estos <strong>guantes<\/strong> son perfectos para los profesionales de la restauraci\u00f3n, los laboratorios, los negocios de alimentaci\u00f3n, pero tambi\u00e9n para usos dom\u00e9sticos o puntuales. Protegen las manos respetando las normas de higiene, sin sensaci\u00f3n de incomodidad. Adem\u00e1s, su formato en <strong data-start=\"1305\" data-end=\"1319\">lote de 200<\/strong> permite tener siempre algunos a mano, incluso en periodos de gran actividad.  <\/p>\n<p data-start=\"1405\" data-end=\"1623\">En resumen, estos <strong>guantes de politeno<\/strong> son una soluci\u00f3n sencilla, pr\u00e1ctica y eficaz para trabajar limpiamente, sin restricciones. Hacen el trabajo, discretamente, y se integran f\u00e1cilmente en la vida profesional y personal. <\/p>\n<p data-start=\"1405\" data-end=\"1623\">\n<p data-start=\"1405\" data-end=\"1623\"><!--more--><\/p>\n<p data-start=\"1405\" data-end=\"1623\"><strong><span style=\"color: #ff0000;\">Caducado el 12\/2025<\/span><\/strong><\/p>\n<p data-start=\"1405\" data-end=\"1623\">\n<p data-start=\"1405\" data-end=\"1623\"><!--more--><\/p>\n<h4 data-start=\"1405\" data-end=\"1623\">Ventajas :<\/h4>\n<ul>\n<li data-start=\"1651\" data-end=\"1704\">Fabricados en <strong>polietileno<\/strong> y materiales sint\u00e9ticos.<\/li>\n<li data-start=\"1707\" data-end=\"1735\"><strong>Sin polvo<\/strong>, sin residuos.<\/li>\n<li data-start=\"1738\" data-end=\"1772\"><strong>Ambidiestros<\/strong>, f\u00e1ciles de usar.<\/li>\n<li data-start=\"1775\" data-end=\"1800\">Ligeros y c\u00f3modos.<\/li>\n<li data-start=\"1803\" data-end=\"1837\">Formato econ\u00f3mico de <strong>200 unidades<\/strong>.<\/li>\n<li data-start=\"1840\" data-end=\"1883\">Ideales para la higiene y los usos cortos.<\/li>\n<\/ul>\n<p>&nbsp;<\/p>\n<p><!--more--><\/p>\n<h4>Informaci\u00f3n adicional :<\/h4>\n<ul>\n<li><strong>Envase<\/strong>: Paquete de 200<\/li>\n<li><strong>Talla<\/strong>: L<\/li>\n<li><strong>Longitud<\/strong>: 260 mm<\/li>\n<li><strong>Ancho de la palma<\/strong>: 112 mm<\/li>\n<li><strong>Peso<\/strong>: 2,1 g<\/li>\n<li><strong>Material<\/strong>: Politeno (sin polvo)<\/li>\n<\/ul>\n<p>&nbsp;<\/p>\n<p><!--more--><\/p>\n<p>Estos guantes de politeno de talla L est\u00e1n disponibles en diferentes tallas: <span style=\"color: #d12727;\"><a style=\"color: #d12727;\" href=\"https:\/\/www.csj-emballages.com\/produit\/200-gants-polytene-non-poudres-small-6-7\/?_gl=1*1nqecl1*_up*MQ..*_ga*NTY4Njc3MjMzLjE3Njk2Nzg1MTY.*_ga_YNVJLRSSZT*czE3Njk2Nzg1MTUkbzEkZzAkdDE3Njk2Nzg1MTUkajYwJGwwJGgxMzI4NzE1NTYz\">Peque\u00f1a<\/a><\/span> \/ <span style=\"color: #d12727;\"><a style=\"color: #d12727;\" href=\"https:\/\/www.csj-emballages.com\/produit\/200-gants-polytene-non-poudres-medium-7-8\/?_gl=1*sfnxtm*_up*MQ..*_ga*NTY4Njc3MjMzLjE3Njk2Nzg1MTY.*_ga_YNVJLRSSZT*czE3Njk2Nzg1MTUkbzEkZzAkdDE3Njk2Nzg1MTUkajYwJGwwJGgxMzI4NzE1NTYz\">Mediana<\/a><\/span> \/ <span style=\"color: #d12727;\"><a style=\"color: #d12727;\" href=\"https:\/\/www.csj-emballages.com\/produit\/200-gants-polytene-non-poudres-extra-large-9-10\/?_gl=1*2j3y2f*_up*MQ..*_ga*MTA1OTA4NzE4Ny4xNzY5NjczNDM5*_ga_YNVJLRSSZT*czE3Njk2NzY1MjgkbzIkZzAkdDE3Njk2NzY1NDUkajQzJGwwJGgxMTI0MDk1Mjg4\">Extragrande<\/a><\/span><\/p>\n<p>&nbsp;<\/p>\n<p><!--more--><\/p>\n<p><a href=\"https:\/\/www.csj-emballages.com\/categorie-produit\/hygiene-et-entretiens\/equipements-individuels\/gants\/gants-polytene\/?_gl=1*i8nak2*_up*MQ..*_ga*MTA1OTA4NzE4Ny4xNzY5NjczNDM5*_ga_YNVJLRSSZT*czE3Njk2NzY1MjgkbzIkZzAkdDE3Njk2NzY1MzckajUxJGwwJGgxMTI0MDk1Mjg4\">Consulte el resto de nuestra gama de guantes de politeno<\/a><\/p>\n","protected":false},"excerpt":{"rendered":"<p>Guante de politeno Descubra nuestro guante de politeno sin polvo grande 8-9 por 200<\/p>\n","protected":false},"featured_media":262255,"template":"","meta":{"_acf_changed":false},"product_brand":[],"product_cat":[1150,1226,2325,2700,2744,10272],"product_tag":[],"class_list":{"0":"post-21573","1":"product","2":"type-product","3":"status-publish","4":"has-post-thumbnail","6":"product_cat-envasado-de-alimentos","7":"product_cat-higiene-y-mantenimiento","8":"product_cat-equipamiento-individual","9":"product_cat-guantes","10":"product_cat-guantes-de-polietileno","11":"product_cat-liquidacion","13":"first","14":"instock","15":"sale","16":"taxable","17":"shipping-taxable","18":"purchasable","19":"product-type-simple"},"acf":[],"yoast_head":"<!-- This site is optimized with the Yoast SEO Premium plugin v26.6 (Yoast SEO v26.6) - https:\/\/yoast.com\/wordpress\/plugins\/seo\/ -->\n<title>Guante de politeno sin polvo grande 8-9 por 200<\/title>\n<meta name=\"description\" content=\"Guantes de politeno sin polvo grandes 8\/9 vendidos por 200 unidades. Ambidiestros, ligeros y pr\u00e1cticos, perfectos para la higiene en el entorno profesional.\" \/>\n<meta name=\"robots\" content=\"index, follow, max-snippet:-1, max-image-preview:large, max-video-preview:-1\" \/>\n<link rel=\"canonical\" href=\"https:\/\/www.csj-emballages.com\/es\/produit\/200-guantes-de-polietileno-sin-polvo-grande-8-9\/\" \/>\n<meta property=\"og:locale\" content=\"es_ES\" \/>\n<meta property=\"og:type\" content=\"article\" \/>\n<meta property=\"og:title\" content=\"Guante de politeno sin polvo grande 8-9 por 200\" \/>\n<meta property=\"og:description\" content=\"Guantes de politeno sin polvo grandes 8\/9 vendidos por 200 unidades. Ambidiestros, ligeros y pr\u00e1cticos, perfectos para la higiene en el entorno profesional.\" \/>\n<meta property=\"og:url\" content=\"https:\/\/www.csj-emballages.com\/es\/produit\/200-guantes-de-polietileno-sin-polvo-grande-8-9\/\" \/>\n<meta property=\"og:site_name\" content=\"CSJ Emballages\" \/>\n<meta property=\"article:publisher\" content=\"https:\/\/www.facebook.com\/csjemballages\" \/>\n<meta property=\"article:modified_time\" content=\"2026-04-17T00:13:51+00:00\" \/>\n<meta property=\"og:image\" content=\"https:\/\/www.csj-emballages.com\/wp-content\/uploads\/2024\/03\/Gant-polytene.webp\" \/>\n\t<meta property=\"og:image:width\" content=\"800\" \/>\n\t<meta property=\"og:image:height\" content=\"799\" \/>\n\t<meta property=\"og:image:type\" content=\"image\/webp\" \/>\n<meta name=\"twitter:card\" content=\"summary_large_image\" \/>\n<meta name=\"twitter:label1\" content=\"Tiempo de lectura\" \/>\n\t<meta name=\"twitter:data1\" content=\"2 minutos\" \/>\n<script type=\"application\/ld+json\" class=\"yoast-schema-graph\">{\"@context\":\"https:\/\/schema.org\",\"@graph\":[{\"@type\":\"WebPage\",\"@id\":\"https:\/\/www.csj-emballages.com\/es\/produit\/200-guantes-de-polietileno-sin-polvo-grande-8-9\/\",\"url\":\"https:\/\/www.csj-emballages.com\/es\/produit\/200-guantes-de-polietileno-sin-polvo-grande-8-9\/\",\"name\":\"Guante de politeno sin polvo grande 8-9 por 200\",\"isPartOf\":{\"@id\":\"https:\/\/www.csj-emballages.com\/es\/#website\"},\"primaryImageOfPage\":{\"@id\":\"https:\/\/www.csj-emballages.com\/es\/produit\/200-guantes-de-polietileno-sin-polvo-grande-8-9\/#primaryimage\"},\"image\":{\"@id\":\"https:\/\/www.csj-emballages.com\/es\/produit\/200-guantes-de-polietileno-sin-polvo-grande-8-9\/#primaryimage\"},\"thumbnailUrl\":\"https:\/\/www.csj-emballages.com\/wp-content\/uploads\/2024\/03\/Gant-polytene.webp\",\"datePublished\":\"2024-03-01T15:53:04+00:00\",\"dateModified\":\"2026-04-17T00:13:51+00:00\",\"description\":\"Guantes de politeno sin polvo grandes 8\/9 vendidos por 200 unidades. Ambidiestros, ligeros y pr\u00e1cticos, perfectos para la higiene en el entorno profesional.\",\"breadcrumb\":{\"@id\":\"https:\/\/www.csj-emballages.com\/es\/produit\/200-guantes-de-polietileno-sin-polvo-grande-8-9\/#breadcrumb\"},\"inLanguage\":\"es\",\"potentialAction\":[{\"@type\":\"ReadAction\",\"target\":[\"https:\/\/www.csj-emballages.com\/es\/produit\/200-guantes-de-polietileno-sin-polvo-grande-8-9\/\"]}]},{\"@type\":\"ImageObject\",\"inLanguage\":\"es\",\"@id\":\"https:\/\/www.csj-emballages.com\/es\/produit\/200-guantes-de-polietileno-sin-polvo-grande-8-9\/#primaryimage\",\"url\":\"https:\/\/www.csj-emballages.com\/wp-content\/uploads\/2024\/03\/Gant-polytene.webp\",\"contentUrl\":\"https:\/\/www.csj-emballages.com\/wp-content\/uploads\/2024\/03\/Gant-polytene.webp\",\"width\":800,\"height\":799,\"caption\":\"Gant polyt\u00e8ne\"},{\"@type\":\"BreadcrumbList\",\"@id\":\"https:\/\/www.csj-emballages.com\/es\/produit\/200-guantes-de-polietileno-sin-polvo-grande-8-9\/#breadcrumb\",\"itemListElement\":[{\"@type\":\"ListItem\",\"position\":1,\"name\":\"Accueil\",\"item\":\"https:\/\/www.csj-emballages.com\/es\/universo-del-envasado-alimentario\/\"},{\"@type\":\"ListItem\",\"position\":2,\"name\":\"Tienda\",\"item\":\"https:\/\/www.csj-emballages.com\/tienda\/\"},{\"@type\":\"ListItem\",\"position\":3,\"name\":\"Guante de politeno sin polvo grande 8-9 por 200\"}]},{\"@type\":\"WebSite\",\"@id\":\"https:\/\/www.csj-emballages.com\/es\/#website\",\"url\":\"https:\/\/www.csj-emballages.com\/es\/\",\"name\":\"CSJ Emballages\",\"description\":\"\",\"publisher\":{\"@id\":\"https:\/\/www.csj-emballages.com\/es\/#organization\"},\"potentialAction\":[{\"@type\":\"SearchAction\",\"target\":{\"@type\":\"EntryPoint\",\"urlTemplate\":\"https:\/\/www.csj-emballages.com\/es\/?s={search_term_string}\"},\"query-input\":{\"@type\":\"PropertyValueSpecification\",\"valueRequired\":true,\"valueName\":\"search_term_string\"}}],\"inLanguage\":\"es\"},{\"@type\":\"Organization\",\"@id\":\"https:\/\/www.csj-emballages.com\/es\/#Organization\/\",\"name\":\"CSJ Emballages\",\"url\":\"https:\/\/www.csj-emballages.com\/es\/\",\"logo\":{\"@type\":\"ImageObject\",\"inLanguage\":\"es\",\"@id\":\"https:\/\/www.csj-emballages.com\/es\/#\/schema\/logo\/image\/\",\"url\":\"https:\/\/www.csj-emballages.com\/wp-content\/uploads\/2023\/10\/logo_csj.webp\",\"contentUrl\":\"https:\/\/www.csj-emballages.com\/wp-content\/uploads\/2023\/10\/logo_csj.webp\",\"width\":250,\"height\":95,\"caption\":\"CSJ Emballages\"},\"image\":{\"@id\":\"https:\/\/www.csj-emballages.com\/es\/#\/schema\/logo\/image\/\"},\"sameAs\":[\"https:\/\/www.facebook.com\/csjemballages\"],\"address\":{\"@type\":\"PostalAddress\",\"streetAddress\":\"ZI La Lechere\",\"addressLocality\":\"Patornay\",\"postalCode\":\"39130\",\"addressCountry\":\"FR\"},\"contactPoint\":[{\"@type\":\"ContactPoint\",\"contactType\":\"Service client\",\"telephone\":\"0384254272\",\"email\":\"contact@csj-emballages.com\"}]}]}<\/script>\n<!-- \/ Yoast SEO Premium plugin. -->","yoast_head_json":{"title":"Guante de politeno sin polvo grande 8-9 por 200","description":"Guantes de politeno sin polvo grandes 8\/9 vendidos por 200 unidades. Ambidiestros, ligeros y pr\u00e1cticos, perfectos para la higiene en el entorno profesional.","robots":{"index":"index","follow":"follow","max-snippet":"max-snippet:-1","max-image-preview":"max-image-preview:large","max-video-preview":"max-video-preview:-1"},"canonical":"https:\/\/www.csj-emballages.com\/es\/produit\/200-guantes-de-polietileno-sin-polvo-grande-8-9\/","og_locale":"es_ES","og_type":"article","og_title":"Guante de politeno sin polvo grande 8-9 por 200","og_description":"Guantes de politeno sin polvo grandes 8\/9 vendidos por 200 unidades. Ambidiestros, ligeros y pr\u00e1cticos, perfectos para la higiene en el entorno profesional.","og_url":"https:\/\/www.csj-emballages.com\/es\/produit\/200-guantes-de-polietileno-sin-polvo-grande-8-9\/","og_site_name":"CSJ Emballages","article_publisher":"https:\/\/www.facebook.com\/csjemballages","article_modified_time":"2026-04-17T00:13:51+00:00","og_image":[{"width":800,"height":799,"url":"https:\/\/www.csj-emballages.com\/wp-content\/uploads\/2024\/03\/Gant-polytene.webp","type":"image\/webp"}],"twitter_card":"summary_large_image","twitter_misc":{"Tiempo de lectura":"2 minutos"},"schema":{"@context":"https:\/\/schema.org","@graph":[{"@type":"WebPage","@id":"https:\/\/www.csj-emballages.com\/es\/produit\/200-guantes-de-polietileno-sin-polvo-grande-8-9\/","url":"https:\/\/www.csj-emballages.com\/es\/produit\/200-guantes-de-polietileno-sin-polvo-grande-8-9\/","name":"Guante de politeno sin polvo grande 8-9 por 200","isPartOf":{"@id":"https:\/\/www.csj-emballages.com\/es\/#website"},"primaryImageOfPage":{"@id":"https:\/\/www.csj-emballages.com\/es\/produit\/200-guantes-de-polietileno-sin-polvo-grande-8-9\/#primaryimage"},"image":{"@id":"https:\/\/www.csj-emballages.com\/es\/produit\/200-guantes-de-polietileno-sin-polvo-grande-8-9\/#primaryimage"},"thumbnailUrl":"https:\/\/www.csj-emballages.com\/wp-content\/uploads\/2024\/03\/Gant-polytene.webp","datePublished":"2024-03-01T15:53:04+00:00","dateModified":"2026-04-17T00:13:51+00:00","description":"Guantes de politeno sin polvo grandes 8\/9 vendidos por 200 unidades. Ambidiestros, ligeros y pr\u00e1cticos, perfectos para la higiene en el entorno profesional.","breadcrumb":{"@id":"https:\/\/www.csj-emballages.com\/es\/produit\/200-guantes-de-polietileno-sin-polvo-grande-8-9\/#breadcrumb"},"inLanguage":"es","potentialAction":[{"@type":"ReadAction","target":["https:\/\/www.csj-emballages.com\/es\/produit\/200-guantes-de-polietileno-sin-polvo-grande-8-9\/"]}]},{"@type":"ImageObject","inLanguage":"es","@id":"https:\/\/www.csj-emballages.com\/es\/produit\/200-guantes-de-polietileno-sin-polvo-grande-8-9\/#primaryimage","url":"https:\/\/www.csj-emballages.com\/wp-content\/uploads\/2024\/03\/Gant-polytene.webp","contentUrl":"https:\/\/www.csj-emballages.com\/wp-content\/uploads\/2024\/03\/Gant-polytene.webp","width":800,"height":799,"caption":"Gant polyt\u00e8ne"},{"@type":"BreadcrumbList","@id":"https:\/\/www.csj-emballages.com\/es\/produit\/200-guantes-de-polietileno-sin-polvo-grande-8-9\/#breadcrumb","itemListElement":[{"@type":"ListItem","position":1,"name":"Accueil","item":"https:\/\/www.csj-emballages.com\/es\/universo-del-envasado-alimentario\/"},{"@type":"ListItem","position":2,"name":"Tienda","item":"https:\/\/www.csj-emballages.com\/tienda\/"},{"@type":"ListItem","position":3,"name":"Guante de politeno sin polvo grande 8-9 por 200"}]},{"@type":"WebSite","@id":"https:\/\/www.csj-emballages.com\/es\/#website","url":"https:\/\/www.csj-emballages.com\/es\/","name":"CSJ Emballages","description":"","publisher":{"@id":"https:\/\/www.csj-emballages.com\/es\/#organization"},"potentialAction":[{"@type":"SearchAction","target":{"@type":"EntryPoint","urlTemplate":"https:\/\/www.csj-emballages.com\/es\/?s={search_term_string}"},"query-input":{"@type":"PropertyValueSpecification","valueRequired":true,"valueName":"search_term_string"}}],"inLanguage":"es"},{"@type":"Organization","@id":"https:\/\/www.csj-emballages.com\/es\/#Organization\/","name":"CSJ Emballages","url":"https:\/\/www.csj-emballages.com\/es\/","logo":{"@type":"ImageObject","inLanguage":"es","@id":"https:\/\/www.csj-emballages.com\/es\/#\/schema\/logo\/image\/","url":"https:\/\/www.csj-emballages.com\/wp-content\/uploads\/2023\/10\/logo_csj.webp","contentUrl":"https:\/\/www.csj-emballages.com\/wp-content\/uploads\/2023\/10\/logo_csj.webp","width":250,"height":95,"caption":"CSJ Emballages"},"image":{"@id":"https:\/\/www.csj-emballages.com\/es\/#\/schema\/logo\/image\/"},"sameAs":["https:\/\/www.facebook.com\/csjemballages"],"address":{"@type":"PostalAddress","streetAddress":"ZI La Lechere","addressLocality":"Patornay","postalCode":"39130","addressCountry":"FR"},"contactPoint":[{"@type":"ContactPoint","contactType":"Service client","telephone":"0384254272","email":"contact@csj-emballages.com"}]}]}},"df_price":4.42,"df_sale_price":4.42,"df_regular_price":5.52,"df_image_link":"https:\/\/www.csj-emballages.com\/wp-content\/uploads\/2024\/03\/Gant-polytene-300x300.webp","tiered_pricing_type":"fixed","tiered_pricing_fixed_rules":[],"tiered_pricing_percentage_rules":[],"tiered_pricing_minimum":1,"tiered_pricing_roles_data":[],"_links":{"self":[{"href":"https:\/\/www.csj-emballages.com\/es\/wp-json\/wp\/v2\/product\/21573","targetHints":{"allow":["GET"]}}],"collection":[{"href":"https:\/\/www.csj-emballages.com\/es\/wp-json\/wp\/v2\/product"}],"about":[{"href":"https:\/\/www.csj-emballages.com\/es\/wp-json\/wp\/v2\/types\/product"}],"wp:featuredmedia":[{"embeddable":true,"href":"https:\/\/www.csj-emballages.com\/es\/wp-json\/wp\/v2\/media\/262255"}],"wp:attachment":[{"href":"https:\/\/www.csj-emballages.com\/es\/wp-json\/wp\/v2\/media?parent=21573"}],"wp:term":[{"taxonomy":"product_brand","embeddable":true,"href":"https:\/\/www.csj-emballages.com\/es\/wp-json\/wp\/v2\/product_brand?post=21573"},{"taxonomy":"product_cat","embeddable":true,"href":"https:\/\/www.csj-emballages.com\/es\/wp-json\/wp\/v2\/product_cat?post=21573"},{"taxonomy":"product_tag","embeddable":true,"href":"https:\/\/www.csj-emballages.com\/es\/wp-json\/wp\/v2\/product_tag?post=21573"}],"curies":[{"name":"wp","href":"https:\/\/api.w.org\/{rel}","templated":true}]}}