{"id":21571,"date":"2024-03-01T16:53:05","date_gmt":"2024-03-01T15:53:05","guid":{"rendered":"https:\/\/u15jnbdpoq.preview.infomaniak.website\/produit\/100-guantes-de-nitrilo-sin-polvo-negro-medio-8\/"},"modified":"2026-04-30T02:13:48","modified_gmt":"2026-04-30T00:13:48","slug":"100-guantes-de-nitrilo-sin-polvo-negro-medio-8","status":"publish","type":"product","link":"https:\/\/www.csj-emballages.com\/es\/produit\/100-guantes-de-nitrilo-sin-polvo-negro-medio-8\/","title":{"rendered":"Guante de nitrilo sin polvo negro mediano 8 por 100"},"content":{"rendered":"<h2>Guante de nitrilo<\/h2>\n<hr>\n<h3>Descubra nuestro guante de nitrilo sin polvo negro mediano 8 por 100<\/h3>\n<p><!--more--><\/p>\n<p data-start=\"254\" data-end=\"654\">Estos <strong data-start=\"258\" data-end=\"296\">guantes de nitrilo negros sin polvo<\/strong>, talla <strong>mediana 8<\/strong>, est\u00e1n pensados para quienes buscan precisi\u00f3n, comodidad y fiabilidad en el d\u00eda a d\u00eda. Desde el momento en que se los pone, se <strong>adaptan naturalmente a la mano<\/strong> y ofrecen una sensaci\u00f3n de control inmediato. Gracias a su dise\u00f1o <strong data-start=\"545\" data-end=\"559\">ambidiestro<\/strong>, gana tiempo: no es necesario buscar el lado correcto, cada guante se adapta perfectamente.  <\/p>\n<p data-start=\"656\" data-end=\"1095\">El <strong data-start=\"659\" data-end=\"673\">borde enrollado<\/strong> facilita la colocaci\u00f3n y reduce el riesgo de desgarro. Adem\u00e1s, refuerza la sujeci\u00f3n del <strong>guante en la mu\u00f1eca<\/strong>, incluso durante un uso prolongado. Los <strong data-start=\"830\" data-end=\"849\">dedos texturizados<\/strong>, por su parte, proporcionan un excelente agarre. De este modo, podr\u00e1 manipular objetos con precisi\u00f3n, incluso en entornos h\u00famedos o grasientos. La <strong data-start=\"988\" data-end=\"1013\">textura antideslizante<\/strong> mejora el control de los gestos y reduce la fatiga durante las tareas repetitivas.    <\/p>\n<p data-start=\"1097\" data-end=\"1403\">Otro punto importante: estos <strong>guantes<\/strong> son <strong data-start=\"1136\" data-end=\"1151\">sin polvo<\/strong>, lo que limita el riesgo de irritaci\u00f3n y evita la contaminaci\u00f3n de superficies o productos manipulados. Por lo tanto, son perfectos para \u00e1reas exigentes como la restauraci\u00f3n, la medicina, la limpieza profesional o la est\u00e9tica. <\/p>\n<p data-start=\"1405\" data-end=\"1672\">Para la retirada, se recomienda un m\u00e9todo sencillo e higi\u00e9nico: doble el extremo del manguito y, a continuaci\u00f3n, retire el guante d\u00e1ndole la vuelta sobre s\u00ed mismo para evitar el contacto con la parte exterior. Este gesto reduce eficazmente el riesgo de contaminaci\u00f3n. <\/p>\n<p data-start=\"1674\" data-end=\"1901\">Por \u00faltimo, su <strong data-start=\"1686\" data-end=\"1706\">calidad m\u00e9dica<\/strong> garantiza una protecci\u00f3n fiable y conforme a los usos profesionales. Vendidos por <strong data-start=\"1788\" data-end=\"1804\">caja de 100<\/strong>, estos <strong>guantes de nitrilo<\/strong> representan una soluci\u00f3n pr\u00e1ctica, econ\u00f3mica y segura para un uso regular. <\/p>\n<p data-start=\"1624\" data-end=\"1834\"><!--more--><\/p>\n<h4 data-start=\"1624\" data-end=\"1834\">Ventajas :<\/h4>\n<ul>\n<li data-start=\"1929\" data-end=\"1968\"><strong>Nitrilo negro<\/strong> resistente y c\u00f3modo.<\/li>\n<li data-start=\"1971\" data-end=\"2007\">Sin polvo, limita las irritaciones.<\/li>\n<li data-start=\"2010\" data-end=\"2041\"><strong>Ambidextro<\/strong>, r\u00e1pido de usar.<\/li>\n<li data-start=\"2044\" data-end=\"2090\"><strong>Dedos texturizados<\/strong> para una mayor precisi\u00f3n.<\/li>\n<li data-start=\"2093\" data-end=\"2127\"><strong>Borde enrollado<\/strong> para mayor solidez.<\/li>\n<li data-start=\"2130\" data-end=\"2164\">Calidad m\u00e9dica profesional.<\/li>\n<\/ul>\n<p>&nbsp;<\/p>\n<p><!--more--><\/p>\n<h4>Informaci\u00f3n adicional :<\/h4>\n<ul>\n<li><strong>Embalaje<\/strong>: Paquete de 100<\/li>\n<li><strong>Talla<\/strong>: M<\/li>\n<li><strong>Longitud<\/strong>: 240 mm<\/li>\n<li><strong>Ancho de la palma<\/strong>: 95 mm<\/li>\n<li><strong>Peso<\/strong>: 3,5 g<\/li>\n<li><strong>Material<\/strong>: Nitrilo (sin polvo)<\/li>\n<\/ul>\n<p>&nbsp;<\/p>\n<p><!--more--><\/p>\n<p>Estos guantes de nitrilo de talla M est\u00e1n disponibles en diferentes tallas: <span style=\"color: #d12727;\"><a style=\"color: #d12727;\" href=\"https:\/\/www.csj-emballages.com\/produit\/100-gants-nitriles-non-poudre-noir-small-7\/?_gl=1*yjrk72*_up*MQ..*_ga*NTU1MDIwOTMwLjE3NjkxNzgwNTE.*_ga_YNVJLRSSZT*czE3NjkxNzgwNTAkbzEkZzAkdDE3NjkxNzgwNTAkajYwJGwwJGgxOTk3ODQxOTI0\">Peque\u00f1a<\/a><\/span> \/ <span style=\"color: #d12727;\"><a style=\"color: #d12727;\" href=\"https:\/\/www.csj-emballages.com\/produit\/100-gants-nitriles-non-poudre-noir-large-9-l\/?_gl=1*y0uche*_up*MQ..*_ga*NTU1MDIwOTMwLjE3NjkxNzgwNTE.*_ga_YNVJLRSSZT*czE3NjkxNzgwNTAkbzEkZzAkdDE3NjkxNzgwNTAkajYwJGwwJGgxOTk3ODQxOTI0\">Grande<\/a><\/span> \/ <span style=\"color: #d12727;\"><a style=\"color: #d12727;\" href=\"https:\/\/www.csj-emballages.com\/produit\/100-gants-nitriles-noir-non-poudre-extra-large-10\/?_gl=1*1l2uey9*_up*MQ..*_ga*NTU1MDIwOTMwLjE3NjkxNzgwNTE.*_ga_YNVJLRSSZT*czE3NjkxNzgwNTAkbzEkZzAkdDE3NjkxNzgwNTAkajYwJGwwJGgxOTk3ODQxOTI0\">Extragrande<\/a><\/span><\/p>\n<p>&nbsp;<\/p>\n<p><!--more--><\/p>\n<p><a href=\"https:\/\/www.csj-emballages.com\/categorie-produit\/hygiene-et-entretiens\/equipements-individuels\/gants\/gants-nitrile\/?_gl=1*61uc40*_up*MQ..*_ga*MTQ3Nzg2NjAwNy4xNzY5MTc1NTE0*_ga_YNVJLRSSZT*czE3NjkxNzU1MTMkbzEkZzAkdDE3NjkxNzU1MTMkajYwJGwwJGgyMDczNzc3MTA.\">Consulte el resto de nuestra gama de guantes de nitrilo<\/a><\/p>\n","protected":false},"excerpt":{"rendered":"<p>Guante de nitrilo Descubra nuestro guante de nitrilo sin polvo negro mediano 8 por 100<\/p>\n","protected":false},"featured_media":262234,"template":"","meta":{"_acf_changed":false},"product_brand":[],"product_cat":[1226,2325,2700,2738],"product_tag":[],"class_list":{"0":"post-21571","1":"product","2":"type-product","3":"status-publish","4":"has-post-thumbnail","6":"product_cat-higiene-y-mantenimiento","7":"product_cat-equipamiento-individual","8":"product_cat-guantes","9":"product_cat-guantes-de-nitrilo","11":"first","12":"instock","13":"taxable","14":"shipping-taxable","15":"purchasable","16":"product-type-simple"},"acf":[],"yoast_head":"<!-- This site is optimized with the Yoast SEO Premium plugin v26.6 (Yoast SEO v26.6) - https:\/\/yoast.com\/wordpress\/plugins\/seo\/ -->\n<title>Guante de nitrilo sin polvo negro mediano 8 por 100<\/title>\n<meta name=\"description\" content=\"Guantes de nitrilo negros sin polvo talla M, ambidiestros y de calidad m\u00e9dica. Caja de 100, dedos texturizados y excelente agarre.\" \/>\n<meta name=\"robots\" content=\"index, follow, max-snippet:-1, max-image-preview:large, max-video-preview:-1\" \/>\n<link rel=\"canonical\" href=\"https:\/\/www.csj-emballages.com\/es\/produit\/100-guantes-de-nitrilo-sin-polvo-negro-medio-8\/\" \/>\n<meta property=\"og:locale\" content=\"es_ES\" \/>\n<meta property=\"og:type\" content=\"article\" \/>\n<meta property=\"og:title\" content=\"Guante de nitrilo sin polvo negro mediano 8 por 100\" \/>\n<meta property=\"og:description\" content=\"Guantes de nitrilo negros sin polvo talla M, ambidiestros y de calidad m\u00e9dica. Caja de 100, dedos texturizados y excelente agarre.\" \/>\n<meta property=\"og:url\" content=\"https:\/\/www.csj-emballages.com\/es\/produit\/100-guantes-de-nitrilo-sin-polvo-negro-medio-8\/\" \/>\n<meta property=\"og:site_name\" content=\"CSJ Emballages\" \/>\n<meta property=\"article:publisher\" content=\"https:\/\/www.facebook.com\/csjemballages\" \/>\n<meta property=\"article:modified_time\" content=\"2026-04-30T00:13:48+00:00\" \/>\n<meta property=\"og:image\" content=\"https:\/\/www.csj-emballages.com\/wp-content\/uploads\/2024\/03\/Gants-nitrile-noir.webp\" \/>\n\t<meta property=\"og:image:width\" content=\"800\" \/>\n\t<meta property=\"og:image:height\" content=\"800\" \/>\n\t<meta property=\"og:image:type\" content=\"image\/webp\" \/>\n<meta name=\"twitter:card\" content=\"summary_large_image\" \/>\n<meta name=\"twitter:label1\" content=\"Tiempo de lectura\" \/>\n\t<meta name=\"twitter:data1\" content=\"2 minutos\" \/>\n<script type=\"application\/ld+json\" class=\"yoast-schema-graph\">{\"@context\":\"https:\/\/schema.org\",\"@graph\":[{\"@type\":\"WebPage\",\"@id\":\"https:\/\/www.csj-emballages.com\/es\/produit\/100-guantes-de-nitrilo-sin-polvo-negro-medio-8\/\",\"url\":\"https:\/\/www.csj-emballages.com\/es\/produit\/100-guantes-de-nitrilo-sin-polvo-negro-medio-8\/\",\"name\":\"Guante de nitrilo sin polvo negro mediano 8 por 100\",\"isPartOf\":{\"@id\":\"https:\/\/www.csj-emballages.com\/es\/#website\"},\"primaryImageOfPage\":{\"@id\":\"https:\/\/www.csj-emballages.com\/es\/produit\/100-guantes-de-nitrilo-sin-polvo-negro-medio-8\/#primaryimage\"},\"image\":{\"@id\":\"https:\/\/www.csj-emballages.com\/es\/produit\/100-guantes-de-nitrilo-sin-polvo-negro-medio-8\/#primaryimage\"},\"thumbnailUrl\":\"https:\/\/www.csj-emballages.com\/wp-content\/uploads\/2024\/03\/Gants-nitrile-noir.webp\",\"datePublished\":\"2024-03-01T15:53:05+00:00\",\"dateModified\":\"2026-04-30T00:13:48+00:00\",\"description\":\"Guantes de nitrilo negros sin polvo talla M, ambidiestros y de calidad m\u00e9dica. Caja de 100, dedos texturizados y excelente agarre.\",\"breadcrumb\":{\"@id\":\"https:\/\/www.csj-emballages.com\/es\/produit\/100-guantes-de-nitrilo-sin-polvo-negro-medio-8\/#breadcrumb\"},\"inLanguage\":\"es\",\"potentialAction\":[{\"@type\":\"ReadAction\",\"target\":[\"https:\/\/www.csj-emballages.com\/es\/produit\/100-guantes-de-nitrilo-sin-polvo-negro-medio-8\/\"]}]},{\"@type\":\"ImageObject\",\"inLanguage\":\"es\",\"@id\":\"https:\/\/www.csj-emballages.com\/es\/produit\/100-guantes-de-nitrilo-sin-polvo-negro-medio-8\/#primaryimage\",\"url\":\"https:\/\/www.csj-emballages.com\/wp-content\/uploads\/2024\/03\/Gants-nitrile-noir.webp\",\"contentUrl\":\"https:\/\/www.csj-emballages.com\/wp-content\/uploads\/2024\/03\/Gants-nitrile-noir.webp\",\"width\":800,\"height\":800,\"caption\":\"Gant nitrile\"},{\"@type\":\"BreadcrumbList\",\"@id\":\"https:\/\/www.csj-emballages.com\/es\/produit\/100-guantes-de-nitrilo-sin-polvo-negro-medio-8\/#breadcrumb\",\"itemListElement\":[{\"@type\":\"ListItem\",\"position\":1,\"name\":\"Accueil\",\"item\":\"https:\/\/www.csj-emballages.com\/es\/universo-del-envasado-alimentario\/\"},{\"@type\":\"ListItem\",\"position\":2,\"name\":\"Tienda\",\"item\":\"https:\/\/www.csj-emballages.com\/tienda\/\"},{\"@type\":\"ListItem\",\"position\":3,\"name\":\"Guante de nitrilo sin polvo negro mediano 8 por 100\"}]},{\"@type\":\"WebSite\",\"@id\":\"https:\/\/www.csj-emballages.com\/es\/#website\",\"url\":\"https:\/\/www.csj-emballages.com\/es\/\",\"name\":\"CSJ Emballages\",\"description\":\"\",\"publisher\":{\"@id\":\"https:\/\/www.csj-emballages.com\/es\/#organization\"},\"potentialAction\":[{\"@type\":\"SearchAction\",\"target\":{\"@type\":\"EntryPoint\",\"urlTemplate\":\"https:\/\/www.csj-emballages.com\/es\/?s={search_term_string}\"},\"query-input\":{\"@type\":\"PropertyValueSpecification\",\"valueRequired\":true,\"valueName\":\"search_term_string\"}}],\"inLanguage\":\"es\"},{\"@type\":\"Organization\",\"@id\":\"https:\/\/www.csj-emballages.com\/es\/#Organization\/\",\"name\":\"CSJ Emballages\",\"url\":\"https:\/\/www.csj-emballages.com\/es\/\",\"logo\":{\"@type\":\"ImageObject\",\"inLanguage\":\"es\",\"@id\":\"https:\/\/www.csj-emballages.com\/es\/#\/schema\/logo\/image\/\",\"url\":\"https:\/\/www.csj-emballages.com\/wp-content\/uploads\/2023\/10\/logo_csj.webp\",\"contentUrl\":\"https:\/\/www.csj-emballages.com\/wp-content\/uploads\/2023\/10\/logo_csj.webp\",\"width\":250,\"height\":95,\"caption\":\"CSJ Emballages\"},\"image\":{\"@id\":\"https:\/\/www.csj-emballages.com\/es\/#\/schema\/logo\/image\/\"},\"sameAs\":[\"https:\/\/www.facebook.com\/csjemballages\"],\"address\":{\"@type\":\"PostalAddress\",\"streetAddress\":\"ZI La Lechere\",\"addressLocality\":\"Patornay\",\"postalCode\":\"39130\",\"addressCountry\":\"FR\"},\"contactPoint\":[{\"@type\":\"ContactPoint\",\"contactType\":\"Service client\",\"telephone\":\"0384254272\",\"email\":\"contact@csj-emballages.com\"}]}]}<\/script>\n<!-- \/ Yoast SEO Premium plugin. -->","yoast_head_json":{"title":"Guante de nitrilo sin polvo negro mediano 8 por 100","description":"Guantes de nitrilo negros sin polvo talla M, ambidiestros y de calidad m\u00e9dica. Caja de 100, dedos texturizados y excelente agarre.","robots":{"index":"index","follow":"follow","max-snippet":"max-snippet:-1","max-image-preview":"max-image-preview:large","max-video-preview":"max-video-preview:-1"},"canonical":"https:\/\/www.csj-emballages.com\/es\/produit\/100-guantes-de-nitrilo-sin-polvo-negro-medio-8\/","og_locale":"es_ES","og_type":"article","og_title":"Guante de nitrilo sin polvo negro mediano 8 por 100","og_description":"Guantes de nitrilo negros sin polvo talla M, ambidiestros y de calidad m\u00e9dica. Caja de 100, dedos texturizados y excelente agarre.","og_url":"https:\/\/www.csj-emballages.com\/es\/produit\/100-guantes-de-nitrilo-sin-polvo-negro-medio-8\/","og_site_name":"CSJ Emballages","article_publisher":"https:\/\/www.facebook.com\/csjemballages","article_modified_time":"2026-04-30T00:13:48+00:00","og_image":[{"width":800,"height":800,"url":"https:\/\/www.csj-emballages.com\/wp-content\/uploads\/2024\/03\/Gants-nitrile-noir.webp","type":"image\/webp"}],"twitter_card":"summary_large_image","twitter_misc":{"Tiempo de lectura":"2 minutos"},"schema":{"@context":"https:\/\/schema.org","@graph":[{"@type":"WebPage","@id":"https:\/\/www.csj-emballages.com\/es\/produit\/100-guantes-de-nitrilo-sin-polvo-negro-medio-8\/","url":"https:\/\/www.csj-emballages.com\/es\/produit\/100-guantes-de-nitrilo-sin-polvo-negro-medio-8\/","name":"Guante de nitrilo sin polvo negro mediano 8 por 100","isPartOf":{"@id":"https:\/\/www.csj-emballages.com\/es\/#website"},"primaryImageOfPage":{"@id":"https:\/\/www.csj-emballages.com\/es\/produit\/100-guantes-de-nitrilo-sin-polvo-negro-medio-8\/#primaryimage"},"image":{"@id":"https:\/\/www.csj-emballages.com\/es\/produit\/100-guantes-de-nitrilo-sin-polvo-negro-medio-8\/#primaryimage"},"thumbnailUrl":"https:\/\/www.csj-emballages.com\/wp-content\/uploads\/2024\/03\/Gants-nitrile-noir.webp","datePublished":"2024-03-01T15:53:05+00:00","dateModified":"2026-04-30T00:13:48+00:00","description":"Guantes de nitrilo negros sin polvo talla M, ambidiestros y de calidad m\u00e9dica. Caja de 100, dedos texturizados y excelente agarre.","breadcrumb":{"@id":"https:\/\/www.csj-emballages.com\/es\/produit\/100-guantes-de-nitrilo-sin-polvo-negro-medio-8\/#breadcrumb"},"inLanguage":"es","potentialAction":[{"@type":"ReadAction","target":["https:\/\/www.csj-emballages.com\/es\/produit\/100-guantes-de-nitrilo-sin-polvo-negro-medio-8\/"]}]},{"@type":"ImageObject","inLanguage":"es","@id":"https:\/\/www.csj-emballages.com\/es\/produit\/100-guantes-de-nitrilo-sin-polvo-negro-medio-8\/#primaryimage","url":"https:\/\/www.csj-emballages.com\/wp-content\/uploads\/2024\/03\/Gants-nitrile-noir.webp","contentUrl":"https:\/\/www.csj-emballages.com\/wp-content\/uploads\/2024\/03\/Gants-nitrile-noir.webp","width":800,"height":800,"caption":"Gant nitrile"},{"@type":"BreadcrumbList","@id":"https:\/\/www.csj-emballages.com\/es\/produit\/100-guantes-de-nitrilo-sin-polvo-negro-medio-8\/#breadcrumb","itemListElement":[{"@type":"ListItem","position":1,"name":"Accueil","item":"https:\/\/www.csj-emballages.com\/es\/universo-del-envasado-alimentario\/"},{"@type":"ListItem","position":2,"name":"Tienda","item":"https:\/\/www.csj-emballages.com\/tienda\/"},{"@type":"ListItem","position":3,"name":"Guante de nitrilo sin polvo negro mediano 8 por 100"}]},{"@type":"WebSite","@id":"https:\/\/www.csj-emballages.com\/es\/#website","url":"https:\/\/www.csj-emballages.com\/es\/","name":"CSJ Emballages","description":"","publisher":{"@id":"https:\/\/www.csj-emballages.com\/es\/#organization"},"potentialAction":[{"@type":"SearchAction","target":{"@type":"EntryPoint","urlTemplate":"https:\/\/www.csj-emballages.com\/es\/?s={search_term_string}"},"query-input":{"@type":"PropertyValueSpecification","valueRequired":true,"valueName":"search_term_string"}}],"inLanguage":"es"},{"@type":"Organization","@id":"https:\/\/www.csj-emballages.com\/es\/#Organization\/","name":"CSJ Emballages","url":"https:\/\/www.csj-emballages.com\/es\/","logo":{"@type":"ImageObject","inLanguage":"es","@id":"https:\/\/www.csj-emballages.com\/es\/#\/schema\/logo\/image\/","url":"https:\/\/www.csj-emballages.com\/wp-content\/uploads\/2023\/10\/logo_csj.webp","contentUrl":"https:\/\/www.csj-emballages.com\/wp-content\/uploads\/2023\/10\/logo_csj.webp","width":250,"height":95,"caption":"CSJ Emballages"},"image":{"@id":"https:\/\/www.csj-emballages.com\/es\/#\/schema\/logo\/image\/"},"sameAs":["https:\/\/www.facebook.com\/csjemballages"],"address":{"@type":"PostalAddress","streetAddress":"ZI La Lechere","addressLocality":"Patornay","postalCode":"39130","addressCountry":"FR"},"contactPoint":[{"@type":"ContactPoint","contactType":"Service client","telephone":"0384254272","email":"contact@csj-emballages.com"}]}]}},"df_price":4.78,"df_sale_price":"","df_regular_price":4.78,"df_image_link":"https:\/\/www.csj-emballages.com\/wp-content\/uploads\/2024\/03\/Gants-nitrile-noir-300x300.webp","tiered_pricing_type":"fixed","tiered_pricing_fixed_rules":[],"tiered_pricing_percentage_rules":[],"tiered_pricing_minimum":1,"tiered_pricing_roles_data":[],"_links":{"self":[{"href":"https:\/\/www.csj-emballages.com\/es\/wp-json\/wp\/v2\/product\/21571","targetHints":{"allow":["GET"]}}],"collection":[{"href":"https:\/\/www.csj-emballages.com\/es\/wp-json\/wp\/v2\/product"}],"about":[{"href":"https:\/\/www.csj-emballages.com\/es\/wp-json\/wp\/v2\/types\/product"}],"wp:featuredmedia":[{"embeddable":true,"href":"https:\/\/www.csj-emballages.com\/es\/wp-json\/wp\/v2\/media\/262234"}],"wp:attachment":[{"href":"https:\/\/www.csj-emballages.com\/es\/wp-json\/wp\/v2\/media?parent=21571"}],"wp:term":[{"taxonomy":"product_brand","embeddable":true,"href":"https:\/\/www.csj-emballages.com\/es\/wp-json\/wp\/v2\/product_brand?post=21571"},{"taxonomy":"product_cat","embeddable":true,"href":"https:\/\/www.csj-emballages.com\/es\/wp-json\/wp\/v2\/product_cat?post=21571"},{"taxonomy":"product_tag","embeddable":true,"href":"https:\/\/www.csj-emballages.com\/es\/wp-json\/wp\/v2\/product_tag?post=21571"}],"curies":[{"name":"wp","href":"https:\/\/api.w.org\/{rel}","templated":true}]}}