{"id":21553,"date":"2024-03-01T16:53:06","date_gmt":"2024-03-01T15:53:06","guid":{"rendered":"https:\/\/u15jnbdpoq.preview.infomaniak.website\/produit\/100-guantes-de-nitrilo-sin-polvo-grandes-rosa-8-9\/"},"modified":"2026-03-12T16:26:30","modified_gmt":"2026-03-12T15:26:30","slug":"100-guantes-de-nitrilo-sin-polvo-grandes-rosa-8-9","status":"publish","type":"product","link":"https:\/\/www.csj-emballages.com\/es\/produit\/100-guantes-de-nitrilo-sin-polvo-grandes-rosa-8-9\/","title":{"rendered":"Guante de nitrilo sin polvo rosa grande 8\/9 por 100"},"content":{"rendered":"<h2>Guante de nitrilo<\/h2>\n<hr>\n<h3>Descubra nuestro guante de nitrilo sin polvo rosa grande 8\/9 por 100<\/h3>\n<p><!--more--><\/p>\n<p data-start=\"234\" data-end=\"606\">Estos <strong data-start=\"238\" data-end=\"273\">guantes de nitrilo sin polvo rosas<\/strong> en talla <strong>grande 8\/9<\/strong> est\u00e1n pensados para ofrecer a la vez comodidad, precisi\u00f3n y seguridad, incluso durante un uso intensivo. Su material <strong>flexible se adapta perfectamente a la mano<\/strong>, lo que permite mantener una excelente libertad de movimiento sin sensaci\u00f3n de molestia. Se ponen f\u00e1cilmente, y una vez en su sitio, casi se olvidan.  <\/p>\n<p data-start=\"608\" data-end=\"1027\">Gracias a su dise\u00f1o <strong data-start=\"632\" data-end=\"646\">ambidiestro<\/strong>, ganar\u00e1 tiempo en el d\u00eda a d\u00eda: no es necesario buscar un guante derecho o izquierdo. El <strong data-start=\"735\" data-end=\"749\">borde enrollado<\/strong> refuerza la sujeci\u00f3n en la mu\u00f1eca y limita el riesgo de desgarro al pon\u00e9rselos. Adem\u00e1s, la superficie <strong data-start=\"864\" data-end=\"881\">antideslizante<\/strong> asociada a las <strong data-start=\"895\" data-end=\"924\">puntas de los dedos texturizadas<\/strong> mejora notablemente el agarre, incluso cuando manipula <strong>objetos finos, h\u00famedos o delicados<\/strong>.  <\/p>\n<p data-start=\"1029\" data-end=\"1327\"><strong>Sin polvo<\/strong>, estos <strong>guantes<\/strong> reducen el riesgo de irritaci\u00f3n y son perfectos para pieles sensibles. Su <strong data-start=\"1141\" data-end=\"1161\">calidad m\u00e9dica<\/strong> garantiza un alto nivel de protecci\u00f3n, lo que los hace adecuados para sectores exigentes como el m\u00e9dico, la est\u00e9tica, la higiene, la restauraci\u00f3n o los laboratorios. <\/p>\n<p data-start=\"1329\" data-end=\"1534\">Para quit\u00e1rselos, el gesto sigue siendo sencillo y seguro: basta con doblar el extremo del manguito y retirar el guante d\u00e1ndole la vuelta sobre s\u00ed mismo, para evitar cualquier contacto con la parte exterior.<\/p>\n<p data-start=\"1536\" data-end=\"1677\">En resumen, estos <strong>guantes de nitrilo rosas<\/strong> combinan eficacia, comodidad y fiabilidad, a la vez que aportan un toque de color que cambia de los est\u00e1ndares cl\u00e1sicos.<\/p>\n<p data-start=\"1624\" data-end=\"1834\"><!--more--><\/p>\n<h4 data-start=\"1624\" data-end=\"1834\">Ventajas :<\/h4>\n<ul>\n<li data-start=\"1707\" data-end=\"1746\"><strong>Nitrilo sin polvo<\/strong>, suave para la piel.<\/li>\n<li data-start=\"1749\" data-end=\"1783\"><strong>Talla L 8\/9<\/strong>, ajuste preciso.<\/li>\n<li data-start=\"1786\" data-end=\"1820\">Ambidiestros y f\u00e1ciles de poner.<\/li>\n<li data-start=\"1823\" data-end=\"1869\">Dedos texturizados para un mejor agarre.<\/li>\n<li data-start=\"1872\" data-end=\"1908\"><strong>Borde enrollado<\/strong> para mayor resistencia.<\/li>\n<li data-start=\"1911\" data-end=\"1929\">Calidad m\u00e9dica.<\/li>\n<li data-start=\"1932\" data-end=\"1973\">Presentaci\u00f3n pr\u00e1ctica en paquetes de 100 unidades.<\/li>\n<\/ul>\n<p>&nbsp;<\/p>\n<p><!--more--><\/p>\n<h4>Informaci\u00f3n adicional :<\/h4>\n<ul>\n<li><strong>Embalaje<\/strong>: Paquete de 100<\/li>\n<li><strong>Talla<\/strong>: L<\/li>\n<li><strong>Longitud<\/strong>: 240 mm<\/li>\n<li><strong>Ancho de la palma<\/strong>: 110 mm<\/li>\n<li><strong>Peso<\/strong>: 4,0 g<\/li>\n<li><strong>Material<\/strong>: Nitrilo (sin polvo)<\/li>\n<\/ul>\n<p>&nbsp;<\/p>\n<p><!--more--><\/p>\n<p>Estos guantes de nitrilo rosas talla L est\u00e1n disponibles en diferentes tallas: <span style=\"color: #d12727;\"><a style=\"color: #d12727;\" href=\"https:\/\/www.csj-emballages.com\/produit\/100-gants-nitriles-non-poudre-rose-extra-small-5-6\/?_gl=1*1pgvss9*_up*MQ..*_ga*MjUyOTI1LjE3NjkxNzkwNzI.*_ga_YNVJLRSSZT*czE3NjkxNzkwNzIkbzEkZzAkdDE3NjkxNzkwNzIkajYwJGwwJGgxMDM5ODg1NDc3\">Extra peque\u00f1a<\/a><\/span> \/<span style=\"color: #d12727;\"> <a style=\"color: #d12727;\" href=\"https:\/\/www.csj-emballages.com\/produit\/100-gants-nitriles-non-poudre-rose-medium-7-8\/?_gl=1*1cepc22*_up*MQ..*_ga*MjUyOTI1LjE3NjkxNzkwNzI.*_ga_YNVJLRSSZT*czE3NjkxNzkwNzIkbzEkZzAkdDE3NjkxNzkwNzIkajYwJGwwJGgxMDM5ODg1NDc3\">Mediana<\/a><\/span><\/p>\n<p>&nbsp;<\/p>\n<p><!--more--><\/p>\n<p><a href=\"https:\/\/www.csj-emballages.com\/categorie-produit\/hygiene-et-entretiens\/equipements-individuels\/gants\/gants-nitrile\/?_gl=1*61uc40*_up*MQ..*_ga*MTQ3Nzg2NjAwNy4xNzY5MTc1NTE0*_ga_YNVJLRSSZT*czE3NjkxNzU1MTMkbzEkZzAkdDE3NjkxNzU1MTMkajYwJGwwJGgyMDczNzc3MTA.\">Consulte el resto de nuestra gama de guantes de nitrilo<\/a><\/p>\n","protected":false},"excerpt":{"rendered":"<p>Guante de nitrilo Descubra nuestro guante de nitrilo sin polvo rosa grande 8\/9 por 100<\/p>\n","protected":false},"featured_media":262244,"template":"","meta":{"_acf_changed":false},"product_brand":[],"product_cat":[1226,2325,2700,2738],"product_tag":[],"class_list":{"0":"post-21553","1":"product","2":"type-product","3":"status-publish","4":"has-post-thumbnail","6":"product_cat-higiene-y-mantenimiento","7":"product_cat-equipamiento-individual","8":"product_cat-guantes","9":"product_cat-guantes-de-nitrilo","11":"first","12":"instock","13":"taxable","14":"shipping-taxable","15":"purchasable","16":"product-type-simple"},"acf":[],"yoast_head":"<!-- This site is optimized with the Yoast SEO Premium plugin v26.6 (Yoast SEO v26.6) - https:\/\/yoast.com\/wordpress\/plugins\/seo\/ -->\n<title>Guante de nitrilo sin polvo rosa grande 8\/9 por 100<\/title>\n<meta name=\"description\" content=\"Guantes de nitrilo sin polvo rosas L 8\/9, ambidiestros y de calidad m\u00e9dica. Comodidad, precisi\u00f3n y agarre \u00f3ptimo. Caja de 100 guantes.\" \/>\n<meta name=\"robots\" content=\"index, follow, max-snippet:-1, max-image-preview:large, max-video-preview:-1\" \/>\n<link rel=\"canonical\" href=\"https:\/\/www.csj-emballages.com\/es\/produit\/100-guantes-de-nitrilo-sin-polvo-grandes-rosa-8-9\/\" \/>\n<meta property=\"og:locale\" content=\"es_ES\" \/>\n<meta property=\"og:type\" content=\"article\" \/>\n<meta property=\"og:title\" content=\"Guante de nitrilo sin polvo rosa grande 8\/9 por 100\" \/>\n<meta property=\"og:description\" content=\"Guantes de nitrilo sin polvo rosas L 8\/9, ambidiestros y de calidad m\u00e9dica. Comodidad, precisi\u00f3n y agarre \u00f3ptimo. Caja de 100 guantes.\" \/>\n<meta property=\"og:url\" content=\"https:\/\/www.csj-emballages.com\/es\/produit\/100-guantes-de-nitrilo-sin-polvo-grandes-rosa-8-9\/\" \/>\n<meta property=\"og:site_name\" content=\"CSJ Emballages\" \/>\n<meta property=\"article:publisher\" content=\"https:\/\/www.facebook.com\/csjemballages\" \/>\n<meta property=\"article:modified_time\" content=\"2026-03-12T15:26:30+00:00\" \/>\n<meta property=\"og:image\" content=\"https:\/\/www.csj-emballages.com\/wp-content\/uploads\/2024\/03\/Gant-nitrile-rose.webp\" \/>\n\t<meta property=\"og:image:width\" content=\"800\" \/>\n\t<meta property=\"og:image:height\" content=\"800\" \/>\n\t<meta property=\"og:image:type\" content=\"image\/webp\" \/>\n<meta name=\"twitter:card\" content=\"summary_large_image\" \/>\n<meta name=\"twitter:label1\" content=\"Tiempo de lectura\" \/>\n\t<meta name=\"twitter:data1\" content=\"2 minutos\" \/>\n<script type=\"application\/ld+json\" class=\"yoast-schema-graph\">{\"@context\":\"https:\/\/schema.org\",\"@graph\":[{\"@type\":\"WebPage\",\"@id\":\"https:\/\/www.csj-emballages.com\/es\/produit\/100-guantes-de-nitrilo-sin-polvo-grandes-rosa-8-9\/\",\"url\":\"https:\/\/www.csj-emballages.com\/es\/produit\/100-guantes-de-nitrilo-sin-polvo-grandes-rosa-8-9\/\",\"name\":\"Guante de nitrilo sin polvo rosa grande 8\/9 por 100\",\"isPartOf\":{\"@id\":\"https:\/\/www.csj-emballages.com\/es\/#website\"},\"primaryImageOfPage\":{\"@id\":\"https:\/\/www.csj-emballages.com\/es\/produit\/100-guantes-de-nitrilo-sin-polvo-grandes-rosa-8-9\/#primaryimage\"},\"image\":{\"@id\":\"https:\/\/www.csj-emballages.com\/es\/produit\/100-guantes-de-nitrilo-sin-polvo-grandes-rosa-8-9\/#primaryimage\"},\"thumbnailUrl\":\"https:\/\/www.csj-emballages.com\/wp-content\/uploads\/2024\/03\/Gant-nitrile-rose.webp\",\"datePublished\":\"2024-03-01T15:53:06+00:00\",\"dateModified\":\"2026-03-12T15:26:30+00:00\",\"description\":\"Guantes de nitrilo sin polvo rosas L 8\/9, ambidiestros y de calidad m\u00e9dica. Comodidad, precisi\u00f3n y agarre \u00f3ptimo. Caja de 100 guantes.\",\"breadcrumb\":{\"@id\":\"https:\/\/www.csj-emballages.com\/es\/produit\/100-guantes-de-nitrilo-sin-polvo-grandes-rosa-8-9\/#breadcrumb\"},\"inLanguage\":\"es\",\"potentialAction\":[{\"@type\":\"ReadAction\",\"target\":[\"https:\/\/www.csj-emballages.com\/es\/produit\/100-guantes-de-nitrilo-sin-polvo-grandes-rosa-8-9\/\"]}]},{\"@type\":\"ImageObject\",\"inLanguage\":\"es\",\"@id\":\"https:\/\/www.csj-emballages.com\/es\/produit\/100-guantes-de-nitrilo-sin-polvo-grandes-rosa-8-9\/#primaryimage\",\"url\":\"https:\/\/www.csj-emballages.com\/wp-content\/uploads\/2024\/03\/Gant-nitrile-rose.webp\",\"contentUrl\":\"https:\/\/www.csj-emballages.com\/wp-content\/uploads\/2024\/03\/Gant-nitrile-rose.webp\",\"width\":800,\"height\":800,\"caption\":\"Gant nitrile\"},{\"@type\":\"BreadcrumbList\",\"@id\":\"https:\/\/www.csj-emballages.com\/es\/produit\/100-guantes-de-nitrilo-sin-polvo-grandes-rosa-8-9\/#breadcrumb\",\"itemListElement\":[{\"@type\":\"ListItem\",\"position\":1,\"name\":\"Accueil\",\"item\":\"https:\/\/www.csj-emballages.com\/es\/universo-del-envasado-alimentario\/\"},{\"@type\":\"ListItem\",\"position\":2,\"name\":\"Tienda\",\"item\":\"https:\/\/www.csj-emballages.com\/tienda\/\"},{\"@type\":\"ListItem\",\"position\":3,\"name\":\"Guante de nitrilo sin polvo rosa grande 8\/9 por 100\"}]},{\"@type\":\"WebSite\",\"@id\":\"https:\/\/www.csj-emballages.com\/es\/#website\",\"url\":\"https:\/\/www.csj-emballages.com\/es\/\",\"name\":\"CSJ Emballages\",\"description\":\"\",\"publisher\":{\"@id\":\"https:\/\/www.csj-emballages.com\/es\/#organization\"},\"potentialAction\":[{\"@type\":\"SearchAction\",\"target\":{\"@type\":\"EntryPoint\",\"urlTemplate\":\"https:\/\/www.csj-emballages.com\/es\/?s={search_term_string}\"},\"query-input\":{\"@type\":\"PropertyValueSpecification\",\"valueRequired\":true,\"valueName\":\"search_term_string\"}}],\"inLanguage\":\"es\"},{\"@type\":\"Organization\",\"@id\":\"https:\/\/www.csj-emballages.com\/es\/#Organization\/\",\"name\":\"CSJ Emballages\",\"url\":\"https:\/\/www.csj-emballages.com\/es\/\",\"logo\":{\"@type\":\"ImageObject\",\"inLanguage\":\"es\",\"@id\":\"https:\/\/www.csj-emballages.com\/es\/#\/schema\/logo\/image\/\",\"url\":\"https:\/\/www.csj-emballages.com\/wp-content\/uploads\/2023\/10\/logo_csj.webp\",\"contentUrl\":\"https:\/\/www.csj-emballages.com\/wp-content\/uploads\/2023\/10\/logo_csj.webp\",\"width\":250,\"height\":95,\"caption\":\"CSJ Emballages\"},\"image\":{\"@id\":\"https:\/\/www.csj-emballages.com\/es\/#\/schema\/logo\/image\/\"},\"sameAs\":[\"https:\/\/www.facebook.com\/csjemballages\"],\"address\":{\"@type\":\"PostalAddress\",\"streetAddress\":\"ZI La Lechere\",\"addressLocality\":\"Patornay\",\"postalCode\":\"39130\",\"addressCountry\":\"FR\"},\"contactPoint\":[{\"@type\":\"ContactPoint\",\"contactType\":\"Service client\",\"telephone\":\"0384254272\",\"email\":\"contact@csj-emballages.com\"}]}]}<\/script>\n<!-- \/ Yoast SEO Premium plugin. -->","yoast_head_json":{"title":"Guante de nitrilo sin polvo rosa grande 8\/9 por 100","description":"Guantes de nitrilo sin polvo rosas L 8\/9, ambidiestros y de calidad m\u00e9dica. Comodidad, precisi\u00f3n y agarre \u00f3ptimo. Caja de 100 guantes.","robots":{"index":"index","follow":"follow","max-snippet":"max-snippet:-1","max-image-preview":"max-image-preview:large","max-video-preview":"max-video-preview:-1"},"canonical":"https:\/\/www.csj-emballages.com\/es\/produit\/100-guantes-de-nitrilo-sin-polvo-grandes-rosa-8-9\/","og_locale":"es_ES","og_type":"article","og_title":"Guante de nitrilo sin polvo rosa grande 8\/9 por 100","og_description":"Guantes de nitrilo sin polvo rosas L 8\/9, ambidiestros y de calidad m\u00e9dica. Comodidad, precisi\u00f3n y agarre \u00f3ptimo. Caja de 100 guantes.","og_url":"https:\/\/www.csj-emballages.com\/es\/produit\/100-guantes-de-nitrilo-sin-polvo-grandes-rosa-8-9\/","og_site_name":"CSJ Emballages","article_publisher":"https:\/\/www.facebook.com\/csjemballages","article_modified_time":"2026-03-12T15:26:30+00:00","og_image":[{"width":800,"height":800,"url":"https:\/\/www.csj-emballages.com\/wp-content\/uploads\/2024\/03\/Gant-nitrile-rose.webp","type":"image\/webp"}],"twitter_card":"summary_large_image","twitter_misc":{"Tiempo de lectura":"2 minutos"},"schema":{"@context":"https:\/\/schema.org","@graph":[{"@type":"WebPage","@id":"https:\/\/www.csj-emballages.com\/es\/produit\/100-guantes-de-nitrilo-sin-polvo-grandes-rosa-8-9\/","url":"https:\/\/www.csj-emballages.com\/es\/produit\/100-guantes-de-nitrilo-sin-polvo-grandes-rosa-8-9\/","name":"Guante de nitrilo sin polvo rosa grande 8\/9 por 100","isPartOf":{"@id":"https:\/\/www.csj-emballages.com\/es\/#website"},"primaryImageOfPage":{"@id":"https:\/\/www.csj-emballages.com\/es\/produit\/100-guantes-de-nitrilo-sin-polvo-grandes-rosa-8-9\/#primaryimage"},"image":{"@id":"https:\/\/www.csj-emballages.com\/es\/produit\/100-guantes-de-nitrilo-sin-polvo-grandes-rosa-8-9\/#primaryimage"},"thumbnailUrl":"https:\/\/www.csj-emballages.com\/wp-content\/uploads\/2024\/03\/Gant-nitrile-rose.webp","datePublished":"2024-03-01T15:53:06+00:00","dateModified":"2026-03-12T15:26:30+00:00","description":"Guantes de nitrilo sin polvo rosas L 8\/9, ambidiestros y de calidad m\u00e9dica. Comodidad, precisi\u00f3n y agarre \u00f3ptimo. Caja de 100 guantes.","breadcrumb":{"@id":"https:\/\/www.csj-emballages.com\/es\/produit\/100-guantes-de-nitrilo-sin-polvo-grandes-rosa-8-9\/#breadcrumb"},"inLanguage":"es","potentialAction":[{"@type":"ReadAction","target":["https:\/\/www.csj-emballages.com\/es\/produit\/100-guantes-de-nitrilo-sin-polvo-grandes-rosa-8-9\/"]}]},{"@type":"ImageObject","inLanguage":"es","@id":"https:\/\/www.csj-emballages.com\/es\/produit\/100-guantes-de-nitrilo-sin-polvo-grandes-rosa-8-9\/#primaryimage","url":"https:\/\/www.csj-emballages.com\/wp-content\/uploads\/2024\/03\/Gant-nitrile-rose.webp","contentUrl":"https:\/\/www.csj-emballages.com\/wp-content\/uploads\/2024\/03\/Gant-nitrile-rose.webp","width":800,"height":800,"caption":"Gant nitrile"},{"@type":"BreadcrumbList","@id":"https:\/\/www.csj-emballages.com\/es\/produit\/100-guantes-de-nitrilo-sin-polvo-grandes-rosa-8-9\/#breadcrumb","itemListElement":[{"@type":"ListItem","position":1,"name":"Accueil","item":"https:\/\/www.csj-emballages.com\/es\/universo-del-envasado-alimentario\/"},{"@type":"ListItem","position":2,"name":"Tienda","item":"https:\/\/www.csj-emballages.com\/tienda\/"},{"@type":"ListItem","position":3,"name":"Guante de nitrilo sin polvo rosa grande 8\/9 por 100"}]},{"@type":"WebSite","@id":"https:\/\/www.csj-emballages.com\/es\/#website","url":"https:\/\/www.csj-emballages.com\/es\/","name":"CSJ Emballages","description":"","publisher":{"@id":"https:\/\/www.csj-emballages.com\/es\/#organization"},"potentialAction":[{"@type":"SearchAction","target":{"@type":"EntryPoint","urlTemplate":"https:\/\/www.csj-emballages.com\/es\/?s={search_term_string}"},"query-input":{"@type":"PropertyValueSpecification","valueRequired":true,"valueName":"search_term_string"}}],"inLanguage":"es"},{"@type":"Organization","@id":"https:\/\/www.csj-emballages.com\/es\/#Organization\/","name":"CSJ Emballages","url":"https:\/\/www.csj-emballages.com\/es\/","logo":{"@type":"ImageObject","inLanguage":"es","@id":"https:\/\/www.csj-emballages.com\/es\/#\/schema\/logo\/image\/","url":"https:\/\/www.csj-emballages.com\/wp-content\/uploads\/2023\/10\/logo_csj.webp","contentUrl":"https:\/\/www.csj-emballages.com\/wp-content\/uploads\/2023\/10\/logo_csj.webp","width":250,"height":95,"caption":"CSJ Emballages"},"image":{"@id":"https:\/\/www.csj-emballages.com\/es\/#\/schema\/logo\/image\/"},"sameAs":["https:\/\/www.facebook.com\/csjemballages"],"address":{"@type":"PostalAddress","streetAddress":"ZI La Lechere","addressLocality":"Patornay","postalCode":"39130","addressCountry":"FR"},"contactPoint":[{"@type":"ContactPoint","contactType":"Service client","telephone":"0384254272","email":"contact@csj-emballages.com"}]}]}},"df_price":5.32,"df_sale_price":"","df_regular_price":5.32,"df_image_link":"https:\/\/www.csj-emballages.com\/wp-content\/uploads\/2024\/03\/Gant-nitrile-rose-300x300.webp","tiered_pricing_type":"fixed","tiered_pricing_fixed_rules":[],"tiered_pricing_percentage_rules":[],"tiered_pricing_minimum":1,"tiered_pricing_roles_data":[],"_links":{"self":[{"href":"https:\/\/www.csj-emballages.com\/es\/wp-json\/wp\/v2\/product\/21553","targetHints":{"allow":["GET"]}}],"collection":[{"href":"https:\/\/www.csj-emballages.com\/es\/wp-json\/wp\/v2\/product"}],"about":[{"href":"https:\/\/www.csj-emballages.com\/es\/wp-json\/wp\/v2\/types\/product"}],"wp:featuredmedia":[{"embeddable":true,"href":"https:\/\/www.csj-emballages.com\/es\/wp-json\/wp\/v2\/media\/262244"}],"wp:attachment":[{"href":"https:\/\/www.csj-emballages.com\/es\/wp-json\/wp\/v2\/media?parent=21553"}],"wp:term":[{"taxonomy":"product_brand","embeddable":true,"href":"https:\/\/www.csj-emballages.com\/es\/wp-json\/wp\/v2\/product_brand?post=21553"},{"taxonomy":"product_cat","embeddable":true,"href":"https:\/\/www.csj-emballages.com\/es\/wp-json\/wp\/v2\/product_cat?post=21553"},{"taxonomy":"product_tag","embeddable":true,"href":"https:\/\/www.csj-emballages.com\/es\/wp-json\/wp\/v2\/product_tag?post=21553"}],"curies":[{"name":"wp","href":"https:\/\/api.w.org\/{rel}","templated":true}]}}