{"id":21542,"date":"2024-03-01T16:53:06","date_gmt":"2024-03-01T15:53:06","guid":{"rendered":"https:\/\/u15jnbdpoq.preview.infomaniak.website\/produit\/100-guantes-de-nitrilo-sin-polvo-medianos-8\/"},"modified":"2026-04-01T17:48:29","modified_gmt":"2026-04-01T15:48:29","slug":"100-guantes-de-nitrilo-sin-polvo-medianos-8","status":"publish","type":"product","link":"https:\/\/www.csj-emballages.com\/es\/produit\/100-guantes-de-nitrilo-sin-polvo-medianos-8\/","title":{"rendered":"Guante de nitrilo sin polvo mediano 8 por 100"},"content":{"rendered":"<h2>Guante de nitrilo<\/h2>\n<hr>\n<h3>Descubra nuestro guante de nitrilo sin polvo mediano 8 por 100<\/h3>\n<p><!--more--><\/p>\n<p data-start=\"241\" data-end=\"591\">Pensados para un uso exigente, estos <strong data-start=\"276\" data-end=\"314\">guantes de nitrilo sin polvo talla mediana 8<\/strong> ofrecen una protecci\u00f3n fiable a la vez que resultan agradables de llevar a diario. Su dise\u00f1o <strong data-start=\"410\" data-end=\"424\">ambidiestro<\/strong> permite utilizarlos indistintamente en la mano derecha o izquierda, lo que simplifica su manejo y ahorra tiempo, sobre todo durante los cambios frecuentes. <\/p>\n<p data-start=\"593\" data-end=\"974\">Gracias a su <strong data-start=\"606\" data-end=\"620\">borde enrollado<\/strong>, los <strong>guantes<\/strong> se mantienen bien en su sitio una vez puestos y limitan el riesgo de que se rompan en la zona del pu\u00f1o. Este detalle tambi\u00e9n mejora la comodidad y evita que el guante se deslice durante su uso. Adem\u00e1s, la <strong data-start=\"838\" data-end=\"863\">textura antideslizante<\/strong> garantiza un buen control de los movimientos, incluso en entornos h\u00famedos o durante manipulaciones delicadas.  <\/p>\n<p data-start=\"976\" data-end=\"1287\">Las <strong data-start=\"980\" data-end=\"1009\">puntas de los dedos texturizadas<\/strong> proporcionan un mejor agarre y una mayor precisi\u00f3n. Esto permite manipular objetos, instrumentos o alimentos con mayor control, sin perder sensibilidad. Esta caracter\u00edstica es especialmente apreciada en los sectores en los que cada movimiento cuenta.  <\/p>\n<p data-start=\"1289\" data-end=\"1517\">Estos <strong>guantes<\/strong> cumplen con una <strong data-start=\"1315\" data-end=\"1335\">calidad m\u00e9dica<\/strong>, lo que garantiza un alto nivel de higiene y seguridad. Son adecuados tanto para los profesionales de la salud como para los sectores de la restauraci\u00f3n, el mantenimiento o la industria. <\/p>\n<p data-start=\"1519\" data-end=\"1776\">Por \u00faltimo, la retirada se realiza con total seguridad: basta con <strong data-start=\"1578\" data-end=\"1656\">doblar el extremo del pu\u00f1o y retirar el guante d\u00e1ndole la vuelta<\/strong>, para evitar cualquier contacto con la superficie exterior. Un m\u00e9todo sencillo y eficaz para limitar la contaminaci\u00f3n. <\/p>\n<p data-start=\"1624\" data-end=\"1834\"><!--more--><\/p>\n<h4 data-start=\"1624\" data-end=\"1834\">Ventajas :<\/h4>\n<ul>\n<li data-start=\"1804\" data-end=\"1839\"><strong>Ambidextros<\/strong>, pr\u00e1cticos de usar.<\/li>\n<li data-start=\"1842\" data-end=\"1880\"><strong>Borde enrollado<\/strong> para una mejor sujeci\u00f3n.<\/li>\n<li data-start=\"1883\" data-end=\"1928\">Textura antideslizante para mayor control.<\/li>\n<li data-start=\"1931\" data-end=\"1976\"><strong>Dedos texturizados<\/strong> para una precisi\u00f3n \u00f3ptima.<\/li>\n<li data-start=\"1979\" data-end=\"1997\">Calidad m\u00e9dica.<\/li>\n<li data-start=\"2000\" data-end=\"2045\">Retirada segura para una higiene reforzada.<\/li>\n<\/ul>\n<p>&nbsp;<\/p>\n<p><!--more--><\/p>\n<h4>Informaci\u00f3n adicional :<\/h4>\n<ul>\n<li><strong>Embalaje<\/strong>: Paquete de 100<\/li>\n<li><strong>Talla<\/strong>: M<\/li>\n<li><strong>Longitud<\/strong>: 240 mm<\/li>\n<li><strong>Ancho de la palma<\/strong>: 95 mm<\/li>\n<li><strong>Peso<\/strong>: 3,5 g<\/li>\n<li><strong>Material<\/strong>: Nitrilo (sin polvo)<\/li>\n<\/ul>\n<p>&nbsp;<\/p>\n<p><!--more--><\/p>\n<p>Estos guantes de nitrilo de talla M est\u00e1n disponibles en diferentes tallas: <span style=\"color: #d12727;\"><a style=\"color: #d12727;\" href=\"https:\/\/www.csj-emballages.com\/produit\/100-gant-nitrile-non-poudre-small-7\/?_gl=1*1cbag7z*_up*MQ..*_ga*NDA2ODgxMTkuMTc2OTE3NjcxNg..*_ga_YNVJLRSSZT*czE3NjkxNzY3MTYkbzEkZzAkdDE3NjkxNzY3MTYkajYwJGwwJGg3MDQ1Nzk3MDQ.\">Peque\u00f1a<\/a><\/span> \/ <span style=\"color: #d12727;\"><a style=\"color: #d12727;\" href=\"https:\/\/www.csj-emballages.com\/produit\/100-gants-nitriles-non-poudre-large-9\/?_gl=1*1l0cctn*_up*MQ..*_ga*MTE0MzkzMTcuMTc2OTE3NTgwMQ..*_ga_YNVJLRSSZT*czE3NjkxNzU4MDAkbzEkZzAkdDE3NjkxNzU4MDAkajYwJGwwJGgxMzE3MzAwMTYx\">Grande<\/a><\/span> \/ <span style=\"color: #d12727;\"><a style=\"color: #d12727;\" href=\"https:\/\/www.csj-emballages.com\/produit\/100-gants-nitriles-non-poudre-extra-large-10\/?_gl=1*1l0cctn*_up*MQ..*_ga*MTE0MzkzMTcuMTc2OTE3NTgwMQ..*_ga_YNVJLRSSZT*czE3NjkxNzU4MDAkbzEkZzAkdDE3NjkxNzU4MDAkajYwJGwwJGgxMzE3MzAwMTYx\">Extragrande<\/a><\/span><\/p>\n<p>&nbsp;<\/p>\n<p><!--more--><\/p>\n<p><a href=\"https:\/\/www.csj-emballages.com\/categorie-produit\/hygiene-et-entretiens\/equipements-individuels\/gants\/gants-nitrile\/?_gl=1*61uc40*_up*MQ..*_ga*MTQ3Nzg2NjAwNy4xNzY5MTc1NTE0*_ga_YNVJLRSSZT*czE3NjkxNzU1MTMkbzEkZzAkdDE3NjkxNzU1MTMkajYwJGwwJGgyMDczNzc3MTA.\">Consulte el resto de nuestra gama de guantes de nitrilo<\/a><\/p>\n","protected":false},"excerpt":{"rendered":"<p>Guante de nitrilo Descubra nuestro guante de nitrilo sin polvo mediano 8 por 100<\/p>\n","protected":false},"featured_media":262224,"template":"","meta":{"_acf_changed":false},"product_brand":[],"product_cat":[1226,2325,2700,2738],"product_tag":[],"class_list":{"0":"post-21542","1":"product","2":"type-product","3":"status-publish","4":"has-post-thumbnail","6":"product_cat-higiene-y-mantenimiento","7":"product_cat-equipamiento-individual","8":"product_cat-guantes","9":"product_cat-guantes-de-nitrilo","11":"first","12":"instock","13":"taxable","14":"shipping-taxable","15":"purchasable","16":"product-type-simple"},"acf":[],"yoast_head":"<!-- This site is optimized with the Yoast SEO Premium plugin v26.6 (Yoast SEO v26.6) - https:\/\/yoast.com\/wordpress\/plugins\/seo\/ -->\n<title>Guante de nitrilo sin polvo mediano 8 por 100<\/title>\n<meta name=\"description\" content=\"Guantes de nitrilo sin polvo talla M, ambidiestros y de calidad m\u00e9dica. Textura antideslizante, dedos texturizados y retirada segura. Caja de 100.\" \/>\n<meta name=\"robots\" content=\"index, follow, max-snippet:-1, max-image-preview:large, max-video-preview:-1\" \/>\n<link rel=\"canonical\" href=\"https:\/\/www.csj-emballages.com\/es\/produit\/100-guantes-de-nitrilo-sin-polvo-medianos-8\/\" \/>\n<meta property=\"og:locale\" content=\"es_ES\" \/>\n<meta property=\"og:type\" content=\"article\" \/>\n<meta property=\"og:title\" content=\"Guante de nitrilo sin polvo mediano 8 por 100\" \/>\n<meta property=\"og:description\" content=\"Guantes de nitrilo sin polvo talla M, ambidiestros y de calidad m\u00e9dica. Textura antideslizante, dedos texturizados y retirada segura. Caja de 100.\" \/>\n<meta property=\"og:url\" content=\"https:\/\/www.csj-emballages.com\/es\/produit\/100-guantes-de-nitrilo-sin-polvo-medianos-8\/\" \/>\n<meta property=\"og:site_name\" content=\"CSJ Emballages\" \/>\n<meta property=\"article:publisher\" content=\"https:\/\/www.facebook.com\/csjemballages\" \/>\n<meta property=\"article:modified_time\" content=\"2026-04-01T15:48:29+00:00\" \/>\n<meta property=\"og:image\" content=\"https:\/\/www.csj-emballages.com\/wp-content\/uploads\/2024\/03\/Gant-nitrile.webp\" \/>\n\t<meta property=\"og:image:width\" content=\"800\" \/>\n\t<meta property=\"og:image:height\" content=\"800\" \/>\n\t<meta property=\"og:image:type\" content=\"image\/webp\" \/>\n<meta name=\"twitter:card\" content=\"summary_large_image\" \/>\n<meta name=\"twitter:label1\" content=\"Tiempo de lectura\" \/>\n\t<meta name=\"twitter:data1\" content=\"2 minutos\" \/>\n<script type=\"application\/ld+json\" class=\"yoast-schema-graph\">{\"@context\":\"https:\/\/schema.org\",\"@graph\":[{\"@type\":\"WebPage\",\"@id\":\"https:\/\/www.csj-emballages.com\/es\/produit\/100-guantes-de-nitrilo-sin-polvo-medianos-8\/\",\"url\":\"https:\/\/www.csj-emballages.com\/es\/produit\/100-guantes-de-nitrilo-sin-polvo-medianos-8\/\",\"name\":\"Guante de nitrilo sin polvo mediano 8 por 100\",\"isPartOf\":{\"@id\":\"https:\/\/www.csj-emballages.com\/es\/#website\"},\"primaryImageOfPage\":{\"@id\":\"https:\/\/www.csj-emballages.com\/es\/produit\/100-guantes-de-nitrilo-sin-polvo-medianos-8\/#primaryimage\"},\"image\":{\"@id\":\"https:\/\/www.csj-emballages.com\/es\/produit\/100-guantes-de-nitrilo-sin-polvo-medianos-8\/#primaryimage\"},\"thumbnailUrl\":\"https:\/\/www.csj-emballages.com\/wp-content\/uploads\/2024\/03\/Gant-nitrile.webp\",\"datePublished\":\"2024-03-01T15:53:06+00:00\",\"dateModified\":\"2026-04-01T15:48:29+00:00\",\"description\":\"Guantes de nitrilo sin polvo talla M, ambidiestros y de calidad m\u00e9dica. Textura antideslizante, dedos texturizados y retirada segura. Caja de 100.\",\"breadcrumb\":{\"@id\":\"https:\/\/www.csj-emballages.com\/es\/produit\/100-guantes-de-nitrilo-sin-polvo-medianos-8\/#breadcrumb\"},\"inLanguage\":\"es\",\"potentialAction\":[{\"@type\":\"ReadAction\",\"target\":[\"https:\/\/www.csj-emballages.com\/es\/produit\/100-guantes-de-nitrilo-sin-polvo-medianos-8\/\"]}]},{\"@type\":\"ImageObject\",\"inLanguage\":\"es\",\"@id\":\"https:\/\/www.csj-emballages.com\/es\/produit\/100-guantes-de-nitrilo-sin-polvo-medianos-8\/#primaryimage\",\"url\":\"https:\/\/www.csj-emballages.com\/wp-content\/uploads\/2024\/03\/Gant-nitrile.webp\",\"contentUrl\":\"https:\/\/www.csj-emballages.com\/wp-content\/uploads\/2024\/03\/Gant-nitrile.webp\",\"width\":800,\"height\":800,\"caption\":\"Gant nitrile\"},{\"@type\":\"BreadcrumbList\",\"@id\":\"https:\/\/www.csj-emballages.com\/es\/produit\/100-guantes-de-nitrilo-sin-polvo-medianos-8\/#breadcrumb\",\"itemListElement\":[{\"@type\":\"ListItem\",\"position\":1,\"name\":\"Accueil\",\"item\":\"https:\/\/www.csj-emballages.com\/es\/universo-del-envasado-alimentario\/\"},{\"@type\":\"ListItem\",\"position\":2,\"name\":\"Tienda\",\"item\":\"https:\/\/www.csj-emballages.com\/tienda\/\"},{\"@type\":\"ListItem\",\"position\":3,\"name\":\"Guante de nitrilo sin polvo mediano 8 por 100\"}]},{\"@type\":\"WebSite\",\"@id\":\"https:\/\/www.csj-emballages.com\/es\/#website\",\"url\":\"https:\/\/www.csj-emballages.com\/es\/\",\"name\":\"CSJ Emballages\",\"description\":\"\",\"publisher\":{\"@id\":\"https:\/\/www.csj-emballages.com\/es\/#organization\"},\"potentialAction\":[{\"@type\":\"SearchAction\",\"target\":{\"@type\":\"EntryPoint\",\"urlTemplate\":\"https:\/\/www.csj-emballages.com\/es\/?s={search_term_string}\"},\"query-input\":{\"@type\":\"PropertyValueSpecification\",\"valueRequired\":true,\"valueName\":\"search_term_string\"}}],\"inLanguage\":\"es\"},{\"@type\":\"Organization\",\"@id\":\"https:\/\/www.csj-emballages.com\/es\/#Organization\/\",\"name\":\"CSJ Emballages\",\"url\":\"https:\/\/www.csj-emballages.com\/es\/\",\"logo\":{\"@type\":\"ImageObject\",\"inLanguage\":\"es\",\"@id\":\"https:\/\/www.csj-emballages.com\/es\/#\/schema\/logo\/image\/\",\"url\":\"https:\/\/www.csj-emballages.com\/wp-content\/uploads\/2023\/10\/logo_csj.webp\",\"contentUrl\":\"https:\/\/www.csj-emballages.com\/wp-content\/uploads\/2023\/10\/logo_csj.webp\",\"width\":250,\"height\":95,\"caption\":\"CSJ Emballages\"},\"image\":{\"@id\":\"https:\/\/www.csj-emballages.com\/es\/#\/schema\/logo\/image\/\"},\"sameAs\":[\"https:\/\/www.facebook.com\/csjemballages\"],\"address\":{\"@type\":\"PostalAddress\",\"streetAddress\":\"ZI La Lechere\",\"addressLocality\":\"Patornay\",\"postalCode\":\"39130\",\"addressCountry\":\"FR\"},\"contactPoint\":[{\"@type\":\"ContactPoint\",\"contactType\":\"Service client\",\"telephone\":\"0384254272\",\"email\":\"contact@csj-emballages.com\"}]}]}<\/script>\n<!-- \/ Yoast SEO Premium plugin. -->","yoast_head_json":{"title":"Guante de nitrilo sin polvo mediano 8 por 100","description":"Guantes de nitrilo sin polvo talla M, ambidiestros y de calidad m\u00e9dica. Textura antideslizante, dedos texturizados y retirada segura. Caja de 100.","robots":{"index":"index","follow":"follow","max-snippet":"max-snippet:-1","max-image-preview":"max-image-preview:large","max-video-preview":"max-video-preview:-1"},"canonical":"https:\/\/www.csj-emballages.com\/es\/produit\/100-guantes-de-nitrilo-sin-polvo-medianos-8\/","og_locale":"es_ES","og_type":"article","og_title":"Guante de nitrilo sin polvo mediano 8 por 100","og_description":"Guantes de nitrilo sin polvo talla M, ambidiestros y de calidad m\u00e9dica. Textura antideslizante, dedos texturizados y retirada segura. Caja de 100.","og_url":"https:\/\/www.csj-emballages.com\/es\/produit\/100-guantes-de-nitrilo-sin-polvo-medianos-8\/","og_site_name":"CSJ Emballages","article_publisher":"https:\/\/www.facebook.com\/csjemballages","article_modified_time":"2026-04-01T15:48:29+00:00","og_image":[{"width":800,"height":800,"url":"https:\/\/www.csj-emballages.com\/wp-content\/uploads\/2024\/03\/Gant-nitrile.webp","type":"image\/webp"}],"twitter_card":"summary_large_image","twitter_misc":{"Tiempo de lectura":"2 minutos"},"schema":{"@context":"https:\/\/schema.org","@graph":[{"@type":"WebPage","@id":"https:\/\/www.csj-emballages.com\/es\/produit\/100-guantes-de-nitrilo-sin-polvo-medianos-8\/","url":"https:\/\/www.csj-emballages.com\/es\/produit\/100-guantes-de-nitrilo-sin-polvo-medianos-8\/","name":"Guante de nitrilo sin polvo mediano 8 por 100","isPartOf":{"@id":"https:\/\/www.csj-emballages.com\/es\/#website"},"primaryImageOfPage":{"@id":"https:\/\/www.csj-emballages.com\/es\/produit\/100-guantes-de-nitrilo-sin-polvo-medianos-8\/#primaryimage"},"image":{"@id":"https:\/\/www.csj-emballages.com\/es\/produit\/100-guantes-de-nitrilo-sin-polvo-medianos-8\/#primaryimage"},"thumbnailUrl":"https:\/\/www.csj-emballages.com\/wp-content\/uploads\/2024\/03\/Gant-nitrile.webp","datePublished":"2024-03-01T15:53:06+00:00","dateModified":"2026-04-01T15:48:29+00:00","description":"Guantes de nitrilo sin polvo talla M, ambidiestros y de calidad m\u00e9dica. Textura antideslizante, dedos texturizados y retirada segura. Caja de 100.","breadcrumb":{"@id":"https:\/\/www.csj-emballages.com\/es\/produit\/100-guantes-de-nitrilo-sin-polvo-medianos-8\/#breadcrumb"},"inLanguage":"es","potentialAction":[{"@type":"ReadAction","target":["https:\/\/www.csj-emballages.com\/es\/produit\/100-guantes-de-nitrilo-sin-polvo-medianos-8\/"]}]},{"@type":"ImageObject","inLanguage":"es","@id":"https:\/\/www.csj-emballages.com\/es\/produit\/100-guantes-de-nitrilo-sin-polvo-medianos-8\/#primaryimage","url":"https:\/\/www.csj-emballages.com\/wp-content\/uploads\/2024\/03\/Gant-nitrile.webp","contentUrl":"https:\/\/www.csj-emballages.com\/wp-content\/uploads\/2024\/03\/Gant-nitrile.webp","width":800,"height":800,"caption":"Gant nitrile"},{"@type":"BreadcrumbList","@id":"https:\/\/www.csj-emballages.com\/es\/produit\/100-guantes-de-nitrilo-sin-polvo-medianos-8\/#breadcrumb","itemListElement":[{"@type":"ListItem","position":1,"name":"Accueil","item":"https:\/\/www.csj-emballages.com\/es\/universo-del-envasado-alimentario\/"},{"@type":"ListItem","position":2,"name":"Tienda","item":"https:\/\/www.csj-emballages.com\/tienda\/"},{"@type":"ListItem","position":3,"name":"Guante de nitrilo sin polvo mediano 8 por 100"}]},{"@type":"WebSite","@id":"https:\/\/www.csj-emballages.com\/es\/#website","url":"https:\/\/www.csj-emballages.com\/es\/","name":"CSJ Emballages","description":"","publisher":{"@id":"https:\/\/www.csj-emballages.com\/es\/#organization"},"potentialAction":[{"@type":"SearchAction","target":{"@type":"EntryPoint","urlTemplate":"https:\/\/www.csj-emballages.com\/es\/?s={search_term_string}"},"query-input":{"@type":"PropertyValueSpecification","valueRequired":true,"valueName":"search_term_string"}}],"inLanguage":"es"},{"@type":"Organization","@id":"https:\/\/www.csj-emballages.com\/es\/#Organization\/","name":"CSJ Emballages","url":"https:\/\/www.csj-emballages.com\/es\/","logo":{"@type":"ImageObject","inLanguage":"es","@id":"https:\/\/www.csj-emballages.com\/es\/#\/schema\/logo\/image\/","url":"https:\/\/www.csj-emballages.com\/wp-content\/uploads\/2023\/10\/logo_csj.webp","contentUrl":"https:\/\/www.csj-emballages.com\/wp-content\/uploads\/2023\/10\/logo_csj.webp","width":250,"height":95,"caption":"CSJ Emballages"},"image":{"@id":"https:\/\/www.csj-emballages.com\/es\/#\/schema\/logo\/image\/"},"sameAs":["https:\/\/www.facebook.com\/csjemballages"],"address":{"@type":"PostalAddress","streetAddress":"ZI La Lechere","addressLocality":"Patornay","postalCode":"39130","addressCountry":"FR"},"contactPoint":[{"@type":"ContactPoint","contactType":"Service client","telephone":"0384254272","email":"contact@csj-emballages.com"}]}]}},"df_price":3.92,"df_sale_price":"","df_regular_price":3.92,"df_image_link":"https:\/\/www.csj-emballages.com\/wp-content\/uploads\/2024\/03\/Gant-nitrile-300x300.webp","tiered_pricing_type":"fixed","tiered_pricing_fixed_rules":[],"tiered_pricing_percentage_rules":[],"tiered_pricing_minimum":1,"tiered_pricing_roles_data":[],"_links":{"self":[{"href":"https:\/\/www.csj-emballages.com\/es\/wp-json\/wp\/v2\/product\/21542","targetHints":{"allow":["GET"]}}],"collection":[{"href":"https:\/\/www.csj-emballages.com\/es\/wp-json\/wp\/v2\/product"}],"about":[{"href":"https:\/\/www.csj-emballages.com\/es\/wp-json\/wp\/v2\/types\/product"}],"wp:featuredmedia":[{"embeddable":true,"href":"https:\/\/www.csj-emballages.com\/es\/wp-json\/wp\/v2\/media\/262224"}],"wp:attachment":[{"href":"https:\/\/www.csj-emballages.com\/es\/wp-json\/wp\/v2\/media?parent=21542"}],"wp:term":[{"taxonomy":"product_brand","embeddable":true,"href":"https:\/\/www.csj-emballages.com\/es\/wp-json\/wp\/v2\/product_brand?post=21542"},{"taxonomy":"product_cat","embeddable":true,"href":"https:\/\/www.csj-emballages.com\/es\/wp-json\/wp\/v2\/product_cat?post=21542"},{"taxonomy":"product_tag","embeddable":true,"href":"https:\/\/www.csj-emballages.com\/es\/wp-json\/wp\/v2\/product_tag?post=21542"}],"curies":[{"name":"wp","href":"https:\/\/api.w.org\/{rel}","templated":true}]}}