{"id":21444,"date":"2024-03-01T16:53:12","date_gmt":"2024-03-01T15:53:12","guid":{"rendered":"https:\/\/u15jnbdpoq.preview.infomaniak.website\/produit\/1-par-de-guantes-domesticos-amarillos-de-latex-talla-8-9-l\/"},"modified":"2026-03-26T02:14:14","modified_gmt":"2026-03-26T01:14:14","slug":"1-par-de-guantes-domesticos-amarillos-de-latex-talla-8-9-l","status":"publish","type":"product","link":"https:\/\/www.csj-emballages.com\/es\/produit\/1-par-de-guantes-domesticos-amarillos-de-latex-talla-8-9-l\/","title":{"rendered":"Guante de limpieza de l\u00e1tex amarillo talla L 8\/9"},"content":{"rendered":"<h2>Guante de limpieza<\/h2>\n<hr>\n<h3>Descubra nuestro guante de limpieza de l\u00e1tex amarillo talla L 8\/9<\/h3>\n<p><!--more--><\/p>\n<p data-start=\"190\" data-end=\"582\">Estos <strong data-start=\"194\" data-end=\"227\">guantes de limpieza de l\u00e1tex amarillo<\/strong>, talla <strong>L 8\/9<\/strong>, est\u00e1n pensados para que las tareas diarias sean m\u00e1s c\u00f3modas y eficaces. Gracias a su <strong data-start=\"345\" data-end=\"365\">forma anat\u00f3mica<\/strong>, se adaptan naturalmente a la mano, lo que permite moverse libremente sin sensaci\u00f3n de rigidez. Ya sea para la limpieza del hogar, el lavado de la vajilla o la limpieza m\u00e1s intensiva, ofrecen una verdadera soltura en cada gesto.  <\/p>\n<p data-start=\"584\" data-end=\"889\">En el interior, el <strong data-start=\"602\" data-end=\"623\">flocado de algod\u00f3n<\/strong> proporciona un confort inmediato. Las manos permanecen agradables al tacto, incluso durante un uso prolongado, y la colocaci\u00f3n se realiza sin dificultad. Adem\u00e1s, este acabado limita la sensaci\u00f3n de humedad, lo que siempre es de agradecer cuando los guantes se usan durante mucho tiempo.  <\/p>\n<p data-start=\"891\" data-end=\"1229\">La <strong data-start=\"1109\" data-end=\"1139\">superficie ligeramente empolvada<\/strong> a\u00f1ade un toque de suavidad y facilita la manipulaci\u00f3n, evitando el efecto pegajoso.<\/p>\n<p data-start=\"1231\" data-end=\"1566\">El <strong data-start=\"1234\" data-end=\"1257\">borde de corte recto<\/strong> permite una sujeci\u00f3n sencilla y eficaz en la mu\u00f1eca, sin compresi\u00f3n excesiva. Los <strong>guantes<\/strong> se mantienen bien en su sitio y se retiran f\u00e1cilmente una vez terminado el trabajo. Adem\u00e1s de su lado pr\u00e1ctico, su <strong data-start=\"1460\" data-end=\"1476\">color amarillo<\/strong> aporta una nota de frescura y buen humor, lejos de los guantes cl\u00e1sicos demasiado neutros.  <\/p>\n<p data-start=\"1568\" data-end=\"1745\">En resumen, estos <strong>guantes de limpieza<\/strong> combinan confort, adherencia y flexibilidad para acompa\u00f1ar todas las tareas dom\u00e9sticas con eficacia, sin comprometer el bienestar de las manos.<\/p>\n<p data-start=\"1568\" data-end=\"1745\"><!--more--><\/p>\n<h4 data-start=\"1568\" data-end=\"1745\">Ventajas :<\/h4>\n<ul>\n<li data-start=\"1773\" data-end=\"1817\">Forma anat\u00f3mica para un mayor confort.<\/li>\n<li data-start=\"1820\" data-end=\"1864\"><strong>Interior flocado de algod\u00f3n<\/strong>, agradable de llevar.<\/li>\n<li data-start=\"1902\" data-end=\"1942\">Superficie exterior ligeramente empolvada.<\/li>\n<li data-start=\"1945\" data-end=\"1986\">Borde de corte recto para una buena sujeci\u00f3n.<\/li>\n<li data-start=\"1989\" data-end=\"2031\"><strong>Talla L 8\/9<\/strong>, ideal para manos delgadas.<\/li>\n<\/ul>\n<p>&nbsp;<\/p>\n<p><!--more--><\/p>\n<h4>Informaci\u00f3n adicional :<\/h4>\n<ul>\n<li><strong>Presentaci\u00f3n<\/strong>: 1 par de guantes<\/li>\n<li><strong>Talla<\/strong>: L<\/li>\n<li><strong>Longitud<\/strong>: 300 mm<\/li>\n<li><strong>Ancho de la palma<\/strong>: 112 mm<\/li>\n<li><strong>Material<\/strong>: L\u00e1tex \/ algod\u00f3n<\/li>\n<\/ul>\n<p>&nbsp;<\/p>\n<p><!--more--><\/p>\n<p>Estos guantes de limpieza talla L est\u00e1n disponibles en diferentes tallas: <span style=\"color: #d12727;\"><a style=\"color: #d12727;\" href=\"https:\/\/www.csj-emballages.com\/produit\/1-paire-de-gant-de-menage-latex-rose-taille-6-7-s\/?_gl=1*13b9sjf*_up*MQ..*_ga*MzczNDY1Mjg5LjE3Njk2OTI0MzE.*_ga_YNVJLRSSZT*czE3Njk2OTI0MzEkbzEkZzAkdDE3Njk2OTI1MzYkajYwJGwwJGg0MTA2MDUyMjE.\">Small<\/a><\/span> \/ <span style=\"color: #d12727;\"><a style=\"color: #d12727;\" href=\"https:\/\/www.csj-emballages.com\/produit\/1-paire-de-gant-menage-latex-rose-taille-7-8-m\/?_gl=1*1ghglbo*_up*MQ..*_ga*MzczNDY1Mjg5LjE3Njk2OTI0MzE.*_ga_YNVJLRSSZT*czE3Njk2OTI0MzEkbzEkZzAkdDE3Njk2OTI1MzYkajYwJGwwJGg0MTA2MDUyMjE.\">Medium<\/a> <span style=\"color: #000000;\">\/<\/span> <a style=\"color: #d12727;\" href=\"https:\/\/www.csj-emballages.com\/produit\/1-paire-de-gant-menage-latex-jaune-taille-9-10-xl\/?_gl=1*1szwcb1*_up*MQ..*_ga*MzczNDY1Mjg5LjE3Njk2OTI0MzE.*_ga_YNVJLRSSZT*czE3Njk2OTI0MzEkbzEkZzAkdDE3Njk2OTI0MzkkajUyJGwwJGg0MTA2MDUyMjE.\">Extra large<\/a><\/span><\/p>\n<p>&nbsp;<\/p>\n<p><!--more--><\/p>\n<p><a href=\"https:\/\/www.csj-emballages.com\/categorie-produit\/hygiene-et-entretiens\/equipements-individuels\/gants\/gants-de-menage\/?_gl=1*12f028a*_up*MQ..*_ga*MzczNDY1Mjg5LjE3Njk2OTI0MzE.*_ga_YNVJLRSSZT*czE3Njk2OTI0MzEkbzEkZzAkdDE3Njk2OTI0MzEkajYwJGwwJGg0MTA2MDUyMjE.\">Consulte el resto de nuestra gama de guantes de limpieza<\/a><\/p>\n","protected":false},"excerpt":{"rendered":"<p>Guante de limpieza Descubra nuestro guante de limpieza de l\u00e1tex amarillo talla L 8\/9<\/p>\n","protected":false},"featured_media":262780,"template":"","meta":{"_acf_changed":false},"product_brand":[],"product_cat":[1226,2325,2700,2701],"product_tag":[],"class_list":{"0":"post-21444","1":"product","2":"type-product","3":"status-publish","4":"has-post-thumbnail","6":"product_cat-higiene-y-mantenimiento","7":"product_cat-equipamiento-individual","8":"product_cat-guantes","9":"product_cat-guantes-domesticos","11":"first","12":"instock","13":"taxable","14":"shipping-taxable","15":"purchasable","16":"product-type-simple"},"acf":[],"yoast_head":"<!-- This site is optimized with the Yoast SEO Premium plugin v26.6 (Yoast SEO v26.6) - https:\/\/yoast.com\/wordpress\/plugins\/seo\/ -->\n<title>Guante de limpieza de l\u00e1tex amarillo talla L 8\/9<\/title>\n<meta name=\"description\" content=\"Guantes de limpieza de l\u00e1tex rosa talla L 8\/9, c\u00f3modos y antideslizantes. Interior de algod\u00f3n, forma anat\u00f3mica y buen agarre en el d\u00eda a d\u00eda.\" \/>\n<meta name=\"robots\" content=\"index, follow, max-snippet:-1, max-image-preview:large, max-video-preview:-1\" \/>\n<link rel=\"canonical\" href=\"https:\/\/www.csj-emballages.com\/es\/produit\/1-par-de-guantes-domesticos-amarillos-de-latex-talla-8-9-l\/\" \/>\n<meta property=\"og:locale\" content=\"es_ES\" \/>\n<meta property=\"og:type\" content=\"article\" \/>\n<meta property=\"og:title\" content=\"Guante de limpieza de l\u00e1tex amarillo talla L 8\/9\" \/>\n<meta property=\"og:description\" content=\"Guantes de limpieza de l\u00e1tex rosa talla L 8\/9, c\u00f3modos y antideslizantes. Interior de algod\u00f3n, forma anat\u00f3mica y buen agarre en el d\u00eda a d\u00eda.\" \/>\n<meta property=\"og:url\" content=\"https:\/\/www.csj-emballages.com\/es\/produit\/1-par-de-guantes-domesticos-amarillos-de-latex-talla-8-9-l\/\" \/>\n<meta property=\"og:site_name\" content=\"CSJ Emballages\" \/>\n<meta property=\"article:publisher\" content=\"https:\/\/www.facebook.com\/csjemballages\" \/>\n<meta property=\"article:modified_time\" content=\"2026-03-26T01:14:14+00:00\" \/>\n<meta property=\"og:image\" content=\"https:\/\/www.csj-emballages.com\/wp-content\/uploads\/2024\/03\/Gant-de-menage-jaune.webp\" \/>\n\t<meta property=\"og:image:width\" content=\"800\" \/>\n\t<meta property=\"og:image:height\" content=\"800\" \/>\n\t<meta property=\"og:image:type\" content=\"image\/webp\" \/>\n<meta name=\"twitter:card\" content=\"summary_large_image\" \/>\n<meta name=\"twitter:label1\" content=\"Tiempo de lectura\" \/>\n\t<meta name=\"twitter:data1\" content=\"2 minutos\" \/>\n<script type=\"application\/ld+json\" class=\"yoast-schema-graph\">{\"@context\":\"https:\/\/schema.org\",\"@graph\":[{\"@type\":\"WebPage\",\"@id\":\"https:\/\/www.csj-emballages.com\/es\/produit\/1-par-de-guantes-domesticos-amarillos-de-latex-talla-8-9-l\/\",\"url\":\"https:\/\/www.csj-emballages.com\/es\/produit\/1-par-de-guantes-domesticos-amarillos-de-latex-talla-8-9-l\/\",\"name\":\"Guante de limpieza de l\u00e1tex amarillo talla L 8\/9\",\"isPartOf\":{\"@id\":\"https:\/\/www.csj-emballages.com\/es\/#website\"},\"primaryImageOfPage\":{\"@id\":\"https:\/\/www.csj-emballages.com\/es\/produit\/1-par-de-guantes-domesticos-amarillos-de-latex-talla-8-9-l\/#primaryimage\"},\"image\":{\"@id\":\"https:\/\/www.csj-emballages.com\/es\/produit\/1-par-de-guantes-domesticos-amarillos-de-latex-talla-8-9-l\/#primaryimage\"},\"thumbnailUrl\":\"https:\/\/www.csj-emballages.com\/wp-content\/uploads\/2024\/03\/Gant-de-menage-jaune.webp\",\"datePublished\":\"2024-03-01T15:53:12+00:00\",\"dateModified\":\"2026-03-26T01:14:14+00:00\",\"description\":\"Guantes de limpieza de l\u00e1tex rosa talla L 8\/9, c\u00f3modos y antideslizantes. Interior de algod\u00f3n, forma anat\u00f3mica y buen agarre en el d\u00eda a d\u00eda.\",\"breadcrumb\":{\"@id\":\"https:\/\/www.csj-emballages.com\/es\/produit\/1-par-de-guantes-domesticos-amarillos-de-latex-talla-8-9-l\/#breadcrumb\"},\"inLanguage\":\"es\",\"potentialAction\":[{\"@type\":\"ReadAction\",\"target\":[\"https:\/\/www.csj-emballages.com\/es\/produit\/1-par-de-guantes-domesticos-amarillos-de-latex-talla-8-9-l\/\"]}]},{\"@type\":\"ImageObject\",\"inLanguage\":\"es\",\"@id\":\"https:\/\/www.csj-emballages.com\/es\/produit\/1-par-de-guantes-domesticos-amarillos-de-latex-talla-8-9-l\/#primaryimage\",\"url\":\"https:\/\/www.csj-emballages.com\/wp-content\/uploads\/2024\/03\/Gant-de-menage-jaune.webp\",\"contentUrl\":\"https:\/\/www.csj-emballages.com\/wp-content\/uploads\/2024\/03\/Gant-de-menage-jaune.webp\",\"width\":800,\"height\":800,\"caption\":\"Gant de m\u00e9nage\"},{\"@type\":\"BreadcrumbList\",\"@id\":\"https:\/\/www.csj-emballages.com\/es\/produit\/1-par-de-guantes-domesticos-amarillos-de-latex-talla-8-9-l\/#breadcrumb\",\"itemListElement\":[{\"@type\":\"ListItem\",\"position\":1,\"name\":\"Accueil\",\"item\":\"https:\/\/www.csj-emballages.com\/es\/universo-del-envasado-alimentario\/\"},{\"@type\":\"ListItem\",\"position\":2,\"name\":\"Tienda\",\"item\":\"https:\/\/www.csj-emballages.com\/tienda\/\"},{\"@type\":\"ListItem\",\"position\":3,\"name\":\"Guante de limpieza de l\u00e1tex amarillo talla L 8\/9\"}]},{\"@type\":\"WebSite\",\"@id\":\"https:\/\/www.csj-emballages.com\/es\/#website\",\"url\":\"https:\/\/www.csj-emballages.com\/es\/\",\"name\":\"CSJ Emballages\",\"description\":\"\",\"publisher\":{\"@id\":\"https:\/\/www.csj-emballages.com\/es\/#organization\"},\"potentialAction\":[{\"@type\":\"SearchAction\",\"target\":{\"@type\":\"EntryPoint\",\"urlTemplate\":\"https:\/\/www.csj-emballages.com\/es\/?s={search_term_string}\"},\"query-input\":{\"@type\":\"PropertyValueSpecification\",\"valueRequired\":true,\"valueName\":\"search_term_string\"}}],\"inLanguage\":\"es\"},{\"@type\":\"Organization\",\"@id\":\"https:\/\/www.csj-emballages.com\/es\/#Organization\/\",\"name\":\"CSJ Emballages\",\"url\":\"https:\/\/www.csj-emballages.com\/es\/\",\"logo\":{\"@type\":\"ImageObject\",\"inLanguage\":\"es\",\"@id\":\"https:\/\/www.csj-emballages.com\/es\/#\/schema\/logo\/image\/\",\"url\":\"https:\/\/www.csj-emballages.com\/wp-content\/uploads\/2023\/10\/logo_csj.webp\",\"contentUrl\":\"https:\/\/www.csj-emballages.com\/wp-content\/uploads\/2023\/10\/logo_csj.webp\",\"width\":250,\"height\":95,\"caption\":\"CSJ Emballages\"},\"image\":{\"@id\":\"https:\/\/www.csj-emballages.com\/es\/#\/schema\/logo\/image\/\"},\"sameAs\":[\"https:\/\/www.facebook.com\/csjemballages\"],\"address\":{\"@type\":\"PostalAddress\",\"streetAddress\":\"ZI La Lechere\",\"addressLocality\":\"Patornay\",\"postalCode\":\"39130\",\"addressCountry\":\"FR\"},\"contactPoint\":[{\"@type\":\"ContactPoint\",\"contactType\":\"Service client\",\"telephone\":\"0384254272\",\"email\":\"contact@csj-emballages.com\"}]}]}<\/script>\n<!-- \/ Yoast SEO Premium plugin. -->","yoast_head_json":{"title":"Guante de limpieza de l\u00e1tex amarillo talla L 8\/9","description":"Guantes de limpieza de l\u00e1tex rosa talla L 8\/9, c\u00f3modos y antideslizantes. Interior de algod\u00f3n, forma anat\u00f3mica y buen agarre en el d\u00eda a d\u00eda.","robots":{"index":"index","follow":"follow","max-snippet":"max-snippet:-1","max-image-preview":"max-image-preview:large","max-video-preview":"max-video-preview:-1"},"canonical":"https:\/\/www.csj-emballages.com\/es\/produit\/1-par-de-guantes-domesticos-amarillos-de-latex-talla-8-9-l\/","og_locale":"es_ES","og_type":"article","og_title":"Guante de limpieza de l\u00e1tex amarillo talla L 8\/9","og_description":"Guantes de limpieza de l\u00e1tex rosa talla L 8\/9, c\u00f3modos y antideslizantes. Interior de algod\u00f3n, forma anat\u00f3mica y buen agarre en el d\u00eda a d\u00eda.","og_url":"https:\/\/www.csj-emballages.com\/es\/produit\/1-par-de-guantes-domesticos-amarillos-de-latex-talla-8-9-l\/","og_site_name":"CSJ Emballages","article_publisher":"https:\/\/www.facebook.com\/csjemballages","article_modified_time":"2026-03-26T01:14:14+00:00","og_image":[{"width":800,"height":800,"url":"https:\/\/www.csj-emballages.com\/wp-content\/uploads\/2024\/03\/Gant-de-menage-jaune.webp","type":"image\/webp"}],"twitter_card":"summary_large_image","twitter_misc":{"Tiempo de lectura":"2 minutos"},"schema":{"@context":"https:\/\/schema.org","@graph":[{"@type":"WebPage","@id":"https:\/\/www.csj-emballages.com\/es\/produit\/1-par-de-guantes-domesticos-amarillos-de-latex-talla-8-9-l\/","url":"https:\/\/www.csj-emballages.com\/es\/produit\/1-par-de-guantes-domesticos-amarillos-de-latex-talla-8-9-l\/","name":"Guante de limpieza de l\u00e1tex amarillo talla L 8\/9","isPartOf":{"@id":"https:\/\/www.csj-emballages.com\/es\/#website"},"primaryImageOfPage":{"@id":"https:\/\/www.csj-emballages.com\/es\/produit\/1-par-de-guantes-domesticos-amarillos-de-latex-talla-8-9-l\/#primaryimage"},"image":{"@id":"https:\/\/www.csj-emballages.com\/es\/produit\/1-par-de-guantes-domesticos-amarillos-de-latex-talla-8-9-l\/#primaryimage"},"thumbnailUrl":"https:\/\/www.csj-emballages.com\/wp-content\/uploads\/2024\/03\/Gant-de-menage-jaune.webp","datePublished":"2024-03-01T15:53:12+00:00","dateModified":"2026-03-26T01:14:14+00:00","description":"Guantes de limpieza de l\u00e1tex rosa talla L 8\/9, c\u00f3modos y antideslizantes. Interior de algod\u00f3n, forma anat\u00f3mica y buen agarre en el d\u00eda a d\u00eda.","breadcrumb":{"@id":"https:\/\/www.csj-emballages.com\/es\/produit\/1-par-de-guantes-domesticos-amarillos-de-latex-talla-8-9-l\/#breadcrumb"},"inLanguage":"es","potentialAction":[{"@type":"ReadAction","target":["https:\/\/www.csj-emballages.com\/es\/produit\/1-par-de-guantes-domesticos-amarillos-de-latex-talla-8-9-l\/"]}]},{"@type":"ImageObject","inLanguage":"es","@id":"https:\/\/www.csj-emballages.com\/es\/produit\/1-par-de-guantes-domesticos-amarillos-de-latex-talla-8-9-l\/#primaryimage","url":"https:\/\/www.csj-emballages.com\/wp-content\/uploads\/2024\/03\/Gant-de-menage-jaune.webp","contentUrl":"https:\/\/www.csj-emballages.com\/wp-content\/uploads\/2024\/03\/Gant-de-menage-jaune.webp","width":800,"height":800,"caption":"Gant de m\u00e9nage"},{"@type":"BreadcrumbList","@id":"https:\/\/www.csj-emballages.com\/es\/produit\/1-par-de-guantes-domesticos-amarillos-de-latex-talla-8-9-l\/#breadcrumb","itemListElement":[{"@type":"ListItem","position":1,"name":"Accueil","item":"https:\/\/www.csj-emballages.com\/es\/universo-del-envasado-alimentario\/"},{"@type":"ListItem","position":2,"name":"Tienda","item":"https:\/\/www.csj-emballages.com\/tienda\/"},{"@type":"ListItem","position":3,"name":"Guante de limpieza de l\u00e1tex amarillo talla L 8\/9"}]},{"@type":"WebSite","@id":"https:\/\/www.csj-emballages.com\/es\/#website","url":"https:\/\/www.csj-emballages.com\/es\/","name":"CSJ Emballages","description":"","publisher":{"@id":"https:\/\/www.csj-emballages.com\/es\/#organization"},"potentialAction":[{"@type":"SearchAction","target":{"@type":"EntryPoint","urlTemplate":"https:\/\/www.csj-emballages.com\/es\/?s={search_term_string}"},"query-input":{"@type":"PropertyValueSpecification","valueRequired":true,"valueName":"search_term_string"}}],"inLanguage":"es"},{"@type":"Organization","@id":"https:\/\/www.csj-emballages.com\/es\/#Organization\/","name":"CSJ Emballages","url":"https:\/\/www.csj-emballages.com\/es\/","logo":{"@type":"ImageObject","inLanguage":"es","@id":"https:\/\/www.csj-emballages.com\/es\/#\/schema\/logo\/image\/","url":"https:\/\/www.csj-emballages.com\/wp-content\/uploads\/2023\/10\/logo_csj.webp","contentUrl":"https:\/\/www.csj-emballages.com\/wp-content\/uploads\/2023\/10\/logo_csj.webp","width":250,"height":95,"caption":"CSJ Emballages"},"image":{"@id":"https:\/\/www.csj-emballages.com\/es\/#\/schema\/logo\/image\/"},"sameAs":["https:\/\/www.facebook.com\/csjemballages"],"address":{"@type":"PostalAddress","streetAddress":"ZI La Lechere","addressLocality":"Patornay","postalCode":"39130","addressCountry":"FR"},"contactPoint":[{"@type":"ContactPoint","contactType":"Service client","telephone":"0384254272","email":"contact@csj-emballages.com"}]}]}},"df_price":0.83,"df_sale_price":"","df_regular_price":0.83,"df_image_link":"https:\/\/www.csj-emballages.com\/wp-content\/uploads\/2024\/03\/Gant-de-menage-jaune-300x300.webp","tiered_pricing_type":"fixed","tiered_pricing_fixed_rules":[],"tiered_pricing_percentage_rules":[],"tiered_pricing_minimum":1,"tiered_pricing_roles_data":[],"_links":{"self":[{"href":"https:\/\/www.csj-emballages.com\/es\/wp-json\/wp\/v2\/product\/21444","targetHints":{"allow":["GET"]}}],"collection":[{"href":"https:\/\/www.csj-emballages.com\/es\/wp-json\/wp\/v2\/product"}],"about":[{"href":"https:\/\/www.csj-emballages.com\/es\/wp-json\/wp\/v2\/types\/product"}],"wp:featuredmedia":[{"embeddable":true,"href":"https:\/\/www.csj-emballages.com\/es\/wp-json\/wp\/v2\/media\/262780"}],"wp:attachment":[{"href":"https:\/\/www.csj-emballages.com\/es\/wp-json\/wp\/v2\/media?parent=21444"}],"wp:term":[{"taxonomy":"product_brand","embeddable":true,"href":"https:\/\/www.csj-emballages.com\/es\/wp-json\/wp\/v2\/product_brand?post=21444"},{"taxonomy":"product_cat","embeddable":true,"href":"https:\/\/www.csj-emballages.com\/es\/wp-json\/wp\/v2\/product_cat?post=21444"},{"taxonomy":"product_tag","embeddable":true,"href":"https:\/\/www.csj-emballages.com\/es\/wp-json\/wp\/v2\/product_tag?post=21444"}],"curies":[{"name":"wp","href":"https:\/\/api.w.org\/{rel}","templated":true}]}}