{"id":21333,"date":"2024-03-01T16:53:15","date_gmt":"2024-03-01T15:53:15","guid":{"rendered":"https:\/\/u15jnbdpoq.preview.infomaniak.website\/produit\/48-tarros-de-plastico-95o-rpet-termosellables-de-500-ml-para-te-de-burbujas\/"},"modified":"2026-04-23T02:13:27","modified_gmt":"2026-04-23T00:13:27","slug":"48-tarros-de-plastico-95o-rpet-termosellables-de-500-ml-para-te-de-burbujas","status":"publish","type":"product","link":"https:\/\/www.csj-emballages.com\/es\/produit\/48-tarros-de-plastico-95o-rpet-termosellables-de-500-ml-para-te-de-burbujas\/","title":{"rendered":"Vaso para bubble tea de pl\u00e1stico \u00d895 RPET 500 ml termosellable (pack de 48)"},"content":{"rendered":"<h2 class=\"p1\">Vaso para bubble tea<\/h2>\n<hr>\n<h3>Descubra nuestro vaso para bubble tea de pl\u00e1stico \u00d895 RPET 500 ml termosellable (pack de 48)<\/h3>\n<p><!--more--><\/p>\n<p data-start=\"272\" data-end=\"615\">El <strong>vaso para Bubble Tea de pl\u00e1stico \u00d895 RPET 500 ml<\/strong> <strong>termosellable<\/strong> est\u00e1 especialmente dise\u00f1ado para la venta de bubble tea para llevar. Su gran <strong>capacidad de 500 ml<\/strong> permite <strong>ofrecer raciones generosas<\/strong>, perfectamente adaptadas a las expectativas de los consumidores. <\/p>\n<p data-start=\"617\" data-end=\"872\">Fabricado en <strong>RPET<\/strong> (pl\u00e1stico reciclado), este <strong>vaso<\/strong> combina resistencia y un enfoque m\u00e1s responsable. Su transparencia \u00f3ptima realza las capas de la bebida, las perlas de tapioca y los cubitos de hielo, ofreciendo un aspecto visual atractivo tanto en vitrina como en el servicio. <\/p>\n<p data-start=\"874\" data-end=\"1253\">Gracias a su <strong>di\u00e1metro de \u00d895 mm,<\/strong> es compatible con las m\u00e1quinas de termosellado, garantizando un cierre herm\u00e9tico y seguro. Esta soluci\u00f3n es ideal para profesionales que deseen limitar los riesgos de fugas y asegurar un transporte fiable de las bebidas. Tambi\u00e9n puede combinarse con una tapa compatible (vendida por separado) seg\u00fan el modo de servicio elegido.  <\/p>\n<p data-start=\"1255\" data-end=\"1528\">S\u00f3lido y estable, este <strong>vaso<\/strong> es perfecto para <strong>bares de bubble tea, snacks, restaurantes, panader\u00edas y comercios especializados<\/strong>. Se presenta en lotes de <strong>48 unidades<\/strong> y se adapta a las necesidades de los profesionales que buscan rendimiento, practicidad y realce del producto. <\/p>\n<p data-start=\"1255\" data-end=\"1528\">\n<p data-start=\"1255\" data-end=\"1528\"><!--more--><\/p>\n<p data-start=\"1255\" data-end=\"1528\"><strong><span style=\"color: #ff0000;\">*VASOS RESERVADOS PARA ALIMENTOS Y NO PARA BEBIDAS<\/span><\/strong><\/p>\n<p data-start=\"1255\" data-end=\"1528\">\n<p data-start=\"1255\" data-end=\"1528\"><!--more--><\/p>\n<h4 data-start=\"1255\" data-end=\"1528\">Ventajas :<\/h4>\n<ul>\n<li data-start=\"1566\" data-end=\"1615\">Gran capacidad de <strong>500 ml<\/strong>, ideal para bubble tea.<\/li>\n<li data-start=\"1618\" data-end=\"1642\">Pl\u00e1stico <strong>RPET reciclado<\/strong>.<\/li>\n<li data-start=\"1645\" data-end=\"1684\">Transparente para realzar la bebida.<\/li>\n<li data-start=\"1687\" data-end=\"1734\"><strong>Termosellable<\/strong> para un cierre herm\u00e9tico.<\/li>\n<li data-start=\"1737\" data-end=\"1756\">Compatible con <strong>\u00d895 mm<\/strong>.<\/li>\n<li data-start=\"1759\" data-end=\"1790\">Buena resistencia y estabilidad.<\/li>\n<li data-start=\"1793\" data-end=\"1823\">Apto para la venta para llevar.<\/li>\n<li data-start=\"1826\" data-end=\"1864\">Formato pr\u00e1ctico de <strong>48 vasos<\/strong>.<\/li>\n<\/ul>\n<p>&nbsp;<\/p>\n<p><!--more--><\/p>\n<h4>Informaci\u00f3n adicional :<\/h4>\n<ul>\n<li><strong>Formato<\/strong>: Paquete de 48<\/li>\n<li><strong>Dimensiones<\/strong>: 95 mm x 114 mm (\u00d8 x Al)<\/li>\n<li><strong>Volumen<\/strong>: 500 ml<\/li>\n<li><strong>Material<\/strong>: RPET<\/li>\n<\/ul>\n<p>&nbsp;<\/p>\n<p><!--more--><\/p>\n<p><a href=\"https:\/\/www.csj-emballages.com\/es\/categorie-produit\/envasado-de-alimentos\/catering-es\/tazas-vasos-cubos-botellas\/vasos-para-bebidas-frias\/tarros-de-te-de-burbujas-termosellables\/\">Consulte el resto de nuestra gama de vasos para bubble tea termosellables<\/a><\/p>\n","protected":false},"excerpt":{"rendered":"<p>Vaso para bubble tea Descubra nuestro vaso para bubble tea de pl\u00e1stico \u00d895 RPET 500 ml termosellable (pack de 48)<\/p>\n","protected":false},"featured_media":264593,"template":"","meta":{"_acf_changed":false},"product_brand":[],"product_cat":[1150,1179,1462,1795,2726,1270],"product_tag":[],"class_list":{"0":"post-21333","1":"product","2":"type-product","3":"status-publish","4":"has-post-thumbnail","6":"product_cat-envasado-de-alimentos","7":"product_cat-catering-es","8":"product_cat-tazas-vasos-cubos-botellas","9":"product_cat-vasos-para-bebidas-frias","10":"product_cat-tarros-de-te-de-burbujas-termosellables","11":"product_cat-descuentos","13":"first","14":"instock","15":"sale","16":"taxable","17":"shipping-taxable","18":"purchasable","19":"product-type-simple"},"acf":[],"yoast_head":"<!-- This site is optimized with the Yoast SEO Premium plugin v26.6 (Yoast SEO v26.6) - https:\/\/yoast.com\/wordpress\/plugins\/seo\/ -->\n<title>Vaso para Bubble Tea de Pl\u00e1stico RPET 500 ml Termosellable (Pack de 48)<\/title>\n<meta name=\"description\" content=\"Vaso para bubble tea de \u00d895 mm RPET 500 ml termosellable, vendido en packs de 48. Transparente y resistente, ideal para bubble tea para llevar.\" \/>\n<meta name=\"robots\" content=\"index, follow, max-snippet:-1, max-image-preview:large, max-video-preview:-1\" \/>\n<link rel=\"canonical\" href=\"https:\/\/www.csj-emballages.com\/es\/produit\/48-tarros-de-plastico-95o-rpet-termosellables-de-500-ml-para-te-de-burbujas\/\" \/>\n<meta property=\"og:locale\" content=\"es_ES\" \/>\n<meta property=\"og:type\" content=\"article\" \/>\n<meta property=\"og:title\" content=\"Vaso para bubble tea de pl\u00e1stico \u00d895 RPET 500 ml termosellable (pack de 48)\" \/>\n<meta property=\"og:description\" content=\"Vaso para bubble tea de \u00d895 mm RPET 500 ml termosellable, vendido en packs de 48. Transparente y resistente, ideal para bubble tea para llevar.\" \/>\n<meta property=\"og:url\" content=\"https:\/\/www.csj-emballages.com\/es\/produit\/48-tarros-de-plastico-95o-rpet-termosellables-de-500-ml-para-te-de-burbujas\/\" \/>\n<meta property=\"og:site_name\" content=\"CSJ Emballages\" \/>\n<meta property=\"article:publisher\" content=\"https:\/\/www.facebook.com\/csjemballages\" \/>\n<meta property=\"article:modified_time\" content=\"2026-04-23T00:13:27+00:00\" \/>\n<meta property=\"og:image\" content=\"https:\/\/www.csj-emballages.com\/wp-content\/uploads\/2024\/03\/GM500BUBBLE.webp\" \/>\n\t<meta property=\"og:image:width\" content=\"800\" \/>\n\t<meta property=\"og:image:height\" content=\"800\" \/>\n\t<meta property=\"og:image:type\" content=\"image\/webp\" \/>\n<meta name=\"twitter:card\" content=\"summary_large_image\" \/>\n<meta name=\"twitter:label1\" content=\"Tiempo de lectura\" \/>\n\t<meta name=\"twitter:data1\" content=\"1 minuto\" \/>\n<script type=\"application\/ld+json\" class=\"yoast-schema-graph\">{\"@context\":\"https:\/\/schema.org\",\"@graph\":[{\"@type\":\"WebPage\",\"@id\":\"https:\/\/www.csj-emballages.com\/es\/produit\/48-tarros-de-plastico-95o-rpet-termosellables-de-500-ml-para-te-de-burbujas\/\",\"url\":\"https:\/\/www.csj-emballages.com\/es\/produit\/48-tarros-de-plastico-95o-rpet-termosellables-de-500-ml-para-te-de-burbujas\/\",\"name\":\"Vaso para Bubble Tea de Pl\u00e1stico RPET 500 ml Termosellable (Pack de 48)\",\"isPartOf\":{\"@id\":\"https:\/\/www.csj-emballages.com\/es\/#website\"},\"primaryImageOfPage\":{\"@id\":\"https:\/\/www.csj-emballages.com\/es\/produit\/48-tarros-de-plastico-95o-rpet-termosellables-de-500-ml-para-te-de-burbujas\/#primaryimage\"},\"image\":{\"@id\":\"https:\/\/www.csj-emballages.com\/es\/produit\/48-tarros-de-plastico-95o-rpet-termosellables-de-500-ml-para-te-de-burbujas\/#primaryimage\"},\"thumbnailUrl\":\"https:\/\/www.csj-emballages.com\/wp-content\/uploads\/2024\/03\/GM500BUBBLE.webp\",\"datePublished\":\"2024-03-01T15:53:15+00:00\",\"dateModified\":\"2026-04-23T00:13:27+00:00\",\"description\":\"Vaso para bubble tea de \u00d895 mm RPET 500 ml termosellable, vendido en packs de 48. Transparente y resistente, ideal para bubble tea para llevar.\",\"breadcrumb\":{\"@id\":\"https:\/\/www.csj-emballages.com\/es\/produit\/48-tarros-de-plastico-95o-rpet-termosellables-de-500-ml-para-te-de-burbujas\/#breadcrumb\"},\"inLanguage\":\"es\",\"potentialAction\":[{\"@type\":\"ReadAction\",\"target\":[\"https:\/\/www.csj-emballages.com\/es\/produit\/48-tarros-de-plastico-95o-rpet-termosellables-de-500-ml-para-te-de-burbujas\/\"]}]},{\"@type\":\"ImageObject\",\"inLanguage\":\"es\",\"@id\":\"https:\/\/www.csj-emballages.com\/es\/produit\/48-tarros-de-plastico-95o-rpet-termosellables-de-500-ml-para-te-de-burbujas\/#primaryimage\",\"url\":\"https:\/\/www.csj-emballages.com\/wp-content\/uploads\/2024\/03\/GM500BUBBLE.webp\",\"contentUrl\":\"https:\/\/www.csj-emballages.com\/wp-content\/uploads\/2024\/03\/GM500BUBBLE.webp\",\"width\":800,\"height\":800,\"caption\":\"Pot bubbles tea\"},{\"@type\":\"BreadcrumbList\",\"@id\":\"https:\/\/www.csj-emballages.com\/es\/produit\/48-tarros-de-plastico-95o-rpet-termosellables-de-500-ml-para-te-de-burbujas\/#breadcrumb\",\"itemListElement\":[{\"@type\":\"ListItem\",\"position\":1,\"name\":\"Accueil\",\"item\":\"https:\/\/www.csj-emballages.com\/es\/universo-del-envasado-alimentario\/\"},{\"@type\":\"ListItem\",\"position\":2,\"name\":\"Tienda\",\"item\":\"https:\/\/www.csj-emballages.com\/tienda\/\"},{\"@type\":\"ListItem\",\"position\":3,\"name\":\"Vaso para bubble tea de pl\u00e1stico \u00d895 RPET 500 ml termosellable (pack de 48)\"}]},{\"@type\":\"WebSite\",\"@id\":\"https:\/\/www.csj-emballages.com\/es\/#website\",\"url\":\"https:\/\/www.csj-emballages.com\/es\/\",\"name\":\"CSJ Emballages\",\"description\":\"\",\"publisher\":{\"@id\":\"https:\/\/www.csj-emballages.com\/es\/#organization\"},\"potentialAction\":[{\"@type\":\"SearchAction\",\"target\":{\"@type\":\"EntryPoint\",\"urlTemplate\":\"https:\/\/www.csj-emballages.com\/es\/?s={search_term_string}\"},\"query-input\":{\"@type\":\"PropertyValueSpecification\",\"valueRequired\":true,\"valueName\":\"search_term_string\"}}],\"inLanguage\":\"es\"},{\"@type\":\"Organization\",\"@id\":\"https:\/\/www.csj-emballages.com\/es\/#Organization\/\",\"name\":\"CSJ Emballages\",\"url\":\"https:\/\/www.csj-emballages.com\/es\/\",\"logo\":{\"@type\":\"ImageObject\",\"inLanguage\":\"es\",\"@id\":\"https:\/\/www.csj-emballages.com\/es\/#\/schema\/logo\/image\/\",\"url\":\"https:\/\/www.csj-emballages.com\/wp-content\/uploads\/2023\/10\/logo_csj.webp\",\"contentUrl\":\"https:\/\/www.csj-emballages.com\/wp-content\/uploads\/2023\/10\/logo_csj.webp\",\"width\":250,\"height\":95,\"caption\":\"CSJ Emballages\"},\"image\":{\"@id\":\"https:\/\/www.csj-emballages.com\/es\/#\/schema\/logo\/image\/\"},\"sameAs\":[\"https:\/\/www.facebook.com\/csjemballages\"],\"address\":{\"@type\":\"PostalAddress\",\"streetAddress\":\"ZI La Lechere\",\"addressLocality\":\"Patornay\",\"postalCode\":\"39130\",\"addressCountry\":\"FR\"},\"contactPoint\":[{\"@type\":\"ContactPoint\",\"contactType\":\"Service client\",\"telephone\":\"0384254272\",\"email\":\"contact@csj-emballages.com\"}]}]}<\/script>\n<!-- \/ Yoast SEO Premium plugin. -->","yoast_head_json":{"title":"Vaso para Bubble Tea de Pl\u00e1stico RPET 500 ml Termosellable (Pack de 48)","description":"Vaso para bubble tea de \u00d895 mm RPET 500 ml termosellable, vendido en packs de 48. Transparente y resistente, ideal para bubble tea para llevar.","robots":{"index":"index","follow":"follow","max-snippet":"max-snippet:-1","max-image-preview":"max-image-preview:large","max-video-preview":"max-video-preview:-1"},"canonical":"https:\/\/www.csj-emballages.com\/es\/produit\/48-tarros-de-plastico-95o-rpet-termosellables-de-500-ml-para-te-de-burbujas\/","og_locale":"es_ES","og_type":"article","og_title":"Vaso para bubble tea de pl\u00e1stico \u00d895 RPET 500 ml termosellable (pack de 48)","og_description":"Vaso para bubble tea de \u00d895 mm RPET 500 ml termosellable, vendido en packs de 48. Transparente y resistente, ideal para bubble tea para llevar.","og_url":"https:\/\/www.csj-emballages.com\/es\/produit\/48-tarros-de-plastico-95o-rpet-termosellables-de-500-ml-para-te-de-burbujas\/","og_site_name":"CSJ Emballages","article_publisher":"https:\/\/www.facebook.com\/csjemballages","article_modified_time":"2026-04-23T00:13:27+00:00","og_image":[{"width":800,"height":800,"url":"https:\/\/www.csj-emballages.com\/wp-content\/uploads\/2024\/03\/GM500BUBBLE.webp","type":"image\/webp"}],"twitter_card":"summary_large_image","twitter_misc":{"Tiempo de lectura":"1 minuto"},"schema":{"@context":"https:\/\/schema.org","@graph":[{"@type":"WebPage","@id":"https:\/\/www.csj-emballages.com\/es\/produit\/48-tarros-de-plastico-95o-rpet-termosellables-de-500-ml-para-te-de-burbujas\/","url":"https:\/\/www.csj-emballages.com\/es\/produit\/48-tarros-de-plastico-95o-rpet-termosellables-de-500-ml-para-te-de-burbujas\/","name":"Vaso para Bubble Tea de Pl\u00e1stico RPET 500 ml Termosellable (Pack de 48)","isPartOf":{"@id":"https:\/\/www.csj-emballages.com\/es\/#website"},"primaryImageOfPage":{"@id":"https:\/\/www.csj-emballages.com\/es\/produit\/48-tarros-de-plastico-95o-rpet-termosellables-de-500-ml-para-te-de-burbujas\/#primaryimage"},"image":{"@id":"https:\/\/www.csj-emballages.com\/es\/produit\/48-tarros-de-plastico-95o-rpet-termosellables-de-500-ml-para-te-de-burbujas\/#primaryimage"},"thumbnailUrl":"https:\/\/www.csj-emballages.com\/wp-content\/uploads\/2024\/03\/GM500BUBBLE.webp","datePublished":"2024-03-01T15:53:15+00:00","dateModified":"2026-04-23T00:13:27+00:00","description":"Vaso para bubble tea de \u00d895 mm RPET 500 ml termosellable, vendido en packs de 48. Transparente y resistente, ideal para bubble tea para llevar.","breadcrumb":{"@id":"https:\/\/www.csj-emballages.com\/es\/produit\/48-tarros-de-plastico-95o-rpet-termosellables-de-500-ml-para-te-de-burbujas\/#breadcrumb"},"inLanguage":"es","potentialAction":[{"@type":"ReadAction","target":["https:\/\/www.csj-emballages.com\/es\/produit\/48-tarros-de-plastico-95o-rpet-termosellables-de-500-ml-para-te-de-burbujas\/"]}]},{"@type":"ImageObject","inLanguage":"es","@id":"https:\/\/www.csj-emballages.com\/es\/produit\/48-tarros-de-plastico-95o-rpet-termosellables-de-500-ml-para-te-de-burbujas\/#primaryimage","url":"https:\/\/www.csj-emballages.com\/wp-content\/uploads\/2024\/03\/GM500BUBBLE.webp","contentUrl":"https:\/\/www.csj-emballages.com\/wp-content\/uploads\/2024\/03\/GM500BUBBLE.webp","width":800,"height":800,"caption":"Pot bubbles tea"},{"@type":"BreadcrumbList","@id":"https:\/\/www.csj-emballages.com\/es\/produit\/48-tarros-de-plastico-95o-rpet-termosellables-de-500-ml-para-te-de-burbujas\/#breadcrumb","itemListElement":[{"@type":"ListItem","position":1,"name":"Accueil","item":"https:\/\/www.csj-emballages.com\/es\/universo-del-envasado-alimentario\/"},{"@type":"ListItem","position":2,"name":"Tienda","item":"https:\/\/www.csj-emballages.com\/tienda\/"},{"@type":"ListItem","position":3,"name":"Vaso para bubble tea de pl\u00e1stico \u00d895 RPET 500 ml termosellable (pack de 48)"}]},{"@type":"WebSite","@id":"https:\/\/www.csj-emballages.com\/es\/#website","url":"https:\/\/www.csj-emballages.com\/es\/","name":"CSJ Emballages","description":"","publisher":{"@id":"https:\/\/www.csj-emballages.com\/es\/#organization"},"potentialAction":[{"@type":"SearchAction","target":{"@type":"EntryPoint","urlTemplate":"https:\/\/www.csj-emballages.com\/es\/?s={search_term_string}"},"query-input":{"@type":"PropertyValueSpecification","valueRequired":true,"valueName":"search_term_string"}}],"inLanguage":"es"},{"@type":"Organization","@id":"https:\/\/www.csj-emballages.com\/es\/#Organization\/","name":"CSJ Emballages","url":"https:\/\/www.csj-emballages.com\/es\/","logo":{"@type":"ImageObject","inLanguage":"es","@id":"https:\/\/www.csj-emballages.com\/es\/#\/schema\/logo\/image\/","url":"https:\/\/www.csj-emballages.com\/wp-content\/uploads\/2023\/10\/logo_csj.webp","contentUrl":"https:\/\/www.csj-emballages.com\/wp-content\/uploads\/2023\/10\/logo_csj.webp","width":250,"height":95,"caption":"CSJ Emballages"},"image":{"@id":"https:\/\/www.csj-emballages.com\/es\/#\/schema\/logo\/image\/"},"sameAs":["https:\/\/www.facebook.com\/csjemballages"],"address":{"@type":"PostalAddress","streetAddress":"ZI La Lechere","addressLocality":"Patornay","postalCode":"39130","addressCountry":"FR"},"contactPoint":[{"@type":"ContactPoint","contactType":"Service client","telephone":"0384254272","email":"contact@csj-emballages.com"}]}]}},"df_price":4.93,"df_sale_price":4.93,"df_regular_price":5.48,"df_image_link":"https:\/\/www.csj-emballages.com\/wp-content\/uploads\/2024\/03\/GM500BUBBLE-300x300.webp","tiered_pricing_type":"fixed","tiered_pricing_fixed_rules":[],"tiered_pricing_percentage_rules":[],"tiered_pricing_minimum":1,"tiered_pricing_roles_data":[],"_links":{"self":[{"href":"https:\/\/www.csj-emballages.com\/es\/wp-json\/wp\/v2\/product\/21333","targetHints":{"allow":["GET"]}}],"collection":[{"href":"https:\/\/www.csj-emballages.com\/es\/wp-json\/wp\/v2\/product"}],"about":[{"href":"https:\/\/www.csj-emballages.com\/es\/wp-json\/wp\/v2\/types\/product"}],"wp:featuredmedia":[{"embeddable":true,"href":"https:\/\/www.csj-emballages.com\/es\/wp-json\/wp\/v2\/media\/264593"}],"wp:attachment":[{"href":"https:\/\/www.csj-emballages.com\/es\/wp-json\/wp\/v2\/media?parent=21333"}],"wp:term":[{"taxonomy":"product_brand","embeddable":true,"href":"https:\/\/www.csj-emballages.com\/es\/wp-json\/wp\/v2\/product_brand?post=21333"},{"taxonomy":"product_cat","embeddable":true,"href":"https:\/\/www.csj-emballages.com\/es\/wp-json\/wp\/v2\/product_cat?post=21333"},{"taxonomy":"product_tag","embeddable":true,"href":"https:\/\/www.csj-emballages.com\/es\/wp-json\/wp\/v2\/product_tag?post=21333"}],"curies":[{"name":"wp","href":"https:\/\/api.w.org\/{rel}","templated":true}]}}