{"id":21302,"date":"2024-03-01T16:53:19","date_gmt":"2024-03-01T15:53:19","guid":{"rendered":"https:\/\/u15jnbdpoq.preview.infomaniak.website\/produit\/50-tarros-reciclados-para-batidos-95o-rpet-400-550-ml\/"},"modified":"2026-04-18T02:14:46","modified_gmt":"2026-04-18T00:14:46","slug":"50-tarros-reciclados-para-batidos-95o-rpet-400-550-ml","status":"publish","type":"product","link":"https:\/\/www.csj-emballages.com\/es\/produit\/50-tarros-reciclados-para-batidos-95o-rpet-400-550-ml\/","title":{"rendered":"Pote de pl\u00e1stico reciclado 95\u00d8 rPET 400\/550 ml por 50"},"content":{"rendered":"<h2><strong style=\"font-family: Roboto, sans-serif;\">Bote de pl\u00e1stico<br \/>\n<\/strong><\/h2>\n<div style=\"font-family: Roboto, sans-serif;\">\n<div style=\"font-family: Roboto, sans-serif;\">\n<div style=\"font-family: Roboto, sans-serif;\">\n<div style=\"text-align: center;\">\n<div style=\"font-family: Roboto, sans-serif;\">\n<div style=\"font-family: Roboto, sans-serif;\">\n<div style=\"font-family: Roboto, sans-serif;\">\n<div style=\"font-family: Roboto, sans-serif;\">\n<div style=\"font-family: Roboto, sans-serif;\">\n<div style=\"font-family: Roboto, sans-serif; text-align: left;\">\n<hr>\n<h3 style=\"text-align: left;\">Descripci\u00f3n de nuestro bote de pl\u00e1stico reciclado 95\u00d8 rPET 400\/550 ml por 50<\/h3>\n<p><!--more--><\/p>\n<p data-start=\"234\" data-end=\"752\">Cuando necesite m\u00e1s espacio sin cambiar de formato, este <strong data-start=\"289\" data-end=\"327\">tarro de pl\u00e1stico de \u00d895 mm en 400\/550 ml<\/strong> es una soluci\u00f3n realmente pr\u00e1ctica. Conserva el mismo di\u00e1metro que los tarros m\u00e1s peque\u00f1os, pero ofrece una capacidad m\u00e1s generosa, ideal para raciones completas, recetas bien surtidas o comida para llevar que requiera un poco de volumen. A primera vista, su <strong>transparencia<\/strong> hace que el contenido destaque y resulte atractivo, ya se trate de una ensalada mixta, un poke bowl, un postre familiar o una preparaci\u00f3n casera.  <\/p>\n<p data-start=\"754\" data-end=\"1089\">Su <strong>altura<\/strong> permite apilar f\u00e1cilmente los ingredientes unos sobre otros, lo que resulta perfecto para crear presentaciones limpias y apetitosas. En la cocina, el llenado es r\u00e1pido y sencillo, sin salpicaduras ni derrames. Para el cliente, es c\u00f3moda y tranquilizadora de sostener: la <strong>olla<\/strong> es estable, r\u00edgida y no se deforma, incluso cuando est\u00e1 bien llena.  <\/p>\n<p data-start=\"1091\" data-end=\"1377\">Este formato es especialmente popular para comida para llevar y entregas. Combinado con una <strong>tapa compatible de \u00d895 mm<\/strong><strong>(se vende por separado<\/strong>), garantiza un transporte seguro y sin fugas. As\u00ed podr\u00e1 servir sus comidas con confianza, incluso en viajes largos.  <\/p>\n<p data-start=\"1379\" data-end=\"1624\">Este tarro, que se vende <strong data-start=\"1385\" data-end=\"1402\">en paquetes de 50<\/strong> unidades, permite gestionar las existencias de forma eficaz y flexible. Adecuado para restaurantes, empresas de catering, bares y profesionales de eventos que buscan un recipiente fiable y vers\u00e1til. <\/p>\n<p data-start=\"1626\" data-end=\"1793\">En resumen, este <strong>tarro de pl\u00e1stico de 400\/550 ml<\/strong> le ofrece m\u00e1s espacio, m\u00e1s libertad en sus recetas y una presentaci\u00f3n siempre cuidada, sin complicar su organizaci\u00f3n.<\/p>\n<p data-start=\"1626\" data-end=\"1793\">\n<\/div>\n<p><!--more--><\/p>\n<div style=\"font-family: Roboto, sans-serif; text-align: left;\">\n<p><span style=\"font-weight: bold; color: #ff0000;\">COCINAS RESERVADAS PARA COMIDA Y NO PARA BEBIDA ( Francia )<\/span><\/p>\n<\/div>\n<\/div>\n<\/div>\n<\/div>\n<\/div>\n<\/div>\n<\/div>\n<\/div>\n<\/div>\n<\/div>\n<p>&nbsp;<\/p>\n<p><!--more--><\/p>\n<h4 style=\"text-align: left;\"><strong>Ventajas :<\/strong><\/h4>\n<ul>\n<li data-start=\"1821\" data-end=\"1865\"><strong>Gran capacidad<\/strong> para raciones completas.<\/li>\n<li data-start=\"1868\" data-end=\"1922\">Transparencia ideal para resaltar preparaciones.<\/li>\n<li data-start=\"1925\" data-end=\"1954\">Estructura r\u00edgida y estable.<\/li>\n<li data-start=\"1957\" data-end=\"1993\">Compatible con tapas <strong>de \u00d895 mm.<\/strong><\/li>\n<li data-start=\"1996\" data-end=\"2038\">Paquete de <strong>50<\/strong> adecuado para uso profesional.<\/li>\n<\/ul>\n<p>&nbsp;<\/p>\n<p><!--more--><\/p>\n<h4 style=\"text-align: left;\"><strong>Informaci\u00f3n adicional :<\/strong><\/h4>\n<div class=\"elementor elementor-2384 elementor-location-archive product\" data-elementor-type=\"product-archive\" data-elementor-id=\"2384\" data-elementor-post-type=\"elementor_library\">\n<div class=\"elementor-element elementor-element-c44cccd nt-archive-products e-flex e-con-boxed e-con e-parent e-lazyloaded\" data-id=\"c44cccd\" data-element_type=\"container\">\n<div class=\"e-con-inner\">\n<div class=\"elementor-element elementor-element-f35cc29 e-con-full e-flex e-con e-child\" data-id=\"f35cc29\" data-element_type=\"container\">\n<div class=\"elementor-element elementor-element-8781411 elementor-widget elementor-widget-woocommerce-archive-description\" data-id=\"8781411\" data-element_type=\"widget\" data-widget_type=\"woocommerce-archive-description.default\">\n<div class=\"elementor-widget-container\">\n<div class=\"term-description\">\n<ul>\n<li><strong>Envase<\/strong>: Paquete de 50<\/li>\n<li><strong>Altura<\/strong>: 129 mm<\/li>\n<li><strong>Di\u00e1metro superior<\/strong>: 95 mm<\/li>\n<li><strong>Volumen<\/strong>: 400\/550 ml<\/li>\n<li><strong>Material<\/strong>: rPET<\/li>\n<li><strong>Temperatura de funcionamiento<\/strong>: -40\u00b0C \/ +60\u00b0C<\/li>\n<\/ul>\n<\/div>\n<\/div>\n<\/div>\n<\/div>\n<\/div>\n<\/div>\n<\/div>\n<div class=\"elementor elementor-175 elementor-location-footer\" data-elementor-type=\"footer\" data-elementor-id=\"175\" data-elementor-post-type=\"elementor_library\">\n<div class=\"elementor-element elementor-element-d413b54 e-flex e-con-boxed e-con e-parent e-lazyloaded\" data-id=\"d413b54\" data-element_type=\"container\">\n<div class=\"e-con-inner\">\n<div class=\"elementor-element elementor-element-9493a3c elementor-widget elementor-widget-shortcode\" data-id=\"9493a3c\" data-element_type=\"widget\" data-widget_type=\"shortcode.default\">\n<div class=\"elementor-widget-container\"><\/div>\n<\/div>\n<\/div>\n<\/div>\n<\/div>\n<p><!--more--><\/p>\n<h4>  Encuentre aqu\u00ed las tapas compatibles con esta olla de pl\u00e1stico:<\/h4>\n<p>Las c\u00fapulas se venden por separado (ref. <span style=\"color: #d12727;\"><a style=\"color: #d12727;\" href=\"https:\/\/www.csj-emballages.com\/es\/produit\/50-tapas-de-cupula-con-pico-para-batidos-de-plastico-95-o\/\">CVDOMTR500CC<\/a><\/span>) <\/p>\n<p>C\u00fapulas con travesa\u00f1o (ref <span style=\"color: #d12727;\"><a style=\"color: #d12727;\" href=\"https:\/\/www.csj-emballages.com\/es\/produit\/tapa-de-cupula-de-plastico-con-travesano-o95-por-50\/\">CVDOMCR500CC<\/a><\/span>)<\/p>\n<p>Los platos se venden por separado (ref <span style=\"color: #d12727;\"><a style=\"color: #d12727;\" href=\"https:\/\/www.csj-emballages.com\/es\/produit\/50-tapas-planas-desechables-para-batidos-pajita-cruz-o-95\/\">CVCR500CC<\/a><\/span>)<\/p>\n<p>Las placas sin agujeros se venden por separado (ref <span style=\"color: #d12727;\"><a style=\"color: #d12727;\" href=\"https:\/\/www.csj-emballages.com\/es\/produit\/50-tapas-desechables-para-batidos-sin-agujero-o-95\/\">CVCRSSTR<\/a><\/span>)<\/p>\n<p>C\u00fapulas con ca\u00f1o (ref <span style=\"color: #d12727;\"><a style=\"color: #d12727;\" href=\"https:\/\/www.csj-emballages.com\/es\/produit\/50-tapas-de-cupula-con-pico-para-batidos-de-plastico-95-o\/\">CVDOMBEC<\/a><\/span>)<\/p>\n<p>&nbsp;<\/p>\n<p style=\"text-align: left;\"><!--more--><\/p>\n<p><a href=\"\/?product_cat=pots-smoothies-diametre-95mm\">Ver el resto de nuestra gama de macetas de pl\u00e1stico de \u00d895 mm<\/a><\/p>\n","protected":false},"excerpt":{"rendered":"<p>Bote de pl\u00e1stico Descripci\u00f3n de nuestro bote de pl\u00e1stico reciclado 95\u00d8 rPET 400\/550 ml por 50<\/p>\n","protected":false},"featured_media":196992,"template":"","meta":{"_acf_changed":false},"product_brand":[],"product_cat":[1150,1179,1462,1795,2538,2551],"product_tag":[],"class_list":{"0":"post-21302","1":"product","2":"type-product","3":"status-publish","4":"has-post-thumbnail","6":"product_cat-envasado-de-alimentos","7":"product_cat-catering-es","8":"product_cat-tazas-vasos-cubos-botellas","9":"product_cat-vasos-para-bebidas-frias","10":"product_cat-tarros-para-batidos","11":"product_cat-tarros-para-batidos-diametro-95-mm","13":"first","14":"instock","15":"taxable","16":"shipping-taxable","17":"purchasable","18":"product-type-simple"},"acf":[],"yoast_head":"<!-- This site is optimized with the Yoast SEO Premium plugin v26.6 (Yoast SEO v26.6) - https:\/\/yoast.com\/wordpress\/plugins\/seo\/ -->\n<title>Tarro Pl\u00e1stico Reciclado 95\u00d8 rPET 400\/550 ml por 50<\/title>\n<meta name=\"description\" content=\"Tarrina de pl\u00e1stico \u00d895 mm 400\/550 ml vendida en paquetes de 50. Ideal para postres, ensaladas y platos fr\u00edos. Pr\u00e1ctico, estable y adecuado para la venta para llevar.\" \/>\n<meta name=\"robots\" content=\"index, follow, max-snippet:-1, max-image-preview:large, max-video-preview:-1\" \/>\n<link rel=\"canonical\" href=\"https:\/\/www.csj-emballages.com\/es\/produit\/50-tarros-reciclados-para-batidos-95o-rpet-400-550-ml\/\" \/>\n<meta property=\"og:locale\" content=\"es_ES\" \/>\n<meta property=\"og:type\" content=\"article\" \/>\n<meta property=\"og:title\" content=\"Pote de pl\u00e1stico reciclado 95\u00d8 rPET 400\/550 ml por 50\" \/>\n<meta property=\"og:description\" content=\"Tarrina de pl\u00e1stico \u00d895 mm 400\/550 ml vendida en paquetes de 50. Ideal para postres, ensaladas y platos fr\u00edos. Pr\u00e1ctico, estable y adecuado para la venta para llevar.\" \/>\n<meta property=\"og:url\" content=\"https:\/\/www.csj-emballages.com\/es\/produit\/50-tarros-reciclados-para-batidos-95o-rpet-400-550-ml\/\" \/>\n<meta property=\"og:site_name\" content=\"CSJ Emballages\" \/>\n<meta property=\"article:publisher\" content=\"https:\/\/www.facebook.com\/csjemballages\" \/>\n<meta property=\"article:modified_time\" content=\"2026-04-18T00:14:46+00:00\" \/>\n<meta property=\"og:image\" content=\"https:\/\/www.csj-emballages.com\/wp-content\/uploads\/2024\/03\/GM400CC.webp\" \/>\n\t<meta property=\"og:image:width\" content=\"800\" \/>\n\t<meta property=\"og:image:height\" content=\"800\" \/>\n\t<meta property=\"og:image:type\" content=\"image\/webp\" \/>\n<meta name=\"twitter:card\" content=\"summary_large_image\" \/>\n<meta name=\"twitter:label1\" content=\"Tiempo de lectura\" \/>\n\t<meta name=\"twitter:data1\" content=\"2 minutos\" \/>\n<script type=\"application\/ld+json\" class=\"yoast-schema-graph\">{\"@context\":\"https:\/\/schema.org\",\"@graph\":[{\"@type\":\"WebPage\",\"@id\":\"https:\/\/www.csj-emballages.com\/es\/produit\/50-tarros-reciclados-para-batidos-95o-rpet-400-550-ml\/\",\"url\":\"https:\/\/www.csj-emballages.com\/es\/produit\/50-tarros-reciclados-para-batidos-95o-rpet-400-550-ml\/\",\"name\":\"Tarro Pl\u00e1stico Reciclado 95\u00d8 rPET 400\/550 ml por 50\",\"isPartOf\":{\"@id\":\"https:\/\/www.csj-emballages.com\/es\/#website\"},\"primaryImageOfPage\":{\"@id\":\"https:\/\/www.csj-emballages.com\/es\/produit\/50-tarros-reciclados-para-batidos-95o-rpet-400-550-ml\/#primaryimage\"},\"image\":{\"@id\":\"https:\/\/www.csj-emballages.com\/es\/produit\/50-tarros-reciclados-para-batidos-95o-rpet-400-550-ml\/#primaryimage\"},\"thumbnailUrl\":\"https:\/\/www.csj-emballages.com\/wp-content\/uploads\/2024\/03\/GM400CC.webp\",\"datePublished\":\"2024-03-01T15:53:19+00:00\",\"dateModified\":\"2026-04-18T00:14:46+00:00\",\"description\":\"Tarrina de pl\u00e1stico \u00d895 mm 400\/550 ml vendida en paquetes de 50. Ideal para postres, ensaladas y platos fr\u00edos. Pr\u00e1ctico, estable y adecuado para la venta para llevar.\",\"breadcrumb\":{\"@id\":\"https:\/\/www.csj-emballages.com\/es\/produit\/50-tarros-reciclados-para-batidos-95o-rpet-400-550-ml\/#breadcrumb\"},\"inLanguage\":\"es\",\"potentialAction\":[{\"@type\":\"ReadAction\",\"target\":[\"https:\/\/www.csj-emballages.com\/es\/produit\/50-tarros-reciclados-para-batidos-95o-rpet-400-550-ml\/\"]}]},{\"@type\":\"ImageObject\",\"inLanguage\":\"es\",\"@id\":\"https:\/\/www.csj-emballages.com\/es\/produit\/50-tarros-reciclados-para-batidos-95o-rpet-400-550-ml\/#primaryimage\",\"url\":\"https:\/\/www.csj-emballages.com\/wp-content\/uploads\/2024\/03\/GM400CC.webp\",\"contentUrl\":\"https:\/\/www.csj-emballages.com\/wp-content\/uploads\/2024\/03\/GM400CC.webp\",\"width\":800,\"height\":800,\"caption\":\"pot plastique\"},{\"@type\":\"BreadcrumbList\",\"@id\":\"https:\/\/www.csj-emballages.com\/es\/produit\/50-tarros-reciclados-para-batidos-95o-rpet-400-550-ml\/#breadcrumb\",\"itemListElement\":[{\"@type\":\"ListItem\",\"position\":1,\"name\":\"Accueil\",\"item\":\"https:\/\/www.csj-emballages.com\/es\/universo-del-envasado-alimentario\/\"},{\"@type\":\"ListItem\",\"position\":2,\"name\":\"Tienda\",\"item\":\"https:\/\/www.csj-emballages.com\/tienda\/\"},{\"@type\":\"ListItem\",\"position\":3,\"name\":\"Pote de pl\u00e1stico reciclado 95\u00d8 rPET 400\/550 ml por 50\"}]},{\"@type\":\"WebSite\",\"@id\":\"https:\/\/www.csj-emballages.com\/es\/#website\",\"url\":\"https:\/\/www.csj-emballages.com\/es\/\",\"name\":\"CSJ Emballages\",\"description\":\"\",\"publisher\":{\"@id\":\"https:\/\/www.csj-emballages.com\/es\/#organization\"},\"potentialAction\":[{\"@type\":\"SearchAction\",\"target\":{\"@type\":\"EntryPoint\",\"urlTemplate\":\"https:\/\/www.csj-emballages.com\/es\/?s={search_term_string}\"},\"query-input\":{\"@type\":\"PropertyValueSpecification\",\"valueRequired\":true,\"valueName\":\"search_term_string\"}}],\"inLanguage\":\"es\"},{\"@type\":\"Organization\",\"@id\":\"https:\/\/www.csj-emballages.com\/es\/#Organization\/\",\"name\":\"CSJ Emballages\",\"url\":\"https:\/\/www.csj-emballages.com\/es\/\",\"logo\":{\"@type\":\"ImageObject\",\"inLanguage\":\"es\",\"@id\":\"https:\/\/www.csj-emballages.com\/es\/#\/schema\/logo\/image\/\",\"url\":\"https:\/\/www.csj-emballages.com\/wp-content\/uploads\/2023\/10\/logo_csj.webp\",\"contentUrl\":\"https:\/\/www.csj-emballages.com\/wp-content\/uploads\/2023\/10\/logo_csj.webp\",\"width\":250,\"height\":95,\"caption\":\"CSJ Emballages\"},\"image\":{\"@id\":\"https:\/\/www.csj-emballages.com\/es\/#\/schema\/logo\/image\/\"},\"sameAs\":[\"https:\/\/www.facebook.com\/csjemballages\"],\"address\":{\"@type\":\"PostalAddress\",\"streetAddress\":\"ZI La Lechere\",\"addressLocality\":\"Patornay\",\"postalCode\":\"39130\",\"addressCountry\":\"FR\"},\"contactPoint\":[{\"@type\":\"ContactPoint\",\"contactType\":\"Service client\",\"telephone\":\"0384254272\",\"email\":\"contact@csj-emballages.com\"}]}]}<\/script>\n<!-- \/ Yoast SEO Premium plugin. -->","yoast_head_json":{"title":"Tarro Pl\u00e1stico Reciclado 95\u00d8 rPET 400\/550 ml por 50","description":"Tarrina de pl\u00e1stico \u00d895 mm 400\/550 ml vendida en paquetes de 50. Ideal para postres, ensaladas y platos fr\u00edos. Pr\u00e1ctico, estable y adecuado para la venta para llevar.","robots":{"index":"index","follow":"follow","max-snippet":"max-snippet:-1","max-image-preview":"max-image-preview:large","max-video-preview":"max-video-preview:-1"},"canonical":"https:\/\/www.csj-emballages.com\/es\/produit\/50-tarros-reciclados-para-batidos-95o-rpet-400-550-ml\/","og_locale":"es_ES","og_type":"article","og_title":"Pote de pl\u00e1stico reciclado 95\u00d8 rPET 400\/550 ml por 50","og_description":"Tarrina de pl\u00e1stico \u00d895 mm 400\/550 ml vendida en paquetes de 50. Ideal para postres, ensaladas y platos fr\u00edos. Pr\u00e1ctico, estable y adecuado para la venta para llevar.","og_url":"https:\/\/www.csj-emballages.com\/es\/produit\/50-tarros-reciclados-para-batidos-95o-rpet-400-550-ml\/","og_site_name":"CSJ Emballages","article_publisher":"https:\/\/www.facebook.com\/csjemballages","article_modified_time":"2026-04-18T00:14:46+00:00","og_image":[{"width":800,"height":800,"url":"https:\/\/www.csj-emballages.com\/wp-content\/uploads\/2024\/03\/GM400CC.webp","type":"image\/webp"}],"twitter_card":"summary_large_image","twitter_misc":{"Tiempo de lectura":"2 minutos"},"schema":{"@context":"https:\/\/schema.org","@graph":[{"@type":"WebPage","@id":"https:\/\/www.csj-emballages.com\/es\/produit\/50-tarros-reciclados-para-batidos-95o-rpet-400-550-ml\/","url":"https:\/\/www.csj-emballages.com\/es\/produit\/50-tarros-reciclados-para-batidos-95o-rpet-400-550-ml\/","name":"Tarro Pl\u00e1stico Reciclado 95\u00d8 rPET 400\/550 ml por 50","isPartOf":{"@id":"https:\/\/www.csj-emballages.com\/es\/#website"},"primaryImageOfPage":{"@id":"https:\/\/www.csj-emballages.com\/es\/produit\/50-tarros-reciclados-para-batidos-95o-rpet-400-550-ml\/#primaryimage"},"image":{"@id":"https:\/\/www.csj-emballages.com\/es\/produit\/50-tarros-reciclados-para-batidos-95o-rpet-400-550-ml\/#primaryimage"},"thumbnailUrl":"https:\/\/www.csj-emballages.com\/wp-content\/uploads\/2024\/03\/GM400CC.webp","datePublished":"2024-03-01T15:53:19+00:00","dateModified":"2026-04-18T00:14:46+00:00","description":"Tarrina de pl\u00e1stico \u00d895 mm 400\/550 ml vendida en paquetes de 50. Ideal para postres, ensaladas y platos fr\u00edos. Pr\u00e1ctico, estable y adecuado para la venta para llevar.","breadcrumb":{"@id":"https:\/\/www.csj-emballages.com\/es\/produit\/50-tarros-reciclados-para-batidos-95o-rpet-400-550-ml\/#breadcrumb"},"inLanguage":"es","potentialAction":[{"@type":"ReadAction","target":["https:\/\/www.csj-emballages.com\/es\/produit\/50-tarros-reciclados-para-batidos-95o-rpet-400-550-ml\/"]}]},{"@type":"ImageObject","inLanguage":"es","@id":"https:\/\/www.csj-emballages.com\/es\/produit\/50-tarros-reciclados-para-batidos-95o-rpet-400-550-ml\/#primaryimage","url":"https:\/\/www.csj-emballages.com\/wp-content\/uploads\/2024\/03\/GM400CC.webp","contentUrl":"https:\/\/www.csj-emballages.com\/wp-content\/uploads\/2024\/03\/GM400CC.webp","width":800,"height":800,"caption":"pot plastique"},{"@type":"BreadcrumbList","@id":"https:\/\/www.csj-emballages.com\/es\/produit\/50-tarros-reciclados-para-batidos-95o-rpet-400-550-ml\/#breadcrumb","itemListElement":[{"@type":"ListItem","position":1,"name":"Accueil","item":"https:\/\/www.csj-emballages.com\/es\/universo-del-envasado-alimentario\/"},{"@type":"ListItem","position":2,"name":"Tienda","item":"https:\/\/www.csj-emballages.com\/tienda\/"},{"@type":"ListItem","position":3,"name":"Pote de pl\u00e1stico reciclado 95\u00d8 rPET 400\/550 ml por 50"}]},{"@type":"WebSite","@id":"https:\/\/www.csj-emballages.com\/es\/#website","url":"https:\/\/www.csj-emballages.com\/es\/","name":"CSJ Emballages","description":"","publisher":{"@id":"https:\/\/www.csj-emballages.com\/es\/#organization"},"potentialAction":[{"@type":"SearchAction","target":{"@type":"EntryPoint","urlTemplate":"https:\/\/www.csj-emballages.com\/es\/?s={search_term_string}"},"query-input":{"@type":"PropertyValueSpecification","valueRequired":true,"valueName":"search_term_string"}}],"inLanguage":"es"},{"@type":"Organization","@id":"https:\/\/www.csj-emballages.com\/es\/#Organization\/","name":"CSJ Emballages","url":"https:\/\/www.csj-emballages.com\/es\/","logo":{"@type":"ImageObject","inLanguage":"es","@id":"https:\/\/www.csj-emballages.com\/es\/#\/schema\/logo\/image\/","url":"https:\/\/www.csj-emballages.com\/wp-content\/uploads\/2023\/10\/logo_csj.webp","contentUrl":"https:\/\/www.csj-emballages.com\/wp-content\/uploads\/2023\/10\/logo_csj.webp","width":250,"height":95,"caption":"CSJ Emballages"},"image":{"@id":"https:\/\/www.csj-emballages.com\/es\/#\/schema\/logo\/image\/"},"sameAs":["https:\/\/www.facebook.com\/csjemballages"],"address":{"@type":"PostalAddress","streetAddress":"ZI La Lechere","addressLocality":"Patornay","postalCode":"39130","addressCountry":"FR"},"contactPoint":[{"@type":"ContactPoint","contactType":"Service client","telephone":"0384254272","email":"contact@csj-emballages.com"}]}]}},"df_price":4.43,"df_sale_price":"","df_regular_price":4.43,"df_image_link":"https:\/\/www.csj-emballages.com\/wp-content\/uploads\/2024\/03\/GM400CC-300x300.webp","tiered_pricing_type":"fixed","tiered_pricing_fixed_rules":[],"tiered_pricing_percentage_rules":[],"tiered_pricing_minimum":1,"tiered_pricing_roles_data":[],"_links":{"self":[{"href":"https:\/\/www.csj-emballages.com\/es\/wp-json\/wp\/v2\/product\/21302","targetHints":{"allow":["GET"]}}],"collection":[{"href":"https:\/\/www.csj-emballages.com\/es\/wp-json\/wp\/v2\/product"}],"about":[{"href":"https:\/\/www.csj-emballages.com\/es\/wp-json\/wp\/v2\/types\/product"}],"wp:featuredmedia":[{"embeddable":true,"href":"https:\/\/www.csj-emballages.com\/es\/wp-json\/wp\/v2\/media\/196992"}],"wp:attachment":[{"href":"https:\/\/www.csj-emballages.com\/es\/wp-json\/wp\/v2\/media?parent=21302"}],"wp:term":[{"taxonomy":"product_brand","embeddable":true,"href":"https:\/\/www.csj-emballages.com\/es\/wp-json\/wp\/v2\/product_brand?post=21302"},{"taxonomy":"product_cat","embeddable":true,"href":"https:\/\/www.csj-emballages.com\/es\/wp-json\/wp\/v2\/product_cat?post=21302"},{"taxonomy":"product_tag","embeddable":true,"href":"https:\/\/www.csj-emballages.com\/es\/wp-json\/wp\/v2\/product_tag?post=21302"}],"curies":[{"name":"wp","href":"https:\/\/api.w.org\/{rel}","templated":true}]}}