{"id":21292,"date":"2024-03-01T16:53:20","date_gmt":"2024-03-01T15:53:20","guid":{"rendered":"https:\/\/u15jnbdpoq.preview.infomaniak.website\/produit\/50-95o-rpet-tarros-de-plastico-reciclado-para-batidos-de-300-430-ml\/"},"modified":"2026-04-04T11:00:36","modified_gmt":"2026-04-04T09:00:36","slug":"50-95o-rpet-tarros-de-plastico-reciclado-para-batidos-de-300-430-ml","status":"publish","type":"product","link":"https:\/\/www.csj-emballages.com\/es\/produit\/50-95o-rpet-tarros-de-plastico-reciclado-para-batidos-de-300-430-ml\/","title":{"rendered":"Pote de pl\u00e1stico reciclado 95\u00d8 rPET 300\/430 ml por 50"},"content":{"rendered":"<h2><strong style=\"font-family: Roboto, sans-serif;\">Bote de pl\u00e1stico<br \/>\n<\/strong><\/h2>\n<div style=\"font-family: Roboto, sans-serif;\">\n<div style=\"font-family: Roboto, sans-serif;\">\n<div style=\"font-family: Roboto, sans-serif;\">\n<div style=\"text-align: center;\">\n<div style=\"font-family: Roboto, sans-serif;\">\n<div style=\"font-family: Roboto, sans-serif;\">\n<div style=\"font-family: Roboto, sans-serif;\">\n<div style=\"font-family: Roboto, sans-serif;\">\n<div style=\"font-family: Roboto, sans-serif;\">\n<div style=\"font-family: Roboto, sans-serif; text-align: left;\">\n<hr>\n<h3 style=\"text-align: left;\">Descripci\u00f3n de nuestro bote de pl\u00e1stico reciclado 95\u00d8 rPET 300\/430 ml, paquete de 50<\/h3>\n<p><!--more--><\/p>\n<p data-start=\"263\" data-end=\"680\">Este <strong data-start=\"318\" data-end=\"356\">tarro de pl\u00e1stico de \u00d895 mm y 300\/430 ml<\/strong>, sencillo en apariencia pero muy pr\u00e1ctico en su uso, es claramente imprescindible para restaurantes y establecimientos de comida para llevar. Transparente y despejado, muestra exactamente lo que se sirve en su interior. Ensaladas mixtas, fruta cortada, postres, salsas generosas o preparaciones fr\u00edas: todo queda bien visible, bien presentado y f\u00e1cil de identificar.  <\/p>\n<p data-start=\"682\" data-end=\"1070\">Gracias a su tama\u00f1o intermedio, ofrece la capacidad justa. Ni demasiado peque\u00f1o ni demasiado grande, es tan adecuado para raciones individuales como para guarniciones. Su forma ligeramente acampanada hace que sea f\u00e1cil de llenar, pero tambi\u00e9n de sostener, ya sea en la cocina o al lado del cliente. Ahorra tiempo, evita derrames y facilita el servicio.   <\/p>\n<p data-start=\"1072\" data-end=\"1402\">El <strong>pl\u00e1stico transparente<\/strong> es r\u00edgido y estable, por lo que los tarros son f\u00e1ciles de apilar y transportar. Combinado con una <strong>tapa compatible de \u00d895 mm<\/strong><strong>(se vende por separado<\/strong>), este <strong>tarro<\/strong> se convierte en una soluci\u00f3n fiable para la comida para llevar o el reparto. Nada se mueve, nada gotea y su comida llega intacta.  <\/p>\n<p data-start=\"1404\" data-end=\"1650\">Vendido <strong data-start=\"1410\" data-end=\"1427\">en paquetes de 50 unidades<\/strong>, este envase es ideal para gestionar sus existencias sin ocupar espacio. Tanto si es restaurador, hostelero, bar de aperitivos o profesional de eventos, este tarro se adapta a su ritmo y a sus necesidades diarias. <\/p>\n<p data-start=\"1652\" data-end=\"1796\">En resumen, se trata de un contenedor discreto pero eficaz, que cumple su funci\u00f3n sin complicar su organizaci\u00f3n, a la vez que pone en valor sus recetas.<\/p>\n<\/div>\n<p data-start=\"1652\" data-end=\"1796\">\n<div style=\"font-family: Roboto, sans-serif; text-align: left;\">\n<p><!--more--><\/p>\n<p><span style=\"font-weight: bold; color: #ff0000;\">COCINAS RESERVADAS PARA COMIDA Y NO PARA BEBIDA ( Francia )<\/span><\/p>\n<\/div>\n<\/div>\n<\/div>\n<\/div>\n<\/div>\n<\/div>\n<\/div>\n<\/div>\n<\/div>\n<\/div>\n<p>&nbsp;<\/p>\n<p><!--more--><\/p>\n<h4 style=\"text-align: left;\"><strong>Ventajas :  <\/strong><\/h4>\n<ul style=\"text-align: left;\">\n<li data-start=\"1824\" data-end=\"1878\">Transparencia perfecta para una presentaci\u00f3n ordenada.<\/li>\n<li data-start=\"1881\" data-end=\"1912\">Formato vers\u00e1til <strong>de 300\/430 ml<\/strong>.<\/li>\n<li data-start=\"1915\" data-end=\"1972\">Forma pr\u00e1ctica para el llenado y la manipulaci\u00f3n.<\/li>\n<li data-start=\"1975\" data-end=\"2011\">Compatible con tapas <strong>de \u00d895 mm.<\/strong><\/li>\n<li data-start=\"2014\" data-end=\"2058\">Paquete de <strong>50<\/strong> ideal para uso profesional.<\/li>\n<\/ul>\n<p>&nbsp;<\/p>\n<p><!--more--><\/p>\n<h4 style=\"text-align: left;\"><strong>Informaci\u00f3n adicional :<\/strong><\/h4>\n<div class=\"elementor elementor-2384 elementor-location-archive product\" data-elementor-type=\"product-archive\" data-elementor-id=\"2384\" data-elementor-post-type=\"elementor_library\">\n<div class=\"elementor-element elementor-element-c44cccd nt-archive-products e-flex e-con-boxed e-con e-parent e-lazyloaded\" data-id=\"c44cccd\" data-element_type=\"container\">\n<div class=\"e-con-inner\">\n<div class=\"elementor-element elementor-element-f35cc29 e-con-full e-flex e-con e-child\" data-id=\"f35cc29\" data-element_type=\"container\">\n<div class=\"elementor-element elementor-element-8781411 elementor-widget elementor-widget-woocommerce-archive-description\" data-id=\"8781411\" data-element_type=\"widget\" data-widget_type=\"woocommerce-archive-description.default\">\n<div class=\"elementor-widget-container\">\n<div class=\"term-description\">\n<ul>\n<li><strong>Envase<\/strong>: Paquete de 50<\/li>\n<li><strong>Altura<\/strong>: 117 mm<\/li>\n<li><strong>Di\u00e1metro superior<\/strong>: 95 mm<\/li>\n<li><strong>Volumen<\/strong>: 300\/430 ml<\/li>\n<li><strong>Material<\/strong>: rPET<\/li>\n<li><strong>Temperatura de funcionamiento<\/strong>: -40\u00b0C \/ +60\u00b0C<\/li>\n<\/ul>\n<\/div>\n<\/div>\n<\/div>\n<\/div>\n<\/div>\n<\/div>\n<\/div>\n<div class=\"elementor elementor-175 elementor-location-footer\" data-elementor-type=\"footer\" data-elementor-id=\"175\" data-elementor-post-type=\"elementor_library\">\n<div class=\"elementor-element elementor-element-d413b54 e-flex e-con-boxed e-con e-parent e-lazyloaded\" data-id=\"d413b54\" data-element_type=\"container\">\n<div class=\"e-con-inner\">\n<div class=\"elementor-element elementor-element-9493a3c elementor-widget elementor-widget-shortcode\" data-id=\"9493a3c\" data-element_type=\"widget\" data-widget_type=\"shortcode.default\">\n<div class=\"elementor-widget-container\"><\/div>\n<\/div>\n<\/div>\n<\/div>\n<\/div>\n<p><!--more--><\/p>\n<h4>  Encuentre aqu\u00ed las tapas compatibles con esta olla de pl\u00e1stico:<\/h4>\n<p>Las c\u00fapulas se venden por separado (ref. <span style=\"color: #d12727;\"><a style=\"color: #d12727;\" href=\"https:\/\/www.csj-emballages.com\/es\/produit\/50-tapas-de-cupula-con-pico-para-batidos-de-plastico-95-o\/\">CVDOMTR500CC<\/a><\/span>) <\/p>\n<p>C\u00fapulas con travesa\u00f1o (ref <span style=\"color: #d12727;\"><a style=\"color: #d12727;\" href=\"https:\/\/www.csj-emballages.com\/es\/produit\/tapa-de-cupula-de-plastico-con-travesano-o95-por-50\/\">CVDOMCR500CC<\/a><\/span>)<\/p>\n<p>Los platos se venden por separado (ref <span style=\"color: #d12727;\"><a style=\"color: #d12727;\" href=\"https:\/\/www.csj-emballages.com\/es\/produit\/50-tapas-planas-desechables-para-batidos-pajita-cruz-o-95\/\">CVCR500CC<\/a><\/span>)<\/p>\n<p>Las placas sin agujeros se venden por separado (ref <span style=\"color: #d12727;\"><a style=\"color: #d12727;\" href=\"https:\/\/www.csj-emballages.com\/es\/produit\/50-tapas-desechables-para-batidos-sin-agujero-o-95\/\">CVCRSSTR<\/a><\/span>)<\/p>\n<p>C\u00fapulas con ca\u00f1o (ref <span style=\"color: #d12727;\"><a style=\"color: #d12727;\" href=\"https:\/\/www.csj-emballages.com\/es\/produit\/50-tapas-de-cupula-con-pico-para-batidos-de-plastico-95-o\/\">CVDOMBEC<\/a><\/span>)<\/p>\n<p>&nbsp;<\/p>\n<p style=\"text-align: left;\"><!--more--><\/p>\n<p><a href=\"\/?product_cat=pots-smoothies-diametre-95mm\">Ver el resto de nuestra gama de tarros para batidos en \u00d895 mm<\/a><\/p>\n","protected":false},"excerpt":{"rendered":"<p>Bote de pl\u00e1stico Descripci\u00f3n de nuestro bote de pl\u00e1stico reciclado 95\u00d8 rPET 300\/430 ml, paquete de 50<\/p>\n","protected":false},"featured_media":194131,"template":"","meta":{"_acf_changed":false},"product_brand":[],"product_cat":[1150,1179,1462,1795,2538,2551],"product_tag":[],"class_list":{"0":"post-21292","1":"product","2":"type-product","3":"status-publish","4":"has-post-thumbnail","6":"product_cat-envasado-de-alimentos","7":"product_cat-catering-es","8":"product_cat-tazas-vasos-cubos-botellas","9":"product_cat-vasos-para-bebidas-frias","10":"product_cat-tarros-para-batidos","11":"product_cat-tarros-para-batidos-diametro-95-mm","13":"first","14":"instock","15":"taxable","16":"shipping-taxable","17":"purchasable","18":"product-type-simple"},"acf":[],"yoast_head":"<!-- This site is optimized with the Yoast SEO Premium plugin v26.6 (Yoast SEO v26.6) - https:\/\/yoast.com\/wordpress\/plugins\/seo\/ -->\n<title>Tarro de pl\u00e1stico reciclado 95\u00d8 rPET 300\/430 ml por 50<\/title>\n<meta name=\"description\" content=\"Tarrina de pl\u00e1stico de \u00d895 mm 300\/430 ml vendida en paquetes de 50. Ideal para postres, ensaladas y platos fr\u00edos. Pr\u00e1ctico, estable y adecuado para la venta para llevar.\" \/>\n<meta name=\"robots\" content=\"index, follow, max-snippet:-1, max-image-preview:large, max-video-preview:-1\" \/>\n<link rel=\"canonical\" href=\"https:\/\/www.csj-emballages.com\/es\/produit\/50-95o-rpet-tarros-de-plastico-reciclado-para-batidos-de-300-430-ml\/\" \/>\n<meta property=\"og:locale\" content=\"es_ES\" \/>\n<meta property=\"og:type\" content=\"article\" \/>\n<meta property=\"og:title\" content=\"Pote de pl\u00e1stico reciclado 95\u00d8 rPET 300\/430 ml por 50\" \/>\n<meta property=\"og:description\" content=\"Tarrina de pl\u00e1stico de \u00d895 mm 300\/430 ml vendida en paquetes de 50. Ideal para postres, ensaladas y platos fr\u00edos. Pr\u00e1ctico, estable y adecuado para la venta para llevar.\" \/>\n<meta property=\"og:url\" content=\"https:\/\/www.csj-emballages.com\/es\/produit\/50-95o-rpet-tarros-de-plastico-reciclado-para-batidos-de-300-430-ml\/\" \/>\n<meta property=\"og:site_name\" content=\"CSJ Emballages\" \/>\n<meta property=\"article:publisher\" content=\"https:\/\/www.facebook.com\/csjemballages\" \/>\n<meta property=\"article:modified_time\" content=\"2026-04-04T09:00:36+00:00\" \/>\n<meta property=\"og:image\" content=\"https:\/\/www.csj-emballages.com\/wp-content\/uploads\/2024\/03\/GM350CC.webp\" \/>\n\t<meta property=\"og:image:width\" content=\"800\" \/>\n\t<meta property=\"og:image:height\" content=\"800\" \/>\n\t<meta property=\"og:image:type\" content=\"image\/webp\" \/>\n<meta name=\"twitter:card\" content=\"summary_large_image\" \/>\n<meta name=\"twitter:label1\" content=\"Tiempo de lectura\" \/>\n\t<meta name=\"twitter:data1\" content=\"2 minutos\" \/>\n<script type=\"application\/ld+json\" class=\"yoast-schema-graph\">{\"@context\":\"https:\/\/schema.org\",\"@graph\":[{\"@type\":\"WebPage\",\"@id\":\"https:\/\/www.csj-emballages.com\/es\/produit\/50-95o-rpet-tarros-de-plastico-reciclado-para-batidos-de-300-430-ml\/\",\"url\":\"https:\/\/www.csj-emballages.com\/es\/produit\/50-95o-rpet-tarros-de-plastico-reciclado-para-batidos-de-300-430-ml\/\",\"name\":\"Tarro de pl\u00e1stico reciclado 95\u00d8 rPET 300\/430 ml por 50\",\"isPartOf\":{\"@id\":\"https:\/\/www.csj-emballages.com\/es\/#website\"},\"primaryImageOfPage\":{\"@id\":\"https:\/\/www.csj-emballages.com\/es\/produit\/50-95o-rpet-tarros-de-plastico-reciclado-para-batidos-de-300-430-ml\/#primaryimage\"},\"image\":{\"@id\":\"https:\/\/www.csj-emballages.com\/es\/produit\/50-95o-rpet-tarros-de-plastico-reciclado-para-batidos-de-300-430-ml\/#primaryimage\"},\"thumbnailUrl\":\"https:\/\/www.csj-emballages.com\/wp-content\/uploads\/2024\/03\/GM350CC.webp\",\"datePublished\":\"2024-03-01T15:53:20+00:00\",\"dateModified\":\"2026-04-04T09:00:36+00:00\",\"description\":\"Tarrina de pl\u00e1stico de \u00d895 mm 300\/430 ml vendida en paquetes de 50. Ideal para postres, ensaladas y platos fr\u00edos. Pr\u00e1ctico, estable y adecuado para la venta para llevar.\",\"breadcrumb\":{\"@id\":\"https:\/\/www.csj-emballages.com\/es\/produit\/50-95o-rpet-tarros-de-plastico-reciclado-para-batidos-de-300-430-ml\/#breadcrumb\"},\"inLanguage\":\"es\",\"potentialAction\":[{\"@type\":\"ReadAction\",\"target\":[\"https:\/\/www.csj-emballages.com\/es\/produit\/50-95o-rpet-tarros-de-plastico-reciclado-para-batidos-de-300-430-ml\/\"]}]},{\"@type\":\"ImageObject\",\"inLanguage\":\"es\",\"@id\":\"https:\/\/www.csj-emballages.com\/es\/produit\/50-95o-rpet-tarros-de-plastico-reciclado-para-batidos-de-300-430-ml\/#primaryimage\",\"url\":\"https:\/\/www.csj-emballages.com\/wp-content\/uploads\/2024\/03\/GM350CC.webp\",\"contentUrl\":\"https:\/\/www.csj-emballages.com\/wp-content\/uploads\/2024\/03\/GM350CC.webp\",\"width\":800,\"height\":800,\"caption\":\"pot plastique\"},{\"@type\":\"BreadcrumbList\",\"@id\":\"https:\/\/www.csj-emballages.com\/es\/produit\/50-95o-rpet-tarros-de-plastico-reciclado-para-batidos-de-300-430-ml\/#breadcrumb\",\"itemListElement\":[{\"@type\":\"ListItem\",\"position\":1,\"name\":\"Accueil\",\"item\":\"https:\/\/www.csj-emballages.com\/es\/universo-del-envasado-alimentario\/\"},{\"@type\":\"ListItem\",\"position\":2,\"name\":\"Tienda\",\"item\":\"https:\/\/www.csj-emballages.com\/tienda\/\"},{\"@type\":\"ListItem\",\"position\":3,\"name\":\"Pote de pl\u00e1stico reciclado 95\u00d8 rPET 300\/430 ml por 50\"}]},{\"@type\":\"WebSite\",\"@id\":\"https:\/\/www.csj-emballages.com\/es\/#website\",\"url\":\"https:\/\/www.csj-emballages.com\/es\/\",\"name\":\"CSJ Emballages\",\"description\":\"\",\"publisher\":{\"@id\":\"https:\/\/www.csj-emballages.com\/es\/#organization\"},\"potentialAction\":[{\"@type\":\"SearchAction\",\"target\":{\"@type\":\"EntryPoint\",\"urlTemplate\":\"https:\/\/www.csj-emballages.com\/es\/?s={search_term_string}\"},\"query-input\":{\"@type\":\"PropertyValueSpecification\",\"valueRequired\":true,\"valueName\":\"search_term_string\"}}],\"inLanguage\":\"es\"},{\"@type\":\"Organization\",\"@id\":\"https:\/\/www.csj-emballages.com\/es\/#Organization\/\",\"name\":\"CSJ Emballages\",\"url\":\"https:\/\/www.csj-emballages.com\/es\/\",\"logo\":{\"@type\":\"ImageObject\",\"inLanguage\":\"es\",\"@id\":\"https:\/\/www.csj-emballages.com\/es\/#\/schema\/logo\/image\/\",\"url\":\"https:\/\/www.csj-emballages.com\/wp-content\/uploads\/2023\/10\/logo_csj.webp\",\"contentUrl\":\"https:\/\/www.csj-emballages.com\/wp-content\/uploads\/2023\/10\/logo_csj.webp\",\"width\":250,\"height\":95,\"caption\":\"CSJ Emballages\"},\"image\":{\"@id\":\"https:\/\/www.csj-emballages.com\/es\/#\/schema\/logo\/image\/\"},\"sameAs\":[\"https:\/\/www.facebook.com\/csjemballages\"],\"address\":{\"@type\":\"PostalAddress\",\"streetAddress\":\"ZI La Lechere\",\"addressLocality\":\"Patornay\",\"postalCode\":\"39130\",\"addressCountry\":\"FR\"},\"contactPoint\":[{\"@type\":\"ContactPoint\",\"contactType\":\"Service client\",\"telephone\":\"0384254272\",\"email\":\"contact@csj-emballages.com\"}]}]}<\/script>\n<!-- \/ Yoast SEO Premium plugin. -->","yoast_head_json":{"title":"Tarro de pl\u00e1stico reciclado 95\u00d8 rPET 300\/430 ml por 50","description":"Tarrina de pl\u00e1stico de \u00d895 mm 300\/430 ml vendida en paquetes de 50. Ideal para postres, ensaladas y platos fr\u00edos. Pr\u00e1ctico, estable y adecuado para la venta para llevar.","robots":{"index":"index","follow":"follow","max-snippet":"max-snippet:-1","max-image-preview":"max-image-preview:large","max-video-preview":"max-video-preview:-1"},"canonical":"https:\/\/www.csj-emballages.com\/es\/produit\/50-95o-rpet-tarros-de-plastico-reciclado-para-batidos-de-300-430-ml\/","og_locale":"es_ES","og_type":"article","og_title":"Pote de pl\u00e1stico reciclado 95\u00d8 rPET 300\/430 ml por 50","og_description":"Tarrina de pl\u00e1stico de \u00d895 mm 300\/430 ml vendida en paquetes de 50. Ideal para postres, ensaladas y platos fr\u00edos. Pr\u00e1ctico, estable y adecuado para la venta para llevar.","og_url":"https:\/\/www.csj-emballages.com\/es\/produit\/50-95o-rpet-tarros-de-plastico-reciclado-para-batidos-de-300-430-ml\/","og_site_name":"CSJ Emballages","article_publisher":"https:\/\/www.facebook.com\/csjemballages","article_modified_time":"2026-04-04T09:00:36+00:00","og_image":[{"width":800,"height":800,"url":"https:\/\/www.csj-emballages.com\/wp-content\/uploads\/2024\/03\/GM350CC.webp","type":"image\/webp"}],"twitter_card":"summary_large_image","twitter_misc":{"Tiempo de lectura":"2 minutos"},"schema":{"@context":"https:\/\/schema.org","@graph":[{"@type":"WebPage","@id":"https:\/\/www.csj-emballages.com\/es\/produit\/50-95o-rpet-tarros-de-plastico-reciclado-para-batidos-de-300-430-ml\/","url":"https:\/\/www.csj-emballages.com\/es\/produit\/50-95o-rpet-tarros-de-plastico-reciclado-para-batidos-de-300-430-ml\/","name":"Tarro de pl\u00e1stico reciclado 95\u00d8 rPET 300\/430 ml por 50","isPartOf":{"@id":"https:\/\/www.csj-emballages.com\/es\/#website"},"primaryImageOfPage":{"@id":"https:\/\/www.csj-emballages.com\/es\/produit\/50-95o-rpet-tarros-de-plastico-reciclado-para-batidos-de-300-430-ml\/#primaryimage"},"image":{"@id":"https:\/\/www.csj-emballages.com\/es\/produit\/50-95o-rpet-tarros-de-plastico-reciclado-para-batidos-de-300-430-ml\/#primaryimage"},"thumbnailUrl":"https:\/\/www.csj-emballages.com\/wp-content\/uploads\/2024\/03\/GM350CC.webp","datePublished":"2024-03-01T15:53:20+00:00","dateModified":"2026-04-04T09:00:36+00:00","description":"Tarrina de pl\u00e1stico de \u00d895 mm 300\/430 ml vendida en paquetes de 50. Ideal para postres, ensaladas y platos fr\u00edos. Pr\u00e1ctico, estable y adecuado para la venta para llevar.","breadcrumb":{"@id":"https:\/\/www.csj-emballages.com\/es\/produit\/50-95o-rpet-tarros-de-plastico-reciclado-para-batidos-de-300-430-ml\/#breadcrumb"},"inLanguage":"es","potentialAction":[{"@type":"ReadAction","target":["https:\/\/www.csj-emballages.com\/es\/produit\/50-95o-rpet-tarros-de-plastico-reciclado-para-batidos-de-300-430-ml\/"]}]},{"@type":"ImageObject","inLanguage":"es","@id":"https:\/\/www.csj-emballages.com\/es\/produit\/50-95o-rpet-tarros-de-plastico-reciclado-para-batidos-de-300-430-ml\/#primaryimage","url":"https:\/\/www.csj-emballages.com\/wp-content\/uploads\/2024\/03\/GM350CC.webp","contentUrl":"https:\/\/www.csj-emballages.com\/wp-content\/uploads\/2024\/03\/GM350CC.webp","width":800,"height":800,"caption":"pot plastique"},{"@type":"BreadcrumbList","@id":"https:\/\/www.csj-emballages.com\/es\/produit\/50-95o-rpet-tarros-de-plastico-reciclado-para-batidos-de-300-430-ml\/#breadcrumb","itemListElement":[{"@type":"ListItem","position":1,"name":"Accueil","item":"https:\/\/www.csj-emballages.com\/es\/universo-del-envasado-alimentario\/"},{"@type":"ListItem","position":2,"name":"Tienda","item":"https:\/\/www.csj-emballages.com\/tienda\/"},{"@type":"ListItem","position":3,"name":"Pote de pl\u00e1stico reciclado 95\u00d8 rPET 300\/430 ml por 50"}]},{"@type":"WebSite","@id":"https:\/\/www.csj-emballages.com\/es\/#website","url":"https:\/\/www.csj-emballages.com\/es\/","name":"CSJ Emballages","description":"","publisher":{"@id":"https:\/\/www.csj-emballages.com\/es\/#organization"},"potentialAction":[{"@type":"SearchAction","target":{"@type":"EntryPoint","urlTemplate":"https:\/\/www.csj-emballages.com\/es\/?s={search_term_string}"},"query-input":{"@type":"PropertyValueSpecification","valueRequired":true,"valueName":"search_term_string"}}],"inLanguage":"es"},{"@type":"Organization","@id":"https:\/\/www.csj-emballages.com\/es\/#Organization\/","name":"CSJ Emballages","url":"https:\/\/www.csj-emballages.com\/es\/","logo":{"@type":"ImageObject","inLanguage":"es","@id":"https:\/\/www.csj-emballages.com\/es\/#\/schema\/logo\/image\/","url":"https:\/\/www.csj-emballages.com\/wp-content\/uploads\/2023\/10\/logo_csj.webp","contentUrl":"https:\/\/www.csj-emballages.com\/wp-content\/uploads\/2023\/10\/logo_csj.webp","width":250,"height":95,"caption":"CSJ Emballages"},"image":{"@id":"https:\/\/www.csj-emballages.com\/es\/#\/schema\/logo\/image\/"},"sameAs":["https:\/\/www.facebook.com\/csjemballages"],"address":{"@type":"PostalAddress","streetAddress":"ZI La Lechere","addressLocality":"Patornay","postalCode":"39130","addressCountry":"FR"},"contactPoint":[{"@type":"ContactPoint","contactType":"Service client","telephone":"0384254272","email":"contact@csj-emballages.com"}]}]}},"df_price":4.37,"df_sale_price":"","df_regular_price":4.37,"df_image_link":"https:\/\/www.csj-emballages.com\/wp-content\/uploads\/2024\/03\/GM350CC-300x300.webp","tiered_pricing_type":"fixed","tiered_pricing_fixed_rules":[],"tiered_pricing_percentage_rules":[],"tiered_pricing_minimum":1,"tiered_pricing_roles_data":[],"_links":{"self":[{"href":"https:\/\/www.csj-emballages.com\/es\/wp-json\/wp\/v2\/product\/21292","targetHints":{"allow":["GET"]}}],"collection":[{"href":"https:\/\/www.csj-emballages.com\/es\/wp-json\/wp\/v2\/product"}],"about":[{"href":"https:\/\/www.csj-emballages.com\/es\/wp-json\/wp\/v2\/types\/product"}],"wp:featuredmedia":[{"embeddable":true,"href":"https:\/\/www.csj-emballages.com\/es\/wp-json\/wp\/v2\/media\/194131"}],"wp:attachment":[{"href":"https:\/\/www.csj-emballages.com\/es\/wp-json\/wp\/v2\/media?parent=21292"}],"wp:term":[{"taxonomy":"product_brand","embeddable":true,"href":"https:\/\/www.csj-emballages.com\/es\/wp-json\/wp\/v2\/product_brand?post=21292"},{"taxonomy":"product_cat","embeddable":true,"href":"https:\/\/www.csj-emballages.com\/es\/wp-json\/wp\/v2\/product_cat?post=21292"},{"taxonomy":"product_tag","embeddable":true,"href":"https:\/\/www.csj-emballages.com\/es\/wp-json\/wp\/v2\/product_tag?post=21292"}],"curies":[{"name":"wp","href":"https:\/\/api.w.org\/{rel}","templated":true}]}}