{"id":21262,"date":"2024-03-01T16:53:19","date_gmt":"2024-03-01T15:53:19","guid":{"rendered":"https:\/\/u15jnbdpoq.preview.infomaniak.website\/produit\/78-tarros-de-plastico-para-fruta-te-de-burbujas-o95-rpet-300-ml\/"},"modified":"2026-03-12T16:26:13","modified_gmt":"2026-03-12T15:26:13","slug":"78-tarros-de-plastico-para-fruta-te-de-burbujas-o95-rpet-300-ml","status":"publish","type":"product","link":"https:\/\/www.csj-emballages.com\/es\/produit\/78-tarros-de-plastico-para-fruta-te-de-burbujas-o95-rpet-300-ml\/","title":{"rendered":"Vaso para frutas \/ bubble tea de pl\u00e1stico \u00d895 RPET 300 ml por 78"},"content":{"rendered":"<h2>Vaso para frutas<\/h2>\n<hr>\n<h3>Descubra nuestro vaso para frutas \/ bubble tea de pl\u00e1stico \u00d895 RPET 300 ml por 78<\/h3>\n<p><!--more--><\/p>\n<p data-start=\"260\" data-end=\"527\">El <strong>vaso para frutas \/ Bubble Tea de pl\u00e1stico \u00d895 RPET 300 ml<\/strong> es ideal para la presentaci\u00f3n y venta para llevar de frutas frescas, postres ligeros o bebidas tipo bubble tea. Pr\u00e1ctico y est\u00e9tico, realza perfectamente el contenido gracias a su total transparencia. <\/p>\n<p data-start=\"529\" data-end=\"844\">Fabricado en <strong>RPET<\/strong> (pl\u00e1stico reciclado), este <strong>vaso<\/strong> constituye una soluci\u00f3n m\u00e1s responsable a la vez que garantiza una excelente resistencia. Su <strong>capacidad de 300 ml<\/strong> es perfectamente adecuada para porciones individuales de frutas cortadas, ensaladas de frutas, yogures, batidos espesos o preparaciones a base de perlas de tapioca. <\/p>\n<p data-start=\"846\" data-end=\"1104\">Su <strong>di\u00e1metro de 95 mm<\/strong> permite un buen agarre y lo hace compatible con tapas adecuadas (<strong>vendidas por separado<\/strong>), especialmente para bebidas o para llevar. Su forma estable asegura un buen mantenimiento en vitrinas refrigeradas y durante el transporte. <\/p>\n<p data-start=\"1106\" data-end=\"1387\">Ideal para bares de zumos, comercios de <strong>frutas, snacks, panader\u00edas o conceptos de bubble tea<\/strong>, este <strong>vaso<\/strong> combina practicidad, visibilidad del producto e imagen moderna. Acondicionado en lotes de <strong>78 unidades<\/strong>, es perfecto para profesionales que buscan un envase fiable y de valor. <\/p>\n<p data-start=\"1106\" data-end=\"1387\">\n<p data-start=\"1106\" data-end=\"1387\"><!--more--><\/p>\n<p data-start=\"1106\" data-end=\"1387\"><strong><span style=\"color: #ff0000;\">*VASOS RESERVADOS PARA ALIMENTOS Y NO PARA BEBIDAS<\/span><\/strong><\/p>\n<p data-start=\"1106\" data-end=\"1387\">\n<p data-start=\"1106\" data-end=\"1387\"><!--more--><\/p>\n<h4>Ventajas :<\/h4>\n<ul>\n<li data-start=\"1425\" data-end=\"1479\">Capacidad <strong>300 ml<\/strong> ideal para porciones individuales.<\/li>\n<li data-start=\"1482\" data-end=\"1506\">Pl\u00e1stico RPET reciclado.<\/li>\n<li data-start=\"1509\" data-end=\"1558\">Transparencia \u00f3ptima para realzar el contenido.<\/li>\n<li data-start=\"1614\" data-end=\"1653\">Adecuado para <strong>frutas frescas y bubble tea<\/strong>.<\/li>\n<li data-start=\"1656\" data-end=\"1700\">Buena estabilidad en vitrina y transporte.<\/li>\n<li data-start=\"1703\" data-end=\"1734\">Ligero y pr\u00e1ctico de manipular.<\/li>\n<li data-start=\"1737\" data-end=\"1780\">Embalaje profesional por <strong>78 vasos<\/strong>.<\/li>\n<\/ul>\n<p>&nbsp;<\/p>\n<p><!--more--><\/p>\n<h4>Informaci\u00f3n adicional :<\/h4>\n<ul>\n<li><strong>Embalaje<\/strong>: Paquete de 78<\/li>\n<li><strong>Dimensiones<\/strong>: 95 x 74 (\u00d8 x h en mm)<\/li>\n<li><strong>Volumen<\/strong>: 300 ml<\/li>\n<li><strong>Di\u00e1metro<\/strong>: 95 mm<\/li>\n<li><strong>Material<\/strong>: RPET<\/li>\n<\/ul>\n<p>&nbsp;<\/p>\n<p><!--more--><\/p>\n<p><a href=\"https:\/\/www.csj-emballages.com\/es\/categorie-produit\/envasado-de-alimentos\/catering-es\/tazas-vasos-cubos-botellas\/vasos-para-bebidas-frias\/tarros-de-te-de-burbujas-termosellables\/\">Consulte el resto de nuestra gama de vasos termosellables para bubble tea<\/a><\/p>\n","protected":false},"excerpt":{"rendered":"<p>Vaso para frutas Descubra nuestro vaso para frutas \/ bubble tea de pl\u00e1stico \u00d895 RPET 300 ml por 78<\/p>\n","protected":false},"featured_media":264588,"template":"","meta":{"_acf_changed":false},"product_brand":[],"product_cat":[1150,1179,1462,1795,2726,1270],"product_tag":[],"class_list":{"0":"post-21262","1":"product","2":"type-product","3":"status-publish","4":"has-post-thumbnail","6":"product_cat-envasado-de-alimentos","7":"product_cat-catering-es","8":"product_cat-tazas-vasos-cubos-botellas","9":"product_cat-vasos-para-bebidas-frias","10":"product_cat-tarros-de-te-de-burbujas-termosellables","11":"product_cat-descuentos","13":"first","14":"instock","15":"sale","16":"taxable","17":"shipping-taxable","18":"purchasable","19":"product-type-simple"},"acf":[],"yoast_head":"<!-- This site is optimized with the Yoast SEO Premium plugin v26.6 (Yoast SEO v26.6) - https:\/\/yoast.com\/wordpress\/plugins\/seo\/ -->\n<title>Vaso para Frutas \/ Bubble Tea de Pl\u00e1stico \u00d895 RPET 300 ml por 78<\/title>\n<meta name=\"description\" content=\"Vaso para frutas \/ Bubble Tea \u00d895 RPET 300 ml por 78. Transparente y reciclable, ideal para frutas frescas y bebidas para llevar.\" \/>\n<meta name=\"robots\" content=\"index, follow, max-snippet:-1, max-image-preview:large, max-video-preview:-1\" \/>\n<link rel=\"canonical\" href=\"https:\/\/www.csj-emballages.com\/es\/produit\/78-tarros-de-plastico-para-fruta-te-de-burbujas-o95-rpet-300-ml\/\" \/>\n<meta property=\"og:locale\" content=\"es_ES\" \/>\n<meta property=\"og:type\" content=\"article\" \/>\n<meta property=\"og:title\" content=\"Vaso para frutas \/ bubble tea de pl\u00e1stico \u00d895 RPET 300 ml por 78\" \/>\n<meta property=\"og:description\" content=\"Vaso para frutas \/ Bubble Tea \u00d895 RPET 300 ml por 78. Transparente y reciclable, ideal para frutas frescas y bebidas para llevar.\" \/>\n<meta property=\"og:url\" content=\"https:\/\/www.csj-emballages.com\/es\/produit\/78-tarros-de-plastico-para-fruta-te-de-burbujas-o95-rpet-300-ml\/\" \/>\n<meta property=\"og:site_name\" content=\"CSJ Emballages\" \/>\n<meta property=\"article:publisher\" content=\"https:\/\/www.facebook.com\/csjemballages\" \/>\n<meta property=\"article:modified_time\" content=\"2026-03-12T15:26:13+00:00\" \/>\n<meta property=\"og:image\" content=\"https:\/\/www.csj-emballages.com\/wp-content\/uploads\/2024\/03\/GM350FRUIT.webp\" \/>\n\t<meta property=\"og:image:width\" content=\"800\" \/>\n\t<meta property=\"og:image:height\" content=\"800\" \/>\n\t<meta property=\"og:image:type\" content=\"image\/webp\" \/>\n<meta name=\"twitter:card\" content=\"summary_large_image\" \/>\n<meta name=\"twitter:label1\" content=\"Tiempo de lectura\" \/>\n\t<meta name=\"twitter:data1\" content=\"1 minuto\" \/>\n<script type=\"application\/ld+json\" class=\"yoast-schema-graph\">{\"@context\":\"https:\/\/schema.org\",\"@graph\":[{\"@type\":\"WebPage\",\"@id\":\"https:\/\/www.csj-emballages.com\/es\/produit\/78-tarros-de-plastico-para-fruta-te-de-burbujas-o95-rpet-300-ml\/\",\"url\":\"https:\/\/www.csj-emballages.com\/es\/produit\/78-tarros-de-plastico-para-fruta-te-de-burbujas-o95-rpet-300-ml\/\",\"name\":\"Vaso para Frutas \/ Bubble Tea de Pl\u00e1stico \u00d895 RPET 300 ml por 78\",\"isPartOf\":{\"@id\":\"https:\/\/www.csj-emballages.com\/es\/#website\"},\"primaryImageOfPage\":{\"@id\":\"https:\/\/www.csj-emballages.com\/es\/produit\/78-tarros-de-plastico-para-fruta-te-de-burbujas-o95-rpet-300-ml\/#primaryimage\"},\"image\":{\"@id\":\"https:\/\/www.csj-emballages.com\/es\/produit\/78-tarros-de-plastico-para-fruta-te-de-burbujas-o95-rpet-300-ml\/#primaryimage\"},\"thumbnailUrl\":\"https:\/\/www.csj-emballages.com\/wp-content\/uploads\/2024\/03\/GM350FRUIT.webp\",\"datePublished\":\"2024-03-01T15:53:19+00:00\",\"dateModified\":\"2026-03-12T15:26:13+00:00\",\"description\":\"Vaso para frutas \/ Bubble Tea \u00d895 RPET 300 ml por 78. Transparente y reciclable, ideal para frutas frescas y bebidas para llevar.\",\"breadcrumb\":{\"@id\":\"https:\/\/www.csj-emballages.com\/es\/produit\/78-tarros-de-plastico-para-fruta-te-de-burbujas-o95-rpet-300-ml\/#breadcrumb\"},\"inLanguage\":\"es\",\"potentialAction\":[{\"@type\":\"ReadAction\",\"target\":[\"https:\/\/www.csj-emballages.com\/es\/produit\/78-tarros-de-plastico-para-fruta-te-de-burbujas-o95-rpet-300-ml\/\"]}]},{\"@type\":\"ImageObject\",\"inLanguage\":\"es\",\"@id\":\"https:\/\/www.csj-emballages.com\/es\/produit\/78-tarros-de-plastico-para-fruta-te-de-burbujas-o95-rpet-300-ml\/#primaryimage\",\"url\":\"https:\/\/www.csj-emballages.com\/wp-content\/uploads\/2024\/03\/GM350FRUIT.webp\",\"contentUrl\":\"https:\/\/www.csj-emballages.com\/wp-content\/uploads\/2024\/03\/GM350FRUIT.webp\",\"width\":800,\"height\":800,\"caption\":\"Pot \u00e0 fruits\"},{\"@type\":\"BreadcrumbList\",\"@id\":\"https:\/\/www.csj-emballages.com\/es\/produit\/78-tarros-de-plastico-para-fruta-te-de-burbujas-o95-rpet-300-ml\/#breadcrumb\",\"itemListElement\":[{\"@type\":\"ListItem\",\"position\":1,\"name\":\"Accueil\",\"item\":\"https:\/\/www.csj-emballages.com\/es\/universo-del-envasado-alimentario\/\"},{\"@type\":\"ListItem\",\"position\":2,\"name\":\"Tienda\",\"item\":\"https:\/\/www.csj-emballages.com\/tienda\/\"},{\"@type\":\"ListItem\",\"position\":3,\"name\":\"Vaso para frutas \/ bubble tea de pl\u00e1stico \u00d895 RPET 300 ml por 78\"}]},{\"@type\":\"WebSite\",\"@id\":\"https:\/\/www.csj-emballages.com\/es\/#website\",\"url\":\"https:\/\/www.csj-emballages.com\/es\/\",\"name\":\"CSJ Emballages\",\"description\":\"\",\"publisher\":{\"@id\":\"https:\/\/www.csj-emballages.com\/es\/#organization\"},\"potentialAction\":[{\"@type\":\"SearchAction\",\"target\":{\"@type\":\"EntryPoint\",\"urlTemplate\":\"https:\/\/www.csj-emballages.com\/es\/?s={search_term_string}\"},\"query-input\":{\"@type\":\"PropertyValueSpecification\",\"valueRequired\":true,\"valueName\":\"search_term_string\"}}],\"inLanguage\":\"es\"},{\"@type\":\"Organization\",\"@id\":\"https:\/\/www.csj-emballages.com\/es\/#Organization\/\",\"name\":\"CSJ Emballages\",\"url\":\"https:\/\/www.csj-emballages.com\/es\/\",\"logo\":{\"@type\":\"ImageObject\",\"inLanguage\":\"es\",\"@id\":\"https:\/\/www.csj-emballages.com\/es\/#\/schema\/logo\/image\/\",\"url\":\"https:\/\/www.csj-emballages.com\/wp-content\/uploads\/2023\/10\/logo_csj.webp\",\"contentUrl\":\"https:\/\/www.csj-emballages.com\/wp-content\/uploads\/2023\/10\/logo_csj.webp\",\"width\":250,\"height\":95,\"caption\":\"CSJ Emballages\"},\"image\":{\"@id\":\"https:\/\/www.csj-emballages.com\/es\/#\/schema\/logo\/image\/\"},\"sameAs\":[\"https:\/\/www.facebook.com\/csjemballages\"],\"address\":{\"@type\":\"PostalAddress\",\"streetAddress\":\"ZI La Lechere\",\"addressLocality\":\"Patornay\",\"postalCode\":\"39130\",\"addressCountry\":\"FR\"},\"contactPoint\":[{\"@type\":\"ContactPoint\",\"contactType\":\"Service client\",\"telephone\":\"0384254272\",\"email\":\"contact@csj-emballages.com\"}]}]}<\/script>\n<!-- \/ Yoast SEO Premium plugin. -->","yoast_head_json":{"title":"Vaso para Frutas \/ Bubble Tea de Pl\u00e1stico \u00d895 RPET 300 ml por 78","description":"Vaso para frutas \/ Bubble Tea \u00d895 RPET 300 ml por 78. Transparente y reciclable, ideal para frutas frescas y bebidas para llevar.","robots":{"index":"index","follow":"follow","max-snippet":"max-snippet:-1","max-image-preview":"max-image-preview:large","max-video-preview":"max-video-preview:-1"},"canonical":"https:\/\/www.csj-emballages.com\/es\/produit\/78-tarros-de-plastico-para-fruta-te-de-burbujas-o95-rpet-300-ml\/","og_locale":"es_ES","og_type":"article","og_title":"Vaso para frutas \/ bubble tea de pl\u00e1stico \u00d895 RPET 300 ml por 78","og_description":"Vaso para frutas \/ Bubble Tea \u00d895 RPET 300 ml por 78. Transparente y reciclable, ideal para frutas frescas y bebidas para llevar.","og_url":"https:\/\/www.csj-emballages.com\/es\/produit\/78-tarros-de-plastico-para-fruta-te-de-burbujas-o95-rpet-300-ml\/","og_site_name":"CSJ Emballages","article_publisher":"https:\/\/www.facebook.com\/csjemballages","article_modified_time":"2026-03-12T15:26:13+00:00","og_image":[{"width":800,"height":800,"url":"https:\/\/www.csj-emballages.com\/wp-content\/uploads\/2024\/03\/GM350FRUIT.webp","type":"image\/webp"}],"twitter_card":"summary_large_image","twitter_misc":{"Tiempo de lectura":"1 minuto"},"schema":{"@context":"https:\/\/schema.org","@graph":[{"@type":"WebPage","@id":"https:\/\/www.csj-emballages.com\/es\/produit\/78-tarros-de-plastico-para-fruta-te-de-burbujas-o95-rpet-300-ml\/","url":"https:\/\/www.csj-emballages.com\/es\/produit\/78-tarros-de-plastico-para-fruta-te-de-burbujas-o95-rpet-300-ml\/","name":"Vaso para Frutas \/ Bubble Tea de Pl\u00e1stico \u00d895 RPET 300 ml por 78","isPartOf":{"@id":"https:\/\/www.csj-emballages.com\/es\/#website"},"primaryImageOfPage":{"@id":"https:\/\/www.csj-emballages.com\/es\/produit\/78-tarros-de-plastico-para-fruta-te-de-burbujas-o95-rpet-300-ml\/#primaryimage"},"image":{"@id":"https:\/\/www.csj-emballages.com\/es\/produit\/78-tarros-de-plastico-para-fruta-te-de-burbujas-o95-rpet-300-ml\/#primaryimage"},"thumbnailUrl":"https:\/\/www.csj-emballages.com\/wp-content\/uploads\/2024\/03\/GM350FRUIT.webp","datePublished":"2024-03-01T15:53:19+00:00","dateModified":"2026-03-12T15:26:13+00:00","description":"Vaso para frutas \/ Bubble Tea \u00d895 RPET 300 ml por 78. Transparente y reciclable, ideal para frutas frescas y bebidas para llevar.","breadcrumb":{"@id":"https:\/\/www.csj-emballages.com\/es\/produit\/78-tarros-de-plastico-para-fruta-te-de-burbujas-o95-rpet-300-ml\/#breadcrumb"},"inLanguage":"es","potentialAction":[{"@type":"ReadAction","target":["https:\/\/www.csj-emballages.com\/es\/produit\/78-tarros-de-plastico-para-fruta-te-de-burbujas-o95-rpet-300-ml\/"]}]},{"@type":"ImageObject","inLanguage":"es","@id":"https:\/\/www.csj-emballages.com\/es\/produit\/78-tarros-de-plastico-para-fruta-te-de-burbujas-o95-rpet-300-ml\/#primaryimage","url":"https:\/\/www.csj-emballages.com\/wp-content\/uploads\/2024\/03\/GM350FRUIT.webp","contentUrl":"https:\/\/www.csj-emballages.com\/wp-content\/uploads\/2024\/03\/GM350FRUIT.webp","width":800,"height":800,"caption":"Pot \u00e0 fruits"},{"@type":"BreadcrumbList","@id":"https:\/\/www.csj-emballages.com\/es\/produit\/78-tarros-de-plastico-para-fruta-te-de-burbujas-o95-rpet-300-ml\/#breadcrumb","itemListElement":[{"@type":"ListItem","position":1,"name":"Accueil","item":"https:\/\/www.csj-emballages.com\/es\/universo-del-envasado-alimentario\/"},{"@type":"ListItem","position":2,"name":"Tienda","item":"https:\/\/www.csj-emballages.com\/tienda\/"},{"@type":"ListItem","position":3,"name":"Vaso para frutas \/ bubble tea de pl\u00e1stico \u00d895 RPET 300 ml por 78"}]},{"@type":"WebSite","@id":"https:\/\/www.csj-emballages.com\/es\/#website","url":"https:\/\/www.csj-emballages.com\/es\/","name":"CSJ Emballages","description":"","publisher":{"@id":"https:\/\/www.csj-emballages.com\/es\/#organization"},"potentialAction":[{"@type":"SearchAction","target":{"@type":"EntryPoint","urlTemplate":"https:\/\/www.csj-emballages.com\/es\/?s={search_term_string}"},"query-input":{"@type":"PropertyValueSpecification","valueRequired":true,"valueName":"search_term_string"}}],"inLanguage":"es"},{"@type":"Organization","@id":"https:\/\/www.csj-emballages.com\/es\/#Organization\/","name":"CSJ Emballages","url":"https:\/\/www.csj-emballages.com\/es\/","logo":{"@type":"ImageObject","inLanguage":"es","@id":"https:\/\/www.csj-emballages.com\/es\/#\/schema\/logo\/image\/","url":"https:\/\/www.csj-emballages.com\/wp-content\/uploads\/2023\/10\/logo_csj.webp","contentUrl":"https:\/\/www.csj-emballages.com\/wp-content\/uploads\/2023\/10\/logo_csj.webp","width":250,"height":95,"caption":"CSJ Emballages"},"image":{"@id":"https:\/\/www.csj-emballages.com\/es\/#\/schema\/logo\/image\/"},"sameAs":["https:\/\/www.facebook.com\/csjemballages"],"address":{"@type":"PostalAddress","streetAddress":"ZI La Lechere","addressLocality":"Patornay","postalCode":"39130","addressCountry":"FR"},"contactPoint":[{"@type":"ContactPoint","contactType":"Service client","telephone":"0384254272","email":"contact@csj-emballages.com"}]}]}},"df_price":5.18,"df_sale_price":5.18,"df_regular_price":6.48,"df_image_link":"https:\/\/www.csj-emballages.com\/wp-content\/uploads\/2024\/03\/GM350FRUIT-300x300.webp","tiered_pricing_type":"fixed","tiered_pricing_fixed_rules":[],"tiered_pricing_percentage_rules":[],"tiered_pricing_minimum":1,"tiered_pricing_roles_data":[],"_links":{"self":[{"href":"https:\/\/www.csj-emballages.com\/es\/wp-json\/wp\/v2\/product\/21262","targetHints":{"allow":["GET"]}}],"collection":[{"href":"https:\/\/www.csj-emballages.com\/es\/wp-json\/wp\/v2\/product"}],"about":[{"href":"https:\/\/www.csj-emballages.com\/es\/wp-json\/wp\/v2\/types\/product"}],"wp:featuredmedia":[{"embeddable":true,"href":"https:\/\/www.csj-emballages.com\/es\/wp-json\/wp\/v2\/media\/264588"}],"wp:attachment":[{"href":"https:\/\/www.csj-emballages.com\/es\/wp-json\/wp\/v2\/media?parent=21262"}],"wp:term":[{"taxonomy":"product_brand","embeddable":true,"href":"https:\/\/www.csj-emballages.com\/es\/wp-json\/wp\/v2\/product_brand?post=21262"},{"taxonomy":"product_cat","embeddable":true,"href":"https:\/\/www.csj-emballages.com\/es\/wp-json\/wp\/v2\/product_cat?post=21262"},{"taxonomy":"product_tag","embeddable":true,"href":"https:\/\/www.csj-emballages.com\/es\/wp-json\/wp\/v2\/product_tag?post=21262"}],"curies":[{"name":"wp","href":"https:\/\/api.w.org\/{rel}","templated":true}]}}