{"id":21138,"date":"2024-03-01T16:53:26","date_gmt":"2024-03-01T15:53:26","guid":{"rendered":"https:\/\/u15jnbdpoq.preview.infomaniak.website\/produit\/50-78o-tarros-de-rpet-reciclado-para-batidos-25-30-cl\/"},"modified":"2026-04-04T02:12:52","modified_gmt":"2026-04-04T00:12:52","slug":"50-78o-tarros-de-rpet-reciclado-para-batidos-25-30-cl","status":"publish","type":"product","link":"https:\/\/www.csj-emballages.com\/es\/produit\/50-78o-tarros-de-rpet-reciclado-para-batidos-25-30-cl\/","title":{"rendered":"Tarro de pl\u00e1stico reciclado 78\u00d8 RPET 25 \/ 30 cl por 50"},"content":{"rendered":"<h2>Bote de pl\u00e1stico<\/h2>\n<hr>\n<h3>Descubra nuestro tarro de pl\u00e1stico reciclado 78\u00d8 RPET, 25 \/ 30 cl, paquete de 50.<\/h3>\n<p><!--more--><\/p>\n<div style=\"font-family: Roboto, sans-serif;\">\n<div style=\"font-family: Roboto, sans-serif;\">\n<div style=\"font-family: Roboto, sans-serif;\">\n<div style=\"text-align: center;\">\n<div style=\"font-family: Roboto, sans-serif;\">\n<div style=\"font-family: Roboto, sans-serif;\">\n<div style=\"font-family: Roboto, sans-serif;\">\n<div style=\"font-family: Roboto, sans-serif;\">\n<div style=\"font-family: Roboto, sans-serif;\">\n<div style=\"font-family: Roboto, sans-serif; text-align: left;\">\n<p data-start=\"289\" data-end=\"770\">Este <strong>tarro de pl\u00e1stico reciclado<\/strong> <strong data-start=\"314\" data-end=\"326\">RPET de 78\u00d8<\/strong> tiene todo lo que necesitas si buscas un recipiente transparente, ligero y comprometido. <strong>Transparente<\/strong> como el cristal, pero mucho m\u00e1s resistente, le permite presentar sus bebidas y preparaciones de forma limpia y apetitosa. Gracias a su doble calibre <strong>de 25 \/ 30 cl<\/strong>, podr\u00e1 dosificar f\u00e1cilmente seg\u00fan sus necesidades: un peque\u00f1o vaso refrescante, una bebida un poco m\u00e1s generosa o incluso una porci\u00f3n individual de postre: todo cabe con naturalidad. <\/p>\n<p data-start=\"772\" data-end=\"1087\">Fabricado con <strong data-start=\"784\" data-end=\"792\">RPET<\/strong> <strong>(pl\u00e1stico reciclado<\/strong>), aporta una dimensi\u00f3n m\u00e1s responsable a su servicio. Conserva la practicidad del pl\u00e1stico al tiempo que reduce el impacto medioambiental. Es ideal para los profesionales que quieren ofrecer productos desechables sin dar la espalda a la ecorresponsabilidad.  <\/p>\n<p data-start=\"1089\" data-end=\"1450\">Su rigidez es una verdadera ventaja: no hay paredes que se aplasten, ni deformaciones al servir. Tanto si preparas un <strong>batido,<\/strong> un <strong>zumo<\/strong>, una <strong>macedonia<\/strong> o una comida para llevar, el <strong>tarro<\/strong> permanece estable y c\u00f3modo de sujetar. Y como se vende <strong data-start=\"1375\" data-end=\"1385\">en paquetes de 50 unidades<\/strong>, dispondr\u00e1 de un pr\u00e1ctico stock que no es ni demasiado peque\u00f1o ni demasiado voluminoso.  <\/p>\n<p data-start=\"1452\" data-end=\"1693\">Este <strong>tarro<\/strong> puede utilizarse para comida r\u00e1pida, eventos, puestos de bebidas, panader\u00edas y empresas. Su <strong>transparencia<\/strong> resalta el contenido, dando una impresi\u00f3n inmediata, m\u00e1s pulida y profesional. <\/p>\n<p data-start=\"1452\" data-end=\"1693\">\n<p><!--more--><\/p>\n<p><span style=\"font-weight: bold; color: #ff0000;\">COCINAS RESERVADAS PARA COMIDA Y NO PARA BEBIDA ( Francia )<\/span><\/p>\n<\/div>\n<\/div>\n<\/div>\n<\/div>\n<\/div>\n<\/div>\n<\/div>\n<\/div>\n<\/div>\n<\/div>\n<p>&nbsp;<\/p>\n<p><!--more--><\/p>\n<h4>Ventajas :<\/h4>\n<ul>\n<li data-start=\"1721\" data-end=\"1766\">Fabricado con <strong>RPET reciclado<\/strong> m\u00e1s responsable.<\/li>\n<li data-start=\"1769\" data-end=\"1817\">Calibre doble <strong>25 \/ 30 cl<\/strong> para adaptar el servicio.<\/li>\n<li data-start=\"1820\" data-end=\"1861\">Muy buena rigidez, no se deforma.<\/li>\n<li data-start=\"1864\" data-end=\"1926\">Transparente, ideal para realzar bebidas y postres.<\/li>\n<li data-start=\"1929\" data-end=\"1971\">Paquete de <strong>50<\/strong>, perfecto para uso regular.<\/li>\n<\/ul>\n<p>&nbsp;<\/p>\n<p><!--more--><\/p>\n<h4>Informaci\u00f3n adicional :<\/h4>\n<ul>\n<li><strong>Envase<\/strong>: Paquete de 50<\/li>\n<li><strong>Dimensiones<\/strong>: 78 mm x 115 mm ( \u00d8 x H )<\/li>\n<li><strong>Volumen<\/strong>: 25 cl hasta la l\u00ednea \/ 30 cl hasta el borde<\/li>\n<li><strong>Material<\/strong>: RPET pl\u00e1stico RECICLADO<\/li>\n<\/ul>\n<p>&nbsp;<\/p>\n<p><!--more--><\/p>\n<p>Este tarro de pl\u00e1stico tambi\u00e9n est\u00e1 disponible en 20 \/ 27 cl : <span style=\"color: #d12727;\"><a style=\"color: #d12727;\" href=\"https:\/\/www.csj-emballages.com\/es\/produit\/50-tarros-para-batidos-reciclados-78o-rpet-20-27-cl\/\">GM2025<\/a><\/span><\/p>\n<p>&nbsp;<\/p>\n<p><!--more--><\/p>\n<p><a href=\"https:\/\/www.csj-emballages.com\/es\/categorie-produit\/envasado-de-alimentos\/catering-es\/tazas-vasos-cubos-botellas\/vasos-para-bebidas-frias\/tarros-para-batidos\/tarros-para-batidos-diametro-78-mm\/\">Ver el resto de nuestra gama de tarros para batidos de 78 mm de di\u00e1metro<\/a><\/p>\n","protected":false},"excerpt":{"rendered":"<p>Bote de pl\u00e1stico Descubra nuestro tarro de pl\u00e1stico reciclado 78\u00d8 RPET, 25 \/ 30 cl, paquete de 50.<\/p>\n","protected":false},"featured_media":190766,"template":"","meta":{"_acf_changed":false},"product_brand":[],"product_cat":[1150,1179,1462,1795,2538,2542],"product_tag":[],"class_list":{"0":"post-21138","1":"product","2":"type-product","3":"status-publish","4":"has-post-thumbnail","6":"product_cat-envasado-de-alimentos","7":"product_cat-catering-es","8":"product_cat-tazas-vasos-cubos-botellas","9":"product_cat-vasos-para-bebidas-frias","10":"product_cat-tarros-para-batidos","11":"product_cat-tarros-para-batidos-diametro-78-mm","13":"first","14":"instock","15":"taxable","16":"shipping-taxable","17":"purchasable","18":"product-type-simple"},"acf":[],"yoast_head":"<!-- This site is optimized with the Yoast SEO Premium plugin v26.6 (Yoast SEO v26.6) - https:\/\/yoast.com\/wordpress\/plugins\/seo\/ -->\n<title>Tarro de pl\u00e1stico reciclado 78\u00d8 RPET 25 \/ 30 cl por 50<\/title>\n<meta name=\"description\" content=\"Tarrina de pl\u00e1stico reciclado 78\u00d8 RPET, de 25\/30 cl de capacidad, vendida en paquetes de 50 unidades. R\u00edgido, transparente y ecol\u00f3gico, ideal para bebidas fr\u00edas y postres para llevar.\" \/>\n<meta name=\"robots\" content=\"index, follow, max-snippet:-1, max-image-preview:large, max-video-preview:-1\" \/>\n<link rel=\"canonical\" href=\"https:\/\/www.csj-emballages.com\/es\/produit\/50-78o-tarros-de-rpet-reciclado-para-batidos-25-30-cl\/\" \/>\n<meta property=\"og:locale\" content=\"es_ES\" \/>\n<meta property=\"og:type\" content=\"article\" \/>\n<meta property=\"og:title\" content=\"Tarro de pl\u00e1stico reciclado 78\u00d8 RPET 25 \/ 30 cl por 50\" \/>\n<meta property=\"og:description\" content=\"Tarrina de pl\u00e1stico reciclado 78\u00d8 RPET, de 25\/30 cl de capacidad, vendida en paquetes de 50 unidades. R\u00edgido, transparente y ecol\u00f3gico, ideal para bebidas fr\u00edas y postres para llevar.\" \/>\n<meta property=\"og:url\" content=\"https:\/\/www.csj-emballages.com\/es\/produit\/50-78o-tarros-de-rpet-reciclado-para-batidos-25-30-cl\/\" \/>\n<meta property=\"og:site_name\" content=\"CSJ Emballages\" \/>\n<meta property=\"article:publisher\" content=\"https:\/\/www.facebook.com\/csjemballages\" \/>\n<meta property=\"article:modified_time\" content=\"2026-04-04T00:12:52+00:00\" \/>\n<meta property=\"og:image\" content=\"https:\/\/www.csj-emballages.com\/wp-content\/uploads\/2024\/03\/GM2533.webp\" \/>\n\t<meta property=\"og:image:width\" content=\"797\" \/>\n\t<meta property=\"og:image:height\" content=\"797\" \/>\n\t<meta property=\"og:image:type\" content=\"image\/webp\" \/>\n<meta name=\"twitter:card\" content=\"summary_large_image\" \/>\n<meta name=\"twitter:label1\" content=\"Tiempo de lectura\" \/>\n\t<meta name=\"twitter:data1\" content=\"2 minutos\" \/>\n<script type=\"application\/ld+json\" class=\"yoast-schema-graph\">{\"@context\":\"https:\/\/schema.org\",\"@graph\":[{\"@type\":\"WebPage\",\"@id\":\"https:\/\/www.csj-emballages.com\/es\/produit\/50-78o-tarros-de-rpet-reciclado-para-batidos-25-30-cl\/\",\"url\":\"https:\/\/www.csj-emballages.com\/es\/produit\/50-78o-tarros-de-rpet-reciclado-para-batidos-25-30-cl\/\",\"name\":\"Tarro de pl\u00e1stico reciclado 78\u00d8 RPET 25 \/ 30 cl por 50\",\"isPartOf\":{\"@id\":\"https:\/\/www.csj-emballages.com\/es\/#website\"},\"primaryImageOfPage\":{\"@id\":\"https:\/\/www.csj-emballages.com\/es\/produit\/50-78o-tarros-de-rpet-reciclado-para-batidos-25-30-cl\/#primaryimage\"},\"image\":{\"@id\":\"https:\/\/www.csj-emballages.com\/es\/produit\/50-78o-tarros-de-rpet-reciclado-para-batidos-25-30-cl\/#primaryimage\"},\"thumbnailUrl\":\"https:\/\/www.csj-emballages.com\/wp-content\/uploads\/2024\/03\/GM2533.webp\",\"datePublished\":\"2024-03-01T15:53:26+00:00\",\"dateModified\":\"2026-04-04T00:12:52+00:00\",\"description\":\"Tarrina de pl\u00e1stico reciclado 78\u00d8 RPET, de 25\/30 cl de capacidad, vendida en paquetes de 50 unidades. R\u00edgido, transparente y ecol\u00f3gico, ideal para bebidas fr\u00edas y postres para llevar.\",\"breadcrumb\":{\"@id\":\"https:\/\/www.csj-emballages.com\/es\/produit\/50-78o-tarros-de-rpet-reciclado-para-batidos-25-30-cl\/#breadcrumb\"},\"inLanguage\":\"es\",\"potentialAction\":[{\"@type\":\"ReadAction\",\"target\":[\"https:\/\/www.csj-emballages.com\/es\/produit\/50-78o-tarros-de-rpet-reciclado-para-batidos-25-30-cl\/\"]}]},{\"@type\":\"ImageObject\",\"inLanguage\":\"es\",\"@id\":\"https:\/\/www.csj-emballages.com\/es\/produit\/50-78o-tarros-de-rpet-reciclado-para-batidos-25-30-cl\/#primaryimage\",\"url\":\"https:\/\/www.csj-emballages.com\/wp-content\/uploads\/2024\/03\/GM2533.webp\",\"contentUrl\":\"https:\/\/www.csj-emballages.com\/wp-content\/uploads\/2024\/03\/GM2533.webp\",\"width\":797,\"height\":797,\"caption\":\"Pot plastique\"},{\"@type\":\"BreadcrumbList\",\"@id\":\"https:\/\/www.csj-emballages.com\/es\/produit\/50-78o-tarros-de-rpet-reciclado-para-batidos-25-30-cl\/#breadcrumb\",\"itemListElement\":[{\"@type\":\"ListItem\",\"position\":1,\"name\":\"Accueil\",\"item\":\"https:\/\/www.csj-emballages.com\/es\/universo-del-envasado-alimentario\/\"},{\"@type\":\"ListItem\",\"position\":2,\"name\":\"Tienda\",\"item\":\"https:\/\/www.csj-emballages.com\/tienda\/\"},{\"@type\":\"ListItem\",\"position\":3,\"name\":\"Tarro de pl\u00e1stico reciclado 78\u00d8 RPET 25 \/ 30 cl por 50\"}]},{\"@type\":\"WebSite\",\"@id\":\"https:\/\/www.csj-emballages.com\/es\/#website\",\"url\":\"https:\/\/www.csj-emballages.com\/es\/\",\"name\":\"CSJ Emballages\",\"description\":\"\",\"publisher\":{\"@id\":\"https:\/\/www.csj-emballages.com\/es\/#organization\"},\"potentialAction\":[{\"@type\":\"SearchAction\",\"target\":{\"@type\":\"EntryPoint\",\"urlTemplate\":\"https:\/\/www.csj-emballages.com\/es\/?s={search_term_string}\"},\"query-input\":{\"@type\":\"PropertyValueSpecification\",\"valueRequired\":true,\"valueName\":\"search_term_string\"}}],\"inLanguage\":\"es\"},{\"@type\":\"Organization\",\"@id\":\"https:\/\/www.csj-emballages.com\/es\/#Organization\/\",\"name\":\"CSJ Emballages\",\"url\":\"https:\/\/www.csj-emballages.com\/es\/\",\"logo\":{\"@type\":\"ImageObject\",\"inLanguage\":\"es\",\"@id\":\"https:\/\/www.csj-emballages.com\/es\/#\/schema\/logo\/image\/\",\"url\":\"https:\/\/www.csj-emballages.com\/wp-content\/uploads\/2023\/10\/logo_csj.webp\",\"contentUrl\":\"https:\/\/www.csj-emballages.com\/wp-content\/uploads\/2023\/10\/logo_csj.webp\",\"width\":250,\"height\":95,\"caption\":\"CSJ Emballages\"},\"image\":{\"@id\":\"https:\/\/www.csj-emballages.com\/es\/#\/schema\/logo\/image\/\"},\"sameAs\":[\"https:\/\/www.facebook.com\/csjemballages\"],\"address\":{\"@type\":\"PostalAddress\",\"streetAddress\":\"ZI La Lechere\",\"addressLocality\":\"Patornay\",\"postalCode\":\"39130\",\"addressCountry\":\"FR\"},\"contactPoint\":[{\"@type\":\"ContactPoint\",\"contactType\":\"Service client\",\"telephone\":\"0384254272\",\"email\":\"contact@csj-emballages.com\"}]}]}<\/script>\n<!-- \/ Yoast SEO Premium plugin. -->","yoast_head_json":{"title":"Tarro de pl\u00e1stico reciclado 78\u00d8 RPET 25 \/ 30 cl por 50","description":"Tarrina de pl\u00e1stico reciclado 78\u00d8 RPET, de 25\/30 cl de capacidad, vendida en paquetes de 50 unidades. R\u00edgido, transparente y ecol\u00f3gico, ideal para bebidas fr\u00edas y postres para llevar.","robots":{"index":"index","follow":"follow","max-snippet":"max-snippet:-1","max-image-preview":"max-image-preview:large","max-video-preview":"max-video-preview:-1"},"canonical":"https:\/\/www.csj-emballages.com\/es\/produit\/50-78o-tarros-de-rpet-reciclado-para-batidos-25-30-cl\/","og_locale":"es_ES","og_type":"article","og_title":"Tarro de pl\u00e1stico reciclado 78\u00d8 RPET 25 \/ 30 cl por 50","og_description":"Tarrina de pl\u00e1stico reciclado 78\u00d8 RPET, de 25\/30 cl de capacidad, vendida en paquetes de 50 unidades. R\u00edgido, transparente y ecol\u00f3gico, ideal para bebidas fr\u00edas y postres para llevar.","og_url":"https:\/\/www.csj-emballages.com\/es\/produit\/50-78o-tarros-de-rpet-reciclado-para-batidos-25-30-cl\/","og_site_name":"CSJ Emballages","article_publisher":"https:\/\/www.facebook.com\/csjemballages","article_modified_time":"2026-04-04T00:12:52+00:00","og_image":[{"width":797,"height":797,"url":"https:\/\/www.csj-emballages.com\/wp-content\/uploads\/2024\/03\/GM2533.webp","type":"image\/webp"}],"twitter_card":"summary_large_image","twitter_misc":{"Tiempo de lectura":"2 minutos"},"schema":{"@context":"https:\/\/schema.org","@graph":[{"@type":"WebPage","@id":"https:\/\/www.csj-emballages.com\/es\/produit\/50-78o-tarros-de-rpet-reciclado-para-batidos-25-30-cl\/","url":"https:\/\/www.csj-emballages.com\/es\/produit\/50-78o-tarros-de-rpet-reciclado-para-batidos-25-30-cl\/","name":"Tarro de pl\u00e1stico reciclado 78\u00d8 RPET 25 \/ 30 cl por 50","isPartOf":{"@id":"https:\/\/www.csj-emballages.com\/es\/#website"},"primaryImageOfPage":{"@id":"https:\/\/www.csj-emballages.com\/es\/produit\/50-78o-tarros-de-rpet-reciclado-para-batidos-25-30-cl\/#primaryimage"},"image":{"@id":"https:\/\/www.csj-emballages.com\/es\/produit\/50-78o-tarros-de-rpet-reciclado-para-batidos-25-30-cl\/#primaryimage"},"thumbnailUrl":"https:\/\/www.csj-emballages.com\/wp-content\/uploads\/2024\/03\/GM2533.webp","datePublished":"2024-03-01T15:53:26+00:00","dateModified":"2026-04-04T00:12:52+00:00","description":"Tarrina de pl\u00e1stico reciclado 78\u00d8 RPET, de 25\/30 cl de capacidad, vendida en paquetes de 50 unidades. R\u00edgido, transparente y ecol\u00f3gico, ideal para bebidas fr\u00edas y postres para llevar.","breadcrumb":{"@id":"https:\/\/www.csj-emballages.com\/es\/produit\/50-78o-tarros-de-rpet-reciclado-para-batidos-25-30-cl\/#breadcrumb"},"inLanguage":"es","potentialAction":[{"@type":"ReadAction","target":["https:\/\/www.csj-emballages.com\/es\/produit\/50-78o-tarros-de-rpet-reciclado-para-batidos-25-30-cl\/"]}]},{"@type":"ImageObject","inLanguage":"es","@id":"https:\/\/www.csj-emballages.com\/es\/produit\/50-78o-tarros-de-rpet-reciclado-para-batidos-25-30-cl\/#primaryimage","url":"https:\/\/www.csj-emballages.com\/wp-content\/uploads\/2024\/03\/GM2533.webp","contentUrl":"https:\/\/www.csj-emballages.com\/wp-content\/uploads\/2024\/03\/GM2533.webp","width":797,"height":797,"caption":"Pot plastique"},{"@type":"BreadcrumbList","@id":"https:\/\/www.csj-emballages.com\/es\/produit\/50-78o-tarros-de-rpet-reciclado-para-batidos-25-30-cl\/#breadcrumb","itemListElement":[{"@type":"ListItem","position":1,"name":"Accueil","item":"https:\/\/www.csj-emballages.com\/es\/universo-del-envasado-alimentario\/"},{"@type":"ListItem","position":2,"name":"Tienda","item":"https:\/\/www.csj-emballages.com\/tienda\/"},{"@type":"ListItem","position":3,"name":"Tarro de pl\u00e1stico reciclado 78\u00d8 RPET 25 \/ 30 cl por 50"}]},{"@type":"WebSite","@id":"https:\/\/www.csj-emballages.com\/es\/#website","url":"https:\/\/www.csj-emballages.com\/es\/","name":"CSJ Emballages","description":"","publisher":{"@id":"https:\/\/www.csj-emballages.com\/es\/#organization"},"potentialAction":[{"@type":"SearchAction","target":{"@type":"EntryPoint","urlTemplate":"https:\/\/www.csj-emballages.com\/es\/?s={search_term_string}"},"query-input":{"@type":"PropertyValueSpecification","valueRequired":true,"valueName":"search_term_string"}}],"inLanguage":"es"},{"@type":"Organization","@id":"https:\/\/www.csj-emballages.com\/es\/#Organization\/","name":"CSJ Emballages","url":"https:\/\/www.csj-emballages.com\/es\/","logo":{"@type":"ImageObject","inLanguage":"es","@id":"https:\/\/www.csj-emballages.com\/es\/#\/schema\/logo\/image\/","url":"https:\/\/www.csj-emballages.com\/wp-content\/uploads\/2023\/10\/logo_csj.webp","contentUrl":"https:\/\/www.csj-emballages.com\/wp-content\/uploads\/2023\/10\/logo_csj.webp","width":250,"height":95,"caption":"CSJ Emballages"},"image":{"@id":"https:\/\/www.csj-emballages.com\/es\/#\/schema\/logo\/image\/"},"sameAs":["https:\/\/www.facebook.com\/csjemballages"],"address":{"@type":"PostalAddress","streetAddress":"ZI La Lechere","addressLocality":"Patornay","postalCode":"39130","addressCountry":"FR"},"contactPoint":[{"@type":"ContactPoint","contactType":"Service client","telephone":"0384254272","email":"contact@csj-emballages.com"}]}]}},"df_price":2.89,"df_sale_price":"","df_regular_price":2.89,"df_image_link":"https:\/\/www.csj-emballages.com\/wp-content\/uploads\/2024\/03\/GM2533-300x300.webp","tiered_pricing_type":"fixed","tiered_pricing_fixed_rules":[],"tiered_pricing_percentage_rules":[],"tiered_pricing_minimum":1,"tiered_pricing_roles_data":[],"_links":{"self":[{"href":"https:\/\/www.csj-emballages.com\/es\/wp-json\/wp\/v2\/product\/21138","targetHints":{"allow":["GET"]}}],"collection":[{"href":"https:\/\/www.csj-emballages.com\/es\/wp-json\/wp\/v2\/product"}],"about":[{"href":"https:\/\/www.csj-emballages.com\/es\/wp-json\/wp\/v2\/types\/product"}],"wp:featuredmedia":[{"embeddable":true,"href":"https:\/\/www.csj-emballages.com\/es\/wp-json\/wp\/v2\/media\/190766"}],"wp:attachment":[{"href":"https:\/\/www.csj-emballages.com\/es\/wp-json\/wp\/v2\/media?parent=21138"}],"wp:term":[{"taxonomy":"product_brand","embeddable":true,"href":"https:\/\/www.csj-emballages.com\/es\/wp-json\/wp\/v2\/product_brand?post=21138"},{"taxonomy":"product_cat","embeddable":true,"href":"https:\/\/www.csj-emballages.com\/es\/wp-json\/wp\/v2\/product_cat?post=21138"},{"taxonomy":"product_tag","embeddable":true,"href":"https:\/\/www.csj-emballages.com\/es\/wp-json\/wp\/v2\/product_tag?post=21138"}],"curies":[{"name":"wp","href":"https:\/\/api.w.org\/{rel}","templated":true}]}}