{"id":21099,"date":"2024-03-01T16:53:28","date_gmt":"2024-03-01T15:53:28","guid":{"rendered":"https:\/\/u15jnbdpoq.preview.infomaniak.website\/produit\/8-vasos-de-papel-cest-la-fete-20-cl\/"},"modified":"2026-04-14T02:16:48","modified_gmt":"2026-04-14T00:16:48","slug":"8-vasos-de-papel-cest-la-fete-20-cl","status":"publish","type":"product","link":"https:\/\/www.csj-emballages.com\/es\/produit\/8-vasos-de-papel-cest-la-fete-20-cl\/","title":{"rendered":"Vaso de cart\u00f3n \u00abes la fiesta\u00bb 20 cl por 8"},"content":{"rendered":"<h2>Vaso de cart\u00f3n<\/h2>\n<hr>\n<h3>Vaso de cart\u00f3n \u00abes la fiesta\u00bb 20 cl por 8<\/h3>\n<p><!--more--><\/p>\n<p data-start=\"80\" data-end=\"333\">Aporte un ambiente festivo a sus bebidas con este <strong>vaso de cart\u00f3n<\/strong> de dise\u00f1o \u00fanico y acogedor. Con su elegante fondo negro salpicado de toques dorados y su mensaje \u201c<strong>Es la fiesta<\/strong>\u201d, convierte cada servicio en un aut\u00e9ntico momento de convivencia. <\/p>\n<p data-start=\"335\" data-end=\"600\">Ideal para todas sus ocasiones festivas, este vaso no pasa desapercibido. Ya sea para un cumplea\u00f1os, una fiesta, un evento profesional o una animaci\u00f3n comercial, atrae de inmediato la atenci\u00f3n y refuerza el ambiente alegre de su evento. <\/p>\n<p data-start=\"602\" data-end=\"822\">Su formato de <strong>20 cl<\/strong> es perfecto para servir caf\u00e9s, t\u00e9s, chocolates calientes o bebidas fr\u00edas. Pr\u00e1ctico y resistente, permite un servicio r\u00e1pido garantizando una presentaci\u00f3n cuidada y moderna. <\/p>\n<p data-start=\"602\" data-end=\"822\">\n<p data-start=\"602\" data-end=\"822\"><!--more--><\/p>\n<h4 data-start=\"602\" data-end=\"822\">Ventajas :<\/h4>\n<ul>\n<li data-section-id=\"29k5b8\" data-start=\"1189\" data-end=\"1272\"><strong data-start=\"1194\" data-end=\"1224\">Dise\u00f1o festivo e impactante<\/strong>: mensaje \u201cEs la fiesta\u201d con acabado dorado<\/li>\n<li data-section-id=\"ml6fcy\" data-start=\"1273\" data-end=\"1346\">Ideal para bebidas calientes y fr\u00edas<\/li>\n<li data-section-id=\"11sknjv\" data-start=\"1347\" data-end=\"1410\"><strong data-start=\"1354\" data-end=\"1368\">Vers\u00e1til<\/strong>: caf\u00e9, t\u00e9, chocolate caliente, zumo, refrescos<\/li>\n<li data-section-id=\"t6d1yh\" data-start=\"1411\" data-end=\"1493\">Perfecto para eventos o uso profesional<\/li>\n<li data-section-id=\"y7qxxe\" data-start=\"1494\" data-end=\"1564\">Alternativa m\u00e1s responsable al pl\u00e1stico<\/li>\n<\/ul>\n<h3><\/h3>\n<p><!--more--><\/p>\n<h4>Informaci\u00f3n adicional :<\/h4>\n<ul>\n<li><strong>Embalaje<\/strong>: Paquete de 8<\/li>\n<li><strong>Di\u00e1metro superior<\/strong>: \u00d875 mm<\/li>\n<li><strong>Di\u00e1metro interior<\/strong>: \u00d850 mm<\/li>\n<li><strong>Altura<\/strong>: 90 mm<\/li>\n<li><strong>Material<\/strong>: Cart\u00f3n<\/li>\n<li><strong>Color<\/strong>: Negro \/ oro<\/li>\n<\/ul>\n<p>&nbsp;<\/p>\n<p><!--more--><\/p>\n<p><a href=\"https:\/\/www.csj-emballages.com\/es\/categorie-produit\/envasado-de-alimentos\/catering-es\/tazas-vasos-cubos-botellas\/vasos-de-carton\/vasos-de-papel-de-colores\/\">Ver el resto de nuestra gama de vasos de papel de colores<\/a><\/p>\n","protected":false},"excerpt":{"rendered":"<p>Vaso de cart\u00f3n Vaso de cart\u00f3n \u00abes la fiesta\u00bb 20 cl por 8<\/p>\n","protected":false},"featured_media":277074,"template":"","meta":{"_acf_changed":false},"product_brand":[],"product_cat":[1462,2716],"product_tag":[],"class_list":{"0":"post-21099","1":"product","2":"type-product","3":"status-publish","4":"has-post-thumbnail","6":"product_cat-tazas-vasos-cubos-botellas","7":"product_cat-vasos-de-papel-de-colores","9":"first","10":"instock","11":"sale","12":"taxable","13":"shipping-taxable","14":"purchasable","15":"product-type-simple"},"acf":[],"yoast_head":"<!-- This site is optimized with the Yoast SEO Premium plugin v26.6 (Yoast SEO v26.6) - https:\/\/yoast.com\/wordpress\/plugins\/seo\/ -->\n<title>Vaso de cart\u00f3n &quot;Es la fiesta&quot; 20 cl por 8<\/title>\n<meta name=\"description\" content=\"Vaso de cart\u00f3n \u201cEs la fiesta\u201d 20 cl: dise\u00f1o festivo negro y dorado ideal para bebidas calientes o fr\u00edas. Perfecto para eventos y cumplea\u00f1os.\" \/>\n<meta name=\"robots\" content=\"index, follow, max-snippet:-1, max-image-preview:large, max-video-preview:-1\" \/>\n<link rel=\"canonical\" href=\"https:\/\/www.csj-emballages.com\/es\/produit\/8-vasos-de-papel-cest-la-fete-20-cl\/\" \/>\n<meta property=\"og:locale\" content=\"es_ES\" \/>\n<meta property=\"og:type\" content=\"article\" \/>\n<meta property=\"og:title\" content=\"Vaso de cart\u00f3n &quot;es la fiesta&quot; 20 cl por 8\" \/>\n<meta property=\"og:description\" content=\"Vaso de cart\u00f3n \u201cEs la fiesta\u201d 20 cl: dise\u00f1o festivo negro y dorado ideal para bebidas calientes o fr\u00edas. Perfecto para eventos y cumplea\u00f1os.\" \/>\n<meta property=\"og:url\" content=\"https:\/\/www.csj-emballages.com\/es\/produit\/8-vasos-de-papel-cest-la-fete-20-cl\/\" \/>\n<meta property=\"og:site_name\" content=\"CSJ Emballages\" \/>\n<meta property=\"article:publisher\" content=\"https:\/\/www.facebook.com\/csjemballages\" \/>\n<meta property=\"article:modified_time\" content=\"2026-04-14T00:16:48+00:00\" \/>\n<meta property=\"og:image\" content=\"https:\/\/www.csj-emballages.com\/wp-content\/uploads\/2024\/03\/GM20FETE.webp\" \/>\n\t<meta property=\"og:image:width\" content=\"800\" \/>\n\t<meta property=\"og:image:height\" content=\"800\" \/>\n\t<meta property=\"og:image:type\" content=\"image\/webp\" \/>\n<meta name=\"twitter:card\" content=\"summary_large_image\" \/>\n<meta name=\"twitter:label1\" content=\"Tiempo de lectura\" \/>\n\t<meta name=\"twitter:data1\" content=\"1 minuto\" \/>\n<script type=\"application\/ld+json\" class=\"yoast-schema-graph\">{\"@context\":\"https:\/\/schema.org\",\"@graph\":[{\"@type\":\"WebPage\",\"@id\":\"https:\/\/www.csj-emballages.com\/es\/produit\/8-vasos-de-papel-cest-la-fete-20-cl\/\",\"url\":\"https:\/\/www.csj-emballages.com\/es\/produit\/8-vasos-de-papel-cest-la-fete-20-cl\/\",\"name\":\"Vaso de cart\u00f3n \\\"Es la fiesta\\\" 20 cl por 8\",\"isPartOf\":{\"@id\":\"https:\/\/www.csj-emballages.com\/es\/#website\"},\"primaryImageOfPage\":{\"@id\":\"https:\/\/www.csj-emballages.com\/es\/produit\/8-vasos-de-papel-cest-la-fete-20-cl\/#primaryimage\"},\"image\":{\"@id\":\"https:\/\/www.csj-emballages.com\/es\/produit\/8-vasos-de-papel-cest-la-fete-20-cl\/#primaryimage\"},\"thumbnailUrl\":\"https:\/\/www.csj-emballages.com\/wp-content\/uploads\/2024\/03\/GM20FETE.webp\",\"datePublished\":\"2024-03-01T15:53:28+00:00\",\"dateModified\":\"2026-04-14T00:16:48+00:00\",\"description\":\"Vaso de cart\u00f3n \u201cEs la fiesta\u201d 20 cl: dise\u00f1o festivo negro y dorado ideal para bebidas calientes o fr\u00edas. Perfecto para eventos y cumplea\u00f1os.\",\"breadcrumb\":{\"@id\":\"https:\/\/www.csj-emballages.com\/es\/produit\/8-vasos-de-papel-cest-la-fete-20-cl\/#breadcrumb\"},\"inLanguage\":\"es\",\"potentialAction\":[{\"@type\":\"ReadAction\",\"target\":[\"https:\/\/www.csj-emballages.com\/es\/produit\/8-vasos-de-papel-cest-la-fete-20-cl\/\"]}]},{\"@type\":\"ImageObject\",\"inLanguage\":\"es\",\"@id\":\"https:\/\/www.csj-emballages.com\/es\/produit\/8-vasos-de-papel-cest-la-fete-20-cl\/#primaryimage\",\"url\":\"https:\/\/www.csj-emballages.com\/wp-content\/uploads\/2024\/03\/GM20FETE.webp\",\"contentUrl\":\"https:\/\/www.csj-emballages.com\/wp-content\/uploads\/2024\/03\/GM20FETE.webp\",\"width\":800,\"height\":800,\"caption\":\"Gobelet carton\"},{\"@type\":\"BreadcrumbList\",\"@id\":\"https:\/\/www.csj-emballages.com\/es\/produit\/8-vasos-de-papel-cest-la-fete-20-cl\/#breadcrumb\",\"itemListElement\":[{\"@type\":\"ListItem\",\"position\":1,\"name\":\"Accueil\",\"item\":\"https:\/\/www.csj-emballages.com\/es\/universo-del-envasado-alimentario\/\"},{\"@type\":\"ListItem\",\"position\":2,\"name\":\"Tienda\",\"item\":\"https:\/\/www.csj-emballages.com\/tienda\/\"},{\"@type\":\"ListItem\",\"position\":3,\"name\":\"Vaso de cart\u00f3n \u00ab\u00a0es la fiesta\u00a0\u00bb 20 cl por 8\"}]},{\"@type\":\"WebSite\",\"@id\":\"https:\/\/www.csj-emballages.com\/es\/#website\",\"url\":\"https:\/\/www.csj-emballages.com\/es\/\",\"name\":\"CSJ Emballages\",\"description\":\"\",\"publisher\":{\"@id\":\"https:\/\/www.csj-emballages.com\/es\/#organization\"},\"potentialAction\":[{\"@type\":\"SearchAction\",\"target\":{\"@type\":\"EntryPoint\",\"urlTemplate\":\"https:\/\/www.csj-emballages.com\/es\/?s={search_term_string}\"},\"query-input\":{\"@type\":\"PropertyValueSpecification\",\"valueRequired\":true,\"valueName\":\"search_term_string\"}}],\"inLanguage\":\"es\"},{\"@type\":\"Organization\",\"@id\":\"https:\/\/www.csj-emballages.com\/es\/#Organization\/\",\"name\":\"CSJ Emballages\",\"url\":\"https:\/\/www.csj-emballages.com\/es\/\",\"logo\":{\"@type\":\"ImageObject\",\"inLanguage\":\"es\",\"@id\":\"https:\/\/www.csj-emballages.com\/es\/#\/schema\/logo\/image\/\",\"url\":\"https:\/\/www.csj-emballages.com\/wp-content\/uploads\/2023\/10\/logo_csj.webp\",\"contentUrl\":\"https:\/\/www.csj-emballages.com\/wp-content\/uploads\/2023\/10\/logo_csj.webp\",\"width\":250,\"height\":95,\"caption\":\"CSJ Emballages\"},\"image\":{\"@id\":\"https:\/\/www.csj-emballages.com\/es\/#\/schema\/logo\/image\/\"},\"sameAs\":[\"https:\/\/www.facebook.com\/csjemballages\"],\"address\":{\"@type\":\"PostalAddress\",\"streetAddress\":\"ZI La Lechere\",\"addressLocality\":\"Patornay\",\"postalCode\":\"39130\",\"addressCountry\":\"FR\"},\"contactPoint\":[{\"@type\":\"ContactPoint\",\"contactType\":\"Service client\",\"telephone\":\"0384254272\",\"email\":\"contact@csj-emballages.com\"}]}]}<\/script>\n<!-- \/ Yoast SEO Premium plugin. -->","yoast_head_json":{"title":"Vaso de cart\u00f3n \"Es la fiesta\" 20 cl por 8","description":"Vaso de cart\u00f3n \u201cEs la fiesta\u201d 20 cl: dise\u00f1o festivo negro y dorado ideal para bebidas calientes o fr\u00edas. Perfecto para eventos y cumplea\u00f1os.","robots":{"index":"index","follow":"follow","max-snippet":"max-snippet:-1","max-image-preview":"max-image-preview:large","max-video-preview":"max-video-preview:-1"},"canonical":"https:\/\/www.csj-emballages.com\/es\/produit\/8-vasos-de-papel-cest-la-fete-20-cl\/","og_locale":"es_ES","og_type":"article","og_title":"Vaso de cart\u00f3n \"es la fiesta\" 20 cl por 8","og_description":"Vaso de cart\u00f3n \u201cEs la fiesta\u201d 20 cl: dise\u00f1o festivo negro y dorado ideal para bebidas calientes o fr\u00edas. Perfecto para eventos y cumplea\u00f1os.","og_url":"https:\/\/www.csj-emballages.com\/es\/produit\/8-vasos-de-papel-cest-la-fete-20-cl\/","og_site_name":"CSJ Emballages","article_publisher":"https:\/\/www.facebook.com\/csjemballages","article_modified_time":"2026-04-14T00:16:48+00:00","og_image":[{"width":800,"height":800,"url":"https:\/\/www.csj-emballages.com\/wp-content\/uploads\/2024\/03\/GM20FETE.webp","type":"image\/webp"}],"twitter_card":"summary_large_image","twitter_misc":{"Tiempo de lectura":"1 minuto"},"schema":{"@context":"https:\/\/schema.org","@graph":[{"@type":"WebPage","@id":"https:\/\/www.csj-emballages.com\/es\/produit\/8-vasos-de-papel-cest-la-fete-20-cl\/","url":"https:\/\/www.csj-emballages.com\/es\/produit\/8-vasos-de-papel-cest-la-fete-20-cl\/","name":"Vaso de cart\u00f3n \"Es la fiesta\" 20 cl por 8","isPartOf":{"@id":"https:\/\/www.csj-emballages.com\/es\/#website"},"primaryImageOfPage":{"@id":"https:\/\/www.csj-emballages.com\/es\/produit\/8-vasos-de-papel-cest-la-fete-20-cl\/#primaryimage"},"image":{"@id":"https:\/\/www.csj-emballages.com\/es\/produit\/8-vasos-de-papel-cest-la-fete-20-cl\/#primaryimage"},"thumbnailUrl":"https:\/\/www.csj-emballages.com\/wp-content\/uploads\/2024\/03\/GM20FETE.webp","datePublished":"2024-03-01T15:53:28+00:00","dateModified":"2026-04-14T00:16:48+00:00","description":"Vaso de cart\u00f3n \u201cEs la fiesta\u201d 20 cl: dise\u00f1o festivo negro y dorado ideal para bebidas calientes o fr\u00edas. Perfecto para eventos y cumplea\u00f1os.","breadcrumb":{"@id":"https:\/\/www.csj-emballages.com\/es\/produit\/8-vasos-de-papel-cest-la-fete-20-cl\/#breadcrumb"},"inLanguage":"es","potentialAction":[{"@type":"ReadAction","target":["https:\/\/www.csj-emballages.com\/es\/produit\/8-vasos-de-papel-cest-la-fete-20-cl\/"]}]},{"@type":"ImageObject","inLanguage":"es","@id":"https:\/\/www.csj-emballages.com\/es\/produit\/8-vasos-de-papel-cest-la-fete-20-cl\/#primaryimage","url":"https:\/\/www.csj-emballages.com\/wp-content\/uploads\/2024\/03\/GM20FETE.webp","contentUrl":"https:\/\/www.csj-emballages.com\/wp-content\/uploads\/2024\/03\/GM20FETE.webp","width":800,"height":800,"caption":"Gobelet carton"},{"@type":"BreadcrumbList","@id":"https:\/\/www.csj-emballages.com\/es\/produit\/8-vasos-de-papel-cest-la-fete-20-cl\/#breadcrumb","itemListElement":[{"@type":"ListItem","position":1,"name":"Accueil","item":"https:\/\/www.csj-emballages.com\/es\/universo-del-envasado-alimentario\/"},{"@type":"ListItem","position":2,"name":"Tienda","item":"https:\/\/www.csj-emballages.com\/tienda\/"},{"@type":"ListItem","position":3,"name":"Vaso de cart\u00f3n \u00ab\u00a0es la fiesta\u00a0\u00bb 20 cl por 8"}]},{"@type":"WebSite","@id":"https:\/\/www.csj-emballages.com\/es\/#website","url":"https:\/\/www.csj-emballages.com\/es\/","name":"CSJ Emballages","description":"","publisher":{"@id":"https:\/\/www.csj-emballages.com\/es\/#organization"},"potentialAction":[{"@type":"SearchAction","target":{"@type":"EntryPoint","urlTemplate":"https:\/\/www.csj-emballages.com\/es\/?s={search_term_string}"},"query-input":{"@type":"PropertyValueSpecification","valueRequired":true,"valueName":"search_term_string"}}],"inLanguage":"es"},{"@type":"Organization","@id":"https:\/\/www.csj-emballages.com\/es\/#Organization\/","name":"CSJ Emballages","url":"https:\/\/www.csj-emballages.com\/es\/","logo":{"@type":"ImageObject","inLanguage":"es","@id":"https:\/\/www.csj-emballages.com\/es\/#\/schema\/logo\/image\/","url":"https:\/\/www.csj-emballages.com\/wp-content\/uploads\/2023\/10\/logo_csj.webp","contentUrl":"https:\/\/www.csj-emballages.com\/wp-content\/uploads\/2023\/10\/logo_csj.webp","width":250,"height":95,"caption":"CSJ Emballages"},"image":{"@id":"https:\/\/www.csj-emballages.com\/es\/#\/schema\/logo\/image\/"},"sameAs":["https:\/\/www.facebook.com\/csjemballages"],"address":{"@type":"PostalAddress","streetAddress":"ZI La Lechere","addressLocality":"Patornay","postalCode":"39130","addressCountry":"FR"},"contactPoint":[{"@type":"ContactPoint","contactType":"Service client","telephone":"0384254272","email":"contact@csj-emballages.com"}]}]}},"df_price":2.13,"df_sale_price":2.13,"df_regular_price":2.66,"df_image_link":"https:\/\/www.csj-emballages.com\/wp-content\/uploads\/2024\/03\/GM20FETE-300x300.webp","tiered_pricing_type":"fixed","tiered_pricing_fixed_rules":[],"tiered_pricing_percentage_rules":[],"tiered_pricing_minimum":1,"tiered_pricing_roles_data":[],"_links":{"self":[{"href":"https:\/\/www.csj-emballages.com\/es\/wp-json\/wp\/v2\/product\/21099","targetHints":{"allow":["GET"]}}],"collection":[{"href":"https:\/\/www.csj-emballages.com\/es\/wp-json\/wp\/v2\/product"}],"about":[{"href":"https:\/\/www.csj-emballages.com\/es\/wp-json\/wp\/v2\/types\/product"}],"wp:featuredmedia":[{"embeddable":true,"href":"https:\/\/www.csj-emballages.com\/es\/wp-json\/wp\/v2\/media\/277074"}],"wp:attachment":[{"href":"https:\/\/www.csj-emballages.com\/es\/wp-json\/wp\/v2\/media?parent=21099"}],"wp:term":[{"taxonomy":"product_brand","embeddable":true,"href":"https:\/\/www.csj-emballages.com\/es\/wp-json\/wp\/v2\/product_brand?post=21099"},{"taxonomy":"product_cat","embeddable":true,"href":"https:\/\/www.csj-emballages.com\/es\/wp-json\/wp\/v2\/product_cat?post=21099"},{"taxonomy":"product_tag","embeddable":true,"href":"https:\/\/www.csj-emballages.com\/es\/wp-json\/wp\/v2\/product_tag?post=21099"}],"curies":[{"name":"wp","href":"https:\/\/api.w.org\/{rel}","templated":true}]}}