{"id":21078,"date":"2024-03-01T16:53:28","date_gmt":"2024-03-01T15:53:28","guid":{"rendered":"https:\/\/u15jnbdpoq.preview.infomaniak.website\/produit\/25-vasos-de-papel-negro-de-20-cl\/"},"modified":"2026-04-03T02:16:39","modified_gmt":"2026-04-03T00:16:39","slug":"25-vasos-de-papel-negro-de-20-cl","status":"publish","type":"product","link":"https:\/\/www.csj-emballages.com\/es\/produit\/25-vasos-de-papel-negro-de-20-cl\/","title":{"rendered":"Vaso de cart\u00f3n negro 20 cl pack de 25"},"content":{"rendered":"<h2 class=\"p1\">Vaso de cart\u00f3n negro<\/h2>\n<hr>\n<h3>Descubra nuestro vaso de cart\u00f3n negro 20 cl pack de 25<\/h3>\n<p><!--more--><\/p>\n<p data-start=\"216\" data-end=\"485\">El <strong>vaso de cart\u00f3n negro 20 cl<\/strong> es ideal para el servicio de bebidas calientes y fr\u00edas para llevar. Con su dise\u00f1o sobrio y elegante, aporta un toque moderno y profesional a su servicio, ya sea en cafeter\u00edas, panader\u00edas, snacks o eventos. <\/p>\n<p data-start=\"487\" data-end=\"776\">Su <strong>capacidad de 20 cl (200 ml)<\/strong> es perfecta para un <strong>caf\u00e9 largo, t\u00e9, chocolate caliente, capuchino o cualquier otra bebida servida en porci\u00f3n individual<\/strong>. Fabricado en cart\u00f3n resistente apto para contacto alimentario, ofrece un buen agarre y limita la transmisi\u00f3n de calor. <\/p>\n<p data-start=\"778\" data-end=\"1009\">Su <strong>acabado negro<\/strong> aporta un resultado est\u00e9tico cuidado que se adapta a todos los entornos, desde establecimientos tradicionales hasta conceptos m\u00e1s contempor\u00e1neos. Ligero y pr\u00e1ctico, facilita el servicio r\u00e1pido y la venta para llevar. <\/p>\n<p data-start=\"1011\" data-end=\"1158\">Acondicionado en <strong>lote de 25 unidades<\/strong>, este <strong>vaso<\/strong> constituye una soluci\u00f3n sencilla y eficaz tanto para profesionales como para eventos puntuales.<\/p>\n<p>&nbsp;<\/p>\n<p><!--more--><\/p>\n<h4>Ventajas :<\/h4>\n<ul>\n<li data-start=\"1196\" data-end=\"1254\"><strong>Capacidad 20 cl<\/strong> ideal para bebidas calientes o fr\u00edas.<\/li>\n<li data-start=\"1257\" data-end=\"1289\">Elegante y moderno dise\u00f1o en negro.<\/li>\n<li data-start=\"1292\" data-end=\"1338\">Cart\u00f3n resistente apto para contacto alimentario.<\/li>\n<li data-start=\"1292\" data-end=\"1338\">Ideal para caf\u00e9s, t\u00e9s y chocolates calientes.<\/li>\n<li data-start=\"1445\" data-end=\"1464\">Ligero y pr\u00e1ctico.<\/li>\n<li data-start=\"1467\" data-end=\"1500\">Acondicionamiento de <strong>25 vasos<\/strong>.<\/li>\n<\/ul>\n<p>&nbsp;<\/p>\n<p><!--more--><\/p>\n<h4>Informaci\u00f3n adicional :<\/h4>\n<ul>\n<li><strong>Envase<\/strong>: Paquete de 25<\/li>\n<li><b>Volumen<\/b>: 20 cl<\/li>\n<li><strong>Material<\/strong>: Cart\u00f3n<\/li>\n<li><strong>Color<\/strong>: Negro<\/li>\n<\/ul>\n<p>&nbsp;<\/p>\n<p><!--more--><\/p>\n<p><a href=\"https:\/\/www.csj-emballages.com\/es\/categorie-produit\/envasado-de-alimentos\/catering-es\/tazas-vasos-cubos-botellas\/vasos-de-carton\/vasos-de-papel-de-colores\/\">Consulte el resto de nuestra gama de vasos de cart\u00f3n de colores<\/a><\/p>\n","protected":false},"excerpt":{"rendered":"<p>Vaso de cart\u00f3n negro Descubra nuestro vaso de cart\u00f3n negro 20 cl pack de 25<\/p>\n","protected":false},"featured_media":8737,"template":"","meta":{"_acf_changed":false},"product_brand":[],"product_cat":[1462,2716],"product_tag":[],"class_list":{"0":"post-21078","1":"product","2":"type-product","3":"status-publish","4":"has-post-thumbnail","6":"product_cat-tazas-vasos-cubos-botellas","7":"product_cat-vasos-de-papel-de-colores","9":"first","10":"instock","11":"taxable","12":"shipping-taxable","13":"purchasable","14":"product-type-simple"},"acf":[],"yoast_head":"<!-- This site is optimized with the Yoast SEO Premium plugin v26.6 (Yoast SEO v26.6) - https:\/\/yoast.com\/wordpress\/plugins\/seo\/ -->\n<title>Vaso de Cart\u00f3n Negro 20 cl pack de 25<\/title>\n<meta name=\"description\" content=\"Vaso de cart\u00f3n negro 20 cl pack de 25, ideal para caf\u00e9, t\u00e9 y bebidas calientes para llevar. Resistente, elegante y perfecto para profesionales o particulares.\" \/>\n<meta name=\"robots\" content=\"index, follow, max-snippet:-1, max-image-preview:large, max-video-preview:-1\" \/>\n<link rel=\"canonical\" href=\"https:\/\/www.csj-emballages.com\/es\/produit\/25-vasos-de-papel-negro-de-20-cl\/\" \/>\n<meta property=\"og:locale\" content=\"es_ES\" \/>\n<meta property=\"og:type\" content=\"article\" \/>\n<meta property=\"og:title\" content=\"Vaso de cart\u00f3n negro 20 cl pack de 25\" \/>\n<meta property=\"og:description\" content=\"Vaso de cart\u00f3n negro 20 cl pack de 25, ideal para caf\u00e9, t\u00e9 y bebidas calientes para llevar. Resistente, elegante y perfecto para profesionales o particulares.\" \/>\n<meta property=\"og:url\" content=\"https:\/\/www.csj-emballages.com\/es\/produit\/25-vasos-de-papel-negro-de-20-cl\/\" \/>\n<meta property=\"og:site_name\" content=\"CSJ Emballages\" \/>\n<meta property=\"article:publisher\" content=\"https:\/\/www.facebook.com\/csjemballages\" \/>\n<meta property=\"article:modified_time\" content=\"2026-04-03T00:16:39+00:00\" \/>\n<meta property=\"og:image\" content=\"https:\/\/www.csj-emballages.com\/wp-content\/uploads\/2024\/03\/V547OZN-zoom-jpg.webp\" \/>\n\t<meta property=\"og:image:width\" content=\"800\" \/>\n\t<meta property=\"og:image:height\" content=\"794\" \/>\n\t<meta property=\"og:image:type\" content=\"image\/jpeg\" \/>\n<meta name=\"twitter:card\" content=\"summary_large_image\" \/>\n<meta name=\"twitter:label1\" content=\"Tiempo de lectura\" \/>\n\t<meta name=\"twitter:data1\" content=\"1 minuto\" \/>\n<script type=\"application\/ld+json\" class=\"yoast-schema-graph\">{\"@context\":\"https:\/\/schema.org\",\"@graph\":[{\"@type\":\"WebPage\",\"@id\":\"https:\/\/www.csj-emballages.com\/es\/produit\/25-vasos-de-papel-negro-de-20-cl\/\",\"url\":\"https:\/\/www.csj-emballages.com\/es\/produit\/25-vasos-de-papel-negro-de-20-cl\/\",\"name\":\"Vaso de Cart\u00f3n Negro 20 cl pack de 25\",\"isPartOf\":{\"@id\":\"https:\/\/www.csj-emballages.com\/es\/#website\"},\"primaryImageOfPage\":{\"@id\":\"https:\/\/www.csj-emballages.com\/es\/produit\/25-vasos-de-papel-negro-de-20-cl\/#primaryimage\"},\"image\":{\"@id\":\"https:\/\/www.csj-emballages.com\/es\/produit\/25-vasos-de-papel-negro-de-20-cl\/#primaryimage\"},\"thumbnailUrl\":\"https:\/\/www.csj-emballages.com\/wp-content\/uploads\/2024\/03\/V547OZN-zoom-jpg.webp\",\"datePublished\":\"2024-03-01T15:53:28+00:00\",\"dateModified\":\"2026-04-03T00:16:39+00:00\",\"description\":\"Vaso de cart\u00f3n negro 20 cl pack de 25, ideal para caf\u00e9, t\u00e9 y bebidas calientes para llevar. Resistente, elegante y perfecto para profesionales o particulares.\",\"breadcrumb\":{\"@id\":\"https:\/\/www.csj-emballages.com\/es\/produit\/25-vasos-de-papel-negro-de-20-cl\/#breadcrumb\"},\"inLanguage\":\"es\",\"potentialAction\":[{\"@type\":\"ReadAction\",\"target\":[\"https:\/\/www.csj-emballages.com\/es\/produit\/25-vasos-de-papel-negro-de-20-cl\/\"]}]},{\"@type\":\"ImageObject\",\"inLanguage\":\"es\",\"@id\":\"https:\/\/www.csj-emballages.com\/es\/produit\/25-vasos-de-papel-negro-de-20-cl\/#primaryimage\",\"url\":\"https:\/\/www.csj-emballages.com\/wp-content\/uploads\/2024\/03\/V547OZN-zoom-jpg.webp\",\"contentUrl\":\"https:\/\/www.csj-emballages.com\/wp-content\/uploads\/2024\/03\/V547OZN-zoom-jpg.webp\",\"width\":800,\"height\":794},{\"@type\":\"BreadcrumbList\",\"@id\":\"https:\/\/www.csj-emballages.com\/es\/produit\/25-vasos-de-papel-negro-de-20-cl\/#breadcrumb\",\"itemListElement\":[{\"@type\":\"ListItem\",\"position\":1,\"name\":\"Accueil\",\"item\":\"https:\/\/www.csj-emballages.com\/es\/universo-del-envasado-alimentario\/\"},{\"@type\":\"ListItem\",\"position\":2,\"name\":\"Tienda\",\"item\":\"https:\/\/www.csj-emballages.com\/tienda\/\"},{\"@type\":\"ListItem\",\"position\":3,\"name\":\"Vaso de cart\u00f3n negro 20 cl pack de 25\"}]},{\"@type\":\"WebSite\",\"@id\":\"https:\/\/www.csj-emballages.com\/es\/#website\",\"url\":\"https:\/\/www.csj-emballages.com\/es\/\",\"name\":\"CSJ Emballages\",\"description\":\"\",\"publisher\":{\"@id\":\"https:\/\/www.csj-emballages.com\/es\/#organization\"},\"potentialAction\":[{\"@type\":\"SearchAction\",\"target\":{\"@type\":\"EntryPoint\",\"urlTemplate\":\"https:\/\/www.csj-emballages.com\/es\/?s={search_term_string}\"},\"query-input\":{\"@type\":\"PropertyValueSpecification\",\"valueRequired\":true,\"valueName\":\"search_term_string\"}}],\"inLanguage\":\"es\"},{\"@type\":\"Organization\",\"@id\":\"https:\/\/www.csj-emballages.com\/es\/#Organization\/\",\"name\":\"CSJ Emballages\",\"url\":\"https:\/\/www.csj-emballages.com\/es\/\",\"logo\":{\"@type\":\"ImageObject\",\"inLanguage\":\"es\",\"@id\":\"https:\/\/www.csj-emballages.com\/es\/#\/schema\/logo\/image\/\",\"url\":\"https:\/\/www.csj-emballages.com\/wp-content\/uploads\/2023\/10\/logo_csj.webp\",\"contentUrl\":\"https:\/\/www.csj-emballages.com\/wp-content\/uploads\/2023\/10\/logo_csj.webp\",\"width\":250,\"height\":95,\"caption\":\"CSJ Emballages\"},\"image\":{\"@id\":\"https:\/\/www.csj-emballages.com\/es\/#\/schema\/logo\/image\/\"},\"sameAs\":[\"https:\/\/www.facebook.com\/csjemballages\"],\"address\":{\"@type\":\"PostalAddress\",\"streetAddress\":\"ZI La Lechere\",\"addressLocality\":\"Patornay\",\"postalCode\":\"39130\",\"addressCountry\":\"FR\"},\"contactPoint\":[{\"@type\":\"ContactPoint\",\"contactType\":\"Service client\",\"telephone\":\"0384254272\",\"email\":\"contact@csj-emballages.com\"}]}]}<\/script>\n<!-- \/ Yoast SEO Premium plugin. -->","yoast_head_json":{"title":"Vaso de Cart\u00f3n Negro 20 cl pack de 25","description":"Vaso de cart\u00f3n negro 20 cl pack de 25, ideal para caf\u00e9, t\u00e9 y bebidas calientes para llevar. Resistente, elegante y perfecto para profesionales o particulares.","robots":{"index":"index","follow":"follow","max-snippet":"max-snippet:-1","max-image-preview":"max-image-preview:large","max-video-preview":"max-video-preview:-1"},"canonical":"https:\/\/www.csj-emballages.com\/es\/produit\/25-vasos-de-papel-negro-de-20-cl\/","og_locale":"es_ES","og_type":"article","og_title":"Vaso de cart\u00f3n negro 20 cl pack de 25","og_description":"Vaso de cart\u00f3n negro 20 cl pack de 25, ideal para caf\u00e9, t\u00e9 y bebidas calientes para llevar. Resistente, elegante y perfecto para profesionales o particulares.","og_url":"https:\/\/www.csj-emballages.com\/es\/produit\/25-vasos-de-papel-negro-de-20-cl\/","og_site_name":"CSJ Emballages","article_publisher":"https:\/\/www.facebook.com\/csjemballages","article_modified_time":"2026-04-03T00:16:39+00:00","og_image":[{"width":800,"height":794,"url":"https:\/\/www.csj-emballages.com\/wp-content\/uploads\/2024\/03\/V547OZN-zoom-jpg.webp","type":"image\/jpeg"}],"twitter_card":"summary_large_image","twitter_misc":{"Tiempo de lectura":"1 minuto"},"schema":{"@context":"https:\/\/schema.org","@graph":[{"@type":"WebPage","@id":"https:\/\/www.csj-emballages.com\/es\/produit\/25-vasos-de-papel-negro-de-20-cl\/","url":"https:\/\/www.csj-emballages.com\/es\/produit\/25-vasos-de-papel-negro-de-20-cl\/","name":"Vaso de Cart\u00f3n Negro 20 cl pack de 25","isPartOf":{"@id":"https:\/\/www.csj-emballages.com\/es\/#website"},"primaryImageOfPage":{"@id":"https:\/\/www.csj-emballages.com\/es\/produit\/25-vasos-de-papel-negro-de-20-cl\/#primaryimage"},"image":{"@id":"https:\/\/www.csj-emballages.com\/es\/produit\/25-vasos-de-papel-negro-de-20-cl\/#primaryimage"},"thumbnailUrl":"https:\/\/www.csj-emballages.com\/wp-content\/uploads\/2024\/03\/V547OZN-zoom-jpg.webp","datePublished":"2024-03-01T15:53:28+00:00","dateModified":"2026-04-03T00:16:39+00:00","description":"Vaso de cart\u00f3n negro 20 cl pack de 25, ideal para caf\u00e9, t\u00e9 y bebidas calientes para llevar. Resistente, elegante y perfecto para profesionales o particulares.","breadcrumb":{"@id":"https:\/\/www.csj-emballages.com\/es\/produit\/25-vasos-de-papel-negro-de-20-cl\/#breadcrumb"},"inLanguage":"es","potentialAction":[{"@type":"ReadAction","target":["https:\/\/www.csj-emballages.com\/es\/produit\/25-vasos-de-papel-negro-de-20-cl\/"]}]},{"@type":"ImageObject","inLanguage":"es","@id":"https:\/\/www.csj-emballages.com\/es\/produit\/25-vasos-de-papel-negro-de-20-cl\/#primaryimage","url":"https:\/\/www.csj-emballages.com\/wp-content\/uploads\/2024\/03\/V547OZN-zoom-jpg.webp","contentUrl":"https:\/\/www.csj-emballages.com\/wp-content\/uploads\/2024\/03\/V547OZN-zoom-jpg.webp","width":800,"height":794},{"@type":"BreadcrumbList","@id":"https:\/\/www.csj-emballages.com\/es\/produit\/25-vasos-de-papel-negro-de-20-cl\/#breadcrumb","itemListElement":[{"@type":"ListItem","position":1,"name":"Accueil","item":"https:\/\/www.csj-emballages.com\/es\/universo-del-envasado-alimentario\/"},{"@type":"ListItem","position":2,"name":"Tienda","item":"https:\/\/www.csj-emballages.com\/tienda\/"},{"@type":"ListItem","position":3,"name":"Vaso de cart\u00f3n negro 20 cl pack de 25"}]},{"@type":"WebSite","@id":"https:\/\/www.csj-emballages.com\/es\/#website","url":"https:\/\/www.csj-emballages.com\/es\/","name":"CSJ Emballages","description":"","publisher":{"@id":"https:\/\/www.csj-emballages.com\/es\/#organization"},"potentialAction":[{"@type":"SearchAction","target":{"@type":"EntryPoint","urlTemplate":"https:\/\/www.csj-emballages.com\/es\/?s={search_term_string}"},"query-input":{"@type":"PropertyValueSpecification","valueRequired":true,"valueName":"search_term_string"}}],"inLanguage":"es"},{"@type":"Organization","@id":"https:\/\/www.csj-emballages.com\/es\/#Organization\/","name":"CSJ Emballages","url":"https:\/\/www.csj-emballages.com\/es\/","logo":{"@type":"ImageObject","inLanguage":"es","@id":"https:\/\/www.csj-emballages.com\/es\/#\/schema\/logo\/image\/","url":"https:\/\/www.csj-emballages.com\/wp-content\/uploads\/2023\/10\/logo_csj.webp","contentUrl":"https:\/\/www.csj-emballages.com\/wp-content\/uploads\/2023\/10\/logo_csj.webp","width":250,"height":95,"caption":"CSJ Emballages"},"image":{"@id":"https:\/\/www.csj-emballages.com\/es\/#\/schema\/logo\/image\/"},"sameAs":["https:\/\/www.facebook.com\/csjemballages"],"address":{"@type":"PostalAddress","streetAddress":"ZI La Lechere","addressLocality":"Patornay","postalCode":"39130","addressCountry":"FR"},"contactPoint":[{"@type":"ContactPoint","contactType":"Service client","telephone":"0384254272","email":"contact@csj-emballages.com"}]}]}},"df_price":1.99,"df_sale_price":"","df_regular_price":1.99,"df_image_link":"https:\/\/www.csj-emballages.com\/wp-content\/uploads\/2024\/03\/V547OZN-zoom-300x298.webp","tiered_pricing_type":"fixed","tiered_pricing_fixed_rules":[],"tiered_pricing_percentage_rules":[],"tiered_pricing_minimum":1,"tiered_pricing_roles_data":[],"_links":{"self":[{"href":"https:\/\/www.csj-emballages.com\/es\/wp-json\/wp\/v2\/product\/21078","targetHints":{"allow":["GET"]}}],"collection":[{"href":"https:\/\/www.csj-emballages.com\/es\/wp-json\/wp\/v2\/product"}],"about":[{"href":"https:\/\/www.csj-emballages.com\/es\/wp-json\/wp\/v2\/types\/product"}],"wp:featuredmedia":[{"embeddable":true,"href":"https:\/\/www.csj-emballages.com\/es\/wp-json\/wp\/v2\/media\/8737"}],"wp:attachment":[{"href":"https:\/\/www.csj-emballages.com\/es\/wp-json\/wp\/v2\/media?parent=21078"}],"wp:term":[{"taxonomy":"product_brand","embeddable":true,"href":"https:\/\/www.csj-emballages.com\/es\/wp-json\/wp\/v2\/product_brand?post=21078"},{"taxonomy":"product_cat","embeddable":true,"href":"https:\/\/www.csj-emballages.com\/es\/wp-json\/wp\/v2\/product_cat?post=21078"},{"taxonomy":"product_tag","embeddable":true,"href":"https:\/\/www.csj-emballages.com\/es\/wp-json\/wp\/v2\/product_tag?post=21078"}],"curies":[{"name":"wp","href":"https:\/\/api.w.org\/{rel}","templated":true}]}}