{"id":21071,"date":"2024-03-01T16:53:28","date_gmt":"2024-03-01T15:53:28","guid":{"rendered":"https:\/\/u15jnbdpoq.preview.infomaniak.website\/produit\/25-vasos-de-carton-dorado-de-20-cl\/"},"modified":"2026-04-14T02:16:54","modified_gmt":"2026-04-14T00:16:54","slug":"25-vasos-de-carton-dorado-de-20-cl","status":"publish","type":"product","link":"https:\/\/www.csj-emballages.com\/es\/produit\/25-vasos-de-carton-dorado-de-20-cl\/","title":{"rendered":"Vaso de cart\u00f3n dorado 20 cl, pack de 25"},"content":{"rendered":"<h2>Vaso de cart\u00f3n dorado<\/h2>\n<hr>\n<h3>Vaso de cart\u00f3n dorado 20 cl, pack de 25<\/h3>\n<p><!--more--><\/p>\n<p data-start=\"84\" data-end=\"393\">Aporte un verdadero valor a\u00f1adido a su servicio con este <strong>vaso de cart\u00f3n dorado<\/strong>. Mucho m\u00e1s que un simple recipiente, se convierte en un verdadero elemento de presentaci\u00f3n que atrae la mirada y valoriza de inmediato sus bebidas. <\/p>\n<p data-start=\"395\" data-end=\"794\">Ya sea restaurador, profesional del catering, gerente de una cafeter\u00eda u organizador de eventos, este <strong>vaso de 20 cl<\/strong> se adapta a todas las situaciones. Su formato es ideal para servir caf\u00e9, t\u00e9, chocolate caliente, as\u00ed como bebidas fr\u00edas como zumos o refrescos. Su <strong>tono dorado<\/strong> aporta un toque premium que marca la diferencia, especialmente en eventos festivos o de alta gama.  <\/p>\n<p data-start=\"796\" data-end=\"1134\">Pensado para un uso pr\u00e1ctico diario, este <strong>vaso<\/strong> es a la vez ligero, resistente y agradable al tacto. Le permite servir r\u00e1pidamente garantizando una experiencia de cliente cuidada. Su embalaje de <strong>25 unidades<\/strong> es perfecto para gestionar f\u00e1cilmente sus existencias, ya sea para un uso puntual o regular.  <\/p>\n<p data-start=\"796\" data-end=\"1134\">\n<p data-start=\"796\" data-end=\"1134\"><!--more--><\/p>\n<h4 data-start=\"796\" data-end=\"1134\">Ventajas :<\/h4>\n<ul>\n<li data-section-id=\"1rwos0j\" data-start=\"1550\" data-end=\"1649\">Color dorado para una presentaci\u00f3n elegante y distintiva<\/li>\n<li data-section-id=\"11wz0y8\" data-start=\"1650\" data-end=\"1746\"><strong data-start=\"1655\" data-end=\"1685\">Capacidad ideal de 20 cl<\/strong>: perfecta para todas las bebidas, tanto calientes como fr\u00edas<\/li>\n<li data-section-id=\"1oh88z3\" data-start=\"1747\" data-end=\"1842\">Adecuado para caf\u00e9s, t\u00e9s, chocolates calientes, zumos y refrescos<\/li>\n<li data-section-id=\"1qc0yi\" data-start=\"1843\" data-end=\"1933\">Pr\u00e1ctico para las necesidades diarias o eventos puntuales<\/li>\n<li data-section-id=\"1dt3zln\" data-start=\"1934\" data-end=\"2025\">Soluci\u00f3n m\u00e1s respetuosa con el medio ambiente que el pl\u00e1stico<\/li>\n<\/ul>\n<p>&nbsp;<\/p>\n<p><!--more--><\/p>\n<h4>Informaci\u00f3n adicional :<\/h4>\n<ul>\n<li><strong>Envase<\/strong>: Paquete de 25<\/li>\n<li><b>Di\u00e1metro del fondo: <\/b>48 mm<\/li>\n<li><strong>Di\u00e1metro superior<\/strong>: 67 mm<\/li>\n<li><strong>Altura<\/strong>: 80 mm<\/li>\n<li><strong>Volumen<\/strong>: 20 cl<\/li>\n<li><strong>Material<\/strong>: Cart\u00f3n<\/li>\n<\/ul>\n<p>&nbsp;<\/p>\n<p><!--more--><\/p>\n<p><a href=\"https:\/\/www.csj-emballages.com\/es\/categorie-produit\/envasado-de-alimentos\/catering-es\/tazas-vasos-cubos-botellas\/vasos-de-carton\/vasos-de-papel-de-colores\/\">Ver el resto de nuestra gama de vasos de papel de colores<\/a><\/p>\n","protected":false},"excerpt":{"rendered":"<p>Vaso de cart\u00f3n dorado Vaso de cart\u00f3n dorado 20 cl, pack de 25<\/p>\n","protected":false},"featured_media":277056,"template":"","meta":{"_acf_changed":false},"product_brand":[],"product_cat":[1462,2716],"product_tag":[],"class_list":{"0":"post-21071","1":"product","2":"type-product","3":"status-publish","4":"has-post-thumbnail","6":"product_cat-tazas-vasos-cubos-botellas","7":"product_cat-vasos-de-papel-de-colores","9":"first","10":"instock","11":"taxable","12":"shipping-taxable","13":"purchasable","14":"product-type-simple"},"acf":[],"yoast_head":"<!-- This site is optimized with the Yoast SEO Premium plugin v26.6 (Yoast SEO v26.6) - https:\/\/yoast.com\/wordpress\/plugins\/seo\/ -->\n<title>Vaso de Cart\u00f3n Dorado 20 cl por 25<\/title>\n<meta name=\"description\" content=\"Vaso de cart\u00f3n dorado 20 cl, pack de 25: dise\u00f1o elegante y pr\u00e1ctico para bebidas calientes o fr\u00edas. Catering y eventos festivos.\" \/>\n<meta name=\"robots\" content=\"index, follow, max-snippet:-1, max-image-preview:large, max-video-preview:-1\" \/>\n<link rel=\"canonical\" href=\"https:\/\/www.csj-emballages.com\/es\/produit\/25-vasos-de-carton-dorado-de-20-cl\/\" \/>\n<meta property=\"og:locale\" content=\"es_ES\" \/>\n<meta property=\"og:type\" content=\"article\" \/>\n<meta property=\"og:title\" content=\"Vaso de cart\u00f3n dorado 20 cl, pack de 25\" \/>\n<meta property=\"og:description\" content=\"Vaso de cart\u00f3n dorado 20 cl, pack de 25: dise\u00f1o elegante y pr\u00e1ctico para bebidas calientes o fr\u00edas. Catering y eventos festivos.\" \/>\n<meta property=\"og:url\" content=\"https:\/\/www.csj-emballages.com\/es\/produit\/25-vasos-de-carton-dorado-de-20-cl\/\" \/>\n<meta property=\"og:site_name\" content=\"CSJ Emballages\" \/>\n<meta property=\"article:publisher\" content=\"https:\/\/www.facebook.com\/csjemballages\" \/>\n<meta property=\"article:modified_time\" content=\"2026-04-14T00:16:54+00:00\" \/>\n<meta property=\"og:image\" content=\"https:\/\/www.csj-emballages.com\/wp-content\/uploads\/2024\/03\/GM20ORR.webp\" \/>\n\t<meta property=\"og:image:width\" content=\"800\" \/>\n\t<meta property=\"og:image:height\" content=\"800\" \/>\n\t<meta property=\"og:image:type\" content=\"image\/webp\" \/>\n<meta name=\"twitter:card\" content=\"summary_large_image\" \/>\n<meta name=\"twitter:label1\" content=\"Tiempo de lectura\" \/>\n\t<meta name=\"twitter:data1\" content=\"1 minuto\" \/>\n<script type=\"application\/ld+json\" class=\"yoast-schema-graph\">{\"@context\":\"https:\/\/schema.org\",\"@graph\":[{\"@type\":\"WebPage\",\"@id\":\"https:\/\/www.csj-emballages.com\/es\/produit\/25-vasos-de-carton-dorado-de-20-cl\/\",\"url\":\"https:\/\/www.csj-emballages.com\/es\/produit\/25-vasos-de-carton-dorado-de-20-cl\/\",\"name\":\"Vaso de Cart\u00f3n Dorado 20 cl por 25\",\"isPartOf\":{\"@id\":\"https:\/\/www.csj-emballages.com\/es\/#website\"},\"primaryImageOfPage\":{\"@id\":\"https:\/\/www.csj-emballages.com\/es\/produit\/25-vasos-de-carton-dorado-de-20-cl\/#primaryimage\"},\"image\":{\"@id\":\"https:\/\/www.csj-emballages.com\/es\/produit\/25-vasos-de-carton-dorado-de-20-cl\/#primaryimage\"},\"thumbnailUrl\":\"https:\/\/www.csj-emballages.com\/wp-content\/uploads\/2024\/03\/GM20ORR.webp\",\"datePublished\":\"2024-03-01T15:53:28+00:00\",\"dateModified\":\"2026-04-14T00:16:54+00:00\",\"description\":\"Vaso de cart\u00f3n dorado 20 cl, pack de 25: dise\u00f1o elegante y pr\u00e1ctico para bebidas calientes o fr\u00edas. Catering y eventos festivos.\",\"breadcrumb\":{\"@id\":\"https:\/\/www.csj-emballages.com\/es\/produit\/25-vasos-de-carton-dorado-de-20-cl\/#breadcrumb\"},\"inLanguage\":\"es\",\"potentialAction\":[{\"@type\":\"ReadAction\",\"target\":[\"https:\/\/www.csj-emballages.com\/es\/produit\/25-vasos-de-carton-dorado-de-20-cl\/\"]}]},{\"@type\":\"ImageObject\",\"inLanguage\":\"es\",\"@id\":\"https:\/\/www.csj-emballages.com\/es\/produit\/25-vasos-de-carton-dorado-de-20-cl\/#primaryimage\",\"url\":\"https:\/\/www.csj-emballages.com\/wp-content\/uploads\/2024\/03\/GM20ORR.webp\",\"contentUrl\":\"https:\/\/www.csj-emballages.com\/wp-content\/uploads\/2024\/03\/GM20ORR.webp\",\"width\":800,\"height\":800,\"caption\":\"Gobelet carton or\"},{\"@type\":\"BreadcrumbList\",\"@id\":\"https:\/\/www.csj-emballages.com\/es\/produit\/25-vasos-de-carton-dorado-de-20-cl\/#breadcrumb\",\"itemListElement\":[{\"@type\":\"ListItem\",\"position\":1,\"name\":\"Accueil\",\"item\":\"https:\/\/www.csj-emballages.com\/es\/universo-del-envasado-alimentario\/\"},{\"@type\":\"ListItem\",\"position\":2,\"name\":\"Tienda\",\"item\":\"https:\/\/www.csj-emballages.com\/tienda\/\"},{\"@type\":\"ListItem\",\"position\":3,\"name\":\"Vaso de cart\u00f3n dorado 20 cl, pack de 25\"}]},{\"@type\":\"WebSite\",\"@id\":\"https:\/\/www.csj-emballages.com\/es\/#website\",\"url\":\"https:\/\/www.csj-emballages.com\/es\/\",\"name\":\"CSJ Emballages\",\"description\":\"\",\"publisher\":{\"@id\":\"https:\/\/www.csj-emballages.com\/es\/#organization\"},\"potentialAction\":[{\"@type\":\"SearchAction\",\"target\":{\"@type\":\"EntryPoint\",\"urlTemplate\":\"https:\/\/www.csj-emballages.com\/es\/?s={search_term_string}\"},\"query-input\":{\"@type\":\"PropertyValueSpecification\",\"valueRequired\":true,\"valueName\":\"search_term_string\"}}],\"inLanguage\":\"es\"},{\"@type\":\"Organization\",\"@id\":\"https:\/\/www.csj-emballages.com\/es\/#Organization\/\",\"name\":\"CSJ Emballages\",\"url\":\"https:\/\/www.csj-emballages.com\/es\/\",\"logo\":{\"@type\":\"ImageObject\",\"inLanguage\":\"es\",\"@id\":\"https:\/\/www.csj-emballages.com\/es\/#\/schema\/logo\/image\/\",\"url\":\"https:\/\/www.csj-emballages.com\/wp-content\/uploads\/2023\/10\/logo_csj.webp\",\"contentUrl\":\"https:\/\/www.csj-emballages.com\/wp-content\/uploads\/2023\/10\/logo_csj.webp\",\"width\":250,\"height\":95,\"caption\":\"CSJ Emballages\"},\"image\":{\"@id\":\"https:\/\/www.csj-emballages.com\/es\/#\/schema\/logo\/image\/\"},\"sameAs\":[\"https:\/\/www.facebook.com\/csjemballages\"],\"address\":{\"@type\":\"PostalAddress\",\"streetAddress\":\"ZI La Lechere\",\"addressLocality\":\"Patornay\",\"postalCode\":\"39130\",\"addressCountry\":\"FR\"},\"contactPoint\":[{\"@type\":\"ContactPoint\",\"contactType\":\"Service client\",\"telephone\":\"0384254272\",\"email\":\"contact@csj-emballages.com\"}]}]}<\/script>\n<!-- \/ Yoast SEO Premium plugin. -->","yoast_head_json":{"title":"Vaso de Cart\u00f3n Dorado 20 cl por 25","description":"Vaso de cart\u00f3n dorado 20 cl, pack de 25: dise\u00f1o elegante y pr\u00e1ctico para bebidas calientes o fr\u00edas. Catering y eventos festivos.","robots":{"index":"index","follow":"follow","max-snippet":"max-snippet:-1","max-image-preview":"max-image-preview:large","max-video-preview":"max-video-preview:-1"},"canonical":"https:\/\/www.csj-emballages.com\/es\/produit\/25-vasos-de-carton-dorado-de-20-cl\/","og_locale":"es_ES","og_type":"article","og_title":"Vaso de cart\u00f3n dorado 20 cl, pack de 25","og_description":"Vaso de cart\u00f3n dorado 20 cl, pack de 25: dise\u00f1o elegante y pr\u00e1ctico para bebidas calientes o fr\u00edas. Catering y eventos festivos.","og_url":"https:\/\/www.csj-emballages.com\/es\/produit\/25-vasos-de-carton-dorado-de-20-cl\/","og_site_name":"CSJ Emballages","article_publisher":"https:\/\/www.facebook.com\/csjemballages","article_modified_time":"2026-04-14T00:16:54+00:00","og_image":[{"width":800,"height":800,"url":"https:\/\/www.csj-emballages.com\/wp-content\/uploads\/2024\/03\/GM20ORR.webp","type":"image\/webp"}],"twitter_card":"summary_large_image","twitter_misc":{"Tiempo de lectura":"1 minuto"},"schema":{"@context":"https:\/\/schema.org","@graph":[{"@type":"WebPage","@id":"https:\/\/www.csj-emballages.com\/es\/produit\/25-vasos-de-carton-dorado-de-20-cl\/","url":"https:\/\/www.csj-emballages.com\/es\/produit\/25-vasos-de-carton-dorado-de-20-cl\/","name":"Vaso de Cart\u00f3n Dorado 20 cl por 25","isPartOf":{"@id":"https:\/\/www.csj-emballages.com\/es\/#website"},"primaryImageOfPage":{"@id":"https:\/\/www.csj-emballages.com\/es\/produit\/25-vasos-de-carton-dorado-de-20-cl\/#primaryimage"},"image":{"@id":"https:\/\/www.csj-emballages.com\/es\/produit\/25-vasos-de-carton-dorado-de-20-cl\/#primaryimage"},"thumbnailUrl":"https:\/\/www.csj-emballages.com\/wp-content\/uploads\/2024\/03\/GM20ORR.webp","datePublished":"2024-03-01T15:53:28+00:00","dateModified":"2026-04-14T00:16:54+00:00","description":"Vaso de cart\u00f3n dorado 20 cl, pack de 25: dise\u00f1o elegante y pr\u00e1ctico para bebidas calientes o fr\u00edas. Catering y eventos festivos.","breadcrumb":{"@id":"https:\/\/www.csj-emballages.com\/es\/produit\/25-vasos-de-carton-dorado-de-20-cl\/#breadcrumb"},"inLanguage":"es","potentialAction":[{"@type":"ReadAction","target":["https:\/\/www.csj-emballages.com\/es\/produit\/25-vasos-de-carton-dorado-de-20-cl\/"]}]},{"@type":"ImageObject","inLanguage":"es","@id":"https:\/\/www.csj-emballages.com\/es\/produit\/25-vasos-de-carton-dorado-de-20-cl\/#primaryimage","url":"https:\/\/www.csj-emballages.com\/wp-content\/uploads\/2024\/03\/GM20ORR.webp","contentUrl":"https:\/\/www.csj-emballages.com\/wp-content\/uploads\/2024\/03\/GM20ORR.webp","width":800,"height":800,"caption":"Gobelet carton or"},{"@type":"BreadcrumbList","@id":"https:\/\/www.csj-emballages.com\/es\/produit\/25-vasos-de-carton-dorado-de-20-cl\/#breadcrumb","itemListElement":[{"@type":"ListItem","position":1,"name":"Accueil","item":"https:\/\/www.csj-emballages.com\/es\/universo-del-envasado-alimentario\/"},{"@type":"ListItem","position":2,"name":"Tienda","item":"https:\/\/www.csj-emballages.com\/tienda\/"},{"@type":"ListItem","position":3,"name":"Vaso de cart\u00f3n dorado 20 cl, pack de 25"}]},{"@type":"WebSite","@id":"https:\/\/www.csj-emballages.com\/es\/#website","url":"https:\/\/www.csj-emballages.com\/es\/","name":"CSJ Emballages","description":"","publisher":{"@id":"https:\/\/www.csj-emballages.com\/es\/#organization"},"potentialAction":[{"@type":"SearchAction","target":{"@type":"EntryPoint","urlTemplate":"https:\/\/www.csj-emballages.com\/es\/?s={search_term_string}"},"query-input":{"@type":"PropertyValueSpecification","valueRequired":true,"valueName":"search_term_string"}}],"inLanguage":"es"},{"@type":"Organization","@id":"https:\/\/www.csj-emballages.com\/es\/#Organization\/","name":"CSJ Emballages","url":"https:\/\/www.csj-emballages.com\/es\/","logo":{"@type":"ImageObject","inLanguage":"es","@id":"https:\/\/www.csj-emballages.com\/es\/#\/schema\/logo\/image\/","url":"https:\/\/www.csj-emballages.com\/wp-content\/uploads\/2023\/10\/logo_csj.webp","contentUrl":"https:\/\/www.csj-emballages.com\/wp-content\/uploads\/2023\/10\/logo_csj.webp","width":250,"height":95,"caption":"CSJ Emballages"},"image":{"@id":"https:\/\/www.csj-emballages.com\/es\/#\/schema\/logo\/image\/"},"sameAs":["https:\/\/www.facebook.com\/csjemballages"],"address":{"@type":"PostalAddress","streetAddress":"ZI La Lechere","addressLocality":"Patornay","postalCode":"39130","addressCountry":"FR"},"contactPoint":[{"@type":"ContactPoint","contactType":"Service client","telephone":"0384254272","email":"contact@csj-emballages.com"}]}]}},"df_price":2.5,"df_sale_price":"","df_regular_price":2.5,"df_image_link":"https:\/\/www.csj-emballages.com\/wp-content\/uploads\/2024\/03\/GM20ORR-300x300.webp","tiered_pricing_type":"fixed","tiered_pricing_fixed_rules":[],"tiered_pricing_percentage_rules":[],"tiered_pricing_minimum":1,"tiered_pricing_roles_data":[],"_links":{"self":[{"href":"https:\/\/www.csj-emballages.com\/es\/wp-json\/wp\/v2\/product\/21071","targetHints":{"allow":["GET"]}}],"collection":[{"href":"https:\/\/www.csj-emballages.com\/es\/wp-json\/wp\/v2\/product"}],"about":[{"href":"https:\/\/www.csj-emballages.com\/es\/wp-json\/wp\/v2\/types\/product"}],"wp:featuredmedia":[{"embeddable":true,"href":"https:\/\/www.csj-emballages.com\/es\/wp-json\/wp\/v2\/media\/277056"}],"wp:attachment":[{"href":"https:\/\/www.csj-emballages.com\/es\/wp-json\/wp\/v2\/media?parent=21071"}],"wp:term":[{"taxonomy":"product_brand","embeddable":true,"href":"https:\/\/www.csj-emballages.com\/es\/wp-json\/wp\/v2\/product_brand?post=21071"},{"taxonomy":"product_cat","embeddable":true,"href":"https:\/\/www.csj-emballages.com\/es\/wp-json\/wp\/v2\/product_cat?post=21071"},{"taxonomy":"product_tag","embeddable":true,"href":"https:\/\/www.csj-emballages.com\/es\/wp-json\/wp\/v2\/product_tag?post=21071"}],"curies":[{"name":"wp","href":"https:\/\/api.w.org\/{rel}","templated":true}]}}