{"id":21070,"date":"2024-03-01T16:53:27","date_gmt":"2024-03-01T15:53:27","guid":{"rendered":"https:\/\/u15jnbdpoq.preview.infomaniak.website\/produit\/25-vasos-de-papel-verde-anis-20-cl\/"},"modified":"2026-04-15T02:14:08","modified_gmt":"2026-04-15T00:14:08","slug":"25-vasos-de-papel-verde-anis-20-cl","status":"publish","type":"product","link":"https:\/\/www.csj-emballages.com\/es\/produit\/25-vasos-de-papel-verde-anis-20-cl\/","title":{"rendered":"Vaso de cart\u00f3n verde an\u00eds 20 cl pack de 25"},"content":{"rendered":"<h2>Vaso de cart\u00f3n<\/h2>\n<hr>\n<h3>Vaso de cart\u00f3n verde an\u00eds 20 cl pack de 8<\/h3>\n<p><!--more--><\/p>\n<p data-start=\"82\" data-end=\"338\">Aporte un toque de vitalidad a sus bebidas con este <strong>vaso de cart\u00f3n verde an\u00eds de 20 cl<\/strong>. Su <strong>color luminoso y lleno de frescura<\/strong> transmite de inmediato una impresi\u00f3n de dinamismo y modernidad, perfecta para captar la atenci\u00f3n y valorizar su servicio. <\/p>\n<p data-start=\"340\" data-end=\"589\">Ya sea para un <strong>caf\u00e9 para llevar, una bebida fr\u00eda o un evento<\/strong>, este <strong>vaso<\/strong> destaca por su originalidad manteniendo un estilo profesional. El verde an\u00eds evoca la naturaleza, la energ\u00eda y la frescura, ideal para una imagen positiva y actual. <\/p>\n<p data-start=\"641\" data-end=\"835\">El <strong>verde an\u00eds es un tono vivo y refrescante<\/strong> que atrae la mirada de forma natural. Aporta un toque moderno y acogedor a su servicio, perfecto para crear un ambiente din\u00e1mico. <\/p>\n<p data-start=\"602\" data-end=\"822\"><!--more--><\/p>\n<h4 data-start=\"602\" data-end=\"822\">Ventajas :<\/h4>\n<ul>\n<li data-section-id=\"zve0vx\" data-start=\"899\" data-end=\"981\">Aporta frescura y modernidad<\/li>\n<li data-section-id=\"1kd1pfo\" data-start=\"982\" data-end=\"1054\">Perfecto para bebidas calientes y fr\u00edas<\/li>\n<li data-section-id=\"1yxyqio\" data-start=\"1055\" data-end=\"1112\"><strong data-start=\"1062\" data-end=\"1076\">Polivalente<\/strong>: caf\u00e9, t\u00e9, chocolate, zumos, refrescos<\/li>\n<li data-section-id=\"cei3yx\" data-start=\"1113\" data-end=\"1181\">Apto para venta para llevar y eventos<\/li>\n<li data-section-id=\"193slh8\" data-start=\"1182\" data-end=\"1243\"><strong data-start=\"1187\" data-end=\"1197\">Cart\u00f3n<\/strong>: alternativa m\u00e1s responsable que el pl\u00e1stico<\/li>\n<\/ul>\n<p>&nbsp;<\/p>\n<p><!--more--><\/p>\n<h4>Informaci\u00f3n adicional :<\/h4>\n<ul>\n<li><strong>Envase<\/strong>: Paquete de 25<\/li>\n<li><strong>Di\u00e1metro superior<\/strong>: \u00d875 mm<\/li>\n<li><strong>Di\u00e1metro interior<\/strong>: \u00d850 mm<\/li>\n<li><strong>Altura<\/strong>: 90 mm<\/li>\n<li><strong>Material<\/strong>: Cart\u00f3n<\/li>\n<li><strong>Color<\/strong>: verde an\u00eds<\/li>\n<\/ul>\n<p>&nbsp;<\/p>\n<p><!--more--><\/p>\n<p><a href=\"https:\/\/www.csj-emballages.com\/es\/categorie-produit\/envasado-de-alimentos\/catering-es\/tazas-vasos-cubos-botellas\/vasos-de-carton\/vasos-de-papel-de-colores\/\">Ver el resto de nuestra gama de vasos de papel de colores<\/a><\/p>\n","protected":false},"excerpt":{"rendered":"<p>Vaso de cart\u00f3n Vaso de cart\u00f3n verde an\u00eds 20 cl pack de 8<\/p>\n","protected":false},"featured_media":277366,"template":"","meta":{"_acf_changed":false},"product_brand":[],"product_cat":[1462,2716],"product_tag":[],"class_list":{"0":"post-21070","1":"product","2":"type-product","3":"status-publish","4":"has-post-thumbnail","6":"product_cat-tazas-vasos-cubos-botellas","7":"product_cat-vasos-de-papel-de-colores","9":"first","10":"instock","11":"taxable","12":"shipping-taxable","13":"purchasable","14":"product-type-simple"},"acf":[],"yoast_head":"<!-- This site is optimized with the Yoast SEO Premium plugin v26.6 (Yoast SEO v26.6) - https:\/\/yoast.com\/wordpress\/plugins\/seo\/ -->\n<title>Vaso de Cart\u00f3n Verde An\u00eds 20 cl pack de 25<\/title>\n<meta name=\"description\" content=\"Vaso de cart\u00f3n verde an\u00eds 20 cl: colorido, fresco y moderno para bebidas calientes o fr\u00edas. Ideal para restauraci\u00f3n r\u00e1pida, eventos y comida para llevar.\" \/>\n<meta name=\"robots\" content=\"index, follow, max-snippet:-1, max-image-preview:large, max-video-preview:-1\" \/>\n<link rel=\"canonical\" href=\"https:\/\/www.csj-emballages.com\/es\/produit\/25-vasos-de-papel-verde-anis-20-cl\/\" \/>\n<meta property=\"og:locale\" content=\"es_ES\" \/>\n<meta property=\"og:type\" content=\"article\" \/>\n<meta property=\"og:title\" content=\"Vaso de cart\u00f3n verde an\u00eds 20 cl pack de 25\" \/>\n<meta property=\"og:description\" content=\"Vaso de cart\u00f3n verde an\u00eds 20 cl: colorido, fresco y moderno para bebidas calientes o fr\u00edas. Ideal para restauraci\u00f3n r\u00e1pida, eventos y comida para llevar.\" \/>\n<meta property=\"og:url\" content=\"https:\/\/www.csj-emballages.com\/es\/produit\/25-vasos-de-papel-verde-anis-20-cl\/\" \/>\n<meta property=\"og:site_name\" content=\"CSJ Emballages\" \/>\n<meta property=\"article:publisher\" content=\"https:\/\/www.facebook.com\/csjemballages\" \/>\n<meta property=\"article:modified_time\" content=\"2026-04-15T00:14:08+00:00\" \/>\n<meta property=\"og:image\" content=\"https:\/\/www.csj-emballages.com\/wp-content\/uploads\/2024\/03\/GM20VA.webp\" \/>\n\t<meta property=\"og:image:width\" content=\"800\" \/>\n\t<meta property=\"og:image:height\" content=\"800\" \/>\n\t<meta property=\"og:image:type\" content=\"image\/webp\" \/>\n<meta name=\"twitter:card\" content=\"summary_large_image\" \/>\n<meta name=\"twitter:label1\" content=\"Tiempo de lectura\" \/>\n\t<meta name=\"twitter:data1\" content=\"1 minuto\" \/>\n<script type=\"application\/ld+json\" class=\"yoast-schema-graph\">{\"@context\":\"https:\/\/schema.org\",\"@graph\":[{\"@type\":\"WebPage\",\"@id\":\"https:\/\/www.csj-emballages.com\/es\/produit\/25-vasos-de-papel-verde-anis-20-cl\/\",\"url\":\"https:\/\/www.csj-emballages.com\/es\/produit\/25-vasos-de-papel-verde-anis-20-cl\/\",\"name\":\"Vaso de Cart\u00f3n Verde An\u00eds 20 cl pack de 25\",\"isPartOf\":{\"@id\":\"https:\/\/www.csj-emballages.com\/es\/#website\"},\"primaryImageOfPage\":{\"@id\":\"https:\/\/www.csj-emballages.com\/es\/produit\/25-vasos-de-papel-verde-anis-20-cl\/#primaryimage\"},\"image\":{\"@id\":\"https:\/\/www.csj-emballages.com\/es\/produit\/25-vasos-de-papel-verde-anis-20-cl\/#primaryimage\"},\"thumbnailUrl\":\"https:\/\/www.csj-emballages.com\/wp-content\/uploads\/2024\/03\/GM20VA.webp\",\"datePublished\":\"2024-03-01T15:53:27+00:00\",\"dateModified\":\"2026-04-15T00:14:08+00:00\",\"description\":\"Vaso de cart\u00f3n verde an\u00eds 20 cl: colorido, fresco y moderno para bebidas calientes o fr\u00edas. Ideal para restauraci\u00f3n r\u00e1pida, eventos y comida para llevar.\",\"breadcrumb\":{\"@id\":\"https:\/\/www.csj-emballages.com\/es\/produit\/25-vasos-de-papel-verde-anis-20-cl\/#breadcrumb\"},\"inLanguage\":\"es\",\"potentialAction\":[{\"@type\":\"ReadAction\",\"target\":[\"https:\/\/www.csj-emballages.com\/es\/produit\/25-vasos-de-papel-verde-anis-20-cl\/\"]}]},{\"@type\":\"ImageObject\",\"inLanguage\":\"es\",\"@id\":\"https:\/\/www.csj-emballages.com\/es\/produit\/25-vasos-de-papel-verde-anis-20-cl\/#primaryimage\",\"url\":\"https:\/\/www.csj-emballages.com\/wp-content\/uploads\/2024\/03\/GM20VA.webp\",\"contentUrl\":\"https:\/\/www.csj-emballages.com\/wp-content\/uploads\/2024\/03\/GM20VA.webp\",\"width\":800,\"height\":800,\"caption\":\"Gobelet carton\"},{\"@type\":\"BreadcrumbList\",\"@id\":\"https:\/\/www.csj-emballages.com\/es\/produit\/25-vasos-de-papel-verde-anis-20-cl\/#breadcrumb\",\"itemListElement\":[{\"@type\":\"ListItem\",\"position\":1,\"name\":\"Accueil\",\"item\":\"https:\/\/www.csj-emballages.com\/es\/universo-del-envasado-alimentario\/\"},{\"@type\":\"ListItem\",\"position\":2,\"name\":\"Tienda\",\"item\":\"https:\/\/www.csj-emballages.com\/tienda\/\"},{\"@type\":\"ListItem\",\"position\":3,\"name\":\"Vaso de cart\u00f3n verde an\u00eds 20 cl pack de 25\"}]},{\"@type\":\"WebSite\",\"@id\":\"https:\/\/www.csj-emballages.com\/es\/#website\",\"url\":\"https:\/\/www.csj-emballages.com\/es\/\",\"name\":\"CSJ Emballages\",\"description\":\"\",\"publisher\":{\"@id\":\"https:\/\/www.csj-emballages.com\/es\/#organization\"},\"potentialAction\":[{\"@type\":\"SearchAction\",\"target\":{\"@type\":\"EntryPoint\",\"urlTemplate\":\"https:\/\/www.csj-emballages.com\/es\/?s={search_term_string}\"},\"query-input\":{\"@type\":\"PropertyValueSpecification\",\"valueRequired\":true,\"valueName\":\"search_term_string\"}}],\"inLanguage\":\"es\"},{\"@type\":\"Organization\",\"@id\":\"https:\/\/www.csj-emballages.com\/es\/#Organization\/\",\"name\":\"CSJ Emballages\",\"url\":\"https:\/\/www.csj-emballages.com\/es\/\",\"logo\":{\"@type\":\"ImageObject\",\"inLanguage\":\"es\",\"@id\":\"https:\/\/www.csj-emballages.com\/es\/#\/schema\/logo\/image\/\",\"url\":\"https:\/\/www.csj-emballages.com\/wp-content\/uploads\/2023\/10\/logo_csj.webp\",\"contentUrl\":\"https:\/\/www.csj-emballages.com\/wp-content\/uploads\/2023\/10\/logo_csj.webp\",\"width\":250,\"height\":95,\"caption\":\"CSJ Emballages\"},\"image\":{\"@id\":\"https:\/\/www.csj-emballages.com\/es\/#\/schema\/logo\/image\/\"},\"sameAs\":[\"https:\/\/www.facebook.com\/csjemballages\"],\"address\":{\"@type\":\"PostalAddress\",\"streetAddress\":\"ZI La Lechere\",\"addressLocality\":\"Patornay\",\"postalCode\":\"39130\",\"addressCountry\":\"FR\"},\"contactPoint\":[{\"@type\":\"ContactPoint\",\"contactType\":\"Service client\",\"telephone\":\"0384254272\",\"email\":\"contact@csj-emballages.com\"}]}]}<\/script>\n<!-- \/ Yoast SEO Premium plugin. -->","yoast_head_json":{"title":"Vaso de Cart\u00f3n Verde An\u00eds 20 cl pack de 25","description":"Vaso de cart\u00f3n verde an\u00eds 20 cl: colorido, fresco y moderno para bebidas calientes o fr\u00edas. Ideal para restauraci\u00f3n r\u00e1pida, eventos y comida para llevar.","robots":{"index":"index","follow":"follow","max-snippet":"max-snippet:-1","max-image-preview":"max-image-preview:large","max-video-preview":"max-video-preview:-1"},"canonical":"https:\/\/www.csj-emballages.com\/es\/produit\/25-vasos-de-papel-verde-anis-20-cl\/","og_locale":"es_ES","og_type":"article","og_title":"Vaso de cart\u00f3n verde an\u00eds 20 cl pack de 25","og_description":"Vaso de cart\u00f3n verde an\u00eds 20 cl: colorido, fresco y moderno para bebidas calientes o fr\u00edas. Ideal para restauraci\u00f3n r\u00e1pida, eventos y comida para llevar.","og_url":"https:\/\/www.csj-emballages.com\/es\/produit\/25-vasos-de-papel-verde-anis-20-cl\/","og_site_name":"CSJ Emballages","article_publisher":"https:\/\/www.facebook.com\/csjemballages","article_modified_time":"2026-04-15T00:14:08+00:00","og_image":[{"width":800,"height":800,"url":"https:\/\/www.csj-emballages.com\/wp-content\/uploads\/2024\/03\/GM20VA.webp","type":"image\/webp"}],"twitter_card":"summary_large_image","twitter_misc":{"Tiempo de lectura":"1 minuto"},"schema":{"@context":"https:\/\/schema.org","@graph":[{"@type":"WebPage","@id":"https:\/\/www.csj-emballages.com\/es\/produit\/25-vasos-de-papel-verde-anis-20-cl\/","url":"https:\/\/www.csj-emballages.com\/es\/produit\/25-vasos-de-papel-verde-anis-20-cl\/","name":"Vaso de Cart\u00f3n Verde An\u00eds 20 cl pack de 25","isPartOf":{"@id":"https:\/\/www.csj-emballages.com\/es\/#website"},"primaryImageOfPage":{"@id":"https:\/\/www.csj-emballages.com\/es\/produit\/25-vasos-de-papel-verde-anis-20-cl\/#primaryimage"},"image":{"@id":"https:\/\/www.csj-emballages.com\/es\/produit\/25-vasos-de-papel-verde-anis-20-cl\/#primaryimage"},"thumbnailUrl":"https:\/\/www.csj-emballages.com\/wp-content\/uploads\/2024\/03\/GM20VA.webp","datePublished":"2024-03-01T15:53:27+00:00","dateModified":"2026-04-15T00:14:08+00:00","description":"Vaso de cart\u00f3n verde an\u00eds 20 cl: colorido, fresco y moderno para bebidas calientes o fr\u00edas. Ideal para restauraci\u00f3n r\u00e1pida, eventos y comida para llevar.","breadcrumb":{"@id":"https:\/\/www.csj-emballages.com\/es\/produit\/25-vasos-de-papel-verde-anis-20-cl\/#breadcrumb"},"inLanguage":"es","potentialAction":[{"@type":"ReadAction","target":["https:\/\/www.csj-emballages.com\/es\/produit\/25-vasos-de-papel-verde-anis-20-cl\/"]}]},{"@type":"ImageObject","inLanguage":"es","@id":"https:\/\/www.csj-emballages.com\/es\/produit\/25-vasos-de-papel-verde-anis-20-cl\/#primaryimage","url":"https:\/\/www.csj-emballages.com\/wp-content\/uploads\/2024\/03\/GM20VA.webp","contentUrl":"https:\/\/www.csj-emballages.com\/wp-content\/uploads\/2024\/03\/GM20VA.webp","width":800,"height":800,"caption":"Gobelet carton"},{"@type":"BreadcrumbList","@id":"https:\/\/www.csj-emballages.com\/es\/produit\/25-vasos-de-papel-verde-anis-20-cl\/#breadcrumb","itemListElement":[{"@type":"ListItem","position":1,"name":"Accueil","item":"https:\/\/www.csj-emballages.com\/es\/universo-del-envasado-alimentario\/"},{"@type":"ListItem","position":2,"name":"Tienda","item":"https:\/\/www.csj-emballages.com\/tienda\/"},{"@type":"ListItem","position":3,"name":"Vaso de cart\u00f3n verde an\u00eds 20 cl pack de 25"}]},{"@type":"WebSite","@id":"https:\/\/www.csj-emballages.com\/es\/#website","url":"https:\/\/www.csj-emballages.com\/es\/","name":"CSJ Emballages","description":"","publisher":{"@id":"https:\/\/www.csj-emballages.com\/es\/#organization"},"potentialAction":[{"@type":"SearchAction","target":{"@type":"EntryPoint","urlTemplate":"https:\/\/www.csj-emballages.com\/es\/?s={search_term_string}"},"query-input":{"@type":"PropertyValueSpecification","valueRequired":true,"valueName":"search_term_string"}}],"inLanguage":"es"},{"@type":"Organization","@id":"https:\/\/www.csj-emballages.com\/es\/#Organization\/","name":"CSJ Emballages","url":"https:\/\/www.csj-emballages.com\/es\/","logo":{"@type":"ImageObject","inLanguage":"es","@id":"https:\/\/www.csj-emballages.com\/es\/#\/schema\/logo\/image\/","url":"https:\/\/www.csj-emballages.com\/wp-content\/uploads\/2023\/10\/logo_csj.webp","contentUrl":"https:\/\/www.csj-emballages.com\/wp-content\/uploads\/2023\/10\/logo_csj.webp","width":250,"height":95,"caption":"CSJ Emballages"},"image":{"@id":"https:\/\/www.csj-emballages.com\/es\/#\/schema\/logo\/image\/"},"sameAs":["https:\/\/www.facebook.com\/csjemballages"],"address":{"@type":"PostalAddress","streetAddress":"ZI La Lechere","addressLocality":"Patornay","postalCode":"39130","addressCountry":"FR"},"contactPoint":[{"@type":"ContactPoint","contactType":"Service client","telephone":"0384254272","email":"contact@csj-emballages.com"}]}]}},"df_price":2.02,"df_sale_price":"","df_regular_price":2.02,"df_image_link":"https:\/\/www.csj-emballages.com\/wp-content\/uploads\/2024\/03\/GM20VA-300x300.webp","tiered_pricing_type":"fixed","tiered_pricing_fixed_rules":[],"tiered_pricing_percentage_rules":[],"tiered_pricing_minimum":1,"tiered_pricing_roles_data":[],"_links":{"self":[{"href":"https:\/\/www.csj-emballages.com\/es\/wp-json\/wp\/v2\/product\/21070","targetHints":{"allow":["GET"]}}],"collection":[{"href":"https:\/\/www.csj-emballages.com\/es\/wp-json\/wp\/v2\/product"}],"about":[{"href":"https:\/\/www.csj-emballages.com\/es\/wp-json\/wp\/v2\/types\/product"}],"wp:featuredmedia":[{"embeddable":true,"href":"https:\/\/www.csj-emballages.com\/es\/wp-json\/wp\/v2\/media\/277366"}],"wp:attachment":[{"href":"https:\/\/www.csj-emballages.com\/es\/wp-json\/wp\/v2\/media?parent=21070"}],"wp:term":[{"taxonomy":"product_brand","embeddable":true,"href":"https:\/\/www.csj-emballages.com\/es\/wp-json\/wp\/v2\/product_brand?post=21070"},{"taxonomy":"product_cat","embeddable":true,"href":"https:\/\/www.csj-emballages.com\/es\/wp-json\/wp\/v2\/product_cat?post=21070"},{"taxonomy":"product_tag","embeddable":true,"href":"https:\/\/www.csj-emballages.com\/es\/wp-json\/wp\/v2\/product_tag?post=21070"}],"curies":[{"name":"wp","href":"https:\/\/api.w.org\/{rel}","templated":true}]}}