{"id":21047,"date":"2024-03-01T16:53:30","date_gmt":"2024-03-01T15:53:30","guid":{"rendered":"https:\/\/u15jnbdpoq.preview.infomaniak.website\/produit\/100-guantes-de-examen-de-latex-en-polvo-medianos-8\/"},"modified":"2026-04-03T02:16:30","modified_gmt":"2026-04-03T00:16:30","slug":"100-guantes-de-examen-de-latex-en-polvo-medianos-8","status":"publish","type":"product","link":"https:\/\/www.csj-emballages.com\/es\/produit\/100-guantes-de-examen-de-latex-en-polvo-medianos-8\/","title":{"rendered":"Guante de l\u00e1tex con polvo para examen, mediano 8 por 100"},"content":{"rendered":"<h2>Guante de l\u00e1tex con polvo<\/h2>\n<hr>\n<h3>Descubra nuestro guante de l\u00e1tex con polvo para examen, mediano 8 por 100<\/h3>\n<p><!--more--><\/p>\n<p data-start=\"257\" data-end=\"721\">Cuando el trabajo exige precisi\u00f3n y reactividad, estos <strong data-start=\"323\" data-end=\"365\">guantes de l\u00e1tex con polvo, talla mediana 8<\/strong> responden a la perfecci\u00f3n. Dise\u00f1ados para las manos m\u00e1s finas, ofrecen un ajuste c\u00f3modo que permite mantener una buena libertad de movimiento, incluso durante un uso prolongado. Desde el momento en que se ponen, el <strong>polvo<\/strong> facilita la colocaci\u00f3n y evita la sensaci\u00f3n de tirantez, lo cual es particularmente apreciable cuando los cambios de guantes son frecuentes.  <\/p>\n<p data-start=\"723\" data-end=\"1081\">Gracias al <strong>l\u00e1tex natural<\/strong>, estos <strong>guantes<\/strong> aseguran una excelente sensibilidad t\u00e1ctil. De este modo, mantiene un contacto preciso con los instrumentos, las superficies o los productos manipulados. Ya sea en el \u00e1mbito m\u00e9dico, en el laboratorio, en colectividades o para ciertos usos profesionales que requieran higiene y protecci\u00f3n, se adaptan f\u00e1cilmente a su d\u00eda a d\u00eda.  <\/p>\n<p data-start=\"1083\" data-end=\"1438\">Adem\u00e1s, su resistencia permite trabajar con total confianza sin temor a que se rompan al menor gesto. Constituyen una barrera eficaz contra la suciedad y los contactos directos, sin dejar de ser agradables de llevar. La <strong>caja dispensadora<\/strong> de <strong data-start=\"1342\" data-end=\"1355\">100 guantes<\/strong> es pr\u00e1ctica, f\u00e1cil de almacenar e ideal para mantener un puesto de trabajo organizado.  <\/p>\n<p data-start=\"1440\" data-end=\"1705\">Por otra parte, su <strong>color claro<\/strong> permite detectar r\u00e1pidamente cualquier anomal\u00eda o rastro, lo que refuerza la seguridad durante las manipulaciones. Sencillos, fiables y c\u00f3modos, estos guantes son una elecci\u00f3n segura para quienes buscan una soluci\u00f3n eficaz sin concesiones. <\/p>\n<p data-start=\"1707\" data-end=\"1837\">En resumen, estos <strong>guantes de l\u00e1tex con polvo, talla M<\/strong> combinan confort, precisi\u00f3n y practicidad para acompa\u00f1ar cada gesto con serenidad.<\/p>\n<p data-start=\"1707\" data-end=\"1837\"><!--more--><\/p>\n<h4 data-start=\"1707\" data-end=\"1837\">Ventajas :<\/h4>\n<ul>\n<li data-start=\"1865\" data-end=\"1905\"><strong>Talla M 8<\/strong> adaptada a las manos finas.<\/li>\n<li data-start=\"1908\" data-end=\"1943\">Colocaci\u00f3n r\u00e1pida gracias al polvo.<\/li>\n<li data-start=\"1946\" data-end=\"1973\">Buena sensibilidad t\u00e1ctil.<\/li>\n<li data-start=\"1976\" data-end=\"2003\">L\u00e1tex flexible y resistente.<\/li>\n<li data-start=\"2006\" data-end=\"2035\">Caja pr\u00e1ctica de <strong>100 guantes<\/strong>.<\/li>\n<li data-start=\"2038\" data-end=\"2082\">Adecuado para numerosos usos profesionales.<\/li>\n<\/ul>\n<p>&nbsp;<\/p>\n<p><!--more--><\/p>\n<h4>Informaci\u00f3n adicional :<\/h4>\n<ul>\n<li><strong>Embalaje<\/strong>: Paquete de 100<\/li>\n<li><strong>Talla<\/strong>: M<\/li>\n<li><strong>Longitud<\/strong>: 240 mm<\/li>\n<li><strong>Ancho de la palma<\/strong>: 95 mm<\/li>\n<li><strong>Peso<\/strong>: 5,0 g<\/li>\n<li><strong>Material<\/strong>: L\u00e1tex (con polvo)<\/li>\n<\/ul>\n<p>&nbsp;<\/p>\n<p><!--more--><\/p>\n<p>Aqu\u00ed encontrar\u00e1 todas las tallas disponibles para estos guantes de l\u00e1tex sin polvo: <span style=\"color: #d12727;\"><a style=\"color: #d12727;\" href=\"https:\/\/www.csj-emballages.com\/produit\/gants-dexamen-latex-poudre-small-6-5\/\">Small<\/a><\/span> \/ <span style=\"color: #d12727;\"><a style=\"color: #d12727;\" href=\"https:\/\/www.csj-emballages.com\/es\/produit\/100-guantes-de-examen-de-latex-en-polvo-grandes-9\/\">Large<\/a><\/span> \/ <span style=\"color: #d12727;\"><a style=\"color: #d12727;\" href=\"https:\/\/www.csj-emballages.com\/es\/produit\/100-guantes-de-examen-de-latex-en-polvo-extragrandes-95\/\">Extra large<\/a><\/span><\/p>\n<p>&nbsp;<\/p>\n<p><!--more--><\/p>\n<p><a href=\"https:\/\/www.csj-emballages.com\/es\/categorie-produit\/higiene-y-mantenimiento\/equipamiento-individual\/guantes\/guantes-de-latex\/guantes-de-latex-en-polvo\/\">Consulte el resto de nuestra gama de guantes de l\u00e1tex con polvo<\/a><\/p>\n","protected":false},"excerpt":{"rendered":"<p>Guante de l\u00e1tex con polvo Descubra nuestro guante de l\u00e1tex con polvo para examen, mediano 8 por 100<\/p>\n","protected":false},"featured_media":262204,"template":"","meta":{"_acf_changed":false},"product_brand":[],"product_cat":[1226,2325,2700,2703,2714],"product_tag":[],"class_list":{"0":"post-21047","1":"product","2":"type-product","3":"status-publish","4":"has-post-thumbnail","6":"product_cat-higiene-y-mantenimiento","7":"product_cat-equipamiento-individual","8":"product_cat-guantes","9":"product_cat-guantes-de-latex","10":"product_cat-guantes-de-latex-en-polvo","12":"first","13":"instock","14":"taxable","15":"shipping-taxable","16":"purchasable","17":"product-type-simple"},"acf":[],"yoast_head":"<!-- This site is optimized with the Yoast SEO Premium plugin v26.6 (Yoast SEO v26.6) - https:\/\/yoast.com\/wordpress\/plugins\/seo\/ -->\n<title>Guante de l\u00e1tex con polvo para examen, mediano 8 por 100<\/title>\n<meta name=\"description\" content=\"Guantes de l\u00e1tex con polvo para examen, talla M, c\u00f3modos y resistentes. Caja de 100 guantes, f\u00e1cil de poner y con excelente sensibilidad t\u00e1ctil.\" \/>\n<meta name=\"robots\" content=\"index, follow, max-snippet:-1, max-image-preview:large, max-video-preview:-1\" \/>\n<link rel=\"canonical\" href=\"https:\/\/www.csj-emballages.com\/es\/produit\/100-guantes-de-examen-de-latex-en-polvo-medianos-8\/\" \/>\n<meta property=\"og:locale\" content=\"es_ES\" \/>\n<meta property=\"og:type\" content=\"article\" \/>\n<meta property=\"og:title\" content=\"Guante de l\u00e1tex con polvo para examen, mediano 8 por 100\" \/>\n<meta property=\"og:description\" content=\"Guantes de l\u00e1tex con polvo para examen, talla M, c\u00f3modos y resistentes. Caja de 100 guantes, f\u00e1cil de poner y con excelente sensibilidad t\u00e1ctil.\" \/>\n<meta property=\"og:url\" content=\"https:\/\/www.csj-emballages.com\/es\/produit\/100-guantes-de-examen-de-latex-en-polvo-medianos-8\/\" \/>\n<meta property=\"og:site_name\" content=\"CSJ Emballages\" \/>\n<meta property=\"article:publisher\" content=\"https:\/\/www.facebook.com\/csjemballages\" \/>\n<meta property=\"article:modified_time\" content=\"2026-04-03T00:16:30+00:00\" \/>\n<meta property=\"og:image\" content=\"https:\/\/www.csj-emballages.com\/wp-content\/uploads\/2024\/03\/GLM.webp\" \/>\n\t<meta property=\"og:image:width\" content=\"800\" \/>\n\t<meta property=\"og:image:height\" content=\"800\" \/>\n\t<meta property=\"og:image:type\" content=\"image\/webp\" \/>\n<meta name=\"twitter:card\" content=\"summary_large_image\" \/>\n<meta name=\"twitter:label1\" content=\"Tiempo de lectura\" \/>\n\t<meta name=\"twitter:data1\" content=\"2 minutos\" \/>\n<script type=\"application\/ld+json\" class=\"yoast-schema-graph\">{\"@context\":\"https:\/\/schema.org\",\"@graph\":[{\"@type\":\"WebPage\",\"@id\":\"https:\/\/www.csj-emballages.com\/es\/produit\/100-guantes-de-examen-de-latex-en-polvo-medianos-8\/\",\"url\":\"https:\/\/www.csj-emballages.com\/es\/produit\/100-guantes-de-examen-de-latex-en-polvo-medianos-8\/\",\"name\":\"Guante de l\u00e1tex con polvo para examen, mediano 8 por 100\",\"isPartOf\":{\"@id\":\"https:\/\/www.csj-emballages.com\/es\/#website\"},\"primaryImageOfPage\":{\"@id\":\"https:\/\/www.csj-emballages.com\/es\/produit\/100-guantes-de-examen-de-latex-en-polvo-medianos-8\/#primaryimage\"},\"image\":{\"@id\":\"https:\/\/www.csj-emballages.com\/es\/produit\/100-guantes-de-examen-de-latex-en-polvo-medianos-8\/#primaryimage\"},\"thumbnailUrl\":\"https:\/\/www.csj-emballages.com\/wp-content\/uploads\/2024\/03\/Latex.webp\",\"datePublished\":\"2024-03-01T15:53:30+00:00\",\"dateModified\":\"2026-04-03T00:16:30+00:00\",\"description\":\"Guantes de l\u00e1tex con polvo para examen, talla M, c\u00f3modos y resistentes. Caja de 100 guantes, f\u00e1cil de poner y con excelente sensibilidad t\u00e1ctil.\",\"breadcrumb\":{\"@id\":\"https:\/\/www.csj-emballages.com\/es\/produit\/100-guantes-de-examen-de-latex-en-polvo-medianos-8\/#breadcrumb\"},\"inLanguage\":\"es\",\"potentialAction\":[{\"@type\":\"ReadAction\",\"target\":[\"https:\/\/www.csj-emballages.com\/es\/produit\/100-guantes-de-examen-de-latex-en-polvo-medianos-8\/\"]}]},{\"@type\":\"ImageObject\",\"inLanguage\":\"es\",\"@id\":\"https:\/\/www.csj-emballages.com\/es\/produit\/100-guantes-de-examen-de-latex-en-polvo-medianos-8\/#primaryimage\",\"url\":\"https:\/\/www.csj-emballages.com\/wp-content\/uploads\/2024\/03\/Latex.webp\",\"contentUrl\":\"https:\/\/www.csj-emballages.com\/wp-content\/uploads\/2024\/03\/Latex.webp\",\"width\":800,\"height\":800,\"caption\":\"Gant latex\"},{\"@type\":\"BreadcrumbList\",\"@id\":\"https:\/\/www.csj-emballages.com\/es\/produit\/100-guantes-de-examen-de-latex-en-polvo-medianos-8\/#breadcrumb\",\"itemListElement\":[{\"@type\":\"ListItem\",\"position\":1,\"name\":\"Accueil\",\"item\":\"https:\/\/www.csj-emballages.com\/es\/universo-del-envasado-alimentario\/\"},{\"@type\":\"ListItem\",\"position\":2,\"name\":\"Tienda\",\"item\":\"https:\/\/www.csj-emballages.com\/tienda\/\"},{\"@type\":\"ListItem\",\"position\":3,\"name\":\"Guante de l\u00e1tex con polvo para examen, mediano 8 por 100\"}]},{\"@type\":\"WebSite\",\"@id\":\"https:\/\/www.csj-emballages.com\/es\/#website\",\"url\":\"https:\/\/www.csj-emballages.com\/es\/\",\"name\":\"CSJ Emballages\",\"description\":\"\",\"publisher\":{\"@id\":\"https:\/\/www.csj-emballages.com\/es\/#organization\"},\"potentialAction\":[{\"@type\":\"SearchAction\",\"target\":{\"@type\":\"EntryPoint\",\"urlTemplate\":\"https:\/\/www.csj-emballages.com\/es\/?s={search_term_string}\"},\"query-input\":{\"@type\":\"PropertyValueSpecification\",\"valueRequired\":true,\"valueName\":\"search_term_string\"}}],\"inLanguage\":\"es\"},{\"@type\":\"Organization\",\"@id\":\"https:\/\/www.csj-emballages.com\/es\/#Organization\/\",\"name\":\"CSJ Emballages\",\"url\":\"https:\/\/www.csj-emballages.com\/es\/\",\"logo\":{\"@type\":\"ImageObject\",\"inLanguage\":\"es\",\"@id\":\"https:\/\/www.csj-emballages.com\/es\/#\/schema\/logo\/image\/\",\"url\":\"https:\/\/www.csj-emballages.com\/wp-content\/uploads\/2023\/10\/logo_csj.webp\",\"contentUrl\":\"https:\/\/www.csj-emballages.com\/wp-content\/uploads\/2023\/10\/logo_csj.webp\",\"width\":250,\"height\":95,\"caption\":\"CSJ Emballages\"},\"image\":{\"@id\":\"https:\/\/www.csj-emballages.com\/es\/#\/schema\/logo\/image\/\"},\"sameAs\":[\"https:\/\/www.facebook.com\/csjemballages\"],\"address\":{\"@type\":\"PostalAddress\",\"streetAddress\":\"ZI La Lechere\",\"addressLocality\":\"Patornay\",\"postalCode\":\"39130\",\"addressCountry\":\"FR\"},\"contactPoint\":[{\"@type\":\"ContactPoint\",\"contactType\":\"Service client\",\"telephone\":\"0384254272\",\"email\":\"contact@csj-emballages.com\"}]}]}<\/script>\n<!-- \/ Yoast SEO Premium plugin. -->","yoast_head_json":{"title":"Guante de l\u00e1tex con polvo para examen, mediano 8 por 100","description":"Guantes de l\u00e1tex con polvo para examen, talla M, c\u00f3modos y resistentes. Caja de 100 guantes, f\u00e1cil de poner y con excelente sensibilidad t\u00e1ctil.","robots":{"index":"index","follow":"follow","max-snippet":"max-snippet:-1","max-image-preview":"max-image-preview:large","max-video-preview":"max-video-preview:-1"},"canonical":"https:\/\/www.csj-emballages.com\/es\/produit\/100-guantes-de-examen-de-latex-en-polvo-medianos-8\/","og_locale":"es_ES","og_type":"article","og_title":"Guante de l\u00e1tex con polvo para examen, mediano 8 por 100","og_description":"Guantes de l\u00e1tex con polvo para examen, talla M, c\u00f3modos y resistentes. Caja de 100 guantes, f\u00e1cil de poner y con excelente sensibilidad t\u00e1ctil.","og_url":"https:\/\/www.csj-emballages.com\/es\/produit\/100-guantes-de-examen-de-latex-en-polvo-medianos-8\/","og_site_name":"CSJ Emballages","article_publisher":"https:\/\/www.facebook.com\/csjemballages","article_modified_time":"2026-04-03T00:16:30+00:00","og_image":[{"width":800,"height":800,"url":"https:\/\/www.csj-emballages.com\/wp-content\/uploads\/2024\/03\/GLM.webp","type":"image\/webp"}],"twitter_card":"summary_large_image","twitter_misc":{"Tiempo de lectura":"2 minutos"},"schema":{"@context":"https:\/\/schema.org","@graph":[{"@type":"WebPage","@id":"https:\/\/www.csj-emballages.com\/es\/produit\/100-guantes-de-examen-de-latex-en-polvo-medianos-8\/","url":"https:\/\/www.csj-emballages.com\/es\/produit\/100-guantes-de-examen-de-latex-en-polvo-medianos-8\/","name":"Guante de l\u00e1tex con polvo para examen, mediano 8 por 100","isPartOf":{"@id":"https:\/\/www.csj-emballages.com\/es\/#website"},"primaryImageOfPage":{"@id":"https:\/\/www.csj-emballages.com\/es\/produit\/100-guantes-de-examen-de-latex-en-polvo-medianos-8\/#primaryimage"},"image":{"@id":"https:\/\/www.csj-emballages.com\/es\/produit\/100-guantes-de-examen-de-latex-en-polvo-medianos-8\/#primaryimage"},"thumbnailUrl":"https:\/\/www.csj-emballages.com\/wp-content\/uploads\/2024\/03\/Latex.webp","datePublished":"2024-03-01T15:53:30+00:00","dateModified":"2026-04-03T00:16:30+00:00","description":"Guantes de l\u00e1tex con polvo para examen, talla M, c\u00f3modos y resistentes. Caja de 100 guantes, f\u00e1cil de poner y con excelente sensibilidad t\u00e1ctil.","breadcrumb":{"@id":"https:\/\/www.csj-emballages.com\/es\/produit\/100-guantes-de-examen-de-latex-en-polvo-medianos-8\/#breadcrumb"},"inLanguage":"es","potentialAction":[{"@type":"ReadAction","target":["https:\/\/www.csj-emballages.com\/es\/produit\/100-guantes-de-examen-de-latex-en-polvo-medianos-8\/"]}]},{"@type":"ImageObject","inLanguage":"es","@id":"https:\/\/www.csj-emballages.com\/es\/produit\/100-guantes-de-examen-de-latex-en-polvo-medianos-8\/#primaryimage","url":"https:\/\/www.csj-emballages.com\/wp-content\/uploads\/2024\/03\/Latex.webp","contentUrl":"https:\/\/www.csj-emballages.com\/wp-content\/uploads\/2024\/03\/Latex.webp","width":800,"height":800,"caption":"Gant latex"},{"@type":"BreadcrumbList","@id":"https:\/\/www.csj-emballages.com\/es\/produit\/100-guantes-de-examen-de-latex-en-polvo-medianos-8\/#breadcrumb","itemListElement":[{"@type":"ListItem","position":1,"name":"Accueil","item":"https:\/\/www.csj-emballages.com\/es\/universo-del-envasado-alimentario\/"},{"@type":"ListItem","position":2,"name":"Tienda","item":"https:\/\/www.csj-emballages.com\/tienda\/"},{"@type":"ListItem","position":3,"name":"Guante de l\u00e1tex con polvo para examen, mediano 8 por 100"}]},{"@type":"WebSite","@id":"https:\/\/www.csj-emballages.com\/es\/#website","url":"https:\/\/www.csj-emballages.com\/es\/","name":"CSJ Emballages","description":"","publisher":{"@id":"https:\/\/www.csj-emballages.com\/es\/#organization"},"potentialAction":[{"@type":"SearchAction","target":{"@type":"EntryPoint","urlTemplate":"https:\/\/www.csj-emballages.com\/es\/?s={search_term_string}"},"query-input":{"@type":"PropertyValueSpecification","valueRequired":true,"valueName":"search_term_string"}}],"inLanguage":"es"},{"@type":"Organization","@id":"https:\/\/www.csj-emballages.com\/es\/#Organization\/","name":"CSJ Emballages","url":"https:\/\/www.csj-emballages.com\/es\/","logo":{"@type":"ImageObject","inLanguage":"es","@id":"https:\/\/www.csj-emballages.com\/es\/#\/schema\/logo\/image\/","url":"https:\/\/www.csj-emballages.com\/wp-content\/uploads\/2023\/10\/logo_csj.webp","contentUrl":"https:\/\/www.csj-emballages.com\/wp-content\/uploads\/2023\/10\/logo_csj.webp","width":250,"height":95,"caption":"CSJ Emballages"},"image":{"@id":"https:\/\/www.csj-emballages.com\/es\/#\/schema\/logo\/image\/"},"sameAs":["https:\/\/www.facebook.com\/csjemballages"],"address":{"@type":"PostalAddress","streetAddress":"ZI La Lechere","addressLocality":"Patornay","postalCode":"39130","addressCountry":"FR"},"contactPoint":[{"@type":"ContactPoint","contactType":"Service client","telephone":"0384254272","email":"contact@csj-emballages.com"}]}]}},"df_price":5.17,"df_sale_price":"","df_regular_price":5.17,"df_image_link":"https:\/\/www.csj-emballages.com\/wp-content\/uploads\/2024\/03\/Latex-300x300.webp","tiered_pricing_type":"fixed","tiered_pricing_fixed_rules":[],"tiered_pricing_percentage_rules":[],"tiered_pricing_minimum":1,"tiered_pricing_roles_data":[],"_links":{"self":[{"href":"https:\/\/www.csj-emballages.com\/es\/wp-json\/wp\/v2\/product\/21047","targetHints":{"allow":["GET"]}}],"collection":[{"href":"https:\/\/www.csj-emballages.com\/es\/wp-json\/wp\/v2\/product"}],"about":[{"href":"https:\/\/www.csj-emballages.com\/es\/wp-json\/wp\/v2\/types\/product"}],"wp:featuredmedia":[{"embeddable":true,"href":"https:\/\/www.csj-emballages.com\/es\/wp-json\/wp\/v2\/media\/262204"}],"wp:attachment":[{"href":"https:\/\/www.csj-emballages.com\/es\/wp-json\/wp\/v2\/media?parent=21047"}],"wp:term":[{"taxonomy":"product_brand","embeddable":true,"href":"https:\/\/www.csj-emballages.com\/es\/wp-json\/wp\/v2\/product_brand?post=21047"},{"taxonomy":"product_cat","embeddable":true,"href":"https:\/\/www.csj-emballages.com\/es\/wp-json\/wp\/v2\/product_cat?post=21047"},{"taxonomy":"product_tag","embeddable":true,"href":"https:\/\/www.csj-emballages.com\/es\/wp-json\/wp\/v2\/product_tag?post=21047"}],"curies":[{"name":"wp","href":"https:\/\/api.w.org\/{rel}","templated":true}]}}