{"id":21044,"date":"2024-03-01T16:53:29","date_gmt":"2024-03-01T15:53:29","guid":{"rendered":"https:\/\/u15jnbdpoq.preview.infomaniak.website\/produit\/25-vasos-de-papel-de-plata-20-cl\/"},"modified":"2026-04-13T08:03:05","modified_gmt":"2026-04-13T06:03:05","slug":"25-vasos-de-papel-de-plata-20-cl","status":"publish","type":"product","link":"https:\/\/www.csj-emballages.com\/es\/produit\/25-vasos-de-papel-de-plata-20-cl\/","title":{"rendered":"Vaso de papel plateado 20 cl, 25"},"content":{"rendered":"<div class=\"elementor-element elementor-element-6621759 e-no-lazyload e-flex e-con-boxed e-con e-parent e-lazyloaded\" data-id=\"6621759\" data-element_type=\"container\">\n<div class=\"e-con-inner\">\n<div class=\"elementor-element elementor-element-4756e65 e-con-full e-flex e-con e-child\" data-id=\"4756e65\" data-element_type=\"container\">\n<div class=\"elementor-element elementor-element-a25940d elementor-widget elementor-widget-woocommerce-product-data-tabs\" data-id=\"a25940d\" data-element_type=\"widget\" data-widget_type=\"woocommerce-product-data-tabs.default\">\n<div class=\"elementor-widget-container\">\n<div class=\"woocommerce-tabs wc-tabs-wrapper\">\n<div id=\"tab-description\" class=\"woocommerce-Tabs-panel woocommerce-Tabs-panel--description panel entry-content wc-tab\" role=\"tabpanel\" aria-labelledby=\"tab-title-description\">\n<div>\n<div>\n<div>\n<div>\n<div>\n<div>\n<div>\n<div>\n<div>\n<div>\n<div>\n<div>\n<div>\n<div class=\"flex flex-grow flex-col max-w-full\">\n<div class=\"min-h-[20px] text-message flex flex-col items-start whitespace-pre-wrap break-words [.text-message+&amp;]:mt-5 juice:w-full juice:items-end overflow-x-auto gap-2\" dir=\"auto\" data-message-author-role=\"assistant\" data-message-id=\"2034782e-88f9-44ef-b4dc-07dd7bf0115f\">\n<div class=\"flex w-full flex-col gap-1 juice:empty:hidden juice:first:pt-[3px]\">\n<div class=\"markdown prose w-full break-words dark:prose-invert light\">\n<div>\n<div>\n<div>\n<div>\n<div>\n<div>\n<h2>Vaso de cart\u00f3n plateado<\/h2>\n<div>\n<div>\n<div>\n<div>\n<div>\n<div>\n<div>\n<div>\n<div>\n<hr>\n<h3>Descripci\u00f3n de nuestro vaso de cart\u00f3n plateado 20 cl por 25<span id=\"more-1421\"><\/span><\/h3>\n<\/div>\n<\/div>\n<\/div>\n<\/div>\n<\/div>\n<\/div>\n<\/div>\n<\/div>\n<\/div>\n<\/div>\n<\/div>\n<\/div>\n<\/div>\n<\/div>\n<\/div>\n<\/div>\n<\/div>\n<\/div>\n<\/div>\n<\/div>\n<\/div>\n<\/div>\n<\/div>\n<\/div>\n<\/div>\n<\/div>\n<\/div>\n<\/div>\n<\/div>\n<\/div>\n<\/div>\n<\/div>\n<p>El <strong>vaso de cart\u00f3n plateado<\/strong> <strong>20 cl por 25<\/strong> es ideal para profesionales y particulares. Pr\u00e1ctico, responde a una amplia gama de necesidades. Perfecto para bebidas fr\u00edas, se adapta a todas las ocasiones. Fabricado en cart\u00f3n, el <strong>vaso plateado<\/strong> garantiza un excelente agarre.  Adem\u00e1s, est\u00e1 dise\u00f1ado para evitar fugas y proteger sus superficies. Ya sea para agua, zumo u otras bebidas fr\u00edas, este producto cumple con todas las exigencias. Al elegir este <strong>vaso de papel<\/strong>, est\u00e1 optando por un producto econ\u00f3mico y respetuoso con el medio ambiente. Fabricado con materiales reciclables, reduce su huella ecol\u00f3gica. Adem\u00e1s, se presenta en envases de <strong>25 unidades<\/strong> para minimizar los residuos. Es una soluci\u00f3n pr\u00e1ctica y respetuosa con el planeta.<\/p>\n<div id=\"more-1421\"><\/div>\n<p><!--more--><\/p>\n<h3>Adaptado a todas tus necesidades<\/h3>\n<p>El <strong>vaso plateado<\/strong> se integra f\u00e1cilmente en diversos contextos. Util\u00edcelo en fiestas, seminarios o recepciones. Tambi\u00e9n es ideal para los profesionales de la comida r\u00e1pida y la restauraci\u00f3n. Gracias a su color <strong>plateado<\/strong>, armoniza con todos los estilos de decoraci\u00f3n. Este producto destaca por su versatilidad y sencillez. Cada <strong>vaso de papel<\/strong> est\u00e1 dise\u00f1ado para ofrecer una experiencia \u00f3ptima al usuario. La rigidez del cart\u00f3n evita su deformaci\u00f3n durante el uso. Adem\u00e1s, su superficie lisa facilita el agarre y la comodidad de uso.<\/p>\n<p>&nbsp;<\/p>\n<div>\n<div>\n<div>\n<div>\n<div>\n<div>\n<div>\n<div>\n<div>\n<div>\n<div>\n<div>\n<div>\n<div class=\"flex flex-grow flex-col max-w-full\">\n<div class=\"min-h-[20px] text-message flex flex-col items-start whitespace-pre-wrap break-words [.text-message+&amp;]:mt-5 juice:w-full juice:items-end overflow-x-auto gap-2\" dir=\"auto\" data-message-author-role=\"assistant\" data-message-id=\"2034782e-88f9-44ef-b4dc-07dd7bf0115f\">\n<div class=\"flex w-full flex-col gap-1 juice:empty:hidden juice:first:pt-[3px]\">\n<div class=\"markdown prose w-full break-words dark:prose-invert light\">\n<div>\n<div>\n<div>\n<div>\n<div>\n<div>\n<p><!--more--><\/p>\n<h4><strong>Ventajas :<\/strong><\/h4>\n<\/div>\n<\/div>\n<\/div>\n<\/div>\n<\/div>\n<\/div>\n<\/div>\n<\/div>\n<\/div>\n<\/div>\n<\/div>\n<\/div>\n<ul>\n<li><strong>Ecol\u00f3gico<\/strong>: Fabricado con cart\u00f3n reciclable para un uso respetuoso con el medio ambiente.<\/li>\n<li><strong>Econ\u00f3mico<\/strong>: envasado en paquetes de <strong>25 unidades<\/strong> para reducir los residuos y los costes.<\/li>\n<li><strong>Neutro y elegante<\/strong>: Color <strong>plateado<\/strong> que se adapta a todas las decoraciones y ambientes.<\/li>\n<li><strong>F\u00e1cil de usar<\/strong>: Ligera y c\u00f3moda de sujetar para una experiencia agradable.<\/li>\n<\/ul>\n<p>&nbsp;<\/p>\n<\/div>\n<\/div>\n<\/div>\n<\/div>\n<\/div>\n<\/div>\n<\/div>\n<\/div>\n<\/div>\n<\/div>\n<\/div>\n<p><!--more--><\/p>\n<h4>Otra informaci\u00f3n sobre este producto:<\/h4>\n<ul>\n<li><strong>Envase<\/strong>: Paquete de 25<\/li>\n<li><b>Di\u00e1metro del fondo: <\/b>48 mm<\/li>\n<li><strong>Di\u00e1metro superior<\/strong>: 67 mm<\/li>\n<li><strong>Altura<\/strong>: 80 mm<\/li>\n<li><strong>Volumen<\/strong>: 20 cl<\/li>\n<li><strong>Material<\/strong>: Cart\u00f3n<\/li>\n<\/ul>\n<p>&nbsp;<\/p>\n<p><!--more--><\/p>\n<p><a href=\"https:\/\/www.csj-emballages.com\/es\/categorie-produit\/envasado-de-alimentos\/catering-es\/tazas-vasos-cubos-botellas\/vasos-de-carton\/vasos-de-papel-de-colores\/\">Ver el resto de nuestra gama de vasos de papel de colores<\/a><\/p>\n<\/div>\n<\/div>\n<\/div>\n<\/div>\n<\/div>\n<\/div>\n<\/div>\n<div id=\"dfd-widget-91qtqq90\" class=\"dfd-widget\" data-dfd-view=\"Widget\" data-dfd-status=\"loading\">\n<div id=\"dfwidget-host-fcab42b2-fc1a-4b48-bcb7-1e7d3792ffcc\" class=\"dfwidget-host\"><\/div>\n<\/div>\n","protected":false},"excerpt":{"rendered":"<p>Vaso de cart\u00f3n plateado Descripci\u00f3n de nuestro vaso de cart\u00f3n plateado 20 cl por 25 El vaso de cart\u00f3n plateado 20 cl por 25 es ideal para profesionales y particulares. Pr\u00e1ctico, responde a una amplia gama de necesidades. Perfecto para bebidas fr\u00edas, se adapta a todas las ocasiones. Fabricado en cart\u00f3n, el vaso plateado garantiza [&hellip;]<\/p>\n","protected":false},"featured_media":277049,"template":"","meta":{"_acf_changed":false},"product_brand":[],"product_cat":[1462,2716],"product_tag":[],"class_list":{"0":"post-21044","1":"product","2":"type-product","3":"status-publish","4":"has-post-thumbnail","6":"product_cat-tazas-vasos-cubos-botellas","7":"product_cat-vasos-de-papel-de-colores","9":"first","10":"instock","11":"taxable","12":"shipping-taxable","13":"purchasable","14":"product-type-simple"},"acf":[],"yoast_head":"<!-- This site is optimized with the Yoast SEO Premium plugin v26.6 (Yoast SEO v26.6) - https:\/\/yoast.com\/wordpress\/plugins\/seo\/ -->\n<title>Vaso de Cart\u00f3n Plateado 20 cl por 25<\/title>\n<meta name=\"description\" content=\"\u00a1Descubra nuestro vaso de cart\u00f3n plateado de 20 cl! Le ofrecemos un paquete de 25 vasos para que los utilice en sus eventos u otras ocasiones.\" \/>\n<meta name=\"robots\" content=\"index, follow, max-snippet:-1, max-image-preview:large, max-video-preview:-1\" \/>\n<link rel=\"canonical\" href=\"https:\/\/www.csj-emballages.com\/es\/produit\/25-vasos-de-papel-de-plata-20-cl\/\" \/>\n<meta property=\"og:locale\" content=\"es_ES\" \/>\n<meta property=\"og:type\" content=\"article\" \/>\n<meta property=\"og:title\" content=\"Vaso de papel plateado 20 cl, 25\" \/>\n<meta property=\"og:description\" content=\"\u00a1Descubra nuestro vaso de cart\u00f3n plateado de 20 cl! Le ofrecemos un paquete de 25 vasos para que los utilice en sus eventos u otras ocasiones.\" \/>\n<meta property=\"og:url\" content=\"https:\/\/www.csj-emballages.com\/es\/produit\/25-vasos-de-papel-de-plata-20-cl\/\" \/>\n<meta property=\"og:site_name\" content=\"CSJ Emballages\" \/>\n<meta property=\"article:publisher\" content=\"https:\/\/www.facebook.com\/csjemballages\" \/>\n<meta property=\"article:modified_time\" content=\"2026-04-13T06:03:05+00:00\" \/>\n<meta property=\"og:image\" content=\"https:\/\/www.csj-emballages.com\/wp-content\/uploads\/2024\/03\/GM20AR.webp\" \/>\n\t<meta property=\"og:image:width\" content=\"800\" \/>\n\t<meta property=\"og:image:height\" content=\"800\" \/>\n\t<meta property=\"og:image:type\" content=\"image\/webp\" \/>\n<meta name=\"twitter:card\" content=\"summary_large_image\" \/>\n<meta name=\"twitter:label1\" content=\"Tiempo de lectura\" \/>\n\t<meta name=\"twitter:data1\" content=\"2 minutos\" \/>\n<script type=\"application\/ld+json\" class=\"yoast-schema-graph\">{\"@context\":\"https:\/\/schema.org\",\"@graph\":[{\"@type\":\"WebPage\",\"@id\":\"https:\/\/www.csj-emballages.com\/es\/produit\/25-vasos-de-papel-de-plata-20-cl\/\",\"url\":\"https:\/\/www.csj-emballages.com\/es\/produit\/25-vasos-de-papel-de-plata-20-cl\/\",\"name\":\"Vaso de Cart\u00f3n Plateado 20 cl por 25\",\"isPartOf\":{\"@id\":\"https:\/\/www.csj-emballages.com\/es\/#website\"},\"primaryImageOfPage\":{\"@id\":\"https:\/\/www.csj-emballages.com\/es\/produit\/25-vasos-de-papel-de-plata-20-cl\/#primaryimage\"},\"image\":{\"@id\":\"https:\/\/www.csj-emballages.com\/es\/produit\/25-vasos-de-papel-de-plata-20-cl\/#primaryimage\"},\"thumbnailUrl\":\"https:\/\/www.csj-emballages.com\/wp-content\/uploads\/2024\/03\/GM20AR.webp\",\"datePublished\":\"2024-03-01T15:53:29+00:00\",\"dateModified\":\"2026-04-13T06:03:05+00:00\",\"description\":\"\u00a1Descubra nuestro vaso de cart\u00f3n plateado de 20 cl! Le ofrecemos un paquete de 25 vasos para que los utilice en sus eventos u otras ocasiones.\",\"breadcrumb\":{\"@id\":\"https:\/\/www.csj-emballages.com\/es\/produit\/25-vasos-de-papel-de-plata-20-cl\/#breadcrumb\"},\"inLanguage\":\"es\",\"potentialAction\":[{\"@type\":\"ReadAction\",\"target\":[\"https:\/\/www.csj-emballages.com\/es\/produit\/25-vasos-de-papel-de-plata-20-cl\/\"]}]},{\"@type\":\"ImageObject\",\"inLanguage\":\"es\",\"@id\":\"https:\/\/www.csj-emballages.com\/es\/produit\/25-vasos-de-papel-de-plata-20-cl\/#primaryimage\",\"url\":\"https:\/\/www.csj-emballages.com\/wp-content\/uploads\/2024\/03\/GM20AR.webp\",\"contentUrl\":\"https:\/\/www.csj-emballages.com\/wp-content\/uploads\/2024\/03\/GM20AR.webp\",\"width\":800,\"height\":800,\"caption\":\"Gobelet carton argent\"},{\"@type\":\"BreadcrumbList\",\"@id\":\"https:\/\/www.csj-emballages.com\/es\/produit\/25-vasos-de-papel-de-plata-20-cl\/#breadcrumb\",\"itemListElement\":[{\"@type\":\"ListItem\",\"position\":1,\"name\":\"Accueil\",\"item\":\"https:\/\/www.csj-emballages.com\/es\/universo-del-envasado-alimentario\/\"},{\"@type\":\"ListItem\",\"position\":2,\"name\":\"Tienda\",\"item\":\"https:\/\/www.csj-emballages.com\/tienda\/\"},{\"@type\":\"ListItem\",\"position\":3,\"name\":\"Vaso de papel plateado 20 cl, 25\"}]},{\"@type\":\"WebSite\",\"@id\":\"https:\/\/www.csj-emballages.com\/es\/#website\",\"url\":\"https:\/\/www.csj-emballages.com\/es\/\",\"name\":\"CSJ Emballages\",\"description\":\"\",\"publisher\":{\"@id\":\"https:\/\/www.csj-emballages.com\/es\/#organization\"},\"potentialAction\":[{\"@type\":\"SearchAction\",\"target\":{\"@type\":\"EntryPoint\",\"urlTemplate\":\"https:\/\/www.csj-emballages.com\/es\/?s={search_term_string}\"},\"query-input\":{\"@type\":\"PropertyValueSpecification\",\"valueRequired\":true,\"valueName\":\"search_term_string\"}}],\"inLanguage\":\"es\"},{\"@type\":\"Organization\",\"@id\":\"https:\/\/www.csj-emballages.com\/es\/#Organization\/\",\"name\":\"CSJ Emballages\",\"url\":\"https:\/\/www.csj-emballages.com\/es\/\",\"logo\":{\"@type\":\"ImageObject\",\"inLanguage\":\"es\",\"@id\":\"https:\/\/www.csj-emballages.com\/es\/#\/schema\/logo\/image\/\",\"url\":\"https:\/\/www.csj-emballages.com\/wp-content\/uploads\/2023\/10\/logo_csj.webp\",\"contentUrl\":\"https:\/\/www.csj-emballages.com\/wp-content\/uploads\/2023\/10\/logo_csj.webp\",\"width\":250,\"height\":95,\"caption\":\"CSJ Emballages\"},\"image\":{\"@id\":\"https:\/\/www.csj-emballages.com\/es\/#\/schema\/logo\/image\/\"},\"sameAs\":[\"https:\/\/www.facebook.com\/csjemballages\"],\"address\":{\"@type\":\"PostalAddress\",\"streetAddress\":\"ZI La Lechere\",\"addressLocality\":\"Patornay\",\"postalCode\":\"39130\",\"addressCountry\":\"FR\"},\"contactPoint\":[{\"@type\":\"ContactPoint\",\"contactType\":\"Service client\",\"telephone\":\"0384254272\",\"email\":\"contact@csj-emballages.com\"}]}]}<\/script>\n<!-- \/ Yoast SEO Premium plugin. -->","yoast_head_json":{"title":"Vaso de Cart\u00f3n Plateado 20 cl por 25","description":"\u00a1Descubra nuestro vaso de cart\u00f3n plateado de 20 cl! Le ofrecemos un paquete de 25 vasos para que los utilice en sus eventos u otras ocasiones.","robots":{"index":"index","follow":"follow","max-snippet":"max-snippet:-1","max-image-preview":"max-image-preview:large","max-video-preview":"max-video-preview:-1"},"canonical":"https:\/\/www.csj-emballages.com\/es\/produit\/25-vasos-de-papel-de-plata-20-cl\/","og_locale":"es_ES","og_type":"article","og_title":"Vaso de papel plateado 20 cl, 25","og_description":"\u00a1Descubra nuestro vaso de cart\u00f3n plateado de 20 cl! Le ofrecemos un paquete de 25 vasos para que los utilice en sus eventos u otras ocasiones.","og_url":"https:\/\/www.csj-emballages.com\/es\/produit\/25-vasos-de-papel-de-plata-20-cl\/","og_site_name":"CSJ Emballages","article_publisher":"https:\/\/www.facebook.com\/csjemballages","article_modified_time":"2026-04-13T06:03:05+00:00","og_image":[{"width":800,"height":800,"url":"https:\/\/www.csj-emballages.com\/wp-content\/uploads\/2024\/03\/GM20AR.webp","type":"image\/webp"}],"twitter_card":"summary_large_image","twitter_misc":{"Tiempo de lectura":"2 minutos"},"schema":{"@context":"https:\/\/schema.org","@graph":[{"@type":"WebPage","@id":"https:\/\/www.csj-emballages.com\/es\/produit\/25-vasos-de-papel-de-plata-20-cl\/","url":"https:\/\/www.csj-emballages.com\/es\/produit\/25-vasos-de-papel-de-plata-20-cl\/","name":"Vaso de Cart\u00f3n Plateado 20 cl por 25","isPartOf":{"@id":"https:\/\/www.csj-emballages.com\/es\/#website"},"primaryImageOfPage":{"@id":"https:\/\/www.csj-emballages.com\/es\/produit\/25-vasos-de-papel-de-plata-20-cl\/#primaryimage"},"image":{"@id":"https:\/\/www.csj-emballages.com\/es\/produit\/25-vasos-de-papel-de-plata-20-cl\/#primaryimage"},"thumbnailUrl":"https:\/\/www.csj-emballages.com\/wp-content\/uploads\/2024\/03\/GM20AR.webp","datePublished":"2024-03-01T15:53:29+00:00","dateModified":"2026-04-13T06:03:05+00:00","description":"\u00a1Descubra nuestro vaso de cart\u00f3n plateado de 20 cl! Le ofrecemos un paquete de 25 vasos para que los utilice en sus eventos u otras ocasiones.","breadcrumb":{"@id":"https:\/\/www.csj-emballages.com\/es\/produit\/25-vasos-de-papel-de-plata-20-cl\/#breadcrumb"},"inLanguage":"es","potentialAction":[{"@type":"ReadAction","target":["https:\/\/www.csj-emballages.com\/es\/produit\/25-vasos-de-papel-de-plata-20-cl\/"]}]},{"@type":"ImageObject","inLanguage":"es","@id":"https:\/\/www.csj-emballages.com\/es\/produit\/25-vasos-de-papel-de-plata-20-cl\/#primaryimage","url":"https:\/\/www.csj-emballages.com\/wp-content\/uploads\/2024\/03\/GM20AR.webp","contentUrl":"https:\/\/www.csj-emballages.com\/wp-content\/uploads\/2024\/03\/GM20AR.webp","width":800,"height":800,"caption":"Gobelet carton argent"},{"@type":"BreadcrumbList","@id":"https:\/\/www.csj-emballages.com\/es\/produit\/25-vasos-de-papel-de-plata-20-cl\/#breadcrumb","itemListElement":[{"@type":"ListItem","position":1,"name":"Accueil","item":"https:\/\/www.csj-emballages.com\/es\/universo-del-envasado-alimentario\/"},{"@type":"ListItem","position":2,"name":"Tienda","item":"https:\/\/www.csj-emballages.com\/tienda\/"},{"@type":"ListItem","position":3,"name":"Vaso de papel plateado 20 cl, 25"}]},{"@type":"WebSite","@id":"https:\/\/www.csj-emballages.com\/es\/#website","url":"https:\/\/www.csj-emballages.com\/es\/","name":"CSJ Emballages","description":"","publisher":{"@id":"https:\/\/www.csj-emballages.com\/es\/#organization"},"potentialAction":[{"@type":"SearchAction","target":{"@type":"EntryPoint","urlTemplate":"https:\/\/www.csj-emballages.com\/es\/?s={search_term_string}"},"query-input":{"@type":"PropertyValueSpecification","valueRequired":true,"valueName":"search_term_string"}}],"inLanguage":"es"},{"@type":"Organization","@id":"https:\/\/www.csj-emballages.com\/es\/#Organization\/","name":"CSJ Emballages","url":"https:\/\/www.csj-emballages.com\/es\/","logo":{"@type":"ImageObject","inLanguage":"es","@id":"https:\/\/www.csj-emballages.com\/es\/#\/schema\/logo\/image\/","url":"https:\/\/www.csj-emballages.com\/wp-content\/uploads\/2023\/10\/logo_csj.webp","contentUrl":"https:\/\/www.csj-emballages.com\/wp-content\/uploads\/2023\/10\/logo_csj.webp","width":250,"height":95,"caption":"CSJ Emballages"},"image":{"@id":"https:\/\/www.csj-emballages.com\/es\/#\/schema\/logo\/image\/"},"sameAs":["https:\/\/www.facebook.com\/csjemballages"],"address":{"@type":"PostalAddress","streetAddress":"ZI La Lechere","addressLocality":"Patornay","postalCode":"39130","addressCountry":"FR"},"contactPoint":[{"@type":"ContactPoint","contactType":"Service client","telephone":"0384254272","email":"contact@csj-emballages.com"}]}]}},"df_price":2.5,"df_sale_price":"","df_regular_price":2.5,"df_image_link":"https:\/\/www.csj-emballages.com\/wp-content\/uploads\/2024\/03\/GM20AR-300x300.webp","tiered_pricing_type":"fixed","tiered_pricing_fixed_rules":[],"tiered_pricing_percentage_rules":[],"tiered_pricing_minimum":1,"tiered_pricing_roles_data":[],"_links":{"self":[{"href":"https:\/\/www.csj-emballages.com\/es\/wp-json\/wp\/v2\/product\/21044","targetHints":{"allow":["GET"]}}],"collection":[{"href":"https:\/\/www.csj-emballages.com\/es\/wp-json\/wp\/v2\/product"}],"about":[{"href":"https:\/\/www.csj-emballages.com\/es\/wp-json\/wp\/v2\/types\/product"}],"wp:featuredmedia":[{"embeddable":true,"href":"https:\/\/www.csj-emballages.com\/es\/wp-json\/wp\/v2\/media\/277049"}],"wp:attachment":[{"href":"https:\/\/www.csj-emballages.com\/es\/wp-json\/wp\/v2\/media?parent=21044"}],"wp:term":[{"taxonomy":"product_brand","embeddable":true,"href":"https:\/\/www.csj-emballages.com\/es\/wp-json\/wp\/v2\/product_brand?post=21044"},{"taxonomy":"product_cat","embeddable":true,"href":"https:\/\/www.csj-emballages.com\/es\/wp-json\/wp\/v2\/product_cat?post=21044"},{"taxonomy":"product_tag","embeddable":true,"href":"https:\/\/www.csj-emballages.com\/es\/wp-json\/wp\/v2\/product_tag?post=21044"}],"curies":[{"name":"wp","href":"https:\/\/api.w.org\/{rel}","templated":true}]}}