{"id":21034,"date":"2024-03-01T16:53:31","date_gmt":"2024-03-01T15:53:31","guid":{"rendered":"https:\/\/u15jnbdpoq.preview.infomaniak.website\/produit\/gel-hidroalcoholico-con-bomba-500-ml\/"},"modified":"2026-03-17T02:14:19","modified_gmt":"2026-03-17T01:14:19","slug":"gel-hidroalcoholico-con-bomba-500-ml","status":"publish","type":"product","link":"https:\/\/www.csj-emballages.com\/es\/produit\/gel-hidroalcoholico-con-bomba-500-ml\/","title":{"rendered":"Gel hidroalcoh\u00f3lico con bomba 500 ml"},"content":{"rendered":"<h2 class=\"p1 ai-optimize-35 ai-optimize-introduction\">Gel hidroalcoh\u00f3lico<\/h2>\n<hr>\n<h3 class=\"ai-optimize-34\">Descripci\u00f3n de nuestro gel hidroalcoh\u00f3lico con bomba 500 ml<\/h3>\n<p><!--more--><\/p>\n<p class=\"ai-optimize-34 ai-optimize-introduction\" data-start=\"312\" data-end=\"584\">Este <strong>gel hidroalcoh\u00f3lico con bomba de 500 ml<\/strong> est\u00e1 dise\u00f1ado para <strong data-start=\"380\" data-end=\"431\">una desinfecci\u00f3n r\u00e1pida y eficaz sin concesiones<\/strong>. Tanto si es profesional sanitario, restaurador, comerciante o simplemente le preocupa su higiene diaria, este producto es una apuesta segura. Su f\u00f3rmula sin perfume ni colorantes lo hace <strong data-start=\"629\" data-end=\"700\">perfectamente adecuado para entornos m\u00e9dicos, hospitalarios y sensibles<\/strong>, donde la tolerancia cut\u00e1nea y la eficacia deben ser irreprochables. Ha <strong data-start=\"781\" data-end=\"809\">sido probado dermatol\u00f3gicamente<\/strong>, lo que garantiza su uso seguro incluso con aplicaciones frecuentes. Este <strong>gel<\/strong> elimina eficazmente <strong data-start=\"907\" data-end=\"942\">bacterias, virus y levaduras<\/strong> en s\u00f3lo unos segundos, sin necesidad de agua ni aclarado. <strong data-start=\"1002\" data-end=\"1038\">Es r\u00e1pido y f\u00e1cil de usar<\/strong>: basta con pulsar la <strong>bomba<\/strong> para dispensar la cantidad justa para limpiar y desinfectar las manos.     <\/p>\n<p class=\"ai-optimize-37\" data-start=\"1142\" data-end=\"1383\">El pr\u00e1ctico formato de <strong>bomba de<\/strong> <strong>500 ml<\/strong> es ideal para uso estacionario a la entrada de una habitaci\u00f3n, sobre un mostrador, en una oficina, taller o sala de tratamiento. Evita la contaminaci\u00f3n cruzada al dispensarse sin contacto directo. <\/p>\n<p class=\"ai-optimize-38\" data-start=\"1385\" data-end=\"1622\">Este <strong>gel<\/strong> tambi\u00e9n es adecuado para <strong data-start=\"1418\" data-end=\"1441\">uso preoperatorio<\/strong>, demostrando su rendimiento en entornos exigentes. En tiempos de epidemias, o simplemente para garantizar una higiene constante en su rutina diaria, es un aliado esencial. <\/p>\n<p><!--more--><\/p>\n<h4 class=\"ai-optimize-37\"><strong>Ventajas:<\/strong><\/h4>\n<ul>\n<li class=\"ai-optimize-38\">Sin perfume ni colorantes: respetuoso con las pieles sensibles.<\/li>\n<li class=\"ai-optimize-39\">Pr\u00e1ctico formato de bomba de 500 ml.<\/li>\n<li class=\"ai-optimize-40\">Desinfecci\u00f3n r\u00e1pida sin aclarado.<\/li>\n<li class=\"ai-optimize-42\">Adecuado para entornos m\u00e9dicos y hospitalarios.<\/li>\n<li class=\"ai-optimize-39\">Puede utilizarse en el preoperatorio.<\/li>\n<\/ul>\n<p>&nbsp;<\/p>\n<p><!--more--><\/p>\n<h4 class=\"ai-optimize-44\">Informaci\u00f3n adicional :<\/h4>\n<ul>\n<li class=\"ai-optimize-45\"><strong>Embalaje<\/strong>: Por unidad<\/li>\n<li class=\"ai-optimize-47\"><strong>Uso<\/strong>: Gel hidroalcoh\u00f3lico<\/li>\n<li class=\"ai-optimize-32\"><strong>Color<\/strong>: Incoloro<\/li>\n<li class=\"ai-optimize-35\"><strong>Volumen<\/strong>: 500 ml<\/li>\n<\/ul>\n<p>&nbsp;<\/p>\n<p><!--more--><\/p>\n<p class=\"ai-optimize-34\">Encuentre aqu\u00ed nuestro gel hidroalcoh\u00f3lico de 5 litros: <span style=\"color: #d12727;\"><a style=\"color: #d12727;\" href=\"https:\/\/www.csj-emballages.com\/es\/produit\/gel-hidroalcoholico-5l\/\">31315<\/a><\/span><\/p>\n<p>&nbsp;<\/p>\n<p><!--more--><\/p>\n<p class=\"ai-optimize-41\"><a href=\"https:\/\/www.csj-emballages.com\/categorie-produit\/higiene-y-mantenimiento\/productos-de-limpieza\/higiene-personal\/gel-hidroalcoholico\/\">Ver el resto de nuestra gama de geles hidroalcoh\u00f3licos<\/a><\/p>\n","protected":false},"excerpt":{"rendered":"<p>Gel hidroalcoh\u00f3lico Descripci\u00f3n de nuestro gel hidroalcoh\u00f3lico con bomba 500 ml<\/p>\n","protected":false},"featured_media":235946,"template":"","meta":{"_acf_changed":false},"product_brand":[],"product_cat":[1226,1227,1359,1982],"product_tag":[],"class_list":{"0":"post-21034","1":"product","2":"type-product","3":"status-publish","4":"has-post-thumbnail","6":"product_cat-higiene-y-mantenimiento","7":"product_cat-productos-de-limpieza","8":"product_cat-higiene-personal","9":"product_cat-gel-hidroalcoholico","11":"first","12":"instock","13":"taxable","14":"shipping-taxable","15":"purchasable","16":"product-type-simple"},"acf":[],"yoast_head":"<!-- This site is optimized with the Yoast SEO Premium plugin v26.6 (Yoast SEO v26.6) - https:\/\/yoast.com\/wordpress\/plugins\/seo\/ -->\n<title>Gel Bomba Hidroalcoh\u00f3lica 500 ml<\/title>\n<meta name=\"description\" content=\"Gel hidroalcoh\u00f3lico de 500 ml, sin perfume ni colorantes, ideal para una desinfecci\u00f3n r\u00e1pida y eficaz de las manos, incluso en entornos m\u00e9dicos.\" \/>\n<meta name=\"robots\" content=\"index, follow, max-snippet:-1, max-image-preview:large, max-video-preview:-1\" \/>\n<link rel=\"canonical\" href=\"https:\/\/www.csj-emballages.com\/es\/produit\/gel-hidroalcoholico-con-bomba-500-ml\/\" \/>\n<meta property=\"og:locale\" content=\"es_ES\" \/>\n<meta property=\"og:type\" content=\"article\" \/>\n<meta property=\"og:title\" content=\"Gel hidroalcoh\u00f3lico con bomba 500 ml\" \/>\n<meta property=\"og:description\" content=\"Gel hidroalcoh\u00f3lico de 500 ml, sin perfume ni colorantes, ideal para una desinfecci\u00f3n r\u00e1pida y eficaz de las manos, incluso en entornos m\u00e9dicos.\" \/>\n<meta property=\"og:url\" content=\"https:\/\/www.csj-emballages.com\/es\/produit\/gel-hidroalcoholico-con-bomba-500-ml\/\" \/>\n<meta property=\"og:site_name\" content=\"CSJ Emballages\" \/>\n<meta property=\"article:publisher\" content=\"https:\/\/www.facebook.com\/csjemballages\" \/>\n<meta property=\"article:modified_time\" content=\"2026-03-17T01:14:19+00:00\" \/>\n<meta property=\"og:image\" content=\"https:\/\/www.csj-emballages.com\/wp-content\/uploads\/2024\/03\/GH500.webp\" \/>\n\t<meta property=\"og:image:width\" content=\"800\" \/>\n\t<meta property=\"og:image:height\" content=\"800\" \/>\n\t<meta property=\"og:image:type\" content=\"image\/webp\" \/>\n<meta name=\"twitter:card\" content=\"summary_large_image\" \/>\n<meta name=\"twitter:label1\" content=\"Tiempo de lectura\" \/>\n\t<meta name=\"twitter:data1\" content=\"1 minuto\" \/>\n<script type=\"application\/ld+json\" class=\"yoast-schema-graph\">{\"@context\":\"https:\/\/schema.org\",\"@graph\":[{\"@type\":\"WebPage\",\"@id\":\"https:\/\/www.csj-emballages.com\/es\/produit\/gel-hidroalcoholico-con-bomba-500-ml\/\",\"url\":\"https:\/\/www.csj-emballages.com\/es\/produit\/gel-hidroalcoholico-con-bomba-500-ml\/\",\"name\":\"Gel Bomba Hidroalcoh\u00f3lica 500 ml\",\"isPartOf\":{\"@id\":\"https:\/\/www.csj-emballages.com\/es\/#website\"},\"primaryImageOfPage\":{\"@id\":\"https:\/\/www.csj-emballages.com\/es\/produit\/gel-hidroalcoholico-con-bomba-500-ml\/#primaryimage\"},\"image\":{\"@id\":\"https:\/\/www.csj-emballages.com\/es\/produit\/gel-hidroalcoholico-con-bomba-500-ml\/#primaryimage\"},\"thumbnailUrl\":\"https:\/\/www.csj-emballages.com\/wp-content\/uploads\/2024\/03\/GH500.webp\",\"datePublished\":\"2024-03-01T15:53:31+00:00\",\"dateModified\":\"2026-03-17T01:14:19+00:00\",\"description\":\"Gel hidroalcoh\u00f3lico de 500 ml, sin perfume ni colorantes, ideal para una desinfecci\u00f3n r\u00e1pida y eficaz de las manos, incluso en entornos m\u00e9dicos.\",\"breadcrumb\":{\"@id\":\"https:\/\/www.csj-emballages.com\/es\/produit\/gel-hidroalcoholico-con-bomba-500-ml\/#breadcrumb\"},\"inLanguage\":\"es\",\"potentialAction\":[{\"@type\":\"ReadAction\",\"target\":[\"https:\/\/www.csj-emballages.com\/es\/produit\/gel-hidroalcoholico-con-bomba-500-ml\/\"]}]},{\"@type\":\"ImageObject\",\"inLanguage\":\"es\",\"@id\":\"https:\/\/www.csj-emballages.com\/es\/produit\/gel-hidroalcoholico-con-bomba-500-ml\/#primaryimage\",\"url\":\"https:\/\/www.csj-emballages.com\/wp-content\/uploads\/2024\/03\/GH500.webp\",\"contentUrl\":\"https:\/\/www.csj-emballages.com\/wp-content\/uploads\/2024\/03\/GH500.webp\",\"width\":800,\"height\":800,\"caption\":\"gel hydroalcoolique\"},{\"@type\":\"BreadcrumbList\",\"@id\":\"https:\/\/www.csj-emballages.com\/es\/produit\/gel-hidroalcoholico-con-bomba-500-ml\/#breadcrumb\",\"itemListElement\":[{\"@type\":\"ListItem\",\"position\":1,\"name\":\"Accueil\",\"item\":\"https:\/\/www.csj-emballages.com\/es\/universo-del-envasado-alimentario\/\"},{\"@type\":\"ListItem\",\"position\":2,\"name\":\"Tienda\",\"item\":\"https:\/\/www.csj-emballages.com\/tienda\/\"},{\"@type\":\"ListItem\",\"position\":3,\"name\":\"Gel hidroalcoh\u00f3lico con bomba 500 ml\"}]},{\"@type\":\"WebSite\",\"@id\":\"https:\/\/www.csj-emballages.com\/es\/#website\",\"url\":\"https:\/\/www.csj-emballages.com\/es\/\",\"name\":\"CSJ Emballages\",\"description\":\"\",\"publisher\":{\"@id\":\"https:\/\/www.csj-emballages.com\/es\/#organization\"},\"potentialAction\":[{\"@type\":\"SearchAction\",\"target\":{\"@type\":\"EntryPoint\",\"urlTemplate\":\"https:\/\/www.csj-emballages.com\/es\/?s={search_term_string}\"},\"query-input\":{\"@type\":\"PropertyValueSpecification\",\"valueRequired\":true,\"valueName\":\"search_term_string\"}}],\"inLanguage\":\"es\"},{\"@type\":\"Organization\",\"@id\":\"https:\/\/www.csj-emballages.com\/es\/#Organization\/\",\"name\":\"CSJ Emballages\",\"url\":\"https:\/\/www.csj-emballages.com\/es\/\",\"logo\":{\"@type\":\"ImageObject\",\"inLanguage\":\"es\",\"@id\":\"https:\/\/www.csj-emballages.com\/es\/#\/schema\/logo\/image\/\",\"url\":\"https:\/\/www.csj-emballages.com\/wp-content\/uploads\/2023\/10\/logo_csj.webp\",\"contentUrl\":\"https:\/\/www.csj-emballages.com\/wp-content\/uploads\/2023\/10\/logo_csj.webp\",\"width\":250,\"height\":95,\"caption\":\"CSJ Emballages\"},\"image\":{\"@id\":\"https:\/\/www.csj-emballages.com\/es\/#\/schema\/logo\/image\/\"},\"sameAs\":[\"https:\/\/www.facebook.com\/csjemballages\"],\"address\":{\"@type\":\"PostalAddress\",\"streetAddress\":\"ZI La Lechere\",\"addressLocality\":\"Patornay\",\"postalCode\":\"39130\",\"addressCountry\":\"FR\"},\"contactPoint\":[{\"@type\":\"ContactPoint\",\"contactType\":\"Service client\",\"telephone\":\"0384254272\",\"email\":\"contact@csj-emballages.com\"}]}]}<\/script>\n<!-- \/ Yoast SEO Premium plugin. -->","yoast_head_json":{"title":"Gel Bomba Hidroalcoh\u00f3lica 500 ml","description":"Gel hidroalcoh\u00f3lico de 500 ml, sin perfume ni colorantes, ideal para una desinfecci\u00f3n r\u00e1pida y eficaz de las manos, incluso en entornos m\u00e9dicos.","robots":{"index":"index","follow":"follow","max-snippet":"max-snippet:-1","max-image-preview":"max-image-preview:large","max-video-preview":"max-video-preview:-1"},"canonical":"https:\/\/www.csj-emballages.com\/es\/produit\/gel-hidroalcoholico-con-bomba-500-ml\/","og_locale":"es_ES","og_type":"article","og_title":"Gel hidroalcoh\u00f3lico con bomba 500 ml","og_description":"Gel hidroalcoh\u00f3lico de 500 ml, sin perfume ni colorantes, ideal para una desinfecci\u00f3n r\u00e1pida y eficaz de las manos, incluso en entornos m\u00e9dicos.","og_url":"https:\/\/www.csj-emballages.com\/es\/produit\/gel-hidroalcoholico-con-bomba-500-ml\/","og_site_name":"CSJ Emballages","article_publisher":"https:\/\/www.facebook.com\/csjemballages","article_modified_time":"2026-03-17T01:14:19+00:00","og_image":[{"width":800,"height":800,"url":"https:\/\/www.csj-emballages.com\/wp-content\/uploads\/2024\/03\/GH500.webp","type":"image\/webp"}],"twitter_card":"summary_large_image","twitter_misc":{"Tiempo de lectura":"1 minuto"},"schema":{"@context":"https:\/\/schema.org","@graph":[{"@type":"WebPage","@id":"https:\/\/www.csj-emballages.com\/es\/produit\/gel-hidroalcoholico-con-bomba-500-ml\/","url":"https:\/\/www.csj-emballages.com\/es\/produit\/gel-hidroalcoholico-con-bomba-500-ml\/","name":"Gel Bomba Hidroalcoh\u00f3lica 500 ml","isPartOf":{"@id":"https:\/\/www.csj-emballages.com\/es\/#website"},"primaryImageOfPage":{"@id":"https:\/\/www.csj-emballages.com\/es\/produit\/gel-hidroalcoholico-con-bomba-500-ml\/#primaryimage"},"image":{"@id":"https:\/\/www.csj-emballages.com\/es\/produit\/gel-hidroalcoholico-con-bomba-500-ml\/#primaryimage"},"thumbnailUrl":"https:\/\/www.csj-emballages.com\/wp-content\/uploads\/2024\/03\/GH500.webp","datePublished":"2024-03-01T15:53:31+00:00","dateModified":"2026-03-17T01:14:19+00:00","description":"Gel hidroalcoh\u00f3lico de 500 ml, sin perfume ni colorantes, ideal para una desinfecci\u00f3n r\u00e1pida y eficaz de las manos, incluso en entornos m\u00e9dicos.","breadcrumb":{"@id":"https:\/\/www.csj-emballages.com\/es\/produit\/gel-hidroalcoholico-con-bomba-500-ml\/#breadcrumb"},"inLanguage":"es","potentialAction":[{"@type":"ReadAction","target":["https:\/\/www.csj-emballages.com\/es\/produit\/gel-hidroalcoholico-con-bomba-500-ml\/"]}]},{"@type":"ImageObject","inLanguage":"es","@id":"https:\/\/www.csj-emballages.com\/es\/produit\/gel-hidroalcoholico-con-bomba-500-ml\/#primaryimage","url":"https:\/\/www.csj-emballages.com\/wp-content\/uploads\/2024\/03\/GH500.webp","contentUrl":"https:\/\/www.csj-emballages.com\/wp-content\/uploads\/2024\/03\/GH500.webp","width":800,"height":800,"caption":"gel hydroalcoolique"},{"@type":"BreadcrumbList","@id":"https:\/\/www.csj-emballages.com\/es\/produit\/gel-hidroalcoholico-con-bomba-500-ml\/#breadcrumb","itemListElement":[{"@type":"ListItem","position":1,"name":"Accueil","item":"https:\/\/www.csj-emballages.com\/es\/universo-del-envasado-alimentario\/"},{"@type":"ListItem","position":2,"name":"Tienda","item":"https:\/\/www.csj-emballages.com\/tienda\/"},{"@type":"ListItem","position":3,"name":"Gel hidroalcoh\u00f3lico con bomba 500 ml"}]},{"@type":"WebSite","@id":"https:\/\/www.csj-emballages.com\/es\/#website","url":"https:\/\/www.csj-emballages.com\/es\/","name":"CSJ Emballages","description":"","publisher":{"@id":"https:\/\/www.csj-emballages.com\/es\/#organization"},"potentialAction":[{"@type":"SearchAction","target":{"@type":"EntryPoint","urlTemplate":"https:\/\/www.csj-emballages.com\/es\/?s={search_term_string}"},"query-input":{"@type":"PropertyValueSpecification","valueRequired":true,"valueName":"search_term_string"}}],"inLanguage":"es"},{"@type":"Organization","@id":"https:\/\/www.csj-emballages.com\/es\/#Organization\/","name":"CSJ Emballages","url":"https:\/\/www.csj-emballages.com\/es\/","logo":{"@type":"ImageObject","inLanguage":"es","@id":"https:\/\/www.csj-emballages.com\/es\/#\/schema\/logo\/image\/","url":"https:\/\/www.csj-emballages.com\/wp-content\/uploads\/2023\/10\/logo_csj.webp","contentUrl":"https:\/\/www.csj-emballages.com\/wp-content\/uploads\/2023\/10\/logo_csj.webp","width":250,"height":95,"caption":"CSJ Emballages"},"image":{"@id":"https:\/\/www.csj-emballages.com\/es\/#\/schema\/logo\/image\/"},"sameAs":["https:\/\/www.facebook.com\/csjemballages"],"address":{"@type":"PostalAddress","streetAddress":"ZI La Lechere","addressLocality":"Patornay","postalCode":"39130","addressCountry":"FR"},"contactPoint":[{"@type":"ContactPoint","contactType":"Service client","telephone":"0384254272","email":"contact@csj-emballages.com"}]}]}},"df_price":4.36,"df_sale_price":"","df_regular_price":4.36,"df_image_link":"https:\/\/www.csj-emballages.com\/wp-content\/uploads\/2024\/03\/GH500-300x300.webp","tiered_pricing_type":"fixed","tiered_pricing_fixed_rules":[],"tiered_pricing_percentage_rules":[],"tiered_pricing_minimum":1,"tiered_pricing_roles_data":[],"_links":{"self":[{"href":"https:\/\/www.csj-emballages.com\/es\/wp-json\/wp\/v2\/product\/21034","targetHints":{"allow":["GET"]}}],"collection":[{"href":"https:\/\/www.csj-emballages.com\/es\/wp-json\/wp\/v2\/product"}],"about":[{"href":"https:\/\/www.csj-emballages.com\/es\/wp-json\/wp\/v2\/types\/product"}],"wp:featuredmedia":[{"embeddable":true,"href":"https:\/\/www.csj-emballages.com\/es\/wp-json\/wp\/v2\/media\/235946"}],"wp:attachment":[{"href":"https:\/\/www.csj-emballages.com\/es\/wp-json\/wp\/v2\/media?parent=21034"}],"wp:term":[{"taxonomy":"product_brand","embeddable":true,"href":"https:\/\/www.csj-emballages.com\/es\/wp-json\/wp\/v2\/product_brand?post=21034"},{"taxonomy":"product_cat","embeddable":true,"href":"https:\/\/www.csj-emballages.com\/es\/wp-json\/wp\/v2\/product_cat?post=21034"},{"taxonomy":"product_tag","embeddable":true,"href":"https:\/\/www.csj-emballages.com\/es\/wp-json\/wp\/v2\/product_tag?post=21034"}],"curies":[{"name":"wp","href":"https:\/\/api.w.org\/{rel}","templated":true}]}}