{"id":21029,"date":"2024-03-01T16:53:31","date_gmt":"2024-03-01T15:53:31","guid":{"rendered":"https:\/\/u15jnbdpoq.preview.infomaniak.website\/produit\/100-guantes-de-examen-de-latex-sin-polvo-medianos-8-9\/"},"modified":"2026-04-03T02:16:31","modified_gmt":"2026-04-03T00:16:31","slug":"100-guantes-de-examen-de-latex-sin-polvo-medianos-8-9","status":"publish","type":"product","link":"https:\/\/www.csj-emballages.com\/es\/produit\/100-guantes-de-examen-de-latex-sin-polvo-medianos-8-9\/","title":{"rendered":"Guante de l\u00e1tex sin polvo para examen, mediano 7\/8, por 100 unidades"},"content":{"rendered":"<h2>Guante de l\u00e1tex<\/h2>\n<hr>\n<h3>Descubra nuestro guante de l\u00e1tex sin polvo para examen, mediano 7\/8, por 100 unidades<\/h3>\n<p><!--more--><\/p>\n<p data-start=\"278\" data-end=\"675\">Cuando se trabaja con precisi\u00f3n, cada detalle cuenta, sobre todo en las manos. Estos <strong data-start=\"368\" data-end=\"413\">guantes de l\u00e1tex sin polvo para examen, talla M<\/strong>, han sido dise\u00f1ados para ofrecer una verdadera sensaci\u00f3n de confort, a la vez que garantizan una protecci\u00f3n fiable a diario. Desde el momento en que se ponen, se adaptan de forma natural a la mano, sin efecto pegajoso ni molestias, lo que permite trabajar con tranquilidad, incluso durante largos periodos.  <\/p>\n<p data-start=\"677\" data-end=\"1072\">Gracias a <strong>la ausencia de polvo<\/strong>, limitan los <strong>riesgos de irritaci\u00f3n y evitan los residuos desagradables<\/strong> en la piel, las superficies o el material. Es una verdadera ventaja para los profesionales que buscan un uso limpio y controlado. Su finura permite conservar una excelente sensibilidad t\u00e1ctil, ideal para los gestos precisos, los ex\u00e1menes, los cuidados o las manipulaciones delicadas.  <\/p>\n<p data-start=\"1074\" data-end=\"1420\">Adem\u00e1s, el <strong>l\u00e1tex<\/strong> utilizado ofrece una buena elasticidad y una resistencia adaptada a un uso frecuente. El guante no se desgarra f\u00e1cilmente y se mantiene bien en su sitio, lo que refuerza la sensaci\u00f3n de seguridad durante el trabajo. La talla S se adapta perfectamente a las manos finas, garantizando un ajuste preciso y un mejor control de los movimientos.  <\/p>\n<p data-start=\"1422\" data-end=\"1709\">Acondicionados en <strong data-start=\"1438\" data-end=\"1454\">caja de 100<\/strong>, estos guantes son pr\u00e1cticos de almacenar y f\u00e1ciles de distribuir. Encuentran su lugar tanto en <strong>consultas m\u00e9dicas como en laboratorios, colectividades, centros de atenci\u00f3n o entornos<\/strong> que requieran una higiene rigurosa. <\/p>\n<p data-start=\"1711\" data-end=\"1933\">En resumen, estos <strong>guantes de l\u00e1tex sin polvo<\/strong> combinan confort, precisi\u00f3n y eficacia. Acompa\u00f1an a los profesionales en su d\u00eda a d\u00eda sin complicar los gestos, a la vez que responden a las exigencias de higiene y seguridad. <\/p>\n<p data-start=\"1711\" data-end=\"1933\"><!--more--><\/p>\n<h4>Ventajas :<\/h4>\n<ul>\n<li data-start=\"1961\" data-end=\"2008\">Sin polvo para un uso m\u00e1s limpio.<\/li>\n<li data-start=\"2011\" data-end=\"2039\">Buena sensibilidad t\u00e1ctil.<\/li>\n<li data-start=\"2042\" data-end=\"2090\">Ajuste preciso para manos finas (<strong>talla M<\/strong>).<\/li>\n<li data-start=\"2093\" data-end=\"2121\">L\u00e1tex flexible y resistente.<\/li>\n<li data-start=\"2124\" data-end=\"2168\">Caja de <strong>100 guantes<\/strong>, pr\u00e1ctica para el d\u00eda a d\u00eda.<\/li>\n<\/ul>\n<p>&nbsp;<\/p>\n<p><!--more--><\/p>\n<h4 style=\"margin: 0pt; box-sizing: inherit; font-family: Roboto, sans-serif;\"><span style=\"box-sizing: inherit;\"> Otra informaci\u00f3n:<\/span><\/h4>\n<ul>\n<li><strong>Embalaje<\/strong>: Paquete de 100<\/li>\n<li><strong>Talla<\/strong>: M<\/li>\n<li><strong>Longitud<\/strong>: 240 mm<\/li>\n<li><strong>Ancho de la palma<\/strong>: 95 mm<\/li>\n<li><strong>Peso<\/strong>: 5,0 g<\/li>\n<li><strong>Material<\/strong>: L\u00e1tex (sin polvo)<\/li>\n<\/ul>\n<p>&nbsp;<\/p>\n<p><!--more--><\/p>\n<p>Encuentre aqu\u00ed todas las tallas disponibles para estos guantes de l\u00e1tex sin polvo: <span style=\"color: #d12727;\"><a style=\"color: #d12727;\" href=\"https:\/\/www.csj-emballages.com\/es\/produit\/100-guantes-de-examen-de-latex-sin-polvo-pequenos-7\/\">Peque\u00f1a (6\/7)<\/a><\/span> \/ <span style=\"color: #d12727;\"><a style=\"color: #d12727;\" href=\"https:\/\/www.csj-emballages.com\/es\/produit\/100-guantes-grandes-de-examen-de-latex-sin-polvo-8-9\/\">Grande (8\/9)<\/a><\/span><\/p>\n<p style=\"margin: 0pt; box-sizing: inherit; font-family: Roboto, sans-serif;\"><span style=\"color: #00c000; box-sizing: inherit;\"> <\/span><!--more--><\/p>\n<p><a href=\"https:\/\/www.csj-emballages.com\/es\/categorie-produit\/higiene-y-mantenimiento\/equipamiento-individual\/guantes\/guantes-de-latex\/guantes-de-latex-sin-polvo\/\">Consulte el resto de nuestra gama de guantes de l\u00e1tex sin polvo<\/a><\/p>\n<p style=\"margin: 0pt; box-sizing: inherit; font-family: Roboto, sans-serif;\">\n","protected":false},"excerpt":{"rendered":"<p>Guante de l\u00e1tex Descubra nuestro guante de l\u00e1tex sin polvo para examen, mediano 7\/8, por 100 unidades<\/p>\n","protected":false},"featured_media":262204,"template":"","meta":{"_acf_changed":false},"product_brand":[],"product_cat":[1226,2325,2700,2703,2710],"product_tag":[],"class_list":{"0":"post-21029","1":"product","2":"type-product","3":"status-publish","4":"has-post-thumbnail","6":"product_cat-higiene-y-mantenimiento","7":"product_cat-equipamiento-individual","8":"product_cat-guantes","9":"product_cat-guantes-de-latex","10":"product_cat-guantes-de-latex-sin-polvo","12":"first","13":"instock","14":"taxable","15":"shipping-taxable","16":"purchasable","17":"product-type-simple"},"acf":[],"yoast_head":"<!-- This site is optimized with the Yoast SEO Premium plugin v26.6 (Yoast SEO v26.6) - https:\/\/yoast.com\/wordpress\/plugins\/seo\/ -->\n<title>Guante de l\u00e1tex sin polvo para examen, mediano 7\/8, por 100 unidades<\/title>\n<meta name=\"description\" content=\"Guantes de l\u00e1tex sin polvo talla M en caja de 100 unidades. C\u00f3modos, precisos y resistentes, ideales para ex\u00e1menes, cuidados y usos profesionales.\" \/>\n<meta name=\"robots\" content=\"index, follow, max-snippet:-1, max-image-preview:large, max-video-preview:-1\" \/>\n<link rel=\"canonical\" href=\"https:\/\/www.csj-emballages.com\/es\/produit\/100-guantes-de-examen-de-latex-sin-polvo-medianos-8-9\/\" \/>\n<meta property=\"og:locale\" content=\"es_ES\" \/>\n<meta property=\"og:type\" content=\"article\" \/>\n<meta property=\"og:title\" content=\"Guante de l\u00e1tex sin polvo para examen, mediano 7\/8, por 100 unidades\" \/>\n<meta property=\"og:description\" content=\"Guantes de l\u00e1tex sin polvo talla M en caja de 100 unidades. C\u00f3modos, precisos y resistentes, ideales para ex\u00e1menes, cuidados y usos profesionales.\" \/>\n<meta property=\"og:url\" content=\"https:\/\/www.csj-emballages.com\/es\/produit\/100-guantes-de-examen-de-latex-sin-polvo-medianos-8-9\/\" \/>\n<meta property=\"og:site_name\" content=\"CSJ Emballages\" \/>\n<meta property=\"article:publisher\" content=\"https:\/\/www.facebook.com\/csjemballages\" \/>\n<meta property=\"article:modified_time\" content=\"2026-04-03T00:16:31+00:00\" \/>\n<meta property=\"og:image\" content=\"https:\/\/www.csj-emballages.com\/wp-content\/uploads\/2024\/03\/GLMNP.webp\" \/>\n\t<meta property=\"og:image:width\" content=\"800\" \/>\n\t<meta property=\"og:image:height\" content=\"800\" \/>\n\t<meta property=\"og:image:type\" content=\"image\/webp\" \/>\n<meta name=\"twitter:card\" content=\"summary_large_image\" \/>\n<meta name=\"twitter:label1\" content=\"Tiempo de lectura\" \/>\n\t<meta name=\"twitter:data1\" content=\"2 minutos\" \/>\n<script type=\"application\/ld+json\" class=\"yoast-schema-graph\">{\"@context\":\"https:\/\/schema.org\",\"@graph\":[{\"@type\":\"WebPage\",\"@id\":\"https:\/\/www.csj-emballages.com\/es\/produit\/100-guantes-de-examen-de-latex-sin-polvo-medianos-8-9\/\",\"url\":\"https:\/\/www.csj-emballages.com\/es\/produit\/100-guantes-de-examen-de-latex-sin-polvo-medianos-8-9\/\",\"name\":\"Guante de l\u00e1tex sin polvo para examen, mediano 7\/8, por 100 unidades\",\"isPartOf\":{\"@id\":\"https:\/\/www.csj-emballages.com\/es\/#website\"},\"primaryImageOfPage\":{\"@id\":\"https:\/\/www.csj-emballages.com\/es\/produit\/100-guantes-de-examen-de-latex-sin-polvo-medianos-8-9\/#primaryimage\"},\"image\":{\"@id\":\"https:\/\/www.csj-emballages.com\/es\/produit\/100-guantes-de-examen-de-latex-sin-polvo-medianos-8-9\/#primaryimage\"},\"thumbnailUrl\":\"https:\/\/www.csj-emballages.com\/wp-content\/uploads\/2024\/03\/Latex.webp\",\"datePublished\":\"2024-03-01T15:53:31+00:00\",\"dateModified\":\"2026-04-03T00:16:31+00:00\",\"description\":\"Guantes de l\u00e1tex sin polvo talla M en caja de 100 unidades. C\u00f3modos, precisos y resistentes, ideales para ex\u00e1menes, cuidados y usos profesionales.\",\"breadcrumb\":{\"@id\":\"https:\/\/www.csj-emballages.com\/es\/produit\/100-guantes-de-examen-de-latex-sin-polvo-medianos-8-9\/#breadcrumb\"},\"inLanguage\":\"es\",\"potentialAction\":[{\"@type\":\"ReadAction\",\"target\":[\"https:\/\/www.csj-emballages.com\/es\/produit\/100-guantes-de-examen-de-latex-sin-polvo-medianos-8-9\/\"]}]},{\"@type\":\"ImageObject\",\"inLanguage\":\"es\",\"@id\":\"https:\/\/www.csj-emballages.com\/es\/produit\/100-guantes-de-examen-de-latex-sin-polvo-medianos-8-9\/#primaryimage\",\"url\":\"https:\/\/www.csj-emballages.com\/wp-content\/uploads\/2024\/03\/Latex.webp\",\"contentUrl\":\"https:\/\/www.csj-emballages.com\/wp-content\/uploads\/2024\/03\/Latex.webp\",\"width\":800,\"height\":800,\"caption\":\"Gant latex\"},{\"@type\":\"BreadcrumbList\",\"@id\":\"https:\/\/www.csj-emballages.com\/es\/produit\/100-guantes-de-examen-de-latex-sin-polvo-medianos-8-9\/#breadcrumb\",\"itemListElement\":[{\"@type\":\"ListItem\",\"position\":1,\"name\":\"Accueil\",\"item\":\"https:\/\/www.csj-emballages.com\/es\/universo-del-envasado-alimentario\/\"},{\"@type\":\"ListItem\",\"position\":2,\"name\":\"Tienda\",\"item\":\"https:\/\/www.csj-emballages.com\/tienda\/\"},{\"@type\":\"ListItem\",\"position\":3,\"name\":\"Guante de l\u00e1tex sin polvo para examen, mediano 7\/8, por 100 unidades\"}]},{\"@type\":\"WebSite\",\"@id\":\"https:\/\/www.csj-emballages.com\/es\/#website\",\"url\":\"https:\/\/www.csj-emballages.com\/es\/\",\"name\":\"CSJ Emballages\",\"description\":\"\",\"publisher\":{\"@id\":\"https:\/\/www.csj-emballages.com\/es\/#organization\"},\"potentialAction\":[{\"@type\":\"SearchAction\",\"target\":{\"@type\":\"EntryPoint\",\"urlTemplate\":\"https:\/\/www.csj-emballages.com\/es\/?s={search_term_string}\"},\"query-input\":{\"@type\":\"PropertyValueSpecification\",\"valueRequired\":true,\"valueName\":\"search_term_string\"}}],\"inLanguage\":\"es\"},{\"@type\":\"Organization\",\"@id\":\"https:\/\/www.csj-emballages.com\/es\/#Organization\/\",\"name\":\"CSJ Emballages\",\"url\":\"https:\/\/www.csj-emballages.com\/es\/\",\"logo\":{\"@type\":\"ImageObject\",\"inLanguage\":\"es\",\"@id\":\"https:\/\/www.csj-emballages.com\/es\/#\/schema\/logo\/image\/\",\"url\":\"https:\/\/www.csj-emballages.com\/wp-content\/uploads\/2023\/10\/logo_csj.webp\",\"contentUrl\":\"https:\/\/www.csj-emballages.com\/wp-content\/uploads\/2023\/10\/logo_csj.webp\",\"width\":250,\"height\":95,\"caption\":\"CSJ Emballages\"},\"image\":{\"@id\":\"https:\/\/www.csj-emballages.com\/es\/#\/schema\/logo\/image\/\"},\"sameAs\":[\"https:\/\/www.facebook.com\/csjemballages\"],\"address\":{\"@type\":\"PostalAddress\",\"streetAddress\":\"ZI La Lechere\",\"addressLocality\":\"Patornay\",\"postalCode\":\"39130\",\"addressCountry\":\"FR\"},\"contactPoint\":[{\"@type\":\"ContactPoint\",\"contactType\":\"Service client\",\"telephone\":\"0384254272\",\"email\":\"contact@csj-emballages.com\"}]}]}<\/script>\n<!-- \/ Yoast SEO Premium plugin. -->","yoast_head_json":{"title":"Guante de l\u00e1tex sin polvo para examen, mediano 7\/8, por 100 unidades","description":"Guantes de l\u00e1tex sin polvo talla M en caja de 100 unidades. C\u00f3modos, precisos y resistentes, ideales para ex\u00e1menes, cuidados y usos profesionales.","robots":{"index":"index","follow":"follow","max-snippet":"max-snippet:-1","max-image-preview":"max-image-preview:large","max-video-preview":"max-video-preview:-1"},"canonical":"https:\/\/www.csj-emballages.com\/es\/produit\/100-guantes-de-examen-de-latex-sin-polvo-medianos-8-9\/","og_locale":"es_ES","og_type":"article","og_title":"Guante de l\u00e1tex sin polvo para examen, mediano 7\/8, por 100 unidades","og_description":"Guantes de l\u00e1tex sin polvo talla M en caja de 100 unidades. C\u00f3modos, precisos y resistentes, ideales para ex\u00e1menes, cuidados y usos profesionales.","og_url":"https:\/\/www.csj-emballages.com\/es\/produit\/100-guantes-de-examen-de-latex-sin-polvo-medianos-8-9\/","og_site_name":"CSJ Emballages","article_publisher":"https:\/\/www.facebook.com\/csjemballages","article_modified_time":"2026-04-03T00:16:31+00:00","og_image":[{"width":800,"height":800,"url":"https:\/\/www.csj-emballages.com\/wp-content\/uploads\/2024\/03\/GLMNP.webp","type":"image\/webp"}],"twitter_card":"summary_large_image","twitter_misc":{"Tiempo de lectura":"2 minutos"},"schema":{"@context":"https:\/\/schema.org","@graph":[{"@type":"WebPage","@id":"https:\/\/www.csj-emballages.com\/es\/produit\/100-guantes-de-examen-de-latex-sin-polvo-medianos-8-9\/","url":"https:\/\/www.csj-emballages.com\/es\/produit\/100-guantes-de-examen-de-latex-sin-polvo-medianos-8-9\/","name":"Guante de l\u00e1tex sin polvo para examen, mediano 7\/8, por 100 unidades","isPartOf":{"@id":"https:\/\/www.csj-emballages.com\/es\/#website"},"primaryImageOfPage":{"@id":"https:\/\/www.csj-emballages.com\/es\/produit\/100-guantes-de-examen-de-latex-sin-polvo-medianos-8-9\/#primaryimage"},"image":{"@id":"https:\/\/www.csj-emballages.com\/es\/produit\/100-guantes-de-examen-de-latex-sin-polvo-medianos-8-9\/#primaryimage"},"thumbnailUrl":"https:\/\/www.csj-emballages.com\/wp-content\/uploads\/2024\/03\/Latex.webp","datePublished":"2024-03-01T15:53:31+00:00","dateModified":"2026-04-03T00:16:31+00:00","description":"Guantes de l\u00e1tex sin polvo talla M en caja de 100 unidades. C\u00f3modos, precisos y resistentes, ideales para ex\u00e1menes, cuidados y usos profesionales.","breadcrumb":{"@id":"https:\/\/www.csj-emballages.com\/es\/produit\/100-guantes-de-examen-de-latex-sin-polvo-medianos-8-9\/#breadcrumb"},"inLanguage":"es","potentialAction":[{"@type":"ReadAction","target":["https:\/\/www.csj-emballages.com\/es\/produit\/100-guantes-de-examen-de-latex-sin-polvo-medianos-8-9\/"]}]},{"@type":"ImageObject","inLanguage":"es","@id":"https:\/\/www.csj-emballages.com\/es\/produit\/100-guantes-de-examen-de-latex-sin-polvo-medianos-8-9\/#primaryimage","url":"https:\/\/www.csj-emballages.com\/wp-content\/uploads\/2024\/03\/Latex.webp","contentUrl":"https:\/\/www.csj-emballages.com\/wp-content\/uploads\/2024\/03\/Latex.webp","width":800,"height":800,"caption":"Gant latex"},{"@type":"BreadcrumbList","@id":"https:\/\/www.csj-emballages.com\/es\/produit\/100-guantes-de-examen-de-latex-sin-polvo-medianos-8-9\/#breadcrumb","itemListElement":[{"@type":"ListItem","position":1,"name":"Accueil","item":"https:\/\/www.csj-emballages.com\/es\/universo-del-envasado-alimentario\/"},{"@type":"ListItem","position":2,"name":"Tienda","item":"https:\/\/www.csj-emballages.com\/tienda\/"},{"@type":"ListItem","position":3,"name":"Guante de l\u00e1tex sin polvo para examen, mediano 7\/8, por 100 unidades"}]},{"@type":"WebSite","@id":"https:\/\/www.csj-emballages.com\/es\/#website","url":"https:\/\/www.csj-emballages.com\/es\/","name":"CSJ Emballages","description":"","publisher":{"@id":"https:\/\/www.csj-emballages.com\/es\/#organization"},"potentialAction":[{"@type":"SearchAction","target":{"@type":"EntryPoint","urlTemplate":"https:\/\/www.csj-emballages.com\/es\/?s={search_term_string}"},"query-input":{"@type":"PropertyValueSpecification","valueRequired":true,"valueName":"search_term_string"}}],"inLanguage":"es"},{"@type":"Organization","@id":"https:\/\/www.csj-emballages.com\/es\/#Organization\/","name":"CSJ Emballages","url":"https:\/\/www.csj-emballages.com\/es\/","logo":{"@type":"ImageObject","inLanguage":"es","@id":"https:\/\/www.csj-emballages.com\/es\/#\/schema\/logo\/image\/","url":"https:\/\/www.csj-emballages.com\/wp-content\/uploads\/2023\/10\/logo_csj.webp","contentUrl":"https:\/\/www.csj-emballages.com\/wp-content\/uploads\/2023\/10\/logo_csj.webp","width":250,"height":95,"caption":"CSJ Emballages"},"image":{"@id":"https:\/\/www.csj-emballages.com\/es\/#\/schema\/logo\/image\/"},"sameAs":["https:\/\/www.facebook.com\/csjemballages"],"address":{"@type":"PostalAddress","streetAddress":"ZI La Lechere","addressLocality":"Patornay","postalCode":"39130","addressCountry":"FR"},"contactPoint":[{"@type":"ContactPoint","contactType":"Service client","telephone":"0384254272","email":"contact@csj-emballages.com"}]}]}},"df_price":6,"df_sale_price":"","df_regular_price":6,"df_image_link":"https:\/\/www.csj-emballages.com\/wp-content\/uploads\/2024\/03\/Latex-300x300.webp","tiered_pricing_type":"fixed","tiered_pricing_fixed_rules":[],"tiered_pricing_percentage_rules":[],"tiered_pricing_minimum":1,"tiered_pricing_roles_data":[],"_links":{"self":[{"href":"https:\/\/www.csj-emballages.com\/es\/wp-json\/wp\/v2\/product\/21029","targetHints":{"allow":["GET"]}}],"collection":[{"href":"https:\/\/www.csj-emballages.com\/es\/wp-json\/wp\/v2\/product"}],"about":[{"href":"https:\/\/www.csj-emballages.com\/es\/wp-json\/wp\/v2\/types\/product"}],"wp:featuredmedia":[{"embeddable":true,"href":"https:\/\/www.csj-emballages.com\/es\/wp-json\/wp\/v2\/media\/262204"}],"wp:attachment":[{"href":"https:\/\/www.csj-emballages.com\/es\/wp-json\/wp\/v2\/media?parent=21029"}],"wp:term":[{"taxonomy":"product_brand","embeddable":true,"href":"https:\/\/www.csj-emballages.com\/es\/wp-json\/wp\/v2\/product_brand?post=21029"},{"taxonomy":"product_cat","embeddable":true,"href":"https:\/\/www.csj-emballages.com\/es\/wp-json\/wp\/v2\/product_cat?post=21029"},{"taxonomy":"product_tag","embeddable":true,"href":"https:\/\/www.csj-emballages.com\/es\/wp-json\/wp\/v2\/product_tag?post=21029"}],"curies":[{"name":"wp","href":"https:\/\/api.w.org\/{rel}","templated":true}]}}