{"id":20994,"date":"2024-03-01T16:53:32","date_gmt":"2024-03-01T15:53:32","guid":{"rendered":"https:\/\/u15jnbdpoq.preview.infomaniak.website\/produit\/caja-acanalada-doble-galia-a13\/"},"modified":"2026-04-04T02:12:50","modified_gmt":"2026-04-04T00:12:50","slug":"caja-acanalada-doble-galia-a13","status":"publish","type":"product","link":"https:\/\/www.csj-emballages.com\/es\/produit\/caja-acanalada-doble-galia-a13\/","title":{"rendered":"Caja de cart\u00f3n Galia de doble canal A13"},"content":{"rendered":"<h2 class=\"p1\">Cart\u00f3n<\/h2>\n<hr>\n<h3>Descripci\u00f3n de nuestra caja de cart\u00f3n de doble canal Galia A13<\/h3>\n<p><!--more--><\/p>\n<p data-start=\"31\" data-end=\"476\">La <strong data-start=\"34\" data-end=\"78\">caja de cart\u00f3n de doble canal Galia A13<\/strong> est\u00e1 dise\u00f1ada para satisfacer las necesidades de los profesionales del transporte, el almacenamiento y la log\u00edstica. En efecto, robusta y resistente, ofrece una protecci\u00f3n \u00f3ptima para sus mercanc\u00edas, incluso las m\u00e1s fr\u00e1giles. Gracias a su <strong data-start=\"294\" data-end=\"314\">doble canal<\/strong>, asegura una excelente resistencia a los golpes, a las compresiones y a las variaciones de temperatura, garantizando as\u00ed una mayor seguridad durante el env\u00edo.  <\/p>\n<p data-start=\"478\" data-end=\"867\">Este <strong>cart\u00f3n de doble canaleta<\/strong> cumple las normas <strong data-start=\"512\" data-end=\"521\">Galia<\/strong>, una norma reconocida en los sectores de la automoci\u00f3n y la industria, que garantiza la compatibilidad con las cadenas de suministro y facilita la organizaci\u00f3n del transporte y el almacenamiento. Su dise\u00f1o optimizado permite un montaje r\u00e1pido y un apilado eficaz, reduciendo el desorden y optimizando el espacio de almacenamiento. El acr\u00f3nimo <strong>GALIA<\/strong> significa \u00abGroupement pour l&#8217;Am\u00e9lioration des Liaisons dans l&#8217;Industrie Automobile\u00bb y abarca todas las normas espec\u00edficas de este sector y aplicables a los envases de cart\u00f3n.  <\/p>\n<p data-start=\"869\" data-end=\"1068\">En resumen, tanto si es un profesional de la log\u00edstica, un comerciante o una empresa que desea enviar productos con total seguridad, la caja <strong data-start=\"1013\" data-end=\"1026\">Galia A13<\/strong> es una soluci\u00f3n fiable y eficaz.<\/p>\n<h3 data-start=\"1070\" data-end=\"1098\"><\/h3>\n<p><!--more--><\/p>\n<h4>Ventajas :<\/h4>\n<ul>\n<li data-start=\"1063\" data-end=\"1163\"><strong>Doble canal<\/strong> para una solidez reforzada.<\/li>\n<li data-start=\"1164\" data-end=\"1241\">Ideal para productos fr\u00e1giles o pesados.<\/li>\n<li data-start=\"1328\" data-end=\"1424\">Montaje r\u00e1pido y apilamiento optimizado.<\/li>\n<li data-start=\"1425\" data-end=\"1500\">Perfectamente adaptado a las exigencias log\u00edsticas de los profesionales.<\/li>\n<li data-start=\"1425\" data-end=\"1500\">Cart\u00f3n reciclable y respetuoso con el medio ambiente.<\/li>\n<\/ul>\n<p>&nbsp;<\/p>\n<p><!--more--><\/p>\n<h4>Informaci\u00f3n adicional :<\/h4>\n<ul>\n<li><strong>Embalaje<\/strong>: Se vende individualmente<\/li>\n<li><strong>Dimensiones<\/strong>: 400 x 300 x 200 (L x An x Al en mm)<\/li>\n<li><strong>Tipo<\/strong>: Galia<\/li>\n<li><strong>Resistencia<\/strong>: Doble estriado<\/li>\n<li><strong>Modelo<\/strong>: A13<\/li>\n<li><strong>Forma<\/strong>: Rectangular<\/li>\n<li><strong>Material<\/strong>: Cart\u00f3n<\/li>\n<\/ul>\n<p>&nbsp;<\/p>\n<p><!--more--><\/p>\n<p>Este producto est\u00e1 disponible en varios tama\u00f1os: <span style=\"color: #d12727;\"><a style=\"color: #d12727;\" href=\"https:\/\/www.csj-emballages.com\/en\/produit\/galia-a10-double-fluted-box\/\">Galia10<\/a> <span style=\"color: #000000;\">\/<\/span> <a style=\"color: #d12727;\" href=\"https:\/\/www.csj-emballages.com\/en\/produit\/galia-a11-double-fluted-box\/\">Galia11<\/a> <span style=\"color: #000000;\">\/<\/span> <a style=\"color: #d12727;\" href=\"https:\/\/www.csj-emballages.com\/en\/produit\/galia-a12-double-fluted-box\/\">Galia12<\/a> <span style=\"color: #000000;\">\/<\/span> <a style=\"color: #d12727;\" href=\"https:\/\/www.csj-emballages.com\/produit\/carton-caisses-doubles-cannelures-galia-a14\/\">Galia14<\/a> <span style=\"color: #000000;\">\/<\/span> <a style=\"color: #d12727;\" href=\"https:\/\/www.csj-emballages.com\/en\/produit\/galia-a15-double-fluted-box\/\">Galia15<\/a> <span style=\"color: #000000;\">\/<\/span> <a style=\"color: #d12727;\" href=\"https:\/\/www.csj-emballages.com\/pt-pt\/produit\/caixa-galia-a16-de-canelura-dupla\/\">Galia16<\/a><\/span><\/p>\n<p>&nbsp;<\/p>\n<p><!--more--><\/p>\n<p><a href=\"https:\/\/www.csj-emballages.com\/es\/categorie-produit\/envases-industriales\/carton\/cajas-galia\/\">Ver el resto de nuestra gama de cajas galia<\/a><\/p>\n","protected":false},"excerpt":{"rendered":"<p>Cart\u00f3n Descripci\u00f3n de nuestra caja de cart\u00f3n de doble canal Galia A13<\/p>\n","protected":false},"featured_media":263317,"template":"","meta":{"_acf_changed":false},"product_brand":[],"product_cat":[1150,8636,2682,2683],"product_tag":[],"class_list":{"0":"post-20994","1":"product","2":"type-product","3":"status-publish","4":"has-post-thumbnail","6":"product_cat-envasado-de-alimentos","7":"product_cat-buenos-planes","8":"product_cat-carton","9":"product_cat-cajas-galia","10":"product_shipping_class-no-permitido-en-reles","12":"first","13":"instock","14":"sale","15":"taxable","16":"shipping-taxable","17":"purchasable","18":"product-type-simple"},"acf":[],"yoast_head":"<!-- This site is optimized with the Yoast SEO Premium plugin v26.6 (Yoast SEO v26.6) - https:\/\/yoast.com\/wordpress\/plugins\/seo\/ -->\n<title>Caja de cart\u00f3n Galia de doble canal A13<\/title>\n<meta name=\"description\" content=\"Caja de cart\u00f3n de doble canal Galia A13, resistente e ideal para el transporte y el almacenamiento seguro de sus mercanc\u00edas. Conforme a las normas Galia.\" \/>\n<meta name=\"robots\" content=\"index, follow, max-snippet:-1, max-image-preview:large, max-video-preview:-1\" \/>\n<link rel=\"canonical\" href=\"https:\/\/www.csj-emballages.com\/es\/produit\/caja-acanalada-doble-galia-a13\/\" \/>\n<meta property=\"og:locale\" content=\"es_ES\" \/>\n<meta property=\"og:type\" content=\"article\" \/>\n<meta property=\"og:title\" content=\"Caja de cart\u00f3n Galia de doble canal A13\" \/>\n<meta property=\"og:description\" content=\"Caja de cart\u00f3n de doble canal Galia A13, resistente e ideal para el transporte y el almacenamiento seguro de sus mercanc\u00edas. Conforme a las normas Galia.\" \/>\n<meta property=\"og:url\" content=\"https:\/\/www.csj-emballages.com\/es\/produit\/caja-acanalada-doble-galia-a13\/\" \/>\n<meta property=\"og:site_name\" content=\"CSJ Emballages\" \/>\n<meta property=\"article:publisher\" content=\"https:\/\/www.facebook.com\/csjemballages\" \/>\n<meta property=\"article:modified_time\" content=\"2026-04-04T00:12:50+00:00\" \/>\n<meta property=\"og:image\" content=\"https:\/\/www.csj-emballages.com\/wp-content\/uploads\/2024\/03\/Caisse-carton-galia-A13.webp\" \/>\n\t<meta property=\"og:image:width\" content=\"800\" \/>\n\t<meta property=\"og:image:height\" content=\"800\" \/>\n\t<meta property=\"og:image:type\" content=\"image\/webp\" \/>\n<meta name=\"twitter:card\" content=\"summary_large_image\" \/>\n<meta name=\"twitter:label1\" content=\"Tiempo de lectura\" \/>\n\t<meta name=\"twitter:data1\" content=\"2 minutos\" \/>\n<script type=\"application\/ld+json\" class=\"yoast-schema-graph\">{\"@context\":\"https:\/\/schema.org\",\"@graph\":[{\"@type\":\"WebPage\",\"@id\":\"https:\/\/www.csj-emballages.com\/es\/produit\/caja-acanalada-doble-galia-a13\/\",\"url\":\"https:\/\/www.csj-emballages.com\/es\/produit\/caja-acanalada-doble-galia-a13\/\",\"name\":\"Caja de cart\u00f3n Galia de doble canal A13\",\"isPartOf\":{\"@id\":\"https:\/\/www.csj-emballages.com\/es\/#website\"},\"primaryImageOfPage\":{\"@id\":\"https:\/\/www.csj-emballages.com\/es\/produit\/caja-acanalada-doble-galia-a13\/#primaryimage\"},\"image\":{\"@id\":\"https:\/\/www.csj-emballages.com\/es\/produit\/caja-acanalada-doble-galia-a13\/#primaryimage\"},\"thumbnailUrl\":\"https:\/\/www.csj-emballages.com\/wp-content\/uploads\/2024\/03\/Caisse-carton-galia-A13.webp\",\"datePublished\":\"2024-03-01T15:53:32+00:00\",\"dateModified\":\"2026-04-04T00:12:50+00:00\",\"description\":\"Caja de cart\u00f3n de doble canal Galia A13, resistente e ideal para el transporte y el almacenamiento seguro de sus mercanc\u00edas. Conforme a las normas Galia.\",\"breadcrumb\":{\"@id\":\"https:\/\/www.csj-emballages.com\/es\/produit\/caja-acanalada-doble-galia-a13\/#breadcrumb\"},\"inLanguage\":\"es\",\"potentialAction\":[{\"@type\":\"ReadAction\",\"target\":[\"https:\/\/www.csj-emballages.com\/es\/produit\/caja-acanalada-doble-galia-a13\/\"]}]},{\"@type\":\"ImageObject\",\"inLanguage\":\"es\",\"@id\":\"https:\/\/www.csj-emballages.com\/es\/produit\/caja-acanalada-doble-galia-a13\/#primaryimage\",\"url\":\"https:\/\/www.csj-emballages.com\/wp-content\/uploads\/2024\/03\/Caisse-carton-galia-A13.webp\",\"contentUrl\":\"https:\/\/www.csj-emballages.com\/wp-content\/uploads\/2024\/03\/Caisse-carton-galia-A13.webp\",\"width\":800,\"height\":800,\"caption\":\"Caisse carton galia\"},{\"@type\":\"BreadcrumbList\",\"@id\":\"https:\/\/www.csj-emballages.com\/es\/produit\/caja-acanalada-doble-galia-a13\/#breadcrumb\",\"itemListElement\":[{\"@type\":\"ListItem\",\"position\":1,\"name\":\"Accueil\",\"item\":\"https:\/\/www.csj-emballages.com\/es\/universo-del-envasado-alimentario\/\"},{\"@type\":\"ListItem\",\"position\":2,\"name\":\"Tienda\",\"item\":\"https:\/\/www.csj-emballages.com\/tienda\/\"},{\"@type\":\"ListItem\",\"position\":3,\"name\":\"Caja de cart\u00f3n Galia de doble canal A13\"}]},{\"@type\":\"WebSite\",\"@id\":\"https:\/\/www.csj-emballages.com\/es\/#website\",\"url\":\"https:\/\/www.csj-emballages.com\/es\/\",\"name\":\"CSJ Emballages\",\"description\":\"\",\"publisher\":{\"@id\":\"https:\/\/www.csj-emballages.com\/es\/#organization\"},\"potentialAction\":[{\"@type\":\"SearchAction\",\"target\":{\"@type\":\"EntryPoint\",\"urlTemplate\":\"https:\/\/www.csj-emballages.com\/es\/?s={search_term_string}\"},\"query-input\":{\"@type\":\"PropertyValueSpecification\",\"valueRequired\":true,\"valueName\":\"search_term_string\"}}],\"inLanguage\":\"es\"},{\"@type\":\"Organization\",\"@id\":\"https:\/\/www.csj-emballages.com\/es\/#Organization\/\",\"name\":\"CSJ Emballages\",\"url\":\"https:\/\/www.csj-emballages.com\/es\/\",\"logo\":{\"@type\":\"ImageObject\",\"inLanguage\":\"es\",\"@id\":\"https:\/\/www.csj-emballages.com\/es\/#\/schema\/logo\/image\/\",\"url\":\"https:\/\/www.csj-emballages.com\/wp-content\/uploads\/2023\/10\/logo_csj.webp\",\"contentUrl\":\"https:\/\/www.csj-emballages.com\/wp-content\/uploads\/2023\/10\/logo_csj.webp\",\"width\":250,\"height\":95,\"caption\":\"CSJ Emballages\"},\"image\":{\"@id\":\"https:\/\/www.csj-emballages.com\/es\/#\/schema\/logo\/image\/\"},\"sameAs\":[\"https:\/\/www.facebook.com\/csjemballages\"],\"address\":{\"@type\":\"PostalAddress\",\"streetAddress\":\"ZI La Lechere\",\"addressLocality\":\"Patornay\",\"postalCode\":\"39130\",\"addressCountry\":\"FR\"},\"contactPoint\":[{\"@type\":\"ContactPoint\",\"contactType\":\"Service client\",\"telephone\":\"0384254272\",\"email\":\"contact@csj-emballages.com\"}]}]}<\/script>\n<!-- \/ Yoast SEO Premium plugin. -->","yoast_head_json":{"title":"Caja de cart\u00f3n Galia de doble canal A13","description":"Caja de cart\u00f3n de doble canal Galia A13, resistente e ideal para el transporte y el almacenamiento seguro de sus mercanc\u00edas. Conforme a las normas Galia.","robots":{"index":"index","follow":"follow","max-snippet":"max-snippet:-1","max-image-preview":"max-image-preview:large","max-video-preview":"max-video-preview:-1"},"canonical":"https:\/\/www.csj-emballages.com\/es\/produit\/caja-acanalada-doble-galia-a13\/","og_locale":"es_ES","og_type":"article","og_title":"Caja de cart\u00f3n Galia de doble canal A13","og_description":"Caja de cart\u00f3n de doble canal Galia A13, resistente e ideal para el transporte y el almacenamiento seguro de sus mercanc\u00edas. Conforme a las normas Galia.","og_url":"https:\/\/www.csj-emballages.com\/es\/produit\/caja-acanalada-doble-galia-a13\/","og_site_name":"CSJ Emballages","article_publisher":"https:\/\/www.facebook.com\/csjemballages","article_modified_time":"2026-04-04T00:12:50+00:00","og_image":[{"width":800,"height":800,"url":"https:\/\/www.csj-emballages.com\/wp-content\/uploads\/2024\/03\/Caisse-carton-galia-A13.webp","type":"image\/webp"}],"twitter_card":"summary_large_image","twitter_misc":{"Tiempo de lectura":"2 minutos"},"schema":{"@context":"https:\/\/schema.org","@graph":[{"@type":"WebPage","@id":"https:\/\/www.csj-emballages.com\/es\/produit\/caja-acanalada-doble-galia-a13\/","url":"https:\/\/www.csj-emballages.com\/es\/produit\/caja-acanalada-doble-galia-a13\/","name":"Caja de cart\u00f3n Galia de doble canal A13","isPartOf":{"@id":"https:\/\/www.csj-emballages.com\/es\/#website"},"primaryImageOfPage":{"@id":"https:\/\/www.csj-emballages.com\/es\/produit\/caja-acanalada-doble-galia-a13\/#primaryimage"},"image":{"@id":"https:\/\/www.csj-emballages.com\/es\/produit\/caja-acanalada-doble-galia-a13\/#primaryimage"},"thumbnailUrl":"https:\/\/www.csj-emballages.com\/wp-content\/uploads\/2024\/03\/Caisse-carton-galia-A13.webp","datePublished":"2024-03-01T15:53:32+00:00","dateModified":"2026-04-04T00:12:50+00:00","description":"Caja de cart\u00f3n de doble canal Galia A13, resistente e ideal para el transporte y el almacenamiento seguro de sus mercanc\u00edas. Conforme a las normas Galia.","breadcrumb":{"@id":"https:\/\/www.csj-emballages.com\/es\/produit\/caja-acanalada-doble-galia-a13\/#breadcrumb"},"inLanguage":"es","potentialAction":[{"@type":"ReadAction","target":["https:\/\/www.csj-emballages.com\/es\/produit\/caja-acanalada-doble-galia-a13\/"]}]},{"@type":"ImageObject","inLanguage":"es","@id":"https:\/\/www.csj-emballages.com\/es\/produit\/caja-acanalada-doble-galia-a13\/#primaryimage","url":"https:\/\/www.csj-emballages.com\/wp-content\/uploads\/2024\/03\/Caisse-carton-galia-A13.webp","contentUrl":"https:\/\/www.csj-emballages.com\/wp-content\/uploads\/2024\/03\/Caisse-carton-galia-A13.webp","width":800,"height":800,"caption":"Caisse carton galia"},{"@type":"BreadcrumbList","@id":"https:\/\/www.csj-emballages.com\/es\/produit\/caja-acanalada-doble-galia-a13\/#breadcrumb","itemListElement":[{"@type":"ListItem","position":1,"name":"Accueil","item":"https:\/\/www.csj-emballages.com\/es\/universo-del-envasado-alimentario\/"},{"@type":"ListItem","position":2,"name":"Tienda","item":"https:\/\/www.csj-emballages.com\/tienda\/"},{"@type":"ListItem","position":3,"name":"Caja de cart\u00f3n Galia de doble canal A13"}]},{"@type":"WebSite","@id":"https:\/\/www.csj-emballages.com\/es\/#website","url":"https:\/\/www.csj-emballages.com\/es\/","name":"CSJ Emballages","description":"","publisher":{"@id":"https:\/\/www.csj-emballages.com\/es\/#organization"},"potentialAction":[{"@type":"SearchAction","target":{"@type":"EntryPoint","urlTemplate":"https:\/\/www.csj-emballages.com\/es\/?s={search_term_string}"},"query-input":{"@type":"PropertyValueSpecification","valueRequired":true,"valueName":"search_term_string"}}],"inLanguage":"es"},{"@type":"Organization","@id":"https:\/\/www.csj-emballages.com\/es\/#Organization\/","name":"CSJ Emballages","url":"https:\/\/www.csj-emballages.com\/es\/","logo":{"@type":"ImageObject","inLanguage":"es","@id":"https:\/\/www.csj-emballages.com\/es\/#\/schema\/logo\/image\/","url":"https:\/\/www.csj-emballages.com\/wp-content\/uploads\/2023\/10\/logo_csj.webp","contentUrl":"https:\/\/www.csj-emballages.com\/wp-content\/uploads\/2023\/10\/logo_csj.webp","width":250,"height":95,"caption":"CSJ Emballages"},"image":{"@id":"https:\/\/www.csj-emballages.com\/es\/#\/schema\/logo\/image\/"},"sameAs":["https:\/\/www.facebook.com\/csjemballages"],"address":{"@type":"PostalAddress","streetAddress":"ZI La Lechere","addressLocality":"Patornay","postalCode":"39130","addressCountry":"FR"},"contactPoint":[{"@type":"ContactPoint","contactType":"Service client","telephone":"0384254272","email":"contact@csj-emballages.com"}]}]}},"df_price":1.1,"df_sale_price":1.1,"df_regular_price":1.22,"df_image_link":"https:\/\/www.csj-emballages.com\/wp-content\/uploads\/2024\/03\/Caisse-carton-galia-A13-300x300.webp","tiered_pricing_type":"fixed","tiered_pricing_fixed_rules":[],"tiered_pricing_percentage_rules":[],"tiered_pricing_minimum":1,"tiered_pricing_roles_data":[],"_links":{"self":[{"href":"https:\/\/www.csj-emballages.com\/es\/wp-json\/wp\/v2\/product\/20994","targetHints":{"allow":["GET"]}}],"collection":[{"href":"https:\/\/www.csj-emballages.com\/es\/wp-json\/wp\/v2\/product"}],"about":[{"href":"https:\/\/www.csj-emballages.com\/es\/wp-json\/wp\/v2\/types\/product"}],"wp:featuredmedia":[{"embeddable":true,"href":"https:\/\/www.csj-emballages.com\/es\/wp-json\/wp\/v2\/media\/263317"}],"wp:attachment":[{"href":"https:\/\/www.csj-emballages.com\/es\/wp-json\/wp\/v2\/media?parent=20994"}],"wp:term":[{"taxonomy":"product_brand","embeddable":true,"href":"https:\/\/www.csj-emballages.com\/es\/wp-json\/wp\/v2\/product_brand?post=20994"},{"taxonomy":"product_cat","embeddable":true,"href":"https:\/\/www.csj-emballages.com\/es\/wp-json\/wp\/v2\/product_cat?post=20994"},{"taxonomy":"product_tag","embeddable":true,"href":"https:\/\/www.csj-emballages.com\/es\/wp-json\/wp\/v2\/product_tag?post=20994"}],"curies":[{"name":"wp","href":"https:\/\/api.w.org\/{rel}","templated":true}]}}