{"id":20975,"date":"2024-03-01T16:54:24","date_gmt":"2024-03-01T15:54:24","guid":{"rendered":"https:\/\/u15jnbdpoq.preview.infomaniak.website\/produit\/180-toallas-de-mano-de-2-capas-en-forma-de-v-25-x-21-cm\/"},"modified":"2026-04-03T02:15:58","modified_gmt":"2026-04-03T00:15:58","slug":"180-toallas-de-mano-de-2-capas-en-forma-de-v-25-x-21-cm","status":"publish","type":"product","link":"https:\/\/www.csj-emballages.com\/es\/produit\/180-toallas-de-mano-de-2-capas-en-forma-de-v-25-x-21-cm\/","title":{"rendered":"Toallas de mano entrelazadas en V de 2 capas de 21 x 21 cm por 180"},"content":{"rendered":"<h2>Toallas de mano entrelazadas<\/h2>\n<hr>\n<h3>Descubra nuestras toallas de mano entrelazadas en V de 2 capas de 21 x 21 cm por 180<\/h3>\n<p><!--more--><\/p>\n<p data-start=\"210\" data-end=\"575\">Estas <strong data-start=\"214\" data-end=\"247\">toallas de mano entrelazadas en V<\/strong> est\u00e1n pensadas para que el secado de manos sea sencillo, r\u00e1pido y, sobre todo, m\u00e1s higi\u00e9nico. Gracias a su sistema de <strong>distribuci\u00f3n hoja a hoja<\/strong>, se toma \u00fanicamente lo que se necesita, sin tocar el resto. Resultado: menos desperdicio y una mejor limpieza, tanto para los usuarios como para el espacio sanitario.  <\/p>\n<p data-start=\"577\" data-end=\"959\">Con su <strong data-start=\"587\" data-end=\"607\">doble capa<\/strong>, estas <strong>toallas de mano<\/strong> ofrecen una buena absorci\u00f3n desde la primera utilizaci\u00f3n. A menudo, una sola hoja es suficiente para secarse correctamente las manos, lo que permite limitar el consumo sin dejar de ser eficaz. Su formato <strong>21 x 21 cm<\/strong> est\u00e1 perfectamente equilibrado: ni demasiado grande, ni demasiado peque\u00f1o, justo lo necesario para un uso c\u00f3modo.  <\/p>\n<p data-start=\"961\" data-end=\"1307\">El <strong>plegado en V<\/strong> facilita el agarre y asegura una distribuci\u00f3n fluida en los dispensadores compatibles. Es una soluci\u00f3n ideal para lugares de paso frecuente como <strong>restaurantes, oficinas, colectividades, establecimientos de salud o espacios comerciales<\/strong>. Se recarga f\u00e1cilmente, se utiliza sin problemas y todo permanece bien organizado.  <\/p>\n<p data-start=\"1309\" data-end=\"1519\">Vendidas <strong data-start=\"1316\" data-end=\"1334\">en lote de 180<\/strong>, estas toallas de mano responden perfectamente a las necesidades diarias sin multiplicar las recargas. Se integran naturalmente en un enfoque pr\u00e1ctico y funcional, sin superfluos. <\/p>\n<p data-start=\"1521\" data-end=\"1690\">En resumen, estas <strong>toallas de mano entrelazadas<\/strong> son una elecci\u00f3n inteligente para combinar higiene, confort y eficacia, manteniendo al mismo tiempo una gesti\u00f3n sencilla y controlada de los consumibles.<\/p>\n<p data-start=\"1521\" data-end=\"1690\"><!--more--><\/p>\n<h4 data-start=\"1521\" data-end=\"1690\">Ventajas :<\/h4>\n<ul>\n<li data-start=\"1718\" data-end=\"1767\">Distribuci\u00f3n hoja a hoja m\u00e1s higi\u00e9nica.<\/li>\n<li data-start=\"1770\" data-end=\"1809\"><strong>2 capas<\/strong> para una mejor absorci\u00f3n.<\/li>\n<li data-start=\"1812\" data-end=\"1845\">Formato pr\u00e1ctico <strong>21<\/strong><strong> x 21 cm<\/strong>.<\/li>\n<li data-start=\"1888\" data-end=\"1911\">Limita el derroche.<\/li>\n<li data-start=\"1914\" data-end=\"1938\">Lote de <strong>180 toallas de mano<\/strong>.<\/li>\n<\/ul>\n<p>&nbsp;<\/p>\n<p><!--more--><\/p>\n<h4>Informaci\u00f3n adicional :<\/h4>\n<ul>\n<li><strong>Embalaje<\/strong>: Paquete de 180<\/li>\n<li><strong>Dimensiones<\/strong>: 21 x 21 cm<\/li>\n<li><strong>N\u00famero de capas<\/strong>: 2<\/li>\n<li><strong>Plegado<\/strong>: V<\/li>\n<li><strong>Color<\/strong>: blanco<\/li>\n<li><strong>Aspecto<\/strong>: Gofrado<\/li>\n<li><strong>Material<\/strong>: Celulosa<\/li>\n<\/ul>\n<p>&nbsp;<\/p>\n<p><!--more--><\/p>\n<p>Esta toalla de mano plegada en V tambi\u00e9n est\u00e1 disponible con un plegado en Z: <span style=\"color: #d12727;\"><a style=\"color: #d12727;\" href=\"https:\/\/www.csj-emballages.com\/produit\/150-essuie-mains-enchevetres-en-z-2-plis-20-6-x-24-cm\/?_gl=1*q72npl*_up*MQ..*_ga*MTgxMTk0MjI1NC4xNzcwMDIyOTkx*_ga_YNVJLRSSZT*czE3NzAwMjI5OTAkbzEkZzAkdDE3NzAwMjMzNzEkajQ3JGwwJGgxNDU1NTg1MzE5\">EPLZ<\/a><\/span><\/p>\n<p>&nbsp;<\/p>\n<p><!--more--><\/p>\n<p><a href=\"https:\/\/www.csj-emballages.com\/categorie-produit\/hygiene-et-entretiens\/essuyages\/essuie-mains\/essuies-mains-plies\/?_gl=1*xx8o1q*_up*MQ..*_ga*MTgxMTk0MjI1NC4xNzcwMDIyOTkx*_ga_YNVJLRSSZT*czE3NzAwMjI5OTAkbzEkZzAkdDE3NzAwMjMzNjgkajUwJGwwJGgxNDU1NTg1MzE5\">Consulte el resto de nuestra gama de toallas de mano plegadas  <\/a><\/p>\n","protected":false},"excerpt":{"rendered":"<p>Toallas de mano entrelazadas Descubra nuestras toallas de mano entrelazadas en V de 2 capas de 21 x 21 cm por 180<\/p>\n","protected":false},"featured_media":263073,"template":"","meta":{"_acf_changed":false},"product_brand":[],"product_cat":[1226,1388,1438,2565],"product_tag":[],"class_list":{"0":"post-20975","1":"product","2":"type-product","3":"status-publish","4":"has-post-thumbnail","6":"product_cat-higiene-y-mantenimiento","7":"product_cat-limpiar","8":"product_cat-toallas-de-mano","9":"product_cat-limpiaparabrisas-manuales-plegables","11":"first","12":"instock","13":"taxable","14":"shipping-taxable","15":"purchasable","16":"product-type-simple"},"acf":[],"yoast_head":"<!-- This site is optimized with the Yoast SEO Premium plugin v26.6 (Yoast SEO v26.6) - https:\/\/yoast.com\/wordpress\/plugins\/seo\/ -->\n<title>Toallas de Mano Entrelazadas en V de 2 capas de 21 x 21 cm por 180<\/title>\n<meta name=\"description\" content=\"Toallas de mano entrelazadas en V de 2 capas de 22,3 x 22,2 cm vendidas por 180. Absorbentes, higi\u00e9nicas e ideales para sanitarios profesionales.\" \/>\n<meta name=\"robots\" content=\"index, follow, max-snippet:-1, max-image-preview:large, max-video-preview:-1\" \/>\n<link rel=\"canonical\" href=\"https:\/\/www.csj-emballages.com\/es\/produit\/180-toallas-de-mano-de-2-capas-en-forma-de-v-25-x-21-cm\/\" \/>\n<meta property=\"og:locale\" content=\"es_ES\" \/>\n<meta property=\"og:type\" content=\"article\" \/>\n<meta property=\"og:title\" content=\"Toallas de mano entrelazadas en V de 2 capas de 21 x 21 cm por 180\" \/>\n<meta property=\"og:description\" content=\"Toallas de mano entrelazadas en V de 2 capas de 22,3 x 22,2 cm vendidas por 180. Absorbentes, higi\u00e9nicas e ideales para sanitarios profesionales.\" \/>\n<meta property=\"og:url\" content=\"https:\/\/www.csj-emballages.com\/es\/produit\/180-toallas-de-mano-de-2-capas-en-forma-de-v-25-x-21-cm\/\" \/>\n<meta property=\"og:site_name\" content=\"CSJ Emballages\" \/>\n<meta property=\"article:publisher\" content=\"https:\/\/www.facebook.com\/csjemballages\" \/>\n<meta property=\"article:modified_time\" content=\"2026-04-03T00:15:58+00:00\" \/>\n<meta property=\"og:image\" content=\"https:\/\/www.csj-emballages.com\/wp-content\/uploads\/2024\/03\/Essuies-mains-plies-.webp\" \/>\n\t<meta property=\"og:image:width\" content=\"800\" \/>\n\t<meta property=\"og:image:height\" content=\"800\" \/>\n\t<meta property=\"og:image:type\" content=\"image\/webp\" \/>\n<meta name=\"twitter:card\" content=\"summary_large_image\" \/>\n<meta name=\"twitter:label1\" content=\"Tiempo de lectura\" \/>\n\t<meta name=\"twitter:data1\" content=\"2 minutos\" \/>\n<script type=\"application\/ld+json\" class=\"yoast-schema-graph\">{\"@context\":\"https:\/\/schema.org\",\"@graph\":[{\"@type\":\"WebPage\",\"@id\":\"https:\/\/www.csj-emballages.com\/es\/produit\/180-toallas-de-mano-de-2-capas-en-forma-de-v-25-x-21-cm\/\",\"url\":\"https:\/\/www.csj-emballages.com\/es\/produit\/180-toallas-de-mano-de-2-capas-en-forma-de-v-25-x-21-cm\/\",\"name\":\"Toallas de Mano Entrelazadas en V de 2 capas de 21 x 21 cm por 180\",\"isPartOf\":{\"@id\":\"https:\/\/www.csj-emballages.com\/es\/#website\"},\"primaryImageOfPage\":{\"@id\":\"https:\/\/www.csj-emballages.com\/es\/produit\/180-toallas-de-mano-de-2-capas-en-forma-de-v-25-x-21-cm\/#primaryimage\"},\"image\":{\"@id\":\"https:\/\/www.csj-emballages.com\/es\/produit\/180-toallas-de-mano-de-2-capas-en-forma-de-v-25-x-21-cm\/#primaryimage\"},\"thumbnailUrl\":\"https:\/\/www.csj-emballages.com\/wp-content\/uploads\/2024\/03\/Essuies-mains-plies-.webp\",\"datePublished\":\"2024-03-01T15:54:24+00:00\",\"dateModified\":\"2026-04-03T00:15:58+00:00\",\"description\":\"Toallas de mano entrelazadas en V de 2 capas de 22,3 x 22,2 cm vendidas por 180. Absorbentes, higi\u00e9nicas e ideales para sanitarios profesionales.\",\"breadcrumb\":{\"@id\":\"https:\/\/www.csj-emballages.com\/es\/produit\/180-toallas-de-mano-de-2-capas-en-forma-de-v-25-x-21-cm\/#breadcrumb\"},\"inLanguage\":\"es\",\"potentialAction\":[{\"@type\":\"ReadAction\",\"target\":[\"https:\/\/www.csj-emballages.com\/es\/produit\/180-toallas-de-mano-de-2-capas-en-forma-de-v-25-x-21-cm\/\"]}]},{\"@type\":\"ImageObject\",\"inLanguage\":\"es\",\"@id\":\"https:\/\/www.csj-emballages.com\/es\/produit\/180-toallas-de-mano-de-2-capas-en-forma-de-v-25-x-21-cm\/#primaryimage\",\"url\":\"https:\/\/www.csj-emballages.com\/wp-content\/uploads\/2024\/03\/Essuies-mains-plies-.webp\",\"contentUrl\":\"https:\/\/www.csj-emballages.com\/wp-content\/uploads\/2024\/03\/Essuies-mains-plies-.webp\",\"width\":800,\"height\":800,\"caption\":\"Essuie-mains\"},{\"@type\":\"BreadcrumbList\",\"@id\":\"https:\/\/www.csj-emballages.com\/es\/produit\/180-toallas-de-mano-de-2-capas-en-forma-de-v-25-x-21-cm\/#breadcrumb\",\"itemListElement\":[{\"@type\":\"ListItem\",\"position\":1,\"name\":\"Accueil\",\"item\":\"https:\/\/www.csj-emballages.com\/es\/universo-del-envasado-alimentario\/\"},{\"@type\":\"ListItem\",\"position\":2,\"name\":\"Tienda\",\"item\":\"https:\/\/www.csj-emballages.com\/tienda\/\"},{\"@type\":\"ListItem\",\"position\":3,\"name\":\"Toallas de mano entrelazadas en V de 2 capas de 21 x 21 cm por 180\"}]},{\"@type\":\"WebSite\",\"@id\":\"https:\/\/www.csj-emballages.com\/es\/#website\",\"url\":\"https:\/\/www.csj-emballages.com\/es\/\",\"name\":\"CSJ Emballages\",\"description\":\"\",\"publisher\":{\"@id\":\"https:\/\/www.csj-emballages.com\/es\/#organization\"},\"potentialAction\":[{\"@type\":\"SearchAction\",\"target\":{\"@type\":\"EntryPoint\",\"urlTemplate\":\"https:\/\/www.csj-emballages.com\/es\/?s={search_term_string}\"},\"query-input\":{\"@type\":\"PropertyValueSpecification\",\"valueRequired\":true,\"valueName\":\"search_term_string\"}}],\"inLanguage\":\"es\"},{\"@type\":\"Organization\",\"@id\":\"https:\/\/www.csj-emballages.com\/es\/#Organization\/\",\"name\":\"CSJ Emballages\",\"url\":\"https:\/\/www.csj-emballages.com\/es\/\",\"logo\":{\"@type\":\"ImageObject\",\"inLanguage\":\"es\",\"@id\":\"https:\/\/www.csj-emballages.com\/es\/#\/schema\/logo\/image\/\",\"url\":\"https:\/\/www.csj-emballages.com\/wp-content\/uploads\/2023\/10\/logo_csj.webp\",\"contentUrl\":\"https:\/\/www.csj-emballages.com\/wp-content\/uploads\/2023\/10\/logo_csj.webp\",\"width\":250,\"height\":95,\"caption\":\"CSJ Emballages\"},\"image\":{\"@id\":\"https:\/\/www.csj-emballages.com\/es\/#\/schema\/logo\/image\/\"},\"sameAs\":[\"https:\/\/www.facebook.com\/csjemballages\"],\"address\":{\"@type\":\"PostalAddress\",\"streetAddress\":\"ZI La Lechere\",\"addressLocality\":\"Patornay\",\"postalCode\":\"39130\",\"addressCountry\":\"FR\"},\"contactPoint\":[{\"@type\":\"ContactPoint\",\"contactType\":\"Service client\",\"telephone\":\"0384254272\",\"email\":\"contact@csj-emballages.com\"}]}]}<\/script>\n<!-- \/ Yoast SEO Premium plugin. -->","yoast_head_json":{"title":"Toallas de Mano Entrelazadas en V de 2 capas de 21 x 21 cm por 180","description":"Toallas de mano entrelazadas en V de 2 capas de 22,3 x 22,2 cm vendidas por 180. Absorbentes, higi\u00e9nicas e ideales para sanitarios profesionales.","robots":{"index":"index","follow":"follow","max-snippet":"max-snippet:-1","max-image-preview":"max-image-preview:large","max-video-preview":"max-video-preview:-1"},"canonical":"https:\/\/www.csj-emballages.com\/es\/produit\/180-toallas-de-mano-de-2-capas-en-forma-de-v-25-x-21-cm\/","og_locale":"es_ES","og_type":"article","og_title":"Toallas de mano entrelazadas en V de 2 capas de 21 x 21 cm por 180","og_description":"Toallas de mano entrelazadas en V de 2 capas de 22,3 x 22,2 cm vendidas por 180. Absorbentes, higi\u00e9nicas e ideales para sanitarios profesionales.","og_url":"https:\/\/www.csj-emballages.com\/es\/produit\/180-toallas-de-mano-de-2-capas-en-forma-de-v-25-x-21-cm\/","og_site_name":"CSJ Emballages","article_publisher":"https:\/\/www.facebook.com\/csjemballages","article_modified_time":"2026-04-03T00:15:58+00:00","og_image":[{"width":800,"height":800,"url":"https:\/\/www.csj-emballages.com\/wp-content\/uploads\/2024\/03\/Essuies-mains-plies-.webp","type":"image\/webp"}],"twitter_card":"summary_large_image","twitter_misc":{"Tiempo de lectura":"2 minutos"},"schema":{"@context":"https:\/\/schema.org","@graph":[{"@type":"WebPage","@id":"https:\/\/www.csj-emballages.com\/es\/produit\/180-toallas-de-mano-de-2-capas-en-forma-de-v-25-x-21-cm\/","url":"https:\/\/www.csj-emballages.com\/es\/produit\/180-toallas-de-mano-de-2-capas-en-forma-de-v-25-x-21-cm\/","name":"Toallas de Mano Entrelazadas en V de 2 capas de 21 x 21 cm por 180","isPartOf":{"@id":"https:\/\/www.csj-emballages.com\/es\/#website"},"primaryImageOfPage":{"@id":"https:\/\/www.csj-emballages.com\/es\/produit\/180-toallas-de-mano-de-2-capas-en-forma-de-v-25-x-21-cm\/#primaryimage"},"image":{"@id":"https:\/\/www.csj-emballages.com\/es\/produit\/180-toallas-de-mano-de-2-capas-en-forma-de-v-25-x-21-cm\/#primaryimage"},"thumbnailUrl":"https:\/\/www.csj-emballages.com\/wp-content\/uploads\/2024\/03\/Essuies-mains-plies-.webp","datePublished":"2024-03-01T15:54:24+00:00","dateModified":"2026-04-03T00:15:58+00:00","description":"Toallas de mano entrelazadas en V de 2 capas de 22,3 x 22,2 cm vendidas por 180. Absorbentes, higi\u00e9nicas e ideales para sanitarios profesionales.","breadcrumb":{"@id":"https:\/\/www.csj-emballages.com\/es\/produit\/180-toallas-de-mano-de-2-capas-en-forma-de-v-25-x-21-cm\/#breadcrumb"},"inLanguage":"es","potentialAction":[{"@type":"ReadAction","target":["https:\/\/www.csj-emballages.com\/es\/produit\/180-toallas-de-mano-de-2-capas-en-forma-de-v-25-x-21-cm\/"]}]},{"@type":"ImageObject","inLanguage":"es","@id":"https:\/\/www.csj-emballages.com\/es\/produit\/180-toallas-de-mano-de-2-capas-en-forma-de-v-25-x-21-cm\/#primaryimage","url":"https:\/\/www.csj-emballages.com\/wp-content\/uploads\/2024\/03\/Essuies-mains-plies-.webp","contentUrl":"https:\/\/www.csj-emballages.com\/wp-content\/uploads\/2024\/03\/Essuies-mains-plies-.webp","width":800,"height":800,"caption":"Essuie-mains"},{"@type":"BreadcrumbList","@id":"https:\/\/www.csj-emballages.com\/es\/produit\/180-toallas-de-mano-de-2-capas-en-forma-de-v-25-x-21-cm\/#breadcrumb","itemListElement":[{"@type":"ListItem","position":1,"name":"Accueil","item":"https:\/\/www.csj-emballages.com\/es\/universo-del-envasado-alimentario\/"},{"@type":"ListItem","position":2,"name":"Tienda","item":"https:\/\/www.csj-emballages.com\/tienda\/"},{"@type":"ListItem","position":3,"name":"Toallas de mano entrelazadas en V de 2 capas de 21 x 21 cm por 180"}]},{"@type":"WebSite","@id":"https:\/\/www.csj-emballages.com\/es\/#website","url":"https:\/\/www.csj-emballages.com\/es\/","name":"CSJ Emballages","description":"","publisher":{"@id":"https:\/\/www.csj-emballages.com\/es\/#organization"},"potentialAction":[{"@type":"SearchAction","target":{"@type":"EntryPoint","urlTemplate":"https:\/\/www.csj-emballages.com\/es\/?s={search_term_string}"},"query-input":{"@type":"PropertyValueSpecification","valueRequired":true,"valueName":"search_term_string"}}],"inLanguage":"es"},{"@type":"Organization","@id":"https:\/\/www.csj-emballages.com\/es\/#Organization\/","name":"CSJ Emballages","url":"https:\/\/www.csj-emballages.com\/es\/","logo":{"@type":"ImageObject","inLanguage":"es","@id":"https:\/\/www.csj-emballages.com\/es\/#\/schema\/logo\/image\/","url":"https:\/\/www.csj-emballages.com\/wp-content\/uploads\/2023\/10\/logo_csj.webp","contentUrl":"https:\/\/www.csj-emballages.com\/wp-content\/uploads\/2023\/10\/logo_csj.webp","width":250,"height":95,"caption":"CSJ Emballages"},"image":{"@id":"https:\/\/www.csj-emballages.com\/es\/#\/schema\/logo\/image\/"},"sameAs":["https:\/\/www.facebook.com\/csjemballages"],"address":{"@type":"PostalAddress","streetAddress":"ZI La Lechere","addressLocality":"Patornay","postalCode":"39130","addressCountry":"FR"},"contactPoint":[{"@type":"ContactPoint","contactType":"Service client","telephone":"0384254272","email":"contact@csj-emballages.com"}]}]}},"df_price":1.62,"df_sale_price":"","df_regular_price":1.62,"df_image_link":"https:\/\/www.csj-emballages.com\/wp-content\/uploads\/2024\/03\/Essuies-mains-plies--300x300.webp","tiered_pricing_type":"fixed","tiered_pricing_fixed_rules":[],"tiered_pricing_percentage_rules":[],"tiered_pricing_minimum":1,"tiered_pricing_roles_data":[],"_links":{"self":[{"href":"https:\/\/www.csj-emballages.com\/es\/wp-json\/wp\/v2\/product\/20975","targetHints":{"allow":["GET"]}}],"collection":[{"href":"https:\/\/www.csj-emballages.com\/es\/wp-json\/wp\/v2\/product"}],"about":[{"href":"https:\/\/www.csj-emballages.com\/es\/wp-json\/wp\/v2\/types\/product"}],"wp:featuredmedia":[{"embeddable":true,"href":"https:\/\/www.csj-emballages.com\/es\/wp-json\/wp\/v2\/media\/263073"}],"wp:attachment":[{"href":"https:\/\/www.csj-emballages.com\/es\/wp-json\/wp\/v2\/media?parent=20975"}],"wp:term":[{"taxonomy":"product_brand","embeddable":true,"href":"https:\/\/www.csj-emballages.com\/es\/wp-json\/wp\/v2\/product_brand?post=20975"},{"taxonomy":"product_cat","embeddable":true,"href":"https:\/\/www.csj-emballages.com\/es\/wp-json\/wp\/v2\/product_cat?post=20975"},{"taxonomy":"product_tag","embeddable":true,"href":"https:\/\/www.csj-emballages.com\/es\/wp-json\/wp\/v2\/product_tag?post=20975"}],"curies":[{"name":"wp","href":"https:\/\/api.w.org\/{rel}","templated":true}]}}