{"id":20945,"date":"2024-03-01T16:54:23","date_gmt":"2024-03-01T15:54:23","guid":{"rendered":"https:\/\/u15jnbdpoq.preview.infomaniak.website\/produit\/150-toallas-de-mano-de-2-capas-en-z-206-x-24-cm\/"},"modified":"2026-04-30T15:00:49","modified_gmt":"2026-04-30T13:00:49","slug":"150-toallas-de-mano-de-2-capas-en-z-206-x-24-cm","status":"publish","type":"product","link":"https:\/\/www.csj-emballages.com\/es\/produit\/150-toallas-de-mano-de-2-capas-en-z-206-x-24-cm\/","title":{"rendered":"Toalla de mano entrelazada en Z de 2 capas de 20 x 24 cm por 150"},"content":{"rendered":"<h2>Toallas de mano entrelazadas<\/h2>\n<hr>\n<h3>Descubra nuestra toalla de mano entrelazada en Z de 2 capas de 20 x 24 cm por 150<\/h3>\n<p><!--more--><\/p>\n<p data-start=\"217\" data-end=\"575\">Las <strong data-start=\"221\" data-end=\"254\">toallas de mano entrelazadas en Z<\/strong> est\u00e1n pensadas para simplificar la higiene diaria, sin derroche ni complicaci\u00f3n. Gracias a su <strong>plegado en Z<\/strong>, las hojas se distribuyen una por una, lo que limita el contacto innecesario y mejora la higiene, sobre todo en los espacios compartidos. Se tira de una hoja y la siguiente ya est\u00e1 lista: sencillo, r\u00e1pido y eficaz.  <\/p>\n<p data-start=\"577\" data-end=\"954\">Del mismo modo, con su <strong data-start=\"587\" data-end=\"607\">doble grosor<\/strong>, estas <strong>toallas de mano<\/strong> ofrecen una buena resistencia a la vez que siguen siendo agradables al tacto. Absorben eficazmente la humedad, lo que permite secarse las manos correctamente sin necesidad de utilizar varias. Su formato <strong>20 x 24 cm<\/strong> es ideal: lo suficientemente grande como para ser c\u00f3modo, pero perfectamente adaptado a los dispensadores est\u00e1ndar.  <\/p>\n<p data-start=\"956\" data-end=\"1326\">En efecto, este modelo se adapta perfectamente a <strong>sanitarios profesionales, restaurantes, oficinas, colectividades, centros de salud o lugares que acogen al p\u00fablico<\/strong>. Aporta una soluci\u00f3n limpia y pr\u00e1ctica, a la vez que da una imagen cuidada de los espacios sanitarios. Adem\u00e1s, el sistema entrelazado ayuda a controlar mejor el consumo, lo que siempre es una ventaja en el d\u00eda a d\u00eda.  <\/p>\n<p data-start=\"1328\" data-end=\"1601\">Vendidas <strong data-start=\"1335\" data-end=\"1353\">por lote de 150<\/strong>, estas <strong>toallas de mano<\/strong> permiten gestionar f\u00e1cilmente la reposici\u00f3n sin sobrecargar las reservas. Se integran naturalmente en una rutina de higiene eficaz, tanto para las peque\u00f1as estructuras como para los entornos de mucha afluencia. <\/p>\n<p data-start=\"1603\" data-end=\"1785\">En resumen, estas <strong>toallas de mano en Z<\/strong> combinan confort, absorci\u00f3n y practicidad. Hacen el trabajo discretamente, a la vez que mejoran la experiencia del usuario y la gesti\u00f3n de la higiene. <\/p>\n<p data-start=\"1603\" data-end=\"1785\">\n<p data-start=\"1521\" data-end=\"1690\"><!--more--><\/p>\n<h4 data-start=\"1521\" data-end=\"1690\">Ventajas :<\/h4>\n<ul>\n<li data-start=\"1813\" data-end=\"1867\"><strong>Plegado en Z<\/strong> para una distribuci\u00f3n hoja a hoja.<\/li>\n<li data-start=\"1870\" data-end=\"1919\"><strong>2 capas<\/strong> para m\u00e1s resistencia y absorci\u00f3n.<\/li>\n<li data-start=\"1922\" data-end=\"1956\">Formato c\u00f3modo <strong>20 x 24 cm<\/strong>.<\/li>\n<li data-start=\"1959\" data-end=\"1997\">Adaptadas a los dispensadores est\u00e1ndar.<\/li>\n<li data-start=\"2000\" data-end=\"2039\">Utilizaci\u00f3n higi\u00e9nica y econ\u00f3mica.<\/li>\n<li data-start=\"2042\" data-end=\"2071\">Lote pr\u00e1ctico de <strong>150 hojas<\/strong>.<\/li>\n<\/ul>\n<p>&nbsp;<\/p>\n<p><!--more--><\/p>\n<h4>Informaci\u00f3n adicional :<\/h4>\n<ul>\n<li><strong>Envase<\/strong>: Paquete de 150<\/li>\n<li><strong>Dimensiones<\/strong>: 20 x 24 cm<\/li>\n<li><strong>N\u00famero de capas<\/strong>: 2<\/li>\n<li><strong>Plegado<\/strong>: Z<\/li>\n<li><strong>Color<\/strong>: blanco<\/li>\n<li><strong>Aspecto<\/strong>: Gofrado<\/li>\n<li><strong>Material<\/strong>: Celulosa<\/li>\n<\/ul>\n<p>&nbsp;<\/p>\n<p><!--more--><\/p>\n<p>Esta toalla de mano plegada en Z tambi\u00e9n est\u00e1 disponible con un plegado en V: <span style=\"color: #d12727;\"><a style=\"color: #d12727;\" href=\"https:\/\/www.csj-emballages.com\/produit\/180-essuie-mains-enchevetres-en-v-2-plis-25-x-21-cm\/?_gl=1*1iijh4q*_up*MQ..*_ga*MTgxMTk0MjI1NC4xNzcwMDIyOTkx*_ga_YNVJLRSSZT*czE3NzAwMjI5OTAkbzEkZzAkdDE3NzAwMjMzNzEkajQ3JGwwJGgxNDU1NTg1MzE5\">EPLV<\/a><\/span><\/p>\n<p>&nbsp;<\/p>\n<p><!--more--><\/p>\n<p><a href=\"https:\/\/www.csj-emballages.com\/categorie-produit\/hygiene-et-entretiens\/essuyages\/essuie-mains\/essuies-mains-plies\/?_gl=1*xx8o1q*_up*MQ..*_ga*MTgxMTk0MjI1NC4xNzcwMDIyOTkx*_ga_YNVJLRSSZT*czE3NzAwMjI5OTAkbzEkZzAkdDE3NzAwMjMzNjgkajUwJGwwJGgxNDU1NTg1MzE5\">Consulte el resto de nuestra gama de toallas de mano plegadas<\/a><\/p>\n","protected":false},"excerpt":{"rendered":"<p>Toallas de mano entrelazadas Descubra nuestra toalla de mano entrelazada en Z de 2 capas de 20 x 24 cm por 150<\/p>\n","protected":false},"featured_media":263073,"template":"","meta":{"_acf_changed":false},"product_brand":[],"product_cat":[1226,1388,1438,2565],"product_tag":[],"class_list":{"0":"post-20945","1":"product","2":"type-product","3":"status-publish","4":"has-post-thumbnail","6":"product_cat-higiene-y-mantenimiento","7":"product_cat-limpiar","8":"product_cat-toallas-de-mano","9":"product_cat-limpiaparabrisas-manuales-plegables","11":"first","12":"instock","13":"taxable","14":"shipping-taxable","15":"purchasable","16":"product-type-simple"},"acf":[],"yoast_head":"<!-- This site is optimized with the Yoast SEO Premium plugin v26.6 (Yoast SEO v26.6) - https:\/\/yoast.com\/wordpress\/plugins\/seo\/ -->\n<title>Toalla de Mano Entrelazada en Z de 2 capas de 20 x 24 cm por 150<\/title>\n<meta name=\"description\" content=\"Toallas de mano entrelazadas en Z de 2 capas de 20,6 x 24 cm por 150. Distribuci\u00f3n higi\u00e9nica, buena absorci\u00f3n y formato adaptado a los sanitarios profesionales.\" \/>\n<meta name=\"robots\" content=\"index, follow, max-snippet:-1, max-image-preview:large, max-video-preview:-1\" \/>\n<link rel=\"canonical\" href=\"https:\/\/www.csj-emballages.com\/es\/produit\/150-toallas-de-mano-de-2-capas-en-z-206-x-24-cm\/\" \/>\n<meta property=\"og:locale\" content=\"es_ES\" \/>\n<meta property=\"og:type\" content=\"article\" \/>\n<meta property=\"og:title\" content=\"Toalla de mano entrelazada en Z de 2 capas de 20 x 24 cm por 150\" \/>\n<meta property=\"og:description\" content=\"Toallas de mano entrelazadas en Z de 2 capas de 20,6 x 24 cm por 150. Distribuci\u00f3n higi\u00e9nica, buena absorci\u00f3n y formato adaptado a los sanitarios profesionales.\" \/>\n<meta property=\"og:url\" content=\"https:\/\/www.csj-emballages.com\/es\/produit\/150-toallas-de-mano-de-2-capas-en-z-206-x-24-cm\/\" \/>\n<meta property=\"og:site_name\" content=\"CSJ Emballages\" \/>\n<meta property=\"article:publisher\" content=\"https:\/\/www.facebook.com\/csjemballages\" \/>\n<meta property=\"article:modified_time\" content=\"2026-04-30T13:00:49+00:00\" \/>\n<meta property=\"og:image\" content=\"https:\/\/www.csj-emballages.com\/wp-content\/uploads\/2024\/03\/Essuies-mains-plies-.webp\" \/>\n\t<meta property=\"og:image:width\" content=\"800\" \/>\n\t<meta property=\"og:image:height\" content=\"800\" \/>\n\t<meta property=\"og:image:type\" content=\"image\/webp\" \/>\n<meta name=\"twitter:card\" content=\"summary_large_image\" \/>\n<meta name=\"twitter:label1\" content=\"Tiempo de lectura\" \/>\n\t<meta name=\"twitter:data1\" content=\"2 minutos\" \/>\n<script type=\"application\/ld+json\" class=\"yoast-schema-graph\">{\"@context\":\"https:\/\/schema.org\",\"@graph\":[{\"@type\":\"WebPage\",\"@id\":\"https:\/\/www.csj-emballages.com\/es\/produit\/150-toallas-de-mano-de-2-capas-en-z-206-x-24-cm\/\",\"url\":\"https:\/\/www.csj-emballages.com\/es\/produit\/150-toallas-de-mano-de-2-capas-en-z-206-x-24-cm\/\",\"name\":\"Toalla de Mano Entrelazada en Z de 2 capas de 20 x 24 cm por 150\",\"isPartOf\":{\"@id\":\"https:\/\/www.csj-emballages.com\/es\/#website\"},\"primaryImageOfPage\":{\"@id\":\"https:\/\/www.csj-emballages.com\/es\/produit\/150-toallas-de-mano-de-2-capas-en-z-206-x-24-cm\/#primaryimage\"},\"image\":{\"@id\":\"https:\/\/www.csj-emballages.com\/es\/produit\/150-toallas-de-mano-de-2-capas-en-z-206-x-24-cm\/#primaryimage\"},\"thumbnailUrl\":\"https:\/\/www.csj-emballages.com\/wp-content\/uploads\/2024\/03\/Essuies-mains-plies-.webp\",\"datePublished\":\"2024-03-01T15:54:23+00:00\",\"dateModified\":\"2026-04-30T13:00:49+00:00\",\"description\":\"Toallas de mano entrelazadas en Z de 2 capas de 20,6 x 24 cm por 150. Distribuci\u00f3n higi\u00e9nica, buena absorci\u00f3n y formato adaptado a los sanitarios profesionales.\",\"breadcrumb\":{\"@id\":\"https:\/\/www.csj-emballages.com\/es\/produit\/150-toallas-de-mano-de-2-capas-en-z-206-x-24-cm\/#breadcrumb\"},\"inLanguage\":\"es\",\"potentialAction\":[{\"@type\":\"ReadAction\",\"target\":[\"https:\/\/www.csj-emballages.com\/es\/produit\/150-toallas-de-mano-de-2-capas-en-z-206-x-24-cm\/\"]}]},{\"@type\":\"ImageObject\",\"inLanguage\":\"es\",\"@id\":\"https:\/\/www.csj-emballages.com\/es\/produit\/150-toallas-de-mano-de-2-capas-en-z-206-x-24-cm\/#primaryimage\",\"url\":\"https:\/\/www.csj-emballages.com\/wp-content\/uploads\/2024\/03\/Essuies-mains-plies-.webp\",\"contentUrl\":\"https:\/\/www.csj-emballages.com\/wp-content\/uploads\/2024\/03\/Essuies-mains-plies-.webp\",\"width\":800,\"height\":800,\"caption\":\"Essuie-mains\"},{\"@type\":\"BreadcrumbList\",\"@id\":\"https:\/\/www.csj-emballages.com\/es\/produit\/150-toallas-de-mano-de-2-capas-en-z-206-x-24-cm\/#breadcrumb\",\"itemListElement\":[{\"@type\":\"ListItem\",\"position\":1,\"name\":\"Accueil\",\"item\":\"https:\/\/www.csj-emballages.com\/es\/universo-del-envasado-alimentario\/\"},{\"@type\":\"ListItem\",\"position\":2,\"name\":\"Tienda\",\"item\":\"https:\/\/www.csj-emballages.com\/tienda\/\"},{\"@type\":\"ListItem\",\"position\":3,\"name\":\"Toalla de mano entrelazada en Z de 2 capas de 20 x 24 cm por 150\"}]},{\"@type\":\"WebSite\",\"@id\":\"https:\/\/www.csj-emballages.com\/es\/#website\",\"url\":\"https:\/\/www.csj-emballages.com\/es\/\",\"name\":\"CSJ Emballages\",\"description\":\"\",\"publisher\":{\"@id\":\"https:\/\/www.csj-emballages.com\/es\/#organization\"},\"potentialAction\":[{\"@type\":\"SearchAction\",\"target\":{\"@type\":\"EntryPoint\",\"urlTemplate\":\"https:\/\/www.csj-emballages.com\/es\/?s={search_term_string}\"},\"query-input\":{\"@type\":\"PropertyValueSpecification\",\"valueRequired\":true,\"valueName\":\"search_term_string\"}}],\"inLanguage\":\"es\"},{\"@type\":\"Organization\",\"@id\":\"https:\/\/www.csj-emballages.com\/es\/#Organization\/\",\"name\":\"CSJ Emballages\",\"url\":\"https:\/\/www.csj-emballages.com\/es\/\",\"logo\":{\"@type\":\"ImageObject\",\"inLanguage\":\"es\",\"@id\":\"https:\/\/www.csj-emballages.com\/es\/#\/schema\/logo\/image\/\",\"url\":\"https:\/\/www.csj-emballages.com\/wp-content\/uploads\/2023\/10\/logo_csj.webp\",\"contentUrl\":\"https:\/\/www.csj-emballages.com\/wp-content\/uploads\/2023\/10\/logo_csj.webp\",\"width\":250,\"height\":95,\"caption\":\"CSJ Emballages\"},\"image\":{\"@id\":\"https:\/\/www.csj-emballages.com\/es\/#\/schema\/logo\/image\/\"},\"sameAs\":[\"https:\/\/www.facebook.com\/csjemballages\"],\"address\":{\"@type\":\"PostalAddress\",\"streetAddress\":\"ZI La Lechere\",\"addressLocality\":\"Patornay\",\"postalCode\":\"39130\",\"addressCountry\":\"FR\"},\"contactPoint\":[{\"@type\":\"ContactPoint\",\"contactType\":\"Service client\",\"telephone\":\"0384254272\",\"email\":\"contact@csj-emballages.com\"}]}]}<\/script>\n<!-- \/ Yoast SEO Premium plugin. -->","yoast_head_json":{"title":"Toalla de Mano Entrelazada en Z de 2 capas de 20 x 24 cm por 150","description":"Toallas de mano entrelazadas en Z de 2 capas de 20,6 x 24 cm por 150. Distribuci\u00f3n higi\u00e9nica, buena absorci\u00f3n y formato adaptado a los sanitarios profesionales.","robots":{"index":"index","follow":"follow","max-snippet":"max-snippet:-1","max-image-preview":"max-image-preview:large","max-video-preview":"max-video-preview:-1"},"canonical":"https:\/\/www.csj-emballages.com\/es\/produit\/150-toallas-de-mano-de-2-capas-en-z-206-x-24-cm\/","og_locale":"es_ES","og_type":"article","og_title":"Toalla de mano entrelazada en Z de 2 capas de 20 x 24 cm por 150","og_description":"Toallas de mano entrelazadas en Z de 2 capas de 20,6 x 24 cm por 150. Distribuci\u00f3n higi\u00e9nica, buena absorci\u00f3n y formato adaptado a los sanitarios profesionales.","og_url":"https:\/\/www.csj-emballages.com\/es\/produit\/150-toallas-de-mano-de-2-capas-en-z-206-x-24-cm\/","og_site_name":"CSJ Emballages","article_publisher":"https:\/\/www.facebook.com\/csjemballages","article_modified_time":"2026-04-30T13:00:49+00:00","og_image":[{"width":800,"height":800,"url":"https:\/\/www.csj-emballages.com\/wp-content\/uploads\/2024\/03\/Essuies-mains-plies-.webp","type":"image\/webp"}],"twitter_card":"summary_large_image","twitter_misc":{"Tiempo de lectura":"2 minutos"},"schema":{"@context":"https:\/\/schema.org","@graph":[{"@type":"WebPage","@id":"https:\/\/www.csj-emballages.com\/es\/produit\/150-toallas-de-mano-de-2-capas-en-z-206-x-24-cm\/","url":"https:\/\/www.csj-emballages.com\/es\/produit\/150-toallas-de-mano-de-2-capas-en-z-206-x-24-cm\/","name":"Toalla de Mano Entrelazada en Z de 2 capas de 20 x 24 cm por 150","isPartOf":{"@id":"https:\/\/www.csj-emballages.com\/es\/#website"},"primaryImageOfPage":{"@id":"https:\/\/www.csj-emballages.com\/es\/produit\/150-toallas-de-mano-de-2-capas-en-z-206-x-24-cm\/#primaryimage"},"image":{"@id":"https:\/\/www.csj-emballages.com\/es\/produit\/150-toallas-de-mano-de-2-capas-en-z-206-x-24-cm\/#primaryimage"},"thumbnailUrl":"https:\/\/www.csj-emballages.com\/wp-content\/uploads\/2024\/03\/Essuies-mains-plies-.webp","datePublished":"2024-03-01T15:54:23+00:00","dateModified":"2026-04-30T13:00:49+00:00","description":"Toallas de mano entrelazadas en Z de 2 capas de 20,6 x 24 cm por 150. Distribuci\u00f3n higi\u00e9nica, buena absorci\u00f3n y formato adaptado a los sanitarios profesionales.","breadcrumb":{"@id":"https:\/\/www.csj-emballages.com\/es\/produit\/150-toallas-de-mano-de-2-capas-en-z-206-x-24-cm\/#breadcrumb"},"inLanguage":"es","potentialAction":[{"@type":"ReadAction","target":["https:\/\/www.csj-emballages.com\/es\/produit\/150-toallas-de-mano-de-2-capas-en-z-206-x-24-cm\/"]}]},{"@type":"ImageObject","inLanguage":"es","@id":"https:\/\/www.csj-emballages.com\/es\/produit\/150-toallas-de-mano-de-2-capas-en-z-206-x-24-cm\/#primaryimage","url":"https:\/\/www.csj-emballages.com\/wp-content\/uploads\/2024\/03\/Essuies-mains-plies-.webp","contentUrl":"https:\/\/www.csj-emballages.com\/wp-content\/uploads\/2024\/03\/Essuies-mains-plies-.webp","width":800,"height":800,"caption":"Essuie-mains"},{"@type":"BreadcrumbList","@id":"https:\/\/www.csj-emballages.com\/es\/produit\/150-toallas-de-mano-de-2-capas-en-z-206-x-24-cm\/#breadcrumb","itemListElement":[{"@type":"ListItem","position":1,"name":"Accueil","item":"https:\/\/www.csj-emballages.com\/es\/universo-del-envasado-alimentario\/"},{"@type":"ListItem","position":2,"name":"Tienda","item":"https:\/\/www.csj-emballages.com\/tienda\/"},{"@type":"ListItem","position":3,"name":"Toalla de mano entrelazada en Z de 2 capas de 20 x 24 cm por 150"}]},{"@type":"WebSite","@id":"https:\/\/www.csj-emballages.com\/es\/#website","url":"https:\/\/www.csj-emballages.com\/es\/","name":"CSJ Emballages","description":"","publisher":{"@id":"https:\/\/www.csj-emballages.com\/es\/#organization"},"potentialAction":[{"@type":"SearchAction","target":{"@type":"EntryPoint","urlTemplate":"https:\/\/www.csj-emballages.com\/es\/?s={search_term_string}"},"query-input":{"@type":"PropertyValueSpecification","valueRequired":true,"valueName":"search_term_string"}}],"inLanguage":"es"},{"@type":"Organization","@id":"https:\/\/www.csj-emballages.com\/es\/#Organization\/","name":"CSJ Emballages","url":"https:\/\/www.csj-emballages.com\/es\/","logo":{"@type":"ImageObject","inLanguage":"es","@id":"https:\/\/www.csj-emballages.com\/es\/#\/schema\/logo\/image\/","url":"https:\/\/www.csj-emballages.com\/wp-content\/uploads\/2023\/10\/logo_csj.webp","contentUrl":"https:\/\/www.csj-emballages.com\/wp-content\/uploads\/2023\/10\/logo_csj.webp","width":250,"height":95,"caption":"CSJ Emballages"},"image":{"@id":"https:\/\/www.csj-emballages.com\/es\/#\/schema\/logo\/image\/"},"sameAs":["https:\/\/www.facebook.com\/csjemballages"],"address":{"@type":"PostalAddress","streetAddress":"ZI La Lechere","addressLocality":"Patornay","postalCode":"39130","addressCountry":"FR"},"contactPoint":[{"@type":"ContactPoint","contactType":"Service client","telephone":"0384254272","email":"contact@csj-emballages.com"}]}]}},"df_price":1.31,"df_sale_price":"","df_regular_price":1.31,"df_image_link":"https:\/\/www.csj-emballages.com\/wp-content\/uploads\/2024\/03\/Essuies-mains-plies--300x300.webp","tiered_pricing_type":"fixed","tiered_pricing_fixed_rules":[],"tiered_pricing_percentage_rules":[],"tiered_pricing_minimum":1,"tiered_pricing_roles_data":[],"_links":{"self":[{"href":"https:\/\/www.csj-emballages.com\/es\/wp-json\/wp\/v2\/product\/20945","targetHints":{"allow":["GET"]}}],"collection":[{"href":"https:\/\/www.csj-emballages.com\/es\/wp-json\/wp\/v2\/product"}],"about":[{"href":"https:\/\/www.csj-emballages.com\/es\/wp-json\/wp\/v2\/types\/product"}],"wp:featuredmedia":[{"embeddable":true,"href":"https:\/\/www.csj-emballages.com\/es\/wp-json\/wp\/v2\/media\/263073"}],"wp:attachment":[{"href":"https:\/\/www.csj-emballages.com\/es\/wp-json\/wp\/v2\/media?parent=20945"}],"wp:term":[{"taxonomy":"product_brand","embeddable":true,"href":"https:\/\/www.csj-emballages.com\/es\/wp-json\/wp\/v2\/product_brand?post=20945"},{"taxonomy":"product_cat","embeddable":true,"href":"https:\/\/www.csj-emballages.com\/es\/wp-json\/wp\/v2\/product_cat?post=20945"},{"taxonomy":"product_tag","embeddable":true,"href":"https:\/\/www.csj-emballages.com\/es\/wp-json\/wp\/v2\/product_tag?post=20945"}],"curies":[{"name":"wp","href":"https:\/\/api.w.org\/{rel}","templated":true}]}}