{"id":20942,"date":"2024-03-01T16:54:24","date_gmt":"2024-03-01T15:54:24","guid":{"rendered":"https:\/\/u15jnbdpoq.preview.infomaniak.website\/produit\/6-rollos-autocortantes-toallas-de-mano-blancas-150-m\/"},"modified":"2026-05-08T02:13:22","modified_gmt":"2026-05-08T00:13:22","slug":"6-rollos-autocortantes-toallas-de-mano-blancas-150-m","status":"publish","type":"product","link":"https:\/\/www.csj-emballages.com\/es\/produit\/6-rollos-autocortantes-toallas-de-mano-blancas-150-m\/","title":{"rendered":"Rollo de papel secamanos autocortante blanco de 24 x 19,5 cm, 150 m por 6"},"content":{"rendered":"<h2 class=\"p1\">Rollo de toallas de papel<\/h2>\n<hr>\n<h3>Descripci\u00f3n de nuestro rollo de papel secamanos autocortante blanco de 24 x 19,5 cm, 150 m por 6<\/h3>\n<p><!--more--><\/p>\n<p data-start=\"237\" data-end=\"594\">Este <strong data-start=\"240\" data-end=\"278\">rollo de papel secamanos autocortante blanco<\/strong> est\u00e1 pensado para simplificar la higiene diaria, sin comprometer la eficacia. Gracias a su formato de <strong>24 x 19,5 cm<\/strong> y su <strong data-start=\"404\" data-end=\"440\">generosa longitud de 150 metros<\/strong>, asegura una distribuci\u00f3n continua y controlada, ideal para lugares de alta frecuencia. Se tira, se corta, se usa: simple, r\u00e1pido y limpio.  <\/p>\n<p data-start=\"596\" data-end=\"942\">El sistema <strong data-start=\"607\" data-end=\"618\">autocortante<\/strong> permite distribuir la cantidad justa de papel en cada uso. Resultado: menos desperdicio, un consumo mejor controlado y una mejor organizaci\u00f3n de los espacios sanitarios. Es una soluci\u00f3n particularmente apreciada en entornos profesionales donde la higiene y la practicidad van de la mano.  <\/p>\n<p data-start=\"944\" data-end=\"1279\">Su <strong data-start=\"947\" data-end=\"966\">color blanco<\/strong> transmite una imagen cuidada y profesional, adecuada para sanitarios, cocinas profesionales, talleres, oficinas o colectividades. El <strong>papel es agradable al tacto<\/strong> a la vez que es suficientemente resistente para un secado eficaz de las manos. A menudo basta con una hoja, lo que ahorra tiempo\u2026 y papel.  <\/p>\n<p data-start=\"1281\" data-end=\"1484\">Vendido <strong data-start=\"1287\" data-end=\"1312\">por lote de 6 rollos<\/strong>, este formato es ideal para anticipar las necesidades y limitar las reposiciones. Gana en tranquilidad y eficacia, sobre todo en las zonas m\u00e1s solicitadas. <\/p>\n<p data-start=\"1486\" data-end=\"1683\">En resumen, este <strong>rollo de papel secamanos autocortante<\/strong> cumple todos los requisitos: higi\u00e9nico, pr\u00e1ctico, econ\u00f3mico y f\u00e1cil de integrar en una rutina profesional. Un indispensable discreto, pero esencial. <\/p>\n<p><!--more--><\/p>\n<h4>Ventajas :<\/h4>\n<ul>\n<li data-start=\"1711\" data-end=\"1761\"><strong>Sistema autocortante<\/strong> para una distribuci\u00f3n controlada.<\/li>\n<li data-start=\"1764\" data-end=\"1795\">Formato pr\u00e1ctico de <strong>24 x 19,5 cm<\/strong>.<\/li>\n<li data-start=\"1798\" data-end=\"1841\"><strong>Longitud de 150 m<\/strong> para una gran autonom\u00eda.<\/li>\n<li data-start=\"1844\" data-end=\"1870\">Reducci\u00f3n del desperdicio.<\/li>\n<li data-start=\"1873\" data-end=\"1906\">Aspecto limpio y profesional.<\/li>\n<li data-start=\"1909\" data-end=\"1938\">Lote econ\u00f3mico de <strong>6 rollos<\/strong>.<\/li>\n<\/ul>\n<p>&nbsp;<\/p>\n<p><!--more--><\/p>\n<h4>Informaci\u00f3n adicional :<\/h4>\n<ul>\n<li><strong>Envase<\/strong>: Paquete de 6<\/li>\n<li><strong>Color<\/strong>: blanco<\/li>\n<li><strong>N\u00famero de capas<\/strong>: 2<\/li>\n<li><strong>Perforaci\u00f3n de las<\/strong> hojas: 235 mm<\/li>\n<li><strong>Ancho del formato<\/strong>: 19.5 cm<\/li>\n<li><strong>Longitud del formato<\/strong>: 24 cm<\/li>\n<li><strong>Longitud del rollo<\/strong>: 150 m<\/li>\n<li><strong>Di\u00e1metro del rollo<\/strong>: 19 cm<\/li>\n<li><strong>Di\u00e1metro del mandril<\/strong>: 3.4 cm<\/li>\n<li><strong>Material<\/strong>: Papel de pura celulosa<\/li>\n<\/ul>\n<p>&nbsp;<\/p>\n<p><!--more--><\/p>\n<p>Encuentre aqu\u00ed el dispensador compatible con este rollo: <span style=\"color: #d12727;\"><a style=\"color: #d12727;\" href=\"https:\/\/www.csj-emballages.com\/es\/produit\/dispensador-de-toallas-de-mano-autocut-blanco\/\">DISTRIAUTOCUT<\/a><\/span><\/p>\n<p>&nbsp;<\/p>\n<p><!--more--><\/p>\n<p><a href=\"\/?product_cat=essuies-mains-rouleaux\">Consulte el resto de nuestra gama de toallas de mano en rollo<\/a><\/p>\n","protected":false},"excerpt":{"rendered":"<p>Rollo de toallas de papel Descripci\u00f3n de nuestro rollo de papel secamanos autocortante blanco de 24 x 19,5 cm, 150 m por 6<\/p>\n","protected":false},"featured_media":263157,"template":"","meta":{"_acf_changed":false},"product_brand":[],"product_cat":[1226,1388,1438,1439],"product_tag":[],"class_list":{"0":"post-20942","1":"product","2":"type-product","3":"status-publish","4":"has-post-thumbnail","6":"product_cat-higiene-y-mantenimiento","7":"product_cat-limpiar","8":"product_cat-toallas-de-mano","9":"product_cat-limpiaparabrisas-manuales-de-rodillo","11":"first","12":"instock","13":"taxable","14":"shipping-taxable","15":"purchasable","16":"product-type-simple"},"acf":[],"yoast_head":"<!-- This site is optimized with the Yoast SEO Premium plugin v26.6 (Yoast SEO v26.6) - https:\/\/yoast.com\/wordpress\/plugins\/seo\/ -->\n<title>Rollo de papel secamanos autocortante blanco de 150 m por 6<\/title>\n<meta name=\"description\" content=\"Rollo de papel secamanos autocortante blanco de 150 m por 6 \u2013 Papel absorbente y resistente, ideal para una distribuci\u00f3n higi\u00e9nica hoja a hoja.\" \/>\n<meta name=\"robots\" content=\"index, follow, max-snippet:-1, max-image-preview:large, max-video-preview:-1\" \/>\n<link rel=\"canonical\" href=\"https:\/\/www.csj-emballages.com\/es\/produit\/6-rollos-autocortantes-toallas-de-mano-blancas-150-m\/\" \/>\n<meta property=\"og:locale\" content=\"es_ES\" \/>\n<meta property=\"og:type\" content=\"article\" \/>\n<meta property=\"og:title\" content=\"Rollo de papel secamanos autocortante blanco de 24 x 19,5 cm, 150 m por 6\" \/>\n<meta property=\"og:description\" content=\"Rollo de papel secamanos autocortante blanco de 150 m por 6 \u2013 Papel absorbente y resistente, ideal para una distribuci\u00f3n higi\u00e9nica hoja a hoja.\" \/>\n<meta property=\"og:url\" content=\"https:\/\/www.csj-emballages.com\/es\/produit\/6-rollos-autocortantes-toallas-de-mano-blancas-150-m\/\" \/>\n<meta property=\"og:site_name\" content=\"CSJ Emballages\" \/>\n<meta property=\"article:publisher\" content=\"https:\/\/www.facebook.com\/csjemballages\" \/>\n<meta property=\"article:modified_time\" content=\"2026-05-08T00:13:22+00:00\" \/>\n<meta property=\"og:image\" content=\"https:\/\/www.csj-emballages.com\/wp-content\/uploads\/2024\/03\/EMAUTOCUT.webp\" \/>\n\t<meta property=\"og:image:width\" content=\"800\" \/>\n\t<meta property=\"og:image:height\" content=\"800\" \/>\n\t<meta property=\"og:image:type\" content=\"image\/webp\" \/>\n<meta name=\"twitter:card\" content=\"summary_large_image\" \/>\n<meta name=\"twitter:label1\" content=\"Tiempo de lectura\" \/>\n\t<meta name=\"twitter:data1\" content=\"2 minutos\" \/>\n<script type=\"application\/ld+json\" class=\"yoast-schema-graph\">{\"@context\":\"https:\/\/schema.org\",\"@graph\":[{\"@type\":\"WebPage\",\"@id\":\"https:\/\/www.csj-emballages.com\/es\/produit\/6-rollos-autocortantes-toallas-de-mano-blancas-150-m\/\",\"url\":\"https:\/\/www.csj-emballages.com\/es\/produit\/6-rollos-autocortantes-toallas-de-mano-blancas-150-m\/\",\"name\":\"Rollo de papel secamanos autocortante blanco de 150 m por 6\",\"isPartOf\":{\"@id\":\"https:\/\/www.csj-emballages.com\/es\/#website\"},\"primaryImageOfPage\":{\"@id\":\"https:\/\/www.csj-emballages.com\/es\/produit\/6-rollos-autocortantes-toallas-de-mano-blancas-150-m\/#primaryimage\"},\"image\":{\"@id\":\"https:\/\/www.csj-emballages.com\/es\/produit\/6-rollos-autocortantes-toallas-de-mano-blancas-150-m\/#primaryimage\"},\"thumbnailUrl\":\"https:\/\/www.csj-emballages.com\/wp-content\/uploads\/2024\/03\/EMAUTOCUT.webp\",\"datePublished\":\"2024-03-01T15:54:24+00:00\",\"dateModified\":\"2026-05-08T00:13:22+00:00\",\"description\":\"Rollo de papel secamanos autocortante blanco de 150 m por 6 \u2013 Papel absorbente y resistente, ideal para una distribuci\u00f3n higi\u00e9nica hoja a hoja.\",\"breadcrumb\":{\"@id\":\"https:\/\/www.csj-emballages.com\/es\/produit\/6-rollos-autocortantes-toallas-de-mano-blancas-150-m\/#breadcrumb\"},\"inLanguage\":\"es\",\"potentialAction\":[{\"@type\":\"ReadAction\",\"target\":[\"https:\/\/www.csj-emballages.com\/es\/produit\/6-rollos-autocortantes-toallas-de-mano-blancas-150-m\/\"]}]},{\"@type\":\"ImageObject\",\"inLanguage\":\"es\",\"@id\":\"https:\/\/www.csj-emballages.com\/es\/produit\/6-rollos-autocortantes-toallas-de-mano-blancas-150-m\/#primaryimage\",\"url\":\"https:\/\/www.csj-emballages.com\/wp-content\/uploads\/2024\/03\/EMAUTOCUT.webp\",\"contentUrl\":\"https:\/\/www.csj-emballages.com\/wp-content\/uploads\/2024\/03\/EMAUTOCUT.webp\",\"width\":800,\"height\":800,\"caption\":\"Rouleau essuie-mains\"},{\"@type\":\"BreadcrumbList\",\"@id\":\"https:\/\/www.csj-emballages.com\/es\/produit\/6-rollos-autocortantes-toallas-de-mano-blancas-150-m\/#breadcrumb\",\"itemListElement\":[{\"@type\":\"ListItem\",\"position\":1,\"name\":\"Accueil\",\"item\":\"https:\/\/www.csj-emballages.com\/es\/universo-del-envasado-alimentario\/\"},{\"@type\":\"ListItem\",\"position\":2,\"name\":\"Tienda\",\"item\":\"https:\/\/www.csj-emballages.com\/tienda\/\"},{\"@type\":\"ListItem\",\"position\":3,\"name\":\"Rollo de papel secamanos autocortante blanco de 24 x 19,5 cm, 150 m por 6\"}]},{\"@type\":\"WebSite\",\"@id\":\"https:\/\/www.csj-emballages.com\/es\/#website\",\"url\":\"https:\/\/www.csj-emballages.com\/es\/\",\"name\":\"CSJ Emballages\",\"description\":\"\",\"publisher\":{\"@id\":\"https:\/\/www.csj-emballages.com\/es\/#organization\"},\"potentialAction\":[{\"@type\":\"SearchAction\",\"target\":{\"@type\":\"EntryPoint\",\"urlTemplate\":\"https:\/\/www.csj-emballages.com\/es\/?s={search_term_string}\"},\"query-input\":{\"@type\":\"PropertyValueSpecification\",\"valueRequired\":true,\"valueName\":\"search_term_string\"}}],\"inLanguage\":\"es\"},{\"@type\":\"Organization\",\"@id\":\"https:\/\/www.csj-emballages.com\/es\/#Organization\/\",\"name\":\"CSJ Emballages\",\"url\":\"https:\/\/www.csj-emballages.com\/es\/\",\"logo\":{\"@type\":\"ImageObject\",\"inLanguage\":\"es\",\"@id\":\"https:\/\/www.csj-emballages.com\/es\/#\/schema\/logo\/image\/\",\"url\":\"https:\/\/www.csj-emballages.com\/wp-content\/uploads\/2023\/10\/logo_csj.webp\",\"contentUrl\":\"https:\/\/www.csj-emballages.com\/wp-content\/uploads\/2023\/10\/logo_csj.webp\",\"width\":250,\"height\":95,\"caption\":\"CSJ Emballages\"},\"image\":{\"@id\":\"https:\/\/www.csj-emballages.com\/es\/#\/schema\/logo\/image\/\"},\"sameAs\":[\"https:\/\/www.facebook.com\/csjemballages\"],\"address\":{\"@type\":\"PostalAddress\",\"streetAddress\":\"ZI La Lechere\",\"addressLocality\":\"Patornay\",\"postalCode\":\"39130\",\"addressCountry\":\"FR\"},\"contactPoint\":[{\"@type\":\"ContactPoint\",\"contactType\":\"Service client\",\"telephone\":\"0384254272\",\"email\":\"contact@csj-emballages.com\"}]}]}<\/script>\n<!-- \/ Yoast SEO Premium plugin. -->","yoast_head_json":{"title":"Rollo de papel secamanos autocortante blanco de 150 m por 6","description":"Rollo de papel secamanos autocortante blanco de 150 m por 6 \u2013 Papel absorbente y resistente, ideal para una distribuci\u00f3n higi\u00e9nica hoja a hoja.","robots":{"index":"index","follow":"follow","max-snippet":"max-snippet:-1","max-image-preview":"max-image-preview:large","max-video-preview":"max-video-preview:-1"},"canonical":"https:\/\/www.csj-emballages.com\/es\/produit\/6-rollos-autocortantes-toallas-de-mano-blancas-150-m\/","og_locale":"es_ES","og_type":"article","og_title":"Rollo de papel secamanos autocortante blanco de 24 x 19,5 cm, 150 m por 6","og_description":"Rollo de papel secamanos autocortante blanco de 150 m por 6 \u2013 Papel absorbente y resistente, ideal para una distribuci\u00f3n higi\u00e9nica hoja a hoja.","og_url":"https:\/\/www.csj-emballages.com\/es\/produit\/6-rollos-autocortantes-toallas-de-mano-blancas-150-m\/","og_site_name":"CSJ Emballages","article_publisher":"https:\/\/www.facebook.com\/csjemballages","article_modified_time":"2026-05-08T00:13:22+00:00","og_image":[{"width":800,"height":800,"url":"https:\/\/www.csj-emballages.com\/wp-content\/uploads\/2024\/03\/EMAUTOCUT.webp","type":"image\/webp"}],"twitter_card":"summary_large_image","twitter_misc":{"Tiempo de lectura":"2 minutos"},"schema":{"@context":"https:\/\/schema.org","@graph":[{"@type":"WebPage","@id":"https:\/\/www.csj-emballages.com\/es\/produit\/6-rollos-autocortantes-toallas-de-mano-blancas-150-m\/","url":"https:\/\/www.csj-emballages.com\/es\/produit\/6-rollos-autocortantes-toallas-de-mano-blancas-150-m\/","name":"Rollo de papel secamanos autocortante blanco de 150 m por 6","isPartOf":{"@id":"https:\/\/www.csj-emballages.com\/es\/#website"},"primaryImageOfPage":{"@id":"https:\/\/www.csj-emballages.com\/es\/produit\/6-rollos-autocortantes-toallas-de-mano-blancas-150-m\/#primaryimage"},"image":{"@id":"https:\/\/www.csj-emballages.com\/es\/produit\/6-rollos-autocortantes-toallas-de-mano-blancas-150-m\/#primaryimage"},"thumbnailUrl":"https:\/\/www.csj-emballages.com\/wp-content\/uploads\/2024\/03\/EMAUTOCUT.webp","datePublished":"2024-03-01T15:54:24+00:00","dateModified":"2026-05-08T00:13:22+00:00","description":"Rollo de papel secamanos autocortante blanco de 150 m por 6 \u2013 Papel absorbente y resistente, ideal para una distribuci\u00f3n higi\u00e9nica hoja a hoja.","breadcrumb":{"@id":"https:\/\/www.csj-emballages.com\/es\/produit\/6-rollos-autocortantes-toallas-de-mano-blancas-150-m\/#breadcrumb"},"inLanguage":"es","potentialAction":[{"@type":"ReadAction","target":["https:\/\/www.csj-emballages.com\/es\/produit\/6-rollos-autocortantes-toallas-de-mano-blancas-150-m\/"]}]},{"@type":"ImageObject","inLanguage":"es","@id":"https:\/\/www.csj-emballages.com\/es\/produit\/6-rollos-autocortantes-toallas-de-mano-blancas-150-m\/#primaryimage","url":"https:\/\/www.csj-emballages.com\/wp-content\/uploads\/2024\/03\/EMAUTOCUT.webp","contentUrl":"https:\/\/www.csj-emballages.com\/wp-content\/uploads\/2024\/03\/EMAUTOCUT.webp","width":800,"height":800,"caption":"Rouleau essuie-mains"},{"@type":"BreadcrumbList","@id":"https:\/\/www.csj-emballages.com\/es\/produit\/6-rollos-autocortantes-toallas-de-mano-blancas-150-m\/#breadcrumb","itemListElement":[{"@type":"ListItem","position":1,"name":"Accueil","item":"https:\/\/www.csj-emballages.com\/es\/universo-del-envasado-alimentario\/"},{"@type":"ListItem","position":2,"name":"Tienda","item":"https:\/\/www.csj-emballages.com\/tienda\/"},{"@type":"ListItem","position":3,"name":"Rollo de papel secamanos autocortante blanco de 24 x 19,5 cm, 150 m por 6"}]},{"@type":"WebSite","@id":"https:\/\/www.csj-emballages.com\/es\/#website","url":"https:\/\/www.csj-emballages.com\/es\/","name":"CSJ Emballages","description":"","publisher":{"@id":"https:\/\/www.csj-emballages.com\/es\/#organization"},"potentialAction":[{"@type":"SearchAction","target":{"@type":"EntryPoint","urlTemplate":"https:\/\/www.csj-emballages.com\/es\/?s={search_term_string}"},"query-input":{"@type":"PropertyValueSpecification","valueRequired":true,"valueName":"search_term_string"}}],"inLanguage":"es"},{"@type":"Organization","@id":"https:\/\/www.csj-emballages.com\/es\/#Organization\/","name":"CSJ Emballages","url":"https:\/\/www.csj-emballages.com\/es\/","logo":{"@type":"ImageObject","inLanguage":"es","@id":"https:\/\/www.csj-emballages.com\/es\/#\/schema\/logo\/image\/","url":"https:\/\/www.csj-emballages.com\/wp-content\/uploads\/2023\/10\/logo_csj.webp","contentUrl":"https:\/\/www.csj-emballages.com\/wp-content\/uploads\/2023\/10\/logo_csj.webp","width":250,"height":95,"caption":"CSJ Emballages"},"image":{"@id":"https:\/\/www.csj-emballages.com\/es\/#\/schema\/logo\/image\/"},"sameAs":["https:\/\/www.facebook.com\/csjemballages"],"address":{"@type":"PostalAddress","streetAddress":"ZI La Lechere","addressLocality":"Patornay","postalCode":"39130","addressCountry":"FR"},"contactPoint":[{"@type":"ContactPoint","contactType":"Service client","telephone":"0384254272","email":"contact@csj-emballages.com"}]}]}},"df_price":27.2,"df_sale_price":"","df_regular_price":27.2,"df_image_link":"https:\/\/www.csj-emballages.com\/wp-content\/uploads\/2024\/03\/EMAUTOCUT-300x300.webp","tiered_pricing_type":"fixed","tiered_pricing_fixed_rules":[],"tiered_pricing_percentage_rules":[],"tiered_pricing_minimum":1,"tiered_pricing_roles_data":[],"_links":{"self":[{"href":"https:\/\/www.csj-emballages.com\/es\/wp-json\/wp\/v2\/product\/20942","targetHints":{"allow":["GET"]}}],"collection":[{"href":"https:\/\/www.csj-emballages.com\/es\/wp-json\/wp\/v2\/product"}],"about":[{"href":"https:\/\/www.csj-emballages.com\/es\/wp-json\/wp\/v2\/types\/product"}],"wp:featuredmedia":[{"embeddable":true,"href":"https:\/\/www.csj-emballages.com\/es\/wp-json\/wp\/v2\/media\/263157"}],"wp:attachment":[{"href":"https:\/\/www.csj-emballages.com\/es\/wp-json\/wp\/v2\/media?parent=20942"}],"wp:term":[{"taxonomy":"product_brand","embeddable":true,"href":"https:\/\/www.csj-emballages.com\/es\/wp-json\/wp\/v2\/product_brand?post=20942"},{"taxonomy":"product_cat","embeddable":true,"href":"https:\/\/www.csj-emballages.com\/es\/wp-json\/wp\/v2\/product_cat?post=20942"},{"taxonomy":"product_tag","embeddable":true,"href":"https:\/\/www.csj-emballages.com\/es\/wp-json\/wp\/v2\/product_tag?post=20942"}],"curies":[{"name":"wp","href":"https:\/\/api.w.org\/{rel}","templated":true}]}}