{"id":20931,"date":"2024-03-01T16:54:24","date_gmt":"2024-03-01T15:54:24","guid":{"rendered":"https:\/\/u15jnbdpoq.preview.infomaniak.website\/produit\/rollo-de-film-burbuja-150-m-ancho-050-m\/"},"modified":"2026-05-01T02:12:28","modified_gmt":"2026-05-01T00:12:28","slug":"rollo-de-film-burbuja-150-m-ancho-050-m","status":"publish","type":"product","link":"https:\/\/www.csj-emballages.com\/es\/produit\/rollo-de-film-burbuja-150-m-ancho-050-m\/","title":{"rendered":"Rollo de film de burbujas de 100 m de longitud y 0,50 m de ancho"},"content":{"rendered":"<h2>Pel\u00edcula de burbujas<\/h2>\n<hr>\n<h3>Descubra nuestro rollo de film de burbujas de 100 m de longitud y 0,50 m de ancho<\/h3>\n<p><!--more--><\/p>\n<p data-start=\"190\" data-end=\"548\">Cuando se trata de proteger productos, se busca sobre todo una soluci\u00f3n sencilla, eficaz y r\u00e1pida de usar. Este <strong data-start=\"306\" data-end=\"346\">rollo de film de burbujas de 100 metros<\/strong>, con un <strong data-start=\"357\" data-end=\"376\">ancho de 0,50 m<\/strong>, responde exactamente a esta necesidad. Se adapta f\u00e1cilmente a todas las situaciones, ya sea para el env\u00edo, el almacenamiento o la protecci\u00f3n de objetos fr\u00e1giles en el d\u00eda a d\u00eda.  <\/p>\n<p data-start=\"550\" data-end=\"1040\">Gracias a su <strong>anchura pr\u00e1ctica<\/strong>, puede embalar sus art\u00edculos sin multiplicar las capas innecesarias. Vasos, vajilla, objetos decorativos, material electr\u00f3nico o productos sensibles: el <strong>film se adapta a las formas y amortigua<\/strong> <strong>los golpes<\/strong> durante el transporte. De este modo, limita el riesgo de rotura a la vez que trabaja m\u00e1s r\u00e1pido. Adem\u00e1s, su longitud generosa le permite encadenar los embalajes sin interrupci\u00f3n, lo que resulta especialmente \u00fatil en periodos de gran actividad.   <\/p>\n<p data-start=\"1042\" data-end=\"1345\">Por otra parte, este <strong>film de burbujas<\/strong> se desenrolla f\u00e1cilmente y se corta sin esfuerzo. De este modo, ahorra tiempo, a la vez que conserva una protecci\u00f3n fiable y homog\u00e9nea. Su formato compacto sigue siendo f\u00e1cil de almacenar, incluso en espacios reducidos, lo que lo hace tan pr\u00e1ctico en el almac\u00e9n como en la reserva o en el taller.  <\/p>\n<p data-start=\"1347\" data-end=\"1588\">Tanto si es un profesional de la log\u00edstica, un comerciante, un vendedor en l\u00ednea o un particular, este rollo se integra de forma natural en su organizaci\u00f3n. Ofrece un buen equilibrio entre flexibilidad, resistencia y comodidad de uso. <\/p>\n<p data-start=\"1590\" data-end=\"1790\">En resumen, este <strong>film de burbujas<\/strong> no es un simple consumible: es un aliado diario para asegurar sus env\u00edos, trabajar con m\u00e1s tranquilidad y garantizar la llegada de sus productos en perfecto estado.<\/p>\n<p data-start=\"1590\" data-end=\"1790\">\n<p data-start=\"1590\" data-end=\"1790\"><!--more--><\/p>\n<h4 data-start=\"1590\" data-end=\"1790\">Ventajas :<\/h4>\n<ul>\n<li data-start=\"134\" data-end=\"193\">Excelente protecci\u00f3n contra golpes y vibraciones.<\/li>\n<li data-start=\"196\" data-end=\"256\">Anchura pr\u00e1ctica para embalar r\u00e1pidamente sin desperdiciar.<\/li>\n<li data-start=\"259\" data-end=\"314\"><strong>Longitud de 100 metros<\/strong> ideal para un uso regular.<\/li>\n<li data-start=\"317\" data-end=\"371\">Film flexible que se adapta f\u00e1cilmente a todas las formas.<\/li>\n<li data-start=\"374\" data-end=\"411\">Desenrollado fluido y corte sencillo.<\/li>\n<li data-start=\"414\" data-end=\"463\">Ahorro de tiempo durante la preparaci\u00f3n de los paquetes.<\/li>\n<\/ul>\n<p>&nbsp;<\/p>\n<p><!--more--><\/p>\n<h4>Informaci\u00f3n adicional :<\/h4>\n<ul>\n<li><strong>Embalaje<\/strong>: Por unidad<\/li>\n<li><strong>Longitud<\/strong>: 100 m<\/li>\n<li><strong>Ancho<\/strong>: 0,50 m<\/li>\n<\/ul>\n<p>&nbsp;<\/p>\n<p><!--more--><\/p>\n<p><a href=\"https:\/\/www.csj-emballages.com\/es\/universo-de-los-envases-industriales\/\">Consulte el resto de nuestra gama de embalajes industriales<\/a><\/p>\n","protected":false},"excerpt":{"rendered":"<p>Pel\u00edcula de burbujas Descubra nuestro rollo de film de burbujas de 100 m de longitud y 0,50 m de ancho<\/p>\n","protected":false},"featured_media":261336,"template":"","meta":{"_acf_changed":false},"product_brand":[],"product_cat":[1150,2682,2688],"product_tag":[],"class_list":{"0":"post-20931","1":"product","2":"type-product","3":"status-publish","4":"has-post-thumbnail","6":"product_cat-envasado-de-alimentos","7":"product_cat-carton","8":"product_cat-pelicula-de-burbujas","9":"product_shipping_class-no-permitido-en-reles","11":"first","12":"instock","13":"taxable","14":"shipping-taxable","15":"purchasable","16":"product-type-simple"},"acf":[],"yoast_head":"<!-- This site is optimized with the Yoast SEO Premium plugin v26.6 (Yoast SEO v26.6) - https:\/\/yoast.com\/wordpress\/plugins\/seo\/ -->\n<title>Film de burbujas en rollo de 100 m de longitud y 0,50 m de ancho<\/title>\n<meta name=\"description\" content=\"Film de burbujas de 100 m \u2013 ancho de 0,50 m: protecci\u00f3n eficaz para sus objetos fr\u00e1giles. Ideal para el embalaje, el almacenamiento y el env\u00edo diarios.\" \/>\n<meta name=\"robots\" content=\"index, follow, max-snippet:-1, max-image-preview:large, max-video-preview:-1\" \/>\n<link rel=\"canonical\" href=\"https:\/\/www.csj-emballages.com\/es\/produit\/rollo-de-film-burbuja-150-m-ancho-050-m\/\" \/>\n<meta property=\"og:locale\" content=\"es_ES\" \/>\n<meta property=\"og:type\" content=\"article\" \/>\n<meta property=\"og:title\" content=\"Rollo de film de burbujas de 100 m de longitud y 0,50 m de ancho\" \/>\n<meta property=\"og:description\" content=\"Film de burbujas de 100 m \u2013 ancho de 0,50 m: protecci\u00f3n eficaz para sus objetos fr\u00e1giles. Ideal para el embalaje, el almacenamiento y el env\u00edo diarios.\" \/>\n<meta property=\"og:url\" content=\"https:\/\/www.csj-emballages.com\/es\/produit\/rollo-de-film-burbuja-150-m-ancho-050-m\/\" \/>\n<meta property=\"og:site_name\" content=\"CSJ Emballages\" \/>\n<meta property=\"article:publisher\" content=\"https:\/\/www.facebook.com\/csjemballages\" \/>\n<meta property=\"article:modified_time\" content=\"2026-05-01T00:12:28+00:00\" \/>\n<meta property=\"og:image\" content=\"https:\/\/www.csj-emballages.com\/wp-content\/uploads\/2024\/03\/Film-bulles.webp\" \/>\n\t<meta property=\"og:image:width\" content=\"800\" \/>\n\t<meta property=\"og:image:height\" content=\"800\" \/>\n\t<meta property=\"og:image:type\" content=\"image\/webp\" \/>\n<meta name=\"twitter:card\" content=\"summary_large_image\" \/>\n<meta name=\"twitter:label1\" content=\"Tiempo de lectura\" \/>\n\t<meta name=\"twitter:data1\" content=\"2 minutos\" \/>\n<script type=\"application\/ld+json\" class=\"yoast-schema-graph\">{\"@context\":\"https:\/\/schema.org\",\"@graph\":[{\"@type\":\"WebPage\",\"@id\":\"https:\/\/www.csj-emballages.com\/es\/produit\/rollo-de-film-burbuja-150-m-ancho-050-m\/\",\"url\":\"https:\/\/www.csj-emballages.com\/es\/produit\/rollo-de-film-burbuja-150-m-ancho-050-m\/\",\"name\":\"Film de burbujas en rollo de 100 m de longitud y 0,50 m de ancho\",\"isPartOf\":{\"@id\":\"https:\/\/www.csj-emballages.com\/es\/#website\"},\"primaryImageOfPage\":{\"@id\":\"https:\/\/www.csj-emballages.com\/es\/produit\/rollo-de-film-burbuja-150-m-ancho-050-m\/#primaryimage\"},\"image\":{\"@id\":\"https:\/\/www.csj-emballages.com\/es\/produit\/rollo-de-film-burbuja-150-m-ancho-050-m\/#primaryimage\"},\"thumbnailUrl\":\"https:\/\/www.csj-emballages.com\/wp-content\/uploads\/2024\/03\/Film-bulles.webp\",\"datePublished\":\"2024-03-01T15:54:24+00:00\",\"dateModified\":\"2026-05-01T00:12:28+00:00\",\"description\":\"Film de burbujas de 100 m \u2013 ancho de 0,50 m: protecci\u00f3n eficaz para sus objetos fr\u00e1giles. Ideal para el embalaje, el almacenamiento y el env\u00edo diarios.\",\"breadcrumb\":{\"@id\":\"https:\/\/www.csj-emballages.com\/es\/produit\/rollo-de-film-burbuja-150-m-ancho-050-m\/#breadcrumb\"},\"inLanguage\":\"es\",\"potentialAction\":[{\"@type\":\"ReadAction\",\"target\":[\"https:\/\/www.csj-emballages.com\/es\/produit\/rollo-de-film-burbuja-150-m-ancho-050-m\/\"]}]},{\"@type\":\"ImageObject\",\"inLanguage\":\"es\",\"@id\":\"https:\/\/www.csj-emballages.com\/es\/produit\/rollo-de-film-burbuja-150-m-ancho-050-m\/#primaryimage\",\"url\":\"https:\/\/www.csj-emballages.com\/wp-content\/uploads\/2024\/03\/Film-bulles.webp\",\"contentUrl\":\"https:\/\/www.csj-emballages.com\/wp-content\/uploads\/2024\/03\/Film-bulles.webp\",\"width\":800,\"height\":800,\"caption\":\"Rouleau de film bulles\"},{\"@type\":\"BreadcrumbList\",\"@id\":\"https:\/\/www.csj-emballages.com\/es\/produit\/rollo-de-film-burbuja-150-m-ancho-050-m\/#breadcrumb\",\"itemListElement\":[{\"@type\":\"ListItem\",\"position\":1,\"name\":\"Accueil\",\"item\":\"https:\/\/www.csj-emballages.com\/es\/universo-del-envasado-alimentario\/\"},{\"@type\":\"ListItem\",\"position\":2,\"name\":\"Tienda\",\"item\":\"https:\/\/www.csj-emballages.com\/tienda\/\"},{\"@type\":\"ListItem\",\"position\":3,\"name\":\"Rollo de film de burbujas de 100 m de longitud y 0,50 m de ancho\"}]},{\"@type\":\"WebSite\",\"@id\":\"https:\/\/www.csj-emballages.com\/es\/#website\",\"url\":\"https:\/\/www.csj-emballages.com\/es\/\",\"name\":\"CSJ Emballages\",\"description\":\"\",\"publisher\":{\"@id\":\"https:\/\/www.csj-emballages.com\/es\/#organization\"},\"potentialAction\":[{\"@type\":\"SearchAction\",\"target\":{\"@type\":\"EntryPoint\",\"urlTemplate\":\"https:\/\/www.csj-emballages.com\/es\/?s={search_term_string}\"},\"query-input\":{\"@type\":\"PropertyValueSpecification\",\"valueRequired\":true,\"valueName\":\"search_term_string\"}}],\"inLanguage\":\"es\"},{\"@type\":\"Organization\",\"@id\":\"https:\/\/www.csj-emballages.com\/es\/#Organization\/\",\"name\":\"CSJ Emballages\",\"url\":\"https:\/\/www.csj-emballages.com\/es\/\",\"logo\":{\"@type\":\"ImageObject\",\"inLanguage\":\"es\",\"@id\":\"https:\/\/www.csj-emballages.com\/es\/#\/schema\/logo\/image\/\",\"url\":\"https:\/\/www.csj-emballages.com\/wp-content\/uploads\/2023\/10\/logo_csj.webp\",\"contentUrl\":\"https:\/\/www.csj-emballages.com\/wp-content\/uploads\/2023\/10\/logo_csj.webp\",\"width\":250,\"height\":95,\"caption\":\"CSJ Emballages\"},\"image\":{\"@id\":\"https:\/\/www.csj-emballages.com\/es\/#\/schema\/logo\/image\/\"},\"sameAs\":[\"https:\/\/www.facebook.com\/csjemballages\"],\"address\":{\"@type\":\"PostalAddress\",\"streetAddress\":\"ZI La Lechere\",\"addressLocality\":\"Patornay\",\"postalCode\":\"39130\",\"addressCountry\":\"FR\"},\"contactPoint\":[{\"@type\":\"ContactPoint\",\"contactType\":\"Service client\",\"telephone\":\"0384254272\",\"email\":\"contact@csj-emballages.com\"}]}]}<\/script>\n<!-- \/ Yoast SEO Premium plugin. -->","yoast_head_json":{"title":"Film de burbujas en rollo de 100 m de longitud y 0,50 m de ancho","description":"Film de burbujas de 100 m \u2013 ancho de 0,50 m: protecci\u00f3n eficaz para sus objetos fr\u00e1giles. Ideal para el embalaje, el almacenamiento y el env\u00edo diarios.","robots":{"index":"index","follow":"follow","max-snippet":"max-snippet:-1","max-image-preview":"max-image-preview:large","max-video-preview":"max-video-preview:-1"},"canonical":"https:\/\/www.csj-emballages.com\/es\/produit\/rollo-de-film-burbuja-150-m-ancho-050-m\/","og_locale":"es_ES","og_type":"article","og_title":"Rollo de film de burbujas de 100 m de longitud y 0,50 m de ancho","og_description":"Film de burbujas de 100 m \u2013 ancho de 0,50 m: protecci\u00f3n eficaz para sus objetos fr\u00e1giles. Ideal para el embalaje, el almacenamiento y el env\u00edo diarios.","og_url":"https:\/\/www.csj-emballages.com\/es\/produit\/rollo-de-film-burbuja-150-m-ancho-050-m\/","og_site_name":"CSJ Emballages","article_publisher":"https:\/\/www.facebook.com\/csjemballages","article_modified_time":"2026-05-01T00:12:28+00:00","og_image":[{"width":800,"height":800,"url":"https:\/\/www.csj-emballages.com\/wp-content\/uploads\/2024\/03\/Film-bulles.webp","type":"image\/webp"}],"twitter_card":"summary_large_image","twitter_misc":{"Tiempo de lectura":"2 minutos"},"schema":{"@context":"https:\/\/schema.org","@graph":[{"@type":"WebPage","@id":"https:\/\/www.csj-emballages.com\/es\/produit\/rollo-de-film-burbuja-150-m-ancho-050-m\/","url":"https:\/\/www.csj-emballages.com\/es\/produit\/rollo-de-film-burbuja-150-m-ancho-050-m\/","name":"Film de burbujas en rollo de 100 m de longitud y 0,50 m de ancho","isPartOf":{"@id":"https:\/\/www.csj-emballages.com\/es\/#website"},"primaryImageOfPage":{"@id":"https:\/\/www.csj-emballages.com\/es\/produit\/rollo-de-film-burbuja-150-m-ancho-050-m\/#primaryimage"},"image":{"@id":"https:\/\/www.csj-emballages.com\/es\/produit\/rollo-de-film-burbuja-150-m-ancho-050-m\/#primaryimage"},"thumbnailUrl":"https:\/\/www.csj-emballages.com\/wp-content\/uploads\/2024\/03\/Film-bulles.webp","datePublished":"2024-03-01T15:54:24+00:00","dateModified":"2026-05-01T00:12:28+00:00","description":"Film de burbujas de 100 m \u2013 ancho de 0,50 m: protecci\u00f3n eficaz para sus objetos fr\u00e1giles. Ideal para el embalaje, el almacenamiento y el env\u00edo diarios.","breadcrumb":{"@id":"https:\/\/www.csj-emballages.com\/es\/produit\/rollo-de-film-burbuja-150-m-ancho-050-m\/#breadcrumb"},"inLanguage":"es","potentialAction":[{"@type":"ReadAction","target":["https:\/\/www.csj-emballages.com\/es\/produit\/rollo-de-film-burbuja-150-m-ancho-050-m\/"]}]},{"@type":"ImageObject","inLanguage":"es","@id":"https:\/\/www.csj-emballages.com\/es\/produit\/rollo-de-film-burbuja-150-m-ancho-050-m\/#primaryimage","url":"https:\/\/www.csj-emballages.com\/wp-content\/uploads\/2024\/03\/Film-bulles.webp","contentUrl":"https:\/\/www.csj-emballages.com\/wp-content\/uploads\/2024\/03\/Film-bulles.webp","width":800,"height":800,"caption":"Rouleau de film bulles"},{"@type":"BreadcrumbList","@id":"https:\/\/www.csj-emballages.com\/es\/produit\/rollo-de-film-burbuja-150-m-ancho-050-m\/#breadcrumb","itemListElement":[{"@type":"ListItem","position":1,"name":"Accueil","item":"https:\/\/www.csj-emballages.com\/es\/universo-del-envasado-alimentario\/"},{"@type":"ListItem","position":2,"name":"Tienda","item":"https:\/\/www.csj-emballages.com\/tienda\/"},{"@type":"ListItem","position":3,"name":"Rollo de film de burbujas de 100 m de longitud y 0,50 m de ancho"}]},{"@type":"WebSite","@id":"https:\/\/www.csj-emballages.com\/es\/#website","url":"https:\/\/www.csj-emballages.com\/es\/","name":"CSJ Emballages","description":"","publisher":{"@id":"https:\/\/www.csj-emballages.com\/es\/#organization"},"potentialAction":[{"@type":"SearchAction","target":{"@type":"EntryPoint","urlTemplate":"https:\/\/www.csj-emballages.com\/es\/?s={search_term_string}"},"query-input":{"@type":"PropertyValueSpecification","valueRequired":true,"valueName":"search_term_string"}}],"inLanguage":"es"},{"@type":"Organization","@id":"https:\/\/www.csj-emballages.com\/es\/#Organization\/","name":"CSJ Emballages","url":"https:\/\/www.csj-emballages.com\/es\/","logo":{"@type":"ImageObject","inLanguage":"es","@id":"https:\/\/www.csj-emballages.com\/es\/#\/schema\/logo\/image\/","url":"https:\/\/www.csj-emballages.com\/wp-content\/uploads\/2023\/10\/logo_csj.webp","contentUrl":"https:\/\/www.csj-emballages.com\/wp-content\/uploads\/2023\/10\/logo_csj.webp","width":250,"height":95,"caption":"CSJ Emballages"},"image":{"@id":"https:\/\/www.csj-emballages.com\/es\/#\/schema\/logo\/image\/"},"sameAs":["https:\/\/www.facebook.com\/csjemballages"],"address":{"@type":"PostalAddress","streetAddress":"ZI La Lechere","addressLocality":"Patornay","postalCode":"39130","addressCountry":"FR"},"contactPoint":[{"@type":"ContactPoint","contactType":"Service client","telephone":"0384254272","email":"contact@csj-emballages.com"}]}]}},"df_price":37.78,"df_sale_price":"","df_regular_price":37.78,"df_image_link":"https:\/\/www.csj-emballages.com\/wp-content\/uploads\/2024\/03\/Film-bulles-300x300.webp","tiered_pricing_type":"fixed","tiered_pricing_fixed_rules":[],"tiered_pricing_percentage_rules":[],"tiered_pricing_minimum":1,"tiered_pricing_roles_data":[],"_links":{"self":[{"href":"https:\/\/www.csj-emballages.com\/es\/wp-json\/wp\/v2\/product\/20931","targetHints":{"allow":["GET"]}}],"collection":[{"href":"https:\/\/www.csj-emballages.com\/es\/wp-json\/wp\/v2\/product"}],"about":[{"href":"https:\/\/www.csj-emballages.com\/es\/wp-json\/wp\/v2\/types\/product"}],"wp:featuredmedia":[{"embeddable":true,"href":"https:\/\/www.csj-emballages.com\/es\/wp-json\/wp\/v2\/media\/261336"}],"wp:attachment":[{"href":"https:\/\/www.csj-emballages.com\/es\/wp-json\/wp\/v2\/media?parent=20931"}],"wp:term":[{"taxonomy":"product_brand","embeddable":true,"href":"https:\/\/www.csj-emballages.com\/es\/wp-json\/wp\/v2\/product_brand?post=20931"},{"taxonomy":"product_cat","embeddable":true,"href":"https:\/\/www.csj-emballages.com\/es\/wp-json\/wp\/v2\/product_cat?post=20931"},{"taxonomy":"product_tag","embeddable":true,"href":"https:\/\/www.csj-emballages.com\/es\/wp-json\/wp\/v2\/product_tag?post=20931"}],"curies":[{"name":"wp","href":"https:\/\/api.w.org\/{rel}","templated":true}]}}